{"id":2771,"date":"2016-07-18T16:06:03","date_gmt":"2016-07-18T16:06:03","guid":{"rendered":"https:\/\/neos-music.com\/?post_type=product&#038;p=2771"},"modified":"2023-05-22T23:23:16","modified_gmt":"2023-05-22T23:23:16","slug":"marcus-antonius-wesselmann-ensemble-works-ii","status":"publish","type":"product","link":"https:\/\/neos-music.com\/en_us\/product\/marcus-antonius-wesselmann-ensemble-works-ii\/","title":{"rendered":"Marcus Antonius Wesselmann: ensemble works II"},"content":{"rendered":"<p>Programm:<\/p>\n<table border=\"0\" width=\"100%\" rules=\"none\" cellspacing=\"0\" cellpadding=\"0\">\n<tbody>\n<tr>\n<td class=\"bigcontent2\">\n<div id=\"tracks\">\n<p>[01]\u00a0<b>DEZETT &#8211; chaos concert &#8211;<\/b>\u00a0(2007)<\/p>\n<p><b>UNDEZETT &#8211; opernfragment &#8211;<\/b>\u00a0(2000\/2004)<\/p>\n<p>[02]\u00a0<b>SCENE I<\/b><br \/>\n[03]\u00a0<b>SCENE II<\/b><br \/>\n[04]\u00a0<b>SCENE III<\/b><\/p>\n<p><b><\/b><b><br \/>\n<\/b>[05]\u00a0<b>DUODEZETT &#8211; phases de deux &#8211;<\/b>\u00a0(2002\/2004)<\/p>\n<p>[06]\u00a0<b>THE FIGHT WILL GO ON<\/b>\u00a0(2013)<br \/>\n&#8211; \u201cto you beloved comrade\u201d &#8211;<\/p>\n<p>&nbsp;<\/p>\n<p><b><a class=\"arcoma_glossarylink\" href=\"https:\/\/neos-music.com\/output.php?content=Kuenstler\/Ensemble_Modern.php&amp;treplace=english%2Cgerman\" target=\"_self\" rel=\"noopener\">Ensemble Modern<\/a><br \/>\n<a class=\"arcoma_glossarylink\" href=\"https:\/\/neos-music.com\/output.php?content=Kuenstler\/Ollu_Franck.php&amp;treplace=english%2Cgerman\" target=\"_self\" rel=\"noopener\">Franck Ollu<\/a><\/b>, conductor<\/p>\n<p>&nbsp;<\/p>\n<p><b><i>DEZETT<\/i><\/b><br \/>\nsolo piano: Ueli Wiget<\/p>\n<p>soprano saxophone: Sascha Armbruster<br \/>\nalto saxophone: Nina Jan\u00dfen<br \/>\ntenor saxophone: Lutz Koppetsch<br \/>\nbaritone saxophone: Matthias Stich<br \/>\ntrumpet I: Sava Stoianov<br \/>\ntrumpet II: Valent\u00edn Garvie<br \/>\ntrombone: Uwe Dierksen<br \/>\nelectric guitar: Mats Bergstr\u00f6m<br \/>\nelectric bass: Christopher Brandt<\/p>\n<p><b><i>UNDEZETT<\/i><\/b><br \/>\nalto saxophone: Nina Jan\u00dfen<br \/>\ntenor saxophone: Lutz Koppetsch<br \/>\nbaritone saxophone: Matthias Stich<br \/>\ntrumpet I: Sava Stoianov<br \/>\ntrumpet II: William Forman<br \/>\ntrombone: Uwe Dierksen<br \/>\ndrum set: Rumi Ogawa<br \/>\nelectric guitar: Mats Bergstr\u00f6m<br \/>\nelectric bass: Christopher Brandt<br \/>\npiano: Ueli Wiget<br \/>\nelectric organ: J\u00fcrgen Kruse<\/p>\n<p><b><i>DUODEZETT<\/i><\/b><br \/>\nsolo violin: Rafa\u0142 Zambrzycki-Payne<br \/>\nsolo cello: Michael M. Kasper<\/p>\n<p>soprano saxophone: Lutz Koppetsch<br \/>\nalto saxophone: Nina Jan\u00dfen<br \/>\nbaritone saxophone: Matthias Stich<br \/>\ntrumpet I: Sava Stoianov<br \/>\ntrumpet II: William Forman<br \/>\ntrombone I: Uwe Dierksen<br \/>\ntrombone II: Michael B\u00fcttler<br \/>\npiano: J\u00fcrgen Kruse<br \/>\nelectric guitar: Mats Bergstr\u00f6m<br \/>\nelectric bass: Christopher Brandt<\/p>\n<p><b><i>THE FIGHT WILL GO ON<\/i><\/b><br \/>\nflute\/piccolo: Dietmar Wiesner<br \/>\noboe: Christian Hommel<br \/>\nclarinet: Ib Hausmann<br \/>\nbaritone saxophone: Steffen Schorn<br \/>\ncontraforte: Johannes Schwarz<br \/>\ntrumpet I: Sava Stoianov<br \/>\ntrumpet II: Valent\u00edn Garvie<br \/>\nhorn: Esa Tapani<br \/>\nbass trombone\/trombone: Michael B\u00fcttler<br \/>\npercussion I: David Haller<br \/>\npercussion II: Slavik Stakhov<br \/>\npiano I: Hermann Kretzschmar<br \/>\npiano II: Ueli Wiget<br \/>\nviolin I: Giorgos Panagiotidis<br \/>\nviolin II: Jagdish Mistry<br \/>\nviola: Filip Saffray<br \/>\ncello I: Michael M. Kasper<br \/>\ncello II: Wolfgang Zamastil<br \/>\ndouble-bass: Paul Cannon<\/p>\n<\/div>\n<\/td>\n<td><\/td>\n<\/tr>\n<\/tbody>\n<\/table>\n<p>Pressestimmen:<\/p>\n<p><img data-recalc-dims=\"1\" decoding=\"async\" src=\"https:\/\/i0.wp.com\/neos-music.com\/wp-content\/uploads\/2023\/05\/logo_gramophone.gif?ssl=1\" alt=\"\" \/><\/p>\n<p>02\/2017<\/p>\n<p>&#8222;Marcus Antonius Wesselmann conceals his provocation behind the abstraction of his titles.\u00a0<i>Dezett<\/i>\u00a0(2007) is a &#8218;chaos concert&#8216; with piano confronting the hard-hitting minimalism of Andriessen. (&#8230;)\u00a0<i>The Fight Will Go On<\/i>\u00a0(2013) is a &#8218;chamber concerto&#8216; whose 19 soloists elaborate\u00a0a Spanish Civil War anthem as combatively as are these performances from Ensemble Modern with Franck Ollu. (Richard Whitehouse)<\/p>\n<p>&nbsp;<\/p>\n<p><img data-recalc-dims=\"1\" decoding=\"async\" src=\"https:\/\/i0.wp.com\/neos-music.com\/wp-content\/uploads\/2023\/05\/logo_FonoForum.gif?ssl=1\" alt=\"\" \/><\/p>\n<p>12\/2016<\/p>\n<p>&#8220; &#8218;Chaos Concert&#8216; ist das Ensemble-St\u00fcck &#8218;DEZETT&#8216; (2007) untertitelt, und in der Tat ist die Musik des K\u00f6lner Komponisten Marcus Antonius Wesselmann von unb\u00e4ndiger Energie und scheinbar wild wuchernden Klangkonstellationen gepr\u00e4gt. [&#8230;] &#8230; vom Klangbild her wie eine Big Band mit Sand im Getriebe, und auch Frank Zappa guckt gelegentlich mal um die Ecke.&#8220; (Dirk Wieschollek)<\/p>\n","protected":false},"excerpt":{"rendered":"<p>Programm: [01]\u00a0DEZETT &#8211; chaos concert &#8211;\u00a0(2007) UNDEZETT &#8211; opernfragment &#8211;\u00a0(2000\/2004) [02]\u00a0SCENE I [03]\u00a0SCENE II [04]\u00a0SCENE III [05]\u00a0DUODEZETT &#8211; phases de deux &#8211;\u00a0(2002\/2004) [06]\u00a0THE FIGHT WILL GO ON\u00a0(2013) &#8211; \u201cto you beloved comrade\u201d &#8211; &nbsp; Ensemble Modern Franck Ollu, conductor &nbsp; DEZETT solo piano: Ueli Wiget soprano saxophone: Sascha Armbruster alto saxophone: Nina Jan\u00dfen tenor saxophone: [&hellip;]<\/p>\n","protected":false},"featured_media":2772,"template":"","meta":{"site-sidebar-layout":"default","site-content-layout":"default","ast-site-content-layout":"default","site-content-style":"default","site-sidebar-style":"default","ast-global-header-display":"","ast-banner-title-visibility":"","ast-main-header-display":"","ast-hfb-above-header-display":"","ast-hfb-below-header-display":"","ast-hfb-mobile-header-display":"","site-post-title":"","ast-breadcrumbs-content":"","ast-featured-img":"","footer-sml-layout":"","theme-transparent-header-meta":"default","adv-header-id-meta":"","stick-header-meta":"","header-above-stick-meta":"","header-main-stick-meta":"","header-below-stick-meta":"","astra-migrate-meta-layouts":"default","ast-page-background-enabled":"default","ast-page-background-meta":{"desktop":{"background-color":"","background-image":"","background-repeat":"repeat","background-position":"center center","background-size":"auto","background-attachment":"scroll","background-type":"","background-media":"","overlay-type":"","overlay-color":"","overlay-opacity":"","overlay-gradient":""},"tablet":{"background-color":"","background-image":"","background-repeat":"repeat","background-position":"center center","background-size":"auto","background-attachment":"scroll","background-type":"","background-media":"","overlay-type":"","overlay-color":"","overlay-opacity":"","overlay-gradient":""},"mobile":{"background-color":"","background-image":"","background-repeat":"repeat","background-position":"center center","background-size":"auto","background-attachment":"scroll","background-type":"","background-media":"","overlay-type":"","overlay-color":"","overlay-opacity":"","overlay-gradient":""}},"ast-content-background-meta":{"desktop":{"background-color":"var(--ast-global-color-5)","background-image":"","background-repeat":"repeat","background-position":"center center","background-size":"auto","background-attachment":"scroll","background-type":"","background-media":"","overlay-type":"","overlay-color":"","overlay-opacity":"","overlay-gradient":""},"tablet":{"background-color":"var(--ast-global-color-5)","background-image":"","background-repeat":"repeat","background-position":"center center","background-size":"auto","background-attachment":"scroll","background-type":"","background-media":"","overlay-type":"","overlay-color":"","overlay-opacity":"","overlay-gradient":""},"mobile":{"background-color":"var(--ast-global-color-5)","background-image":"","background-repeat":"repeat","background-position":"center center","background-size":"auto","background-attachment":"scroll","background-type":"","background-media":"","overlay-type":"","overlay-color":"","overlay-opacity":"","overlay-gradient":""}}},"product_brand":[],"product_cat":[26],"product_tag":[],"class_list":{"0":"post-2771","1":"product","2":"type-product","3":"status-publish","4":"has-post-thumbnail","6":"product_cat-zeitgenossische-musik","7":"pa_artikelnummer-neos-11609","8":"pa_brand-neos-music","9":"pa_ean-330","10":"desktop-align-left","11":"tablet-align-left","12":"mobile-align-left","14":"first","15":"instock","16":"taxable","17":"shipping-taxable","18":"purchasable","19":"product-type-simple"},"yoast_head":"<!-- This site is optimized with the Yoast SEO plugin v27.4 - https:\/\/yoast.com\/product\/yoast-seo-wordpress\/ -->\n<title>Marcus Antonius Wesselmann: ensemble works II - NEOS Music<\/title>\n<meta name=\"robots\" content=\"index, follow, max-snippet:-1, max-image-preview:large, max-video-preview:-1\" \/>\n<link rel=\"canonical\" href=\"https:\/\/neos-music.com\/en_us\/product\/marcus-antonius-wesselmann-ensemble-works-ii\/\" \/>\n<meta property=\"og:locale\" content=\"en_US\" \/>\n<meta property=\"og:type\" content=\"article\" \/>\n<meta property=\"og:title\" content=\"Marcus Antonius Wesselmann: ensemble works II - NEOS Music\" \/>\n<meta property=\"og:description\" content=\"Programm: [01]\u00a0DEZETT &#8211; chaos concert &#8211;\u00a0(2007) UNDEZETT &#8211; opernfragment &#8211;\u00a0(2000\/2004) [02]\u00a0SCENE I [03]\u00a0SCENE II [04]\u00a0SCENE III [05]\u00a0DUODEZETT &#8211; phases de deux &#8211;\u00a0(2002\/2004) [06]\u00a0THE FIGHT WILL GO ON\u00a0(2013) &#8211; \u201cto you beloved comrade\u201d &#8211; &nbsp; Ensemble Modern Franck Ollu, conductor &nbsp; DEZETT solo piano: Ueli Wiget soprano saxophone: Sascha Armbruster alto saxophone: Nina Jan\u00dfen tenor saxophone: [&hellip;]\" \/>\n<meta property=\"og:url\" content=\"https:\/\/neos-music.com\/en_us\/product\/marcus-antonius-wesselmann-ensemble-works-ii\/\" \/>\n<meta property=\"og:site_name\" content=\"NEOS Music\" \/>\n<meta property=\"article:modified_time\" content=\"2023-05-22T23:23:16+00:00\" \/>\n<meta property=\"og:image\" content=\"https:\/\/neos-music.com\/wp-content\/uploads\/2022\/11\/NEOS_11609_Wesselmann.jpeg\" \/>\n\t<meta property=\"og:image:width\" content=\"1647\" \/>\n\t<meta property=\"og:image:height\" content=\"1481\" \/>\n\t<meta property=\"og:image:type\" content=\"image\/jpeg\" \/>\n<meta name=\"twitter:card\" content=\"summary_large_image\" \/>\n<meta name=\"twitter:label1\" content=\"Est. reading time\" \/>\n\t<meta name=\"twitter:data1\" content=\"3 minutes\" \/>\n<script type=\"application\/ld+json\" class=\"yoast-schema-graph\">{\"@context\":\"https:\\\/\\\/schema.org\",\"@graph\":[{\"@type\":\"WebPage\",\"@id\":\"https:\\\/\\\/neos-music.com\\\/product\\\/marcus-antonius-wesselmann-ensemble-works-ii\\\/\",\"url\":\"https:\\\/\\\/neos-music.com\\\/product\\\/marcus-antonius-wesselmann-ensemble-works-ii\\\/\",\"name\":\"Marcus Antonius Wesselmann: ensemble works II - NEOS Music\",\"isPartOf\":{\"@id\":\"https:\\\/\\\/neos-music.com\\\/#website\"},\"primaryImageOfPage\":{\"@id\":\"https:\\\/\\\/neos-music.com\\\/product\\\/marcus-antonius-wesselmann-ensemble-works-ii\\\/#primaryimage\"},\"image\":{\"@id\":\"https:\\\/\\\/neos-music.com\\\/product\\\/marcus-antonius-wesselmann-ensemble-works-ii\\\/#primaryimage\"},\"thumbnailUrl\":\"https:\\\/\\\/i0.wp.com\\\/neos-music.com\\\/wp-content\\\/uploads\\\/2022\\\/11\\\/NEOS_11609_Wesselmann.jpeg?fit=1647%2C1481&ssl=1\",\"datePublished\":\"2016-07-18T16:06:03+00:00\",\"dateModified\":\"2023-05-22T23:23:16+00:00\",\"breadcrumb\":{\"@id\":\"https:\\\/\\\/neos-music.com\\\/product\\\/marcus-antonius-wesselmann-ensemble-works-ii\\\/#breadcrumb\"},\"inLanguage\":\"en-US\",\"potentialAction\":[{\"@type\":\"ReadAction\",\"target\":[\"https:\\\/\\\/neos-music.com\\\/product\\\/marcus-antonius-wesselmann-ensemble-works-ii\\\/\"]}]},{\"@type\":\"ImageObject\",\"inLanguage\":\"en-US\",\"@id\":\"https:\\\/\\\/neos-music.com\\\/product\\\/marcus-antonius-wesselmann-ensemble-works-ii\\\/#primaryimage\",\"url\":\"https:\\\/\\\/i0.wp.com\\\/neos-music.com\\\/wp-content\\\/uploads\\\/2022\\\/11\\\/NEOS_11609_Wesselmann.jpeg?fit=1647%2C1481&ssl=1\",\"contentUrl\":\"https:\\\/\\\/i0.wp.com\\\/neos-music.com\\\/wp-content\\\/uploads\\\/2022\\\/11\\\/NEOS_11609_Wesselmann.jpeg?fit=1647%2C1481&ssl=1\",\"width\":1647,\"height\":1481},{\"@type\":\"BreadcrumbList\",\"@id\":\"https:\\\/\\\/neos-music.com\\\/product\\\/marcus-antonius-wesselmann-ensemble-works-ii\\\/#breadcrumb\",\"itemListElement\":[{\"@type\":\"ListItem\",\"position\":1,\"name\":\"Startseite\",\"item\":\"https:\\\/\\\/neos-music.com\\\/\"},{\"@type\":\"ListItem\",\"position\":2,\"name\":\"Produkte\",\"item\":\"https:\\\/\\\/neos-music.com\\\/shop__trashed\\\/\"},{\"@type\":\"ListItem\",\"position\":3,\"name\":\"Marcus Antonius Wesselmann: ensemble works II\"}]},{\"@type\":\"WebSite\",\"@id\":\"https:\\\/\\\/neos-music.com\\\/#website\",\"url\":\"https:\\\/\\\/neos-music.com\\\/\",\"name\":\"NEOS Music\",\"description\":\"Dein Online Shop f\u00fcr zeitgen\u00f6ssische Musik, Jazz und Classics!\",\"publisher\":{\"@id\":\"https:\\\/\\\/neos-music.com\\\/#organization\"},\"potentialAction\":[{\"@type\":\"SearchAction\",\"target\":{\"@type\":\"EntryPoint\",\"urlTemplate\":\"https:\\\/\\\/neos-music.com\\\/?s={search_term_string}\"},\"query-input\":{\"@type\":\"PropertyValueSpecification\",\"valueRequired\":true,\"valueName\":\"search_term_string\"}}],\"inLanguage\":\"en-US\"},{\"@type\":\"Organization\",\"@id\":\"https:\\\/\\\/neos-music.com\\\/#organization\",\"name\":\"NEOS Music\",\"url\":\"https:\\\/\\\/neos-music.com\\\/\",\"logo\":{\"@type\":\"ImageObject\",\"inLanguage\":\"en-US\",\"@id\":\"https:\\\/\\\/neos-music.com\\\/#\\\/schema\\\/logo\\\/image\\\/\",\"url\":\"https:\\\/\\\/i0.wp.com\\\/neos-music.com\\\/wp-content\\\/uploads\\\/2025\\\/08\\\/NEOS-Logo-weiss.png?fit=800%2C203&ssl=1\",\"contentUrl\":\"https:\\\/\\\/i0.wp.com\\\/neos-music.com\\\/wp-content\\\/uploads\\\/2025\\\/08\\\/NEOS-Logo-weiss.png?fit=800%2C203&ssl=1\",\"width\":800,\"height\":203,\"caption\":\"NEOS Music\"},\"image\":{\"@id\":\"https:\\\/\\\/neos-music.com\\\/#\\\/schema\\\/logo\\\/image\\\/\"}}]}<\/script>\n<!-- \/ Yoast SEO plugin. -->","yoast_head_json":{"title":"Marcus Antonius Wesselmann: ensemble works II - NEOS Music","robots":{"index":"index","follow":"follow","max-snippet":"max-snippet:-1","max-image-preview":"max-image-preview:large","max-video-preview":"max-video-preview:-1"},"canonical":"https:\/\/neos-music.com\/en_us\/product\/marcus-antonius-wesselmann-ensemble-works-ii\/","og_locale":"en_US","og_type":"article","og_title":"Marcus Antonius Wesselmann: ensemble works II - NEOS Music","og_description":"Programm: [01]\u00a0DEZETT &#8211; chaos concert &#8211;\u00a0(2007) UNDEZETT &#8211; opernfragment &#8211;\u00a0(2000\/2004) [02]\u00a0SCENE I [03]\u00a0SCENE II [04]\u00a0SCENE III [05]\u00a0DUODEZETT &#8211; phases de deux &#8211;\u00a0(2002\/2004) [06]\u00a0THE FIGHT WILL GO ON\u00a0(2013) &#8211; \u201cto you beloved comrade\u201d &#8211; &nbsp; Ensemble Modern Franck Ollu, conductor &nbsp; DEZETT solo piano: Ueli Wiget soprano saxophone: Sascha Armbruster alto saxophone: Nina Jan\u00dfen tenor saxophone: [&hellip;]","og_url":"https:\/\/neos-music.com\/en_us\/product\/marcus-antonius-wesselmann-ensemble-works-ii\/","og_site_name":"NEOS Music","article_modified_time":"2023-05-22T23:23:16+00:00","og_image":[{"width":1647,"height":1481,"url":"https:\/\/neos-music.com\/wp-content\/uploads\/2022\/11\/NEOS_11609_Wesselmann.jpeg","type":"image\/jpeg"}],"twitter_card":"summary_large_image","twitter_misc":{"Est. reading time":"3 minutes"},"schema":{"@context":"https:\/\/schema.org","@graph":[{"@type":"WebPage","@id":"https:\/\/neos-music.com\/product\/marcus-antonius-wesselmann-ensemble-works-ii\/","url":"https:\/\/neos-music.com\/product\/marcus-antonius-wesselmann-ensemble-works-ii\/","name":"Marcus Antonius Wesselmann: ensemble works II - NEOS Music","isPartOf":{"@id":"https:\/\/neos-music.com\/#website"},"primaryImageOfPage":{"@id":"https:\/\/neos-music.com\/product\/marcus-antonius-wesselmann-ensemble-works-ii\/#primaryimage"},"image":{"@id":"https:\/\/neos-music.com\/product\/marcus-antonius-wesselmann-ensemble-works-ii\/#primaryimage"},"thumbnailUrl":"https:\/\/i0.wp.com\/neos-music.com\/wp-content\/uploads\/2022\/11\/NEOS_11609_Wesselmann.jpeg?fit=1647%2C1481&ssl=1","datePublished":"2016-07-18T16:06:03+00:00","dateModified":"2023-05-22T23:23:16+00:00","breadcrumb":{"@id":"https:\/\/neos-music.com\/product\/marcus-antonius-wesselmann-ensemble-works-ii\/#breadcrumb"},"inLanguage":"en-US","potentialAction":[{"@type":"ReadAction","target":["https:\/\/neos-music.com\/product\/marcus-antonius-wesselmann-ensemble-works-ii\/"]}]},{"@type":"ImageObject","inLanguage":"en-US","@id":"https:\/\/neos-music.com\/product\/marcus-antonius-wesselmann-ensemble-works-ii\/#primaryimage","url":"https:\/\/i0.wp.com\/neos-music.com\/wp-content\/uploads\/2022\/11\/NEOS_11609_Wesselmann.jpeg?fit=1647%2C1481&ssl=1","contentUrl":"https:\/\/i0.wp.com\/neos-music.com\/wp-content\/uploads\/2022\/11\/NEOS_11609_Wesselmann.jpeg?fit=1647%2C1481&ssl=1","width":1647,"height":1481},{"@type":"BreadcrumbList","@id":"https:\/\/neos-music.com\/product\/marcus-antonius-wesselmann-ensemble-works-ii\/#breadcrumb","itemListElement":[{"@type":"ListItem","position":1,"name":"Startseite","item":"https:\/\/neos-music.com\/"},{"@type":"ListItem","position":2,"name":"Produkte","item":"https:\/\/neos-music.com\/shop__trashed\/"},{"@type":"ListItem","position":3,"name":"Marcus Antonius Wesselmann: ensemble works II"}]},{"@type":"WebSite","@id":"https:\/\/neos-music.com\/#website","url":"https:\/\/neos-music.com\/","name":"NEOS Music","description":"Dein Online Shop f\u00fcr zeitgen\u00f6ssische Musik, Jazz und Classics!","publisher":{"@id":"https:\/\/neos-music.com\/#organization"},"potentialAction":[{"@type":"SearchAction","target":{"@type":"EntryPoint","urlTemplate":"https:\/\/neos-music.com\/?s={search_term_string}"},"query-input":{"@type":"PropertyValueSpecification","valueRequired":true,"valueName":"search_term_string"}}],"inLanguage":"en-US"},{"@type":"Organization","@id":"https:\/\/neos-music.com\/#organization","name":"NEOS Music","url":"https:\/\/neos-music.com\/","logo":{"@type":"ImageObject","inLanguage":"en-US","@id":"https:\/\/neos-music.com\/#\/schema\/logo\/image\/","url":"https:\/\/i0.wp.com\/neos-music.com\/wp-content\/uploads\/2025\/08\/NEOS-Logo-weiss.png?fit=800%2C203&ssl=1","contentUrl":"https:\/\/i0.wp.com\/neos-music.com\/wp-content\/uploads\/2025\/08\/NEOS-Logo-weiss.png?fit=800%2C203&ssl=1","width":800,"height":203,"caption":"NEOS Music"},"image":{"@id":"https:\/\/neos-music.com\/#\/schema\/logo\/image\/"}}]}},"jetpack_sharing_enabled":true,"_links":{"self":[{"href":"https:\/\/neos-music.com\/en_us\/wp-json\/wp\/v2\/product\/2771","targetHints":{"allow":["GET"]}}],"collection":[{"href":"https:\/\/neos-music.com\/en_us\/wp-json\/wp\/v2\/product"}],"about":[{"href":"https:\/\/neos-music.com\/en_us\/wp-json\/wp\/v2\/types\/product"}],"version-history":[{"count":0,"href":"https:\/\/neos-music.com\/en_us\/wp-json\/wp\/v2\/product\/2771\/revisions"}],"wp:featuredmedia":[{"embeddable":true,"href":"https:\/\/neos-music.com\/en_us\/wp-json\/wp\/v2\/media\/2772"}],"wp:attachment":[{"href":"https:\/\/neos-music.com\/en_us\/wp-json\/wp\/v2\/media?parent=2771"}],"wp:term":[{"taxonomy":"product_brand","embeddable":true,"href":"https:\/\/neos-music.com\/en_us\/wp-json\/wp\/v2\/product_brand?post=2771"},{"taxonomy":"product_cat","embeddable":true,"href":"https:\/\/neos-music.com\/en_us\/wp-json\/wp\/v2\/product_cat?post=2771"},{"taxonomy":"product_tag","embeddable":true,"href":"https:\/\/neos-music.com\/en_us\/wp-json\/wp\/v2\/product_tag?post=2771"}],"curies":[{"name":"wp","href":"https:\/\/api.w.org\/{rel}","templated":true}]}}