{"id":2775,"date":"2016-07-10T16:10:10","date_gmt":"2016-07-10T16:10:10","guid":{"rendered":"https:\/\/neos-music.com\/?post_type=product&#038;p=2775"},"modified":"2023-05-25T09:59:32","modified_gmt":"2023-05-25T09:59:32","slug":"helmut-lachenmann-string-quartets","status":"publish","type":"product","link":"https:\/\/neos-music.com\/en_us\/product\/helmut-lachenmann-string-quartets\/","title":{"rendered":"Helmut Lachenmann: String Quartets"},"content":{"rendered":"<p>Programm:<\/p>\n<table border=\"0\" width=\"100%\" rules=\"none\" cellspacing=\"0\" cellpadding=\"0\">\n<tbody>\n<tr>\n<td class=\"bigcontent2\">\n<div id=\"tracks\">\n<p><b>Making Of &#8222;Helmut Lachenmann &#8211; String Quartets&#8220; (Deutsch)<\/b><\/p>\n<p><iframe src=\"https:\/\/www.youtube.com\/embed\/72KUVuN5vjA\" width=\"560\" height=\"315\" frameborder=\"0\" allowfullscreen=\"allowfullscreen\" data-mce-fragment=\"1\"><\/iframe><\/p>\n<p>&nbsp;<\/p>\n<p><b>Gran Torso<\/b><br \/>\nMusic for String Quartet (1971\/76\/88)<\/p>\n<p><b>Grido<\/b><br \/>\nString Quartet No. 3 (2001)<\/p>\n<p><b>Reigen seliger Geister<\/b><br \/>\nString Quartet No. 2 (1989)<\/p>\n<p>&nbsp;<\/p>\n<p><b><a class=\"arcoma_glossarylink\" href=\"https:\/\/neos-music.com\/en_us\/output.php\/?content=Kuenstler\/Stadler_Quartett.php&amp;treplace=english%2Cgerman\" target=\"_self\" rel=\"noopener\">stadler quartett<\/a><br \/>\n<\/b>Frank Stadler, 1st violin<br \/>\nIzso Bajusz, 2nd violin<br \/>\nPredrag Katanic, viola<br \/>\nPeter Sigl, violoncello<\/p>\n<p>&nbsp;<\/p>\n<p>Sound format: PCM 2.0 Stereo<br \/>\nPicture format: 16\u2009:\u20099<br \/>\nLength: ca. 76 min<br \/>\nDisc type: DVD 5 \/ NTSC<br \/>\nCountry code: 0<\/p>\n<\/div>\n<\/td>\n<td><\/td>\n<\/tr>\n<\/tbody>\n<\/table>\n<p>Pressestimmen:<\/p>\n<table border=\"0\" width=\"100%\" rules=\"none\" cellspacing=\"0\" cellpadding=\"0\">\n<tbody>\n<tr>\n<td class=\"bigcontent2\">\n<div id=\"press\">\n<p><img data-recalc-dims=\"1\" decoding=\"async\" src=\"https:\/\/i0.wp.com\/neos-music.com\/wp-content\/uploads\/2023\/05\/logo_NeueZeitschriftMusik_NEU.jpg?ssl=1\" alt=\"\" \/><\/p>\n<p>Dirk Wiescholek schreibt in der Ausgabe #2.2017:<\/p>\n<p>&#8222;Die M\u00f6glichkeit, auch optisch ganz nah an die kl\u00e4nge heranzuzoomen tr\u00e4gt ihren Teil zur gro\u00dfen Intensit\u00e4t, Konzentration und Intimit\u00e4t bei, mit der hier Lachenmanns fulminante Streichquartett-Trias Gran Torso, Reigen seliger Geister und Grido beim denkbar differenziert agierenden Stadler-Quartett Kontur gewinnt.&#8220;<\/p>\n<p>&nbsp;<\/p>\n<p><img data-recalc-dims=\"1\" decoding=\"async\" src=\"https:\/\/i0.wp.com\/neos-music.com\/wp-content\/uploads\/2023\/05\/logo_musicweb.jpg?ssl=1\" alt=\"\" \/><\/p>\n<p>01\/2017<\/p>\n<p>Bruce Hodges\u2019\u00a0<a class=\"arcoma_editor_link\" href=\"https:\/\/neos-music.com\/en_us\/output.php\/?template=german-album-details.php&amp;content=Alben\/51001.php\" target=\"_blank\" rel=\"noopener\">review<\/a>\u00a0of these quartets performed live in New York provides an amusing and apposite\u00a0 summary of their content: \u201cLachenmann&#8217;s Gran Torso (1972), his first\u00a0 string quartet, is assembled primarily from pressing, scraping and scratching\u00a0 sounds. His second, from 1989 and subtitled Reigen seliger Geister\u00a0 (Dance of the Blessed Spirits) expands on that language, adding an array of\u00a0 ultra-quiet whooshes and what sometimes sounds like gas escaping at a low\u00a0 volume. The third, Grido (2001), to my ears announces a dramatic\u00a0 evolution, with a complex array of sounds and remarkable detail, with each\u00a0 moment precisely notated for pitch, volume and attack. The players pluck,\u00a0 thump, knock and scrape the wood, bowing the strings, the sides, the bridge\u00a0 and the scrolls of their instruments. Basically any sound that can be made is\u00a0 made, with melody receding into the background, and texture, phrasing and\u00a0 colour surging up front. Sometimes it felt as if we were in a darkened room,\u00a0 watching the four players\u2026 playing madly with a box of lit\u00a0 fireworks.\u201d<\/p>\n<p>My apologies to Mr. Hodges for such an extended plunder of\u00a0 his live review, but I would be hard pressed to come up with a more succinct\u00a0 description. This is indeed some of the most extreme avant-garde music you\u00a0 will come across for string quartet, but even if you have the 2010 CD release\u00a0 of the Stadler Quartet\u2019s recording of these works the advantage of DVD is of\u00a0 course actually being able to see how these remarkable sounds are made.\u00a0 Gran Torso is filmed in black and white, the attention fully on the\u00a0 four players with plenty of close-ups of concentrated interaction and those\u00a0 views of a variety of techniques used to produce the sounds. Reigen\u00a0 seliger Geister is in colour as is the rest of the filming, the musicians\u00a0 now in white concert clothes as opposed to the more informal white shirts for\u00a0 Gran Torso, and black for Grido. Fading and artistic effects\u00a0 such as overlaid images liven up Reigen seliger Geister, swifter\u00a0 image changes reflecting the more animated quality of the music here and\u00a0 elsewhere.<\/p>\n<p>Documentation with this DVD is decent enough, with notes by\u00a0 Peter Becker and biographies of the quartet and its musicians in four\u00a0 languages, but I had to work out the timings roughly from the screen counter,\u00a0 adding and subtracting with pencil and paper. Sound quality is very good\u00a0 indeed. I played this on my laptop computer via digital output run through a\u00a0 portable Alesis mixing desk and using my monster Grado headphones and the\u00a0 detail is tremendous. I would have to say this this is more a study document\u00a0 rather than something massively entertaining for a rainy Sunday afternoon, but\u00a0 if you are a fan of these works then being able to see them performed rather\u00a0 than just hearing them is a real treat. You can see the entire quartet playing\u00a0 their instruments like banjos in Reigen seliger Geister, for\u00a0 instance, and the sheer virtuosity and concentrated professionalism of the\u00a0 Stadler Quartet gives the entire thing an unexpected buoyancy, which will carry you further into these works than you might have\u00a0 expected.<\/p>\n<p><b>Dominy Clements<\/b><\/p>\n<p><a class=\"arcoma_editor_link\" href=\"https:\/\/neos-music.com\/en_us\/output.php\/?template=german-album-details.php&amp;content=Alben\/51001.php\" target=\"_blank\" rel=\"noopener\">www.musicweb-international.com<\/a><\/p>\n<\/div>\n<\/td>\n<td><\/td>\n<\/tr>\n<\/tbody>\n<\/table>\n<p>&nbsp;<\/p>","protected":false},"excerpt":{"rendered":"<p>Programm: Making Of &#8222;Helmut Lachenmann &#8211; String Quartets&#8220; (Deutsch) &nbsp; Gran Torso Music for String Quartet (1971\/76\/88) Grido String Quartet No. 3 (2001) Reigen seliger Geister String Quartet No. 2 (1989) &nbsp; stadler quartett Frank Stadler, 1st violin Izso Bajusz, 2nd violin Predrag Katanic, viola Peter Sigl, violoncello &nbsp; Sound format: PCM 2.0 Stereo Picture [&hellip;]<\/p>\n","protected":false},"featured_media":2776,"template":"","meta":{"site-sidebar-layout":"default","site-content-layout":"default","ast-site-content-layout":"default","site-content-style":"default","site-sidebar-style":"default","ast-global-header-display":"","ast-banner-title-visibility":"","ast-main-header-display":"","ast-hfb-above-header-display":"","ast-hfb-below-header-display":"","ast-hfb-mobile-header-display":"","site-post-title":"","ast-breadcrumbs-content":"","ast-featured-img":"","footer-sml-layout":"","theme-transparent-header-meta":"default","adv-header-id-meta":"","stick-header-meta":"","header-above-stick-meta":"","header-main-stick-meta":"","header-below-stick-meta":"","astra-migrate-meta-layouts":"default","ast-page-background-enabled":"default","ast-page-background-meta":{"desktop":{"background-color":"","background-image":"","background-repeat":"repeat","background-position":"center center","background-size":"auto","background-attachment":"scroll","background-type":"","background-media":"","overlay-type":"","overlay-color":"","overlay-opacity":"","overlay-gradient":""},"tablet":{"background-color":"","background-image":"","background-repeat":"repeat","background-position":"center center","background-size":"auto","background-attachment":"scroll","background-type":"","background-media":"","overlay-type":"","overlay-color":"","overlay-opacity":"","overlay-gradient":""},"mobile":{"background-color":"","background-image":"","background-repeat":"repeat","background-position":"center center","background-size":"auto","background-attachment":"scroll","background-type":"","background-media":"","overlay-type":"","overlay-color":"","overlay-opacity":"","overlay-gradient":""}},"ast-content-background-meta":{"desktop":{"background-color":"var(--ast-global-color-5)","background-image":"","background-repeat":"repeat","background-position":"center center","background-size":"auto","background-attachment":"scroll","background-type":"","background-media":"","overlay-type":"","overlay-color":"","overlay-opacity":"","overlay-gradient":""},"tablet":{"background-color":"var(--ast-global-color-5)","background-image":"","background-repeat":"repeat","background-position":"center center","background-size":"auto","background-attachment":"scroll","background-type":"","background-media":"","overlay-type":"","overlay-color":"","overlay-opacity":"","overlay-gradient":""},"mobile":{"background-color":"var(--ast-global-color-5)","background-image":"","background-repeat":"repeat","background-position":"center center","background-size":"auto","background-attachment":"scroll","background-type":"","background-media":"","overlay-type":"","overlay-color":"","overlay-opacity":"","overlay-gradient":""}}},"product_brand":[],"product_cat":[902,26],"product_tag":[],"class_list":{"0":"post-2775","1":"product","2":"type-product","3":"status-publish","4":"has-post-thumbnail","6":"product_cat-dvd","7":"product_cat-zeitgenossische-musik","8":"pa_artikelnummer-neos-51001","9":"pa_brand-neos-music","10":"pa_ean-334","11":"desktop-align-left","12":"tablet-align-left","13":"mobile-align-left","15":"first","16":"instock","17":"taxable","18":"shipping-taxable","19":"purchasable","20":"product-type-simple"},"yoast_head":"<!-- This site is optimized with the Yoast SEO plugin v27.3 - https:\/\/yoast.com\/product\/yoast-seo-wordpress\/ -->\n<title>Helmut Lachenmann: String Quartets - NEOS Music<\/title>\n<meta name=\"robots\" content=\"index, follow, max-snippet:-1, max-image-preview:large, max-video-preview:-1\" \/>\n<link rel=\"canonical\" href=\"https:\/\/neos-music.com\/en_us\/product\/helmut-lachenmann-string-quartets\/\" \/>\n<meta property=\"og:locale\" content=\"en_US\" \/>\n<meta property=\"og:type\" content=\"article\" \/>\n<meta property=\"og:title\" content=\"Helmut Lachenmann: String Quartets - NEOS Music\" \/>\n<meta property=\"og:description\" content=\"Programm: Making Of &#8222;Helmut Lachenmann &#8211; String Quartets&#8220; (Deutsch) &nbsp; Gran Torso Music for String Quartet (1971\/76\/88) Grido String Quartet No. 3 (2001) Reigen seliger Geister String Quartet No. 2 (1989) &nbsp; stadler quartett Frank Stadler, 1st violin Izso Bajusz, 2nd violin Predrag Katanic, viola Peter Sigl, violoncello &nbsp; Sound format: PCM 2.0 Stereo Picture [&hellip;]\" \/>\n<meta property=\"og:url\" content=\"https:\/\/neos-music.com\/en_us\/product\/helmut-lachenmann-string-quartets\/\" \/>\n<meta property=\"og:site_name\" content=\"NEOS Music\" \/>\n<meta property=\"article:modified_time\" content=\"2023-05-25T09:59:32+00:00\" \/>\n<meta property=\"og:image\" content=\"https:\/\/neos-music.com\/wp-content\/uploads\/2022\/11\/NEOS_51001_Lachenmann.jpeg\" \/>\n\t<meta property=\"og:image:width\" content=\"1630\" \/>\n\t<meta property=\"og:image:height\" content=\"2216\" \/>\n\t<meta property=\"og:image:type\" content=\"image\/jpeg\" \/>\n<meta name=\"twitter:card\" content=\"summary_large_image\" \/>\n<meta name=\"twitter:label1\" content=\"Est. reading time\" \/>\n\t<meta name=\"twitter:data1\" content=\"4 minutes\" \/>\n<script type=\"application\/ld+json\" class=\"yoast-schema-graph\">{\"@context\":\"https:\\\/\\\/schema.org\",\"@graph\":[{\"@type\":\"WebPage\",\"@id\":\"https:\\\/\\\/neos-music.com\\\/product\\\/helmut-lachenmann-string-quartets\\\/\",\"url\":\"https:\\\/\\\/neos-music.com\\\/product\\\/helmut-lachenmann-string-quartets\\\/\",\"name\":\"Helmut Lachenmann: String Quartets - NEOS Music\",\"isPartOf\":{\"@id\":\"https:\\\/\\\/neos-music.com\\\/#website\"},\"primaryImageOfPage\":{\"@id\":\"https:\\\/\\\/neos-music.com\\\/product\\\/helmut-lachenmann-string-quartets\\\/#primaryimage\"},\"image\":{\"@id\":\"https:\\\/\\\/neos-music.com\\\/product\\\/helmut-lachenmann-string-quartets\\\/#primaryimage\"},\"thumbnailUrl\":\"https:\\\/\\\/i0.wp.com\\\/neos-music.com\\\/wp-content\\\/uploads\\\/2022\\\/11\\\/NEOS_51001_Lachenmann.jpeg?fit=1630%2C2216&ssl=1\",\"datePublished\":\"2016-07-10T16:10:10+00:00\",\"dateModified\":\"2023-05-25T09:59:32+00:00\",\"breadcrumb\":{\"@id\":\"https:\\\/\\\/neos-music.com\\\/product\\\/helmut-lachenmann-string-quartets\\\/#breadcrumb\"},\"inLanguage\":\"en-US\",\"potentialAction\":[{\"@type\":\"ReadAction\",\"target\":[\"https:\\\/\\\/neos-music.com\\\/product\\\/helmut-lachenmann-string-quartets\\\/\"]}]},{\"@type\":\"ImageObject\",\"inLanguage\":\"en-US\",\"@id\":\"https:\\\/\\\/neos-music.com\\\/product\\\/helmut-lachenmann-string-quartets\\\/#primaryimage\",\"url\":\"https:\\\/\\\/i0.wp.com\\\/neos-music.com\\\/wp-content\\\/uploads\\\/2022\\\/11\\\/NEOS_51001_Lachenmann.jpeg?fit=1630%2C2216&ssl=1\",\"contentUrl\":\"https:\\\/\\\/i0.wp.com\\\/neos-music.com\\\/wp-content\\\/uploads\\\/2022\\\/11\\\/NEOS_51001_Lachenmann.jpeg?fit=1630%2C2216&ssl=1\",\"width\":1630,\"height\":2216},{\"@type\":\"BreadcrumbList\",\"@id\":\"https:\\\/\\\/neos-music.com\\\/product\\\/helmut-lachenmann-string-quartets\\\/#breadcrumb\",\"itemListElement\":[{\"@type\":\"ListItem\",\"position\":1,\"name\":\"Startseite\",\"item\":\"https:\\\/\\\/neos-music.com\\\/\"},{\"@type\":\"ListItem\",\"position\":2,\"name\":\"Produkte\",\"item\":\"https:\\\/\\\/neos-music.com\\\/shop__trashed\\\/\"},{\"@type\":\"ListItem\",\"position\":3,\"name\":\"Helmut Lachenmann: String Quartets\"}]},{\"@type\":\"WebSite\",\"@id\":\"https:\\\/\\\/neos-music.com\\\/#website\",\"url\":\"https:\\\/\\\/neos-music.com\\\/\",\"name\":\"NEOS Music\",\"description\":\"Dein Online Shop f\u00fcr zeitgen\u00f6ssische Musik, Jazz und Classics!\",\"publisher\":{\"@id\":\"https:\\\/\\\/neos-music.com\\\/#organization\"},\"potentialAction\":[{\"@type\":\"SearchAction\",\"target\":{\"@type\":\"EntryPoint\",\"urlTemplate\":\"https:\\\/\\\/neos-music.com\\\/?s={search_term_string}\"},\"query-input\":{\"@type\":\"PropertyValueSpecification\",\"valueRequired\":true,\"valueName\":\"search_term_string\"}}],\"inLanguage\":\"en-US\"},{\"@type\":\"Organization\",\"@id\":\"https:\\\/\\\/neos-music.com\\\/#organization\",\"name\":\"NEOS Music\",\"url\":\"https:\\\/\\\/neos-music.com\\\/\",\"logo\":{\"@type\":\"ImageObject\",\"inLanguage\":\"en-US\",\"@id\":\"https:\\\/\\\/neos-music.com\\\/#\\\/schema\\\/logo\\\/image\\\/\",\"url\":\"https:\\\/\\\/i0.wp.com\\\/neos-music.com\\\/wp-content\\\/uploads\\\/2025\\\/08\\\/NEOS-Logo-weiss.png?fit=800%2C203&ssl=1\",\"contentUrl\":\"https:\\\/\\\/i0.wp.com\\\/neos-music.com\\\/wp-content\\\/uploads\\\/2025\\\/08\\\/NEOS-Logo-weiss.png?fit=800%2C203&ssl=1\",\"width\":800,\"height\":203,\"caption\":\"NEOS Music\"},\"image\":{\"@id\":\"https:\\\/\\\/neos-music.com\\\/#\\\/schema\\\/logo\\\/image\\\/\"}}]}<\/script>\n<!-- \/ Yoast SEO plugin. -->","yoast_head_json":{"title":"Helmut Lachenmann: String Quartets - NEOS Music","robots":{"index":"index","follow":"follow","max-snippet":"max-snippet:-1","max-image-preview":"max-image-preview:large","max-video-preview":"max-video-preview:-1"},"canonical":"https:\/\/neos-music.com\/en_us\/product\/helmut-lachenmann-string-quartets\/","og_locale":"en_US","og_type":"article","og_title":"Helmut Lachenmann: String Quartets - NEOS Music","og_description":"Programm: Making Of &#8222;Helmut Lachenmann &#8211; String Quartets&#8220; (Deutsch) &nbsp; Gran Torso Music for String Quartet (1971\/76\/88) Grido String Quartet No. 3 (2001) Reigen seliger Geister String Quartet No. 2 (1989) &nbsp; stadler quartett Frank Stadler, 1st violin Izso Bajusz, 2nd violin Predrag Katanic, viola Peter Sigl, violoncello &nbsp; Sound format: PCM 2.0 Stereo Picture [&hellip;]","og_url":"https:\/\/neos-music.com\/en_us\/product\/helmut-lachenmann-string-quartets\/","og_site_name":"NEOS Music","article_modified_time":"2023-05-25T09:59:32+00:00","og_image":[{"width":1630,"height":2216,"url":"https:\/\/neos-music.com\/wp-content\/uploads\/2022\/11\/NEOS_51001_Lachenmann.jpeg","type":"image\/jpeg"}],"twitter_card":"summary_large_image","twitter_misc":{"Est. reading time":"4 minutes"},"schema":{"@context":"https:\/\/schema.org","@graph":[{"@type":"WebPage","@id":"https:\/\/neos-music.com\/product\/helmut-lachenmann-string-quartets\/","url":"https:\/\/neos-music.com\/product\/helmut-lachenmann-string-quartets\/","name":"Helmut Lachenmann: String Quartets - NEOS Music","isPartOf":{"@id":"https:\/\/neos-music.com\/#website"},"primaryImageOfPage":{"@id":"https:\/\/neos-music.com\/product\/helmut-lachenmann-string-quartets\/#primaryimage"},"image":{"@id":"https:\/\/neos-music.com\/product\/helmut-lachenmann-string-quartets\/#primaryimage"},"thumbnailUrl":"https:\/\/i0.wp.com\/neos-music.com\/wp-content\/uploads\/2022\/11\/NEOS_51001_Lachenmann.jpeg?fit=1630%2C2216&ssl=1","datePublished":"2016-07-10T16:10:10+00:00","dateModified":"2023-05-25T09:59:32+00:00","breadcrumb":{"@id":"https:\/\/neos-music.com\/product\/helmut-lachenmann-string-quartets\/#breadcrumb"},"inLanguage":"en-US","potentialAction":[{"@type":"ReadAction","target":["https:\/\/neos-music.com\/product\/helmut-lachenmann-string-quartets\/"]}]},{"@type":"ImageObject","inLanguage":"en-US","@id":"https:\/\/neos-music.com\/product\/helmut-lachenmann-string-quartets\/#primaryimage","url":"https:\/\/i0.wp.com\/neos-music.com\/wp-content\/uploads\/2022\/11\/NEOS_51001_Lachenmann.jpeg?fit=1630%2C2216&ssl=1","contentUrl":"https:\/\/i0.wp.com\/neos-music.com\/wp-content\/uploads\/2022\/11\/NEOS_51001_Lachenmann.jpeg?fit=1630%2C2216&ssl=1","width":1630,"height":2216},{"@type":"BreadcrumbList","@id":"https:\/\/neos-music.com\/product\/helmut-lachenmann-string-quartets\/#breadcrumb","itemListElement":[{"@type":"ListItem","position":1,"name":"Startseite","item":"https:\/\/neos-music.com\/"},{"@type":"ListItem","position":2,"name":"Produkte","item":"https:\/\/neos-music.com\/shop__trashed\/"},{"@type":"ListItem","position":3,"name":"Helmut Lachenmann: String Quartets"}]},{"@type":"WebSite","@id":"https:\/\/neos-music.com\/#website","url":"https:\/\/neos-music.com\/","name":"NEOS Music","description":"Dein Online Shop f\u00fcr zeitgen\u00f6ssische Musik, Jazz und Classics!","publisher":{"@id":"https:\/\/neos-music.com\/#organization"},"potentialAction":[{"@type":"SearchAction","target":{"@type":"EntryPoint","urlTemplate":"https:\/\/neos-music.com\/?s={search_term_string}"},"query-input":{"@type":"PropertyValueSpecification","valueRequired":true,"valueName":"search_term_string"}}],"inLanguage":"en-US"},{"@type":"Organization","@id":"https:\/\/neos-music.com\/#organization","name":"NEOS Music","url":"https:\/\/neos-music.com\/","logo":{"@type":"ImageObject","inLanguage":"en-US","@id":"https:\/\/neos-music.com\/#\/schema\/logo\/image\/","url":"https:\/\/i0.wp.com\/neos-music.com\/wp-content\/uploads\/2025\/08\/NEOS-Logo-weiss.png?fit=800%2C203&ssl=1","contentUrl":"https:\/\/i0.wp.com\/neos-music.com\/wp-content\/uploads\/2025\/08\/NEOS-Logo-weiss.png?fit=800%2C203&ssl=1","width":800,"height":203,"caption":"NEOS Music"},"image":{"@id":"https:\/\/neos-music.com\/#\/schema\/logo\/image\/"}}]}},"jetpack_sharing_enabled":true,"_links":{"self":[{"href":"https:\/\/neos-music.com\/en_us\/wp-json\/wp\/v2\/product\/2775","targetHints":{"allow":["GET"]}}],"collection":[{"href":"https:\/\/neos-music.com\/en_us\/wp-json\/wp\/v2\/product"}],"about":[{"href":"https:\/\/neos-music.com\/en_us\/wp-json\/wp\/v2\/types\/product"}],"version-history":[{"count":0,"href":"https:\/\/neos-music.com\/en_us\/wp-json\/wp\/v2\/product\/2775\/revisions"}],"wp:featuredmedia":[{"embeddable":true,"href":"https:\/\/neos-music.com\/en_us\/wp-json\/wp\/v2\/media\/2776"}],"wp:attachment":[{"href":"https:\/\/neos-music.com\/en_us\/wp-json\/wp\/v2\/media?parent=2775"}],"wp:term":[{"taxonomy":"product_brand","embeddable":true,"href":"https:\/\/neos-music.com\/en_us\/wp-json\/wp\/v2\/product_brand?post=2775"},{"taxonomy":"product_cat","embeddable":true,"href":"https:\/\/neos-music.com\/en_us\/wp-json\/wp\/v2\/product_cat?post=2775"},{"taxonomy":"product_tag","embeddable":true,"href":"https:\/\/neos-music.com\/en_us\/wp-json\/wp\/v2\/product_tag?post=2775"}],"curies":[{"name":"wp","href":"https:\/\/api.w.org\/{rel}","templated":true}]}}