{"id":2777,"date":"2016-07-05T16:12:11","date_gmt":"2016-07-05T16:12:11","guid":{"rendered":"https:\/\/neos-music.com\/?post_type=product&#038;p=2777"},"modified":"2023-05-22T23:28:58","modified_gmt":"2023-05-22T23:28:58","slug":"johannes-x-schachtner-works-for-ensemble","status":"publish","type":"product","link":"https:\/\/neos-music.com\/en_us\/product\/johannes-x-schachtner-works-for-ensemble\/","title":{"rendered":"Johannes X. Schachtner: Works For Ensemble"},"content":{"rendered":"<p>Programm:<\/p>\n<table border=\"0\" width=\"100%\" rules=\"none\" cellspacing=\"0\" cellpadding=\"0\">\n<tbody>\n<tr>\n<td class=\"bigcontent2\">\n<div id=\"tracks\">\n<p>[01]\u00a0<b>Symphonischer Essay<\/b>\u00a0for chamber ensemble\u00a0(2007\/2008\/2016)<\/p>\n<p>[02]\u00a0<b>Air \u2013 an Samuels Aerophon<\/b>\u00a0for large wind ensemble\u00a0(2013)<\/p>\n<p><b><\/b><b><br \/>\nQuatre tombeaux de vent<\/b>\u00a0for soprano and chamber ensemble<b><\/b>\u00a0(2013)<br \/>\nto poems by Fr\u00e9d\u00e9ric Wandel\u00e8re (*1949)<\/p>\n<p>[03]\u00a0<b>I\u00a0Cinq heures, chemin \u00c9duard-Tavan<br \/>\n<\/b>[04]\u00a0<b>II\u00a0Madame jardini\u00e8re<\/b><br \/>\n[05]\u00a0<b>III\u00a0\u201cAvant de me coucher\u201d<br \/>\n<\/b>[06]\u00a0<b>IV\u00a0Partie avec le vent<\/b><\/p>\n<p>[07]\u00a0<b>Invention III: Hopscotch<\/b>\u00a0(2013) for percussion solo<\/p>\n<p>[08]\u00a0<b>Invention IV: Canon \u2013 Tribute to Johanna M. Beyer<\/b>\u00a0for percussion and piano quintet\u00a0(2016)<\/p>\n<p>[09]\u00a0<b>Invention V: Battery<\/b>\u00a0for percussion and four wind players (2016)<\/p>\n<p><b>Aufstieg<\/b>\u00a0Ballad for baritone and chamber ensemble (2010)<br \/>\nto texts by Johanna Schwedes (*1979)<\/p>\n<p>[10]<b>\u00a0Prolog<\/b><br \/>\n[11]\u00a0<b>Serenade<br \/>\n<\/b>[12]\u00a0<b>\u201cBesuch\u201d \u2013 Intermezzo<\/b><br \/>\n[13]\u00a0<b>Epilog<\/b><\/p>\n<p>&nbsp;<\/p>\n<p><b>Th\u00e9r\u00e8se Wincent<\/b>, soprano<br \/>\n<b>Peter Sch\u00f6ne<\/b>, baritone<\/p>\n<p><b><a class=\"arcoma_glossarylink\" href=\"https:\/\/neos-music.com\/output.php?content=Kuenstler\/Ensemble_Zeitsprung.php&amp;treplace=english%2Cgerman\" target=\"_self\" rel=\"noopener\">Ensemble Zeitsprung<\/a><br \/>\n<\/b>Tobias Kaiser, flute\/piccolo\/alto flute\/lotos flute<br \/>\nJ\u00f6rg-Oliver Werner, flute\/piccolo [02]<br \/>\nClaire Sirjacobs, oboe\/English horn\/mouth organ\/hi hat<br \/>\nAndrea Kempff, English horn [02]<br \/>\nOliver Klenk, clarinet\/E-flat clarinet\/basset horn\/bass clarinet\/snare drum<br \/>\nElisabeth Seitenberger, clarinet\/mouth organ [02]<br \/>\nCornelius Rinderle, bassoon\/bass drum<br \/>\nJacob Karwath, bassoon [02]<br \/>\nNina Ashton, contra bassoon (2)<br \/>\nDorothea Bender, horn<br \/>\nDaniela Martin, horn [02]<br \/>\nJohannes Bernhard, Wagner tuba [02]<br \/>\nMichael Reifer, Wagner tuba [02]<br \/>\nMatthew Sadler, trumpet [03\u201306 &amp; 10\u201313]<br \/>\nAljoscha Zierow, trumpet\/rattle [09]<br \/>\nMathias Lachenmayr, percussion<br \/>\nVeronika Ponzer, harp<br \/>\nSachiko Hara, piano\/celesta<br \/>\nHenri Bonamy, piano [10\u201313]<br \/>\nFelix Key Weber, violin<br \/>\nNicolaus Richter de Vroe, violin [01 &amp; 08]<br \/>\nV\u00e9ronique Bastian, viola<br \/>\nPhilipp von Morgen, violoncello<br \/>\nSophie L\u00fccke, double bass<\/p>\n<p><b><a class=\"arcoma_glossarylink\" href=\"https:\/\/neos-music.com\/output.php?content=Kuenstler\/Elsner_Markus.php&amp;treplace=english%2Cgerman\" target=\"_self\" rel=\"noopener\">Markus Elsner<\/a><\/b>, conductor<\/p>\n<\/div>\n<\/td>\n<td><\/td>\n<\/tr>\n<\/tbody>\n<\/table>\n<p>Pressestimmen:<\/p>\n<table border=\"0\" width=\"100%\" rules=\"none\" cellspacing=\"0\" cellpadding=\"0\">\n<tbody>\n<tr>\n<td class=\"bigcontent2\">\n<div id=\"press\">\n<p><img data-recalc-dims=\"1\" decoding=\"async\" src=\"https:\/\/i0.wp.com\/neos-music.com\/wp-content\/uploads\/2023\/05\/logo_gramophone.gif?ssl=1\" alt=\"\" \/><\/p>\n<p>02\/2017<\/p>\n<p>&#8222;&#8230; his\u00a0[Johannes X. Schachtner]\u00a0concern to balance innovation with historical awareness. (&#8230;) Best are the vocal works \u2013 the lucid elegance of\u00a0<i>Quatre tombeaux de vent<\/i>\u00a0(2013) and scenic immediacy of the ballad\u00a0<i>Aufstieg<\/i>\u00a0(2010). Markus Elsner secures vividly characterful playing from Ensemble Zeitsprung, itself poised for international status.&#8220; (Richard Whitehouse)<\/p>\n<p>&nbsp;<\/p>\n<p>&nbsp;<\/p>\n<p><img data-recalc-dims=\"1\" decoding=\"async\" src=\"https:\/\/i0.wp.com\/neos-music.com\/wp-content\/uploads\/2023\/05\/logo_diapason.jpg?ssl=1\" alt=\"\" \/><br \/>\n03\/2017<\/p>\n<p><img data-recalc-dims=\"1\" decoding=\"async\" src=\"https:\/\/i0.wp.com\/neos-music.com\/wp-content\/uploads\/2023\/05\/11602-diapason-03-2017.jpg?ssl=1\" alt=\"\" \/><\/p>\n<p>&nbsp;<\/p>\n<p><img data-recalc-dims=\"1\" decoding=\"async\" src=\"https:\/\/i0.wp.com\/neos-music.com\/wp-content\/uploads\/2023\/05\/logo_FonoForum.gif?ssl=1\" alt=\"\" \/><\/p>\n<p>12\/2016<\/p>\n<p>&#8222;Gewaltig und sinfonisch t\u00fcrmt Schachtner anf\u00e4nglich die Motive in insistierender Rhythmik, dann wieder zerf\u00e4llt das Ganze in langgezogene, d\u00fcnne F\u00e4den \u2013 als verabschiede sich die Musik. Das Ensemble Zeitsprung gibt hier wie in den \u00fcbrigen kammermusikalischen St\u00fccken sein Bestes, pustet gewaltig ins Horn, trumpft auf, streichelt dann wieder den luftigsten Klang aus den Instrumenten. \u00dcberhaupt ist Schachtner kein &#8222;Vereinzelungssymptom&#8220;-Spezialist, wie es sie nicht erst seit Lachenmann in der Neuen Musik zuhauf gibt. F\u00fcr ihn bleibt der Fortlauf, die nachvollziehbare Erz\u00e4hlung, der gro\u00dfe, wenn auch manchmal br\u00fcchige Bogen einer Komposition essentiell.&#8220; (Tilman Urbach)<\/p>\n<p>&nbsp;<\/p>\n<p><img data-recalc-dims=\"1\" decoding=\"async\" src=\"https:\/\/i0.wp.com\/neos-music.com\/wp-content\/uploads\/2023\/05\/logo_sueddeutsche.jpg?ssl=1\" alt=\"\" \/><\/p>\n<p>Klaus Kalchschmid in der SZ Extra vom 30.6.2016:<\/p>\n<p><img data-recalc-dims=\"1\" decoding=\"async\" src=\"https:\/\/i0.wp.com\/neos-music.com\/wp-content\/uploads\/2023\/05\/11602-SZ-2016-06-30.jpg?ssl=1\" alt=\"\" \/>\n<\/div>\n<\/td>\n<td><\/td>\n<\/tr>\n<\/tbody>\n<\/table>\n<p>&nbsp;<\/p>\n","protected":false},"excerpt":{"rendered":"<p>Programm: [01]\u00a0Symphonischer Essay\u00a0for chamber ensemble\u00a0(2007\/2008\/2016) [02]\u00a0Air \u2013 an Samuels Aerophon\u00a0for large wind ensemble\u00a0(2013) Quatre tombeaux de vent\u00a0for soprano and chamber ensemble\u00a0(2013) to poems by Fr\u00e9d\u00e9ric Wandel\u00e8re (*1949) [03]\u00a0I\u00a0Cinq heures, chemin \u00c9duard-Tavan [04]\u00a0II\u00a0Madame jardini\u00e8re [05]\u00a0III\u00a0\u201cAvant de me coucher\u201d [06]\u00a0IV\u00a0Partie avec le vent [07]\u00a0Invention III: Hopscotch\u00a0(2013) for percussion solo [08]\u00a0Invention IV: Canon \u2013 Tribute to Johanna M. [&hellip;]<\/p>\n","protected":false},"featured_media":2778,"template":"","meta":{"site-sidebar-layout":"default","site-content-layout":"default","ast-site-content-layout":"default","site-content-style":"default","site-sidebar-style":"default","ast-global-header-display":"","ast-banner-title-visibility":"","ast-main-header-display":"","ast-hfb-above-header-display":"","ast-hfb-below-header-display":"","ast-hfb-mobile-header-display":"","site-post-title":"","ast-breadcrumbs-content":"","ast-featured-img":"","footer-sml-layout":"","theme-transparent-header-meta":"default","adv-header-id-meta":"","stick-header-meta":"","header-above-stick-meta":"","header-main-stick-meta":"","header-below-stick-meta":"","astra-migrate-meta-layouts":"default","ast-page-background-enabled":"default","ast-page-background-meta":{"desktop":{"background-color":"","background-image":"","background-repeat":"repeat","background-position":"center center","background-size":"auto","background-attachment":"scroll","background-type":"","background-media":"","overlay-type":"","overlay-color":"","overlay-opacity":"","overlay-gradient":""},"tablet":{"background-color":"","background-image":"","background-repeat":"repeat","background-position":"center center","background-size":"auto","background-attachment":"scroll","background-type":"","background-media":"","overlay-type":"","overlay-color":"","overlay-opacity":"","overlay-gradient":""},"mobile":{"background-color":"","background-image":"","background-repeat":"repeat","background-position":"center center","background-size":"auto","background-attachment":"scroll","background-type":"","background-media":"","overlay-type":"","overlay-color":"","overlay-opacity":"","overlay-gradient":""}},"ast-content-background-meta":{"desktop":{"background-color":"var(--ast-global-color-5)","background-image":"","background-repeat":"repeat","background-position":"center center","background-size":"auto","background-attachment":"scroll","background-type":"","background-media":"","overlay-type":"","overlay-color":"","overlay-opacity":"","overlay-gradient":""},"tablet":{"background-color":"var(--ast-global-color-5)","background-image":"","background-repeat":"repeat","background-position":"center center","background-size":"auto","background-attachment":"scroll","background-type":"","background-media":"","overlay-type":"","overlay-color":"","overlay-opacity":"","overlay-gradient":""},"mobile":{"background-color":"var(--ast-global-color-5)","background-image":"","background-repeat":"repeat","background-position":"center center","background-size":"auto","background-attachment":"scroll","background-type":"","background-media":"","overlay-type":"","overlay-color":"","overlay-opacity":"","overlay-gradient":""}}},"product_brand":[],"product_cat":[26],"product_tag":[],"class_list":{"0":"post-2777","1":"product","2":"type-product","3":"status-publish","4":"has-post-thumbnail","6":"product_cat-zeitgenossische-musik","7":"pa_artikelnummer-neos-11602","8":"pa_brand-neos-music","9":"pa_ean-336","10":"desktop-align-left","11":"tablet-align-left","12":"mobile-align-left","14":"first","15":"instock","16":"taxable","17":"shipping-taxable","18":"purchasable","19":"product-type-simple"},"yoast_head":"<!-- This site is optimized with the Yoast SEO plugin v27.4 - https:\/\/yoast.com\/product\/yoast-seo-wordpress\/ -->\n<title>Johannes X. Schachtner: Works For Ensemble - NEOS Music<\/title>\n<meta name=\"robots\" content=\"index, follow, max-snippet:-1, max-image-preview:large, max-video-preview:-1\" \/>\n<link rel=\"canonical\" href=\"https:\/\/neos-music.com\/en_us\/product\/johannes-x-schachtner-works-for-ensemble\/\" \/>\n<meta property=\"og:locale\" content=\"en_US\" \/>\n<meta property=\"og:type\" content=\"article\" \/>\n<meta property=\"og:title\" content=\"Johannes X. Schachtner: Works For Ensemble - NEOS Music\" \/>\n<meta property=\"og:description\" content=\"Programm: [01]\u00a0Symphonischer Essay\u00a0for chamber ensemble\u00a0(2007\/2008\/2016) [02]\u00a0Air \u2013 an Samuels Aerophon\u00a0for large wind ensemble\u00a0(2013) Quatre tombeaux de vent\u00a0for soprano and chamber ensemble\u00a0(2013) to poems by Fr\u00e9d\u00e9ric Wandel\u00e8re (*1949) [03]\u00a0I\u00a0Cinq heures, chemin \u00c9duard-Tavan [04]\u00a0II\u00a0Madame jardini\u00e8re [05]\u00a0III\u00a0\u201cAvant de me coucher\u201d [06]\u00a0IV\u00a0Partie avec le vent [07]\u00a0Invention III: Hopscotch\u00a0(2013) for percussion solo [08]\u00a0Invention IV: Canon \u2013 Tribute to Johanna M. [&hellip;]\" \/>\n<meta property=\"og:url\" content=\"https:\/\/neos-music.com\/en_us\/product\/johannes-x-schachtner-works-for-ensemble\/\" \/>\n<meta property=\"og:site_name\" content=\"NEOS Music\" \/>\n<meta property=\"article:modified_time\" content=\"2023-05-22T23:28:58+00:00\" \/>\n<meta property=\"og:image\" content=\"https:\/\/neos-music.com\/wp-content\/uploads\/2022\/11\/NEOS_11602_Schachtner.jpeg\" \/>\n\t<meta property=\"og:image:width\" content=\"1651\" \/>\n\t<meta property=\"og:image:height\" content=\"1482\" \/>\n\t<meta property=\"og:image:type\" content=\"image\/jpeg\" \/>\n<meta name=\"twitter:card\" content=\"summary_large_image\" \/>\n<meta name=\"twitter:label1\" content=\"Est. reading time\" \/>\n\t<meta name=\"twitter:data1\" content=\"4 minutes\" \/>\n<script type=\"application\/ld+json\" class=\"yoast-schema-graph\">{\"@context\":\"https:\\\/\\\/schema.org\",\"@graph\":[{\"@type\":\"WebPage\",\"@id\":\"https:\\\/\\\/neos-music.com\\\/product\\\/johannes-x-schachtner-works-for-ensemble\\\/\",\"url\":\"https:\\\/\\\/neos-music.com\\\/product\\\/johannes-x-schachtner-works-for-ensemble\\\/\",\"name\":\"Johannes X. Schachtner: Works For Ensemble - NEOS Music\",\"isPartOf\":{\"@id\":\"https:\\\/\\\/neos-music.com\\\/#website\"},\"primaryImageOfPage\":{\"@id\":\"https:\\\/\\\/neos-music.com\\\/product\\\/johannes-x-schachtner-works-for-ensemble\\\/#primaryimage\"},\"image\":{\"@id\":\"https:\\\/\\\/neos-music.com\\\/product\\\/johannes-x-schachtner-works-for-ensemble\\\/#primaryimage\"},\"thumbnailUrl\":\"https:\\\/\\\/i0.wp.com\\\/neos-music.com\\\/wp-content\\\/uploads\\\/2022\\\/11\\\/NEOS_11602_Schachtner.jpeg?fit=1651%2C1482&ssl=1\",\"datePublished\":\"2016-07-05T16:12:11+00:00\",\"dateModified\":\"2023-05-22T23:28:58+00:00\",\"breadcrumb\":{\"@id\":\"https:\\\/\\\/neos-music.com\\\/product\\\/johannes-x-schachtner-works-for-ensemble\\\/#breadcrumb\"},\"inLanguage\":\"en-US\",\"potentialAction\":[{\"@type\":\"ReadAction\",\"target\":[\"https:\\\/\\\/neos-music.com\\\/product\\\/johannes-x-schachtner-works-for-ensemble\\\/\"]}]},{\"@type\":\"ImageObject\",\"inLanguage\":\"en-US\",\"@id\":\"https:\\\/\\\/neos-music.com\\\/product\\\/johannes-x-schachtner-works-for-ensemble\\\/#primaryimage\",\"url\":\"https:\\\/\\\/i0.wp.com\\\/neos-music.com\\\/wp-content\\\/uploads\\\/2022\\\/11\\\/NEOS_11602_Schachtner.jpeg?fit=1651%2C1482&ssl=1\",\"contentUrl\":\"https:\\\/\\\/i0.wp.com\\\/neos-music.com\\\/wp-content\\\/uploads\\\/2022\\\/11\\\/NEOS_11602_Schachtner.jpeg?fit=1651%2C1482&ssl=1\",\"width\":1651,\"height\":1482},{\"@type\":\"BreadcrumbList\",\"@id\":\"https:\\\/\\\/neos-music.com\\\/product\\\/johannes-x-schachtner-works-for-ensemble\\\/#breadcrumb\",\"itemListElement\":[{\"@type\":\"ListItem\",\"position\":1,\"name\":\"Startseite\",\"item\":\"https:\\\/\\\/neos-music.com\\\/\"},{\"@type\":\"ListItem\",\"position\":2,\"name\":\"Produkte\",\"item\":\"https:\\\/\\\/neos-music.com\\\/shop__trashed\\\/\"},{\"@type\":\"ListItem\",\"position\":3,\"name\":\"Johannes X. Schachtner: Works For Ensemble\"}]},{\"@type\":\"WebSite\",\"@id\":\"https:\\\/\\\/neos-music.com\\\/#website\",\"url\":\"https:\\\/\\\/neos-music.com\\\/\",\"name\":\"NEOS Music\",\"description\":\"Dein Online Shop f\u00fcr zeitgen\u00f6ssische Musik, Jazz und Classics!\",\"publisher\":{\"@id\":\"https:\\\/\\\/neos-music.com\\\/#organization\"},\"potentialAction\":[{\"@type\":\"SearchAction\",\"target\":{\"@type\":\"EntryPoint\",\"urlTemplate\":\"https:\\\/\\\/neos-music.com\\\/?s={search_term_string}\"},\"query-input\":{\"@type\":\"PropertyValueSpecification\",\"valueRequired\":true,\"valueName\":\"search_term_string\"}}],\"inLanguage\":\"en-US\"},{\"@type\":\"Organization\",\"@id\":\"https:\\\/\\\/neos-music.com\\\/#organization\",\"name\":\"NEOS Music\",\"url\":\"https:\\\/\\\/neos-music.com\\\/\",\"logo\":{\"@type\":\"ImageObject\",\"inLanguage\":\"en-US\",\"@id\":\"https:\\\/\\\/neos-music.com\\\/#\\\/schema\\\/logo\\\/image\\\/\",\"url\":\"https:\\\/\\\/i0.wp.com\\\/neos-music.com\\\/wp-content\\\/uploads\\\/2025\\\/08\\\/NEOS-Logo-weiss.png?fit=800%2C203&ssl=1\",\"contentUrl\":\"https:\\\/\\\/i0.wp.com\\\/neos-music.com\\\/wp-content\\\/uploads\\\/2025\\\/08\\\/NEOS-Logo-weiss.png?fit=800%2C203&ssl=1\",\"width\":800,\"height\":203,\"caption\":\"NEOS Music\"},\"image\":{\"@id\":\"https:\\\/\\\/neos-music.com\\\/#\\\/schema\\\/logo\\\/image\\\/\"}}]}<\/script>\n<!-- \/ Yoast SEO plugin. -->","yoast_head_json":{"title":"Johannes X. Schachtner: Works For Ensemble - NEOS Music","robots":{"index":"index","follow":"follow","max-snippet":"max-snippet:-1","max-image-preview":"max-image-preview:large","max-video-preview":"max-video-preview:-1"},"canonical":"https:\/\/neos-music.com\/en_us\/product\/johannes-x-schachtner-works-for-ensemble\/","og_locale":"en_US","og_type":"article","og_title":"Johannes X. Schachtner: Works For Ensemble - NEOS Music","og_description":"Programm: [01]\u00a0Symphonischer Essay\u00a0for chamber ensemble\u00a0(2007\/2008\/2016) [02]\u00a0Air \u2013 an Samuels Aerophon\u00a0for large wind ensemble\u00a0(2013) Quatre tombeaux de vent\u00a0for soprano and chamber ensemble\u00a0(2013) to poems by Fr\u00e9d\u00e9ric Wandel\u00e8re (*1949) [03]\u00a0I\u00a0Cinq heures, chemin \u00c9duard-Tavan [04]\u00a0II\u00a0Madame jardini\u00e8re [05]\u00a0III\u00a0\u201cAvant de me coucher\u201d [06]\u00a0IV\u00a0Partie avec le vent [07]\u00a0Invention III: Hopscotch\u00a0(2013) for percussion solo [08]\u00a0Invention IV: Canon \u2013 Tribute to Johanna M. [&hellip;]","og_url":"https:\/\/neos-music.com\/en_us\/product\/johannes-x-schachtner-works-for-ensemble\/","og_site_name":"NEOS Music","article_modified_time":"2023-05-22T23:28:58+00:00","og_image":[{"width":1651,"height":1482,"url":"https:\/\/neos-music.com\/wp-content\/uploads\/2022\/11\/NEOS_11602_Schachtner.jpeg","type":"image\/jpeg"}],"twitter_card":"summary_large_image","twitter_misc":{"Est. reading time":"4 minutes"},"schema":{"@context":"https:\/\/schema.org","@graph":[{"@type":"WebPage","@id":"https:\/\/neos-music.com\/product\/johannes-x-schachtner-works-for-ensemble\/","url":"https:\/\/neos-music.com\/product\/johannes-x-schachtner-works-for-ensemble\/","name":"Johannes X. Schachtner: Works For Ensemble - NEOS Music","isPartOf":{"@id":"https:\/\/neos-music.com\/#website"},"primaryImageOfPage":{"@id":"https:\/\/neos-music.com\/product\/johannes-x-schachtner-works-for-ensemble\/#primaryimage"},"image":{"@id":"https:\/\/neos-music.com\/product\/johannes-x-schachtner-works-for-ensemble\/#primaryimage"},"thumbnailUrl":"https:\/\/i0.wp.com\/neos-music.com\/wp-content\/uploads\/2022\/11\/NEOS_11602_Schachtner.jpeg?fit=1651%2C1482&ssl=1","datePublished":"2016-07-05T16:12:11+00:00","dateModified":"2023-05-22T23:28:58+00:00","breadcrumb":{"@id":"https:\/\/neos-music.com\/product\/johannes-x-schachtner-works-for-ensemble\/#breadcrumb"},"inLanguage":"en-US","potentialAction":[{"@type":"ReadAction","target":["https:\/\/neos-music.com\/product\/johannes-x-schachtner-works-for-ensemble\/"]}]},{"@type":"ImageObject","inLanguage":"en-US","@id":"https:\/\/neos-music.com\/product\/johannes-x-schachtner-works-for-ensemble\/#primaryimage","url":"https:\/\/i0.wp.com\/neos-music.com\/wp-content\/uploads\/2022\/11\/NEOS_11602_Schachtner.jpeg?fit=1651%2C1482&ssl=1","contentUrl":"https:\/\/i0.wp.com\/neos-music.com\/wp-content\/uploads\/2022\/11\/NEOS_11602_Schachtner.jpeg?fit=1651%2C1482&ssl=1","width":1651,"height":1482},{"@type":"BreadcrumbList","@id":"https:\/\/neos-music.com\/product\/johannes-x-schachtner-works-for-ensemble\/#breadcrumb","itemListElement":[{"@type":"ListItem","position":1,"name":"Startseite","item":"https:\/\/neos-music.com\/"},{"@type":"ListItem","position":2,"name":"Produkte","item":"https:\/\/neos-music.com\/shop__trashed\/"},{"@type":"ListItem","position":3,"name":"Johannes X. Schachtner: Works For Ensemble"}]},{"@type":"WebSite","@id":"https:\/\/neos-music.com\/#website","url":"https:\/\/neos-music.com\/","name":"NEOS Music","description":"Dein Online Shop f\u00fcr zeitgen\u00f6ssische Musik, Jazz und Classics!","publisher":{"@id":"https:\/\/neos-music.com\/#organization"},"potentialAction":[{"@type":"SearchAction","target":{"@type":"EntryPoint","urlTemplate":"https:\/\/neos-music.com\/?s={search_term_string}"},"query-input":{"@type":"PropertyValueSpecification","valueRequired":true,"valueName":"search_term_string"}}],"inLanguage":"en-US"},{"@type":"Organization","@id":"https:\/\/neos-music.com\/#organization","name":"NEOS Music","url":"https:\/\/neos-music.com\/","logo":{"@type":"ImageObject","inLanguage":"en-US","@id":"https:\/\/neos-music.com\/#\/schema\/logo\/image\/","url":"https:\/\/i0.wp.com\/neos-music.com\/wp-content\/uploads\/2025\/08\/NEOS-Logo-weiss.png?fit=800%2C203&ssl=1","contentUrl":"https:\/\/i0.wp.com\/neos-music.com\/wp-content\/uploads\/2025\/08\/NEOS-Logo-weiss.png?fit=800%2C203&ssl=1","width":800,"height":203,"caption":"NEOS Music"},"image":{"@id":"https:\/\/neos-music.com\/#\/schema\/logo\/image\/"}}]}},"jetpack_sharing_enabled":true,"_links":{"self":[{"href":"https:\/\/neos-music.com\/en_us\/wp-json\/wp\/v2\/product\/2777","targetHints":{"allow":["GET"]}}],"collection":[{"href":"https:\/\/neos-music.com\/en_us\/wp-json\/wp\/v2\/product"}],"about":[{"href":"https:\/\/neos-music.com\/en_us\/wp-json\/wp\/v2\/types\/product"}],"version-history":[{"count":0,"href":"https:\/\/neos-music.com\/en_us\/wp-json\/wp\/v2\/product\/2777\/revisions"}],"wp:featuredmedia":[{"embeddable":true,"href":"https:\/\/neos-music.com\/en_us\/wp-json\/wp\/v2\/media\/2778"}],"wp:attachment":[{"href":"https:\/\/neos-music.com\/en_us\/wp-json\/wp\/v2\/media?parent=2777"}],"wp:term":[{"taxonomy":"product_brand","embeddable":true,"href":"https:\/\/neos-music.com\/en_us\/wp-json\/wp\/v2\/product_brand?post=2777"},{"taxonomy":"product_cat","embeddable":true,"href":"https:\/\/neos-music.com\/en_us\/wp-json\/wp\/v2\/product_cat?post=2777"},{"taxonomy":"product_tag","embeddable":true,"href":"https:\/\/neos-music.com\/en_us\/wp-json\/wp\/v2\/product_tag?post=2777"}],"curies":[{"name":"wp","href":"https:\/\/api.w.org\/{rel}","templated":true}]}}