{"id":2779,"date":"2016-06-27T16:14:09","date_gmt":"2016-06-27T16:14:09","guid":{"rendered":"https:\/\/neos-music.com\/?post_type=product&#038;p=2779"},"modified":"2023-05-26T10:31:29","modified_gmt":"2023-05-26T10:31:29","slug":"gyoergy-ligeti-tristan-murail-george-benjamin-musica-viva-vol-22","status":"publish","type":"product","link":"https:\/\/neos-music.com\/en_us\/product\/gyoergy-ligeti-tristan-murail-george-benjamin-musica-viva-vol-22\/","title":{"rendered":"Gy\u00f6rgy Ligeti, Tristan Murail, George Benjamin: musica viva vol. 22"},"content":{"rendered":"<p>Programm:<\/p>\n<p><b><a class=\"arcoma_glossarylink\" href=\"https:\/\/neos-music.com\/output.php?content=Kuenstler\/Ligeti_Gyoergy.php&amp;treplace=english%2Cgerman\" target=\"_self\" rel=\"noopener\">Gy\u00f6rgy Ligeti<\/a><\/b>\u00a0(1923 \u2013 2006)<br \/>\n[01]\u00a0<b>Lontano<\/b>\u00a0for large orchestra (1967)\u00a0<b>11:37<\/b><\/p>\n<p><b>Tristan Murail<\/b>\u00a0(*1947)<br \/>\n[02]\u00a0<b>Le D\u00e9senchantement du monde. Concerto symphonique pour piano et orchestre<\/b>\u00a0(2011\/ 2012)\u00a0<b>30:54<\/b><\/p>\n<p><b>George Benjamin<\/b>\u00a0(*1960)<br \/>\n<b>Palimpsests<\/b>\u00a0for orchestra (1998 \u2013 2002)\u00a0<b>19:42<\/b><\/p>\n<p>[03]\u00a0<b>Palimpsest I (Viertel = 88)<\/b>\u00a0\u00a008:31<br \/>\n[04]\u00a0<b>Palimpsest II (Viertel = 112)<\/b>\u00a0\u00a011:11<\/p>\n<p>total playing time: 62:17<\/p>\n<p><a class=\"arcoma_glossarylink\" href=\"https:\/\/neos-music.com\/output.php?content=Kuenstler\/Pierre-Laurent_Aimard.php&amp;treplace=english%2Cgerman\" target=\"_self\" rel=\"noopener\">Pierre-Laurent Aimard<\/a>, piano<br \/>\nSymphonieorchester des Bayerischen Rundfunks<br \/>\nGeorge Benjamin, conductor<\/p>\n<p>Pressestimmen:<\/p>\n<p><img data-recalc-dims=\"1\" decoding=\"async\" src=\"https:\/\/i0.wp.com\/neos-music.com\/wp-content\/uploads\/2023\/05\/logo_scherzo2.jpg?ssl=1\" alt=\"\" \/><img data-recalc-dims=\"1\" decoding=\"async\" src=\"https:\/\/i0.wp.com\/neos-music.com\/wp-content\/uploads\/2023\/05\/scherzo_EtiquetaExcepcional.gif?ssl=1\" alt=\"\" \/><br \/>\n<b>04\/2017<\/b><\/p>\n<p>El compositor y director George Benjamin firma la n\u00edtida y brillante direcci\u00f3n de estas tres piezas orquestales que, si bien muy distintas entre ellas, tienen como denominador com\u00fan una actitud divergente de los rigores de un serialismo ca\u00eddo en horas bajas y la apertura hacia nuevos y m\u00e1s flexibles territorios y contenidos musicales sin perder de vista la perspectiva de una asentada tradici\u00f3n musical.<\/p>\n<p>Ligeti lo alcanzaba en 1967 con\u00a0<i>Lontano<\/i>, todo un cl\u00e1sico, que si bien derivaba de\u00a0<i>Atmosph\u00e8res<\/i>, introduce el concepto de sonido-superficie a modo de pintura de sutiles variaciones, mezcla de timbres y constelaciones de micropolifon\u00edas. Su continuo sonoro lo acerca a criterios de la m\u00fasica electr\u00f3nica pero por otro lado a la tradici\u00f3n rom\u00e1ntica europea. Esa suave textura de olas de sonido de la superficie nos habla de su infancia con su exquisito y misterioso estatismo interno. Murail se desmarca en este estreno absoluto del exceso de an\u00e1lisis espectral si bien contin\u00faa su inter\u00e9s por el modelado del sonido y las resonancias instrumentales.<\/p>\n<p><i>Le d\u00e9senchantement du monde<\/i>\u00a0tiene formato de concierto sinf\u00f3nico para piano cuya envolvente estructura se sustenta en un sinf\u00edn de l\u00edricos episodios individuales y contrastadas variaciones en la interacci\u00f3n entre piano \u2014en manos de Aimard\u2014 y orquesta con declaradas referencias al Liszt de la\u00a0<i>Sonata<\/i>\u00a0y del\u00a0<i>Concierto para piano n\u00ba 2<\/i>.<\/p>\n<p><i>Palimsests<\/i>, del propio Benjamin, se compone de dos piezas de distinto planteamiento que fueron estrenadas en su d\u00eda por Boulez. Su t\u00edtulo, que parte de los pergaminos manuscritos, es una met\u00e1fora alusiva a las complejas teor\u00edas literarias y culturales y sus formas de lectura y apreciaci\u00f3n; capas de sonido, transparencias, fragmentaci\u00f3n, intertextualidad, interpenetraci\u00f3n de motivos e invenciones diversas que ora colisionan, ora se desarrollan en direcciones dispares.<\/p>\n<p><i>Manuel Luca de Tena<\/i><\/p>\n<p>&nbsp;<\/p>\n<p><img data-recalc-dims=\"1\" decoding=\"async\" src=\"https:\/\/i0.wp.com\/neos-music.com\/wp-content\/uploads\/2023\/05\/logo_mundoclasico2.gif?ssl=1\" alt=\"\" \/><\/p>\n<p>Paco Y\u00e1\u00f1ez schrieb am 20.3.2017 auf mundoclassico.com: &#8222;De entre las diversas series que el sello alem\u00e1n NEOS dedica a las citas fundamentales de la nueva m\u00fasica europea, la del festival muniqu\u00e9s Musica Viva es, valga la redundancia, una de las m\u00e1s vivas y coleantes. (&#8230;)&#8220;<\/p>\n<p><a class=\"arcoma_editor_link\" href=\"https:\/\/neos-music.com\/output.php?template=german-album-details.php&amp;content=Alben\/11422.php#\" target=\"_blank\" rel=\"noopener\">Lesen Sie den Artikel hier.<\/a><\/p>\n<p>&nbsp;<\/p>\n<p><img data-recalc-dims=\"1\" decoding=\"async\" src=\"https:\/\/i0.wp.com\/neos-music.com\/wp-content\/uploads\/2023\/05\/logo_FonoForum.gif?ssl=1\" alt=\"\" \/><\/p>\n<p>01\/2017<\/p>\n<p>&#8222;Gy\u00f6rgy Ligetis gleichzeitig monstr\u00f6ses wie sensibel leuchtendes Orchesterst\u00fcck &#8218;Lontano&#8216; [&#8230;] arbeitet wie das ber\u00fchmte &#8218;Atmosph\u00e8res&#8220; mit mikropolyfonen Feinstver\u00e4stelungen, ist ein sich fortschreibendes Klangband, dem alle Instrumente unterworfen sind, jede musikalische Erz\u00e4hlung negierend. Stillstand in der Bewegung. Vor allem aber ist &#8218;Lontano&#8216; lebendige Musik, wenn es so dargeboten wird wie hier vom Symphonieorchester des Bayerischen Rundfunks unter George Benjamin.<\/p>\n<p>\u00dcberhaupt m\u00fcssen die Musica-Viva-Abende im Mai 2012 Sternstunden gewesen sein. [&#8230;] &#8230; pr\u00e4sentiert sich Pierre-Laurent Aimard mit leuchtend hellem Ton am Fl\u00fcgel in Bestform.&#8220;<\/p>\n<p>(Tilman Urbach)<\/p>\n<p>&nbsp;<\/p>\n<p><img data-recalc-dims=\"1\" decoding=\"async\" src=\"https:\/\/i0.wp.com\/neos-music.com\/wp-content\/uploads\/2023\/05\/logo_bbc_music.jpg?ssl=1\" alt=\"\" \/><\/p>\n<p>12\/2016<\/p>\n<p>&#8222;This is special. Three utterly captivating, ear-tickling pieces by composers from successive generations in superlative performances from Munich&#8217;s ever enticing Musica Viva concerts.&#8220;<\/p>\n<p>(Christopher Dingle)<\/p>\n<p>&nbsp;<\/p>\n<p><img data-recalc-dims=\"1\" decoding=\"async\" src=\"https:\/\/i0.wp.com\/neos-music.com\/wp-content\/uploads\/2023\/05\/logo_gramophone.gif?ssl=1\" alt=\"\" \/><\/p>\n<p>11\/2016<\/p>\n<p>&#8222;Benjamin leads a superlative performance, one surprisingly visceral for a piece about distance. [&#8230;] &#8230; flecks of melody flicker in the ear, enticing and disappearing in a moment; the balancing that makes that possible is admirable. [&#8230;] This is some of Benjamin&#8217;s most forthright writung, and it benefits from the larger scale and broader palette this orchestrsa offers compared to the Ensemble Modern in the composer&#8217;s previous recording.&#8220;<\/p>\n<p>(David Allen)<\/p>\n<p>Auszeichnungen &amp; Erw\u00e4hnungen:<\/p>\n<p><img data-recalc-dims=\"1\" decoding=\"async\" src=\"https:\/\/i0.wp.com\/neos-music.com\/wp-content\/uploads\/2023\/05\/GramophoneAwards2017-large.png?ssl=1\" alt=\"\" \/><\/p>\n<p>01 September 2017<\/p>\n<p>&nbsp;<\/p>\n<p>We are very happy to announce that the Gramophone Classical Music Awards 2017 in the category &#8222;Contemporary&#8220;\u00a0goes to\u00a0NEOS\u00a0<a class=\"arcoma_glossarylink\" href=\"https:\/\/neos-music.com\/output.php?content=Alben\/11422.php&amp;treplace=english%2Cgerman\" target=\"_self\" rel=\"noopener\">11422<\/a>\u00a0\u00a0<b>&#8222;musica viva 22 &#8211; Ligeti \/ Murail \/ Benjamin&#8220;<\/b>.<\/p>\n<p>The celebration of the 40th Gramophone Classical Music Awards will take place on Wednesday, 13 September 2017 in London.<\/p>\n<p>&nbsp;<\/p>\n<p>Please visit\u00a0<a class=\"arcoma_editor_link\" href=\"https:\/\/neos-music.com\/output.php?template=german-album-details.php&amp;content=Alben\/11422.php#\" target=\"_blank\" rel=\"noopener\">www.gramophone.co.uk<\/a>\u00a0for further Information<\/p>\n<p>&nbsp;<\/p>\n<p>&nbsp;<\/p>\n<p><img data-recalc-dims=\"1\" decoding=\"async\" src=\"https:\/\/i0.wp.com\/neos-music.com\/wp-content\/uploads\/2023\/05\/logo_scherzo2.jpg?ssl=1\" alt=\"\" \/><img data-recalc-dims=\"1\" decoding=\"async\" src=\"https:\/\/i0.wp.com\/neos-music.com\/wp-content\/uploads\/2023\/05\/scherzo_EtiquetaExcepcional.gif?ssl=1\" alt=\"\" \/><br \/>\n<b>04\/2017<\/b><\/p>\n<p>El compositor y director George Benjamin firma la n\u00edtida y brillante direcci\u00f3n de estas tres piezas orquestales que, si bien muy distintas entre ellas, tienen como denominador com\u00fan una actitud divergente de los rigores de un serialismo ca\u00eddo en horas bajas y la apertura hacia nuevos y m\u00e1s flexibles territorios y contenidos musicales sin perder de vista la perspectiva de una asentada tradici\u00f3n musical.<\/p>\n<p>Ligeti lo alcanzaba en 1967 con\u00a0<i>Lontano<\/i>, todo un cl\u00e1sico, que si bien derivaba de\u00a0<i>Atmosph\u00e8res<\/i>, introduce el concepto de sonido-superficie a modo de pintura de sutiles variaciones, mezcla de timbres y constelaciones de micropolifon\u00edas. Su continuo sonoro lo acerca a criterios de la m\u00fasica electr\u00f3nica pero por otro lado a la tradici\u00f3n rom\u00e1ntica europea. Esa suave textura de olas de sonido de la superficie nos habla de su infancia con su exquisito y misterioso estatismo interno. Murail se desmarca en este estreno absoluto del exceso de an\u00e1lisis espectral si bien contin\u00faa su inter\u00e9s por el modelado del sonido y las resonancias instrumentales.<\/p>\n<p><i>Le d\u00e9senchantement du monde<\/i>\u00a0tiene formato de concierto sinf\u00f3nico para piano cuya envolvente estructura se sustenta en un sinf\u00edn de l\u00edricos episodios individuales y contrastadas variaciones en la interacci\u00f3n entre piano \u2014en manos de Aimard\u2014 y orquesta con declaradas referencias al Liszt de la\u00a0<i>Sonata<\/i>\u00a0y del\u00a0<i>Concierto para piano n\u00ba 2<\/i>.<\/p>\n<p><i>Palimsests<\/i>, del propio Benjamin, se compone de dos piezas de distinto planteamiento que fueron estrenadas en su d\u00eda por Boulez. Su t\u00edtulo, que parte de los pergaminos manuscritos, es una met\u00e1fora alusiva a las complejas teor\u00edas literarias y culturales y sus formas de lectura y apreciaci\u00f3n; capas de sonido, transparencias, fragmentaci\u00f3n, intertextualidad, interpenetraci\u00f3n de motivos e invenciones diversas que ora colisionan, ora se desarrollan en direcciones dispares.<\/p>\n<p><i>Manuel Luca de Tena<\/i><\/p>\n","protected":false},"excerpt":{"rendered":"<p>Programm: Gy\u00f6rgy Ligeti\u00a0(1923 \u2013 2006) [01]\u00a0Lontano\u00a0for large orchestra (1967)\u00a011:37 Tristan Murail\u00a0(*1947) [02]\u00a0Le D\u00e9senchantement du monde. Concerto symphonique pour piano et orchestre\u00a0(2011\/ 2012)\u00a030:54 George Benjamin\u00a0(*1960) Palimpsests\u00a0for orchestra (1998 \u2013 2002)\u00a019:42 [03]\u00a0Palimpsest I (Viertel = 88)\u00a0\u00a008:31 [04]\u00a0Palimpsest II (Viertel = 112)\u00a0\u00a011:11 total playing time: 62:17 Pierre-Laurent Aimard, piano Symphonieorchester des Bayerischen Rundfunks George Benjamin, conductor Pressestimmen: 04\/2017 [&hellip;]<\/p>\n","protected":false},"featured_media":2780,"template":"","meta":{"site-sidebar-layout":"default","site-content-layout":"default","ast-site-content-layout":"default","site-content-style":"default","site-sidebar-style":"default","ast-global-header-display":"","ast-banner-title-visibility":"","ast-main-header-display":"","ast-hfb-above-header-display":"","ast-hfb-below-header-display":"","ast-hfb-mobile-header-display":"","site-post-title":"","ast-breadcrumbs-content":"","ast-featured-img":"","footer-sml-layout":"","theme-transparent-header-meta":"default","adv-header-id-meta":"","stick-header-meta":"","header-above-stick-meta":"","header-main-stick-meta":"","header-below-stick-meta":"","astra-migrate-meta-layouts":"default","ast-page-background-enabled":"default","ast-page-background-meta":{"desktop":{"background-color":"","background-image":"","background-repeat":"repeat","background-position":"center center","background-size":"auto","background-attachment":"scroll","background-type":"","background-media":"","overlay-type":"","overlay-color":"","overlay-opacity":"","overlay-gradient":""},"tablet":{"background-color":"","background-image":"","background-repeat":"repeat","background-position":"center center","background-size":"auto","background-attachment":"scroll","background-type":"","background-media":"","overlay-type":"","overlay-color":"","overlay-opacity":"","overlay-gradient":""},"mobile":{"background-color":"","background-image":"","background-repeat":"repeat","background-position":"center center","background-size":"auto","background-attachment":"scroll","background-type":"","background-media":"","overlay-type":"","overlay-color":"","overlay-opacity":"","overlay-gradient":""}},"ast-content-background-meta":{"desktop":{"background-color":"var(--ast-global-color-5)","background-image":"","background-repeat":"repeat","background-position":"center center","background-size":"auto","background-attachment":"scroll","background-type":"","background-media":"","overlay-type":"","overlay-color":"","overlay-opacity":"","overlay-gradient":""},"tablet":{"background-color":"var(--ast-global-color-5)","background-image":"","background-repeat":"repeat","background-position":"center center","background-size":"auto","background-attachment":"scroll","background-type":"","background-media":"","overlay-type":"","overlay-color":"","overlay-opacity":"","overlay-gradient":""},"mobile":{"background-color":"var(--ast-global-color-5)","background-image":"","background-repeat":"repeat","background-position":"center center","background-size":"auto","background-attachment":"scroll","background-type":"","background-media":"","overlay-type":"","overlay-color":"","overlay-opacity":"","overlay-gradient":""}}},"product_brand":[],"product_cat":[26],"product_tag":[],"class_list":{"0":"post-2779","1":"product","2":"type-product","3":"status-publish","4":"has-post-thumbnail","6":"product_cat-zeitgenossische-musik","7":"pa_artikelnummer-neos-11422","8":"pa_brand-neos-music","9":"pa_ean-338","10":"desktop-align-left","11":"tablet-align-left","12":"mobile-align-left","14":"first","15":"instock","16":"taxable","17":"shipping-taxable","18":"purchasable","19":"product-type-simple"},"yoast_head":"<!-- This site is optimized with the Yoast SEO plugin v27.3 - https:\/\/yoast.com\/product\/yoast-seo-wordpress\/ -->\n<title>Gy\u00f6rgy Ligeti, Tristan Murail, George Benjamin: musica viva vol. 22 - NEOS Music<\/title>\n<meta name=\"robots\" content=\"index, follow, max-snippet:-1, max-image-preview:large, max-video-preview:-1\" \/>\n<link rel=\"canonical\" href=\"https:\/\/neos-music.com\/en_us\/product\/gyoergy-ligeti-tristan-murail-george-benjamin-musica-viva-vol-22\/\" \/>\n<meta property=\"og:locale\" content=\"en_US\" \/>\n<meta property=\"og:type\" content=\"article\" \/>\n<meta property=\"og:title\" content=\"Gy\u00f6rgy Ligeti, Tristan Murail, George Benjamin: musica viva vol. 22 - NEOS Music\" \/>\n<meta property=\"og:description\" content=\"Programm: Gy\u00f6rgy Ligeti\u00a0(1923 \u2013 2006) [01]\u00a0Lontano\u00a0for large orchestra (1967)\u00a011:37 Tristan Murail\u00a0(*1947) [02]\u00a0Le D\u00e9senchantement du monde. Concerto symphonique pour piano et orchestre\u00a0(2011\/ 2012)\u00a030:54 George Benjamin\u00a0(*1960) Palimpsests\u00a0for orchestra (1998 \u2013 2002)\u00a019:42 [03]\u00a0Palimpsest I (Viertel = 88)\u00a0\u00a008:31 [04]\u00a0Palimpsest II (Viertel = 112)\u00a0\u00a011:11 total playing time: 62:17 Pierre-Laurent Aimard, piano Symphonieorchester des Bayerischen Rundfunks George Benjamin, conductor Pressestimmen: 04\/2017 [&hellip;]\" \/>\n<meta property=\"og:url\" content=\"https:\/\/neos-music.com\/en_us\/product\/gyoergy-ligeti-tristan-murail-george-benjamin-musica-viva-vol-22\/\" \/>\n<meta property=\"og:site_name\" content=\"NEOS Music\" \/>\n<meta property=\"article:modified_time\" content=\"2023-05-26T10:31:29+00:00\" \/>\n<meta property=\"og:image\" content=\"https:\/\/neos-music.com\/wp-content\/uploads\/2022\/11\/NEOS_11422_mv22.jpeg\" \/>\n\t<meta property=\"og:image:width\" content=\"1648\" \/>\n\t<meta property=\"og:image:height\" content=\"1483\" \/>\n\t<meta property=\"og:image:type\" content=\"image\/jpeg\" \/>\n<meta name=\"twitter:card\" content=\"summary_large_image\" \/>\n<meta name=\"twitter:label1\" content=\"Est. reading time\" \/>\n\t<meta name=\"twitter:data1\" content=\"8 minutes\" \/>\n<script type=\"application\/ld+json\" class=\"yoast-schema-graph\">{\"@context\":\"https:\\\/\\\/schema.org\",\"@graph\":[{\"@type\":\"WebPage\",\"@id\":\"https:\\\/\\\/neos-music.com\\\/product\\\/gyoergy-ligeti-tristan-murail-george-benjamin-musica-viva-vol-22\\\/\",\"url\":\"https:\\\/\\\/neos-music.com\\\/product\\\/gyoergy-ligeti-tristan-murail-george-benjamin-musica-viva-vol-22\\\/\",\"name\":\"Gy\u00f6rgy Ligeti, Tristan Murail, George Benjamin: musica viva vol. 22 - NEOS Music\",\"isPartOf\":{\"@id\":\"https:\\\/\\\/neos-music.com\\\/#website\"},\"primaryImageOfPage\":{\"@id\":\"https:\\\/\\\/neos-music.com\\\/product\\\/gyoergy-ligeti-tristan-murail-george-benjamin-musica-viva-vol-22\\\/#primaryimage\"},\"image\":{\"@id\":\"https:\\\/\\\/neos-music.com\\\/product\\\/gyoergy-ligeti-tristan-murail-george-benjamin-musica-viva-vol-22\\\/#primaryimage\"},\"thumbnailUrl\":\"https:\\\/\\\/i0.wp.com\\\/neos-music.com\\\/wp-content\\\/uploads\\\/2022\\\/11\\\/NEOS_11422_mv22.jpeg?fit=1648%2C1483&ssl=1\",\"datePublished\":\"2016-06-27T16:14:09+00:00\",\"dateModified\":\"2023-05-26T10:31:29+00:00\",\"breadcrumb\":{\"@id\":\"https:\\\/\\\/neos-music.com\\\/product\\\/gyoergy-ligeti-tristan-murail-george-benjamin-musica-viva-vol-22\\\/#breadcrumb\"},\"inLanguage\":\"en-US\",\"potentialAction\":[{\"@type\":\"ReadAction\",\"target\":[\"https:\\\/\\\/neos-music.com\\\/product\\\/gyoergy-ligeti-tristan-murail-george-benjamin-musica-viva-vol-22\\\/\"]}]},{\"@type\":\"ImageObject\",\"inLanguage\":\"en-US\",\"@id\":\"https:\\\/\\\/neos-music.com\\\/product\\\/gyoergy-ligeti-tristan-murail-george-benjamin-musica-viva-vol-22\\\/#primaryimage\",\"url\":\"https:\\\/\\\/i0.wp.com\\\/neos-music.com\\\/wp-content\\\/uploads\\\/2022\\\/11\\\/NEOS_11422_mv22.jpeg?fit=1648%2C1483&ssl=1\",\"contentUrl\":\"https:\\\/\\\/i0.wp.com\\\/neos-music.com\\\/wp-content\\\/uploads\\\/2022\\\/11\\\/NEOS_11422_mv22.jpeg?fit=1648%2C1483&ssl=1\",\"width\":1648,\"height\":1483},{\"@type\":\"BreadcrumbList\",\"@id\":\"https:\\\/\\\/neos-music.com\\\/product\\\/gyoergy-ligeti-tristan-murail-george-benjamin-musica-viva-vol-22\\\/#breadcrumb\",\"itemListElement\":[{\"@type\":\"ListItem\",\"position\":1,\"name\":\"Startseite\",\"item\":\"https:\\\/\\\/neos-music.com\\\/\"},{\"@type\":\"ListItem\",\"position\":2,\"name\":\"Produkte\",\"item\":\"https:\\\/\\\/neos-music.com\\\/shop__trashed\\\/\"},{\"@type\":\"ListItem\",\"position\":3,\"name\":\"Gy\u00f6rgy Ligeti, Tristan Murail, George Benjamin: musica viva vol. 22\"}]},{\"@type\":\"WebSite\",\"@id\":\"https:\\\/\\\/neos-music.com\\\/#website\",\"url\":\"https:\\\/\\\/neos-music.com\\\/\",\"name\":\"NEOS Music\",\"description\":\"Dein Online Shop f\u00fcr zeitgen\u00f6ssische Musik, Jazz und Classics!\",\"publisher\":{\"@id\":\"https:\\\/\\\/neos-music.com\\\/#organization\"},\"potentialAction\":[{\"@type\":\"SearchAction\",\"target\":{\"@type\":\"EntryPoint\",\"urlTemplate\":\"https:\\\/\\\/neos-music.com\\\/?s={search_term_string}\"},\"query-input\":{\"@type\":\"PropertyValueSpecification\",\"valueRequired\":true,\"valueName\":\"search_term_string\"}}],\"inLanguage\":\"en-US\"},{\"@type\":\"Organization\",\"@id\":\"https:\\\/\\\/neos-music.com\\\/#organization\",\"name\":\"NEOS Music\",\"url\":\"https:\\\/\\\/neos-music.com\\\/\",\"logo\":{\"@type\":\"ImageObject\",\"inLanguage\":\"en-US\",\"@id\":\"https:\\\/\\\/neos-music.com\\\/#\\\/schema\\\/logo\\\/image\\\/\",\"url\":\"https:\\\/\\\/i0.wp.com\\\/neos-music.com\\\/wp-content\\\/uploads\\\/2025\\\/08\\\/NEOS-Logo-weiss.png?fit=800%2C203&ssl=1\",\"contentUrl\":\"https:\\\/\\\/i0.wp.com\\\/neos-music.com\\\/wp-content\\\/uploads\\\/2025\\\/08\\\/NEOS-Logo-weiss.png?fit=800%2C203&ssl=1\",\"width\":800,\"height\":203,\"caption\":\"NEOS Music\"},\"image\":{\"@id\":\"https:\\\/\\\/neos-music.com\\\/#\\\/schema\\\/logo\\\/image\\\/\"}}]}<\/script>\n<!-- \/ Yoast SEO plugin. -->","yoast_head_json":{"title":"Gy\u00f6rgy Ligeti, Tristan Murail, George Benjamin: musica viva vol. 22 - NEOS Music","robots":{"index":"index","follow":"follow","max-snippet":"max-snippet:-1","max-image-preview":"max-image-preview:large","max-video-preview":"max-video-preview:-1"},"canonical":"https:\/\/neos-music.com\/en_us\/product\/gyoergy-ligeti-tristan-murail-george-benjamin-musica-viva-vol-22\/","og_locale":"en_US","og_type":"article","og_title":"Gy\u00f6rgy Ligeti, Tristan Murail, George Benjamin: musica viva vol. 22 - NEOS Music","og_description":"Programm: Gy\u00f6rgy Ligeti\u00a0(1923 \u2013 2006) [01]\u00a0Lontano\u00a0for large orchestra (1967)\u00a011:37 Tristan Murail\u00a0(*1947) [02]\u00a0Le D\u00e9senchantement du monde. Concerto symphonique pour piano et orchestre\u00a0(2011\/ 2012)\u00a030:54 George Benjamin\u00a0(*1960) Palimpsests\u00a0for orchestra (1998 \u2013 2002)\u00a019:42 [03]\u00a0Palimpsest I (Viertel = 88)\u00a0\u00a008:31 [04]\u00a0Palimpsest II (Viertel = 112)\u00a0\u00a011:11 total playing time: 62:17 Pierre-Laurent Aimard, piano Symphonieorchester des Bayerischen Rundfunks George Benjamin, conductor Pressestimmen: 04\/2017 [&hellip;]","og_url":"https:\/\/neos-music.com\/en_us\/product\/gyoergy-ligeti-tristan-murail-george-benjamin-musica-viva-vol-22\/","og_site_name":"NEOS Music","article_modified_time":"2023-05-26T10:31:29+00:00","og_image":[{"width":1648,"height":1483,"url":"https:\/\/neos-music.com\/wp-content\/uploads\/2022\/11\/NEOS_11422_mv22.jpeg","type":"image\/jpeg"}],"twitter_card":"summary_large_image","twitter_misc":{"Est. reading time":"8 minutes"},"schema":{"@context":"https:\/\/schema.org","@graph":[{"@type":"WebPage","@id":"https:\/\/neos-music.com\/product\/gyoergy-ligeti-tristan-murail-george-benjamin-musica-viva-vol-22\/","url":"https:\/\/neos-music.com\/product\/gyoergy-ligeti-tristan-murail-george-benjamin-musica-viva-vol-22\/","name":"Gy\u00f6rgy Ligeti, Tristan Murail, George Benjamin: musica viva vol. 22 - NEOS Music","isPartOf":{"@id":"https:\/\/neos-music.com\/#website"},"primaryImageOfPage":{"@id":"https:\/\/neos-music.com\/product\/gyoergy-ligeti-tristan-murail-george-benjamin-musica-viva-vol-22\/#primaryimage"},"image":{"@id":"https:\/\/neos-music.com\/product\/gyoergy-ligeti-tristan-murail-george-benjamin-musica-viva-vol-22\/#primaryimage"},"thumbnailUrl":"https:\/\/i0.wp.com\/neos-music.com\/wp-content\/uploads\/2022\/11\/NEOS_11422_mv22.jpeg?fit=1648%2C1483&ssl=1","datePublished":"2016-06-27T16:14:09+00:00","dateModified":"2023-05-26T10:31:29+00:00","breadcrumb":{"@id":"https:\/\/neos-music.com\/product\/gyoergy-ligeti-tristan-murail-george-benjamin-musica-viva-vol-22\/#breadcrumb"},"inLanguage":"en-US","potentialAction":[{"@type":"ReadAction","target":["https:\/\/neos-music.com\/product\/gyoergy-ligeti-tristan-murail-george-benjamin-musica-viva-vol-22\/"]}]},{"@type":"ImageObject","inLanguage":"en-US","@id":"https:\/\/neos-music.com\/product\/gyoergy-ligeti-tristan-murail-george-benjamin-musica-viva-vol-22\/#primaryimage","url":"https:\/\/i0.wp.com\/neos-music.com\/wp-content\/uploads\/2022\/11\/NEOS_11422_mv22.jpeg?fit=1648%2C1483&ssl=1","contentUrl":"https:\/\/i0.wp.com\/neos-music.com\/wp-content\/uploads\/2022\/11\/NEOS_11422_mv22.jpeg?fit=1648%2C1483&ssl=1","width":1648,"height":1483},{"@type":"BreadcrumbList","@id":"https:\/\/neos-music.com\/product\/gyoergy-ligeti-tristan-murail-george-benjamin-musica-viva-vol-22\/#breadcrumb","itemListElement":[{"@type":"ListItem","position":1,"name":"Startseite","item":"https:\/\/neos-music.com\/"},{"@type":"ListItem","position":2,"name":"Produkte","item":"https:\/\/neos-music.com\/shop__trashed\/"},{"@type":"ListItem","position":3,"name":"Gy\u00f6rgy Ligeti, Tristan Murail, George Benjamin: musica viva vol. 22"}]},{"@type":"WebSite","@id":"https:\/\/neos-music.com\/#website","url":"https:\/\/neos-music.com\/","name":"NEOS Music","description":"Dein Online Shop f\u00fcr zeitgen\u00f6ssische Musik, Jazz und Classics!","publisher":{"@id":"https:\/\/neos-music.com\/#organization"},"potentialAction":[{"@type":"SearchAction","target":{"@type":"EntryPoint","urlTemplate":"https:\/\/neos-music.com\/?s={search_term_string}"},"query-input":{"@type":"PropertyValueSpecification","valueRequired":true,"valueName":"search_term_string"}}],"inLanguage":"en-US"},{"@type":"Organization","@id":"https:\/\/neos-music.com\/#organization","name":"NEOS Music","url":"https:\/\/neos-music.com\/","logo":{"@type":"ImageObject","inLanguage":"en-US","@id":"https:\/\/neos-music.com\/#\/schema\/logo\/image\/","url":"https:\/\/i0.wp.com\/neos-music.com\/wp-content\/uploads\/2025\/08\/NEOS-Logo-weiss.png?fit=800%2C203&ssl=1","contentUrl":"https:\/\/i0.wp.com\/neos-music.com\/wp-content\/uploads\/2025\/08\/NEOS-Logo-weiss.png?fit=800%2C203&ssl=1","width":800,"height":203,"caption":"NEOS Music"},"image":{"@id":"https:\/\/neos-music.com\/#\/schema\/logo\/image\/"}}]}},"jetpack_sharing_enabled":true,"_links":{"self":[{"href":"https:\/\/neos-music.com\/en_us\/wp-json\/wp\/v2\/product\/2779","targetHints":{"allow":["GET"]}}],"collection":[{"href":"https:\/\/neos-music.com\/en_us\/wp-json\/wp\/v2\/product"}],"about":[{"href":"https:\/\/neos-music.com\/en_us\/wp-json\/wp\/v2\/types\/product"}],"version-history":[{"count":0,"href":"https:\/\/neos-music.com\/en_us\/wp-json\/wp\/v2\/product\/2779\/revisions"}],"wp:featuredmedia":[{"embeddable":true,"href":"https:\/\/neos-music.com\/en_us\/wp-json\/wp\/v2\/media\/2780"}],"wp:attachment":[{"href":"https:\/\/neos-music.com\/en_us\/wp-json\/wp\/v2\/media?parent=2779"}],"wp:term":[{"taxonomy":"product_brand","embeddable":true,"href":"https:\/\/neos-music.com\/en_us\/wp-json\/wp\/v2\/product_brand?post=2779"},{"taxonomy":"product_cat","embeddable":true,"href":"https:\/\/neos-music.com\/en_us\/wp-json\/wp\/v2\/product_cat?post=2779"},{"taxonomy":"product_tag","embeddable":true,"href":"https:\/\/neos-music.com\/en_us\/wp-json\/wp\/v2\/product_tag?post=2779"}],"curies":[{"name":"wp","href":"https:\/\/api.w.org\/{rel}","templated":true}]}}