{"id":2783,"date":"2016-06-08T16:28:06","date_gmt":"2016-06-08T16:28:06","guid":{"rendered":"https:\/\/neos-music.com\/?post_type=product&#038;p=2783"},"modified":"2023-05-22T23:36:57","modified_gmt":"2023-05-22T23:36:57","slug":"daniele-lombardi-divina-com","status":"publish","type":"product","link":"https:\/\/neos-music.com\/en_us\/product\/daniele-lombardi-divina-com\/","title":{"rendered":"Daniele Lombardi: divina.com"},"content":{"rendered":"<p>Programm:<\/p>\n<table border=\"0\" width=\"100%\" rules=\"none\" cellspacing=\"0\" cellpadding=\"0\">\n<tbody>\n<tr>\n<td class=\"bigcontent2\">\n<div id=\"tracks\">\n<p><b>divina.com<\/b><\/p>\n<p>Lapidi dantesche a Firenze<br \/>\nThe Dante Plaques in Florence<\/p>\n<p><b><\/b>Mixed Media Event in 36 Teilen<br \/>\nf\u00fcr Stimme, Ensemble, Live-Elektronik und Video<\/p>\n<p>&nbsp;<\/p>\n<p><i>Livemitschnitt der Weltpremiere: 05. Juli 2004<br \/>\nGalleria dell&#8217;Accademia, Tribuna del David (Florenz)<\/i><\/p>\n<p>&nbsp;<\/p>\n<p><b>David Moss<\/b>, Sprecher<\/p>\n<p><b>Ensemble Novecento e oltre<\/b><\/p>\n<p><b>Antonio Ballista<\/b>, conductor<\/p>\n<p><b><a class=\"arcoma_glossarylink\" href=\"https:\/\/neos-music.com\/en_us\/output.php\/?content=Kuenstler\/Lombardi_Daniele.php&amp;treplace=english%2Cgerman\" target=\"_self\" rel=\"noopener\">Daniele Lombardi<\/a><\/b>, k\u00fcnstlerischer Leiter<\/p>\n<p><b>Damiano Meacci<\/b>, Live-Elektronik<\/p>\n<p><b>Art Media Studio<\/b>\u00a0(Marilena Bertozzi &amp; Vincenzo Capalbo), Video<\/p>\n<p>&nbsp;<\/p>\n<p>Ton: PCM 2.0 Stereo<br \/>\nBildformat: 16:9<br \/>\nDVD 5\u00a0NTSC, region free<br \/>\nLaufzeit: 85:34<\/p>\n<\/div>\n<\/td>\n<td><\/td>\n<\/tr>\n<\/tbody>\n<\/table>\n<p>Pressestimmen:<\/p>\n<table border=\"0\" width=\"100%\" rules=\"none\" cellspacing=\"0\" cellpadding=\"0\">\n<tbody>\n<tr>\n<td class=\"bigcontent2\">\n<div id=\"press\">\n<p><img data-recalc-dims=\"1\" decoding=\"async\" src=\"https:\/\/i0.wp.com\/neos-music.com\/wp-content\/uploads\/2023\/05\/logo_NeueZeitschriftMusik_NEU.jpg?ssl=1\" alt=\"\" \/><\/p>\n<p>Dirk Wiescholek schreibt in der Ausgabe #2.2017:<\/p>\n<p>&#8222;&#8230; Lombardis Musik, die ungemein spannungsvoll zwischen Fl\u00e4chigkeit und motivischen Konturen, virtuosen Soli und komplexen Ensemblegef\u00fcgen und nicht zuletzt Gegenwart und Vergangenheit angesiedelt ist. (&#8230;) Entscheidenden Anteil an der elektrisierenden Atmosph\u00e4re hat David Moss, der Dantes Verse in phonetische Extremzust\u00e4nde aufl\u00f6st, in denen man die Sprache der Vorlage nur noch schemenhaft erkennen kann. Moss&#8216; vokale Urgewalten, die in Lichtgeschwindigkeit zwischen hyperaktiver &#8218;Erz\u00e4hlung&#8216; und \u00e4therischer Kopfstimme wechseln, f\u00fcgen sich hier mit der Ensembleschicht zu manch wundersamen Momenten im Niemandsland von Comicstrip und Renaissance-Imagination.&#8220;<\/p>\n<\/div>\n<\/td>\n<td><\/td>\n<\/tr>\n<\/tbody>\n<\/table>\n<p>&nbsp;<\/p>","protected":false},"excerpt":{"rendered":"<p>Programm: divina.com Lapidi dantesche a Firenze The Dante Plaques in Florence Mixed Media Event in 36 Teilen f\u00fcr Stimme, Ensemble, Live-Elektronik und Video &nbsp; Livemitschnitt der Weltpremiere: 05. Juli 2004 Galleria dell&#8217;Accademia, Tribuna del David (Florenz) &nbsp; David Moss, Sprecher Ensemble Novecento e oltre Antonio Ballista, Dirigent Daniele Lombardi, k\u00fcnstlerischer Leiter Damiano Meacci, Live-Elektronik Art [&hellip;]<\/p>\n","protected":false},"featured_media":2784,"template":"","meta":{"site-sidebar-layout":"default","site-content-layout":"default","ast-site-content-layout":"default","site-content-style":"default","site-sidebar-style":"default","ast-global-header-display":"","ast-banner-title-visibility":"","ast-main-header-display":"","ast-hfb-above-header-display":"","ast-hfb-below-header-display":"","ast-hfb-mobile-header-display":"","site-post-title":"","ast-breadcrumbs-content":"","ast-featured-img":"","footer-sml-layout":"","theme-transparent-header-meta":"default","adv-header-id-meta":"","stick-header-meta":"","header-above-stick-meta":"","header-main-stick-meta":"","header-below-stick-meta":"","astra-migrate-meta-layouts":"default","ast-page-background-enabled":"default","ast-page-background-meta":{"desktop":{"background-color":"","background-image":"","background-repeat":"repeat","background-position":"center center","background-size":"auto","background-attachment":"scroll","background-type":"","background-media":"","overlay-type":"","overlay-color":"","overlay-opacity":"","overlay-gradient":""},"tablet":{"background-color":"","background-image":"","background-repeat":"repeat","background-position":"center center","background-size":"auto","background-attachment":"scroll","background-type":"","background-media":"","overlay-type":"","overlay-color":"","overlay-opacity":"","overlay-gradient":""},"mobile":{"background-color":"","background-image":"","background-repeat":"repeat","background-position":"center center","background-size":"auto","background-attachment":"scroll","background-type":"","background-media":"","overlay-type":"","overlay-color":"","overlay-opacity":"","overlay-gradient":""}},"ast-content-background-meta":{"desktop":{"background-color":"var(--ast-global-color-5)","background-image":"","background-repeat":"repeat","background-position":"center center","background-size":"auto","background-attachment":"scroll","background-type":"","background-media":"","overlay-type":"","overlay-color":"","overlay-opacity":"","overlay-gradient":""},"tablet":{"background-color":"var(--ast-global-color-5)","background-image":"","background-repeat":"repeat","background-position":"center center","background-size":"auto","background-attachment":"scroll","background-type":"","background-media":"","overlay-type":"","overlay-color":"","overlay-opacity":"","overlay-gradient":""},"mobile":{"background-color":"var(--ast-global-color-5)","background-image":"","background-repeat":"repeat","background-position":"center center","background-size":"auto","background-attachment":"scroll","background-type":"","background-media":"","overlay-type":"","overlay-color":"","overlay-opacity":"","overlay-gradient":""}}},"product_brand":[],"product_cat":[26],"product_tag":[],"class_list":{"0":"post-2783","1":"product","2":"type-product","3":"status-publish","4":"has-post-thumbnail","6":"product_cat-zeitgenossische-musik","7":"pa_artikelnummer-neos-51601","8":"pa_brand-342","9":"pa_ean-343","10":"desktop-align-left","11":"tablet-align-left","12":"mobile-align-left","14":"first","15":"instock","16":"taxable","17":"shipping-taxable","18":"purchasable","19":"product-type-simple"},"yoast_head":"<!-- This site is optimized with the Yoast SEO plugin v27.3 - https:\/\/yoast.com\/product\/yoast-seo-wordpress\/ -->\n<title>Daniele Lombardi: divina.com - NEOS Music<\/title>\n<meta name=\"robots\" content=\"index, follow, max-snippet:-1, max-image-preview:large, max-video-preview:-1\" \/>\n<link rel=\"canonical\" href=\"https:\/\/neos-music.com\/en_us\/product\/daniele-lombardi-divina-com\/\" \/>\n<meta property=\"og:locale\" content=\"en_US\" \/>\n<meta property=\"og:type\" content=\"article\" \/>\n<meta property=\"og:title\" content=\"Daniele Lombardi: divina.com - NEOS Music\" \/>\n<meta property=\"og:description\" content=\"Programm: divina.com Lapidi dantesche a Firenze The Dante Plaques in Florence Mixed Media Event in 36 Teilen f\u00fcr Stimme, Ensemble, Live-Elektronik und Video &nbsp; Livemitschnitt der Weltpremiere: 05. Juli 2004 Galleria dell&#8217;Accademia, Tribuna del David (Florenz) &nbsp; David Moss, Sprecher Ensemble Novecento e oltre Antonio Ballista, Dirigent Daniele Lombardi, k\u00fcnstlerischer Leiter Damiano Meacci, Live-Elektronik Art [&hellip;]\" \/>\n<meta property=\"og:url\" content=\"https:\/\/neos-music.com\/en_us\/product\/daniele-lombardi-divina-com\/\" \/>\n<meta property=\"og:site_name\" content=\"NEOS Music\" \/>\n<meta property=\"article:modified_time\" content=\"2023-05-22T23:36:57+00:00\" \/>\n<meta property=\"og:image\" content=\"https:\/\/neos-music.com\/wp-content\/uploads\/2022\/11\/NEOS_51601_Lombardi.jpeg\" \/>\n\t<meta property=\"og:image:width\" content=\"1643\" \/>\n\t<meta property=\"og:image:height\" content=\"2216\" \/>\n\t<meta property=\"og:image:type\" content=\"image\/jpeg\" \/>\n<meta name=\"twitter:card\" content=\"summary_large_image\" \/>\n<meta name=\"twitter:label1\" content=\"Est. reading time\" \/>\n\t<meta name=\"twitter:data1\" content=\"2 minutes\" \/>\n<script type=\"application\/ld+json\" class=\"yoast-schema-graph\">{\"@context\":\"https:\\\/\\\/schema.org\",\"@graph\":[{\"@type\":\"WebPage\",\"@id\":\"https:\\\/\\\/neos-music.com\\\/product\\\/daniele-lombardi-divina-com\\\/\",\"url\":\"https:\\\/\\\/neos-music.com\\\/product\\\/daniele-lombardi-divina-com\\\/\",\"name\":\"Daniele Lombardi: divina.com - NEOS Music\",\"isPartOf\":{\"@id\":\"https:\\\/\\\/neos-music.com\\\/#website\"},\"primaryImageOfPage\":{\"@id\":\"https:\\\/\\\/neos-music.com\\\/product\\\/daniele-lombardi-divina-com\\\/#primaryimage\"},\"image\":{\"@id\":\"https:\\\/\\\/neos-music.com\\\/product\\\/daniele-lombardi-divina-com\\\/#primaryimage\"},\"thumbnailUrl\":\"https:\\\/\\\/i0.wp.com\\\/neos-music.com\\\/wp-content\\\/uploads\\\/2022\\\/11\\\/NEOS_51601_Lombardi.jpeg?fit=1643%2C2216&ssl=1\",\"datePublished\":\"2016-06-08T16:28:06+00:00\",\"dateModified\":\"2023-05-22T23:36:57+00:00\",\"breadcrumb\":{\"@id\":\"https:\\\/\\\/neos-music.com\\\/product\\\/daniele-lombardi-divina-com\\\/#breadcrumb\"},\"inLanguage\":\"en-US\",\"potentialAction\":[{\"@type\":\"ReadAction\",\"target\":[\"https:\\\/\\\/neos-music.com\\\/product\\\/daniele-lombardi-divina-com\\\/\"]}]},{\"@type\":\"ImageObject\",\"inLanguage\":\"en-US\",\"@id\":\"https:\\\/\\\/neos-music.com\\\/product\\\/daniele-lombardi-divina-com\\\/#primaryimage\",\"url\":\"https:\\\/\\\/i0.wp.com\\\/neos-music.com\\\/wp-content\\\/uploads\\\/2022\\\/11\\\/NEOS_51601_Lombardi.jpeg?fit=1643%2C2216&ssl=1\",\"contentUrl\":\"https:\\\/\\\/i0.wp.com\\\/neos-music.com\\\/wp-content\\\/uploads\\\/2022\\\/11\\\/NEOS_51601_Lombardi.jpeg?fit=1643%2C2216&ssl=1\",\"width\":1643,\"height\":2216},{\"@type\":\"BreadcrumbList\",\"@id\":\"https:\\\/\\\/neos-music.com\\\/product\\\/daniele-lombardi-divina-com\\\/#breadcrumb\",\"itemListElement\":[{\"@type\":\"ListItem\",\"position\":1,\"name\":\"Startseite\",\"item\":\"https:\\\/\\\/neos-music.com\\\/\"},{\"@type\":\"ListItem\",\"position\":2,\"name\":\"Produkte\",\"item\":\"https:\\\/\\\/neos-music.com\\\/shop__trashed\\\/\"},{\"@type\":\"ListItem\",\"position\":3,\"name\":\"Daniele Lombardi: divina.com\"}]},{\"@type\":\"WebSite\",\"@id\":\"https:\\\/\\\/neos-music.com\\\/#website\",\"url\":\"https:\\\/\\\/neos-music.com\\\/\",\"name\":\"NEOS Music\",\"description\":\"Dein Online Shop f\u00fcr zeitgen\u00f6ssische Musik, Jazz und Classics!\",\"publisher\":{\"@id\":\"https:\\\/\\\/neos-music.com\\\/#organization\"},\"potentialAction\":[{\"@type\":\"SearchAction\",\"target\":{\"@type\":\"EntryPoint\",\"urlTemplate\":\"https:\\\/\\\/neos-music.com\\\/?s={search_term_string}\"},\"query-input\":{\"@type\":\"PropertyValueSpecification\",\"valueRequired\":true,\"valueName\":\"search_term_string\"}}],\"inLanguage\":\"en-US\"},{\"@type\":\"Organization\",\"@id\":\"https:\\\/\\\/neos-music.com\\\/#organization\",\"name\":\"NEOS Music\",\"url\":\"https:\\\/\\\/neos-music.com\\\/\",\"logo\":{\"@type\":\"ImageObject\",\"inLanguage\":\"en-US\",\"@id\":\"https:\\\/\\\/neos-music.com\\\/#\\\/schema\\\/logo\\\/image\\\/\",\"url\":\"https:\\\/\\\/i0.wp.com\\\/neos-music.com\\\/wp-content\\\/uploads\\\/2025\\\/08\\\/NEOS-Logo-weiss.png?fit=800%2C203&ssl=1\",\"contentUrl\":\"https:\\\/\\\/i0.wp.com\\\/neos-music.com\\\/wp-content\\\/uploads\\\/2025\\\/08\\\/NEOS-Logo-weiss.png?fit=800%2C203&ssl=1\",\"width\":800,\"height\":203,\"caption\":\"NEOS Music\"},\"image\":{\"@id\":\"https:\\\/\\\/neos-music.com\\\/#\\\/schema\\\/logo\\\/image\\\/\"}}]}<\/script>\n<!-- \/ Yoast SEO plugin. -->","yoast_head_json":{"title":"Daniele Lombardi: divina.com - NEOS Music","robots":{"index":"index","follow":"follow","max-snippet":"max-snippet:-1","max-image-preview":"max-image-preview:large","max-video-preview":"max-video-preview:-1"},"canonical":"https:\/\/neos-music.com\/en_us\/product\/daniele-lombardi-divina-com\/","og_locale":"en_US","og_type":"article","og_title":"Daniele Lombardi: divina.com - NEOS Music","og_description":"Programm: divina.com Lapidi dantesche a Firenze The Dante Plaques in Florence Mixed Media Event in 36 Teilen f\u00fcr Stimme, Ensemble, Live-Elektronik und Video &nbsp; Livemitschnitt der Weltpremiere: 05. Juli 2004 Galleria dell&#8217;Accademia, Tribuna del David (Florenz) &nbsp; David Moss, Sprecher Ensemble Novecento e oltre Antonio Ballista, Dirigent Daniele Lombardi, k\u00fcnstlerischer Leiter Damiano Meacci, Live-Elektronik Art [&hellip;]","og_url":"https:\/\/neos-music.com\/en_us\/product\/daniele-lombardi-divina-com\/","og_site_name":"NEOS Music","article_modified_time":"2023-05-22T23:36:57+00:00","og_image":[{"width":1643,"height":2216,"url":"https:\/\/neos-music.com\/wp-content\/uploads\/2022\/11\/NEOS_51601_Lombardi.jpeg","type":"image\/jpeg"}],"twitter_card":"summary_large_image","twitter_misc":{"Est. reading time":"2 minutes"},"schema":{"@context":"https:\/\/schema.org","@graph":[{"@type":"WebPage","@id":"https:\/\/neos-music.com\/product\/daniele-lombardi-divina-com\/","url":"https:\/\/neos-music.com\/product\/daniele-lombardi-divina-com\/","name":"Daniele Lombardi: divina.com - NEOS Music","isPartOf":{"@id":"https:\/\/neos-music.com\/#website"},"primaryImageOfPage":{"@id":"https:\/\/neos-music.com\/product\/daniele-lombardi-divina-com\/#primaryimage"},"image":{"@id":"https:\/\/neos-music.com\/product\/daniele-lombardi-divina-com\/#primaryimage"},"thumbnailUrl":"https:\/\/i0.wp.com\/neos-music.com\/wp-content\/uploads\/2022\/11\/NEOS_51601_Lombardi.jpeg?fit=1643%2C2216&ssl=1","datePublished":"2016-06-08T16:28:06+00:00","dateModified":"2023-05-22T23:36:57+00:00","breadcrumb":{"@id":"https:\/\/neos-music.com\/product\/daniele-lombardi-divina-com\/#breadcrumb"},"inLanguage":"en-US","potentialAction":[{"@type":"ReadAction","target":["https:\/\/neos-music.com\/product\/daniele-lombardi-divina-com\/"]}]},{"@type":"ImageObject","inLanguage":"en-US","@id":"https:\/\/neos-music.com\/product\/daniele-lombardi-divina-com\/#primaryimage","url":"https:\/\/i0.wp.com\/neos-music.com\/wp-content\/uploads\/2022\/11\/NEOS_51601_Lombardi.jpeg?fit=1643%2C2216&ssl=1","contentUrl":"https:\/\/i0.wp.com\/neos-music.com\/wp-content\/uploads\/2022\/11\/NEOS_51601_Lombardi.jpeg?fit=1643%2C2216&ssl=1","width":1643,"height":2216},{"@type":"BreadcrumbList","@id":"https:\/\/neos-music.com\/product\/daniele-lombardi-divina-com\/#breadcrumb","itemListElement":[{"@type":"ListItem","position":1,"name":"Startseite","item":"https:\/\/neos-music.com\/"},{"@type":"ListItem","position":2,"name":"Produkte","item":"https:\/\/neos-music.com\/shop__trashed\/"},{"@type":"ListItem","position":3,"name":"Daniele Lombardi: divina.com"}]},{"@type":"WebSite","@id":"https:\/\/neos-music.com\/#website","url":"https:\/\/neos-music.com\/","name":"NEOS Music","description":"Dein Online Shop f\u00fcr zeitgen\u00f6ssische Musik, Jazz und Classics!","publisher":{"@id":"https:\/\/neos-music.com\/#organization"},"potentialAction":[{"@type":"SearchAction","target":{"@type":"EntryPoint","urlTemplate":"https:\/\/neos-music.com\/?s={search_term_string}"},"query-input":{"@type":"PropertyValueSpecification","valueRequired":true,"valueName":"search_term_string"}}],"inLanguage":"en-US"},{"@type":"Organization","@id":"https:\/\/neos-music.com\/#organization","name":"NEOS Music","url":"https:\/\/neos-music.com\/","logo":{"@type":"ImageObject","inLanguage":"en-US","@id":"https:\/\/neos-music.com\/#\/schema\/logo\/image\/","url":"https:\/\/i0.wp.com\/neos-music.com\/wp-content\/uploads\/2025\/08\/NEOS-Logo-weiss.png?fit=800%2C203&ssl=1","contentUrl":"https:\/\/i0.wp.com\/neos-music.com\/wp-content\/uploads\/2025\/08\/NEOS-Logo-weiss.png?fit=800%2C203&ssl=1","width":800,"height":203,"caption":"NEOS Music"},"image":{"@id":"https:\/\/neos-music.com\/#\/schema\/logo\/image\/"}}]}},"jetpack_sharing_enabled":true,"_links":{"self":[{"href":"https:\/\/neos-music.com\/en_us\/wp-json\/wp\/v2\/product\/2783","targetHints":{"allow":["GET"]}}],"collection":[{"href":"https:\/\/neos-music.com\/en_us\/wp-json\/wp\/v2\/product"}],"about":[{"href":"https:\/\/neos-music.com\/en_us\/wp-json\/wp\/v2\/types\/product"}],"version-history":[{"count":0,"href":"https:\/\/neos-music.com\/en_us\/wp-json\/wp\/v2\/product\/2783\/revisions"}],"wp:featuredmedia":[{"embeddable":true,"href":"https:\/\/neos-music.com\/en_us\/wp-json\/wp\/v2\/media\/2784"}],"wp:attachment":[{"href":"https:\/\/neos-music.com\/en_us\/wp-json\/wp\/v2\/media?parent=2783"}],"wp:term":[{"taxonomy":"product_brand","embeddable":true,"href":"https:\/\/neos-music.com\/en_us\/wp-json\/wp\/v2\/product_brand?post=2783"},{"taxonomy":"product_cat","embeddable":true,"href":"https:\/\/neos-music.com\/en_us\/wp-json\/wp\/v2\/product_cat?post=2783"},{"taxonomy":"product_tag","embeddable":true,"href":"https:\/\/neos-music.com\/en_us\/wp-json\/wp\/v2\/product_tag?post=2783"}],"curies":[{"name":"wp","href":"https:\/\/api.w.org\/{rel}","templated":true}]}}