{"id":2788,"date":"2016-04-14T16:32:41","date_gmt":"2016-04-14T16:32:41","guid":{"rendered":"https:\/\/neos-music.com\/?post_type=product&#038;p=2788"},"modified":"2023-05-22T23:38:57","modified_gmt":"2023-05-22T23:38:57","slug":"york-hoeller-string-quartets-and-more","status":"publish","type":"product","link":"https:\/\/neos-music.com\/en_us\/product\/york-hoeller-string-quartets-and-more\/","title":{"rendered":"York H\u00f6ller: String Quartets (and more)"},"content":{"rendered":"<p>Programm:<\/p>\n<table border=\"0\" width=\"100%\" rules=\"none\" cellspacing=\"0\" cellpadding=\"0\">\n<tbody>\n<tr>\n<td class=\"bigcontent2\">\n<div id=\"tracks\">\n<p><b>Drei Fragmente<\/b>\u00a0for string quartet (1966)\u00a0<b>07:36<\/b><\/p>\n<p>[01]\u00a0<b>I. Langsam<\/b>\u00a003:38<br \/>\n[02]\u00a0<b>II. Bewegt<\/b>\u00a002:03<br \/>\n[03]\u00a0<b>III. Sehr energisch<\/b>\u00a001:55<\/p>\n<p><b>Zwiegestalt<\/b>\u00a0for string quartet and piano (2007\/2008)\u00a0<b>24:52<\/b><\/p>\n<p>[04]\u00a0<b>I. Energico e decisio<\/b>\u00a005:37<br \/>\n[05]\u00a0<b>II. Andante triste e doloroso<\/b>\u00a006:19<br \/>\n[06]\u00a0<b>III. Capriccioso<\/b>\u00a002:52<br \/>\n[07]\u00a0<b>IV. Tranquillo misterioso e dolce<\/b>\u00a005:25<br \/>\n[08]<b>\u00a0V. Agitato<\/b>\u00a004:39<\/p>\n<p><b>2. Streichquartett<\/b>\u00a0(1997)\u00a0<b>19:25<\/b><\/p>\n<p>[09]\u00a0<b>1. Sonata \u2013 Introduzione<\/b>\u00a008:24<br \/>\n[10]\u00a0<b>2. Ciacona. Lento<\/b>\u00a006:01<br \/>\n[11]\u00a0<b>3. Burletta. Giocoso<\/b>\u00a001:32<br \/>\n[12]\u00a0<b>4. Ricercar. Molto agitato<\/b>\u00a003:28<\/p>\n<p>[13]\u00a0<b>Antiphon (1. Streichquartett)<\/b>\u00a0<b>17:35<\/b><br \/>\nfor string quartet and electronically transformed string quartet [4-channel tape] (1976, rev. 1984)<\/p>\n<p>total playing time:\u00a070:12<\/p>\n<p><b><a class=\"arcoma_glossarylink\" href=\"https:\/\/neos-music.com\/output.php?content=Kuenstler\/Minguet_Quartett.php&amp;treplace=english%2Cgerman\" target=\"_self\" rel=\"noopener\">Minguet Quartett<\/a><br \/>\n<\/b>Ulrich Isfort, 1st violin<br \/>\nAnnette Reisinger, 2nd violin<br \/>\nAroa Sorin, viola<br \/>\nMatthias Diener, violoncello<\/p>\n<p><b><a class=\"arcoma_glossarylink\" href=\"https:\/\/neos-music.com\/output.php?content=Kuenstler\/Markus_Bellheim.php&amp;treplace=english%2Cgerman\" target=\"_self\" rel=\"noopener\">Markus Bellheim<\/a><\/b>, piano [04\u201308]<\/p>\n<\/div>\n<\/td>\n<td><\/td>\n<\/tr>\n<\/tbody>\n<\/table>\n<p>Pressestimmen:<\/p>\n<table border=\"0\" width=\"100%\" rules=\"none\" cellspacing=\"0\" cellpadding=\"0\">\n<tbody>\n<tr>\n<td class=\"bigcontent2\">\n<div id=\"press\">\n<p><img data-recalc-dims=\"1\" decoding=\"async\" src=\"https:\/\/i0.wp.com\/neos-music.com\/images\/news\/logo_musiktexte.jpg?ssl=1\" \/><img data-recalc-dims=\"1\" decoding=\"async\" src=\"https:\/\/i0.wp.com\/neos-music.com\/wp-content\/uploads\/2023\/05\/logo_musiktexte.jpg?ssl=1\" alt=\"\" \/><\/p>\n<p>Ausgabe Nr. 157<\/p>\n<p>York H\u00f6ller geh\u00f6rt mit vierundsiebzig Jahren zu den produktivsten Komponisten seiner Generation. (&#8230;) Zur Vorliebe, jahrhundertelang Gedachtes weiterzudenken, tritt eine ausgesprochene Verachtung f\u00fcr alles Abgelebte, Routinierte, Schematische, des allzu Symmetrischen, auch des nur Zuf\u00e4lligen. (&#8230;) &#8222;Drei Fragmente&#8220; f\u00fcr Streichquartett: drei Preziosen des Zweiundzwanzigj\u00e4hrigen. Erinnerungsspuren an Webern, Bart\u00f3k, den eigenen Lehrer Bernd Alois Zimmermann. (&#8230;) &#8222;Antiphon&#8220; f\u00fcr Streichquartett: ein Meilenstein in H\u00f6llers Schaffen. Schl\u00fcsselerlebnis: H\u00f6ller erlebt gregorianischen Gesang in der Pariser Kathedrale Notre Dame. Zweiundvierzigt\u00f6nige Klanggestalt. Oftmals gespielt und auf LP\/CD ver\u00f6ffentlicht, geh\u00f6rt dies zu H\u00f6llers beliebtesten Kompositionen. (&#8230;) &#8222;Zwiegestalt&#8220; f\u00fcr Streichquartett und Klavier: Ein von tragischen Ereignissen gepr\u00e4gtes Leben spiegelt sich abermals in komplexen Bildern der Trauer, Verzweiflung und Zuversicht, &#8222;Tranquillo misterioso e dolce&#8220; und &#8222;Energico e deciso&#8220; &#8230; Alles in blendender Aufnahmetechnik und brillanter Interpretation.<\/p>\n<p>Manfred Karallus<\/p>\n<p>&nbsp;<\/p>\n<p><img data-recalc-dims=\"1\" decoding=\"async\" src=\"https:\/\/i0.wp.com\/neos-music.com\/wp-content\/uploads\/2023\/05\/logo_neue_musikzeitung.jpg?ssl=1\" alt=\"\" \/><\/p>\n<p>09\/2016<\/p>\n<p>&#8222;Das Minguet Quartett und der Pianist\u00a0Markus Bellheim geben mit Werken aus vier Jahrzehnten einen informativen Einblick in das Kammermusikschaffen von York H\u00f6ller. (&#8230;) Die vier Werke sind denkbar verschieden, allen gemeinsam ist aber ein starker kompositorischer Wille, der die unterschiedlichen Anregungen und Materialien zu einem erkennbaren Personalstil verschmilzt.&#8220;<\/p>\n<p>(Max Nyffeler)<\/p>\n<p>&nbsp;<\/p>\n<p><img data-recalc-dims=\"1\" decoding=\"async\" src=\"https:\/\/i0.wp.com\/neos-music.com\/wp-content\/uploads\/2023\/05\/logo_gramophone.gif?ssl=1\" alt=\"\" \/><\/p>\n<p>02\/2017<\/p>\n<p>&#8220; &#8230; a perspective that has evolved across 50 years in string quartet alone. Hence the pointillist brevity of\u00a0<i>Drei Fragmente<\/i>\u00a0(1966), the textural diffusion between instruments and electronics of\u00a0<i>Antiphon<\/i>\u00a0(1976), the Bart\u00f3kian gestures of his second quartet (1997) and the reassessment of an earlier Germanic expressive tradition in\u00a0<i>Zwiegestalt<\/i>\u00a0(2008) \u2013 where pianist Markus Bellheim matches the Minguet Quartet in unwavering commitment.&#8220;<\/p>\n<p>(Richard Whitehouse)<\/p>\n<p>&nbsp;<\/p>\n<p>Empfehlung in der Neuen Zeitschrift f\u00fcr Musik!<\/p>\n<p><img data-recalc-dims=\"1\" decoding=\"async\" src=\"https:\/\/i0.wp.com\/neos-music.com\/wp-content\/uploads\/2023\/05\/logo_NeueZeitschriftMusik_NEU.jpg?ssl=1\" alt=\"\" \/><\/p>\n<p>&#8222;Strenge Konstruktion und Klangsinnlichkeit vereinen sich bei H\u00f6ller m\u00fchelos. [&#8230;] Dass sich diese Prozesse beim H\u00f6ren unmittelbar erschlie\u00dfen, ist dem gro\u00dfartigen Minguet Quartett zu verdanken, das sich in der &#8222;Neuen Musik&#8220; ebenso zuhause f\u00fchlt wie im klassisch-romantischen Repertoire und mit seinen Interpretationen\u00a0in emotionale wie strukturelle Tiefenschichten vordringt.&#8220; (Egbert Hiller)<\/p>\n<p>&nbsp;<\/p>\n<p><img data-recalc-dims=\"1\" decoding=\"async\" src=\"https:\/\/i0.wp.com\/neos-music.com\/wp-content\/uploads\/2023\/05\/logo_FonoForum.gif?ssl=1\" alt=\"\" \/><\/p>\n<p>12\/2016<\/p>\n<p>&#8222;York H\u00f6ller, eine der wichtigen Figuren der europ\u00e4ischen Gegenwartsmusik, hat auch einige traditionell besetzte Streichquartette geschrieben. [&#8230;] Das Minguet Quartett balanciert Herz und Hirn in der Musik perfekt aus.&#8220;<\/p>\n<p>(Dirk Wieschollek)<\/p>\n<\/div>\n<\/td>\n<td><\/td>\n<\/tr>\n<\/tbody>\n<\/table>\n<p>&nbsp;<\/p>\n<p>&nbsp;<\/p>\n","protected":false},"excerpt":{"rendered":"<p>Programm: Drei Fragmente\u00a0for string quartet (1966)\u00a007:36 [01]\u00a0I. Langsam\u00a003:38 [02]\u00a0II. Bewegt\u00a002:03 [03]\u00a0III. Sehr energisch\u00a001:55 Zwiegestalt\u00a0for string quartet and piano (2007\/2008)\u00a024:52 [04]\u00a0I. Energico e decisio\u00a005:37 [05]\u00a0II. Andante triste e doloroso\u00a006:19 [06]\u00a0III. Capriccioso\u00a002:52 [07]\u00a0IV. Tranquillo misterioso e dolce\u00a005:25 [08]\u00a0V. Agitato\u00a004:39 2. Streichquartett\u00a0(1997)\u00a019:25 [09]\u00a01. Sonata \u2013 Introduzione\u00a008:24 [10]\u00a02. Ciacona. Lento\u00a006:01 [11]\u00a03. Burletta. Giocoso\u00a001:32 [12]\u00a04. Ricercar. Molto agitato\u00a003:28 [13]\u00a0Antiphon (1. [&hellip;]<\/p>\n","protected":false},"featured_media":2789,"template":"","meta":{"site-sidebar-layout":"default","site-content-layout":"default","ast-site-content-layout":"default","site-content-style":"default","site-sidebar-style":"default","ast-global-header-display":"","ast-banner-title-visibility":"","ast-main-header-display":"","ast-hfb-above-header-display":"","ast-hfb-below-header-display":"","ast-hfb-mobile-header-display":"","site-post-title":"","ast-breadcrumbs-content":"","ast-featured-img":"","footer-sml-layout":"","theme-transparent-header-meta":"default","adv-header-id-meta":"","stick-header-meta":"","header-above-stick-meta":"","header-main-stick-meta":"","header-below-stick-meta":"","astra-migrate-meta-layouts":"default","ast-page-background-enabled":"default","ast-page-background-meta":{"desktop":{"background-color":"","background-image":"","background-repeat":"repeat","background-position":"center center","background-size":"auto","background-attachment":"scroll","background-type":"","background-media":"","overlay-type":"","overlay-color":"","overlay-opacity":"","overlay-gradient":""},"tablet":{"background-color":"","background-image":"","background-repeat":"repeat","background-position":"center center","background-size":"auto","background-attachment":"scroll","background-type":"","background-media":"","overlay-type":"","overlay-color":"","overlay-opacity":"","overlay-gradient":""},"mobile":{"background-color":"","background-image":"","background-repeat":"repeat","background-position":"center center","background-size":"auto","background-attachment":"scroll","background-type":"","background-media":"","overlay-type":"","overlay-color":"","overlay-opacity":"","overlay-gradient":""}},"ast-content-background-meta":{"desktop":{"background-color":"var(--ast-global-color-5)","background-image":"","background-repeat":"repeat","background-position":"center center","background-size":"auto","background-attachment":"scroll","background-type":"","background-media":"","overlay-type":"","overlay-color":"","overlay-opacity":"","overlay-gradient":""},"tablet":{"background-color":"var(--ast-global-color-5)","background-image":"","background-repeat":"repeat","background-position":"center center","background-size":"auto","background-attachment":"scroll","background-type":"","background-media":"","overlay-type":"","overlay-color":"","overlay-opacity":"","overlay-gradient":""},"mobile":{"background-color":"var(--ast-global-color-5)","background-image":"","background-repeat":"repeat","background-position":"center center","background-size":"auto","background-attachment":"scroll","background-type":"","background-media":"","overlay-type":"","overlay-color":"","overlay-opacity":"","overlay-gradient":""}}},"product_brand":[],"product_cat":[878,26],"product_tag":[],"class_list":{"0":"post-2788","1":"product","2":"type-product","3":"status-publish","4":"has-post-thumbnail","6":"product_cat-streichquartett","7":"product_cat-zeitgenossische-musik","8":"pa_artikelnummer-neos-11518","9":"pa_brand-neos-music","10":"pa_ean-347","11":"desktop-align-left","12":"tablet-align-left","13":"mobile-align-left","15":"first","16":"instock","17":"taxable","18":"shipping-taxable","19":"purchasable","20":"product-type-simple"},"yoast_head":"<!-- This site is optimized with the Yoast SEO plugin v27.4 - https:\/\/yoast.com\/product\/yoast-seo-wordpress\/ -->\n<title>York H\u00f6ller: String Quartets (and more) - NEOS Music<\/title>\n<meta name=\"robots\" content=\"index, follow, max-snippet:-1, max-image-preview:large, max-video-preview:-1\" \/>\n<link rel=\"canonical\" href=\"https:\/\/neos-music.com\/en_us\/product\/york-hoeller-string-quartets-and-more\/\" \/>\n<meta property=\"og:locale\" content=\"en_US\" \/>\n<meta property=\"og:type\" content=\"article\" \/>\n<meta property=\"og:title\" content=\"York H\u00f6ller: String Quartets (and more) - NEOS Music\" \/>\n<meta property=\"og:description\" content=\"Programm: Drei Fragmente\u00a0for string quartet (1966)\u00a007:36 [01]\u00a0I. Langsam\u00a003:38 [02]\u00a0II. Bewegt\u00a002:03 [03]\u00a0III. Sehr energisch\u00a001:55 Zwiegestalt\u00a0for string quartet and piano (2007\/2008)\u00a024:52 [04]\u00a0I. Energico e decisio\u00a005:37 [05]\u00a0II. Andante triste e doloroso\u00a006:19 [06]\u00a0III. Capriccioso\u00a002:52 [07]\u00a0IV. Tranquillo misterioso e dolce\u00a005:25 [08]\u00a0V. Agitato\u00a004:39 2. Streichquartett\u00a0(1997)\u00a019:25 [09]\u00a01. Sonata \u2013 Introduzione\u00a008:24 [10]\u00a02. Ciacona. Lento\u00a006:01 [11]\u00a03. Burletta. Giocoso\u00a001:32 [12]\u00a04. Ricercar. Molto agitato\u00a003:28 [13]\u00a0Antiphon (1. [&hellip;]\" \/>\n<meta property=\"og:url\" content=\"https:\/\/neos-music.com\/en_us\/product\/york-hoeller-string-quartets-and-more\/\" \/>\n<meta property=\"og:site_name\" content=\"NEOS Music\" \/>\n<meta property=\"article:modified_time\" content=\"2023-05-22T23:38:57+00:00\" \/>\n<meta property=\"og:image\" content=\"https:\/\/neos-music.com\/wp-content\/uploads\/2022\/11\/NEOS_11518_Hoeller.jpeg\" \/>\n\t<meta property=\"og:image:width\" content=\"1650\" \/>\n\t<meta property=\"og:image:height\" content=\"1483\" \/>\n\t<meta property=\"og:image:type\" content=\"image\/jpeg\" \/>\n<meta name=\"twitter:card\" content=\"summary_large_image\" \/>\n<meta name=\"twitter:label1\" content=\"Est. reading time\" \/>\n\t<meta name=\"twitter:data1\" content=\"4 minutes\" \/>\n<script type=\"application\/ld+json\" class=\"yoast-schema-graph\">{\"@context\":\"https:\\\/\\\/schema.org\",\"@graph\":[{\"@type\":\"WebPage\",\"@id\":\"https:\\\/\\\/neos-music.com\\\/product\\\/york-hoeller-string-quartets-and-more\\\/\",\"url\":\"https:\\\/\\\/neos-music.com\\\/product\\\/york-hoeller-string-quartets-and-more\\\/\",\"name\":\"York H\u00f6ller: String Quartets (and more) - NEOS Music\",\"isPartOf\":{\"@id\":\"https:\\\/\\\/neos-music.com\\\/#website\"},\"primaryImageOfPage\":{\"@id\":\"https:\\\/\\\/neos-music.com\\\/product\\\/york-hoeller-string-quartets-and-more\\\/#primaryimage\"},\"image\":{\"@id\":\"https:\\\/\\\/neos-music.com\\\/product\\\/york-hoeller-string-quartets-and-more\\\/#primaryimage\"},\"thumbnailUrl\":\"https:\\\/\\\/i0.wp.com\\\/neos-music.com\\\/wp-content\\\/uploads\\\/2022\\\/11\\\/NEOS_11518_Hoeller.jpeg?fit=1650%2C1483&ssl=1\",\"datePublished\":\"2016-04-14T16:32:41+00:00\",\"dateModified\":\"2023-05-22T23:38:57+00:00\",\"breadcrumb\":{\"@id\":\"https:\\\/\\\/neos-music.com\\\/product\\\/york-hoeller-string-quartets-and-more\\\/#breadcrumb\"},\"inLanguage\":\"en-US\",\"potentialAction\":[{\"@type\":\"ReadAction\",\"target\":[\"https:\\\/\\\/neos-music.com\\\/product\\\/york-hoeller-string-quartets-and-more\\\/\"]}]},{\"@type\":\"ImageObject\",\"inLanguage\":\"en-US\",\"@id\":\"https:\\\/\\\/neos-music.com\\\/product\\\/york-hoeller-string-quartets-and-more\\\/#primaryimage\",\"url\":\"https:\\\/\\\/i0.wp.com\\\/neos-music.com\\\/wp-content\\\/uploads\\\/2022\\\/11\\\/NEOS_11518_Hoeller.jpeg?fit=1650%2C1483&ssl=1\",\"contentUrl\":\"https:\\\/\\\/i0.wp.com\\\/neos-music.com\\\/wp-content\\\/uploads\\\/2022\\\/11\\\/NEOS_11518_Hoeller.jpeg?fit=1650%2C1483&ssl=1\",\"width\":1650,\"height\":1483},{\"@type\":\"BreadcrumbList\",\"@id\":\"https:\\\/\\\/neos-music.com\\\/product\\\/york-hoeller-string-quartets-and-more\\\/#breadcrumb\",\"itemListElement\":[{\"@type\":\"ListItem\",\"position\":1,\"name\":\"Startseite\",\"item\":\"https:\\\/\\\/neos-music.com\\\/\"},{\"@type\":\"ListItem\",\"position\":2,\"name\":\"Produkte\",\"item\":\"https:\\\/\\\/neos-music.com\\\/shop__trashed\\\/\"},{\"@type\":\"ListItem\",\"position\":3,\"name\":\"York H\u00f6ller: String Quartets (and more)\"}]},{\"@type\":\"WebSite\",\"@id\":\"https:\\\/\\\/neos-music.com\\\/#website\",\"url\":\"https:\\\/\\\/neos-music.com\\\/\",\"name\":\"NEOS Music\",\"description\":\"Dein Online Shop f\u00fcr zeitgen\u00f6ssische Musik, Jazz und Classics!\",\"publisher\":{\"@id\":\"https:\\\/\\\/neos-music.com\\\/#organization\"},\"potentialAction\":[{\"@type\":\"SearchAction\",\"target\":{\"@type\":\"EntryPoint\",\"urlTemplate\":\"https:\\\/\\\/neos-music.com\\\/?s={search_term_string}\"},\"query-input\":{\"@type\":\"PropertyValueSpecification\",\"valueRequired\":true,\"valueName\":\"search_term_string\"}}],\"inLanguage\":\"en-US\"},{\"@type\":\"Organization\",\"@id\":\"https:\\\/\\\/neos-music.com\\\/#organization\",\"name\":\"NEOS Music\",\"url\":\"https:\\\/\\\/neos-music.com\\\/\",\"logo\":{\"@type\":\"ImageObject\",\"inLanguage\":\"en-US\",\"@id\":\"https:\\\/\\\/neos-music.com\\\/#\\\/schema\\\/logo\\\/image\\\/\",\"url\":\"https:\\\/\\\/i0.wp.com\\\/neos-music.com\\\/wp-content\\\/uploads\\\/2025\\\/08\\\/NEOS-Logo-weiss.png?fit=800%2C203&ssl=1\",\"contentUrl\":\"https:\\\/\\\/i0.wp.com\\\/neos-music.com\\\/wp-content\\\/uploads\\\/2025\\\/08\\\/NEOS-Logo-weiss.png?fit=800%2C203&ssl=1\",\"width\":800,\"height\":203,\"caption\":\"NEOS Music\"},\"image\":{\"@id\":\"https:\\\/\\\/neos-music.com\\\/#\\\/schema\\\/logo\\\/image\\\/\"}}]}<\/script>\n<!-- \/ Yoast SEO plugin. -->","yoast_head_json":{"title":"York H\u00f6ller: String Quartets (and more) - NEOS Music","robots":{"index":"index","follow":"follow","max-snippet":"max-snippet:-1","max-image-preview":"max-image-preview:large","max-video-preview":"max-video-preview:-1"},"canonical":"https:\/\/neos-music.com\/en_us\/product\/york-hoeller-string-quartets-and-more\/","og_locale":"en_US","og_type":"article","og_title":"York H\u00f6ller: String Quartets (and more) - NEOS Music","og_description":"Programm: Drei Fragmente\u00a0for string quartet (1966)\u00a007:36 [01]\u00a0I. Langsam\u00a003:38 [02]\u00a0II. Bewegt\u00a002:03 [03]\u00a0III. Sehr energisch\u00a001:55 Zwiegestalt\u00a0for string quartet and piano (2007\/2008)\u00a024:52 [04]\u00a0I. Energico e decisio\u00a005:37 [05]\u00a0II. Andante triste e doloroso\u00a006:19 [06]\u00a0III. Capriccioso\u00a002:52 [07]\u00a0IV. Tranquillo misterioso e dolce\u00a005:25 [08]\u00a0V. Agitato\u00a004:39 2. Streichquartett\u00a0(1997)\u00a019:25 [09]\u00a01. Sonata \u2013 Introduzione\u00a008:24 [10]\u00a02. Ciacona. Lento\u00a006:01 [11]\u00a03. Burletta. Giocoso\u00a001:32 [12]\u00a04. Ricercar. Molto agitato\u00a003:28 [13]\u00a0Antiphon (1. [&hellip;]","og_url":"https:\/\/neos-music.com\/en_us\/product\/york-hoeller-string-quartets-and-more\/","og_site_name":"NEOS Music","article_modified_time":"2023-05-22T23:38:57+00:00","og_image":[{"width":1650,"height":1483,"url":"https:\/\/neos-music.com\/wp-content\/uploads\/2022\/11\/NEOS_11518_Hoeller.jpeg","type":"image\/jpeg"}],"twitter_card":"summary_large_image","twitter_misc":{"Est. reading time":"4 minutes"},"schema":{"@context":"https:\/\/schema.org","@graph":[{"@type":"WebPage","@id":"https:\/\/neos-music.com\/product\/york-hoeller-string-quartets-and-more\/","url":"https:\/\/neos-music.com\/product\/york-hoeller-string-quartets-and-more\/","name":"York H\u00f6ller: String Quartets (and more) - NEOS Music","isPartOf":{"@id":"https:\/\/neos-music.com\/#website"},"primaryImageOfPage":{"@id":"https:\/\/neos-music.com\/product\/york-hoeller-string-quartets-and-more\/#primaryimage"},"image":{"@id":"https:\/\/neos-music.com\/product\/york-hoeller-string-quartets-and-more\/#primaryimage"},"thumbnailUrl":"https:\/\/i0.wp.com\/neos-music.com\/wp-content\/uploads\/2022\/11\/NEOS_11518_Hoeller.jpeg?fit=1650%2C1483&ssl=1","datePublished":"2016-04-14T16:32:41+00:00","dateModified":"2023-05-22T23:38:57+00:00","breadcrumb":{"@id":"https:\/\/neos-music.com\/product\/york-hoeller-string-quartets-and-more\/#breadcrumb"},"inLanguage":"en-US","potentialAction":[{"@type":"ReadAction","target":["https:\/\/neos-music.com\/product\/york-hoeller-string-quartets-and-more\/"]}]},{"@type":"ImageObject","inLanguage":"en-US","@id":"https:\/\/neos-music.com\/product\/york-hoeller-string-quartets-and-more\/#primaryimage","url":"https:\/\/i0.wp.com\/neos-music.com\/wp-content\/uploads\/2022\/11\/NEOS_11518_Hoeller.jpeg?fit=1650%2C1483&ssl=1","contentUrl":"https:\/\/i0.wp.com\/neos-music.com\/wp-content\/uploads\/2022\/11\/NEOS_11518_Hoeller.jpeg?fit=1650%2C1483&ssl=1","width":1650,"height":1483},{"@type":"BreadcrumbList","@id":"https:\/\/neos-music.com\/product\/york-hoeller-string-quartets-and-more\/#breadcrumb","itemListElement":[{"@type":"ListItem","position":1,"name":"Startseite","item":"https:\/\/neos-music.com\/"},{"@type":"ListItem","position":2,"name":"Produkte","item":"https:\/\/neos-music.com\/shop__trashed\/"},{"@type":"ListItem","position":3,"name":"York H\u00f6ller: String Quartets (and more)"}]},{"@type":"WebSite","@id":"https:\/\/neos-music.com\/#website","url":"https:\/\/neos-music.com\/","name":"NEOS Music","description":"Dein Online Shop f\u00fcr zeitgen\u00f6ssische Musik, Jazz und Classics!","publisher":{"@id":"https:\/\/neos-music.com\/#organization"},"potentialAction":[{"@type":"SearchAction","target":{"@type":"EntryPoint","urlTemplate":"https:\/\/neos-music.com\/?s={search_term_string}"},"query-input":{"@type":"PropertyValueSpecification","valueRequired":true,"valueName":"search_term_string"}}],"inLanguage":"en-US"},{"@type":"Organization","@id":"https:\/\/neos-music.com\/#organization","name":"NEOS Music","url":"https:\/\/neos-music.com\/","logo":{"@type":"ImageObject","inLanguage":"en-US","@id":"https:\/\/neos-music.com\/#\/schema\/logo\/image\/","url":"https:\/\/i0.wp.com\/neos-music.com\/wp-content\/uploads\/2025\/08\/NEOS-Logo-weiss.png?fit=800%2C203&ssl=1","contentUrl":"https:\/\/i0.wp.com\/neos-music.com\/wp-content\/uploads\/2025\/08\/NEOS-Logo-weiss.png?fit=800%2C203&ssl=1","width":800,"height":203,"caption":"NEOS Music"},"image":{"@id":"https:\/\/neos-music.com\/#\/schema\/logo\/image\/"}}]}},"jetpack_sharing_enabled":true,"_links":{"self":[{"href":"https:\/\/neos-music.com\/en_us\/wp-json\/wp\/v2\/product\/2788","targetHints":{"allow":["GET"]}}],"collection":[{"href":"https:\/\/neos-music.com\/en_us\/wp-json\/wp\/v2\/product"}],"about":[{"href":"https:\/\/neos-music.com\/en_us\/wp-json\/wp\/v2\/types\/product"}],"version-history":[{"count":0,"href":"https:\/\/neos-music.com\/en_us\/wp-json\/wp\/v2\/product\/2788\/revisions"}],"wp:featuredmedia":[{"embeddable":true,"href":"https:\/\/neos-music.com\/en_us\/wp-json\/wp\/v2\/media\/2789"}],"wp:attachment":[{"href":"https:\/\/neos-music.com\/en_us\/wp-json\/wp\/v2\/media?parent=2788"}],"wp:term":[{"taxonomy":"product_brand","embeddable":true,"href":"https:\/\/neos-music.com\/en_us\/wp-json\/wp\/v2\/product_brand?post=2788"},{"taxonomy":"product_cat","embeddable":true,"href":"https:\/\/neos-music.com\/en_us\/wp-json\/wp\/v2\/product_cat?post=2788"},{"taxonomy":"product_tag","embeddable":true,"href":"https:\/\/neos-music.com\/en_us\/wp-json\/wp\/v2\/product_tag?post=2788"}],"curies":[{"name":"wp","href":"https:\/\/api.w.org\/{rel}","templated":true}]}}