{"id":2795,"date":"2016-01-20T16:39:50","date_gmt":"2016-01-20T16:39:50","guid":{"rendered":"https:\/\/neos-music.com\/?post_type=product&#038;p=2795"},"modified":"2022-11-17T16:42:13","modified_gmt":"2022-11-17T16:42:13","slug":"michael-wertmueller-terrain-terrain-pull-up-pull-up","status":"publish","type":"product","link":"https:\/\/neos-music.com\/en_us\/product\/michael-wertmueller-terrain-terrain-pull-up-pull-up\/","title":{"rendered":"Michael Wertm\u00fcller: Terrain! Terrain! Pull Up! Pull Up!"},"content":{"rendered":"<p>Programm:<\/p>\n<div id=\"tracks\">\n<p><b>Terrain! Terrain! Pull Up! Pull Up!<\/b><\/p>\n<p>[01]\u00a0<b>buddy, fly<\/b>\u00a015:12<br \/>\n[02]\u00a0<b>bng_gng<\/b>\u00a012:14<br \/>\n[03]\u00a0<b>z. rat #5<\/b>\u00a007:28<br \/>\n[04]\u00a0<b>La Marama<\/b>\u00a015:05<\/p>\n<p>total playing time: 50:00<\/p>\n<p><i>Live Recording<\/i><\/p>\n<p>&nbsp;<\/p>\n<p>Large Ensemble, Hochschule der K\u00fcnste Bern<br \/>\nDjango Bates, conductor<\/p>\n<p>Jonathan Maag\/Michael Gilsenan, tenor saxophone<br \/>\nMarc Stucki, tenor saxophone (guest on z. rat #5)<br \/>\nLinus Amstad, alto saxophone \u00b7 Alexandre Soussi, baritone saxophone<br \/>\nDave Blaser\/Lukas Th\u00f6ni\/Julian Hesse\/Nicola Habegger, trumpet &amp; flugelhorn<br \/>\nMichael Buchanan\/Florian Weiss\/Julia R\u00fcffert, trombone<br \/>\nJonas Beck, bass trombone \u00b7 Daniel Brylewski, piano<br \/>\nBrian Archinal, vibraphone \u00b7 Jeremias Keller, bass<br \/>\nLucas Niggli, drums<\/p>\n<\/div>\n<p>Pressestimmen:<\/p>\n<div id=\"press\">\n<p><a class=\"arcoma_editor_link\" href=\"https:\/\/neos-music.com\/output.php?template=german-album-details.php&amp;content=Alben\/41602.php#\" target=\"_self\" rel=\"noopener\"><b>daltonsound.co.uk<\/b><\/a><\/p>\n<p>10.03.2016<\/p>\n<p>This album\u2019s composer Michael Wertm\u00fcller plays drums alongside saxophonist Peter Br\u00f6tzmann and bassist Marino Pliakas in the collaborative trio Full Blast, and with Pliakas in Caspar Br\u00f6tzmann\u2019s NOHOME. Neither Wertm\u00fcller nor Pliakas play on Terrain! Terrain! Pull Up! Pull Up! (NEOS), but a young orchestra with a phenomenal rhythm section under the conduction of Django Bates deliver a performance that amplifies Full Blast\u2019s muscular intensity, and outdoes it for discipline and exuberance.<\/p>\n<p>Br\u00f6tzmann is no doubt the better-known bandleader, but Wertm\u00fcller\u2019s work has wider scope: he\u2019s composed not only for jazz ensembles, but also for orchestras, chamber groups and opera, including recorded works with Ensemble KNM Berlin (Die Zeit, Eine Gebrauchsanweisung (GROB, 2003)), and, most pertinently, the 50 page score recorded as Sketches and Ballads by Full Blast and Friends, a sextet session which set the stage well for this new 16 piece conduction.<\/p>\n<p>This is music of considerable rhythmic complexity. To the suggestion that his scores are \u201crhythmically so complex they\u2019re almost unplayable,\u201d Wertm\u00fcller says: \u201cI always have a utopia in mind that goes hand in hand with \u2018unplayability\u2019. Musicians have to go to their limits, and sometimes beyond. That in turn results, more often than not, in something new.\u201d<\/p>\n<p>This performance, recorded at Moods jazz club, Z\u00fcrich, in February 2015, features drummer Lucas Niggli (who, incidentally, employs Pliakas in his trio Steamboat Switzerland) alongside electric bassist Jeremias Keller. Saxophonist Marc Stucki guests on one of the four pieces, otherwise the orchestra is that of Bern University of the Arts (HKB).<\/p>\n<p>The group is, as the sleeve notes put it, \u201can almost classic big band lineup,\u201d with four trumpets and three trombones. But, with no name artist in the front line to defer to, the orchestra is marshalled around the rhythm section, and electric bass and Niggli\u2019s powerhouse drumming (he cites Tony Williams and Terry Bozzio as influences) tip the balance toward rock\/fusion.<\/p>\n<p>\u201cbuddy, fly\u201d casts off with a vigorous solo drum spot, then the muscular plasticity of the electric bass holding in check a springy unison horn chart. A sudden break lets in solo vibraphone luminosity and contrastingly sour alto sax with vocalisations, but rhythmic ostinatos bring back chunky electric bass and fat solo trombone, and tight-unison horns stab over a mass galumph to another break, this time for tenor and baritone saxophone, then muted trumpet over increasingly tribal beats. When these allow some slack pianist Daniel Brylewski cascades a solo into the concavity with Brian Archinal\u2019s vibes glinting over its surface, but then there\u2019s the first of two unexpected returns for the full ensemble, all four trumpets sounding off against vibes along the way, and a conference of cymbal-spattered reeds to finish. Except no, there\u2019s time for yet another, harder rhythm irruption, and a concluding fanfare of swingtime horns. All this in about fifteen minutes.<\/p>\n<p>\u201cbng_gng\u201d, taken mostly at a high tempo, is punchy and ebullient with Niggli and Keller occasionally pushing big band bluster, massed horns and acerbically garrulous tenor sax into blast beat territory. Some of their energy spills over into an almost cartoonishly rambunctious \u201cz. rat #5\u201d, a relatively short piece that features Marc Stucki\u2019s tenor sax feature. He breaks with real intent from the ranks riding a rhythmic pummelling, Niggli breaking into a freewheeling full kit roil grounded by emphatic kick drumming. The unison re-join does nothing to lessen the intensity of a breathless performance, which would\u2019ve been a phenomenal experience.<\/p>\n<p>Niggli plays unaccompanied, initially with his hands, at the start of \u201cLa Marama\u201d, then turns to freestyle backbeats when bass and vibes come in. Keller\u2019s bassline leans closer to rock than jazz, but that\u2019s overruled by ranked horns, collectively edgy riffing but individually exploratory as Keller switches to articulated picking. The orchestra sounds wired on the excitement of the rhythm section\u2019s dynamism, and each reprise of staccato horn riffage is punchier and more elastic than the last. After ten minutes the horns cut out while Niggli plays a solo of full kit rolls punctuated by rapid, taut taut tom tom hits. The introduction of Keller\u2019s thrumming bass creates a rich depth of texture before the horns briefly rejoin in serried riffing. A sudden silence is punctuated only by soft sax pecks, leading to a relatively light passage for bass, vibes, crisp percussion and an elect tenor sax, and a ratchet-tight full-group conclusion.<\/p>\n<p>The young orchestra evidently threw themselves into the music\u2019s complexities, and they either caught or ignited a fire in the rhythm section. As far as I\u2019m aware, this was the first time Niggli and Keller played together. They should do so more often. I doubt that Wertm\u00fcller and Pliakas could\u2019ve done better. Still, kudos to Wertm\u00fcller for the patently inspirational score, and to Django Bates for a palpably spirited conduction.<\/p>\n<p><i>Tim Owen<br \/>\n<\/i><\/p>\n<\/div>\n<p>&nbsp;<\/p>\n","protected":false},"excerpt":{"rendered":"<p>Programm: Terrain! Terrain! Pull Up! Pull Up! [01]\u00a0buddy, fly\u00a015:12 [02]\u00a0bng_gng\u00a012:14 [03]\u00a0z. rat #5\u00a007:28 [04]\u00a0La Marama\u00a015:05 total playing time: 50:00 Live Recording &nbsp; Large Ensemble, Hochschule der K\u00fcnste Bern Django Bates, conductor Jonathan Maag\/Michael Gilsenan, tenor saxophone Marc Stucki, tenor saxophone (guest on z. rat #5) Linus Amstad, alto saxophone \u00b7 Alexandre Soussi, baritone saxophone Dave [&hellip;]<\/p>\n","protected":false},"featured_media":2796,"template":"","meta":{"site-sidebar-layout":"default","site-content-layout":"default","ast-site-content-layout":"default","site-content-style":"default","site-sidebar-style":"default","ast-global-header-display":"","ast-banner-title-visibility":"","ast-main-header-display":"","ast-hfb-above-header-display":"","ast-hfb-below-header-display":"","ast-hfb-mobile-header-display":"","site-post-title":"","ast-breadcrumbs-content":"","ast-featured-img":"","footer-sml-layout":"","theme-transparent-header-meta":"default","adv-header-id-meta":"","stick-header-meta":"","header-above-stick-meta":"","header-main-stick-meta":"","header-below-stick-meta":"","astra-migrate-meta-layouts":"default","ast-page-background-enabled":"default","ast-page-background-meta":{"desktop":{"background-color":"","background-image":"","background-repeat":"repeat","background-position":"center center","background-size":"auto","background-attachment":"scroll","background-type":"","background-media":"","overlay-type":"","overlay-color":"","overlay-opacity":"","overlay-gradient":""},"tablet":{"background-color":"","background-image":"","background-repeat":"repeat","background-position":"center center","background-size":"auto","background-attachment":"scroll","background-type":"","background-media":"","overlay-type":"","overlay-color":"","overlay-opacity":"","overlay-gradient":""},"mobile":{"background-color":"","background-image":"","background-repeat":"repeat","background-position":"center center","background-size":"auto","background-attachment":"scroll","background-type":"","background-media":"","overlay-type":"","overlay-color":"","overlay-opacity":"","overlay-gradient":""}},"ast-content-background-meta":{"desktop":{"background-color":"var(--ast-global-color-5)","background-image":"","background-repeat":"repeat","background-position":"center center","background-size":"auto","background-attachment":"scroll","background-type":"","background-media":"","overlay-type":"","overlay-color":"","overlay-opacity":"","overlay-gradient":""},"tablet":{"background-color":"var(--ast-global-color-5)","background-image":"","background-repeat":"repeat","background-position":"center center","background-size":"auto","background-attachment":"scroll","background-type":"","background-media":"","overlay-type":"","overlay-color":"","overlay-opacity":"","overlay-gradient":""},"mobile":{"background-color":"var(--ast-global-color-5)","background-image":"","background-repeat":"repeat","background-position":"center center","background-size":"auto","background-attachment":"scroll","background-type":"","background-media":"","overlay-type":"","overlay-color":"","overlay-opacity":"","overlay-gradient":""}}},"product_brand":[],"product_cat":[26],"product_tag":[],"class_list":{"0":"post-2795","1":"product","2":"type-product","3":"status-publish","4":"has-post-thumbnail","6":"product_cat-zeitgenossische-musik","7":"pa_artikelnummer-neos-41602","8":"pa_brand-neos-music","9":"pa_ean-353","10":"desktop-align-left","11":"tablet-align-left","12":"mobile-align-left","14":"first","15":"instock","16":"taxable","17":"shipping-taxable","18":"purchasable","19":"product-type-simple"},"yoast_head":"<!-- This site is optimized with the Yoast SEO plugin v27.3 - https:\/\/yoast.com\/product\/yoast-seo-wordpress\/ -->\n<title>Michael Wertm\u00fcller: Terrain! Terrain! Pull Up! Pull Up! - NEOS Music<\/title>\n<meta name=\"robots\" content=\"index, follow, max-snippet:-1, max-image-preview:large, max-video-preview:-1\" \/>\n<link rel=\"canonical\" href=\"https:\/\/neos-music.com\/en_us\/product\/michael-wertmueller-terrain-terrain-pull-up-pull-up\/\" \/>\n<meta property=\"og:locale\" content=\"en_US\" \/>\n<meta property=\"og:type\" content=\"article\" \/>\n<meta property=\"og:title\" content=\"Michael Wertm\u00fcller: Terrain! Terrain! Pull Up! Pull Up! - NEOS Music\" \/>\n<meta property=\"og:description\" content=\"Programm: Terrain! Terrain! Pull Up! Pull Up! [01]\u00a0buddy, fly\u00a015:12 [02]\u00a0bng_gng\u00a012:14 [03]\u00a0z. rat #5\u00a007:28 [04]\u00a0La Marama\u00a015:05 total playing time: 50:00 Live Recording &nbsp; Large Ensemble, Hochschule der K\u00fcnste Bern Django Bates, conductor Jonathan Maag\/Michael Gilsenan, tenor saxophone Marc Stucki, tenor saxophone (guest on z. rat #5) Linus Amstad, alto saxophone \u00b7 Alexandre Soussi, baritone saxophone Dave [&hellip;]\" \/>\n<meta property=\"og:url\" content=\"https:\/\/neos-music.com\/en_us\/product\/michael-wertmueller-terrain-terrain-pull-up-pull-up\/\" \/>\n<meta property=\"og:site_name\" content=\"NEOS Music\" \/>\n<meta property=\"article:modified_time\" content=\"2022-11-17T16:42:13+00:00\" \/>\n<meta property=\"og:image\" content=\"https:\/\/neos-music.com\/wp-content\/uploads\/2022\/11\/NEOS_41602_Wertmueller.jpeg\" \/>\n\t<meta property=\"og:image:width\" content=\"1647\" \/>\n\t<meta property=\"og:image:height\" content=\"1482\" \/>\n\t<meta property=\"og:image:type\" content=\"image\/jpeg\" \/>\n<meta name=\"twitter:card\" content=\"summary_large_image\" \/>\n<meta name=\"twitter:label1\" content=\"Est. reading time\" \/>\n\t<meta name=\"twitter:data1\" content=\"5 minutes\" \/>\n<script type=\"application\/ld+json\" class=\"yoast-schema-graph\">{\"@context\":\"https:\\\/\\\/schema.org\",\"@graph\":[{\"@type\":\"WebPage\",\"@id\":\"https:\\\/\\\/neos-music.com\\\/product\\\/michael-wertmueller-terrain-terrain-pull-up-pull-up\\\/\",\"url\":\"https:\\\/\\\/neos-music.com\\\/product\\\/michael-wertmueller-terrain-terrain-pull-up-pull-up\\\/\",\"name\":\"Michael Wertm\u00fcller: Terrain! Terrain! Pull Up! Pull Up! - NEOS Music\",\"isPartOf\":{\"@id\":\"https:\\\/\\\/neos-music.com\\\/#website\"},\"primaryImageOfPage\":{\"@id\":\"https:\\\/\\\/neos-music.com\\\/product\\\/michael-wertmueller-terrain-terrain-pull-up-pull-up\\\/#primaryimage\"},\"image\":{\"@id\":\"https:\\\/\\\/neos-music.com\\\/product\\\/michael-wertmueller-terrain-terrain-pull-up-pull-up\\\/#primaryimage\"},\"thumbnailUrl\":\"https:\\\/\\\/i0.wp.com\\\/neos-music.com\\\/wp-content\\\/uploads\\\/2022\\\/11\\\/NEOS_41602_Wertmueller.jpeg?fit=1647%2C1482&ssl=1\",\"datePublished\":\"2016-01-20T16:39:50+00:00\",\"dateModified\":\"2022-11-17T16:42:13+00:00\",\"breadcrumb\":{\"@id\":\"https:\\\/\\\/neos-music.com\\\/product\\\/michael-wertmueller-terrain-terrain-pull-up-pull-up\\\/#breadcrumb\"},\"inLanguage\":\"en-US\",\"potentialAction\":[{\"@type\":\"ReadAction\",\"target\":[\"https:\\\/\\\/neos-music.com\\\/product\\\/michael-wertmueller-terrain-terrain-pull-up-pull-up\\\/\"]}]},{\"@type\":\"ImageObject\",\"inLanguage\":\"en-US\",\"@id\":\"https:\\\/\\\/neos-music.com\\\/product\\\/michael-wertmueller-terrain-terrain-pull-up-pull-up\\\/#primaryimage\",\"url\":\"https:\\\/\\\/i0.wp.com\\\/neos-music.com\\\/wp-content\\\/uploads\\\/2022\\\/11\\\/NEOS_41602_Wertmueller.jpeg?fit=1647%2C1482&ssl=1\",\"contentUrl\":\"https:\\\/\\\/i0.wp.com\\\/neos-music.com\\\/wp-content\\\/uploads\\\/2022\\\/11\\\/NEOS_41602_Wertmueller.jpeg?fit=1647%2C1482&ssl=1\",\"width\":1647,\"height\":1482},{\"@type\":\"BreadcrumbList\",\"@id\":\"https:\\\/\\\/neos-music.com\\\/product\\\/michael-wertmueller-terrain-terrain-pull-up-pull-up\\\/#breadcrumb\",\"itemListElement\":[{\"@type\":\"ListItem\",\"position\":1,\"name\":\"Startseite\",\"item\":\"https:\\\/\\\/neos-music.com\\\/\"},{\"@type\":\"ListItem\",\"position\":2,\"name\":\"Produkte\",\"item\":\"https:\\\/\\\/neos-music.com\\\/shop__trashed\\\/\"},{\"@type\":\"ListItem\",\"position\":3,\"name\":\"Michael Wertm\u00fcller: Terrain! Terrain! Pull Up! Pull Up!\"}]},{\"@type\":\"WebSite\",\"@id\":\"https:\\\/\\\/neos-music.com\\\/#website\",\"url\":\"https:\\\/\\\/neos-music.com\\\/\",\"name\":\"NEOS Music\",\"description\":\"Dein Online Shop f\u00fcr zeitgen\u00f6ssische Musik, Jazz und Classics!\",\"publisher\":{\"@id\":\"https:\\\/\\\/neos-music.com\\\/#organization\"},\"potentialAction\":[{\"@type\":\"SearchAction\",\"target\":{\"@type\":\"EntryPoint\",\"urlTemplate\":\"https:\\\/\\\/neos-music.com\\\/?s={search_term_string}\"},\"query-input\":{\"@type\":\"PropertyValueSpecification\",\"valueRequired\":true,\"valueName\":\"search_term_string\"}}],\"inLanguage\":\"en-US\"},{\"@type\":\"Organization\",\"@id\":\"https:\\\/\\\/neos-music.com\\\/#organization\",\"name\":\"NEOS Music\",\"url\":\"https:\\\/\\\/neos-music.com\\\/\",\"logo\":{\"@type\":\"ImageObject\",\"inLanguage\":\"en-US\",\"@id\":\"https:\\\/\\\/neos-music.com\\\/#\\\/schema\\\/logo\\\/image\\\/\",\"url\":\"https:\\\/\\\/i0.wp.com\\\/neos-music.com\\\/wp-content\\\/uploads\\\/2025\\\/08\\\/NEOS-Logo-weiss.png?fit=800%2C203&ssl=1\",\"contentUrl\":\"https:\\\/\\\/i0.wp.com\\\/neos-music.com\\\/wp-content\\\/uploads\\\/2025\\\/08\\\/NEOS-Logo-weiss.png?fit=800%2C203&ssl=1\",\"width\":800,\"height\":203,\"caption\":\"NEOS Music\"},\"image\":{\"@id\":\"https:\\\/\\\/neos-music.com\\\/#\\\/schema\\\/logo\\\/image\\\/\"}}]}<\/script>\n<!-- \/ Yoast SEO plugin. -->","yoast_head_json":{"title":"Michael Wertm\u00fcller: Terrain! Terrain! Pull Up! Pull Up! - NEOS Music","robots":{"index":"index","follow":"follow","max-snippet":"max-snippet:-1","max-image-preview":"max-image-preview:large","max-video-preview":"max-video-preview:-1"},"canonical":"https:\/\/neos-music.com\/en_us\/product\/michael-wertmueller-terrain-terrain-pull-up-pull-up\/","og_locale":"en_US","og_type":"article","og_title":"Michael Wertm\u00fcller: Terrain! Terrain! Pull Up! Pull Up! - NEOS Music","og_description":"Programm: Terrain! Terrain! Pull Up! Pull Up! [01]\u00a0buddy, fly\u00a015:12 [02]\u00a0bng_gng\u00a012:14 [03]\u00a0z. rat #5\u00a007:28 [04]\u00a0La Marama\u00a015:05 total playing time: 50:00 Live Recording &nbsp; Large Ensemble, Hochschule der K\u00fcnste Bern Django Bates, conductor Jonathan Maag\/Michael Gilsenan, tenor saxophone Marc Stucki, tenor saxophone (guest on z. rat #5) Linus Amstad, alto saxophone \u00b7 Alexandre Soussi, baritone saxophone Dave [&hellip;]","og_url":"https:\/\/neos-music.com\/en_us\/product\/michael-wertmueller-terrain-terrain-pull-up-pull-up\/","og_site_name":"NEOS Music","article_modified_time":"2022-11-17T16:42:13+00:00","og_image":[{"width":1647,"height":1482,"url":"https:\/\/neos-music.com\/wp-content\/uploads\/2022\/11\/NEOS_41602_Wertmueller.jpeg","type":"image\/jpeg"}],"twitter_card":"summary_large_image","twitter_misc":{"Est. reading time":"5 minutes"},"schema":{"@context":"https:\/\/schema.org","@graph":[{"@type":"WebPage","@id":"https:\/\/neos-music.com\/product\/michael-wertmueller-terrain-terrain-pull-up-pull-up\/","url":"https:\/\/neos-music.com\/product\/michael-wertmueller-terrain-terrain-pull-up-pull-up\/","name":"Michael Wertm\u00fcller: Terrain! Terrain! Pull Up! Pull Up! - NEOS Music","isPartOf":{"@id":"https:\/\/neos-music.com\/#website"},"primaryImageOfPage":{"@id":"https:\/\/neos-music.com\/product\/michael-wertmueller-terrain-terrain-pull-up-pull-up\/#primaryimage"},"image":{"@id":"https:\/\/neos-music.com\/product\/michael-wertmueller-terrain-terrain-pull-up-pull-up\/#primaryimage"},"thumbnailUrl":"https:\/\/i0.wp.com\/neos-music.com\/wp-content\/uploads\/2022\/11\/NEOS_41602_Wertmueller.jpeg?fit=1647%2C1482&ssl=1","datePublished":"2016-01-20T16:39:50+00:00","dateModified":"2022-11-17T16:42:13+00:00","breadcrumb":{"@id":"https:\/\/neos-music.com\/product\/michael-wertmueller-terrain-terrain-pull-up-pull-up\/#breadcrumb"},"inLanguage":"en-US","potentialAction":[{"@type":"ReadAction","target":["https:\/\/neos-music.com\/product\/michael-wertmueller-terrain-terrain-pull-up-pull-up\/"]}]},{"@type":"ImageObject","inLanguage":"en-US","@id":"https:\/\/neos-music.com\/product\/michael-wertmueller-terrain-terrain-pull-up-pull-up\/#primaryimage","url":"https:\/\/i0.wp.com\/neos-music.com\/wp-content\/uploads\/2022\/11\/NEOS_41602_Wertmueller.jpeg?fit=1647%2C1482&ssl=1","contentUrl":"https:\/\/i0.wp.com\/neos-music.com\/wp-content\/uploads\/2022\/11\/NEOS_41602_Wertmueller.jpeg?fit=1647%2C1482&ssl=1","width":1647,"height":1482},{"@type":"BreadcrumbList","@id":"https:\/\/neos-music.com\/product\/michael-wertmueller-terrain-terrain-pull-up-pull-up\/#breadcrumb","itemListElement":[{"@type":"ListItem","position":1,"name":"Startseite","item":"https:\/\/neos-music.com\/"},{"@type":"ListItem","position":2,"name":"Produkte","item":"https:\/\/neos-music.com\/shop__trashed\/"},{"@type":"ListItem","position":3,"name":"Michael Wertm\u00fcller: Terrain! Terrain! Pull Up! Pull Up!"}]},{"@type":"WebSite","@id":"https:\/\/neos-music.com\/#website","url":"https:\/\/neos-music.com\/","name":"NEOS Music","description":"Dein Online Shop f\u00fcr zeitgen\u00f6ssische Musik, Jazz und Classics!","publisher":{"@id":"https:\/\/neos-music.com\/#organization"},"potentialAction":[{"@type":"SearchAction","target":{"@type":"EntryPoint","urlTemplate":"https:\/\/neos-music.com\/?s={search_term_string}"},"query-input":{"@type":"PropertyValueSpecification","valueRequired":true,"valueName":"search_term_string"}}],"inLanguage":"en-US"},{"@type":"Organization","@id":"https:\/\/neos-music.com\/#organization","name":"NEOS Music","url":"https:\/\/neos-music.com\/","logo":{"@type":"ImageObject","inLanguage":"en-US","@id":"https:\/\/neos-music.com\/#\/schema\/logo\/image\/","url":"https:\/\/i0.wp.com\/neos-music.com\/wp-content\/uploads\/2025\/08\/NEOS-Logo-weiss.png?fit=800%2C203&ssl=1","contentUrl":"https:\/\/i0.wp.com\/neos-music.com\/wp-content\/uploads\/2025\/08\/NEOS-Logo-weiss.png?fit=800%2C203&ssl=1","width":800,"height":203,"caption":"NEOS Music"},"image":{"@id":"https:\/\/neos-music.com\/#\/schema\/logo\/image\/"}}]}},"jetpack_sharing_enabled":true,"_links":{"self":[{"href":"https:\/\/neos-music.com\/en_us\/wp-json\/wp\/v2\/product\/2795","targetHints":{"allow":["GET"]}}],"collection":[{"href":"https:\/\/neos-music.com\/en_us\/wp-json\/wp\/v2\/product"}],"about":[{"href":"https:\/\/neos-music.com\/en_us\/wp-json\/wp\/v2\/types\/product"}],"version-history":[{"count":0,"href":"https:\/\/neos-music.com\/en_us\/wp-json\/wp\/v2\/product\/2795\/revisions"}],"wp:featuredmedia":[{"embeddable":true,"href":"https:\/\/neos-music.com\/en_us\/wp-json\/wp\/v2\/media\/2796"}],"wp:attachment":[{"href":"https:\/\/neos-music.com\/en_us\/wp-json\/wp\/v2\/media?parent=2795"}],"wp:term":[{"taxonomy":"product_brand","embeddable":true,"href":"https:\/\/neos-music.com\/en_us\/wp-json\/wp\/v2\/product_brand?post=2795"},{"taxonomy":"product_cat","embeddable":true,"href":"https:\/\/neos-music.com\/en_us\/wp-json\/wp\/v2\/product_cat?post=2795"},{"taxonomy":"product_tag","embeddable":true,"href":"https:\/\/neos-music.com\/en_us\/wp-json\/wp\/v2\/product_tag?post=2795"}],"curies":[{"name":"wp","href":"https:\/\/api.w.org\/{rel}","templated":true}]}}