{"id":2799,"date":"2016-01-14T16:49:06","date_gmt":"2016-01-14T16:49:06","guid":{"rendered":"https:\/\/neos-music.com\/?post_type=product&#038;p=2799"},"modified":"2023-05-22T23:43:08","modified_gmt":"2023-05-22T23:43:08","slug":"charles-wuorinen-chamber-music-for-violin-piano-and-harpsichord","status":"publish","type":"product","link":"https:\/\/neos-music.com\/en_us\/product\/charles-wuorinen-chamber-music-for-violin-piano-and-harpsichord\/","title":{"rendered":"Charles Wuorinen: Chamber Music for Violin, Piano and Harpsichord"},"content":{"rendered":"<p>Programm:<\/p>\n<p>[01]\u00a0<b>Heart Shadow<\/b>\u00a0for piano (2005)\u00a0\u00a0<b>09:19<\/b><\/p>\n<p>[02]\u00a0<b>The Long and The Short<\/b>\u00a0for violin solo (1969)<b>\u00a010:23<\/b><\/p>\n<p>[03]\u00a0<b>Harpsichord Divisions<\/b>\u00a0(1966)\u00a0<i>World Premiere Recording<\/i>\u00a0<b>14:31<\/b><\/p>\n<p>[04]\u00a0<b>Violin Variations<\/b>\u00a0(1972)\u00a0<b>17:49<\/b><\/p>\n<p><b><br \/>\n<\/b><b>Six Pieces for Violin and Piano<\/b>\u00a0(1977)\u00a0<b>19:29<\/b><\/p>\n<p>[05]\u00a0<b>No.1<\/b>\u00a0 01:36<br \/>\n[06]\u00a0<b>No.2<\/b>\u00a0 02:30<br \/>\n[07]\u00a0<b>No.3\u00a0<\/b>\u00a001:49<br \/>\n[08]\u00a0<b>No.4\u00a0<\/b>\u00a004:28<br \/>\n[09]\u00a0<b>No.5<\/b>\u00a0 04:15<br \/>\n[10]\u00a0<b>No.6<\/b>\u00a0 04:51<\/p>\n<p>&nbsp;<\/p>\n<p>total playing time: 72:35<\/p>\n<p>&nbsp;<\/p>\n<p>Anna Skouras, violin<br \/>\n<a class=\"arcoma_glossarylink\" href=\"https:\/\/neos-music.com\/output.php?content=Kuenstler\/Andreas_Skouras.php&amp;treplace=english%2Cgerman\" target=\"_self\" rel=\"noopener\">Andreas Skouras<\/a>, piano &amp; harpsichord<\/p>\n<p>Pressestimmen:<\/p>\n<p><img data-recalc-dims=\"1\" decoding=\"async\" src=\"https:\/\/i0.wp.com\/neos-music.com\/wp-content\/uploads\/2023\/05\/logo_klassik_com.png?ssl=1\" alt=\"\" \/><\/p>\n<p><b>&#8222;Zw\u00f6lft\u00f6nig&#8220;<\/b><\/p>\n<p>Am 30.3.2019 schrieb Dr.\u00a0J\u00fcrgen Schaarw\u00e4chter\u00a0auf\u00a0<a class=\"arcoma_editor_link\" href=\"https:\/\/neos-music.com\/output.php?template=german-album-details.php&amp;content=Alben\/11123.php#\" target=\"_blank\" rel=\"noopener\">www.klassik.com<\/a>:<\/p>\n<p><b>Ein vorbildlicher Blick in Charles Wuorinens instrumentales Kammermusikschaffen.<\/b><\/p>\n<p>Fast vierzig Jahre umspannt die vorliegende Sammlung von Solowerken f\u00fcr Klavier, Cembalo, Violine und Kammermusik f\u00fcr Violine und Klavier \u2013 eine spannende Reise durch die Klangwelt des New Yorkers, der 2018 seinen 80. Geburtstag feierte. Charles Wuorinen hat sich als Zw\u00f6lftonkomponist genuiner Art einen Namen gemacht, dem, so der \u00fcberaus kluge Booklettext, die Zw\u00f6ltontechnik geradezu in Fleisch und Blut \u00fcbergegangen ist. Dass er dennoch immer wieder neu und spannend klingt, zeugt von seiner vielf\u00e4ltigen, dennoch klar erkennbaren Klangsprache. (&#8230;)\u00a0Ein \u00fcberzeugenderes Pl\u00e4doyer f\u00fcr den Kammermusikkomponisten Wuorinen kann man sich kaum vorstellen.<\/p>\n<p><a class=\"arcoma_editor_link\" href=\"https:\/\/neos-music.com\/output.php?template=german-album-details.php&amp;content=Alben\/11123.php#\" target=\"_blank\" rel=\"noopener\">lesen Sie hier die vollst\u00e4ndige Rezension<\/a><\/p>\n<p>&nbsp;<\/p>\n<p><img data-recalc-dims=\"1\" decoding=\"async\" src=\"https:\/\/i0.wp.com\/neos-music.com\/wp-content\/uploads\/2023\/05\/logo_gramophone.gif?ssl=1\" alt=\"\" \/><br \/>\n05\/2016<\/p>\n<p>&#8222;Often relegated to the &#8218;easy to admire, difficult to love&#8216; category, Charles Wuorinen (<i>b<\/i>1938) has amased a sizeable Output in a variety of media whose intellectual rigour does not preclude engaging or playful qualities. (&#8230;) Anna and Andreas Skouras are the dedicated violinist and keyboardist in this rewarding Music, combining in\u00a0<i>Six Pieces<\/i>\u00a0(1977) for a cycle whose initially disjunctive contrasts quickly reveal a powerfully cumulative momentum no less typical of this composer.&#8220;<\/p>\n<p>(Richard Whitehouse)<\/p>\n","protected":false},"excerpt":{"rendered":"<p>Programm: [01]\u00a0Heart Shadow\u00a0for piano (2005)\u00a0\u00a009:19 [02]\u00a0The Long and The Short\u00a0for violin solo (1969)\u00a010:23 [03]\u00a0Harpsichord Divisions\u00a0(1966)\u00a0World Premiere Recording\u00a014:31 [04]\u00a0Violin Variations\u00a0(1972)\u00a017:49 Six Pieces for Violin and Piano\u00a0(1977)\u00a019:29 [05]\u00a0No.1\u00a0 01:36 [06]\u00a0No.2\u00a0 02:30 [07]\u00a0No.3\u00a0\u00a001:49 [08]\u00a0No.4\u00a0\u00a004:28 [09]\u00a0No.5\u00a0 04:15 [10]\u00a0No.6\u00a0 04:51 &nbsp; total playing time: 72:35 &nbsp; Anna Skouras, violin Andreas Skouras, piano &amp; harpsichord Pressestimmen: &#8222;Zw\u00f6lft\u00f6nig&#8220; Am 30.3.2019 schrieb Dr.\u00a0J\u00fcrgen [&hellip;]<\/p>\n","protected":false},"featured_media":2800,"template":"","meta":{"site-sidebar-layout":"default","site-content-layout":"default","ast-site-content-layout":"default","site-content-style":"default","site-sidebar-style":"default","ast-global-header-display":"","ast-banner-title-visibility":"","ast-main-header-display":"","ast-hfb-above-header-display":"","ast-hfb-below-header-display":"","ast-hfb-mobile-header-display":"","site-post-title":"","ast-breadcrumbs-content":"","ast-featured-img":"","footer-sml-layout":"","theme-transparent-header-meta":"default","adv-header-id-meta":"","stick-header-meta":"","header-above-stick-meta":"","header-main-stick-meta":"","header-below-stick-meta":"","astra-migrate-meta-layouts":"default","ast-page-background-enabled":"default","ast-page-background-meta":{"desktop":{"background-color":"","background-image":"","background-repeat":"repeat","background-position":"center center","background-size":"auto","background-attachment":"scroll","background-type":"","background-media":"","overlay-type":"","overlay-color":"","overlay-opacity":"","overlay-gradient":""},"tablet":{"background-color":"","background-image":"","background-repeat":"repeat","background-position":"center center","background-size":"auto","background-attachment":"scroll","background-type":"","background-media":"","overlay-type":"","overlay-color":"","overlay-opacity":"","overlay-gradient":""},"mobile":{"background-color":"","background-image":"","background-repeat":"repeat","background-position":"center center","background-size":"auto","background-attachment":"scroll","background-type":"","background-media":"","overlay-type":"","overlay-color":"","overlay-opacity":"","overlay-gradient":""}},"ast-content-background-meta":{"desktop":{"background-color":"var(--ast-global-color-5)","background-image":"","background-repeat":"repeat","background-position":"center center","background-size":"auto","background-attachment":"scroll","background-type":"","background-media":"","overlay-type":"","overlay-color":"","overlay-opacity":"","overlay-gradient":""},"tablet":{"background-color":"var(--ast-global-color-5)","background-image":"","background-repeat":"repeat","background-position":"center center","background-size":"auto","background-attachment":"scroll","background-type":"","background-media":"","overlay-type":"","overlay-color":"","overlay-opacity":"","overlay-gradient":""},"mobile":{"background-color":"var(--ast-global-color-5)","background-image":"","background-repeat":"repeat","background-position":"center center","background-size":"auto","background-attachment":"scroll","background-type":"","background-media":"","overlay-type":"","overlay-color":"","overlay-opacity":"","overlay-gradient":""}}},"product_brand":[],"product_cat":[26],"product_tag":[],"class_list":{"0":"post-2799","1":"product","2":"type-product","3":"status-publish","4":"has-post-thumbnail","6":"product_cat-zeitgenossische-musik","7":"pa_artikelnummer-neos-11123","8":"pa_brand-neos-music","9":"pa_ean-357","10":"desktop-align-left","11":"tablet-align-left","12":"mobile-align-left","14":"first","15":"instock","16":"taxable","17":"shipping-taxable","18":"purchasable","19":"product-type-simple"},"yoast_head":"<!-- This site is optimized with the Yoast SEO plugin v27.3 - https:\/\/yoast.com\/product\/yoast-seo-wordpress\/ -->\n<title>Charles Wuorinen: Chamber Music for Violin, Piano and Harpsichord - NEOS Music<\/title>\n<meta name=\"robots\" content=\"index, follow, max-snippet:-1, max-image-preview:large, max-video-preview:-1\" \/>\n<link rel=\"canonical\" href=\"https:\/\/neos-music.com\/en_us\/product\/charles-wuorinen-chamber-music-for-violin-piano-and-harpsichord\/\" \/>\n<meta property=\"og:locale\" content=\"en_US\" \/>\n<meta property=\"og:type\" content=\"article\" \/>\n<meta property=\"og:title\" content=\"Charles Wuorinen: Chamber Music for Violin, Piano and Harpsichord - NEOS Music\" \/>\n<meta property=\"og:description\" content=\"Programm: [01]\u00a0Heart Shadow\u00a0for piano (2005)\u00a0\u00a009:19 [02]\u00a0The Long and The Short\u00a0for violin solo (1969)\u00a010:23 [03]\u00a0Harpsichord Divisions\u00a0(1966)\u00a0World Premiere Recording\u00a014:31 [04]\u00a0Violin Variations\u00a0(1972)\u00a017:49 Six Pieces for Violin and Piano\u00a0(1977)\u00a019:29 [05]\u00a0No.1\u00a0 01:36 [06]\u00a0No.2\u00a0 02:30 [07]\u00a0No.3\u00a0\u00a001:49 [08]\u00a0No.4\u00a0\u00a004:28 [09]\u00a0No.5\u00a0 04:15 [10]\u00a0No.6\u00a0 04:51 &nbsp; total playing time: 72:35 &nbsp; Anna Skouras, violin Andreas Skouras, piano &amp; harpsichord Pressestimmen: &#8222;Zw\u00f6lft\u00f6nig&#8220; Am 30.3.2019 schrieb Dr.\u00a0J\u00fcrgen [&hellip;]\" \/>\n<meta property=\"og:url\" content=\"https:\/\/neos-music.com\/en_us\/product\/charles-wuorinen-chamber-music-for-violin-piano-and-harpsichord\/\" \/>\n<meta property=\"og:site_name\" content=\"NEOS Music\" \/>\n<meta property=\"article:modified_time\" content=\"2023-05-22T23:43:08+00:00\" \/>\n<meta property=\"og:image\" content=\"https:\/\/neos-music.com\/wp-content\/uploads\/2022\/11\/NEOS_11123_Wuorinen.jpeg\" \/>\n\t<meta property=\"og:image:width\" content=\"1648\" \/>\n\t<meta property=\"og:image:height\" content=\"1484\" \/>\n\t<meta property=\"og:image:type\" content=\"image\/jpeg\" \/>\n<meta name=\"twitter:card\" content=\"summary_large_image\" \/>\n<meta name=\"twitter:label1\" content=\"Est. reading time\" \/>\n\t<meta name=\"twitter:data1\" content=\"2 minutes\" \/>\n<script type=\"application\/ld+json\" class=\"yoast-schema-graph\">{\"@context\":\"https:\\\/\\\/schema.org\",\"@graph\":[{\"@type\":\"WebPage\",\"@id\":\"https:\\\/\\\/neos-music.com\\\/product\\\/charles-wuorinen-chamber-music-for-violin-piano-and-harpsichord\\\/\",\"url\":\"https:\\\/\\\/neos-music.com\\\/product\\\/charles-wuorinen-chamber-music-for-violin-piano-and-harpsichord\\\/\",\"name\":\"Charles Wuorinen: Chamber Music for Violin, Piano and Harpsichord - NEOS Music\",\"isPartOf\":{\"@id\":\"https:\\\/\\\/neos-music.com\\\/#website\"},\"primaryImageOfPage\":{\"@id\":\"https:\\\/\\\/neos-music.com\\\/product\\\/charles-wuorinen-chamber-music-for-violin-piano-and-harpsichord\\\/#primaryimage\"},\"image\":{\"@id\":\"https:\\\/\\\/neos-music.com\\\/product\\\/charles-wuorinen-chamber-music-for-violin-piano-and-harpsichord\\\/#primaryimage\"},\"thumbnailUrl\":\"https:\\\/\\\/i0.wp.com\\\/neos-music.com\\\/wp-content\\\/uploads\\\/2022\\\/11\\\/NEOS_11123_Wuorinen.jpeg?fit=1648%2C1484&ssl=1\",\"datePublished\":\"2016-01-14T16:49:06+00:00\",\"dateModified\":\"2023-05-22T23:43:08+00:00\",\"breadcrumb\":{\"@id\":\"https:\\\/\\\/neos-music.com\\\/product\\\/charles-wuorinen-chamber-music-for-violin-piano-and-harpsichord\\\/#breadcrumb\"},\"inLanguage\":\"en-US\",\"potentialAction\":[{\"@type\":\"ReadAction\",\"target\":[\"https:\\\/\\\/neos-music.com\\\/product\\\/charles-wuorinen-chamber-music-for-violin-piano-and-harpsichord\\\/\"]}]},{\"@type\":\"ImageObject\",\"inLanguage\":\"en-US\",\"@id\":\"https:\\\/\\\/neos-music.com\\\/product\\\/charles-wuorinen-chamber-music-for-violin-piano-and-harpsichord\\\/#primaryimage\",\"url\":\"https:\\\/\\\/i0.wp.com\\\/neos-music.com\\\/wp-content\\\/uploads\\\/2022\\\/11\\\/NEOS_11123_Wuorinen.jpeg?fit=1648%2C1484&ssl=1\",\"contentUrl\":\"https:\\\/\\\/i0.wp.com\\\/neos-music.com\\\/wp-content\\\/uploads\\\/2022\\\/11\\\/NEOS_11123_Wuorinen.jpeg?fit=1648%2C1484&ssl=1\",\"width\":1648,\"height\":1484},{\"@type\":\"BreadcrumbList\",\"@id\":\"https:\\\/\\\/neos-music.com\\\/product\\\/charles-wuorinen-chamber-music-for-violin-piano-and-harpsichord\\\/#breadcrumb\",\"itemListElement\":[{\"@type\":\"ListItem\",\"position\":1,\"name\":\"Startseite\",\"item\":\"https:\\\/\\\/neos-music.com\\\/\"},{\"@type\":\"ListItem\",\"position\":2,\"name\":\"Produkte\",\"item\":\"https:\\\/\\\/neos-music.com\\\/shop__trashed\\\/\"},{\"@type\":\"ListItem\",\"position\":3,\"name\":\"Charles Wuorinen: Chamber Music for Violin, Piano and Harpsichord\"}]},{\"@type\":\"WebSite\",\"@id\":\"https:\\\/\\\/neos-music.com\\\/#website\",\"url\":\"https:\\\/\\\/neos-music.com\\\/\",\"name\":\"NEOS Music\",\"description\":\"Dein Online Shop f\u00fcr zeitgen\u00f6ssische Musik, Jazz und Classics!\",\"publisher\":{\"@id\":\"https:\\\/\\\/neos-music.com\\\/#organization\"},\"potentialAction\":[{\"@type\":\"SearchAction\",\"target\":{\"@type\":\"EntryPoint\",\"urlTemplate\":\"https:\\\/\\\/neos-music.com\\\/?s={search_term_string}\"},\"query-input\":{\"@type\":\"PropertyValueSpecification\",\"valueRequired\":true,\"valueName\":\"search_term_string\"}}],\"inLanguage\":\"en-US\"},{\"@type\":\"Organization\",\"@id\":\"https:\\\/\\\/neos-music.com\\\/#organization\",\"name\":\"NEOS Music\",\"url\":\"https:\\\/\\\/neos-music.com\\\/\",\"logo\":{\"@type\":\"ImageObject\",\"inLanguage\":\"en-US\",\"@id\":\"https:\\\/\\\/neos-music.com\\\/#\\\/schema\\\/logo\\\/image\\\/\",\"url\":\"https:\\\/\\\/i0.wp.com\\\/neos-music.com\\\/wp-content\\\/uploads\\\/2025\\\/08\\\/NEOS-Logo-weiss.png?fit=800%2C203&ssl=1\",\"contentUrl\":\"https:\\\/\\\/i0.wp.com\\\/neos-music.com\\\/wp-content\\\/uploads\\\/2025\\\/08\\\/NEOS-Logo-weiss.png?fit=800%2C203&ssl=1\",\"width\":800,\"height\":203,\"caption\":\"NEOS Music\"},\"image\":{\"@id\":\"https:\\\/\\\/neos-music.com\\\/#\\\/schema\\\/logo\\\/image\\\/\"}}]}<\/script>\n<!-- \/ Yoast SEO plugin. -->","yoast_head_json":{"title":"Charles Wuorinen: Chamber Music for Violin, Piano and Harpsichord - NEOS Music","robots":{"index":"index","follow":"follow","max-snippet":"max-snippet:-1","max-image-preview":"max-image-preview:large","max-video-preview":"max-video-preview:-1"},"canonical":"https:\/\/neos-music.com\/en_us\/product\/charles-wuorinen-chamber-music-for-violin-piano-and-harpsichord\/","og_locale":"en_US","og_type":"article","og_title":"Charles Wuorinen: Chamber Music for Violin, Piano and Harpsichord - NEOS Music","og_description":"Programm: [01]\u00a0Heart Shadow\u00a0for piano (2005)\u00a0\u00a009:19 [02]\u00a0The Long and The Short\u00a0for violin solo (1969)\u00a010:23 [03]\u00a0Harpsichord Divisions\u00a0(1966)\u00a0World Premiere Recording\u00a014:31 [04]\u00a0Violin Variations\u00a0(1972)\u00a017:49 Six Pieces for Violin and Piano\u00a0(1977)\u00a019:29 [05]\u00a0No.1\u00a0 01:36 [06]\u00a0No.2\u00a0 02:30 [07]\u00a0No.3\u00a0\u00a001:49 [08]\u00a0No.4\u00a0\u00a004:28 [09]\u00a0No.5\u00a0 04:15 [10]\u00a0No.6\u00a0 04:51 &nbsp; total playing time: 72:35 &nbsp; Anna Skouras, violin Andreas Skouras, piano &amp; harpsichord Pressestimmen: &#8222;Zw\u00f6lft\u00f6nig&#8220; Am 30.3.2019 schrieb Dr.\u00a0J\u00fcrgen [&hellip;]","og_url":"https:\/\/neos-music.com\/en_us\/product\/charles-wuorinen-chamber-music-for-violin-piano-and-harpsichord\/","og_site_name":"NEOS Music","article_modified_time":"2023-05-22T23:43:08+00:00","og_image":[{"width":1648,"height":1484,"url":"https:\/\/neos-music.com\/wp-content\/uploads\/2022\/11\/NEOS_11123_Wuorinen.jpeg","type":"image\/jpeg"}],"twitter_card":"summary_large_image","twitter_misc":{"Est. reading time":"2 minutes"},"schema":{"@context":"https:\/\/schema.org","@graph":[{"@type":"WebPage","@id":"https:\/\/neos-music.com\/product\/charles-wuorinen-chamber-music-for-violin-piano-and-harpsichord\/","url":"https:\/\/neos-music.com\/product\/charles-wuorinen-chamber-music-for-violin-piano-and-harpsichord\/","name":"Charles Wuorinen: Chamber Music for Violin, Piano and Harpsichord - NEOS Music","isPartOf":{"@id":"https:\/\/neos-music.com\/#website"},"primaryImageOfPage":{"@id":"https:\/\/neos-music.com\/product\/charles-wuorinen-chamber-music-for-violin-piano-and-harpsichord\/#primaryimage"},"image":{"@id":"https:\/\/neos-music.com\/product\/charles-wuorinen-chamber-music-for-violin-piano-and-harpsichord\/#primaryimage"},"thumbnailUrl":"https:\/\/i0.wp.com\/neos-music.com\/wp-content\/uploads\/2022\/11\/NEOS_11123_Wuorinen.jpeg?fit=1648%2C1484&ssl=1","datePublished":"2016-01-14T16:49:06+00:00","dateModified":"2023-05-22T23:43:08+00:00","breadcrumb":{"@id":"https:\/\/neos-music.com\/product\/charles-wuorinen-chamber-music-for-violin-piano-and-harpsichord\/#breadcrumb"},"inLanguage":"en-US","potentialAction":[{"@type":"ReadAction","target":["https:\/\/neos-music.com\/product\/charles-wuorinen-chamber-music-for-violin-piano-and-harpsichord\/"]}]},{"@type":"ImageObject","inLanguage":"en-US","@id":"https:\/\/neos-music.com\/product\/charles-wuorinen-chamber-music-for-violin-piano-and-harpsichord\/#primaryimage","url":"https:\/\/i0.wp.com\/neos-music.com\/wp-content\/uploads\/2022\/11\/NEOS_11123_Wuorinen.jpeg?fit=1648%2C1484&ssl=1","contentUrl":"https:\/\/i0.wp.com\/neos-music.com\/wp-content\/uploads\/2022\/11\/NEOS_11123_Wuorinen.jpeg?fit=1648%2C1484&ssl=1","width":1648,"height":1484},{"@type":"BreadcrumbList","@id":"https:\/\/neos-music.com\/product\/charles-wuorinen-chamber-music-for-violin-piano-and-harpsichord\/#breadcrumb","itemListElement":[{"@type":"ListItem","position":1,"name":"Startseite","item":"https:\/\/neos-music.com\/"},{"@type":"ListItem","position":2,"name":"Produkte","item":"https:\/\/neos-music.com\/shop__trashed\/"},{"@type":"ListItem","position":3,"name":"Charles Wuorinen: Chamber Music for Violin, Piano and Harpsichord"}]},{"@type":"WebSite","@id":"https:\/\/neos-music.com\/#website","url":"https:\/\/neos-music.com\/","name":"NEOS Music","description":"Dein Online Shop f\u00fcr zeitgen\u00f6ssische Musik, Jazz und Classics!","publisher":{"@id":"https:\/\/neos-music.com\/#organization"},"potentialAction":[{"@type":"SearchAction","target":{"@type":"EntryPoint","urlTemplate":"https:\/\/neos-music.com\/?s={search_term_string}"},"query-input":{"@type":"PropertyValueSpecification","valueRequired":true,"valueName":"search_term_string"}}],"inLanguage":"en-US"},{"@type":"Organization","@id":"https:\/\/neos-music.com\/#organization","name":"NEOS Music","url":"https:\/\/neos-music.com\/","logo":{"@type":"ImageObject","inLanguage":"en-US","@id":"https:\/\/neos-music.com\/#\/schema\/logo\/image\/","url":"https:\/\/i0.wp.com\/neos-music.com\/wp-content\/uploads\/2025\/08\/NEOS-Logo-weiss.png?fit=800%2C203&ssl=1","contentUrl":"https:\/\/i0.wp.com\/neos-music.com\/wp-content\/uploads\/2025\/08\/NEOS-Logo-weiss.png?fit=800%2C203&ssl=1","width":800,"height":203,"caption":"NEOS Music"},"image":{"@id":"https:\/\/neos-music.com\/#\/schema\/logo\/image\/"}}]}},"jetpack_sharing_enabled":true,"_links":{"self":[{"href":"https:\/\/neos-music.com\/en_us\/wp-json\/wp\/v2\/product\/2799","targetHints":{"allow":["GET"]}}],"collection":[{"href":"https:\/\/neos-music.com\/en_us\/wp-json\/wp\/v2\/product"}],"about":[{"href":"https:\/\/neos-music.com\/en_us\/wp-json\/wp\/v2\/types\/product"}],"version-history":[{"count":0,"href":"https:\/\/neos-music.com\/en_us\/wp-json\/wp\/v2\/product\/2799\/revisions"}],"wp:featuredmedia":[{"embeddable":true,"href":"https:\/\/neos-music.com\/en_us\/wp-json\/wp\/v2\/media\/2800"}],"wp:attachment":[{"href":"https:\/\/neos-music.com\/en_us\/wp-json\/wp\/v2\/media?parent=2799"}],"wp:term":[{"taxonomy":"product_brand","embeddable":true,"href":"https:\/\/neos-music.com\/en_us\/wp-json\/wp\/v2\/product_brand?post=2799"},{"taxonomy":"product_cat","embeddable":true,"href":"https:\/\/neos-music.com\/en_us\/wp-json\/wp\/v2\/product_cat?post=2799"},{"taxonomy":"product_tag","embeddable":true,"href":"https:\/\/neos-music.com\/en_us\/wp-json\/wp\/v2\/product_tag?post=2799"}],"curies":[{"name":"wp","href":"https:\/\/api.w.org\/{rel}","templated":true}]}}