{"id":2811,"date":"2015-10-24T17:04:33","date_gmt":"2015-10-24T17:04:33","guid":{"rendered":"https:\/\/neos-music.com\/?post_type=product&#038;p=2811"},"modified":"2023-05-23T00:11:36","modified_gmt":"2023-05-23T00:11:36","slug":"thomas-kessler-said-the-shotgun-to-the-head-utopia-ii","status":"publish","type":"product","link":"https:\/\/neos-music.com\/en_us\/product\/thomas-kessler-said-the-shotgun-to-the-head-utopia-ii\/","title":{"rendered":"Thomas Kessler: , said the shotgun to the head \/ Utopia II"},"content":{"rendered":"<p>Programm:<\/p>\n<p>[01]\u00a0<b>, said the shotgun to the head.<\/b>\u00a0for poetry speaker, Rap choir, string quartet and orchestra (2003)\u00a0<b>26:53<\/b><\/p>\n<p>&nbsp;<\/p>\n<p>Saul Williams, poetry speaker<\/p>\n<p>Rap choir: Elena Berthold, Hennig Gemke, The-Huy Giang, Julia Lang, Stella Lehmann, Talin Maas, Itamar Marom (Schiller-Gymnasium K\u00f6ln), Oliver Karau, Sinat Ud-Din, Patrick Elberg (Berlin), Hannah Maria Noack (Hamm)<br \/>\nCoaching &amp; rehearsals\u2009: Lisa Baum<\/p>\n<p><a class=\"arcoma_glossarylink\" href=\"https:\/\/neos-music.com\/output.php?content=Kuenstler\/WDR_Sinfonieorchester_Koeln.php&amp;treplace=english%2Cgerman\" target=\"_self\" rel=\"noopener\">WDR Sinfonieorchester K\u00f6ln<\/a><br \/>\nJonathan Stockhammer, conductor<\/p>\n<p>&nbsp;<\/p>\n<p>[02]\u00a0<b>Utopia II<\/b>\u00a0for 5 voices, 41 instruments and live electronics (2011)\u00a0<b>31:22<\/b><br \/>\n<i>Work commissioned by WDR<\/i><\/p>\n<p>Voices\u2009: So Jeong Ahn, Isis Kr\u00fcger, Axel Lindner, Johanna Melder, Barbara Ziersch<\/p>\n<p>Music informatics\u2009: Thomas Seelig<br \/>\nAudio design\u2009: Markus Danne<br \/>\nAudio design assistants\u2009: Simon B\u00f6ckenhoff, Ferdinand Gr\u00e4tz, Tobias Hartmann, Sergej Maingardt, Hendrik Manook, Tim Schmidt, Oliver Niem\u00f6ller<\/p>\n<p><a class=\"arcoma_glossarylink\" href=\"https:\/\/neos-music.com\/output.php?content=Kuenstler\/WDR_Sinfonieorchester_Koeln.php&amp;treplace=english%2Cgerman\" target=\"_self\" rel=\"noopener\">WDR Sinfonieorchester K\u00f6ln<\/a><br \/>\nJonathan Stockhammer, conductor<\/p>\n<p>&nbsp;<\/p>\n<p>total playing time: 58:16<\/p>\n<p>Pressestimmen:<\/p>\n<p><img data-recalc-dims=\"1\" decoding=\"async\" src=\"https:\/\/i0.wp.com\/neos-music.com\/wp-content\/uploads\/2023\/05\/logo_gramophone.gif?ssl=1\" alt=\"\" \/><\/p>\n<p>05\/2016<\/p>\n<p>&#8222;Time was when Thomas Kessler (<i>b<\/i>1937) composed impeccably avant-garde works, which makes such a Piece as\u00a0<i>said the shotgun to the head<\/i>\u00a0(2003) the more arresting. Saul Williams is notably erudite among &#8217;slam&#8216; poets \u2013 his sprawling text akin to Allen Ginsberg in existential fervour yet eschewing the latter&#8217;s tendency to self-pity. Set in the context of a rap choir and orchestra dominated by strings and percussion, the Music yields a sublety that complements the panache of ist main performer. If Utopia II (2011) is rather less provocative, the combining of voices and instruments with live electronic results in a sonic mesh that intriguingly sets in relief ist &#8218;utopian&#8216; texts. In both works, Jonathan Stockhammer directs the Cologne\u00a0Radio Symphony with unfailing assurance \u2013 making this disc an unexpected highlight&#8220;.<\/p>\n<p>Richard Whitehouse<\/p>\n","protected":false},"excerpt":{"rendered":"<p>Programm: [01]\u00a0, said the shotgun to the head.\u00a0for poetry speaker, Rap choir, string quartet and orchestra (2003)\u00a026:53 &nbsp; Saul Williams, poetry speaker Rap choir: Elena Berthold, Hennig Gemke, The-Huy Giang, Julia Lang, Stella Lehmann, Talin Maas, Itamar Marom (Schiller-Gymnasium K\u00f6ln), Oliver Karau, Sinat Ud-Din, Patrick Elberg (Berlin), Hannah Maria Noack (Hamm) Coaching &amp; rehearsals\u2009: Lisa [&hellip;]<\/p>\n","protected":false},"featured_media":2812,"template":"","meta":{"site-sidebar-layout":"default","site-content-layout":"default","ast-site-content-layout":"default","site-content-style":"default","site-sidebar-style":"default","ast-global-header-display":"","ast-banner-title-visibility":"","ast-main-header-display":"","ast-hfb-above-header-display":"","ast-hfb-below-header-display":"","ast-hfb-mobile-header-display":"","site-post-title":"","ast-breadcrumbs-content":"","ast-featured-img":"","footer-sml-layout":"","theme-transparent-header-meta":"default","adv-header-id-meta":"","stick-header-meta":"","header-above-stick-meta":"","header-main-stick-meta":"","header-below-stick-meta":"","astra-migrate-meta-layouts":"default","ast-page-background-enabled":"default","ast-page-background-meta":{"desktop":{"background-color":"","background-image":"","background-repeat":"repeat","background-position":"center center","background-size":"auto","background-attachment":"scroll","background-type":"","background-media":"","overlay-type":"","overlay-color":"","overlay-opacity":"","overlay-gradient":""},"tablet":{"background-color":"","background-image":"","background-repeat":"repeat","background-position":"center center","background-size":"auto","background-attachment":"scroll","background-type":"","background-media":"","overlay-type":"","overlay-color":"","overlay-opacity":"","overlay-gradient":""},"mobile":{"background-color":"","background-image":"","background-repeat":"repeat","background-position":"center center","background-size":"auto","background-attachment":"scroll","background-type":"","background-media":"","overlay-type":"","overlay-color":"","overlay-opacity":"","overlay-gradient":""}},"ast-content-background-meta":{"desktop":{"background-color":"var(--ast-global-color-5)","background-image":"","background-repeat":"repeat","background-position":"center center","background-size":"auto","background-attachment":"scroll","background-type":"","background-media":"","overlay-type":"","overlay-color":"","overlay-opacity":"","overlay-gradient":""},"tablet":{"background-color":"var(--ast-global-color-5)","background-image":"","background-repeat":"repeat","background-position":"center center","background-size":"auto","background-attachment":"scroll","background-type":"","background-media":"","overlay-type":"","overlay-color":"","overlay-opacity":"","overlay-gradient":""},"mobile":{"background-color":"var(--ast-global-color-5)","background-image":"","background-repeat":"repeat","background-position":"center center","background-size":"auto","background-attachment":"scroll","background-type":"","background-media":"","overlay-type":"","overlay-color":"","overlay-opacity":"","overlay-gradient":""}}},"product_brand":[],"product_cat":[26],"product_tag":[],"class_list":{"0":"post-2811","1":"product","2":"type-product","3":"status-publish","4":"has-post-thumbnail","6":"product_cat-zeitgenossische-musik","7":"pa_artikelnummer-neos-11511","8":"pa_brand-neos-music","9":"pa_ean-369","10":"desktop-align-left","11":"tablet-align-left","12":"mobile-align-left","14":"first","15":"instock","16":"taxable","17":"shipping-taxable","18":"purchasable","19":"product-type-simple"},"yoast_head":"<!-- This site is optimized with the Yoast SEO plugin v27.4 - https:\/\/yoast.com\/product\/yoast-seo-wordpress\/ -->\n<title>Thomas Kessler: , said the shotgun to the head \/ Utopia II - NEOS Music<\/title>\n<meta name=\"robots\" content=\"index, follow, max-snippet:-1, max-image-preview:large, max-video-preview:-1\" \/>\n<link rel=\"canonical\" href=\"https:\/\/neos-music.com\/en_us\/product\/thomas-kessler-said-the-shotgun-to-the-head-utopia-ii\/\" \/>\n<meta property=\"og:locale\" content=\"en_US\" \/>\n<meta property=\"og:type\" content=\"article\" \/>\n<meta property=\"og:title\" content=\"Thomas Kessler: , said the shotgun to the head \/ Utopia II - NEOS Music\" \/>\n<meta property=\"og:description\" content=\"Programm: [01]\u00a0, said the shotgun to the head.\u00a0for poetry speaker, Rap choir, string quartet and orchestra (2003)\u00a026:53 &nbsp; Saul Williams, poetry speaker Rap choir: Elena Berthold, Hennig Gemke, The-Huy Giang, Julia Lang, Stella Lehmann, Talin Maas, Itamar Marom (Schiller-Gymnasium K\u00f6ln), Oliver Karau, Sinat Ud-Din, Patrick Elberg (Berlin), Hannah Maria Noack (Hamm) Coaching &amp; rehearsals\u2009: Lisa [&hellip;]\" \/>\n<meta property=\"og:url\" content=\"https:\/\/neos-music.com\/en_us\/product\/thomas-kessler-said-the-shotgun-to-the-head-utopia-ii\/\" \/>\n<meta property=\"og:site_name\" content=\"NEOS Music\" \/>\n<meta property=\"article:modified_time\" content=\"2023-05-23T00:11:36+00:00\" \/>\n<meta property=\"og:image\" content=\"https:\/\/neos-music.com\/wp-content\/uploads\/2022\/11\/NEOS_11511_Kessler.jpeg\" \/>\n\t<meta property=\"og:image:width\" content=\"1650\" \/>\n\t<meta property=\"og:image:height\" content=\"1485\" \/>\n\t<meta property=\"og:image:type\" content=\"image\/jpeg\" \/>\n<meta name=\"twitter:card\" content=\"summary_large_image\" \/>\n<meta name=\"twitter:label1\" content=\"Est. reading time\" \/>\n\t<meta name=\"twitter:data1\" content=\"2 minutes\" \/>\n<script type=\"application\/ld+json\" class=\"yoast-schema-graph\">{\"@context\":\"https:\\\/\\\/schema.org\",\"@graph\":[{\"@type\":\"WebPage\",\"@id\":\"https:\\\/\\\/neos-music.com\\\/product\\\/thomas-kessler-said-the-shotgun-to-the-head-utopia-ii\\\/\",\"url\":\"https:\\\/\\\/neos-music.com\\\/product\\\/thomas-kessler-said-the-shotgun-to-the-head-utopia-ii\\\/\",\"name\":\"Thomas Kessler: , said the shotgun to the head \\\/ Utopia II - NEOS Music\",\"isPartOf\":{\"@id\":\"https:\\\/\\\/neos-music.com\\\/#website\"},\"primaryImageOfPage\":{\"@id\":\"https:\\\/\\\/neos-music.com\\\/product\\\/thomas-kessler-said-the-shotgun-to-the-head-utopia-ii\\\/#primaryimage\"},\"image\":{\"@id\":\"https:\\\/\\\/neos-music.com\\\/product\\\/thomas-kessler-said-the-shotgun-to-the-head-utopia-ii\\\/#primaryimage\"},\"thumbnailUrl\":\"https:\\\/\\\/i0.wp.com\\\/neos-music.com\\\/wp-content\\\/uploads\\\/2022\\\/11\\\/NEOS_11511_Kessler.jpeg?fit=1650%2C1485&ssl=1\",\"datePublished\":\"2015-10-24T17:04:33+00:00\",\"dateModified\":\"2023-05-23T00:11:36+00:00\",\"breadcrumb\":{\"@id\":\"https:\\\/\\\/neos-music.com\\\/product\\\/thomas-kessler-said-the-shotgun-to-the-head-utopia-ii\\\/#breadcrumb\"},\"inLanguage\":\"en-US\",\"potentialAction\":[{\"@type\":\"ReadAction\",\"target\":[\"https:\\\/\\\/neos-music.com\\\/product\\\/thomas-kessler-said-the-shotgun-to-the-head-utopia-ii\\\/\"]}]},{\"@type\":\"ImageObject\",\"inLanguage\":\"en-US\",\"@id\":\"https:\\\/\\\/neos-music.com\\\/product\\\/thomas-kessler-said-the-shotgun-to-the-head-utopia-ii\\\/#primaryimage\",\"url\":\"https:\\\/\\\/i0.wp.com\\\/neos-music.com\\\/wp-content\\\/uploads\\\/2022\\\/11\\\/NEOS_11511_Kessler.jpeg?fit=1650%2C1485&ssl=1\",\"contentUrl\":\"https:\\\/\\\/i0.wp.com\\\/neos-music.com\\\/wp-content\\\/uploads\\\/2022\\\/11\\\/NEOS_11511_Kessler.jpeg?fit=1650%2C1485&ssl=1\",\"width\":1650,\"height\":1485},{\"@type\":\"BreadcrumbList\",\"@id\":\"https:\\\/\\\/neos-music.com\\\/product\\\/thomas-kessler-said-the-shotgun-to-the-head-utopia-ii\\\/#breadcrumb\",\"itemListElement\":[{\"@type\":\"ListItem\",\"position\":1,\"name\":\"Startseite\",\"item\":\"https:\\\/\\\/neos-music.com\\\/\"},{\"@type\":\"ListItem\",\"position\":2,\"name\":\"Produkte\",\"item\":\"https:\\\/\\\/neos-music.com\\\/shop__trashed\\\/\"},{\"@type\":\"ListItem\",\"position\":3,\"name\":\"Thomas Kessler: , said the shotgun to the head \\\/ Utopia II\"}]},{\"@type\":\"WebSite\",\"@id\":\"https:\\\/\\\/neos-music.com\\\/#website\",\"url\":\"https:\\\/\\\/neos-music.com\\\/\",\"name\":\"NEOS Music\",\"description\":\"Dein Online Shop f\u00fcr zeitgen\u00f6ssische Musik, Jazz und Classics!\",\"publisher\":{\"@id\":\"https:\\\/\\\/neos-music.com\\\/#organization\"},\"potentialAction\":[{\"@type\":\"SearchAction\",\"target\":{\"@type\":\"EntryPoint\",\"urlTemplate\":\"https:\\\/\\\/neos-music.com\\\/?s={search_term_string}\"},\"query-input\":{\"@type\":\"PropertyValueSpecification\",\"valueRequired\":true,\"valueName\":\"search_term_string\"}}],\"inLanguage\":\"en-US\"},{\"@type\":\"Organization\",\"@id\":\"https:\\\/\\\/neos-music.com\\\/#organization\",\"name\":\"NEOS Music\",\"url\":\"https:\\\/\\\/neos-music.com\\\/\",\"logo\":{\"@type\":\"ImageObject\",\"inLanguage\":\"en-US\",\"@id\":\"https:\\\/\\\/neos-music.com\\\/#\\\/schema\\\/logo\\\/image\\\/\",\"url\":\"https:\\\/\\\/i0.wp.com\\\/neos-music.com\\\/wp-content\\\/uploads\\\/2025\\\/08\\\/NEOS-Logo-weiss.png?fit=800%2C203&ssl=1\",\"contentUrl\":\"https:\\\/\\\/i0.wp.com\\\/neos-music.com\\\/wp-content\\\/uploads\\\/2025\\\/08\\\/NEOS-Logo-weiss.png?fit=800%2C203&ssl=1\",\"width\":800,\"height\":203,\"caption\":\"NEOS Music\"},\"image\":{\"@id\":\"https:\\\/\\\/neos-music.com\\\/#\\\/schema\\\/logo\\\/image\\\/\"}}]}<\/script>\n<!-- \/ Yoast SEO plugin. -->","yoast_head_json":{"title":"Thomas Kessler: , said the shotgun to the head \/ Utopia II - NEOS Music","robots":{"index":"index","follow":"follow","max-snippet":"max-snippet:-1","max-image-preview":"max-image-preview:large","max-video-preview":"max-video-preview:-1"},"canonical":"https:\/\/neos-music.com\/en_us\/product\/thomas-kessler-said-the-shotgun-to-the-head-utopia-ii\/","og_locale":"en_US","og_type":"article","og_title":"Thomas Kessler: , said the shotgun to the head \/ Utopia II - NEOS Music","og_description":"Programm: [01]\u00a0, said the shotgun to the head.\u00a0for poetry speaker, Rap choir, string quartet and orchestra (2003)\u00a026:53 &nbsp; Saul Williams, poetry speaker Rap choir: Elena Berthold, Hennig Gemke, The-Huy Giang, Julia Lang, Stella Lehmann, Talin Maas, Itamar Marom (Schiller-Gymnasium K\u00f6ln), Oliver Karau, Sinat Ud-Din, Patrick Elberg (Berlin), Hannah Maria Noack (Hamm) Coaching &amp; rehearsals\u2009: Lisa [&hellip;]","og_url":"https:\/\/neos-music.com\/en_us\/product\/thomas-kessler-said-the-shotgun-to-the-head-utopia-ii\/","og_site_name":"NEOS Music","article_modified_time":"2023-05-23T00:11:36+00:00","og_image":[{"width":1650,"height":1485,"url":"https:\/\/neos-music.com\/wp-content\/uploads\/2022\/11\/NEOS_11511_Kessler.jpeg","type":"image\/jpeg"}],"twitter_card":"summary_large_image","twitter_misc":{"Est. reading time":"2 minutes"},"schema":{"@context":"https:\/\/schema.org","@graph":[{"@type":"WebPage","@id":"https:\/\/neos-music.com\/product\/thomas-kessler-said-the-shotgun-to-the-head-utopia-ii\/","url":"https:\/\/neos-music.com\/product\/thomas-kessler-said-the-shotgun-to-the-head-utopia-ii\/","name":"Thomas Kessler: , said the shotgun to the head \/ Utopia II - NEOS Music","isPartOf":{"@id":"https:\/\/neos-music.com\/#website"},"primaryImageOfPage":{"@id":"https:\/\/neos-music.com\/product\/thomas-kessler-said-the-shotgun-to-the-head-utopia-ii\/#primaryimage"},"image":{"@id":"https:\/\/neos-music.com\/product\/thomas-kessler-said-the-shotgun-to-the-head-utopia-ii\/#primaryimage"},"thumbnailUrl":"https:\/\/i0.wp.com\/neos-music.com\/wp-content\/uploads\/2022\/11\/NEOS_11511_Kessler.jpeg?fit=1650%2C1485&ssl=1","datePublished":"2015-10-24T17:04:33+00:00","dateModified":"2023-05-23T00:11:36+00:00","breadcrumb":{"@id":"https:\/\/neos-music.com\/product\/thomas-kessler-said-the-shotgun-to-the-head-utopia-ii\/#breadcrumb"},"inLanguage":"en-US","potentialAction":[{"@type":"ReadAction","target":["https:\/\/neos-music.com\/product\/thomas-kessler-said-the-shotgun-to-the-head-utopia-ii\/"]}]},{"@type":"ImageObject","inLanguage":"en-US","@id":"https:\/\/neos-music.com\/product\/thomas-kessler-said-the-shotgun-to-the-head-utopia-ii\/#primaryimage","url":"https:\/\/i0.wp.com\/neos-music.com\/wp-content\/uploads\/2022\/11\/NEOS_11511_Kessler.jpeg?fit=1650%2C1485&ssl=1","contentUrl":"https:\/\/i0.wp.com\/neos-music.com\/wp-content\/uploads\/2022\/11\/NEOS_11511_Kessler.jpeg?fit=1650%2C1485&ssl=1","width":1650,"height":1485},{"@type":"BreadcrumbList","@id":"https:\/\/neos-music.com\/product\/thomas-kessler-said-the-shotgun-to-the-head-utopia-ii\/#breadcrumb","itemListElement":[{"@type":"ListItem","position":1,"name":"Startseite","item":"https:\/\/neos-music.com\/"},{"@type":"ListItem","position":2,"name":"Produkte","item":"https:\/\/neos-music.com\/shop__trashed\/"},{"@type":"ListItem","position":3,"name":"Thomas Kessler: , said the shotgun to the head \/ Utopia II"}]},{"@type":"WebSite","@id":"https:\/\/neos-music.com\/#website","url":"https:\/\/neos-music.com\/","name":"NEOS Music","description":"Dein Online Shop f\u00fcr zeitgen\u00f6ssische Musik, Jazz und Classics!","publisher":{"@id":"https:\/\/neos-music.com\/#organization"},"potentialAction":[{"@type":"SearchAction","target":{"@type":"EntryPoint","urlTemplate":"https:\/\/neos-music.com\/?s={search_term_string}"},"query-input":{"@type":"PropertyValueSpecification","valueRequired":true,"valueName":"search_term_string"}}],"inLanguage":"en-US"},{"@type":"Organization","@id":"https:\/\/neos-music.com\/#organization","name":"NEOS Music","url":"https:\/\/neos-music.com\/","logo":{"@type":"ImageObject","inLanguage":"en-US","@id":"https:\/\/neos-music.com\/#\/schema\/logo\/image\/","url":"https:\/\/i0.wp.com\/neos-music.com\/wp-content\/uploads\/2025\/08\/NEOS-Logo-weiss.png?fit=800%2C203&ssl=1","contentUrl":"https:\/\/i0.wp.com\/neos-music.com\/wp-content\/uploads\/2025\/08\/NEOS-Logo-weiss.png?fit=800%2C203&ssl=1","width":800,"height":203,"caption":"NEOS Music"},"image":{"@id":"https:\/\/neos-music.com\/#\/schema\/logo\/image\/"}}]}},"jetpack_sharing_enabled":true,"_links":{"self":[{"href":"https:\/\/neos-music.com\/en_us\/wp-json\/wp\/v2\/product\/2811","targetHints":{"allow":["GET"]}}],"collection":[{"href":"https:\/\/neos-music.com\/en_us\/wp-json\/wp\/v2\/product"}],"about":[{"href":"https:\/\/neos-music.com\/en_us\/wp-json\/wp\/v2\/types\/product"}],"version-history":[{"count":0,"href":"https:\/\/neos-music.com\/en_us\/wp-json\/wp\/v2\/product\/2811\/revisions"}],"wp:featuredmedia":[{"embeddable":true,"href":"https:\/\/neos-music.com\/en_us\/wp-json\/wp\/v2\/media\/2812"}],"wp:attachment":[{"href":"https:\/\/neos-music.com\/en_us\/wp-json\/wp\/v2\/media?parent=2811"}],"wp:term":[{"taxonomy":"product_brand","embeddable":true,"href":"https:\/\/neos-music.com\/en_us\/wp-json\/wp\/v2\/product_brand?post=2811"},{"taxonomy":"product_cat","embeddable":true,"href":"https:\/\/neos-music.com\/en_us\/wp-json\/wp\/v2\/product_cat?post=2811"},{"taxonomy":"product_tag","embeddable":true,"href":"https:\/\/neos-music.com\/en_us\/wp-json\/wp\/v2\/product_tag?post=2811"}],"curies":[{"name":"wp","href":"https:\/\/api.w.org\/{rel}","templated":true}]}}