{"id":2813,"date":"2015-10-24T17:06:23","date_gmt":"2015-10-24T17:06:23","guid":{"rendered":"https:\/\/neos-music.com\/?post_type=product&#038;p=2813"},"modified":"2023-05-23T00:11:03","modified_gmt":"2023-05-23T00:11:03","slug":"cristobal-halffter-brian-ferneyhough-andre-richard-detlef-heusinger-experimentalstudio-40-years-anthology-vol-1","status":"publish","type":"product","link":"https:\/\/neos-music.com\/en_us\/product\/cristobal-halffter-brian-ferneyhough-andre-richard-detlef-heusinger-experimentalstudio-40-years-anthology-vol-1\/","title":{"rendered":"Crist\u00f3bal Halffter, Brian Ferneyhough, Andr\u00e9 Richard, Detlef Heusinger: EXPERIMENTALSTUDIO 40 Years Anthology Vol. 1"},"content":{"rendered":"<p>Programm:<\/p>\n<p><b><a class=\"arcoma_glossarylink\" href=\"https:\/\/neos-music.com\/output.php?content=Kuenstler\/Crisobal_Halffter.php&amp;treplace=english%2Cgerman\" target=\"_self\" rel=\"noopener\">Crist\u00f3bal Halffter<\/a><\/b>\u00a0(*1930)<\/p>\n<p>[01]\u00a0<b>Noche pasiva del sentido<\/b>\u00a0[San Juan de la Cruz] (1970\u2009\/1971)\u00a0<b>15:05<br \/>\n<\/b>for voice, two percussionists and piano<\/p>\n<p>H\u00e9l\u00e8ne Fauch\u00e8re, soprano<\/p>\n<p><a class=\"arcoma_glossarylink\" href=\"https:\/\/neos-music.com\/output.php?content=Kuenstler\/ENSEMBLE_EXPERIMENTAL.php&amp;treplace=english%2Cgerman\" target=\"_self\" rel=\"noopener\">ENSEMBLE EXPERIMENTAL<\/a><\/p>\n<p><a class=\"arcoma_glossarylink\" href=\"https:\/\/neos-music.com\/output.php?content=Kuenstler\/Heusinger_Detlef.php&amp;treplace=english%2Cgerman\" target=\"_self\" rel=\"noopener\">Detlef Heusinger<\/a>, conductor<\/p>\n<p><a class=\"arcoma_glossarylink\" href=\"https:\/\/neos-music.com\/output.php?content=Kuenstler\/EXPERIMENTALSTUDIO_des_SWR.php&amp;treplace=english%2Cgerman\" target=\"_self\" rel=\"noopener\">EXPERIMENTALSTUDIO des SWR<\/a><br \/>\nThomas Hummel\u2009\/\u2009Dominik Kleinknecht, sound direction<\/p>\n<p>&nbsp;<\/p>\n<p><b><a class=\"arcoma_glossarylink\" href=\"https:\/\/neos-music.com\/output.php?content=Kuenstler\/Ferneyhough_Brain.php&amp;treplace=english%2Cgerman\" target=\"_self\" rel=\"noopener\">Brian Ferneyhough<\/a><\/b>\u00a0(*1943)<\/p>\n<p>[02]\u00a0<b>Mnemosyne<\/b>\u00a0for bass flute and tape (1986)\u00a0<b>11:15<\/b><\/p>\n<p>Martin Fahlenbock, bass flute<\/p>\n<p><a class=\"arcoma_glossarylink\" href=\"https:\/\/neos-music.com\/output.php?content=Kuenstler\/EXPERIMENTALSTUDIO_des_SWR.php&amp;treplace=english%2Cgerman\" target=\"_self\" rel=\"noopener\">EXPERIMENTALSTUDIO des SWR<\/a><br \/>\nReinhold Braig, sound direction and mixing<br \/>\nSimon Spillner, sound direction<\/p>\n<p><i>Pre-recorded tape:<\/i><br \/>\n17 &amp; 18 May 2012<br \/>\nHeinrich-Strobel-Saal, EXPERIMENTALSTUDIO des SWR<br \/>\nMartin Fahlenbock, bass flute<br \/>\nReinhold Braig\u2009\/\u2009Sven Kestel, recording<br \/>\nReinhold Braig, mixing<\/p>\n<p>&nbsp;<\/p>\n<p><b><a class=\"arcoma_glossarylink\" href=\"https:\/\/neos-music.com\/output.php?content=Kuenstler\/Richard_Andre.php&amp;treplace=english%2Cgerman\" target=\"_self\" rel=\"noopener\">Andr\u00e9 Richard<\/a><\/b>\u00a0(*1944)<\/p>\n<p>[03]\u00a0<b>Glidif. a sonar e cantar<\/b>\u00a0\u00e0 Luigi Nono in memoriam (Version 1991) 14:28<br \/>\nfor bass clarinet\u2009\/\u2009contrabass clarinet, two double basses and live electronics<\/p>\n<p>COLLEGIUM NOVUM Z\u00dcRICH<br \/>\nElmar Schmid, bass clarinet\u2009\/\u2009contrabass clarinet<br \/>\nJohannes Nied\u2009\/\u2009K\u00e4thi Steuri, double bass<\/p>\n<p><a class=\"arcoma_glossarylink\" href=\"https:\/\/neos-music.com\/output.php?content=Kuenstler\/Heusinger_Detlef.php&amp;treplace=english%2Cgerman\" target=\"_self\" rel=\"noopener\">Detlef Heusinger<\/a>, conductor<\/p>\n<p><a class=\"arcoma_glossarylink\" href=\"https:\/\/neos-music.com\/output.php?content=Kuenstler\/EXPERIMENTALSTUDIO_des_SWR.php&amp;treplace=english%2Cgerman\" target=\"_self\" rel=\"noopener\">EXPERIMENTALSTUDIO des SWR<\/a><br \/>\nThomas Hummel\u2009\/\u2009Andr\u00e9 Richard\u2009\/\u2009Joachim Haas, sound direction<\/p>\n<p>&nbsp;<\/p>\n<p><b><a class=\"arcoma_glossarylink\" href=\"https:\/\/neos-music.com\/output.php?content=Kuenstler\/Heusinger_Detlef.php&amp;treplace=english%2Cgerman\" target=\"_self\" rel=\"noopener\">Detlef Heusinger<\/a><\/b>\u00a0(*1956)<\/p>\n<p>[03]\u00a0<b>Abraum II<\/b>\u00a0(1995) for piano trio and live electronics\u00a0<b>22:58<\/b><\/p>\n<p>COLLEGIUM NOVUM Z\u00dcRICH<br \/>\nUrs Walker, violin<br \/>\nImke Frank, cello<br \/>\nSimone Keller, piano<\/p>\n<p><a class=\"arcoma_glossarylink\" href=\"https:\/\/neos-music.com\/output.php?content=Kuenstler\/EXPERIMENTALSTUDIO_des_SWR.php&amp;treplace=english%2Cgerman\" target=\"_self\" rel=\"noopener\">EXPERIMENTALSTUDIO des SWR<\/a><br \/>\nThomas Hummel\u2009\/\u2009Detlef Heusinger\u2009\/\u2009Andr\u00e9 Richard, sound direction<\/p>\n<p>&nbsp;<\/p>\n<p>total playing time: 63:49<\/p>\n<p>Pressestimmen:<\/p>\n<p><img data-recalc-dims=\"1\" decoding=\"async\" src=\"https:\/\/i0.wp.com\/neos-music.com\/wp-content\/uploads\/2023\/05\/11515-keineahnung.jpg?ssl=1\" alt=\"\" \/><\/p>\n<p>&nbsp;<\/p>\n<p><img data-recalc-dims=\"1\" decoding=\"async\" src=\"https:\/\/i0.wp.com\/neos-music.com\/images\/news\/klassikcom.gif?ssl=1\" \/><\/p>\n<p><a class=\"arcoma_editor_link\" href=\"https:\/\/neos-music.com\/output.php?template=german-album-details.php&amp;content=Alben\/11515.php#\" target=\"_self\" rel=\"noopener\">Komplette Rezension<\/a><\/p>\n<p><b>Erkundung von Klang und Raum<\/b><\/p>\n<p>Zwei hochwertige SACD-Produktionen des Labels Neos erm\u00f6glichen einen Einblick in die mehr als 40-j\u00e4hrige Geschichte des Experimentalstudios Freiburg und seine kreative Arbeit mit Elektronik und Raum.<\/p>\n<p>[&#8230;] Das Spektrum, in dem sich die technischen Entwicklungen dieses Bereichs abzeichnen, reicht von der einfachen Zuspielung vorproduzierter Aufnahmen und der Zuspielung zeitversetzter, live-aufgenommener Kl\u00e4nge bis hin zu komplexen Formen der Transformation von Klang und dessen Projektion in den Auff\u00fchrungsraum sowie zur vollst\u00e4ndigen klanglichen Simulation von Raumakustik.<\/p>\n<p>[&#8230;]\u00a0 [Es] entfaltet sich eine vielfach verschachtelte Musik voller diffiziler und feiner Wendungen und zarter, einander umwindender und durchdringender Klangb\u00e4nder, die durch st\u00e4ndig fluktuierenden Ver\u00e4nderungen der Klangdichte wie ein lebendiger Organismus wirkt. Auch wenn mittlerweile mehrere Einspielungen des Werkes verf\u00fcgbar sind, kann der Fl\u00f6tist Martin Fahlenbock durch enorme Differenziertheit und Nuancenreichtum gl\u00e4nzen.<\/p>\n<p>[&#8230;] Heusinger zelebriert hier eine permanente Metamorphose, sodass jede klangliche Spur traditionellen kammermusikalischen Musizierens verschwindet. Dass das St\u00fcck \u2013 es handelt sich um eine der st\u00e4rkeren Arbeiten des Komponisten \u2013 gegen\u00fcber den \u00fcbrigen Werken abf\u00e4llt, resultiert aus dem allerdings immer noch behutsam eingesetzten Showcharakter, der vor allem die M\u00f6glichkeiten der Technik inszeniert und daher auch weitaus weniger zwingend wirkt als die Details der \u00fcbrigen Kompositionen. Heusingers St\u00fcck macht denn auch auf die vielleicht gr\u00f6\u00dfte Gefahr aufmerksam, der sich heutige Komponistinnen und Komponisten gegen\u00fcbersehen, wenn sie nach Freiburg kommen, um dort ihre eigenen Projekte zu realisieren: dem Nachsp\u00fcren von Effekten um der Effekte willen.<\/p>\n<p>Interpretation: <img data-recalc-dims=\"1\" decoding=\"async\" src=\"https:\/\/i0.wp.com\/neos-music.com\/wp-content\/uploads\/2023\/05\/stars5-1.gif?ssl=1\" alt=\"\" \/><br \/>\nKlangqualit\u00e4t: <img data-recalc-dims=\"1\" decoding=\"async\" src=\"https:\/\/i0.wp.com\/neos-music.com\/wp-content\/uploads\/2023\/05\/stars5-1.gif?ssl=1\" alt=\"\" \/><br \/>\nRepertoirewert:\u00a0<img data-recalc-dims=\"1\" decoding=\"async\" src=\"https:\/\/i0.wp.com\/neos-music.com\/wp-content\/uploads\/2023\/05\/stars4.gif?ssl=1\" alt=\"\" \/><br \/>\nBooklet:\u00a0<img data-recalc-dims=\"1\" decoding=\"async\" src=\"https:\/\/i0.wp.com\/neos-music.com\/wp-content\/uploads\/2023\/05\/stars3.gif?ssl=1\" alt=\"\" \/><\/p>\n<p>&nbsp;<\/p>\n<p>&nbsp;<\/p>\n<p><img data-recalc-dims=\"1\" decoding=\"async\" src=\"https:\/\/i0.wp.com\/neos-music.com\/wp-content\/uploads\/2023\/05\/logo_diapason.jpg?ssl=1\" alt=\"\" \/><\/p>\n<p>M\u00e4rz \/ April 2016<\/p>\n<p><img data-recalc-dims=\"1\" decoding=\"async\" src=\"https:\/\/i0.wp.com\/neos-music.com\/images\/news\/11515-diapason-m%C3%A4rzapril.png?ssl=1\" \/><\/p>\n","protected":false},"excerpt":{"rendered":"<p>Programm: Crist\u00f3bal Halffter\u00a0(*1930) [01]\u00a0Noche pasiva del sentido\u00a0[San Juan de la Cruz] (1970\u2009\/1971)\u00a015:05 for voice, two percussionists and piano H\u00e9l\u00e8ne Fauch\u00e8re, soprano ENSEMBLE EXPERIMENTAL Detlef Heusinger, conductor EXPERIMENTALSTUDIO des SWR Thomas Hummel\u2009\/\u2009Dominik Kleinknecht, sound direction &nbsp; Brian Ferneyhough\u00a0(*1943) [02]\u00a0Mnemosyne\u00a0for bass flute and tape (1986)\u00a011:15 Martin Fahlenbock, bass flute EXPERIMENTALSTUDIO des SWR Reinhold Braig, sound direction and [&hellip;]<\/p>\n","protected":false},"featured_media":2814,"template":"","meta":{"site-sidebar-layout":"default","site-content-layout":"default","ast-site-content-layout":"default","site-content-style":"default","site-sidebar-style":"default","ast-global-header-display":"","ast-banner-title-visibility":"","ast-main-header-display":"","ast-hfb-above-header-display":"","ast-hfb-below-header-display":"","ast-hfb-mobile-header-display":"","site-post-title":"","ast-breadcrumbs-content":"","ast-featured-img":"","footer-sml-layout":"","theme-transparent-header-meta":"default","adv-header-id-meta":"","stick-header-meta":"","header-above-stick-meta":"","header-main-stick-meta":"","header-below-stick-meta":"","astra-migrate-meta-layouts":"default","ast-page-background-enabled":"default","ast-page-background-meta":{"desktop":{"background-color":"","background-image":"","background-repeat":"repeat","background-position":"center center","background-size":"auto","background-attachment":"scroll","background-type":"","background-media":"","overlay-type":"","overlay-color":"","overlay-opacity":"","overlay-gradient":""},"tablet":{"background-color":"","background-image":"","background-repeat":"repeat","background-position":"center center","background-size":"auto","background-attachment":"scroll","background-type":"","background-media":"","overlay-type":"","overlay-color":"","overlay-opacity":"","overlay-gradient":""},"mobile":{"background-color":"","background-image":"","background-repeat":"repeat","background-position":"center center","background-size":"auto","background-attachment":"scroll","background-type":"","background-media":"","overlay-type":"","overlay-color":"","overlay-opacity":"","overlay-gradient":""}},"ast-content-background-meta":{"desktop":{"background-color":"var(--ast-global-color-5)","background-image":"","background-repeat":"repeat","background-position":"center center","background-size":"auto","background-attachment":"scroll","background-type":"","background-media":"","overlay-type":"","overlay-color":"","overlay-opacity":"","overlay-gradient":""},"tablet":{"background-color":"var(--ast-global-color-5)","background-image":"","background-repeat":"repeat","background-position":"center center","background-size":"auto","background-attachment":"scroll","background-type":"","background-media":"","overlay-type":"","overlay-color":"","overlay-opacity":"","overlay-gradient":""},"mobile":{"background-color":"var(--ast-global-color-5)","background-image":"","background-repeat":"repeat","background-position":"center center","background-size":"auto","background-attachment":"scroll","background-type":"","background-media":"","overlay-type":"","overlay-color":"","overlay-opacity":"","overlay-gradient":""}}},"product_brand":[],"product_cat":[26],"product_tag":[867],"class_list":{"0":"post-2813","1":"product","2":"type-product","3":"status-publish","4":"has-post-thumbnail","6":"product_cat-zeitgenossische-musik","7":"product_tag-detlef-heusinger","8":"pa_artikelnummer-neos-11515","9":"pa_brand-neos-music","10":"pa_ean-371","11":"desktop-align-left","12":"tablet-align-left","13":"mobile-align-left","15":"first","16":"instock","17":"taxable","18":"shipping-taxable","19":"purchasable","20":"product-type-simple"},"yoast_head":"<!-- This site is optimized with the Yoast SEO plugin v27.4 - https:\/\/yoast.com\/product\/yoast-seo-wordpress\/ -->\n<title>Crist\u00f3bal Halffter, Brian Ferneyhough, Andr\u00e9 Richard, Detlef Heusinger: EXPERIMENTALSTUDIO 40 Years Anthology Vol. 1 - NEOS Music<\/title>\n<meta name=\"robots\" content=\"index, follow, max-snippet:-1, max-image-preview:large, max-video-preview:-1\" \/>\n<link rel=\"canonical\" href=\"https:\/\/neos-music.com\/en_us\/product\/cristobal-halffter-brian-ferneyhough-andre-richard-detlef-heusinger-experimentalstudio-40-years-anthology-vol-1\/\" \/>\n<meta property=\"og:locale\" content=\"en_US\" \/>\n<meta property=\"og:type\" content=\"article\" \/>\n<meta property=\"og:title\" content=\"Crist\u00f3bal Halffter, Brian Ferneyhough, Andr\u00e9 Richard, Detlef Heusinger: EXPERIMENTALSTUDIO 40 Years Anthology Vol. 1 - NEOS Music\" \/>\n<meta property=\"og:description\" content=\"Programm: Crist\u00f3bal Halffter\u00a0(*1930) [01]\u00a0Noche pasiva del sentido\u00a0[San Juan de la Cruz] (1970\u2009\/1971)\u00a015:05 for voice, two percussionists and piano H\u00e9l\u00e8ne Fauch\u00e8re, soprano ENSEMBLE EXPERIMENTAL Detlef Heusinger, conductor EXPERIMENTALSTUDIO des SWR Thomas Hummel\u2009\/\u2009Dominik Kleinknecht, sound direction &nbsp; Brian Ferneyhough\u00a0(*1943) [02]\u00a0Mnemosyne\u00a0for bass flute and tape (1986)\u00a011:15 Martin Fahlenbock, bass flute EXPERIMENTALSTUDIO des SWR Reinhold Braig, sound direction and [&hellip;]\" \/>\n<meta property=\"og:url\" content=\"https:\/\/neos-music.com\/en_us\/product\/cristobal-halffter-brian-ferneyhough-andre-richard-detlef-heusinger-experimentalstudio-40-years-anthology-vol-1\/\" \/>\n<meta property=\"og:site_name\" content=\"NEOS Music\" \/>\n<meta property=\"article:modified_time\" content=\"2023-05-23T00:11:03+00:00\" \/>\n<meta property=\"og:image\" content=\"https:\/\/neos-music.com\/wp-content\/uploads\/2022\/11\/NEOS_11515_EXStudio_40_Years_1.jpeg\" \/>\n\t<meta property=\"og:image:width\" content=\"1648\" \/>\n\t<meta property=\"og:image:height\" content=\"1482\" \/>\n\t<meta property=\"og:image:type\" content=\"image\/jpeg\" \/>\n<meta name=\"twitter:card\" content=\"summary_large_image\" \/>\n<meta name=\"twitter:label1\" content=\"Est. reading time\" \/>\n\t<meta name=\"twitter:data1\" content=\"5 minutes\" \/>\n<script type=\"application\/ld+json\" class=\"yoast-schema-graph\">{\"@context\":\"https:\\\/\\\/schema.org\",\"@graph\":[{\"@type\":\"WebPage\",\"@id\":\"https:\\\/\\\/neos-music.com\\\/product\\\/cristobal-halffter-brian-ferneyhough-andre-richard-detlef-heusinger-experimentalstudio-40-years-anthology-vol-1\\\/\",\"url\":\"https:\\\/\\\/neos-music.com\\\/product\\\/cristobal-halffter-brian-ferneyhough-andre-richard-detlef-heusinger-experimentalstudio-40-years-anthology-vol-1\\\/\",\"name\":\"Crist\u00f3bal Halffter, Brian Ferneyhough, Andr\u00e9 Richard, Detlef Heusinger: EXPERIMENTALSTUDIO 40 Years Anthology Vol. 1 - NEOS Music\",\"isPartOf\":{\"@id\":\"https:\\\/\\\/neos-music.com\\\/#website\"},\"primaryImageOfPage\":{\"@id\":\"https:\\\/\\\/neos-music.com\\\/product\\\/cristobal-halffter-brian-ferneyhough-andre-richard-detlef-heusinger-experimentalstudio-40-years-anthology-vol-1\\\/#primaryimage\"},\"image\":{\"@id\":\"https:\\\/\\\/neos-music.com\\\/product\\\/cristobal-halffter-brian-ferneyhough-andre-richard-detlef-heusinger-experimentalstudio-40-years-anthology-vol-1\\\/#primaryimage\"},\"thumbnailUrl\":\"https:\\\/\\\/i0.wp.com\\\/neos-music.com\\\/wp-content\\\/uploads\\\/2022\\\/11\\\/NEOS_11515_EXStudio_40_Years_1.jpeg?fit=1648%2C1482&ssl=1\",\"datePublished\":\"2015-10-24T17:06:23+00:00\",\"dateModified\":\"2023-05-23T00:11:03+00:00\",\"breadcrumb\":{\"@id\":\"https:\\\/\\\/neos-music.com\\\/product\\\/cristobal-halffter-brian-ferneyhough-andre-richard-detlef-heusinger-experimentalstudio-40-years-anthology-vol-1\\\/#breadcrumb\"},\"inLanguage\":\"en-US\",\"potentialAction\":[{\"@type\":\"ReadAction\",\"target\":[\"https:\\\/\\\/neos-music.com\\\/product\\\/cristobal-halffter-brian-ferneyhough-andre-richard-detlef-heusinger-experimentalstudio-40-years-anthology-vol-1\\\/\"]}]},{\"@type\":\"ImageObject\",\"inLanguage\":\"en-US\",\"@id\":\"https:\\\/\\\/neos-music.com\\\/product\\\/cristobal-halffter-brian-ferneyhough-andre-richard-detlef-heusinger-experimentalstudio-40-years-anthology-vol-1\\\/#primaryimage\",\"url\":\"https:\\\/\\\/i0.wp.com\\\/neos-music.com\\\/wp-content\\\/uploads\\\/2022\\\/11\\\/NEOS_11515_EXStudio_40_Years_1.jpeg?fit=1648%2C1482&ssl=1\",\"contentUrl\":\"https:\\\/\\\/i0.wp.com\\\/neos-music.com\\\/wp-content\\\/uploads\\\/2022\\\/11\\\/NEOS_11515_EXStudio_40_Years_1.jpeg?fit=1648%2C1482&ssl=1\",\"width\":1648,\"height\":1482},{\"@type\":\"BreadcrumbList\",\"@id\":\"https:\\\/\\\/neos-music.com\\\/product\\\/cristobal-halffter-brian-ferneyhough-andre-richard-detlef-heusinger-experimentalstudio-40-years-anthology-vol-1\\\/#breadcrumb\",\"itemListElement\":[{\"@type\":\"ListItem\",\"position\":1,\"name\":\"Startseite\",\"item\":\"https:\\\/\\\/neos-music.com\\\/\"},{\"@type\":\"ListItem\",\"position\":2,\"name\":\"Produkte\",\"item\":\"https:\\\/\\\/neos-music.com\\\/shop__trashed\\\/\"},{\"@type\":\"ListItem\",\"position\":3,\"name\":\"Crist\u00f3bal Halffter, Brian Ferneyhough, Andr\u00e9 Richard, Detlef Heusinger: EXPERIMENTALSTUDIO 40 Years Anthology Vol. 1\"}]},{\"@type\":\"WebSite\",\"@id\":\"https:\\\/\\\/neos-music.com\\\/#website\",\"url\":\"https:\\\/\\\/neos-music.com\\\/\",\"name\":\"NEOS Music\",\"description\":\"Dein Online Shop f\u00fcr zeitgen\u00f6ssische Musik, Jazz und Classics!\",\"publisher\":{\"@id\":\"https:\\\/\\\/neos-music.com\\\/#organization\"},\"potentialAction\":[{\"@type\":\"SearchAction\",\"target\":{\"@type\":\"EntryPoint\",\"urlTemplate\":\"https:\\\/\\\/neos-music.com\\\/?s={search_term_string}\"},\"query-input\":{\"@type\":\"PropertyValueSpecification\",\"valueRequired\":true,\"valueName\":\"search_term_string\"}}],\"inLanguage\":\"en-US\"},{\"@type\":\"Organization\",\"@id\":\"https:\\\/\\\/neos-music.com\\\/#organization\",\"name\":\"NEOS Music\",\"url\":\"https:\\\/\\\/neos-music.com\\\/\",\"logo\":{\"@type\":\"ImageObject\",\"inLanguage\":\"en-US\",\"@id\":\"https:\\\/\\\/neos-music.com\\\/#\\\/schema\\\/logo\\\/image\\\/\",\"url\":\"https:\\\/\\\/i0.wp.com\\\/neos-music.com\\\/wp-content\\\/uploads\\\/2025\\\/08\\\/NEOS-Logo-weiss.png?fit=800%2C203&ssl=1\",\"contentUrl\":\"https:\\\/\\\/i0.wp.com\\\/neos-music.com\\\/wp-content\\\/uploads\\\/2025\\\/08\\\/NEOS-Logo-weiss.png?fit=800%2C203&ssl=1\",\"width\":800,\"height\":203,\"caption\":\"NEOS Music\"},\"image\":{\"@id\":\"https:\\\/\\\/neos-music.com\\\/#\\\/schema\\\/logo\\\/image\\\/\"}}]}<\/script>\n<!-- \/ Yoast SEO plugin. -->","yoast_head_json":{"title":"Crist\u00f3bal Halffter, Brian Ferneyhough, Andr\u00e9 Richard, Detlef Heusinger: EXPERIMENTALSTUDIO 40 Years Anthology Vol. 1 - NEOS Music","robots":{"index":"index","follow":"follow","max-snippet":"max-snippet:-1","max-image-preview":"max-image-preview:large","max-video-preview":"max-video-preview:-1"},"canonical":"https:\/\/neos-music.com\/en_us\/product\/cristobal-halffter-brian-ferneyhough-andre-richard-detlef-heusinger-experimentalstudio-40-years-anthology-vol-1\/","og_locale":"en_US","og_type":"article","og_title":"Crist\u00f3bal Halffter, Brian Ferneyhough, Andr\u00e9 Richard, Detlef Heusinger: EXPERIMENTALSTUDIO 40 Years Anthology Vol. 1 - NEOS Music","og_description":"Programm: Crist\u00f3bal Halffter\u00a0(*1930) [01]\u00a0Noche pasiva del sentido\u00a0[San Juan de la Cruz] (1970\u2009\/1971)\u00a015:05 for voice, two percussionists and piano H\u00e9l\u00e8ne Fauch\u00e8re, soprano ENSEMBLE EXPERIMENTAL Detlef Heusinger, conductor EXPERIMENTALSTUDIO des SWR Thomas Hummel\u2009\/\u2009Dominik Kleinknecht, sound direction &nbsp; Brian Ferneyhough\u00a0(*1943) [02]\u00a0Mnemosyne\u00a0for bass flute and tape (1986)\u00a011:15 Martin Fahlenbock, bass flute EXPERIMENTALSTUDIO des SWR Reinhold Braig, sound direction and [&hellip;]","og_url":"https:\/\/neos-music.com\/en_us\/product\/cristobal-halffter-brian-ferneyhough-andre-richard-detlef-heusinger-experimentalstudio-40-years-anthology-vol-1\/","og_site_name":"NEOS Music","article_modified_time":"2023-05-23T00:11:03+00:00","og_image":[{"width":1648,"height":1482,"url":"https:\/\/neos-music.com\/wp-content\/uploads\/2022\/11\/NEOS_11515_EXStudio_40_Years_1.jpeg","type":"image\/jpeg"}],"twitter_card":"summary_large_image","twitter_misc":{"Est. reading time":"5 minutes"},"schema":{"@context":"https:\/\/schema.org","@graph":[{"@type":"WebPage","@id":"https:\/\/neos-music.com\/product\/cristobal-halffter-brian-ferneyhough-andre-richard-detlef-heusinger-experimentalstudio-40-years-anthology-vol-1\/","url":"https:\/\/neos-music.com\/product\/cristobal-halffter-brian-ferneyhough-andre-richard-detlef-heusinger-experimentalstudio-40-years-anthology-vol-1\/","name":"Crist\u00f3bal Halffter, Brian Ferneyhough, Andr\u00e9 Richard, Detlef Heusinger: EXPERIMENTALSTUDIO 40 Years Anthology Vol. 1 - NEOS Music","isPartOf":{"@id":"https:\/\/neos-music.com\/#website"},"primaryImageOfPage":{"@id":"https:\/\/neos-music.com\/product\/cristobal-halffter-brian-ferneyhough-andre-richard-detlef-heusinger-experimentalstudio-40-years-anthology-vol-1\/#primaryimage"},"image":{"@id":"https:\/\/neos-music.com\/product\/cristobal-halffter-brian-ferneyhough-andre-richard-detlef-heusinger-experimentalstudio-40-years-anthology-vol-1\/#primaryimage"},"thumbnailUrl":"https:\/\/i0.wp.com\/neos-music.com\/wp-content\/uploads\/2022\/11\/NEOS_11515_EXStudio_40_Years_1.jpeg?fit=1648%2C1482&ssl=1","datePublished":"2015-10-24T17:06:23+00:00","dateModified":"2023-05-23T00:11:03+00:00","breadcrumb":{"@id":"https:\/\/neos-music.com\/product\/cristobal-halffter-brian-ferneyhough-andre-richard-detlef-heusinger-experimentalstudio-40-years-anthology-vol-1\/#breadcrumb"},"inLanguage":"en-US","potentialAction":[{"@type":"ReadAction","target":["https:\/\/neos-music.com\/product\/cristobal-halffter-brian-ferneyhough-andre-richard-detlef-heusinger-experimentalstudio-40-years-anthology-vol-1\/"]}]},{"@type":"ImageObject","inLanguage":"en-US","@id":"https:\/\/neos-music.com\/product\/cristobal-halffter-brian-ferneyhough-andre-richard-detlef-heusinger-experimentalstudio-40-years-anthology-vol-1\/#primaryimage","url":"https:\/\/i0.wp.com\/neos-music.com\/wp-content\/uploads\/2022\/11\/NEOS_11515_EXStudio_40_Years_1.jpeg?fit=1648%2C1482&ssl=1","contentUrl":"https:\/\/i0.wp.com\/neos-music.com\/wp-content\/uploads\/2022\/11\/NEOS_11515_EXStudio_40_Years_1.jpeg?fit=1648%2C1482&ssl=1","width":1648,"height":1482},{"@type":"BreadcrumbList","@id":"https:\/\/neos-music.com\/product\/cristobal-halffter-brian-ferneyhough-andre-richard-detlef-heusinger-experimentalstudio-40-years-anthology-vol-1\/#breadcrumb","itemListElement":[{"@type":"ListItem","position":1,"name":"Startseite","item":"https:\/\/neos-music.com\/"},{"@type":"ListItem","position":2,"name":"Produkte","item":"https:\/\/neos-music.com\/shop__trashed\/"},{"@type":"ListItem","position":3,"name":"Crist\u00f3bal Halffter, Brian Ferneyhough, Andr\u00e9 Richard, Detlef Heusinger: EXPERIMENTALSTUDIO 40 Years Anthology Vol. 1"}]},{"@type":"WebSite","@id":"https:\/\/neos-music.com\/#website","url":"https:\/\/neos-music.com\/","name":"NEOS Music","description":"Dein Online Shop f\u00fcr zeitgen\u00f6ssische Musik, Jazz und Classics!","publisher":{"@id":"https:\/\/neos-music.com\/#organization"},"potentialAction":[{"@type":"SearchAction","target":{"@type":"EntryPoint","urlTemplate":"https:\/\/neos-music.com\/?s={search_term_string}"},"query-input":{"@type":"PropertyValueSpecification","valueRequired":true,"valueName":"search_term_string"}}],"inLanguage":"en-US"},{"@type":"Organization","@id":"https:\/\/neos-music.com\/#organization","name":"NEOS Music","url":"https:\/\/neos-music.com\/","logo":{"@type":"ImageObject","inLanguage":"en-US","@id":"https:\/\/neos-music.com\/#\/schema\/logo\/image\/","url":"https:\/\/i0.wp.com\/neos-music.com\/wp-content\/uploads\/2025\/08\/NEOS-Logo-weiss.png?fit=800%2C203&ssl=1","contentUrl":"https:\/\/i0.wp.com\/neos-music.com\/wp-content\/uploads\/2025\/08\/NEOS-Logo-weiss.png?fit=800%2C203&ssl=1","width":800,"height":203,"caption":"NEOS Music"},"image":{"@id":"https:\/\/neos-music.com\/#\/schema\/logo\/image\/"}}]}},"jetpack_sharing_enabled":true,"_links":{"self":[{"href":"https:\/\/neos-music.com\/en_us\/wp-json\/wp\/v2\/product\/2813","targetHints":{"allow":["GET"]}}],"collection":[{"href":"https:\/\/neos-music.com\/en_us\/wp-json\/wp\/v2\/product"}],"about":[{"href":"https:\/\/neos-music.com\/en_us\/wp-json\/wp\/v2\/types\/product"}],"version-history":[{"count":0,"href":"https:\/\/neos-music.com\/en_us\/wp-json\/wp\/v2\/product\/2813\/revisions"}],"wp:featuredmedia":[{"embeddable":true,"href":"https:\/\/neos-music.com\/en_us\/wp-json\/wp\/v2\/media\/2814"}],"wp:attachment":[{"href":"https:\/\/neos-music.com\/en_us\/wp-json\/wp\/v2\/media?parent=2813"}],"wp:term":[{"taxonomy":"product_brand","embeddable":true,"href":"https:\/\/neos-music.com\/en_us\/wp-json\/wp\/v2\/product_brand?post=2813"},{"taxonomy":"product_cat","embeddable":true,"href":"https:\/\/neos-music.com\/en_us\/wp-json\/wp\/v2\/product_cat?post=2813"},{"taxonomy":"product_tag","embeddable":true,"href":"https:\/\/neos-music.com\/en_us\/wp-json\/wp\/v2\/product_tag?post=2813"}],"curies":[{"name":"wp","href":"https:\/\/api.w.org\/{rel}","templated":true}]}}