{"id":2821,"date":"2015-09-01T17:20:56","date_gmt":"2015-09-01T17:20:56","guid":{"rendered":"https:\/\/neos-music.com\/?post_type=product&#038;p=2821"},"modified":"2023-05-23T00:17:12","modified_gmt":"2023-05-23T00:17:12","slug":"george-crumb-makrokosmos-i-ii","status":"publish","type":"product","link":"https:\/\/neos-music.com\/en_us\/product\/george-crumb-makrokosmos-i-ii\/","title":{"rendered":"George Crumb: MAKROKOSMOS I &#038; II"},"content":{"rendered":"<p>Programm:<\/p>\n<table border=\"0\" width=\"100%\" rules=\"none\" cellspacing=\"0\" cellpadding=\"0\">\n<tbody>\n<tr>\n<td class=\"bigcontent2\">\n<div id=\"tracks\">\n<p><b>Makrokosmos Volume I<br \/>\n<\/b>Twelve Fantasy-Pieces after the Zodiac for Amplified Piano (1972)<\/p>\n<p><i>Part One \u00b7 I\u2013IV<\/i><br \/>\n[01]\u00a0<b>I Primeval Sounds<\/b>\u00a0(Genesis I;\u00a0<i>Cancer<\/i>)\u00a0<b>04:58<br \/>\n<\/b>Darkly mysterious<br \/>\n[02]\u00a0<b>II Proteus<\/b>\u00a0(<i>Pisces<\/i>)\u00a0<b>01:35<br \/>\n<\/b>Very fast; whimsical, volatile<br \/>\n[03]\u00a0<b>III Pastorale<\/b>\u00a0(from the Kingdom of Atlantis, ca. 10,000 B.C.;\u00a0<i>Taurus<\/i>)\u00a0<b>02:01<br \/>\n<\/b>Moderately, with incisive rhythm<br \/>\n[04]\u00a0<b>IV Crucifixus<\/b>\u00a0(Symbol;\u00a0<i>Capricorn<\/i>)\u00a0<b>03:05<br \/>\n<\/b>Darkly mysterious \u2013 Adagio molto; serene, transcentental<\/p>\n<p><i>Part Two \u00b7 V\u2013VIII<\/i><br \/>\n[05]\u00a0<b>V The Phantom Gondolier<\/b>\u00a0(<i>Scorpio<\/i>) 03:33<br \/>\nEerily, with a sense of malignant evil<br \/>\n[06]\u00a0<b>VI Night-Spell I<\/b>\u00a0(<i>Sagittarius<\/i>) 03:58<br \/>\nPoised, expectantly \u2013 Serene, hauntingly; echoing (like an Appalachian valley acoustic)<br \/>\n[07]\u00a0<b>VII Music of Shadows<\/b>\u00a0(for Aeolian Harp;\u00a0<i>Libra<\/i>) 02:20<br \/>\nGracefully, with elastic rhythm<br \/>\n[08]\u00a0<b>VIII The Magic Circle of Infinity<\/b>\u00a0(Moto perpetuo \u2013 Symbol;\u00a0<i>Leo<\/i>) 02:12<br \/>\nLuminous \u2013 Joyously, like a cosmic clock-work; with mechanically precise rhythm<\/p>\n<p><i>Part Three \u00b7 IX\u2013XII<\/i><br \/>\n[09]\u00a0<b>IX The Abyss of Time<\/b>\u00a0(<i>Virgo<\/i>)\u00a0<b>02:46<br \/>\n<\/b>Dark, with a sense of profound mystery \u2013 Sinister<br \/>\n[10]\u00a0<b>X Spring-Fire<\/b>\u00a0(<i>Aries<\/i>)\u00a0<b>02:11<br \/>\n<\/b>Prestissimo; breathlessly, with \u00e9lan<br \/>\n[11]\u00a0<b>XI Dream Images<\/b>\u00a0(Love-Death Music;\u00a0<i>Gemini<\/i>)\u00a0<b>04:30<br \/>\n<\/b>Musingly, like the gentle caress of a faintly remembered music<br \/>\n[12]\u00a0<b>XII Spiral Galaxy<\/b>\u00a0(Symbol;\u00a0<i>Aquarius<\/i>)\u00a0<b>03:11<br \/>\n<\/b>Vast, lonely, timeless<\/p>\n<p>&nbsp;<\/p>\n<p><b>MAKROKOSMOS Volume II<br \/>\n<\/b>Twelve Fantasy-Pieces after the Zodiac for Amplified Piano (1973)<\/p>\n<p><i>Part One \u00b7 I\u2013IV<\/i><br \/>\n[13]\u00a0<b>I Morning Music<\/b>\u00a0(Genesis II;\u00a0<i>Cancer<\/i>)\u00a0<b>03:04<br \/>\n<\/b>Exuberantly, with primitive energy<br \/>\n[14]\u00a0<b>II The Mystic Chord<\/b>\u00a0(<i>Sagittarius<\/i>)\u00a0<b>02:21<br \/>\n<\/b>Adagio molto; serene, desireless, like a Nirvana-trance<br \/>\n[15]\u00a0<b>III Rain-Death Variations<\/b>\u00a0(<i>Pisces<\/i>)\u00a0<b>01:52<br \/>\n<\/b>Crystalline, with elegance (Tempo metronomico)<br \/>\n[16]\u00a0<b>IV Twin Suns<\/b>\u00a0(Doppelg\u00e4nger aus der Ewigkeit, Symbol;\u00a0<i>Gemini<\/i>)\u00a0<b>03:41<br \/>\n<\/b>Majestic \u2013 Solemn (Hymn for the Advent of the Star-Child)<\/p>\n<p><i>Part Two \u00b7 V\u2013VIII<\/i><br \/>\n[17]\u00a0<b>V Ghost-Nocturne: for the Druids of Stonehenge<\/b>\u00a0(Night-Spell II;\u00a0<i>Virgo<\/i>)\u00a0<b>02:10<br \/>\n<\/b>Dark, fantastic, subliminal<br \/>\n[18]\u00a0<b>VI Gargoyles<\/b>\u00a0(<i>Taurus<\/i>)\u00a0<b>01:37<br \/>\n<\/b>Marcia grottesca; savagely, with irony<br \/>\n[19]\u00a0<b>VII Tora! Tora! Tora!<\/b>\u00a0(Cadenza Apocalittica;\u00a0<i>Scorpio<\/i>)\u00a0<b>02:36<br \/>\n<\/b>Dramatic, with great intensity; violent, relentless<br \/>\n[20]\u00a0<b>VIII A Prophecy of Nostradamus<\/b>\u00a0(Symbol;\u00a0<i>Aries<\/i>) 03:47<br \/>\nStark, powerful (molto pesante) \u2013 Fatefully (Tema enigmatico) \u2013 Come prima<\/p>\n<p><i>Part Three \u00b7 IX\u2013XII<\/i><br \/>\n[21]\u00a0<b>IX Cosmic Wind<\/b>\u00a0(<i>Libra<\/i>)\u00a0<b>02:27<br \/>\n<\/b>Ghostly, shadowy, tremulous<br \/>\n[22]<b>\u00a0X Voices from \u201cCorona Borealis\u201d<\/b>\u00a0(<i>Aquarius<\/i>)\u00a0<b>04:43<br \/>\n<\/b>Passacaglia: very slow, with majestic calm<br \/>\n[23]\u00a0<b>XI Litany of the Galactic Bells<\/b>\u00a0(<i>Leo<\/i>) 03:04<br \/>\nJubilant; metallic, incisive, echoing (including Beethoven \u2013 Hammerklavier Sonata)<br \/>\n[24]\u00a0<b>XII Agnus Dei<\/b>\u00a0(Symbol;\u00a0<i>Capricorn<\/i>)\u00a0<b>04:09<br \/>\n<\/b>Very slow, like chanting \u2013 Very slow, tender, wistful \u2013 Very slow; like a vision;<br \/>\nas if suspended in endless time (Prayer-wheel)<\/p>\n<p>CD total playing time: 72:25<\/p>\n<p><b>Markus Stange<\/b>, piano<\/p>\n<\/div>\n<\/td>\n<td><\/td>\n<\/tr>\n<\/tbody>\n<\/table>\n<p>Pressestimmen:<\/p>\n<table border=\"0\" width=\"100%\" rules=\"none\" cellspacing=\"0\" cellpadding=\"0\">\n<tbody>\n<tr>\n<td class=\"bigcontent2\">\n<div id=\"press\">\n<p><img data-recalc-dims=\"1\" decoding=\"async\" src=\"https:\/\/i0.wp.com\/neos-music.com\/wp-content\/uploads\/2023\/05\/logo_klassik_com.png?ssl=1\" alt=\"\" \/><\/p>\n<p><b>&#8222;Jenseits des einfachen Tons&#8220;<\/b><\/p>\n<p>Am 05.05.2019 schrieb Dr. J\u00fcrgen Schaarw\u00e4chter auf\u00a0<a class=\"arcoma_editor_link\" href=\"https:\/\/neos-music.com\/output.php?template=german-album-details.php&amp;content=Alben\/10815.php#\" target=\"_blank\" rel=\"noopener\">www.klassik.com<\/a>:<\/p>\n<p>(&#8230;) Dass sich zumeist Spezialisten der neuen und neuesten Musik der Werke annehmen, zeugt von den immensen Anforderungen einerseits, den gro\u00dfen Verst\u00e4ndnisproblemen \u201atraditioneller\u2018 Interpreten andererseits (der Pianist muss nicht nur sein Instrument vollkommen beherrschen, er muss auch fl\u00fcstern, singen, seufzen, schreien, pfeifen und darf sich vor nichts von alledem scheuen). Markus Stange erf\u00fcllt (in den Einspielungen von 2007\/08) all diese Herausforderungen auf das Gl\u00fccklichste; perfekter Aufnahmeklang vermittelt alle Feinheiten seiner Lesart in gr\u00f6\u00dfter Transparenz. Auch das Booklet ist eine gro\u00dfe Freude (nur h\u00e4tte man sich die Mitteilung gew\u00fcnscht, welche Art Klavier ihren entscheidenden Beitrag leistet).<\/p>\n<p><a class=\"arcoma_editor_link\" href=\"https:\/\/neos-music.com\/output.php?template=german-album-details.php&amp;content=Alben\/10815.php#\" target=\"_blank\" rel=\"noopener\">lesen Sie hier die vollst\u00e4ndige Rezension<\/a><\/p>\n<p>&nbsp;<\/p>\n<p><img data-recalc-dims=\"1\" decoding=\"async\" src=\"https:\/\/i0.wp.com\/neos-music.com\/wp-content\/uploads\/2023\/05\/Logo_diapason.jpeg?ssl=1\" alt=\"\" \/><\/p>\n<p><b>Februar 2016<\/b><\/p>\n<p><img data-recalc-dims=\"1\" decoding=\"async\" src=\"https:\/\/i0.wp.com\/neos-music.com\/wp-content\/uploads\/2023\/05\/10815_diapason-feb16.jpg?ssl=1\" alt=\"\" \/><\/p>\n<p>Pierre Rigaudi\u00e8re<\/p>\n<p>&nbsp;<\/p>\n<p><b>Classica, Februar 2016<\/b><\/p>\n<p><img data-recalc-dims=\"1\" decoding=\"async\" src=\"https:\/\/i0.wp.com\/neos-music.com\/wp-content\/uploads\/2023\/05\/10815_classica-feb16.jpg?ssl=1\" alt=\"\" \/><\/p>\n<\/div>\n<\/td>\n<td><\/td>\n<\/tr>\n<\/tbody>\n<\/table>\n<p>&nbsp;<\/p>\n","protected":false},"excerpt":{"rendered":"<p>Programm: Makrokosmos Volume I Twelve Fantasy-Pieces after the Zodiac for Amplified Piano (1972) Part One \u00b7 I\u2013IV [01]\u00a0I Primeval Sounds\u00a0(Genesis I;\u00a0Cancer)\u00a004:58 Darkly mysterious [02]\u00a0II Proteus\u00a0(Pisces)\u00a001:35 Very fast; whimsical, volatile [03]\u00a0III Pastorale\u00a0(from the Kingdom of Atlantis, ca. 10,000 B.C.;\u00a0Taurus)\u00a002:01 Moderately, with incisive rhythm [04]\u00a0IV Crucifixus\u00a0(Symbol;\u00a0Capricorn)\u00a003:05 Darkly mysterious \u2013 Adagio molto; serene, transcentental Part Two \u00b7 V\u2013VIII [&hellip;]<\/p>\n","protected":false},"featured_media":2822,"template":"","meta":{"site-sidebar-layout":"default","site-content-layout":"default","ast-site-content-layout":"default","site-content-style":"default","site-sidebar-style":"default","ast-global-header-display":"","ast-banner-title-visibility":"","ast-main-header-display":"","ast-hfb-above-header-display":"","ast-hfb-below-header-display":"","ast-hfb-mobile-header-display":"","site-post-title":"","ast-breadcrumbs-content":"","ast-featured-img":"","footer-sml-layout":"","theme-transparent-header-meta":"default","adv-header-id-meta":"","stick-header-meta":"","header-above-stick-meta":"","header-main-stick-meta":"","header-below-stick-meta":"","astra-migrate-meta-layouts":"default","ast-page-background-enabled":"default","ast-page-background-meta":{"desktop":{"background-color":"","background-image":"","background-repeat":"repeat","background-position":"center center","background-size":"auto","background-attachment":"scroll","background-type":"","background-media":"","overlay-type":"","overlay-color":"","overlay-opacity":"","overlay-gradient":""},"tablet":{"background-color":"","background-image":"","background-repeat":"repeat","background-position":"center center","background-size":"auto","background-attachment":"scroll","background-type":"","background-media":"","overlay-type":"","overlay-color":"","overlay-opacity":"","overlay-gradient":""},"mobile":{"background-color":"","background-image":"","background-repeat":"repeat","background-position":"center center","background-size":"auto","background-attachment":"scroll","background-type":"","background-media":"","overlay-type":"","overlay-color":"","overlay-opacity":"","overlay-gradient":""}},"ast-content-background-meta":{"desktop":{"background-color":"var(--ast-global-color-5)","background-image":"","background-repeat":"repeat","background-position":"center center","background-size":"auto","background-attachment":"scroll","background-type":"","background-media":"","overlay-type":"","overlay-color":"","overlay-opacity":"","overlay-gradient":""},"tablet":{"background-color":"var(--ast-global-color-5)","background-image":"","background-repeat":"repeat","background-position":"center center","background-size":"auto","background-attachment":"scroll","background-type":"","background-media":"","overlay-type":"","overlay-color":"","overlay-opacity":"","overlay-gradient":""},"mobile":{"background-color":"var(--ast-global-color-5)","background-image":"","background-repeat":"repeat","background-position":"center center","background-size":"auto","background-attachment":"scroll","background-type":"","background-media":"","overlay-type":"","overlay-color":"","overlay-opacity":"","overlay-gradient":""}}},"product_brand":[],"product_cat":[882,26],"product_tag":[],"class_list":{"0":"post-2821","1":"product","2":"type-product","3":"status-publish","4":"has-post-thumbnail","6":"product_cat-klavier","7":"product_cat-zeitgenossische-musik","8":"pa_artikelnummer-neos-10815","9":"pa_brand-neos-music","10":"pa_ean-379","11":"desktop-align-left","12":"tablet-align-left","13":"mobile-align-left","15":"first","16":"instock","17":"taxable","18":"shipping-taxable","19":"purchasable","20":"product-type-simple"},"yoast_head":"<!-- This site is optimized with the Yoast SEO plugin v27.3 - https:\/\/yoast.com\/product\/yoast-seo-wordpress\/ -->\n<title>George Crumb: MAKROKOSMOS I &amp; II - NEOS Music<\/title>\n<meta name=\"robots\" content=\"index, follow, max-snippet:-1, max-image-preview:large, max-video-preview:-1\" \/>\n<link rel=\"canonical\" href=\"https:\/\/neos-music.com\/en_us\/product\/george-crumb-makrokosmos-i-ii\/\" \/>\n<meta property=\"og:locale\" content=\"en_US\" \/>\n<meta property=\"og:type\" content=\"article\" \/>\n<meta property=\"og:title\" content=\"George Crumb: MAKROKOSMOS I &amp; II - NEOS Music\" \/>\n<meta property=\"og:description\" content=\"Programm: Makrokosmos Volume I Twelve Fantasy-Pieces after the Zodiac for Amplified Piano (1972) Part One \u00b7 I\u2013IV [01]\u00a0I Primeval Sounds\u00a0(Genesis I;\u00a0Cancer)\u00a004:58 Darkly mysterious [02]\u00a0II Proteus\u00a0(Pisces)\u00a001:35 Very fast; whimsical, volatile [03]\u00a0III Pastorale\u00a0(from the Kingdom of Atlantis, ca. 10,000 B.C.;\u00a0Taurus)\u00a002:01 Moderately, with incisive rhythm [04]\u00a0IV Crucifixus\u00a0(Symbol;\u00a0Capricorn)\u00a003:05 Darkly mysterious \u2013 Adagio molto; serene, transcentental Part Two \u00b7 V\u2013VIII [&hellip;]\" \/>\n<meta property=\"og:url\" content=\"https:\/\/neos-music.com\/en_us\/product\/george-crumb-makrokosmos-i-ii\/\" \/>\n<meta property=\"og:site_name\" content=\"NEOS Music\" \/>\n<meta property=\"article:modified_time\" content=\"2023-05-23T00:17:12+00:00\" \/>\n<meta property=\"og:image\" content=\"https:\/\/neos-music.com\/wp-content\/uploads\/2022\/11\/NEOS_10815_Crumb.jpeg\" \/>\n\t<meta property=\"og:image:width\" content=\"1647\" \/>\n\t<meta property=\"og:image:height\" content=\"1484\" \/>\n\t<meta property=\"og:image:type\" content=\"image\/jpeg\" \/>\n<meta name=\"twitter:card\" content=\"summary_large_image\" \/>\n<meta name=\"twitter:label1\" content=\"Est. reading time\" \/>\n\t<meta name=\"twitter:data1\" content=\"4 minutes\" \/>\n<script type=\"application\/ld+json\" class=\"yoast-schema-graph\">{\"@context\":\"https:\\\/\\\/schema.org\",\"@graph\":[{\"@type\":\"WebPage\",\"@id\":\"https:\\\/\\\/neos-music.com\\\/product\\\/george-crumb-makrokosmos-i-ii\\\/\",\"url\":\"https:\\\/\\\/neos-music.com\\\/product\\\/george-crumb-makrokosmos-i-ii\\\/\",\"name\":\"George Crumb: MAKROKOSMOS I & II - NEOS Music\",\"isPartOf\":{\"@id\":\"https:\\\/\\\/neos-music.com\\\/#website\"},\"primaryImageOfPage\":{\"@id\":\"https:\\\/\\\/neos-music.com\\\/product\\\/george-crumb-makrokosmos-i-ii\\\/#primaryimage\"},\"image\":{\"@id\":\"https:\\\/\\\/neos-music.com\\\/product\\\/george-crumb-makrokosmos-i-ii\\\/#primaryimage\"},\"thumbnailUrl\":\"https:\\\/\\\/i0.wp.com\\\/neos-music.com\\\/wp-content\\\/uploads\\\/2022\\\/11\\\/NEOS_10815_Crumb.jpeg?fit=1647%2C1484&ssl=1\",\"datePublished\":\"2015-09-01T17:20:56+00:00\",\"dateModified\":\"2023-05-23T00:17:12+00:00\",\"breadcrumb\":{\"@id\":\"https:\\\/\\\/neos-music.com\\\/product\\\/george-crumb-makrokosmos-i-ii\\\/#breadcrumb\"},\"inLanguage\":\"en-US\",\"potentialAction\":[{\"@type\":\"ReadAction\",\"target\":[\"https:\\\/\\\/neos-music.com\\\/product\\\/george-crumb-makrokosmos-i-ii\\\/\"]}]},{\"@type\":\"ImageObject\",\"inLanguage\":\"en-US\",\"@id\":\"https:\\\/\\\/neos-music.com\\\/product\\\/george-crumb-makrokosmos-i-ii\\\/#primaryimage\",\"url\":\"https:\\\/\\\/i0.wp.com\\\/neos-music.com\\\/wp-content\\\/uploads\\\/2022\\\/11\\\/NEOS_10815_Crumb.jpeg?fit=1647%2C1484&ssl=1\",\"contentUrl\":\"https:\\\/\\\/i0.wp.com\\\/neos-music.com\\\/wp-content\\\/uploads\\\/2022\\\/11\\\/NEOS_10815_Crumb.jpeg?fit=1647%2C1484&ssl=1\",\"width\":1647,\"height\":1484},{\"@type\":\"BreadcrumbList\",\"@id\":\"https:\\\/\\\/neos-music.com\\\/product\\\/george-crumb-makrokosmos-i-ii\\\/#breadcrumb\",\"itemListElement\":[{\"@type\":\"ListItem\",\"position\":1,\"name\":\"Startseite\",\"item\":\"https:\\\/\\\/neos-music.com\\\/\"},{\"@type\":\"ListItem\",\"position\":2,\"name\":\"Produkte\",\"item\":\"https:\\\/\\\/neos-music.com\\\/shop__trashed\\\/\"},{\"@type\":\"ListItem\",\"position\":3,\"name\":\"George Crumb: MAKROKOSMOS I &#038; II\"}]},{\"@type\":\"WebSite\",\"@id\":\"https:\\\/\\\/neos-music.com\\\/#website\",\"url\":\"https:\\\/\\\/neos-music.com\\\/\",\"name\":\"NEOS Music\",\"description\":\"Dein Online Shop f\u00fcr zeitgen\u00f6ssische Musik, Jazz und Classics!\",\"publisher\":{\"@id\":\"https:\\\/\\\/neos-music.com\\\/#organization\"},\"potentialAction\":[{\"@type\":\"SearchAction\",\"target\":{\"@type\":\"EntryPoint\",\"urlTemplate\":\"https:\\\/\\\/neos-music.com\\\/?s={search_term_string}\"},\"query-input\":{\"@type\":\"PropertyValueSpecification\",\"valueRequired\":true,\"valueName\":\"search_term_string\"}}],\"inLanguage\":\"en-US\"},{\"@type\":\"Organization\",\"@id\":\"https:\\\/\\\/neos-music.com\\\/#organization\",\"name\":\"NEOS Music\",\"url\":\"https:\\\/\\\/neos-music.com\\\/\",\"logo\":{\"@type\":\"ImageObject\",\"inLanguage\":\"en-US\",\"@id\":\"https:\\\/\\\/neos-music.com\\\/#\\\/schema\\\/logo\\\/image\\\/\",\"url\":\"https:\\\/\\\/i0.wp.com\\\/neos-music.com\\\/wp-content\\\/uploads\\\/2025\\\/08\\\/NEOS-Logo-weiss.png?fit=800%2C203&ssl=1\",\"contentUrl\":\"https:\\\/\\\/i0.wp.com\\\/neos-music.com\\\/wp-content\\\/uploads\\\/2025\\\/08\\\/NEOS-Logo-weiss.png?fit=800%2C203&ssl=1\",\"width\":800,\"height\":203,\"caption\":\"NEOS Music\"},\"image\":{\"@id\":\"https:\\\/\\\/neos-music.com\\\/#\\\/schema\\\/logo\\\/image\\\/\"}}]}<\/script>\n<!-- \/ Yoast SEO plugin. -->","yoast_head_json":{"title":"George Crumb: MAKROKOSMOS I & II - NEOS Music","robots":{"index":"index","follow":"follow","max-snippet":"max-snippet:-1","max-image-preview":"max-image-preview:large","max-video-preview":"max-video-preview:-1"},"canonical":"https:\/\/neos-music.com\/en_us\/product\/george-crumb-makrokosmos-i-ii\/","og_locale":"en_US","og_type":"article","og_title":"George Crumb: MAKROKOSMOS I & II - NEOS Music","og_description":"Programm: Makrokosmos Volume I Twelve Fantasy-Pieces after the Zodiac for Amplified Piano (1972) Part One \u00b7 I\u2013IV [01]\u00a0I Primeval Sounds\u00a0(Genesis I;\u00a0Cancer)\u00a004:58 Darkly mysterious [02]\u00a0II Proteus\u00a0(Pisces)\u00a001:35 Very fast; whimsical, volatile [03]\u00a0III Pastorale\u00a0(from the Kingdom of Atlantis, ca. 10,000 B.C.;\u00a0Taurus)\u00a002:01 Moderately, with incisive rhythm [04]\u00a0IV Crucifixus\u00a0(Symbol;\u00a0Capricorn)\u00a003:05 Darkly mysterious \u2013 Adagio molto; serene, transcentental Part Two \u00b7 V\u2013VIII [&hellip;]","og_url":"https:\/\/neos-music.com\/en_us\/product\/george-crumb-makrokosmos-i-ii\/","og_site_name":"NEOS Music","article_modified_time":"2023-05-23T00:17:12+00:00","og_image":[{"width":1647,"height":1484,"url":"https:\/\/neos-music.com\/wp-content\/uploads\/2022\/11\/NEOS_10815_Crumb.jpeg","type":"image\/jpeg"}],"twitter_card":"summary_large_image","twitter_misc":{"Est. reading time":"4 minutes"},"schema":{"@context":"https:\/\/schema.org","@graph":[{"@type":"WebPage","@id":"https:\/\/neos-music.com\/product\/george-crumb-makrokosmos-i-ii\/","url":"https:\/\/neos-music.com\/product\/george-crumb-makrokosmos-i-ii\/","name":"George Crumb: MAKROKOSMOS I & II - NEOS Music","isPartOf":{"@id":"https:\/\/neos-music.com\/#website"},"primaryImageOfPage":{"@id":"https:\/\/neos-music.com\/product\/george-crumb-makrokosmos-i-ii\/#primaryimage"},"image":{"@id":"https:\/\/neos-music.com\/product\/george-crumb-makrokosmos-i-ii\/#primaryimage"},"thumbnailUrl":"https:\/\/i0.wp.com\/neos-music.com\/wp-content\/uploads\/2022\/11\/NEOS_10815_Crumb.jpeg?fit=1647%2C1484&ssl=1","datePublished":"2015-09-01T17:20:56+00:00","dateModified":"2023-05-23T00:17:12+00:00","breadcrumb":{"@id":"https:\/\/neos-music.com\/product\/george-crumb-makrokosmos-i-ii\/#breadcrumb"},"inLanguage":"en-US","potentialAction":[{"@type":"ReadAction","target":["https:\/\/neos-music.com\/product\/george-crumb-makrokosmos-i-ii\/"]}]},{"@type":"ImageObject","inLanguage":"en-US","@id":"https:\/\/neos-music.com\/product\/george-crumb-makrokosmos-i-ii\/#primaryimage","url":"https:\/\/i0.wp.com\/neos-music.com\/wp-content\/uploads\/2022\/11\/NEOS_10815_Crumb.jpeg?fit=1647%2C1484&ssl=1","contentUrl":"https:\/\/i0.wp.com\/neos-music.com\/wp-content\/uploads\/2022\/11\/NEOS_10815_Crumb.jpeg?fit=1647%2C1484&ssl=1","width":1647,"height":1484},{"@type":"BreadcrumbList","@id":"https:\/\/neos-music.com\/product\/george-crumb-makrokosmos-i-ii\/#breadcrumb","itemListElement":[{"@type":"ListItem","position":1,"name":"Startseite","item":"https:\/\/neos-music.com\/"},{"@type":"ListItem","position":2,"name":"Produkte","item":"https:\/\/neos-music.com\/shop__trashed\/"},{"@type":"ListItem","position":3,"name":"George Crumb: MAKROKOSMOS I &#038; II"}]},{"@type":"WebSite","@id":"https:\/\/neos-music.com\/#website","url":"https:\/\/neos-music.com\/","name":"NEOS Music","description":"Dein Online Shop f\u00fcr zeitgen\u00f6ssische Musik, Jazz und Classics!","publisher":{"@id":"https:\/\/neos-music.com\/#organization"},"potentialAction":[{"@type":"SearchAction","target":{"@type":"EntryPoint","urlTemplate":"https:\/\/neos-music.com\/?s={search_term_string}"},"query-input":{"@type":"PropertyValueSpecification","valueRequired":true,"valueName":"search_term_string"}}],"inLanguage":"en-US"},{"@type":"Organization","@id":"https:\/\/neos-music.com\/#organization","name":"NEOS Music","url":"https:\/\/neos-music.com\/","logo":{"@type":"ImageObject","inLanguage":"en-US","@id":"https:\/\/neos-music.com\/#\/schema\/logo\/image\/","url":"https:\/\/i0.wp.com\/neos-music.com\/wp-content\/uploads\/2025\/08\/NEOS-Logo-weiss.png?fit=800%2C203&ssl=1","contentUrl":"https:\/\/i0.wp.com\/neos-music.com\/wp-content\/uploads\/2025\/08\/NEOS-Logo-weiss.png?fit=800%2C203&ssl=1","width":800,"height":203,"caption":"NEOS Music"},"image":{"@id":"https:\/\/neos-music.com\/#\/schema\/logo\/image\/"}}]}},"jetpack_sharing_enabled":true,"_links":{"self":[{"href":"https:\/\/neos-music.com\/en_us\/wp-json\/wp\/v2\/product\/2821","targetHints":{"allow":["GET"]}}],"collection":[{"href":"https:\/\/neos-music.com\/en_us\/wp-json\/wp\/v2\/product"}],"about":[{"href":"https:\/\/neos-music.com\/en_us\/wp-json\/wp\/v2\/types\/product"}],"version-history":[{"count":0,"href":"https:\/\/neos-music.com\/en_us\/wp-json\/wp\/v2\/product\/2821\/revisions"}],"wp:featuredmedia":[{"embeddable":true,"href":"https:\/\/neos-music.com\/en_us\/wp-json\/wp\/v2\/media\/2822"}],"wp:attachment":[{"href":"https:\/\/neos-music.com\/en_us\/wp-json\/wp\/v2\/media?parent=2821"}],"wp:term":[{"taxonomy":"product_brand","embeddable":true,"href":"https:\/\/neos-music.com\/en_us\/wp-json\/wp\/v2\/product_brand?post=2821"},{"taxonomy":"product_cat","embeddable":true,"href":"https:\/\/neos-music.com\/en_us\/wp-json\/wp\/v2\/product_cat?post=2821"},{"taxonomy":"product_tag","embeddable":true,"href":"https:\/\/neos-music.com\/en_us\/wp-json\/wp\/v2\/product_tag?post=2821"}],"curies":[{"name":"wp","href":"https:\/\/api.w.org\/{rel}","templated":true}]}}