{"id":2845,"date":"2015-04-08T17:58:44","date_gmt":"2015-04-08T17:58:44","guid":{"rendered":"https:\/\/neos-music.com\/?post_type=product&#038;p=2845"},"modified":"2023-05-23T08:21:16","modified_gmt":"2023-05-23T08:21:16","slug":"rene-wohlhauser-mania-piano-works","status":"publish","type":"product","link":"https:\/\/neos-music.com\/en_us\/product\/rene-wohlhauser-mania-piano-works\/","title":{"rendered":"Ren\u00e9 Wohlhauser: Man\u00eda &#8211; Piano Works"},"content":{"rendered":"<p>Programm:<\/p>\n<p>[01]\u00a0<b>vocis imago<\/b>\u00a0Version for piano solo (1993\u20131995)\u00a0<b>18:41<\/b><\/p>\n<p><b><\/b><b>Drei St\u00fccke f\u00fcr Klavier<\/b>\u00a0(1986\u20131987)<br \/>\n[02]\u00a0<b>1. \u201cPaginetta\u201d per pianoforte<\/b>\u00a000:54<br \/>\n[03]\u00a0<b>2. \u201cAdagio\u201d for piano<\/b>\u00a000:36<br \/>\n[04]\u00a0<b>3. \u201cD\u00e9plo\u00eement\u201d for three-pedal piano<\/b>\u00a002:55<\/p>\n<p>[05]\u00a0<b>Man\u00eda<\/b>\u00a0for piano solo (2001\u20132002)\u00a0<b>12:31<\/b><\/p>\n<p>[06]\u00a0<b>Nesut<\/b>\u00a0for piano solo (1977) 08:24<\/p>\n<p>[07]\u00a0<b>Naschra<\/b>\u00a0Original version for 1\/16-tone upright piano (2013)\u00a0<b>12:29<\/b><\/p>\n<p>[08]\u00a0<b>Naschra<\/b>\u00a0Version for 1\/3-tone piano (2013)\u00a0<b>11:33<\/b><\/p>\n<p>[09]\u00a0<b>Naschra<\/b>\u00a0Version for standard chromatic piano (2013)\u00a0<b>11:51<\/b><\/p>\n<p>total playing time: 79:56<\/p>\n<p><b><a class=\"arcoma_glossarylink\" href=\"https:\/\/neos-music.com\/output.php?content=Kuenstler\/Ernst_Moritz.php&amp;treplace=english%2Cgerman\" target=\"_self\" rel=\"noopener\">Moritz Ernst<\/a><\/b>\u00a0piano<\/p>\n<p><i>World Premiere Recordings<\/i><\/p>\n<p>Pressestimmen:<\/p>\n<p><img data-recalc-dims=\"1\" decoding=\"async\" src=\"https:\/\/i0.wp.com\/neos-music.com\/wp-content\/uploads\/2023\/05\/logo_dissonance.jpg?ssl=1\" alt=\"\" \/><\/p>\n<p>03\/2017<\/p>\n<p>&#8222;Komplexe, bewegende Klaviermusik aus einem Zeitraum von ca. 25 Jahren, mit einer entsprechenden Vielfalt klanglicher und architektonischer Ans\u00e4tze. (&#8230;) Die teilweise virtuos-komplexen Klavierst\u00fccke Wohlhausers h\u00e4lt Moritz Ernst konsequent unter Kontrolle, ohne nur technisch zu bleiben. Das ist sehr sch\u00f6n anzuh\u00f6ren \u2013 und\u00a0macht die beiden CDs*, die auch in den Booklet-Texten detailreiche Informationen mitgeben,\u00a0zu weit mehr als blo\u00dfer Werkdokumentation.&#8220; (Andreas Fatton)<\/p>\n<p>* Andreas Fatton schreibt in seinem Artikel \u00fcber zwei NEOS-CDs mit Musik von Wohlhauser: &#8222;Man\u00eda&#8220; und &#8222;Kasamar\u00f2wa&#8220;\u00a0(NEOS 11605)<\/p>\n<p>&nbsp;<\/p>\n<p>&nbsp;<\/p>\n<p><img data-recalc-dims=\"1\" decoding=\"async\" src=\"https:\/\/i0.wp.com\/neos-music.com\/wp-content\/uploads\/2023\/05\/logo_neue_musikzeitung.jpg?ssl=1\" alt=\"\" \/><\/p>\n<p>Oktober 2015<\/p>\n<p><img data-recalc-dims=\"1\" decoding=\"async\" src=\"https:\/\/i0.wp.com\/neos-music.com\/wp-content\/uploads\/2023\/05\/11416_nmz-okt15.jpg?ssl=1\" alt=\"\" \/><\/p>\n","protected":false},"excerpt":{"rendered":"<p>Programm: [01]\u00a0vocis imago\u00a0Version for piano solo (1993\u20131995)\u00a018:41 Drei St\u00fccke f\u00fcr Klavier\u00a0(1986\u20131987) [02]\u00a01. \u201cPaginetta\u201d per pianoforte\u00a000:54 [03]\u00a02. \u201cAdagio\u201d for piano\u00a000:36 [04]\u00a03. \u201cD\u00e9plo\u00eement\u201d for three-pedal piano\u00a002:55 [05]\u00a0Man\u00eda\u00a0for piano solo (2001\u20132002)\u00a012:31 [06]\u00a0Nesut\u00a0for piano solo (1977) 08:24 [07]\u00a0Naschra\u00a0Original version for 1\/16-tone upright piano (2013)\u00a012:29 [08]\u00a0Naschra\u00a0Version for 1\/3-tone piano (2013)\u00a011:33 [09]\u00a0Naschra\u00a0Version for standard chromatic piano (2013)\u00a011:51 total playing time: 79:56 [&hellip;]<\/p>\n","protected":false},"featured_media":2846,"template":"","meta":{"site-sidebar-layout":"default","site-content-layout":"default","ast-site-content-layout":"default","site-content-style":"default","site-sidebar-style":"default","ast-global-header-display":"","ast-banner-title-visibility":"","ast-main-header-display":"","ast-hfb-above-header-display":"","ast-hfb-below-header-display":"","ast-hfb-mobile-header-display":"","site-post-title":"","ast-breadcrumbs-content":"","ast-featured-img":"","footer-sml-layout":"","theme-transparent-header-meta":"default","adv-header-id-meta":"","stick-header-meta":"","header-above-stick-meta":"","header-main-stick-meta":"","header-below-stick-meta":"","astra-migrate-meta-layouts":"default","ast-page-background-enabled":"default","ast-page-background-meta":{"desktop":{"background-color":"","background-image":"","background-repeat":"repeat","background-position":"center center","background-size":"auto","background-attachment":"scroll","background-type":"","background-media":"","overlay-type":"","overlay-color":"","overlay-opacity":"","overlay-gradient":""},"tablet":{"background-color":"","background-image":"","background-repeat":"repeat","background-position":"center center","background-size":"auto","background-attachment":"scroll","background-type":"","background-media":"","overlay-type":"","overlay-color":"","overlay-opacity":"","overlay-gradient":""},"mobile":{"background-color":"","background-image":"","background-repeat":"repeat","background-position":"center center","background-size":"auto","background-attachment":"scroll","background-type":"","background-media":"","overlay-type":"","overlay-color":"","overlay-opacity":"","overlay-gradient":""}},"ast-content-background-meta":{"desktop":{"background-color":"var(--ast-global-color-5)","background-image":"","background-repeat":"repeat","background-position":"center center","background-size":"auto","background-attachment":"scroll","background-type":"","background-media":"","overlay-type":"","overlay-color":"","overlay-opacity":"","overlay-gradient":""},"tablet":{"background-color":"var(--ast-global-color-5)","background-image":"","background-repeat":"repeat","background-position":"center center","background-size":"auto","background-attachment":"scroll","background-type":"","background-media":"","overlay-type":"","overlay-color":"","overlay-opacity":"","overlay-gradient":""},"mobile":{"background-color":"var(--ast-global-color-5)","background-image":"","background-repeat":"repeat","background-position":"center center","background-size":"auto","background-attachment":"scroll","background-type":"","background-media":"","overlay-type":"","overlay-color":"","overlay-opacity":"","overlay-gradient":""}}},"product_brand":[],"product_cat":[882,26],"product_tag":[],"class_list":{"0":"post-2845","1":"product","2":"type-product","3":"status-publish","4":"has-post-thumbnail","6":"product_cat-klavier","7":"product_cat-zeitgenossische-musik","8":"pa_artikelnummer-neos-11416","9":"pa_brand-neos-music","10":"pa_ean-404","11":"desktop-align-left","12":"tablet-align-left","13":"mobile-align-left","15":"first","16":"instock","17":"taxable","18":"shipping-taxable","19":"purchasable","20":"product-type-simple"},"yoast_head":"<!-- This site is optimized with the Yoast SEO plugin v27.5 - https:\/\/yoast.com\/product\/yoast-seo-wordpress\/ -->\n<title>Ren\u00e9 Wohlhauser: Man\u00eda - Piano Works - NEOS Music<\/title>\n<meta name=\"robots\" content=\"index, follow, max-snippet:-1, max-image-preview:large, max-video-preview:-1\" \/>\n<link rel=\"canonical\" href=\"https:\/\/neos-music.com\/en_us\/product\/rene-wohlhauser-mania-piano-works\/\" \/>\n<meta property=\"og:locale\" content=\"en_US\" \/>\n<meta property=\"og:type\" content=\"article\" \/>\n<meta property=\"og:title\" content=\"Ren\u00e9 Wohlhauser: Man\u00eda - Piano Works - NEOS Music\" \/>\n<meta property=\"og:description\" content=\"Programm: [01]\u00a0vocis imago\u00a0Version for piano solo (1993\u20131995)\u00a018:41 Drei St\u00fccke f\u00fcr Klavier\u00a0(1986\u20131987) [02]\u00a01. \u201cPaginetta\u201d per pianoforte\u00a000:54 [03]\u00a02. \u201cAdagio\u201d for piano\u00a000:36 [04]\u00a03. \u201cD\u00e9plo\u00eement\u201d for three-pedal piano\u00a002:55 [05]\u00a0Man\u00eda\u00a0for piano solo (2001\u20132002)\u00a012:31 [06]\u00a0Nesut\u00a0for piano solo (1977) 08:24 [07]\u00a0Naschra\u00a0Original version for 1\/16-tone upright piano (2013)\u00a012:29 [08]\u00a0Naschra\u00a0Version for 1\/3-tone piano (2013)\u00a011:33 [09]\u00a0Naschra\u00a0Version for standard chromatic piano (2013)\u00a011:51 total playing time: 79:56 [&hellip;]\" \/>\n<meta property=\"og:url\" content=\"https:\/\/neos-music.com\/en_us\/product\/rene-wohlhauser-mania-piano-works\/\" \/>\n<meta property=\"og:site_name\" content=\"NEOS Music\" \/>\n<meta property=\"article:modified_time\" content=\"2023-05-23T08:21:16+00:00\" \/>\n<meta property=\"og:image\" content=\"https:\/\/neos-music.com\/wp-content\/uploads\/2022\/11\/NEOS_11416_Wohlhauser.jpeg\" \/>\n\t<meta property=\"og:image:width\" content=\"1647\" \/>\n\t<meta property=\"og:image:height\" content=\"1483\" \/>\n\t<meta property=\"og:image:type\" content=\"image\/jpeg\" \/>\n<meta name=\"twitter:card\" content=\"summary_large_image\" \/>\n<meta name=\"twitter:label1\" content=\"Est. reading time\" \/>\n\t<meta name=\"twitter:data1\" content=\"2 minutes\" \/>\n<script type=\"application\/ld+json\" class=\"yoast-schema-graph\">{\"@context\":\"https:\\\/\\\/schema.org\",\"@graph\":[{\"@type\":\"WebPage\",\"@id\":\"https:\\\/\\\/neos-music.com\\\/product\\\/rene-wohlhauser-mania-piano-works\\\/\",\"url\":\"https:\\\/\\\/neos-music.com\\\/product\\\/rene-wohlhauser-mania-piano-works\\\/\",\"name\":\"Ren\u00e9 Wohlhauser: Man\u00eda - Piano Works - NEOS Music\",\"isPartOf\":{\"@id\":\"https:\\\/\\\/neos-music.com\\\/#website\"},\"primaryImageOfPage\":{\"@id\":\"https:\\\/\\\/neos-music.com\\\/product\\\/rene-wohlhauser-mania-piano-works\\\/#primaryimage\"},\"image\":{\"@id\":\"https:\\\/\\\/neos-music.com\\\/product\\\/rene-wohlhauser-mania-piano-works\\\/#primaryimage\"},\"thumbnailUrl\":\"https:\\\/\\\/i0.wp.com\\\/neos-music.com\\\/wp-content\\\/uploads\\\/2022\\\/11\\\/NEOS_11416_Wohlhauser.jpeg?fit=1647%2C1483&ssl=1\",\"datePublished\":\"2015-04-08T17:58:44+00:00\",\"dateModified\":\"2023-05-23T08:21:16+00:00\",\"breadcrumb\":{\"@id\":\"https:\\\/\\\/neos-music.com\\\/product\\\/rene-wohlhauser-mania-piano-works\\\/#breadcrumb\"},\"inLanguage\":\"en-US\",\"potentialAction\":[{\"@type\":\"ReadAction\",\"target\":[\"https:\\\/\\\/neos-music.com\\\/product\\\/rene-wohlhauser-mania-piano-works\\\/\"]}]},{\"@type\":\"ImageObject\",\"inLanguage\":\"en-US\",\"@id\":\"https:\\\/\\\/neos-music.com\\\/product\\\/rene-wohlhauser-mania-piano-works\\\/#primaryimage\",\"url\":\"https:\\\/\\\/i0.wp.com\\\/neos-music.com\\\/wp-content\\\/uploads\\\/2022\\\/11\\\/NEOS_11416_Wohlhauser.jpeg?fit=1647%2C1483&ssl=1\",\"contentUrl\":\"https:\\\/\\\/i0.wp.com\\\/neos-music.com\\\/wp-content\\\/uploads\\\/2022\\\/11\\\/NEOS_11416_Wohlhauser.jpeg?fit=1647%2C1483&ssl=1\",\"width\":1647,\"height\":1483},{\"@type\":\"BreadcrumbList\",\"@id\":\"https:\\\/\\\/neos-music.com\\\/product\\\/rene-wohlhauser-mania-piano-works\\\/#breadcrumb\",\"itemListElement\":[{\"@type\":\"ListItem\",\"position\":1,\"name\":\"Startseite\",\"item\":\"https:\\\/\\\/neos-music.com\\\/\"},{\"@type\":\"ListItem\",\"position\":2,\"name\":\"Produkte\",\"item\":\"https:\\\/\\\/neos-music.com\\\/shop__trashed\\\/\"},{\"@type\":\"ListItem\",\"position\":3,\"name\":\"Ren\u00e9 Wohlhauser: Man\u00eda &#8211; Piano Works\"}]},{\"@type\":\"WebSite\",\"@id\":\"https:\\\/\\\/neos-music.com\\\/#website\",\"url\":\"https:\\\/\\\/neos-music.com\\\/\",\"name\":\"NEOS Music\",\"description\":\"Dein Online Shop f\u00fcr zeitgen\u00f6ssische Musik, Jazz und Classics!\",\"publisher\":{\"@id\":\"https:\\\/\\\/neos-music.com\\\/#organization\"},\"potentialAction\":[{\"@type\":\"SearchAction\",\"target\":{\"@type\":\"EntryPoint\",\"urlTemplate\":\"https:\\\/\\\/neos-music.com\\\/?s={search_term_string}\"},\"query-input\":{\"@type\":\"PropertyValueSpecification\",\"valueRequired\":true,\"valueName\":\"search_term_string\"}}],\"inLanguage\":\"en-US\"},{\"@type\":\"Organization\",\"@id\":\"https:\\\/\\\/neos-music.com\\\/#organization\",\"name\":\"NEOS Music\",\"url\":\"https:\\\/\\\/neos-music.com\\\/\",\"logo\":{\"@type\":\"ImageObject\",\"inLanguage\":\"en-US\",\"@id\":\"https:\\\/\\\/neos-music.com\\\/#\\\/schema\\\/logo\\\/image\\\/\",\"url\":\"https:\\\/\\\/i0.wp.com\\\/neos-music.com\\\/wp-content\\\/uploads\\\/2025\\\/08\\\/NEOS-Logo-weiss.png?fit=800%2C203&ssl=1\",\"contentUrl\":\"https:\\\/\\\/i0.wp.com\\\/neos-music.com\\\/wp-content\\\/uploads\\\/2025\\\/08\\\/NEOS-Logo-weiss.png?fit=800%2C203&ssl=1\",\"width\":800,\"height\":203,\"caption\":\"NEOS Music\"},\"image\":{\"@id\":\"https:\\\/\\\/neos-music.com\\\/#\\\/schema\\\/logo\\\/image\\\/\"}}]}<\/script>\n<!-- \/ Yoast SEO plugin. -->","yoast_head_json":{"title":"Ren\u00e9 Wohlhauser: Man\u00eda - Piano Works - NEOS Music","robots":{"index":"index","follow":"follow","max-snippet":"max-snippet:-1","max-image-preview":"max-image-preview:large","max-video-preview":"max-video-preview:-1"},"canonical":"https:\/\/neos-music.com\/en_us\/product\/rene-wohlhauser-mania-piano-works\/","og_locale":"en_US","og_type":"article","og_title":"Ren\u00e9 Wohlhauser: Man\u00eda - Piano Works - NEOS Music","og_description":"Programm: [01]\u00a0vocis imago\u00a0Version for piano solo (1993\u20131995)\u00a018:41 Drei St\u00fccke f\u00fcr Klavier\u00a0(1986\u20131987) [02]\u00a01. \u201cPaginetta\u201d per pianoforte\u00a000:54 [03]\u00a02. \u201cAdagio\u201d for piano\u00a000:36 [04]\u00a03. \u201cD\u00e9plo\u00eement\u201d for three-pedal piano\u00a002:55 [05]\u00a0Man\u00eda\u00a0for piano solo (2001\u20132002)\u00a012:31 [06]\u00a0Nesut\u00a0for piano solo (1977) 08:24 [07]\u00a0Naschra\u00a0Original version for 1\/16-tone upright piano (2013)\u00a012:29 [08]\u00a0Naschra\u00a0Version for 1\/3-tone piano (2013)\u00a011:33 [09]\u00a0Naschra\u00a0Version for standard chromatic piano (2013)\u00a011:51 total playing time: 79:56 [&hellip;]","og_url":"https:\/\/neos-music.com\/en_us\/product\/rene-wohlhauser-mania-piano-works\/","og_site_name":"NEOS Music","article_modified_time":"2023-05-23T08:21:16+00:00","og_image":[{"width":1647,"height":1483,"url":"https:\/\/neos-music.com\/wp-content\/uploads\/2022\/11\/NEOS_11416_Wohlhauser.jpeg","type":"image\/jpeg"}],"twitter_card":"summary_large_image","twitter_misc":{"Est. reading time":"2 minutes"},"schema":{"@context":"https:\/\/schema.org","@graph":[{"@type":"WebPage","@id":"https:\/\/neos-music.com\/product\/rene-wohlhauser-mania-piano-works\/","url":"https:\/\/neos-music.com\/product\/rene-wohlhauser-mania-piano-works\/","name":"Ren\u00e9 Wohlhauser: Man\u00eda - Piano Works - NEOS Music","isPartOf":{"@id":"https:\/\/neos-music.com\/#website"},"primaryImageOfPage":{"@id":"https:\/\/neos-music.com\/product\/rene-wohlhauser-mania-piano-works\/#primaryimage"},"image":{"@id":"https:\/\/neos-music.com\/product\/rene-wohlhauser-mania-piano-works\/#primaryimage"},"thumbnailUrl":"https:\/\/i0.wp.com\/neos-music.com\/wp-content\/uploads\/2022\/11\/NEOS_11416_Wohlhauser.jpeg?fit=1647%2C1483&ssl=1","datePublished":"2015-04-08T17:58:44+00:00","dateModified":"2023-05-23T08:21:16+00:00","breadcrumb":{"@id":"https:\/\/neos-music.com\/product\/rene-wohlhauser-mania-piano-works\/#breadcrumb"},"inLanguage":"en-US","potentialAction":[{"@type":"ReadAction","target":["https:\/\/neos-music.com\/product\/rene-wohlhauser-mania-piano-works\/"]}]},{"@type":"ImageObject","inLanguage":"en-US","@id":"https:\/\/neos-music.com\/product\/rene-wohlhauser-mania-piano-works\/#primaryimage","url":"https:\/\/i0.wp.com\/neos-music.com\/wp-content\/uploads\/2022\/11\/NEOS_11416_Wohlhauser.jpeg?fit=1647%2C1483&ssl=1","contentUrl":"https:\/\/i0.wp.com\/neos-music.com\/wp-content\/uploads\/2022\/11\/NEOS_11416_Wohlhauser.jpeg?fit=1647%2C1483&ssl=1","width":1647,"height":1483},{"@type":"BreadcrumbList","@id":"https:\/\/neos-music.com\/product\/rene-wohlhauser-mania-piano-works\/#breadcrumb","itemListElement":[{"@type":"ListItem","position":1,"name":"Startseite","item":"https:\/\/neos-music.com\/"},{"@type":"ListItem","position":2,"name":"Produkte","item":"https:\/\/neos-music.com\/shop__trashed\/"},{"@type":"ListItem","position":3,"name":"Ren\u00e9 Wohlhauser: Man\u00eda &#8211; Piano Works"}]},{"@type":"WebSite","@id":"https:\/\/neos-music.com\/#website","url":"https:\/\/neos-music.com\/","name":"NEOS Music","description":"Dein Online Shop f\u00fcr zeitgen\u00f6ssische Musik, Jazz und Classics!","publisher":{"@id":"https:\/\/neos-music.com\/#organization"},"potentialAction":[{"@type":"SearchAction","target":{"@type":"EntryPoint","urlTemplate":"https:\/\/neos-music.com\/?s={search_term_string}"},"query-input":{"@type":"PropertyValueSpecification","valueRequired":true,"valueName":"search_term_string"}}],"inLanguage":"en-US"},{"@type":"Organization","@id":"https:\/\/neos-music.com\/#organization","name":"NEOS Music","url":"https:\/\/neos-music.com\/","logo":{"@type":"ImageObject","inLanguage":"en-US","@id":"https:\/\/neos-music.com\/#\/schema\/logo\/image\/","url":"https:\/\/i0.wp.com\/neos-music.com\/wp-content\/uploads\/2025\/08\/NEOS-Logo-weiss.png?fit=800%2C203&ssl=1","contentUrl":"https:\/\/i0.wp.com\/neos-music.com\/wp-content\/uploads\/2025\/08\/NEOS-Logo-weiss.png?fit=800%2C203&ssl=1","width":800,"height":203,"caption":"NEOS Music"},"image":{"@id":"https:\/\/neos-music.com\/#\/schema\/logo\/image\/"}}]}},"jetpack_sharing_enabled":true,"_links":{"self":[{"href":"https:\/\/neos-music.com\/en_us\/wp-json\/wp\/v2\/product\/2845","targetHints":{"allow":["GET"]}}],"collection":[{"href":"https:\/\/neos-music.com\/en_us\/wp-json\/wp\/v2\/product"}],"about":[{"href":"https:\/\/neos-music.com\/en_us\/wp-json\/wp\/v2\/types\/product"}],"version-history":[{"count":0,"href":"https:\/\/neos-music.com\/en_us\/wp-json\/wp\/v2\/product\/2845\/revisions"}],"wp:featuredmedia":[{"embeddable":true,"href":"https:\/\/neos-music.com\/en_us\/wp-json\/wp\/v2\/media\/2846"}],"wp:attachment":[{"href":"https:\/\/neos-music.com\/en_us\/wp-json\/wp\/v2\/media?parent=2845"}],"wp:term":[{"taxonomy":"product_brand","embeddable":true,"href":"https:\/\/neos-music.com\/en_us\/wp-json\/wp\/v2\/product_brand?post=2845"},{"taxonomy":"product_cat","embeddable":true,"href":"https:\/\/neos-music.com\/en_us\/wp-json\/wp\/v2\/product_cat?post=2845"},{"taxonomy":"product_tag","embeddable":true,"href":"https:\/\/neos-music.com\/en_us\/wp-json\/wp\/v2\/product_tag?post=2845"}],"curies":[{"name":"wp","href":"https:\/\/api.w.org\/{rel}","templated":true}]}}