{"id":2872,"date":"2014-09-25T18:52:16","date_gmt":"2014-09-25T18:52:16","guid":{"rendered":"https:\/\/neos-music.com\/?post_type=product&#038;p=2872"},"modified":"2022-11-20T10:19:42","modified_gmt":"2022-11-20T10:19:42","slug":"jean-pierre-leguay-etoile-trio-azur","status":"publish","type":"product","link":"https:\/\/neos-music.com\/en_us\/product\/jean-pierre-leguay-etoile-trio-azur\/","title":{"rendered":"Jean-Pierre Leguay: \u00c9toil\u00e9 &#8211; Trio &#8211; Azur"},"content":{"rendered":"<p>Infotext:<\/p>\n<table border=\"0\" width=\"100%\" rules=\"none\" cellspacing=\"0\" cellpadding=\"0\">\n<tbody>\n<tr>\n<td class=\"bigcontent2\">\n<div id=\"infotext\">\n<p>Drei Werke, drei Welten, drei Reisen: Sie gleichen sich in ihrer Dimension, ihrer Dichte, ihren verschlungenen Wegen und dem allen dreien gemeinsamen Drang zu Taten und Kontemplation. Sie wurzeln in ihrem Bed\u00fcrfnis nach Raum, nach Dauer, im Aufruf zu einer weiten Reise, einer Suche, einer Eroberung.<\/p>\n<p>Beim H\u00f6ren k\u00f6nnte man sie sich also als ein gro\u00dfes Triptychon vorstellen. Jedoch unterstreichen die idiomatischen Besetzungen und spezifischen Kompositionsprinzipien zugleich die Unverwechselbarkeit von jeder der drei Herangehensweisen.<\/p>\n<p>Alle drei Werke geh\u00f6ren \u2013 genau wie\u00a0<i>Le matin s\u00fbrement va venir<\/i>\u00a0(f\u00fcr Ondes Martenot, Klavier und Percussion), Souffle (14 Instrumentalisten),\u00a0<i>Aube<\/i>\u00a0(Orgel und Kammerorchester) \u2013 zu einem Korpus gro\u00dfformatiger Kompositionen, ohne Einzels\u00e4tze, daf\u00fcr in einem einzigen gro\u00dfen Flug mit vielf\u00e4ltigen Windungen komponiert.<\/p>\n<p><b>\u00c9toil\u00e9<br \/>\n<\/b>f\u00fcr Cembalo oder Orgelpositiv und f\u00fcnf Instrumentalisten: Fl\u00f6te und Piccolofl\u00f6te, Oboe und Englischhorn, Klarinette in B und Bassklarinette in B, Violine und Violoncello (1981)<br \/>\n<i>Auftragswerk von Radio France f\u00fcr das Festival in Avignon 1984<\/i><\/p>\n<p>In der Besetzung seiner Instrumente steht dieses konzertante Werk Manuel de Fallas\u00a0<i>Concerto<\/i>\u00a0sehr nahe: komponiert f\u00fcr Cembalo und f\u00fcnf Instrumente \u2013 Querfl\u00f6te, Oboe, Klarinette, Violine und Violoncello. Hier jedoch kommen, ohne dass es weiterer Spieler bed\u00fcrfte, auch Piccolofl\u00f6te, Englischhorn und Bassklarinette zum Einsatz. Dieses vergr\u00f6\u00dferte Instrumentarium vervielfacht gleicherma\u00dfen den Gesamtambitus, die extremen Lagen, die dynamischen Kontraste und die Palette an Klangfarben. Das Tasteninstrument (Cembalo oder Orgel), dessen Eigent\u00fcmlichkeiten in die Komposition integriert wurden, f\u00fcllt seine solistische Rolle voll und ganz aus. Mal zieht es sich zur\u00fcck, mal integriert es sich in die Gruppe der \u00fcbrigen Instrumente, deren acht Bestandteile sich nacheinander und auf immer unterschiedliche Art und Weise auf f\u00fcnf gro\u00dfe Phasen aufteilen, die eine lange schillernde Bahn markieren, mal \u00fcppig, mal leichtf\u00fc\u00dfig, mit zwei Kadenzen f\u00fcr ein Solo-Instrument: zun\u00e4chst die Violine, sp\u00e4ter das Tasteninstrument.<\/p>\n<p>Die Struktur von\u00a0<i>\u00c9toil\u00e9<\/i>\u00a0ist bereits in den beiden ersten Takten angelegt. Diese Quelle generiert im Folgenden ein regelrechtes Netzwerk an Keimungen, Sprossungen und Verzweigungen. Mitunter verdr\u00e4ngt der ein oder andere Trieb die \u00fcbrigen, weil er \u2013 reicher an Potential \u2013 selbst neue Strukturen hervorbringt und so fort.<\/p>\n<p>Wie bei mehreren meiner Werke (<i>Flamme<\/i>,\u00a0<i>S\u00e8ve<\/i>,\u00a0<i>Souffle<\/i>,\u00a0<i>Azur<\/i>, usw.), handelt es sich auch hier um einen Symbol-Namen:\u00a0<i>\u00e9toil\u00e9<\/i>, funkelnd wie der sternen\u00fcbers\u00e4te Himmel, schillernd wie das Leben.<\/p>\n<p><b>Trio<br \/>\n<\/b>f\u00fcr Violine, Viola und Violoncello (1978\u20131979)<br \/>\n<i>Urauff\u00fchrung am 20. Juli 1984 durch das Trio \u00e0 Cordes de Paris, im Rahmen des 19e Festival Estival de Paris<\/i><\/p>\n<p>Die Grundachsen meines\u00a0<i>Trios<\/i>\u00a0habe ich von einer Skulptur meines Freundes Paul Bialais \u00fcbernommen, der sie wie folgt beschrieben hat: \u00bbEs handelt sich um ein Ensemble aus drei vertikalen Eichenbl\u00f6cken, welche verschieden hoch und dreiecksf\u00f6rmig angeordnet sind. Das Kompositionsverfahren ist f\u00fcr alle drei das gleiche und wird durch das Spiel von Ebenen und K\u00f6rpern auf jeweils andere Art und Weise gel\u00f6st. Dies erlaubt es, jedes der Elemente einzeln \u2013 in der Vertikalen \u2013 zu lesen, aber zahllose diagonale Bewegungsmomente reizen auch zu einer Betrachtung in schr\u00e4ger Perspektive, bei der die drei Teile zu einem Ganzen verschmelzen.\u00ab<\/p>\n<p>Von dieser Struktur inspiriert, setze ich drei Parcours in Szene, von denen jeder ein ihm eigenes Ausgangsmaterial weiterentwickelt. Diese vielgestaltigen Parcours sind ineinander verschr\u00e4nkt; man gelangt auf unerwartet variable Weise von einem zum anderen. Zudem sind sie in verschieden lange Segmente unterteilt, wobei jedes Segment jeweils von einem Segment aus einem der beiden anderen Parcours gefolgt wird.<\/p>\n<p>Der rhapsodische Dialog dieser abrupten Wechsel wird aufgelockert durch h\u00e4ufiges und mitunter ausgedehntes Atemholen, gewisserma\u00dfen differenzierten Zeichensetzungen. Einer gr\u00f6\u00dferen Geschmeidigkeit zuliebe tauchen sie eher w\u00e4hrend eines Segments als an deren Ende auf.<\/p>\n<p>Mir ging es nicht darum, die Eigent\u00fcmlichkeit jedes Instruments hervorzuheben. Vielmehr habe ich mich auf ihre verwandtschaftlichen Beziehungen konzentriert, auf ihre klanglichen \u00c4hnlichkeiten, auf die Art von Askese, die aus diesem gro\u00dfen zw\u00f6lfsaitige Korpus resultiert, eine Askese, die das krasse Gegenteil zu jener Vielfarbigkeit ist, mit der uns orchestralere Besetzungen auf Anhieb\u00a0 schmeicheln.<\/p>\n<p><b>Azur<\/b><br \/>\nf\u00fcr Klavier (1990\u20131991)<br \/>\n<i>Auftragskomposition des franz\u00f6sischen Staates<br \/>\nUrauff\u00fchrung am 21. Januar 1993 im Th\u00e9\u00e2tre des Feuillants in Dijon<\/i><\/p>\n<p>Ich liebe das Klavier. Ganz besonders liebe ich seine vielf\u00e4ltigen Stimmen, die kraftvoll sind wie der Geschmack des Lebenssaftes in den B\u00e4umen: die Stimmen des kaiserlichen Tribuns, des Aufloderns, des Dahinpl\u00e4tscherns, der flie\u00dfenden Bewegung, des Erschauderns, der Z\u00e4rtlichkeit, der Vielfarbigkeit, der Resonanz, der \u00e4u\u00dfersten Zerbrechlichkeit.<\/p>\n<p>Mit seiner anf\u00e4nglichen Beschw\u00f6rung ist\u00a0<i>Azur<\/i>\u00a0ein langer wechselvoller Gesang; eine Odyssee, welche nach und nach eine Vielfalt von Glockenkl\u00e4ngen, von fl\u00fcchtigen oder entschiedenen Aufbr\u00fcchen, von ruhigen oder feuerwerksm\u00e4\u00dfigen Klangmassen, von m\u00e4chtigen Gesten, kurzen Momenten, episodischen Reliefs, von Verst\u00e4rkungen, Wiederholungen, Momenten des Atemholens, des Innehaltens, von wiederkehrenden Klangelementen, die entweder ausgetauscht werden oder \u2013 im Gegenteil \u2013 weiterentwickelt werden, von ganzen Passagen, die untermauert werden von einem unerm\u00fcdlichen Grundimpuls, von h\u00f6renden, von and\u00e4chtigen Momenten.<\/p>\n<p>Ich hatte mir dabei eine pianistische Schreibweise vorgestellt, die klar, klangvoll, geradeheraus, voranschreitend, jubilierend, manchmal fast schon gef\u00fchllos sein sollte.<\/p>\n<p>Die letzten Glockenkl\u00e4nge, in welche die am meisten reduzierte Seite der Partitur gipfelt, sind vielleicht ein Ruf\u00a0<i>der<\/i>\u00a0Stille, sind ein Aufruf\u00a0<i>zur<\/i>\u00a0Stille.<\/p>\n<p><i>Azur<\/i>\u00a0ist meinem Freund Dominique Merlet gewidmet, dessen Bescheidenheit und dessen gr\u00fcndliches, fruchtbares Denken ich bewundere.<\/p>\n<p>Jean-Pierre Leguay<\/p>\n<\/div>\n<\/td>\n<td><\/td>\n<\/tr>\n<\/tbody>\n<\/table>\n<p>Programm:<\/p>\n<p>[01]\u00a0<b>\u00c9toil\u00e9<\/b>\u00a0for harpsichord and five instrumentalists (1981)\u00a0<b>20:14<\/b><\/p>\n<p>Ir\u00e8ne Assayag, harpsichord<br \/>\nYuki Manuela Janke, violin*<br \/>\nMario Blaumer, violoncello*<br \/>\nJanine Neugebauer, clarinet &amp; bass clarinet*<br \/>\nVilmantas Kaliunas, oboe &amp; English horn*<br \/>\nBritta Jacobs, flute &amp; piccolo*<br \/>\nJoachim Fontaine, conductor<\/p>\n<p><i>*Members of Deutsche Radiophilharmonie Saarbr\u00fccken\/Kaiserslautern<\/i><\/p>\n<p>[02]\u00a0<b>Trio<\/b>\u00a0for violin, viola and violoncello (1978\u20131991) 25:09<\/p>\n<p>Xiangzi Cao, violin<br \/>\nBenjamin Rivinius, viola<br \/>\nMario Blaumer, violoncello<\/p>\n<p>[03]\u00a0<b>Azur<\/b>\u00a0for piano (1990\u20131991) 22:48<br \/>\n<i>Live recording of the recital on 12 May 1993, Gaveau, Paris<\/i><\/p>\n<p>Dominique Merlet, piano<\/p>\n<p>total time: 68:25<\/p>\n","protected":false},"excerpt":{"rendered":"<p>Infotext: Drei Werke, drei Welten, drei Reisen: Sie gleichen sich in ihrer Dimension, ihrer Dichte, ihren verschlungenen Wegen und dem allen dreien gemeinsamen Drang zu Taten und Kontemplation. Sie wurzeln in ihrem Bed\u00fcrfnis nach Raum, nach Dauer, im Aufruf zu einer weiten Reise, einer Suche, einer Eroberung. Beim H\u00f6ren k\u00f6nnte man sie sich also als [&hellip;]<\/p>\n","protected":false},"featured_media":2873,"template":"","meta":{"site-sidebar-layout":"default","site-content-layout":"default","ast-site-content-layout":"default","site-content-style":"default","site-sidebar-style":"default","ast-global-header-display":"","ast-banner-title-visibility":"","ast-main-header-display":"","ast-hfb-above-header-display":"","ast-hfb-below-header-display":"","ast-hfb-mobile-header-display":"","site-post-title":"","ast-breadcrumbs-content":"","ast-featured-img":"","footer-sml-layout":"","theme-transparent-header-meta":"default","adv-header-id-meta":"","stick-header-meta":"","header-above-stick-meta":"","header-main-stick-meta":"","header-below-stick-meta":"","astra-migrate-meta-layouts":"default","ast-page-background-enabled":"default","ast-page-background-meta":{"desktop":{"background-color":"","background-image":"","background-repeat":"repeat","background-position":"center center","background-size":"auto","background-attachment":"scroll","background-type":"","background-media":"","overlay-type":"","overlay-color":"","overlay-opacity":"","overlay-gradient":""},"tablet":{"background-color":"","background-image":"","background-repeat":"repeat","background-position":"center center","background-size":"auto","background-attachment":"scroll","background-type":"","background-media":"","overlay-type":"","overlay-color":"","overlay-opacity":"","overlay-gradient":""},"mobile":{"background-color":"","background-image":"","background-repeat":"repeat","background-position":"center center","background-size":"auto","background-attachment":"scroll","background-type":"","background-media":"","overlay-type":"","overlay-color":"","overlay-opacity":"","overlay-gradient":""}},"ast-content-background-meta":{"desktop":{"background-color":"var(--ast-global-color-5)","background-image":"","background-repeat":"repeat","background-position":"center center","background-size":"auto","background-attachment":"scroll","background-type":"","background-media":"","overlay-type":"","overlay-color":"","overlay-opacity":"","overlay-gradient":""},"tablet":{"background-color":"var(--ast-global-color-5)","background-image":"","background-repeat":"repeat","background-position":"center center","background-size":"auto","background-attachment":"scroll","background-type":"","background-media":"","overlay-type":"","overlay-color":"","overlay-opacity":"","overlay-gradient":""},"mobile":{"background-color":"var(--ast-global-color-5)","background-image":"","background-repeat":"repeat","background-position":"center center","background-size":"auto","background-attachment":"scroll","background-type":"","background-media":"","overlay-type":"","overlay-color":"","overlay-opacity":"","overlay-gradient":""}}},"product_brand":[],"product_cat":[26],"product_tag":[],"class_list":{"0":"post-2872","1":"product","2":"type-product","3":"status-publish","4":"has-post-thumbnail","6":"product_cat-zeitgenossische-musik","7":"pa_artikelnummer-neos-11415","8":"pa_brand-neos-music","9":"pa_ean-428","10":"desktop-align-left","11":"tablet-align-left","12":"mobile-align-left","14":"first","15":"instock","16":"taxable","17":"shipping-taxable","18":"purchasable","19":"product-type-simple"},"yoast_head":"<!-- This site is optimized with the Yoast SEO plugin v27.4 - https:\/\/yoast.com\/product\/yoast-seo-wordpress\/ -->\n<title>Jean-Pierre Leguay: \u00c9toil\u00e9 - Trio - Azur - NEOS Music<\/title>\n<meta name=\"robots\" content=\"index, follow, max-snippet:-1, max-image-preview:large, max-video-preview:-1\" \/>\n<link rel=\"canonical\" href=\"https:\/\/neos-music.com\/en_us\/product\/jean-pierre-leguay-etoile-trio-azur\/\" \/>\n<meta property=\"og:locale\" content=\"en_US\" \/>\n<meta property=\"og:type\" content=\"article\" \/>\n<meta property=\"og:title\" content=\"Jean-Pierre Leguay: \u00c9toil\u00e9 - Trio - Azur - NEOS Music\" \/>\n<meta property=\"og:description\" content=\"Infotext: Drei Werke, drei Welten, drei Reisen: Sie gleichen sich in ihrer Dimension, ihrer Dichte, ihren verschlungenen Wegen und dem allen dreien gemeinsamen Drang zu Taten und Kontemplation. Sie wurzeln in ihrem Bed\u00fcrfnis nach Raum, nach Dauer, im Aufruf zu einer weiten Reise, einer Suche, einer Eroberung. Beim H\u00f6ren k\u00f6nnte man sie sich also als [&hellip;]\" \/>\n<meta property=\"og:url\" content=\"https:\/\/neos-music.com\/en_us\/product\/jean-pierre-leguay-etoile-trio-azur\/\" \/>\n<meta property=\"og:site_name\" content=\"NEOS Music\" \/>\n<meta property=\"article:modified_time\" content=\"2022-11-20T10:19:42+00:00\" \/>\n<meta property=\"og:image\" content=\"https:\/\/neos-music.com\/wp-content\/uploads\/2022\/11\/NEOS_11415_Leguay.jpeg\" \/>\n\t<meta property=\"og:image:width\" content=\"1649\" \/>\n\t<meta property=\"og:image:height\" content=\"1484\" \/>\n\t<meta property=\"og:image:type\" content=\"image\/jpeg\" \/>\n<meta name=\"twitter:card\" content=\"summary_large_image\" \/>\n<meta name=\"twitter:label1\" content=\"Est. reading time\" \/>\n\t<meta name=\"twitter:data1\" content=\"5 minutes\" \/>\n<script type=\"application\/ld+json\" class=\"yoast-schema-graph\">{\"@context\":\"https:\\\/\\\/schema.org\",\"@graph\":[{\"@type\":\"WebPage\",\"@id\":\"https:\\\/\\\/neos-music.com\\\/product\\\/jean-pierre-leguay-etoile-trio-azur\\\/\",\"url\":\"https:\\\/\\\/neos-music.com\\\/product\\\/jean-pierre-leguay-etoile-trio-azur\\\/\",\"name\":\"Jean-Pierre Leguay: \u00c9toil\u00e9 - Trio - Azur - NEOS Music\",\"isPartOf\":{\"@id\":\"https:\\\/\\\/neos-music.com\\\/#website\"},\"primaryImageOfPage\":{\"@id\":\"https:\\\/\\\/neos-music.com\\\/product\\\/jean-pierre-leguay-etoile-trio-azur\\\/#primaryimage\"},\"image\":{\"@id\":\"https:\\\/\\\/neos-music.com\\\/product\\\/jean-pierre-leguay-etoile-trio-azur\\\/#primaryimage\"},\"thumbnailUrl\":\"https:\\\/\\\/i0.wp.com\\\/neos-music.com\\\/wp-content\\\/uploads\\\/2022\\\/11\\\/NEOS_11415_Leguay.jpeg?fit=1649%2C1484&ssl=1\",\"datePublished\":\"2014-09-25T18:52:16+00:00\",\"dateModified\":\"2022-11-20T10:19:42+00:00\",\"breadcrumb\":{\"@id\":\"https:\\\/\\\/neos-music.com\\\/product\\\/jean-pierre-leguay-etoile-trio-azur\\\/#breadcrumb\"},\"inLanguage\":\"en-US\",\"potentialAction\":[{\"@type\":\"ReadAction\",\"target\":[\"https:\\\/\\\/neos-music.com\\\/product\\\/jean-pierre-leguay-etoile-trio-azur\\\/\"]}]},{\"@type\":\"ImageObject\",\"inLanguage\":\"en-US\",\"@id\":\"https:\\\/\\\/neos-music.com\\\/product\\\/jean-pierre-leguay-etoile-trio-azur\\\/#primaryimage\",\"url\":\"https:\\\/\\\/i0.wp.com\\\/neos-music.com\\\/wp-content\\\/uploads\\\/2022\\\/11\\\/NEOS_11415_Leguay.jpeg?fit=1649%2C1484&ssl=1\",\"contentUrl\":\"https:\\\/\\\/i0.wp.com\\\/neos-music.com\\\/wp-content\\\/uploads\\\/2022\\\/11\\\/NEOS_11415_Leguay.jpeg?fit=1649%2C1484&ssl=1\",\"width\":1649,\"height\":1484},{\"@type\":\"BreadcrumbList\",\"@id\":\"https:\\\/\\\/neos-music.com\\\/product\\\/jean-pierre-leguay-etoile-trio-azur\\\/#breadcrumb\",\"itemListElement\":[{\"@type\":\"ListItem\",\"position\":1,\"name\":\"Startseite\",\"item\":\"https:\\\/\\\/neos-music.com\\\/\"},{\"@type\":\"ListItem\",\"position\":2,\"name\":\"Produkte\",\"item\":\"https:\\\/\\\/neos-music.com\\\/shop__trashed\\\/\"},{\"@type\":\"ListItem\",\"position\":3,\"name\":\"Jean-Pierre Leguay: \u00c9toil\u00e9 &#8211; Trio &#8211; Azur\"}]},{\"@type\":\"WebSite\",\"@id\":\"https:\\\/\\\/neos-music.com\\\/#website\",\"url\":\"https:\\\/\\\/neos-music.com\\\/\",\"name\":\"NEOS Music\",\"description\":\"Dein Online Shop f\u00fcr zeitgen\u00f6ssische Musik, Jazz und Classics!\",\"publisher\":{\"@id\":\"https:\\\/\\\/neos-music.com\\\/#organization\"},\"potentialAction\":[{\"@type\":\"SearchAction\",\"target\":{\"@type\":\"EntryPoint\",\"urlTemplate\":\"https:\\\/\\\/neos-music.com\\\/?s={search_term_string}\"},\"query-input\":{\"@type\":\"PropertyValueSpecification\",\"valueRequired\":true,\"valueName\":\"search_term_string\"}}],\"inLanguage\":\"en-US\"},{\"@type\":\"Organization\",\"@id\":\"https:\\\/\\\/neos-music.com\\\/#organization\",\"name\":\"NEOS Music\",\"url\":\"https:\\\/\\\/neos-music.com\\\/\",\"logo\":{\"@type\":\"ImageObject\",\"inLanguage\":\"en-US\",\"@id\":\"https:\\\/\\\/neos-music.com\\\/#\\\/schema\\\/logo\\\/image\\\/\",\"url\":\"https:\\\/\\\/i0.wp.com\\\/neos-music.com\\\/wp-content\\\/uploads\\\/2025\\\/08\\\/NEOS-Logo-weiss.png?fit=800%2C203&ssl=1\",\"contentUrl\":\"https:\\\/\\\/i0.wp.com\\\/neos-music.com\\\/wp-content\\\/uploads\\\/2025\\\/08\\\/NEOS-Logo-weiss.png?fit=800%2C203&ssl=1\",\"width\":800,\"height\":203,\"caption\":\"NEOS Music\"},\"image\":{\"@id\":\"https:\\\/\\\/neos-music.com\\\/#\\\/schema\\\/logo\\\/image\\\/\"}}]}<\/script>\n<!-- \/ Yoast SEO plugin. -->","yoast_head_json":{"title":"Jean-Pierre Leguay: \u00c9toil\u00e9 - Trio - Azur - NEOS Music","robots":{"index":"index","follow":"follow","max-snippet":"max-snippet:-1","max-image-preview":"max-image-preview:large","max-video-preview":"max-video-preview:-1"},"canonical":"https:\/\/neos-music.com\/en_us\/product\/jean-pierre-leguay-etoile-trio-azur\/","og_locale":"en_US","og_type":"article","og_title":"Jean-Pierre Leguay: \u00c9toil\u00e9 - Trio - Azur - NEOS Music","og_description":"Infotext: Drei Werke, drei Welten, drei Reisen: Sie gleichen sich in ihrer Dimension, ihrer Dichte, ihren verschlungenen Wegen und dem allen dreien gemeinsamen Drang zu Taten und Kontemplation. Sie wurzeln in ihrem Bed\u00fcrfnis nach Raum, nach Dauer, im Aufruf zu einer weiten Reise, einer Suche, einer Eroberung. Beim H\u00f6ren k\u00f6nnte man sie sich also als [&hellip;]","og_url":"https:\/\/neos-music.com\/en_us\/product\/jean-pierre-leguay-etoile-trio-azur\/","og_site_name":"NEOS Music","article_modified_time":"2022-11-20T10:19:42+00:00","og_image":[{"width":1649,"height":1484,"url":"https:\/\/neos-music.com\/wp-content\/uploads\/2022\/11\/NEOS_11415_Leguay.jpeg","type":"image\/jpeg"}],"twitter_card":"summary_large_image","twitter_misc":{"Est. reading time":"5 minutes"},"schema":{"@context":"https:\/\/schema.org","@graph":[{"@type":"WebPage","@id":"https:\/\/neos-music.com\/product\/jean-pierre-leguay-etoile-trio-azur\/","url":"https:\/\/neos-music.com\/product\/jean-pierre-leguay-etoile-trio-azur\/","name":"Jean-Pierre Leguay: \u00c9toil\u00e9 - Trio - Azur - NEOS Music","isPartOf":{"@id":"https:\/\/neos-music.com\/#website"},"primaryImageOfPage":{"@id":"https:\/\/neos-music.com\/product\/jean-pierre-leguay-etoile-trio-azur\/#primaryimage"},"image":{"@id":"https:\/\/neos-music.com\/product\/jean-pierre-leguay-etoile-trio-azur\/#primaryimage"},"thumbnailUrl":"https:\/\/i0.wp.com\/neos-music.com\/wp-content\/uploads\/2022\/11\/NEOS_11415_Leguay.jpeg?fit=1649%2C1484&ssl=1","datePublished":"2014-09-25T18:52:16+00:00","dateModified":"2022-11-20T10:19:42+00:00","breadcrumb":{"@id":"https:\/\/neos-music.com\/product\/jean-pierre-leguay-etoile-trio-azur\/#breadcrumb"},"inLanguage":"en-US","potentialAction":[{"@type":"ReadAction","target":["https:\/\/neos-music.com\/product\/jean-pierre-leguay-etoile-trio-azur\/"]}]},{"@type":"ImageObject","inLanguage":"en-US","@id":"https:\/\/neos-music.com\/product\/jean-pierre-leguay-etoile-trio-azur\/#primaryimage","url":"https:\/\/i0.wp.com\/neos-music.com\/wp-content\/uploads\/2022\/11\/NEOS_11415_Leguay.jpeg?fit=1649%2C1484&ssl=1","contentUrl":"https:\/\/i0.wp.com\/neos-music.com\/wp-content\/uploads\/2022\/11\/NEOS_11415_Leguay.jpeg?fit=1649%2C1484&ssl=1","width":1649,"height":1484},{"@type":"BreadcrumbList","@id":"https:\/\/neos-music.com\/product\/jean-pierre-leguay-etoile-trio-azur\/#breadcrumb","itemListElement":[{"@type":"ListItem","position":1,"name":"Startseite","item":"https:\/\/neos-music.com\/"},{"@type":"ListItem","position":2,"name":"Produkte","item":"https:\/\/neos-music.com\/shop__trashed\/"},{"@type":"ListItem","position":3,"name":"Jean-Pierre Leguay: \u00c9toil\u00e9 &#8211; Trio &#8211; Azur"}]},{"@type":"WebSite","@id":"https:\/\/neos-music.com\/#website","url":"https:\/\/neos-music.com\/","name":"NEOS Music","description":"Dein Online Shop f\u00fcr zeitgen\u00f6ssische Musik, Jazz und Classics!","publisher":{"@id":"https:\/\/neos-music.com\/#organization"},"potentialAction":[{"@type":"SearchAction","target":{"@type":"EntryPoint","urlTemplate":"https:\/\/neos-music.com\/?s={search_term_string}"},"query-input":{"@type":"PropertyValueSpecification","valueRequired":true,"valueName":"search_term_string"}}],"inLanguage":"en-US"},{"@type":"Organization","@id":"https:\/\/neos-music.com\/#organization","name":"NEOS Music","url":"https:\/\/neos-music.com\/","logo":{"@type":"ImageObject","inLanguage":"en-US","@id":"https:\/\/neos-music.com\/#\/schema\/logo\/image\/","url":"https:\/\/i0.wp.com\/neos-music.com\/wp-content\/uploads\/2025\/08\/NEOS-Logo-weiss.png?fit=800%2C203&ssl=1","contentUrl":"https:\/\/i0.wp.com\/neos-music.com\/wp-content\/uploads\/2025\/08\/NEOS-Logo-weiss.png?fit=800%2C203&ssl=1","width":800,"height":203,"caption":"NEOS Music"},"image":{"@id":"https:\/\/neos-music.com\/#\/schema\/logo\/image\/"}}]}},"jetpack_sharing_enabled":true,"_links":{"self":[{"href":"https:\/\/neos-music.com\/en_us\/wp-json\/wp\/v2\/product\/2872","targetHints":{"allow":["GET"]}}],"collection":[{"href":"https:\/\/neos-music.com\/en_us\/wp-json\/wp\/v2\/product"}],"about":[{"href":"https:\/\/neos-music.com\/en_us\/wp-json\/wp\/v2\/types\/product"}],"version-history":[{"count":0,"href":"https:\/\/neos-music.com\/en_us\/wp-json\/wp\/v2\/product\/2872\/revisions"}],"wp:featuredmedia":[{"embeddable":true,"href":"https:\/\/neos-music.com\/en_us\/wp-json\/wp\/v2\/media\/2873"}],"wp:attachment":[{"href":"https:\/\/neos-music.com\/en_us\/wp-json\/wp\/v2\/media?parent=2872"}],"wp:term":[{"taxonomy":"product_brand","embeddable":true,"href":"https:\/\/neos-music.com\/en_us\/wp-json\/wp\/v2\/product_brand?post=2872"},{"taxonomy":"product_cat","embeddable":true,"href":"https:\/\/neos-music.com\/en_us\/wp-json\/wp\/v2\/product_cat?post=2872"},{"taxonomy":"product_tag","embeddable":true,"href":"https:\/\/neos-music.com\/en_us\/wp-json\/wp\/v2\/product_tag?post=2872"}],"curies":[{"name":"wp","href":"https:\/\/api.w.org\/{rel}","templated":true}]}}