{"id":2882,"date":"2014-04-25T19:19:47","date_gmt":"2014-04-25T19:19:47","guid":{"rendered":"https:\/\/neos-music.com\/?post_type=product&#038;p=2882"},"modified":"2023-05-23T14:27:52","modified_gmt":"2023-05-23T14:27:52","slug":"laurie-altman-arnold-schoenberg-erich-korngold-divergence","status":"publish","type":"product","link":"https:\/\/neos-music.com\/en_us\/product\/laurie-altman-arnold-schoenberg-erich-korngold-divergence\/","title":{"rendered":"Laurie Altman, Arnold Sch\u00f6nberg, Erich Korngold: Divergence"},"content":{"rendered":"<p>Programm:<\/p>\n<table border=\"0\" width=\"100%\" rules=\"none\" cellspacing=\"0\" cellpadding=\"0\">\n<tbody>\n<tr>\n<td class=\"bigcontent2\">\n<div id=\"tracks\">\n<p><b>DIVERGENCE<\/b><\/p>\n<p><b><a class=\"arcoma_glossarylink\" href=\"https:\/\/neos-music.com\/output.php?content=Kuenstler\/Altman_Laurie.php&amp;treplace=english%2Cgerman\" target=\"_self\" rel=\"noopener\">Laurie Altman<\/a><\/b>\u00a0(*1944)<\/p>\n<p>[01]\u00a0<b>Come Dance With Me<\/b>\u00a0Septet Version (2006\/2013) 07:07<br \/>\nfor string quartet, piano, clarinet and vibraphone<\/p>\n<p>Kirill Kobantschenko &amp; Bernie Mallinger, violin<br \/>\nAurore Cany, viola \u00b7 Florian Eggner, cello<br \/>\nFlip Philipp, vibraphone \u00b7 Christoph Zimper, clarinet<br \/>\nChristoph Eggner, piano<\/p>\n<p><b>3 for Duke<\/b>\u00a0for string quartet (2011) 12:48<br \/>\n[02]\u00a0<b>I Sophisticated Lady<\/b>\u00a004:36<br \/>\n[03]\u00a0<b>II Mood Indigo<\/b>\u00a003:25<br \/>\n[04]\u00a0<b>III It Don\u2019t Mean a Thing<\/b>\u00a004:46<\/p>\n<p>Kirill Kobantschenko &amp; Bernie Mallinger, violin<br \/>\nAurore Cany, viola \u00b7 Florian Eggner, cello<\/p>\n<p>[05]\u00a0<b>In a Time of War<\/b>\u00a0for string quartet (2009) 03:42<\/p>\n<p>Kirill Kobantschenko &amp; Bernie Mallinger, violin<br \/>\nAurore Cany, viola \u00b7 Florian Eggner, cello<\/p>\n<p>[06]\u00a0<b>De la Gastronomie<\/b>\u00a0(2013) 03:12<br \/>\nfor string quartet, narrator, piano, clarinet and vibraphone<\/p>\n<p>Kirill Kobantschenko &amp; Bernie Mallinger, violin<br \/>\nAurore Cany, viola\u2009\/narrator \u00b7 Florian Eggner, cello<br \/>\nFlip Philipp, vibraphone \u00b7 Christoph Zimper, clarinet<br \/>\nChristoph Eggner, piano<\/p>\n<p><b>Fantasy on Sch\u00f6nberg\u2019s Op. 19<\/b>\u00a0for string quartet (2012) 09:30<br \/>\n[07]\u00a0<b>I<\/b>\u00a001:52<br \/>\n[08]\u00a0<b>II<\/b>\u00a000:54<br \/>\n[09]\u00a0<b>III<\/b>\u00a002:34<br \/>\n[10]\u00a0<b>IV<\/b>\u00a001:17<br \/>\n[11]\u00a0<b>V<\/b>\u00a000:58<br \/>\n[12]\u00a0<b>VI<\/b>\u00a001:50<\/p>\n<p>Kirill Kobantschenko &amp; Bernie Mallinger, violin<br \/>\nAurore Cany, viola \u00b7 Florian Eggner, cello<\/p>\n<p><b>Arnold Sch\u00f6nberg<\/b>\u00a0(1874\u20131951)<\/p>\n<p><b>Six Little Piano Pieces, Op. 19<\/b>\u00a0(1911) 06:53<br \/>\n[13]\u00a0<b>I Leicht, zart<\/b>\u00a001:44<br \/>\n[14]\u00a0<b>II Langsam<\/b>\u00a001:21<br \/>\n[15]\u00a0<b>III Sehr langsam<\/b>\u00a001:12<br \/>\n[16]\u00a0<b>IV Rasch, aber leicht<\/b>\u00a000:26<br \/>\n[17]\u00a0<b>V Etwas rasch<\/b>\u00a000:43<br \/>\n[18]\u00a0<b>VI Sehr langsam<\/b>\u00a001:16<\/p>\n<p>Christoph Eggner, piano<\/p>\n<p><b>Erich Wolfgang Korngold<\/b>\u00a0(1897\u20131957)<\/p>\n<p><b>Piano Quintet in E major, Op. 15<\/b>\u00a0(1920\u20131923) 33:05<br \/>\n[19]\u00a0<b>I M\u00e4\u00dfiges Zeitma\u00df, mit schwungvoll bl\u00fchendem Ausdruck<\/b>\u00a012:17<br \/>\n[20]\u00a0<b>II Adagio: Mit gr\u00f6\u00dfter Ruhe, stets \u00e4u\u00dferst gebunden<\/b>\u00a012:04<br \/>\n[21]\u00a0<b>III Finale: Gemessen, beinahe pathetisch; Allegro giocoso<\/b>\u00a008:28<\/p>\n<p>Kirill Kobantschenko &amp; Bernie Mallinger, violin<br \/>\nAurore Cany, viola \u00b7 Florian Eggner, cello<br \/>\nChristoph Eggner, piano<\/p>\n<p>total time: 76:40<\/p>\n<\/div>\n<\/td>\n<td><\/td>\n<\/tr>\n<\/tbody>\n<\/table>\n<p>Pressestimme:<\/p>\n<table border=\"0\" width=\"100%\" rules=\"none\" cellspacing=\"0\" cellpadding=\"0\">\n<tbody>\n<tr>\n<td class=\"bigcontent2\">\n<div id=\"press\">\n<p><img data-recalc-dims=\"1\" decoding=\"async\" src=\"https:\/\/i0.wp.com\/neos-music.com\/wp-content\/uploads\/2023\/05\/logo_elartedelafuga.jpg?ssl=1\" alt=\"\" \/><br \/>\n02.06.2014<\/p>\n<p><b>Historias de amor can\u00edbal y resurrecci\u00f3n ossia la m\u00fasica alrededor de la m\u00fasica<\/b><\/p>\n<p>Componer no con notas sino con composiciones, pero no respetuosamente como hac\u00edan los barrocos (es decir, apropi\u00e1ndose un material ajeno y coet\u00e1neo) sino atrevi\u00e9ndose a mejorar obras inmejorables o recomponiendo sus ecos o recuerdos es una de las fiestas m\u00e1s fastuosas de la m\u00fasica que se celebra al margen de los papas y otros gur\u00fas de la acaso mal llamada modernidad.<\/p>\n<p>Las diversas corrientes de la larga lista de los\u00a0<i>recompositores<\/i>\u00a0alimentaron durante cinco a\u00f1os los programas\u00a0<i>M\u00fasica de nadie<\/i>\u00a0y\u00a0<i>Recompositores, Resonancias &amp; Ricercare<\/i>\u00a0(Radio cl\u00e1sica), desde Schnittke y Ronald Stevenson a Oscar Strasnoy pasando por Michael Zev Gordon o Chris Newman (todos con cds distribuidos en Espa\u00f1a) sin mencionar a int\u00e9rpretes-compositores-improvisadores como Louis Sclavis o Uri Caine.<\/p>\n<p>Las combinaciones son infinitas: en la estela de\u00a0<i>Eine Kleine Mitternachtmusik on \u2018Round Midnight of Thelonious Monk<\/i>\u00a0de George Crumb, Laurie Altman rumia\u00a0<i>Sophisticated Lady<\/i>,\u00a0<i>Mood Indigo<\/i>\u00a0y\u00a0<i>It don\u2019t mean a thing<\/i>\u00a0de Duke Ellington, recomponiendo, para cuarteto de cuerdas, su primera recomposici\u00f3n para soprano, flauta y piano de las tres inmortales piezas (<i>Convergence<\/i>, tambi\u00e9n Neos). A estas\u00a0<i>3 for Duke<\/i>\u00a0sigue aqu\u00ed\u00a0<i>Come Dance with Me<\/i>, recomposici\u00f3n-reorquestaci\u00f3n para septeto de una obra original semi-improvisada (Albany Records) y todas estas sombras bailan en la noche blanca, siluetas reflejadas, insomnes o son\u00e1mbulas, que se destacan de un antiguo y querido modelo, d\u00e1ndole la mano, acaso temiendo perderlo del todo o para arrastrarlo al baile,\u00a0<i>Come Dance with Me<\/i>, ven baila conmigo, una y otra vez, y es una historia de amor can\u00edbal y resurrecci\u00f3n, enamorado desliz\u00e1ndose en el otro que le da vida y sigue viviendo su vida paralela y todo se mezcla, misterio y belleza, sudor y saliva, todo se turba, o\u00eddo y vista, y las bocas y los muslos palpitan en ese torbellino hasta el final del abandono.<\/p>\n<p>Con la\u00a0<i>Fantasy on Sch\u00f6nbeg\u2019s Op. 19<\/i>, Altman presenta o imagina a Sch\u00f6nberg escribiendo sus\u00a0<i>Seis peque\u00f1as piezas para piano opus 19<\/i>\u00a0para un cuarteto de cuerdas bajo el efecto de aquel imaginativo peque\u00f1o cactus con sabor algo amargo, en lengua n\u00e1huatl la \u201cplanta-que-maravilla-los-ojos\u201d, intentando en vano asir las 6 primeras notas cuando emprenden la huida o la fuga en la 1\u00aa pieza, oscilando en un espejo deformante, desfasando las m\u00e9tricas, condesando los silencios en la 2\u00aa antes de estirar, en la 3\u00aa, la materia sonora (del hipot\u00e9tico modelo original) al l\u00edmite de su resistencia y de la percepci\u00f3n del oyente, insertando en la 4\u00aa un baile \u2212chacona,\u00a0<i>mouvement perp\u00e9tue<\/i>l,\u00a0<i>ground<\/i>\u00a0u\u00a0<i>ostinato<\/i>\u2212 imitando los movimientos de un animal tot\u00e9mico, azor o c\u00f3ndor, que desgarra los temas para llevarse sus fragmentos m\u00e1s suculentos. La rica alucinaci\u00f3n auditiva se mezcla con la visual en la 5\u00aa pieza mientras la viola mezcla lo que tocar\u00e1n, por separado, la mano izquierda y la derecha en el \u2212futuro\u2212 original. Acaso Altman hubiera tenido que imaginar a Sch\u00f6nberg con mescalina pura en vez de peyotl pues el peque\u00f1o \u201ccactus-que-(aqu\u00ed y hoy)-maravilla-el-o\u00eddo\u201d no tratado puede provocar estas nauseas, arcadas e incluso estos v\u00f3mitos que hacen estremecerse, en la 6\u00aa pieza, el est\u00e1tico\u00a0<i>Sehr Langsam<\/i>\u00a0original. Los efectos suelen desaparecer al cabo de unas ocho horas pero Sch\u00f6nberg (v\u00eda Altman) solo necesita 9 minutos 30 para volver a la realidad y darnos su versi\u00f3n censurada, decantada o filtrada de las\u00a0<i>Seis peque\u00f1as piezas para piano<\/i>.<\/p>\n<p>Se puede respetar a Sch\u00f6nberg, o amarlo solo cuando lo toca Gould porque uno ama a Gould incluso cuando toca Strauss, o no distinguir entre amor y admiraci\u00f3n por ejemplo en esta (evidentemente) excelente versi\u00f3n de Christoph Eggner, pero en cualquiera de los casos pasar de Sch\u00f6nberg a Korngold equivale a lanzarse desde una dieta macrobi\u00f3tica a una piscina de tiramis\u00fa donde rebosa felicidad (incluso, moment\u00e1neamente, atonal, acaso reminiscencia del paso de Korngold por el taller Zemlinsky) el inicio del\u00a0<i>Quinteto op. 15,<\/i>\u00a0antes de pedir una doble raci\u00f3n de\u00a0<i>Schlags\u00e4hne<\/i>\u00a0para la especialidad del chef, el\u00a0<i>Adagio Mit gr\u00f6sster Ruhe<\/i>, con m\u00e1xima calma. Finaliza el\u00a0<i>Quinteto<\/i>\u00a0citando el inicio lo que da ganas de empezar de nuevo\u00a0<i>Come Dance with Me<\/i>, hasta la inversi\u00f3n de los t\u00e9rminos (que acaso pierde en misterio lo que gana en erotismo):\u00a0<i>Dance with Me, and Come!<\/i><\/p>\n<p><i>Pierre Elie Mamou<\/i><\/p>\n<\/div>\n<\/td>\n<td><\/td>\n<\/tr>\n<\/tbody>\n<\/table>\n<p>&nbsp;<\/p>\n","protected":false},"excerpt":{"rendered":"<p>Programm: DIVERGENCE Laurie Altman\u00a0(*1944) [01]\u00a0Come Dance With Me\u00a0Septet Version (2006\/2013) 07:07 for string quartet, piano, clarinet and vibraphone Kirill Kobantschenko &amp; Bernie Mallinger, violin Aurore Cany, viola \u00b7 Florian Eggner, cello Flip Philipp, vibraphone \u00b7 Christoph Zimper, clarinet Christoph Eggner, piano 3 for Duke\u00a0for string quartet (2011) 12:48 [02]\u00a0I Sophisticated Lady\u00a004:36 [03]\u00a0II Mood Indigo\u00a003:25 [04]\u00a0III [&hellip;]<\/p>\n","protected":false},"featured_media":2883,"template":"","meta":{"site-sidebar-layout":"default","site-content-layout":"default","ast-site-content-layout":"default","site-content-style":"default","site-sidebar-style":"default","ast-global-header-display":"","ast-banner-title-visibility":"","ast-main-header-display":"","ast-hfb-above-header-display":"","ast-hfb-below-header-display":"","ast-hfb-mobile-header-display":"","site-post-title":"","ast-breadcrumbs-content":"","ast-featured-img":"","footer-sml-layout":"","theme-transparent-header-meta":"default","adv-header-id-meta":"","stick-header-meta":"","header-above-stick-meta":"","header-main-stick-meta":"","header-below-stick-meta":"","astra-migrate-meta-layouts":"default","ast-page-background-enabled":"default","ast-page-background-meta":{"desktop":{"background-color":"","background-image":"","background-repeat":"repeat","background-position":"center center","background-size":"auto","background-attachment":"scroll","background-type":"","background-media":"","overlay-type":"","overlay-color":"","overlay-opacity":"","overlay-gradient":""},"tablet":{"background-color":"","background-image":"","background-repeat":"repeat","background-position":"center center","background-size":"auto","background-attachment":"scroll","background-type":"","background-media":"","overlay-type":"","overlay-color":"","overlay-opacity":"","overlay-gradient":""},"mobile":{"background-color":"","background-image":"","background-repeat":"repeat","background-position":"center center","background-size":"auto","background-attachment":"scroll","background-type":"","background-media":"","overlay-type":"","overlay-color":"","overlay-opacity":"","overlay-gradient":""}},"ast-content-background-meta":{"desktop":{"background-color":"var(--ast-global-color-5)","background-image":"","background-repeat":"repeat","background-position":"center center","background-size":"auto","background-attachment":"scroll","background-type":"","background-media":"","overlay-type":"","overlay-color":"","overlay-opacity":"","overlay-gradient":""},"tablet":{"background-color":"var(--ast-global-color-5)","background-image":"","background-repeat":"repeat","background-position":"center center","background-size":"auto","background-attachment":"scroll","background-type":"","background-media":"","overlay-type":"","overlay-color":"","overlay-opacity":"","overlay-gradient":""},"mobile":{"background-color":"var(--ast-global-color-5)","background-image":"","background-repeat":"repeat","background-position":"center center","background-size":"auto","background-attachment":"scroll","background-type":"","background-media":"","overlay-type":"","overlay-color":"","overlay-opacity":"","overlay-gradient":""}}},"product_brand":[],"product_cat":[26],"product_tag":[],"class_list":{"0":"post-2882","1":"product","2":"type-product","3":"status-publish","4":"has-post-thumbnail","6":"product_cat-zeitgenossische-musik","7":"pa_artikelnummer-neos-21306","8":"pa_brand-neos-music","9":"pa_ean-438","10":"desktop-align-left","11":"tablet-align-left","12":"mobile-align-left","14":"first","15":"instock","16":"taxable","17":"shipping-taxable","18":"purchasable","19":"product-type-simple"},"yoast_head":"<!-- This site is optimized with the Yoast SEO plugin v27.3 - https:\/\/yoast.com\/product\/yoast-seo-wordpress\/ -->\n<title>Laurie Altman, Arnold Sch\u00f6nberg, Erich Korngold: Divergence - NEOS Music<\/title>\n<meta name=\"robots\" content=\"index, follow, max-snippet:-1, max-image-preview:large, max-video-preview:-1\" \/>\n<link rel=\"canonical\" href=\"https:\/\/neos-music.com\/en_us\/product\/laurie-altman-arnold-schoenberg-erich-korngold-divergence\/\" \/>\n<meta property=\"og:locale\" content=\"en_US\" \/>\n<meta property=\"og:type\" content=\"article\" \/>\n<meta property=\"og:title\" content=\"Laurie Altman, Arnold Sch\u00f6nberg, Erich Korngold: Divergence - NEOS Music\" \/>\n<meta property=\"og:description\" content=\"Programm: DIVERGENCE Laurie Altman\u00a0(*1944) [01]\u00a0Come Dance With Me\u00a0Septet Version (2006\/2013) 07:07 for string quartet, piano, clarinet and vibraphone Kirill Kobantschenko &amp; Bernie Mallinger, violin Aurore Cany, viola \u00b7 Florian Eggner, cello Flip Philipp, vibraphone \u00b7 Christoph Zimper, clarinet Christoph Eggner, piano 3 for Duke\u00a0for string quartet (2011) 12:48 [02]\u00a0I Sophisticated Lady\u00a004:36 [03]\u00a0II Mood Indigo\u00a003:25 [04]\u00a0III [&hellip;]\" \/>\n<meta property=\"og:url\" content=\"https:\/\/neos-music.com\/en_us\/product\/laurie-altman-arnold-schoenberg-erich-korngold-divergence\/\" \/>\n<meta property=\"og:site_name\" content=\"NEOS Music\" \/>\n<meta property=\"article:modified_time\" content=\"2023-05-23T14:27:52+00:00\" \/>\n<meta property=\"og:image\" content=\"https:\/\/neos-music.com\/wp-content\/uploads\/2022\/11\/NEOS_21306_Divergence.jpeg\" \/>\n\t<meta property=\"og:image:width\" content=\"1649\" \/>\n\t<meta property=\"og:image:height\" content=\"1483\" \/>\n\t<meta property=\"og:image:type\" content=\"image\/jpeg\" \/>\n<meta name=\"twitter:card\" content=\"summary_large_image\" \/>\n<meta name=\"twitter:label1\" content=\"Est. reading time\" \/>\n\t<meta name=\"twitter:data1\" content=\"6 minutes\" \/>\n<script type=\"application\/ld+json\" class=\"yoast-schema-graph\">{\"@context\":\"https:\\\/\\\/schema.org\",\"@graph\":[{\"@type\":\"WebPage\",\"@id\":\"https:\\\/\\\/neos-music.com\\\/product\\\/laurie-altman-arnold-schoenberg-erich-korngold-divergence\\\/\",\"url\":\"https:\\\/\\\/neos-music.com\\\/product\\\/laurie-altman-arnold-schoenberg-erich-korngold-divergence\\\/\",\"name\":\"Laurie Altman, Arnold Sch\u00f6nberg, Erich Korngold: Divergence - NEOS Music\",\"isPartOf\":{\"@id\":\"https:\\\/\\\/neos-music.com\\\/#website\"},\"primaryImageOfPage\":{\"@id\":\"https:\\\/\\\/neos-music.com\\\/product\\\/laurie-altman-arnold-schoenberg-erich-korngold-divergence\\\/#primaryimage\"},\"image\":{\"@id\":\"https:\\\/\\\/neos-music.com\\\/product\\\/laurie-altman-arnold-schoenberg-erich-korngold-divergence\\\/#primaryimage\"},\"thumbnailUrl\":\"https:\\\/\\\/i0.wp.com\\\/neos-music.com\\\/wp-content\\\/uploads\\\/2022\\\/11\\\/NEOS_21306_Divergence.jpeg?fit=1649%2C1483&ssl=1\",\"datePublished\":\"2014-04-25T19:19:47+00:00\",\"dateModified\":\"2023-05-23T14:27:52+00:00\",\"breadcrumb\":{\"@id\":\"https:\\\/\\\/neos-music.com\\\/product\\\/laurie-altman-arnold-schoenberg-erich-korngold-divergence\\\/#breadcrumb\"},\"inLanguage\":\"en-US\",\"potentialAction\":[{\"@type\":\"ReadAction\",\"target\":[\"https:\\\/\\\/neos-music.com\\\/product\\\/laurie-altman-arnold-schoenberg-erich-korngold-divergence\\\/\"]}]},{\"@type\":\"ImageObject\",\"inLanguage\":\"en-US\",\"@id\":\"https:\\\/\\\/neos-music.com\\\/product\\\/laurie-altman-arnold-schoenberg-erich-korngold-divergence\\\/#primaryimage\",\"url\":\"https:\\\/\\\/i0.wp.com\\\/neos-music.com\\\/wp-content\\\/uploads\\\/2022\\\/11\\\/NEOS_21306_Divergence.jpeg?fit=1649%2C1483&ssl=1\",\"contentUrl\":\"https:\\\/\\\/i0.wp.com\\\/neos-music.com\\\/wp-content\\\/uploads\\\/2022\\\/11\\\/NEOS_21306_Divergence.jpeg?fit=1649%2C1483&ssl=1\",\"width\":1649,\"height\":1483},{\"@type\":\"BreadcrumbList\",\"@id\":\"https:\\\/\\\/neos-music.com\\\/product\\\/laurie-altman-arnold-schoenberg-erich-korngold-divergence\\\/#breadcrumb\",\"itemListElement\":[{\"@type\":\"ListItem\",\"position\":1,\"name\":\"Startseite\",\"item\":\"https:\\\/\\\/neos-music.com\\\/\"},{\"@type\":\"ListItem\",\"position\":2,\"name\":\"Produkte\",\"item\":\"https:\\\/\\\/neos-music.com\\\/shop__trashed\\\/\"},{\"@type\":\"ListItem\",\"position\":3,\"name\":\"Laurie Altman, Arnold Sch\u00f6nberg, Erich Korngold: Divergence\"}]},{\"@type\":\"WebSite\",\"@id\":\"https:\\\/\\\/neos-music.com\\\/#website\",\"url\":\"https:\\\/\\\/neos-music.com\\\/\",\"name\":\"NEOS Music\",\"description\":\"Dein Online Shop f\u00fcr zeitgen\u00f6ssische Musik, Jazz und Classics!\",\"publisher\":{\"@id\":\"https:\\\/\\\/neos-music.com\\\/#organization\"},\"potentialAction\":[{\"@type\":\"SearchAction\",\"target\":{\"@type\":\"EntryPoint\",\"urlTemplate\":\"https:\\\/\\\/neos-music.com\\\/?s={search_term_string}\"},\"query-input\":{\"@type\":\"PropertyValueSpecification\",\"valueRequired\":true,\"valueName\":\"search_term_string\"}}],\"inLanguage\":\"en-US\"},{\"@type\":\"Organization\",\"@id\":\"https:\\\/\\\/neos-music.com\\\/#organization\",\"name\":\"NEOS Music\",\"url\":\"https:\\\/\\\/neos-music.com\\\/\",\"logo\":{\"@type\":\"ImageObject\",\"inLanguage\":\"en-US\",\"@id\":\"https:\\\/\\\/neos-music.com\\\/#\\\/schema\\\/logo\\\/image\\\/\",\"url\":\"https:\\\/\\\/i0.wp.com\\\/neos-music.com\\\/wp-content\\\/uploads\\\/2025\\\/08\\\/NEOS-Logo-weiss.png?fit=800%2C203&ssl=1\",\"contentUrl\":\"https:\\\/\\\/i0.wp.com\\\/neos-music.com\\\/wp-content\\\/uploads\\\/2025\\\/08\\\/NEOS-Logo-weiss.png?fit=800%2C203&ssl=1\",\"width\":800,\"height\":203,\"caption\":\"NEOS Music\"},\"image\":{\"@id\":\"https:\\\/\\\/neos-music.com\\\/#\\\/schema\\\/logo\\\/image\\\/\"}}]}<\/script>\n<!-- \/ Yoast SEO plugin. -->","yoast_head_json":{"title":"Laurie Altman, Arnold Sch\u00f6nberg, Erich Korngold: Divergence - NEOS Music","robots":{"index":"index","follow":"follow","max-snippet":"max-snippet:-1","max-image-preview":"max-image-preview:large","max-video-preview":"max-video-preview:-1"},"canonical":"https:\/\/neos-music.com\/en_us\/product\/laurie-altman-arnold-schoenberg-erich-korngold-divergence\/","og_locale":"en_US","og_type":"article","og_title":"Laurie Altman, Arnold Sch\u00f6nberg, Erich Korngold: Divergence - NEOS Music","og_description":"Programm: DIVERGENCE Laurie Altman\u00a0(*1944) [01]\u00a0Come Dance With Me\u00a0Septet Version (2006\/2013) 07:07 for string quartet, piano, clarinet and vibraphone Kirill Kobantschenko &amp; Bernie Mallinger, violin Aurore Cany, viola \u00b7 Florian Eggner, cello Flip Philipp, vibraphone \u00b7 Christoph Zimper, clarinet Christoph Eggner, piano 3 for Duke\u00a0for string quartet (2011) 12:48 [02]\u00a0I Sophisticated Lady\u00a004:36 [03]\u00a0II Mood Indigo\u00a003:25 [04]\u00a0III [&hellip;]","og_url":"https:\/\/neos-music.com\/en_us\/product\/laurie-altman-arnold-schoenberg-erich-korngold-divergence\/","og_site_name":"NEOS Music","article_modified_time":"2023-05-23T14:27:52+00:00","og_image":[{"width":1649,"height":1483,"url":"https:\/\/neos-music.com\/wp-content\/uploads\/2022\/11\/NEOS_21306_Divergence.jpeg","type":"image\/jpeg"}],"twitter_card":"summary_large_image","twitter_misc":{"Est. reading time":"6 minutes"},"schema":{"@context":"https:\/\/schema.org","@graph":[{"@type":"WebPage","@id":"https:\/\/neos-music.com\/product\/laurie-altman-arnold-schoenberg-erich-korngold-divergence\/","url":"https:\/\/neos-music.com\/product\/laurie-altman-arnold-schoenberg-erich-korngold-divergence\/","name":"Laurie Altman, Arnold Sch\u00f6nberg, Erich Korngold: Divergence - NEOS Music","isPartOf":{"@id":"https:\/\/neos-music.com\/#website"},"primaryImageOfPage":{"@id":"https:\/\/neos-music.com\/product\/laurie-altman-arnold-schoenberg-erich-korngold-divergence\/#primaryimage"},"image":{"@id":"https:\/\/neos-music.com\/product\/laurie-altman-arnold-schoenberg-erich-korngold-divergence\/#primaryimage"},"thumbnailUrl":"https:\/\/i0.wp.com\/neos-music.com\/wp-content\/uploads\/2022\/11\/NEOS_21306_Divergence.jpeg?fit=1649%2C1483&ssl=1","datePublished":"2014-04-25T19:19:47+00:00","dateModified":"2023-05-23T14:27:52+00:00","breadcrumb":{"@id":"https:\/\/neos-music.com\/product\/laurie-altman-arnold-schoenberg-erich-korngold-divergence\/#breadcrumb"},"inLanguage":"en-US","potentialAction":[{"@type":"ReadAction","target":["https:\/\/neos-music.com\/product\/laurie-altman-arnold-schoenberg-erich-korngold-divergence\/"]}]},{"@type":"ImageObject","inLanguage":"en-US","@id":"https:\/\/neos-music.com\/product\/laurie-altman-arnold-schoenberg-erich-korngold-divergence\/#primaryimage","url":"https:\/\/i0.wp.com\/neos-music.com\/wp-content\/uploads\/2022\/11\/NEOS_21306_Divergence.jpeg?fit=1649%2C1483&ssl=1","contentUrl":"https:\/\/i0.wp.com\/neos-music.com\/wp-content\/uploads\/2022\/11\/NEOS_21306_Divergence.jpeg?fit=1649%2C1483&ssl=1","width":1649,"height":1483},{"@type":"BreadcrumbList","@id":"https:\/\/neos-music.com\/product\/laurie-altman-arnold-schoenberg-erich-korngold-divergence\/#breadcrumb","itemListElement":[{"@type":"ListItem","position":1,"name":"Startseite","item":"https:\/\/neos-music.com\/"},{"@type":"ListItem","position":2,"name":"Produkte","item":"https:\/\/neos-music.com\/shop__trashed\/"},{"@type":"ListItem","position":3,"name":"Laurie Altman, Arnold Sch\u00f6nberg, Erich Korngold: Divergence"}]},{"@type":"WebSite","@id":"https:\/\/neos-music.com\/#website","url":"https:\/\/neos-music.com\/","name":"NEOS Music","description":"Dein Online Shop f\u00fcr zeitgen\u00f6ssische Musik, Jazz und Classics!","publisher":{"@id":"https:\/\/neos-music.com\/#organization"},"potentialAction":[{"@type":"SearchAction","target":{"@type":"EntryPoint","urlTemplate":"https:\/\/neos-music.com\/?s={search_term_string}"},"query-input":{"@type":"PropertyValueSpecification","valueRequired":true,"valueName":"search_term_string"}}],"inLanguage":"en-US"},{"@type":"Organization","@id":"https:\/\/neos-music.com\/#organization","name":"NEOS Music","url":"https:\/\/neos-music.com\/","logo":{"@type":"ImageObject","inLanguage":"en-US","@id":"https:\/\/neos-music.com\/#\/schema\/logo\/image\/","url":"https:\/\/i0.wp.com\/neos-music.com\/wp-content\/uploads\/2025\/08\/NEOS-Logo-weiss.png?fit=800%2C203&ssl=1","contentUrl":"https:\/\/i0.wp.com\/neos-music.com\/wp-content\/uploads\/2025\/08\/NEOS-Logo-weiss.png?fit=800%2C203&ssl=1","width":800,"height":203,"caption":"NEOS Music"},"image":{"@id":"https:\/\/neos-music.com\/#\/schema\/logo\/image\/"}}]}},"jetpack_sharing_enabled":true,"_links":{"self":[{"href":"https:\/\/neos-music.com\/en_us\/wp-json\/wp\/v2\/product\/2882","targetHints":{"allow":["GET"]}}],"collection":[{"href":"https:\/\/neos-music.com\/en_us\/wp-json\/wp\/v2\/product"}],"about":[{"href":"https:\/\/neos-music.com\/en_us\/wp-json\/wp\/v2\/types\/product"}],"version-history":[{"count":0,"href":"https:\/\/neos-music.com\/en_us\/wp-json\/wp\/v2\/product\/2882\/revisions"}],"wp:featuredmedia":[{"embeddable":true,"href":"https:\/\/neos-music.com\/en_us\/wp-json\/wp\/v2\/media\/2883"}],"wp:attachment":[{"href":"https:\/\/neos-music.com\/en_us\/wp-json\/wp\/v2\/media?parent=2882"}],"wp:term":[{"taxonomy":"product_brand","embeddable":true,"href":"https:\/\/neos-music.com\/en_us\/wp-json\/wp\/v2\/product_brand?post=2882"},{"taxonomy":"product_cat","embeddable":true,"href":"https:\/\/neos-music.com\/en_us\/wp-json\/wp\/v2\/product_cat?post=2882"},{"taxonomy":"product_tag","embeddable":true,"href":"https:\/\/neos-music.com\/en_us\/wp-json\/wp\/v2\/product_tag?post=2882"}],"curies":[{"name":"wp","href":"https:\/\/api.w.org\/{rel}","templated":true}]}}