{"id":2902,"date":"2014-01-07T13:53:31","date_gmt":"2014-01-07T13:53:31","guid":{"rendered":"https:\/\/neos-music.com\/?post_type=product&#038;p=2902"},"modified":"2022-11-18T13:55:26","modified_gmt":"2022-11-18T13:55:26","slug":"denis-schuler-the-lines-solos-duets-cycle","status":"publish","type":"product","link":"https:\/\/neos-music.com\/en_us\/product\/denis-schuler-the-lines-solos-duets-cycle\/","title":{"rendered":"Denis Schuler: THE LINES &#8211; Solos &#038; Duets Cycle"},"content":{"rendered":"<p>Infotext:<\/p>\n<div id=\"infotext\">\n<p><b>THE LINES<\/b><\/p>\n<p><i>The Lines<\/i>\u00a0ist ein Kompositionszyklus mit Solo- und Duost\u00fccken, der, beeinflusst durch den Roman\u00a0<i>Mrs. Dalloway<\/i>\u00a0von Virginia Woolf (1925), eine Reflexion \u00fcber die \u00bbLinien der Zeit\u00ab thematisiert. Diese Serie intimer St\u00fccke beleuchtet Innerlichkeiten und \u00c4u\u00dferlichkeiten und untersucht das Zusammenwirken von Dauer und Form im Hinblick auf Musiker und Instrument.<\/p>\n<p>Jedes St\u00fcck hat eine klare Vorgabe. Ist diese erst einmal bestimmt, ergibt sich f\u00fcr mich der Vorteil, sowohl mit dem musikalischen wie auch konzeptuellen Material freier umgehen zu k\u00f6nnen: Vibrationen und Flatter zwischen zwei Noten bei\u00a0<i>Perpetual Sense of Being Out<\/i>, das Verh\u00e4ltnis zwischen Klang und Stille in\u00a0<i>Sept secondes arr\u00eat\u00e9es<\/i>, Monodien und untemperierte Skalen in\u00a0<i>Melody<\/i>, das feine Knistern in\u00a0<i>Dans un pli<\/i>, Minimalismus in\u00a0<i>Tan-ka<\/i>, Hauch und Tonspr\u00fcnge in\u00a0<i>Spring<\/i>\u00a0oder Mehrkl\u00e4nge und Akkorde auf der Viola bei\u00a0<i>Lune bleue<\/i>\u00a0und Ostinato in\u00a0<i>Loisaida<\/i>.<\/p>\n<p>Schlussendlich bilden die acht St\u00fccke \u2013 aus homogenen Elementen konstruiert \u2013 eine Suite mit eklektischen musikalischen Momenten, potentielle Linien aus Zeit, vereint zu einem poetischen Parcours.<\/p>\n<p>Alle Werke sind den ausf\u00fchrenden K\u00fcnstlern gewidmet und wurden speziell f\u00fcr sie komponiert. Jeder hat an der Entwicklung des benutzten musikalischen Vokabulars mitgearbeitet, und ihr K\u00f6nnen und Engagement hat der Musik Leben gegeben.<\/p>\n<p>Denis Schuler<\/p>\n<\/div>\n<p>Programm:<\/p>\n<p>[01]\u00a0<b>Perpetual Sense of Being Out<\/b>\u00a0(2011) 11:18<br \/>\n<a class=\"arcoma_glossarylink\" href=\"https:\/\/neos-music.com\/output.php?content=Kuenstler\/Presutti_Christiana.php&amp;treplace=english%2Cgerman\" target=\"_self\" rel=\"noopener\">Cristiana Presutti<\/a>\u00a0and Gyslaine Waelchli, sopranos<\/p>\n<p>[02]\u00a0<b>Spring<\/b>\u00a0(2012) 06:46<br \/>\nPaolo Vignaroli, bass flute<\/p>\n<p>[03]\u00a0<b>Lune bleue<\/b>\u00a0(2013) 09:56<br \/>\n<a class=\"arcoma_glossarylink\" href=\"https:\/\/neos-music.com\/output.php?content=Kuenstler\/Spina_Anna.php&amp;treplace=english%2Cgerman\" target=\"_self\" rel=\"noopener\">Anna Spina<\/a>, viola<\/p>\n<p>[04]\u00a0<b>Dans un pli<\/b>\u00a0(2011) 10:52<br \/>\nPaolo Vignaroli, flute<br \/>\nAlexandre Babel, percussion<\/p>\n<p>[05]\u00a0<b>Melody<\/b>\u00a0(2010) 06:32<br \/>\n<a class=\"arcoma_glossarylink\" href=\"https:\/\/neos-music.com\/output.php?content=Kuenstler\/Zawodnik_Beatrice.php&amp;treplace=english%2Cgerman\" target=\"_self\" rel=\"noopener\">B\u00e9atrice Zawodnik<\/a>, oboe<\/p>\n<p>[06]\u00a0<b>Sept secondes arr\u00eat\u00e9es<\/b>\u00a0(2010) 13:55<br \/>\nAlexandre Babel, percussion<\/p>\n<p>[07]\u00a0<b>Tan-ka<\/b>\u00a0(2012) 01:28<br \/>\nTanjia M\u00fcller, bass flute<br \/>\nEliane Williner, piccolo<\/p>\n<p>[08]\u00a0<b>Loisaida<\/b>\u00a0(2012) 08:22<br \/>\nTamar Halperin, harpsichord<\/p>\n<p>total time: 69:08<\/p>\n<p>Pressestimmen:<\/p>\n<p><img data-recalc-dims=\"1\" decoding=\"async\" src=\"https:\/\/i0.wp.com\/neos-music.com\/images\/news\/11310-positionen.png?ssl=1\" \/><\/p>\n<p>&nbsp;<\/p>\n<p><img data-recalc-dims=\"1\" decoding=\"async\" src=\"https:\/\/i0.wp.com\/neos-music.com\/images\/news\/logo_FonoForum.gif?ssl=1\" \/><\/p>\n<p>06.2014<\/p>\n<p><b>Solo und Duo<\/b><\/p>\n<p>[&#8230;] Acht St\u00fccke f\u00fcr Cembalo, Sporan, Bratsche und Fl\u00f6ten summiert Schuler zu einem hochspannenden, oft klangsch\u00f6nen Ereignis.<\/p>\n<p><i>Tilman Urbach<\/i><\/p>\n<p>Musik:\u00a0<img data-recalc-dims=\"1\" decoding=\"async\" src=\"https:\/\/i0.wp.com\/neos-music.com\/images\/news\/stars4.gif?ssl=1\" \/><br \/>\nKlang:\u00a0\u00a0<img data-recalc-dims=\"1\" decoding=\"async\" src=\"https:\/\/i0.wp.com\/neos-music.com\/images\/news\/stars4.gif?ssl=1\" \/><\/p>\n<p>&nbsp;<\/p>\n<p><img data-recalc-dims=\"1\" decoding=\"async\" src=\"https:\/\/i0.wp.com\/neos-music.com\/images\/news\/logo_TDG.png?ssl=1\" \/><br \/>\n10.12.2013<\/p>\n<p><b>Un contrebandier de l\u2019avant-garde classique<\/b><\/p>\n<p>Inspir\u00e9 par Virginia Woolf, le musicien genevois Denis Schuler sort le contemporain du bois<br \/>\n<i>Fabrice Gottraux<\/i><\/p>\n<p>Pile, Denis Schuler cabote dans la batterie rock, avec le contrebassiste Fantazio ou le groupe The Ghost Dance. Face, ce rejeton de la culture alternative genevoise, familier de la Cave 12, campe un compositeur haut de gamme dont l\u2019\u00e9criture rue avec talent dans les brancards parfois tr\u00e8s \u00e9litistes de la musique contemporaine. Lorsqu\u2019elle ne s\u2019arroge pas les premiers prix. Encens\u00e9e en 2008 \u00e0 Fribourg, sa chorale sacr\u00e9e\u00a0<i>Oscura Luce<\/i>\u00a0n\u2019a cependant rien de commun avec ce\u00a0<i>In-Between<\/i>\u00a0pour piano cr\u00e9\u00e9 en 2010 par l\u2019Orchestre de chambre de Gen\u00e8ve.<\/p>\n<p>Denis Schuler cultive son go\u00fbt de l\u2019\u00e9clectisme. Fort d\u2019une trentaine d\u2019\u0153uvres, le savant catalo- gue de son cru s\u2019additionne aujourd\u2019hui d\u2019un cycle inspir\u00e9 par la lecture de Mrs Dalloway, de l\u2019\u00e9crivaine anglaise Virginia Woolf. D\u00e9clin\u00e9 en huit solos et duos pour hautbois, percussions, fl\u00fbte, violon alto ou clavecin,\u00a0<i>The Lines<\/i>\u00a0fait l\u2019objet d\u2019un album verni dimanche dernier au Flux Laboratory. N\u00e9 en 1970, form\u00e9 au Conservatoire de Gen\u00e8ve aupr\u00e8s de Michael Jarrell puis \u00e0 Paris dans la classe d\u2019Emmanuel Nunes, Denis Schuler a d\u00e9marr\u00e9 ses \u00e9tudes de composition \u00e0 l\u2019\u00e2ge de 32 ans. \u00abJ\u2019ai un m\u00e9tabolisme lent\u00bb constate l\u2019int\u00e9ress\u00e9, qui partage d\u00e9sormais sa vie entre New York, o\u00f9 sa compagne enseigne l\u2019histoire de l\u2019art, et le bout du lac.<\/p>\n<p><b>Concert sur le ring<\/b><br \/>\nPour le rencontrer, rendez-vous aux Grottes, son quartier f\u00e9tiche. Chapeau sombre et chemise de satin, l\u2019homme ressemble \u00e0 ses comp\u00e8res de jadis, les sombres folkeux Dead Brothers&#8230; Blues-man ou pirate? Vagabond des sons, Denis Schuler accumule chez lui une collection d\u2019instruments en tous genres, h\u00e9licon, trompette, guitare, tous les bois aussi sauf le basson, pr\u00e9cise-t-il, ainsi que l\u2019entier des percussions autoris\u00e9es par l\u2019acad\u00e9mie, \u00e9tant lui-m\u00eame percussionniste. \u00abPour \u00e9crire, j\u2019ai besoin de comprendre l\u2019instrument. Le travail du compo- siteur, c\u2019est aussi d\u2019apprendre \u00e0 jouer. \u00c7a a \u00e0 voir avec l\u2019alchimie autant que l\u2019organique.\u00bb<\/p>\n<p>Ses\u00a0<i>Lines<\/i>\u00a0\u00e0 peine termin\u00e9es, Denis Schuler pr\u00e9pare \u00e0 New York un quatuor pour le Glass Farm, ensemble dirig\u00e9 par la pianiste suisse Yvonne Troxler. \u00abJe me charge \u00e9galement de curater le concert.\u00bb Curater plut\u00f4t que programmer? Le terme a d\u2019ordinaire trait aux arts plastiques, lorsqu\u2019on organise une exposition: \u00abJ\u2019imagine chaque concert comme un spectacle. Pour\u00a0<i>The Lines<\/i>, les musiciens \u00e9taient sur un ring et le public autour, tandis qu\u2019une partie des musiciens n\u2019apparaissait qu\u2019en vid\u00e9o.\u00bb Capter autrement l\u2019attention du public: l\u2019objectif tient ses promesses. A Rome, o\u00f9 le compositeur \u00e9tait en r\u00e9sidence durant un an, il a mis les auditeurs dans le noir absolu puis les a invit\u00e9s \u00e0 suivre une pi\u00e8ce de Scelsi de six heures en sirotant un caf\u00e9 sur un transat. A Rome toujours, Denis Schuler a lu Virginia Woolf. Et une boucle de se compl\u00e9ter&#8230;<\/p>\n<p><b>L\u2019important, c\u2019est la po\u00e9sie<br \/>\n<\/b>L\u2019univers \u00e0 tiroirs de Mrs Dalloway l\u2019emballe. \u00abD\u2019une phrase \u00e0 l\u2019autre, la temporalit\u00e9 change, on ne sait jamais o\u00f9 le texte va nous mener. En lisant Woolf, j\u2019\u00e9tais constamment en \u00e9veil. Or, c\u2019est bien ce que je cherche avec la musique contemporaine: mettre en \u00e9veil! Je pense que la musique a cette capacit\u00e9 de faire percevoir quel- que chose de la nature, du monde, qui, autrement, nous \u00e9chappe. La musique est d\u2019abord po\u00e9tique. Sans cela, elle est inutile, qu\u2019elle soit rock, folk ou contemporaine.\u00bb<\/p>\n<p>&nbsp;<\/p>\n<p><img data-recalc-dims=\"1\" decoding=\"async\" src=\"https:\/\/i0.wp.com\/neos-music.com\/images\/news\/logo_Le_Courrier.jpg?ssl=1\" \/><br \/>\n07.12.2013<\/p>\n<p><b>Entre les lignes<\/b><\/p>\n<p>Percussionniste et compositeur genevois form\u00e9 aupr\u00e8s des meilleurs (Nicolas Bolens, Eric Gaudibert, Michael Jarrell, Emanuel Nunes), Denis Schuler effectue un grand bon avec cet ambitieux CD publi\u00e9 chez NEOS. L\u2019animateur de l\u2019Ensemble Vide porte une attention particuli\u00e8re aux espaces et aux dispositifs convoqu\u00e9s pour la narration de ses cr\u00e9ations. Les musiciens sont souvent dispers\u00e9s dans les lieux investis, le public pouvant d\u00e9ambuler librement et contribuer \u00e0 la performance par son \u00e9coute.<\/p>\n<p>L\u2019id\u00e9e de\u00a0<i>The Lines<\/i>\u00a0a surgi apr\u00e8s la lecture de Mrs. Dalloway, roman de Virginia Woolf publi\u00e9 en 1925. Clarissa Dalloway s\u2019y rend chez le fleuriste en vue d\u2019une r\u00e9ception o\u00f9 se m\u00ealeront des personnages li\u00e9s \u00e0 son pass\u00e9 (l\u2019amant) comme \u00e0 son pr\u00e9sent (le mari). La narration, faite de sauts abrupts dans le temps, a frapp\u00e9 Denis Schuler. Ses compositions entendent retranscrire l\u2019effet de surprise et l\u2019exigence de concentration ressentis \u00e0 la lecture du roman.<\/p>\n<p>Les huit pi\u00e8ces qui composent l\u2019album ont \u00e9t\u00e9 \u00e9crites entre 2011 et 2013. Elles tendent vers une \u00e9pure radicale et une alternance entre silences et surgissements sonores, en solos ou duos. \u00abPerpetual Sense of Being Out\u00bb, qui ouvre l\u2019album, entrelace les voix des sopranos Cristiana Presutti et Gyslaine Waelchli, jouant de l\u2019\u00e9tirement des dur\u00e9es ainsi que du passage de vibrato \u00e0 voix doite. Une performance exigeante, qui tient captif sur pr\u00e8s de 12 minutes.<\/p>\n<p>Sur \u00abSpring\u00bb, la fl\u00fbte de Paolo Vignaroli tend vers un r\u00e9ductionnisme extr\u00eame mais n\u00e9anmoins expressif, presque po\u00e9tique. Anna Spina imprime \u00e0 son archet une tension maximale sur \u00abLune bleue\u00bb, alors que Paolo Vignaroli trouve sur son chemin les percussions d\u2019Alexandre Babel sur le morceau intitul\u00e9 \u00abDans un pli\u00bb: une d\u00e9coction patiente, qui lib\u00e8re de fines particules de son au gr\u00e9 d\u2019une interpr\u00e9tation rigoureuse. Cantonn\u00e9e aux aigus minimalistes, B\u00e9atrice Zawodnik imprime des tonalit\u00e9s singuli\u00e8rement \u00abzen\u00bb \u00e0 son hautbois sur \u00abMelody\u00bb. Zen \u00e9galement, le d\u00e9ploiement de tintements et de frappes ma\u00eetris\u00e9 par Alexandre Babel (\u00abSept secondes arr\u00eat\u00e9es\u00bb). Tanjia M\u00fcller (fl\u00fbte basse) et Eliane Williner (piccolo) jouent \u00e0 cache-cache sur \u00abTan &#8211; ka\u00bb, et Tamar Halperin conclut \u00e0 la harpe avec un \u00abLoisaida\u00bb entre douceur et chaos. Riche.<\/p>\n<p>RODERIC MOUNIR<\/p>\n<p>DENIS SCHULER, THE LINES, NEOS PERFORMANCE-VERNISSAGE CE DIMANCHE, 19H, FLUX LABORATORY, 10 RUE JACQUES-DALPHIN, CAROUGE (GE). ENTR\u00c9E LIBRE.\u00a0<a href=\"http:\/\/www.fluxlaboratory.com\/\">WWW.FLUXLABORATORY.COM<\/a><\/p>\n","protected":false},"excerpt":{"rendered":"<p>Infotext: THE LINES The Lines\u00a0ist ein Kompositionszyklus mit Solo- und Duost\u00fccken, der, beeinflusst durch den Roman\u00a0Mrs. Dalloway\u00a0von Virginia Woolf (1925), eine Reflexion \u00fcber die \u00bbLinien der Zeit\u00ab thematisiert. Diese Serie intimer St\u00fccke beleuchtet Innerlichkeiten und \u00c4u\u00dferlichkeiten und untersucht das Zusammenwirken von Dauer und Form im Hinblick auf Musiker und Instrument. Jedes St\u00fcck hat eine klare [&hellip;]<\/p>\n","protected":false},"featured_media":2903,"template":"","meta":{"site-sidebar-layout":"default","site-content-layout":"default","ast-site-content-layout":"default","site-content-style":"default","site-sidebar-style":"default","ast-global-header-display":"","ast-banner-title-visibility":"","ast-main-header-display":"","ast-hfb-above-header-display":"","ast-hfb-below-header-display":"","ast-hfb-mobile-header-display":"","site-post-title":"","ast-breadcrumbs-content":"","ast-featured-img":"","footer-sml-layout":"","theme-transparent-header-meta":"default","adv-header-id-meta":"","stick-header-meta":"","header-above-stick-meta":"","header-main-stick-meta":"","header-below-stick-meta":"","astra-migrate-meta-layouts":"default","ast-page-background-enabled":"default","ast-page-background-meta":{"desktop":{"background-color":"","background-image":"","background-repeat":"repeat","background-position":"center center","background-size":"auto","background-attachment":"scroll","background-type":"","background-media":"","overlay-type":"","overlay-color":"","overlay-opacity":"","overlay-gradient":""},"tablet":{"background-color":"","background-image":"","background-repeat":"repeat","background-position":"center center","background-size":"auto","background-attachment":"scroll","background-type":"","background-media":"","overlay-type":"","overlay-color":"","overlay-opacity":"","overlay-gradient":""},"mobile":{"background-color":"","background-image":"","background-repeat":"repeat","background-position":"center center","background-size":"auto","background-attachment":"scroll","background-type":"","background-media":"","overlay-type":"","overlay-color":"","overlay-opacity":"","overlay-gradient":""}},"ast-content-background-meta":{"desktop":{"background-color":"var(--ast-global-color-5)","background-image":"","background-repeat":"repeat","background-position":"center center","background-size":"auto","background-attachment":"scroll","background-type":"","background-media":"","overlay-type":"","overlay-color":"","overlay-opacity":"","overlay-gradient":""},"tablet":{"background-color":"var(--ast-global-color-5)","background-image":"","background-repeat":"repeat","background-position":"center center","background-size":"auto","background-attachment":"scroll","background-type":"","background-media":"","overlay-type":"","overlay-color":"","overlay-opacity":"","overlay-gradient":""},"mobile":{"background-color":"var(--ast-global-color-5)","background-image":"","background-repeat":"repeat","background-position":"center center","background-size":"auto","background-attachment":"scroll","background-type":"","background-media":"","overlay-type":"","overlay-color":"","overlay-opacity":"","overlay-gradient":""}}},"product_brand":[],"product_cat":[26],"product_tag":[],"class_list":{"0":"post-2902","1":"product","2":"type-product","3":"status-publish","4":"has-post-thumbnail","6":"product_cat-zeitgenossische-musik","7":"pa_artikelnummer-neos-11310","8":"pa_brand-neos-music","9":"pa_ean-454","10":"desktop-align-left","11":"tablet-align-left","12":"mobile-align-left","14":"first","15":"instock","16":"taxable","17":"shipping-taxable","18":"purchasable","19":"product-type-simple"},"yoast_head":"<!-- This site is optimized with the Yoast SEO plugin v27.4 - https:\/\/yoast.com\/product\/yoast-seo-wordpress\/ -->\n<title>Denis Schuler: THE LINES - Solos &amp; Duets Cycle - NEOS Music<\/title>\n<meta name=\"robots\" content=\"index, follow, max-snippet:-1, max-image-preview:large, max-video-preview:-1\" \/>\n<link rel=\"canonical\" href=\"https:\/\/neos-music.com\/en_us\/product\/denis-schuler-the-lines-solos-duets-cycle\/\" \/>\n<meta property=\"og:locale\" content=\"en_US\" \/>\n<meta property=\"og:type\" content=\"article\" \/>\n<meta property=\"og:title\" content=\"Denis Schuler: THE LINES - Solos &amp; Duets Cycle - NEOS Music\" \/>\n<meta property=\"og:description\" content=\"Infotext: THE LINES The Lines\u00a0ist ein Kompositionszyklus mit Solo- und Duost\u00fccken, der, beeinflusst durch den Roman\u00a0Mrs. Dalloway\u00a0von Virginia Woolf (1925), eine Reflexion \u00fcber die \u00bbLinien der Zeit\u00ab thematisiert. Diese Serie intimer St\u00fccke beleuchtet Innerlichkeiten und \u00c4u\u00dferlichkeiten und untersucht das Zusammenwirken von Dauer und Form im Hinblick auf Musiker und Instrument. Jedes St\u00fcck hat eine klare [&hellip;]\" \/>\n<meta property=\"og:url\" content=\"https:\/\/neos-music.com\/en_us\/product\/denis-schuler-the-lines-solos-duets-cycle\/\" \/>\n<meta property=\"og:site_name\" content=\"NEOS Music\" \/>\n<meta property=\"article:modified_time\" content=\"2022-11-18T13:55:26+00:00\" \/>\n<meta property=\"og:image\" content=\"https:\/\/neos-music.com\/wp-content\/uploads\/2022\/11\/NEOS_11310_Schuler.jpeg\" \/>\n\t<meta property=\"og:image:width\" content=\"1648\" \/>\n\t<meta property=\"og:image:height\" content=\"1481\" \/>\n\t<meta property=\"og:image:type\" content=\"image\/jpeg\" \/>\n<meta name=\"twitter:card\" content=\"summary_large_image\" \/>\n<meta name=\"twitter:label1\" content=\"Est. reading time\" \/>\n\t<meta name=\"twitter:data1\" content=\"7 minutes\" \/>\n<script type=\"application\/ld+json\" class=\"yoast-schema-graph\">{\"@context\":\"https:\\\/\\\/schema.org\",\"@graph\":[{\"@type\":\"WebPage\",\"@id\":\"https:\\\/\\\/neos-music.com\\\/product\\\/denis-schuler-the-lines-solos-duets-cycle\\\/\",\"url\":\"https:\\\/\\\/neos-music.com\\\/product\\\/denis-schuler-the-lines-solos-duets-cycle\\\/\",\"name\":\"Denis Schuler: THE LINES - Solos & Duets Cycle - NEOS Music\",\"isPartOf\":{\"@id\":\"https:\\\/\\\/neos-music.com\\\/#website\"},\"primaryImageOfPage\":{\"@id\":\"https:\\\/\\\/neos-music.com\\\/product\\\/denis-schuler-the-lines-solos-duets-cycle\\\/#primaryimage\"},\"image\":{\"@id\":\"https:\\\/\\\/neos-music.com\\\/product\\\/denis-schuler-the-lines-solos-duets-cycle\\\/#primaryimage\"},\"thumbnailUrl\":\"https:\\\/\\\/i0.wp.com\\\/neos-music.com\\\/wp-content\\\/uploads\\\/2022\\\/11\\\/NEOS_11310_Schuler.jpeg?fit=1648%2C1481&ssl=1\",\"datePublished\":\"2014-01-07T13:53:31+00:00\",\"dateModified\":\"2022-11-18T13:55:26+00:00\",\"breadcrumb\":{\"@id\":\"https:\\\/\\\/neos-music.com\\\/product\\\/denis-schuler-the-lines-solos-duets-cycle\\\/#breadcrumb\"},\"inLanguage\":\"en-US\",\"potentialAction\":[{\"@type\":\"ReadAction\",\"target\":[\"https:\\\/\\\/neos-music.com\\\/product\\\/denis-schuler-the-lines-solos-duets-cycle\\\/\"]}]},{\"@type\":\"ImageObject\",\"inLanguage\":\"en-US\",\"@id\":\"https:\\\/\\\/neos-music.com\\\/product\\\/denis-schuler-the-lines-solos-duets-cycle\\\/#primaryimage\",\"url\":\"https:\\\/\\\/i0.wp.com\\\/neos-music.com\\\/wp-content\\\/uploads\\\/2022\\\/11\\\/NEOS_11310_Schuler.jpeg?fit=1648%2C1481&ssl=1\",\"contentUrl\":\"https:\\\/\\\/i0.wp.com\\\/neos-music.com\\\/wp-content\\\/uploads\\\/2022\\\/11\\\/NEOS_11310_Schuler.jpeg?fit=1648%2C1481&ssl=1\",\"width\":1648,\"height\":1481},{\"@type\":\"BreadcrumbList\",\"@id\":\"https:\\\/\\\/neos-music.com\\\/product\\\/denis-schuler-the-lines-solos-duets-cycle\\\/#breadcrumb\",\"itemListElement\":[{\"@type\":\"ListItem\",\"position\":1,\"name\":\"Startseite\",\"item\":\"https:\\\/\\\/neos-music.com\\\/\"},{\"@type\":\"ListItem\",\"position\":2,\"name\":\"Produkte\",\"item\":\"https:\\\/\\\/neos-music.com\\\/shop__trashed\\\/\"},{\"@type\":\"ListItem\",\"position\":3,\"name\":\"Denis Schuler: THE LINES &#8211; Solos &#038; Duets Cycle\"}]},{\"@type\":\"WebSite\",\"@id\":\"https:\\\/\\\/neos-music.com\\\/#website\",\"url\":\"https:\\\/\\\/neos-music.com\\\/\",\"name\":\"NEOS Music\",\"description\":\"Dein Online Shop f\u00fcr zeitgen\u00f6ssische Musik, Jazz und Classics!\",\"publisher\":{\"@id\":\"https:\\\/\\\/neos-music.com\\\/#organization\"},\"potentialAction\":[{\"@type\":\"SearchAction\",\"target\":{\"@type\":\"EntryPoint\",\"urlTemplate\":\"https:\\\/\\\/neos-music.com\\\/?s={search_term_string}\"},\"query-input\":{\"@type\":\"PropertyValueSpecification\",\"valueRequired\":true,\"valueName\":\"search_term_string\"}}],\"inLanguage\":\"en-US\"},{\"@type\":\"Organization\",\"@id\":\"https:\\\/\\\/neos-music.com\\\/#organization\",\"name\":\"NEOS Music\",\"url\":\"https:\\\/\\\/neos-music.com\\\/\",\"logo\":{\"@type\":\"ImageObject\",\"inLanguage\":\"en-US\",\"@id\":\"https:\\\/\\\/neos-music.com\\\/#\\\/schema\\\/logo\\\/image\\\/\",\"url\":\"https:\\\/\\\/i0.wp.com\\\/neos-music.com\\\/wp-content\\\/uploads\\\/2025\\\/08\\\/NEOS-Logo-weiss.png?fit=800%2C203&ssl=1\",\"contentUrl\":\"https:\\\/\\\/i0.wp.com\\\/neos-music.com\\\/wp-content\\\/uploads\\\/2025\\\/08\\\/NEOS-Logo-weiss.png?fit=800%2C203&ssl=1\",\"width\":800,\"height\":203,\"caption\":\"NEOS Music\"},\"image\":{\"@id\":\"https:\\\/\\\/neos-music.com\\\/#\\\/schema\\\/logo\\\/image\\\/\"}}]}<\/script>\n<!-- \/ Yoast SEO plugin. -->","yoast_head_json":{"title":"Denis Schuler: THE LINES - Solos & Duets Cycle - NEOS Music","robots":{"index":"index","follow":"follow","max-snippet":"max-snippet:-1","max-image-preview":"max-image-preview:large","max-video-preview":"max-video-preview:-1"},"canonical":"https:\/\/neos-music.com\/en_us\/product\/denis-schuler-the-lines-solos-duets-cycle\/","og_locale":"en_US","og_type":"article","og_title":"Denis Schuler: THE LINES - Solos & Duets Cycle - NEOS Music","og_description":"Infotext: THE LINES The Lines\u00a0ist ein Kompositionszyklus mit Solo- und Duost\u00fccken, der, beeinflusst durch den Roman\u00a0Mrs. Dalloway\u00a0von Virginia Woolf (1925), eine Reflexion \u00fcber die \u00bbLinien der Zeit\u00ab thematisiert. Diese Serie intimer St\u00fccke beleuchtet Innerlichkeiten und \u00c4u\u00dferlichkeiten und untersucht das Zusammenwirken von Dauer und Form im Hinblick auf Musiker und Instrument. Jedes St\u00fcck hat eine klare [&hellip;]","og_url":"https:\/\/neos-music.com\/en_us\/product\/denis-schuler-the-lines-solos-duets-cycle\/","og_site_name":"NEOS Music","article_modified_time":"2022-11-18T13:55:26+00:00","og_image":[{"width":1648,"height":1481,"url":"https:\/\/neos-music.com\/wp-content\/uploads\/2022\/11\/NEOS_11310_Schuler.jpeg","type":"image\/jpeg"}],"twitter_card":"summary_large_image","twitter_misc":{"Est. reading time":"7 minutes"},"schema":{"@context":"https:\/\/schema.org","@graph":[{"@type":"WebPage","@id":"https:\/\/neos-music.com\/product\/denis-schuler-the-lines-solos-duets-cycle\/","url":"https:\/\/neos-music.com\/product\/denis-schuler-the-lines-solos-duets-cycle\/","name":"Denis Schuler: THE LINES - Solos & Duets Cycle - NEOS Music","isPartOf":{"@id":"https:\/\/neos-music.com\/#website"},"primaryImageOfPage":{"@id":"https:\/\/neos-music.com\/product\/denis-schuler-the-lines-solos-duets-cycle\/#primaryimage"},"image":{"@id":"https:\/\/neos-music.com\/product\/denis-schuler-the-lines-solos-duets-cycle\/#primaryimage"},"thumbnailUrl":"https:\/\/i0.wp.com\/neos-music.com\/wp-content\/uploads\/2022\/11\/NEOS_11310_Schuler.jpeg?fit=1648%2C1481&ssl=1","datePublished":"2014-01-07T13:53:31+00:00","dateModified":"2022-11-18T13:55:26+00:00","breadcrumb":{"@id":"https:\/\/neos-music.com\/product\/denis-schuler-the-lines-solos-duets-cycle\/#breadcrumb"},"inLanguage":"en-US","potentialAction":[{"@type":"ReadAction","target":["https:\/\/neos-music.com\/product\/denis-schuler-the-lines-solos-duets-cycle\/"]}]},{"@type":"ImageObject","inLanguage":"en-US","@id":"https:\/\/neos-music.com\/product\/denis-schuler-the-lines-solos-duets-cycle\/#primaryimage","url":"https:\/\/i0.wp.com\/neos-music.com\/wp-content\/uploads\/2022\/11\/NEOS_11310_Schuler.jpeg?fit=1648%2C1481&ssl=1","contentUrl":"https:\/\/i0.wp.com\/neos-music.com\/wp-content\/uploads\/2022\/11\/NEOS_11310_Schuler.jpeg?fit=1648%2C1481&ssl=1","width":1648,"height":1481},{"@type":"BreadcrumbList","@id":"https:\/\/neos-music.com\/product\/denis-schuler-the-lines-solos-duets-cycle\/#breadcrumb","itemListElement":[{"@type":"ListItem","position":1,"name":"Startseite","item":"https:\/\/neos-music.com\/"},{"@type":"ListItem","position":2,"name":"Produkte","item":"https:\/\/neos-music.com\/shop__trashed\/"},{"@type":"ListItem","position":3,"name":"Denis Schuler: THE LINES &#8211; Solos &#038; Duets Cycle"}]},{"@type":"WebSite","@id":"https:\/\/neos-music.com\/#website","url":"https:\/\/neos-music.com\/","name":"NEOS Music","description":"Dein Online Shop f\u00fcr zeitgen\u00f6ssische Musik, Jazz und Classics!","publisher":{"@id":"https:\/\/neos-music.com\/#organization"},"potentialAction":[{"@type":"SearchAction","target":{"@type":"EntryPoint","urlTemplate":"https:\/\/neos-music.com\/?s={search_term_string}"},"query-input":{"@type":"PropertyValueSpecification","valueRequired":true,"valueName":"search_term_string"}}],"inLanguage":"en-US"},{"@type":"Organization","@id":"https:\/\/neos-music.com\/#organization","name":"NEOS Music","url":"https:\/\/neos-music.com\/","logo":{"@type":"ImageObject","inLanguage":"en-US","@id":"https:\/\/neos-music.com\/#\/schema\/logo\/image\/","url":"https:\/\/i0.wp.com\/neos-music.com\/wp-content\/uploads\/2025\/08\/NEOS-Logo-weiss.png?fit=800%2C203&ssl=1","contentUrl":"https:\/\/i0.wp.com\/neos-music.com\/wp-content\/uploads\/2025\/08\/NEOS-Logo-weiss.png?fit=800%2C203&ssl=1","width":800,"height":203,"caption":"NEOS Music"},"image":{"@id":"https:\/\/neos-music.com\/#\/schema\/logo\/image\/"}}]}},"jetpack_sharing_enabled":true,"_links":{"self":[{"href":"https:\/\/neos-music.com\/en_us\/wp-json\/wp\/v2\/product\/2902","targetHints":{"allow":["GET"]}}],"collection":[{"href":"https:\/\/neos-music.com\/en_us\/wp-json\/wp\/v2\/product"}],"about":[{"href":"https:\/\/neos-music.com\/en_us\/wp-json\/wp\/v2\/types\/product"}],"version-history":[{"count":0,"href":"https:\/\/neos-music.com\/en_us\/wp-json\/wp\/v2\/product\/2902\/revisions"}],"wp:featuredmedia":[{"embeddable":true,"href":"https:\/\/neos-music.com\/en_us\/wp-json\/wp\/v2\/media\/2903"}],"wp:attachment":[{"href":"https:\/\/neos-music.com\/en_us\/wp-json\/wp\/v2\/media?parent=2902"}],"wp:term":[{"taxonomy":"product_brand","embeddable":true,"href":"https:\/\/neos-music.com\/en_us\/wp-json\/wp\/v2\/product_brand?post=2902"},{"taxonomy":"product_cat","embeddable":true,"href":"https:\/\/neos-music.com\/en_us\/wp-json\/wp\/v2\/product_cat?post=2902"},{"taxonomy":"product_tag","embeddable":true,"href":"https:\/\/neos-music.com\/en_us\/wp-json\/wp\/v2\/product_tag?post=2902"}],"curies":[{"name":"wp","href":"https:\/\/api.w.org\/{rel}","templated":true}]}}