{"id":2959,"date":"2012-07-10T18:50:35","date_gmt":"2012-07-10T18:50:35","guid":{"rendered":"https:\/\/neos-music.com\/?post_type=product&#038;p=2959"},"modified":"2022-11-18T18:52:53","modified_gmt":"2022-11-18T18:52:53","slug":"toshio-hosokawa-solo-concertos-vol-2","status":"publish","type":"product","link":"https:\/\/neos-music.com\/en_us\/product\/toshio-hosokawa-solo-concertos-vol-2\/","title":{"rendered":"Toshio Hosokawa: Solo Concertos Vol. 2"},"content":{"rendered":"<p>Infotext:<\/p>\n<table border=\"0\" width=\"100%\" rules=\"none\" cellspacing=\"0\" cellpadding=\"0\">\n<tbody>\n<tr>\n<td class=\"bigcontent2\">\n<div id=\"infotext\">\n<p><b>Verwandlung und Reisen ins Innere<\/b><\/p>\n<p>Durch Isang Yun, seinen ersten Kompositionslehrer in Deutschland, begriff Toshio Hosokawa, \u00bbwas es hei\u00dft, Asiate zu sein\u00ab. Damals lernte er die postserielle neue Musik kennen, eine Musik farbiger Klangfl\u00e4chen, in die Yun ostasiatische Stilelemente wie lang ausgehaltene Kl\u00e4nge, verschiedene Glissando- und Pizzicato-Arten sowie zahllose Ornamente inkorporierte. Vermittelte ihm Yun das Wirken von Yin und Yang in der Musik, so lernte er durch T\u00f4ru Takemitsu, der ihm jahrelang ein Vorbild war und den er Anfang der 1980er Jahre auch pers\u00f6nlich kennenlernte, die \u00c4sthetik der Stille kennen, die f\u00fcr die Herausbildung seines Personalstils wesentlich wurde.<\/p>\n<p>\u00bbSchweigen oder Leere \u2013 das kann auch Schatten sein. Schweigen und Kl\u00e4nge, Schatten und Licht \u2013 auch das ist Yin und Yang. Man kann das auf ganz verschiedene Weise deuten \u2026 Takemitsu hat mich hier sehr beeinflusst; er forderte Kl\u00e4nge \u203aso stark wie das Schweigen\u2039.\u00ab Ein weiterer Einfluss ging von Helmut Lachenmann aus: Ger\u00e4uschhaft verfremdete Kl\u00e4nge tragen dazu bei, dass der Orchesterapparat zum Instrument f\u00fcr eine eigene besondere Musiksprache wurde, wobei Hosokawa vor allem den Piano-Bereich ausdifferenzierte und weiterentwickelte. Hosokawa gelingt es, die Klangfarben der einzelnen Instrumente und Instrumentengruppen einander derart anzun\u00e4hern, dass eine einheitliche, homogene Farbe entsteht und seine Orchestertuttis oft einen orgelartig atmenden Klang entfalten.<\/p>\n<p>Takemitsu f\u00f6rderte Hosokawa auch praktisch, indem er ihm Auff\u00fchrungen bei Festivals in Tokyo 1982 (Music Today), London 1991 oder Seattle 1992 verschaffte. Sein Tod am 20. Februar 1996 (nur wenige Monate nach Isang Yuns Tod am 3. November 1995) l\u00f6ste eine Betroffenheit aus, die zu zwei In-memoriam-Kompositionen f\u00fchrte: F\u00fcr den Kinderchor \u00bbLittle Singers of Tokyo\u00ab entstand das Requiem\u00a0<i>Singing Trees<\/i>\u00a0(1996\/97) und als Auftragswerk f\u00fcr ein Portr\u00e4tkonzert in der Suntory Hall in Tokyo 1997 das\u00a0<i>Cello Concerto \u2013 In memory of T\u00f4ru Takemitsu<\/i>\u00a0(1997). Auch diese zweite In-memoriam-Komposition, die Hosokawa f\u00fcr Takemitsu schrieb, erscheint als eine Art Requiem.<\/p>\n<p>Das am 6. Oktober 1997 von Julius Berger und dem Tokyo Metropolitan Symphony Orchestra unter Naohiro Totsuka uraufgef\u00fchrte Werk hat vier Teile, die vielleicht eine Lebensgeschichte andeuten. Lang gezogenen T\u00f6nen, die allm\u00e4hlich ansteigen, steht eine zweite Ebene erdhaft tiefer Kl\u00e4nge gegen\u00fcber; ein katastrophisches Tutti beschlie\u00dft den ersten Teil. Das Cello dominiert auch den zweiten Teil, in den diverse Pizzicato-Effekte und fallende Gesten inkorporiert sind. Kollektiv schattenhaft wirkt der langsame dritte Teil, in dem einzelne Kl\u00e4nge des Orchesters, das die Natur bzw. \u00e4u\u00dfere Welt symbolisiert, heraustreten und mit dem Cello dialogisieren. Auf die Solo-Kadenz des Cellisten erscheint eine Elevatio; der Aufstieg in eine dem Diesseits enthobene h\u00f6here Welt wird zumindest angedeutet.<\/p>\n<p>Als\u00a0<i>Voyage<\/i>\u00a0bezeichnet Hosokawa eine Reihe von Solokonzerten, bei denen der Solist, das lyrische Ich, nicht einem Orchester, sondern der kleineren Besetzung eines Instrumentalensembles gegen\u00fcbersteht.\u00a0<i>Voyage<\/i>\u00a0bedeutet hier \u00bbReise nach innen\u00ab, eine Atemmeditation, bei der die Technik der \u00bbkreisenden Zeit\u00ab, des \u00bbKommens und Gehens\u00ab, des Aus- und Einatmens f\u00fcr die kompositorische Organisation des in sich bewegten Klangs wesentlich ist.<\/p>\n<p><i>Voyage VII<\/i>\u00a0f\u00fcr Trompete und Streicher mit Schlagzeug (2005), ein Auftragswerk des Norddeutschen Rundfunks (f\u00fcr die Konzertreihe \u203adas neue werk\u2039), wurde in Hamburg am 17. Juli 2005 von einem Ensemble der Orchesterakademie des Schleswig-Holstein Musik Festivals unter Leitung von Toshio Hosokawa uraufgef\u00fchrt. Er widmete\u00a0<i>Voyage VII<\/i>\u00a0dem Solisten dieser Urauff\u00fchrung, dem aus Belgien stammenden Trompeter Jeroen Berwaerts.<\/p>\n<p>Zu Beginn \u00bbmalt\u00ab Hosokawa Windger\u00e4usche, entlockt den langsam glissandierenden Streichern \u00e4therische Flageolettwirkungen. Raffiniert entwickelt Hosokawa die (anfangs sordinierte) Stimme der Trompete. Die zun\u00e4chst k\u00fcrzeren Phrasen verkettet er zu l\u00e4ngeren und feiner gewebten melodischen Bildungen bis hin zu einer gro\u00dfen dramatischen Steigerung. Eine Coda bringt den R\u00fcckzug ins Innere.<\/p>\n<p><i>Metamorphosis<\/i>\u00a0f\u00fcr Klarinette und Streichorchester mit Schlagzeug (2000) entstand f\u00fcr das Lucerne Festival, das 2000 unter dem Motto \u00bbMetamorphosen\u00ab stand. Sabine Meyer, der das Werk gewidmet ist, spielte die Urauff\u00fchrung mit dem Chamber Orchestra of Europe unter der Leitung von Heinz Holliger. Das Streichorchester wird in dieser Komposition durch ein Echo-Orchester (sechs Violinen, Cello, Kontrabass) erg\u00e4nzt, um differenzierte raumakustische Klangwirkungen zu erzielen. (Im Cellokonzert setzt Hosokawa ebenfalls eine Echogruppe, ein Echo der Blechbl\u00e4ser, ein). Auch dieses St\u00fcck folgt einer Steigerungsdramaturgie und erweckt den Eindruck eines Dramas, das sich ohne Worte vollzieht. Den Titel\u00a0<i>Metamorphosis<\/i>\u00a0bezieht Hosokawa auf die Gegen\u00fcberstellung und Kombination, auf das Wachstum und die Vernetzung musikalischer Zellen: hohe und tiefe Lagen, weit geschwungene Aufw\u00e4rtsgesten, Abbr\u00fcche, leise wiegendes Cantabile, schwingende Ausweitung im Raum, Vereinigung mit dem Orchesterklang, Solo-Kadenz und naturhaft-r\u00e4umlicher Ausklang.<\/p>\n<p>Walter-Wolfgang Sparrer<\/p>\n<\/div>\n<\/td>\n<td><\/td>\n<\/tr>\n<\/tbody>\n<\/table>\n<p>Programm:<\/p>\n<p>[01]\u00a0<b>Cello Concerto<\/b>\u00a0(1997) 18:46<br \/>\n<i>In memory of Toru Takemitsu<\/i><\/p>\n<p><a class=\"arcoma_glossarylink\" href=\"https:\/\/neos-music.com\/output.php?content=Kuenstler\/Saram_Rohan_de.php&amp;treplace=english%2Cgerman\" target=\"_self\" rel=\"noopener\">Rohan de Saram<\/a>, cello<\/p>\n<p>[02]\u00a0<b>Voyage VII<\/b>\u00a0(2005) 15:29<br \/>\nfor trumpet and strings with percussion<\/p>\n<p><a class=\"arcoma_glossarylink\" href=\"https:\/\/neos-music.com\/output.php?content=Kuenstler\/Berwaerts_Jeroen.php&amp;treplace=english%2Cgerman\" target=\"_self\" rel=\"noopener\">Jeroen Berwaerts<\/a>, trumpet<\/p>\n<p>[03]\u00a0<b>Metamorphosis<\/b>\u00a0(2000) 16:00<br \/>\nfor clarinet and string orchestra with percussion<\/p>\n<p><a class=\"arcoma_glossarylink\" href=\"https:\/\/neos-music.com\/output.php?content=Kuenstler\/Dartevelle_Olivier.php&amp;treplace=english%2Cgerman\" target=\"_self\" rel=\"noopener\">Olivier Dartevelle<\/a>, clarinet<\/p>\n<p>total time: 50:22<\/p>\n<p><a class=\"arcoma_glossarylink\" href=\"https:\/\/neos-music.com\/output.php?content=Kuenstler\/Orchestre_Philharmonique_du_Luxembourg.php&amp;treplace=english%2Cgerman\" target=\"_self\" rel=\"noopener\">Orchestre Philharmonique du Luxembourg<\/a><br \/>\n<a class=\"arcoma_glossarylink\" href=\"https:\/\/neos-music.com\/output.php?content=Kuenstler\/Robert_HP_Platz.php&amp;treplace=english%2Cgerman\" target=\"_self\" rel=\"noopener\">Robert HP Platz<\/a>, conductor<\/p>\n<p>Pressestimmen:<\/p>\n<p><img data-recalc-dims=\"1\" decoding=\"async\" src=\"https:\/\/i0.wp.com\/neos-music.com\/images\/news\/logo_FonoForum.gif?ssl=1\" \/><br \/>\n12\/12<\/p>\n<p><b>Musikalisches aus Fernost<\/b><\/p>\n<p>Wann und warum klingt Neue Musik asiatisch? Sowohl bei dem Japaner Toru Takemitsu als auch bei dem Koreaner Isang Yun tauchen musikalische Parameter der westlichen Avantgarde auf. Und trotzdem verortet man diese Musik eindeutig im Asiatischen.<\/p>\n<p>Das gilt auch f\u00fcr deren Sch\u00fcler Toshio Hosokawa (Jg. 1955). Immerhin orientiert der sich h\u00f6rbar am Grundton, den er oft vor allen anderen Klangaktionen implantiert. Auch in seinem Cellokonzert, das er 1997 als Trauerarbeit in Erinnerung an Toru Takemitsu schrieb, dominiert ein solcher Bezugston das Geschehen. Vom Cellisten Rohan de Saram intensiv in allen dynamischen Schattierungenintoniert, durchl\u00e4uft er vielfache Modulationen, die sich im changierenden Gegen\u00fcber von Soloinstrument und Orchester ergeben. Ein Ton, scheint uns diese Musik sagen zu wollen, ist ein lebendiges, sich st\u00e4ndig wandelndes und doch immer gleiches Gesch\u00f6pf. Dabei erweist sich Hosokawa als Meister der Steigerung, des Crescendo, aber auch der minimalistischen Zartheit des Pianissimo.<\/p>\n<p>Im Trompetenkonzert &#8222;Voyage VII&#8220; entsteigt das wehm\u00fctige Geschehen gleichsam dem Sirenengesang der Streicher, die gegenl\u00e4ufig glissandierendeKlangb\u00e4nder pr\u00e4sentieren. Scharf setzt die Solotrompete von Jeroen Berwaerts ein, arbeitet sich immer st\u00e4rker vor.<\/p>\n<p>Hosokawa scheint auf Taktstrukturen zu verzichten zugunsten von weit flie\u00dfenden, schillernden Tonbildungen. Tats\u00e4chlich erzeugt er in seinen St\u00fccken schiere Spannung, die sich aber nie vollst\u00e4ndig entl\u00e4dt.<\/p>\n<p>Auch das Klarinettenkonzert ist im spiegelnden Contre von Solist und Streichorchester aufgebaut. Auch hier begegnen uns dramatisch aufw\u00fchlende Momente. Die Klarinette von Olivier Dartevelle ber\u00fchrt dabei bewusst die Grenze des \u00dcberblasens.<\/p>\n<p><i>Tilman Urbach<\/i><\/p>\n<p><b>Musik<\/b>\u00a0<img data-recalc-dims=\"1\" decoding=\"async\" src=\"https:\/\/i0.wp.com\/neos-music.com\/images\/news\/stars4.gif?ssl=1\" \/><br \/>\n<b>Klang\u00a0<img data-recalc-dims=\"1\" decoding=\"async\" src=\"https:\/\/i0.wp.com\/neos-music.com\/images\/news\/stars4-5.gif?ssl=1\" \/><\/b><\/p>\n","protected":false},"excerpt":{"rendered":"<p>Infotext: Verwandlung und Reisen ins Innere Durch Isang Yun, seinen ersten Kompositionslehrer in Deutschland, begriff Toshio Hosokawa, \u00bbwas es hei\u00dft, Asiate zu sein\u00ab. Damals lernte er die postserielle neue Musik kennen, eine Musik farbiger Klangfl\u00e4chen, in die Yun ostasiatische Stilelemente wie lang ausgehaltene Kl\u00e4nge, verschiedene Glissando- und Pizzicato-Arten sowie zahllose Ornamente inkorporierte. Vermittelte ihm Yun [&hellip;]<\/p>\n","protected":false},"featured_media":2960,"template":"","meta":{"site-sidebar-layout":"default","site-content-layout":"default","ast-site-content-layout":"default","site-content-style":"default","site-sidebar-style":"default","ast-global-header-display":"","ast-banner-title-visibility":"","ast-main-header-display":"","ast-hfb-above-header-display":"","ast-hfb-below-header-display":"","ast-hfb-mobile-header-display":"","site-post-title":"","ast-breadcrumbs-content":"","ast-featured-img":"","footer-sml-layout":"","theme-transparent-header-meta":"default","adv-header-id-meta":"","stick-header-meta":"","header-above-stick-meta":"","header-main-stick-meta":"","header-below-stick-meta":"","astra-migrate-meta-layouts":"default","ast-page-background-enabled":"default","ast-page-background-meta":{"desktop":{"background-color":"","background-image":"","background-repeat":"repeat","background-position":"center center","background-size":"auto","background-attachment":"scroll","background-type":"","background-media":"","overlay-type":"","overlay-color":"","overlay-opacity":"","overlay-gradient":""},"tablet":{"background-color":"","background-image":"","background-repeat":"repeat","background-position":"center center","background-size":"auto","background-attachment":"scroll","background-type":"","background-media":"","overlay-type":"","overlay-color":"","overlay-opacity":"","overlay-gradient":""},"mobile":{"background-color":"","background-image":"","background-repeat":"repeat","background-position":"center center","background-size":"auto","background-attachment":"scroll","background-type":"","background-media":"","overlay-type":"","overlay-color":"","overlay-opacity":"","overlay-gradient":""}},"ast-content-background-meta":{"desktop":{"background-color":"var(--ast-global-color-5)","background-image":"","background-repeat":"repeat","background-position":"center center","background-size":"auto","background-attachment":"scroll","background-type":"","background-media":"","overlay-type":"","overlay-color":"","overlay-opacity":"","overlay-gradient":""},"tablet":{"background-color":"var(--ast-global-color-5)","background-image":"","background-repeat":"repeat","background-position":"center center","background-size":"auto","background-attachment":"scroll","background-type":"","background-media":"","overlay-type":"","overlay-color":"","overlay-opacity":"","overlay-gradient":""},"mobile":{"background-color":"var(--ast-global-color-5)","background-image":"","background-repeat":"repeat","background-position":"center center","background-size":"auto","background-attachment":"scroll","background-type":"","background-media":"","overlay-type":"","overlay-color":"","overlay-opacity":"","overlay-gradient":""}}},"product_brand":[],"product_cat":[26],"product_tag":[],"class_list":{"0":"post-2959","1":"product","2":"type-product","3":"status-publish","4":"has-post-thumbnail","6":"product_cat-zeitgenossische-musik","7":"pa_artikelnummer-neos-11028","8":"pa_brand-neos-music","9":"pa_ean-508","10":"desktop-align-left","11":"tablet-align-left","12":"mobile-align-left","14":"first","15":"instock","16":"taxable","17":"shipping-taxable","18":"purchasable","19":"product-type-simple"},"yoast_head":"<!-- This site is optimized with the Yoast SEO plugin v27.4 - https:\/\/yoast.com\/product\/yoast-seo-wordpress\/ -->\n<title>Toshio Hosokawa: Solo Concertos Vol. 2 - NEOS Music<\/title>\n<meta name=\"robots\" content=\"index, follow, max-snippet:-1, max-image-preview:large, max-video-preview:-1\" \/>\n<link rel=\"canonical\" href=\"https:\/\/neos-music.com\/en_us\/product\/toshio-hosokawa-solo-concertos-vol-2\/\" \/>\n<meta property=\"og:locale\" content=\"en_US\" \/>\n<meta property=\"og:type\" content=\"article\" \/>\n<meta property=\"og:title\" content=\"Toshio Hosokawa: Solo Concertos Vol. 2 - NEOS Music\" \/>\n<meta property=\"og:description\" content=\"Infotext: Verwandlung und Reisen ins Innere Durch Isang Yun, seinen ersten Kompositionslehrer in Deutschland, begriff Toshio Hosokawa, \u00bbwas es hei\u00dft, Asiate zu sein\u00ab. Damals lernte er die postserielle neue Musik kennen, eine Musik farbiger Klangfl\u00e4chen, in die Yun ostasiatische Stilelemente wie lang ausgehaltene Kl\u00e4nge, verschiedene Glissando- und Pizzicato-Arten sowie zahllose Ornamente inkorporierte. Vermittelte ihm Yun [&hellip;]\" \/>\n<meta property=\"og:url\" content=\"https:\/\/neos-music.com\/en_us\/product\/toshio-hosokawa-solo-concertos-vol-2\/\" \/>\n<meta property=\"og:site_name\" content=\"NEOS Music\" \/>\n<meta property=\"article:modified_time\" content=\"2022-11-18T18:52:53+00:00\" \/>\n<meta property=\"og:image\" content=\"https:\/\/neos-music.com\/wp-content\/uploads\/2022\/11\/NEOS_11028_Hosokawa.jpeg\" \/>\n\t<meta property=\"og:image:width\" content=\"1647\" \/>\n\t<meta property=\"og:image:height\" content=\"1482\" \/>\n\t<meta property=\"og:image:type\" content=\"image\/jpeg\" \/>\n<meta name=\"twitter:card\" content=\"summary_large_image\" \/>\n<meta name=\"twitter:label1\" content=\"Est. reading time\" \/>\n\t<meta name=\"twitter:data1\" content=\"5 minutes\" \/>\n<script type=\"application\/ld+json\" class=\"yoast-schema-graph\">{\"@context\":\"https:\\\/\\\/schema.org\",\"@graph\":[{\"@type\":\"WebPage\",\"@id\":\"https:\\\/\\\/neos-music.com\\\/product\\\/toshio-hosokawa-solo-concertos-vol-2\\\/\",\"url\":\"https:\\\/\\\/neos-music.com\\\/product\\\/toshio-hosokawa-solo-concertos-vol-2\\\/\",\"name\":\"Toshio Hosokawa: Solo Concertos Vol. 2 - NEOS Music\",\"isPartOf\":{\"@id\":\"https:\\\/\\\/neos-music.com\\\/#website\"},\"primaryImageOfPage\":{\"@id\":\"https:\\\/\\\/neos-music.com\\\/product\\\/toshio-hosokawa-solo-concertos-vol-2\\\/#primaryimage\"},\"image\":{\"@id\":\"https:\\\/\\\/neos-music.com\\\/product\\\/toshio-hosokawa-solo-concertos-vol-2\\\/#primaryimage\"},\"thumbnailUrl\":\"https:\\\/\\\/i0.wp.com\\\/neos-music.com\\\/wp-content\\\/uploads\\\/2022\\\/11\\\/NEOS_11028_Hosokawa.jpeg?fit=1647%2C1482&ssl=1\",\"datePublished\":\"2012-07-10T18:50:35+00:00\",\"dateModified\":\"2022-11-18T18:52:53+00:00\",\"breadcrumb\":{\"@id\":\"https:\\\/\\\/neos-music.com\\\/product\\\/toshio-hosokawa-solo-concertos-vol-2\\\/#breadcrumb\"},\"inLanguage\":\"en-US\",\"potentialAction\":[{\"@type\":\"ReadAction\",\"target\":[\"https:\\\/\\\/neos-music.com\\\/product\\\/toshio-hosokawa-solo-concertos-vol-2\\\/\"]}]},{\"@type\":\"ImageObject\",\"inLanguage\":\"en-US\",\"@id\":\"https:\\\/\\\/neos-music.com\\\/product\\\/toshio-hosokawa-solo-concertos-vol-2\\\/#primaryimage\",\"url\":\"https:\\\/\\\/i0.wp.com\\\/neos-music.com\\\/wp-content\\\/uploads\\\/2022\\\/11\\\/NEOS_11028_Hosokawa.jpeg?fit=1647%2C1482&ssl=1\",\"contentUrl\":\"https:\\\/\\\/i0.wp.com\\\/neos-music.com\\\/wp-content\\\/uploads\\\/2022\\\/11\\\/NEOS_11028_Hosokawa.jpeg?fit=1647%2C1482&ssl=1\",\"width\":1647,\"height\":1482},{\"@type\":\"BreadcrumbList\",\"@id\":\"https:\\\/\\\/neos-music.com\\\/product\\\/toshio-hosokawa-solo-concertos-vol-2\\\/#breadcrumb\",\"itemListElement\":[{\"@type\":\"ListItem\",\"position\":1,\"name\":\"Startseite\",\"item\":\"https:\\\/\\\/neos-music.com\\\/\"},{\"@type\":\"ListItem\",\"position\":2,\"name\":\"Produkte\",\"item\":\"https:\\\/\\\/neos-music.com\\\/shop__trashed\\\/\"},{\"@type\":\"ListItem\",\"position\":3,\"name\":\"Toshio Hosokawa: Solo Concertos Vol. 2\"}]},{\"@type\":\"WebSite\",\"@id\":\"https:\\\/\\\/neos-music.com\\\/#website\",\"url\":\"https:\\\/\\\/neos-music.com\\\/\",\"name\":\"NEOS Music\",\"description\":\"Dein Online Shop f\u00fcr zeitgen\u00f6ssische Musik, Jazz und Classics!\",\"publisher\":{\"@id\":\"https:\\\/\\\/neos-music.com\\\/#organization\"},\"potentialAction\":[{\"@type\":\"SearchAction\",\"target\":{\"@type\":\"EntryPoint\",\"urlTemplate\":\"https:\\\/\\\/neos-music.com\\\/?s={search_term_string}\"},\"query-input\":{\"@type\":\"PropertyValueSpecification\",\"valueRequired\":true,\"valueName\":\"search_term_string\"}}],\"inLanguage\":\"en-US\"},{\"@type\":\"Organization\",\"@id\":\"https:\\\/\\\/neos-music.com\\\/#organization\",\"name\":\"NEOS Music\",\"url\":\"https:\\\/\\\/neos-music.com\\\/\",\"logo\":{\"@type\":\"ImageObject\",\"inLanguage\":\"en-US\",\"@id\":\"https:\\\/\\\/neos-music.com\\\/#\\\/schema\\\/logo\\\/image\\\/\",\"url\":\"https:\\\/\\\/i0.wp.com\\\/neos-music.com\\\/wp-content\\\/uploads\\\/2025\\\/08\\\/NEOS-Logo-weiss.png?fit=800%2C203&ssl=1\",\"contentUrl\":\"https:\\\/\\\/i0.wp.com\\\/neos-music.com\\\/wp-content\\\/uploads\\\/2025\\\/08\\\/NEOS-Logo-weiss.png?fit=800%2C203&ssl=1\",\"width\":800,\"height\":203,\"caption\":\"NEOS Music\"},\"image\":{\"@id\":\"https:\\\/\\\/neos-music.com\\\/#\\\/schema\\\/logo\\\/image\\\/\"}}]}<\/script>\n<!-- \/ Yoast SEO plugin. -->","yoast_head_json":{"title":"Toshio Hosokawa: Solo Concertos Vol. 2 - NEOS Music","robots":{"index":"index","follow":"follow","max-snippet":"max-snippet:-1","max-image-preview":"max-image-preview:large","max-video-preview":"max-video-preview:-1"},"canonical":"https:\/\/neos-music.com\/en_us\/product\/toshio-hosokawa-solo-concertos-vol-2\/","og_locale":"en_US","og_type":"article","og_title":"Toshio Hosokawa: Solo Concertos Vol. 2 - NEOS Music","og_description":"Infotext: Verwandlung und Reisen ins Innere Durch Isang Yun, seinen ersten Kompositionslehrer in Deutschland, begriff Toshio Hosokawa, \u00bbwas es hei\u00dft, Asiate zu sein\u00ab. Damals lernte er die postserielle neue Musik kennen, eine Musik farbiger Klangfl\u00e4chen, in die Yun ostasiatische Stilelemente wie lang ausgehaltene Kl\u00e4nge, verschiedene Glissando- und Pizzicato-Arten sowie zahllose Ornamente inkorporierte. Vermittelte ihm Yun [&hellip;]","og_url":"https:\/\/neos-music.com\/en_us\/product\/toshio-hosokawa-solo-concertos-vol-2\/","og_site_name":"NEOS Music","article_modified_time":"2022-11-18T18:52:53+00:00","og_image":[{"width":1647,"height":1482,"url":"https:\/\/neos-music.com\/wp-content\/uploads\/2022\/11\/NEOS_11028_Hosokawa.jpeg","type":"image\/jpeg"}],"twitter_card":"summary_large_image","twitter_misc":{"Est. reading time":"5 minutes"},"schema":{"@context":"https:\/\/schema.org","@graph":[{"@type":"WebPage","@id":"https:\/\/neos-music.com\/product\/toshio-hosokawa-solo-concertos-vol-2\/","url":"https:\/\/neos-music.com\/product\/toshio-hosokawa-solo-concertos-vol-2\/","name":"Toshio Hosokawa: Solo Concertos Vol. 2 - NEOS Music","isPartOf":{"@id":"https:\/\/neos-music.com\/#website"},"primaryImageOfPage":{"@id":"https:\/\/neos-music.com\/product\/toshio-hosokawa-solo-concertos-vol-2\/#primaryimage"},"image":{"@id":"https:\/\/neos-music.com\/product\/toshio-hosokawa-solo-concertos-vol-2\/#primaryimage"},"thumbnailUrl":"https:\/\/i0.wp.com\/neos-music.com\/wp-content\/uploads\/2022\/11\/NEOS_11028_Hosokawa.jpeg?fit=1647%2C1482&ssl=1","datePublished":"2012-07-10T18:50:35+00:00","dateModified":"2022-11-18T18:52:53+00:00","breadcrumb":{"@id":"https:\/\/neos-music.com\/product\/toshio-hosokawa-solo-concertos-vol-2\/#breadcrumb"},"inLanguage":"en-US","potentialAction":[{"@type":"ReadAction","target":["https:\/\/neos-music.com\/product\/toshio-hosokawa-solo-concertos-vol-2\/"]}]},{"@type":"ImageObject","inLanguage":"en-US","@id":"https:\/\/neos-music.com\/product\/toshio-hosokawa-solo-concertos-vol-2\/#primaryimage","url":"https:\/\/i0.wp.com\/neos-music.com\/wp-content\/uploads\/2022\/11\/NEOS_11028_Hosokawa.jpeg?fit=1647%2C1482&ssl=1","contentUrl":"https:\/\/i0.wp.com\/neos-music.com\/wp-content\/uploads\/2022\/11\/NEOS_11028_Hosokawa.jpeg?fit=1647%2C1482&ssl=1","width":1647,"height":1482},{"@type":"BreadcrumbList","@id":"https:\/\/neos-music.com\/product\/toshio-hosokawa-solo-concertos-vol-2\/#breadcrumb","itemListElement":[{"@type":"ListItem","position":1,"name":"Startseite","item":"https:\/\/neos-music.com\/"},{"@type":"ListItem","position":2,"name":"Produkte","item":"https:\/\/neos-music.com\/shop__trashed\/"},{"@type":"ListItem","position":3,"name":"Toshio Hosokawa: Solo Concertos Vol. 2"}]},{"@type":"WebSite","@id":"https:\/\/neos-music.com\/#website","url":"https:\/\/neos-music.com\/","name":"NEOS Music","description":"Dein Online Shop f\u00fcr zeitgen\u00f6ssische Musik, Jazz und Classics!","publisher":{"@id":"https:\/\/neos-music.com\/#organization"},"potentialAction":[{"@type":"SearchAction","target":{"@type":"EntryPoint","urlTemplate":"https:\/\/neos-music.com\/?s={search_term_string}"},"query-input":{"@type":"PropertyValueSpecification","valueRequired":true,"valueName":"search_term_string"}}],"inLanguage":"en-US"},{"@type":"Organization","@id":"https:\/\/neos-music.com\/#organization","name":"NEOS Music","url":"https:\/\/neos-music.com\/","logo":{"@type":"ImageObject","inLanguage":"en-US","@id":"https:\/\/neos-music.com\/#\/schema\/logo\/image\/","url":"https:\/\/i0.wp.com\/neos-music.com\/wp-content\/uploads\/2025\/08\/NEOS-Logo-weiss.png?fit=800%2C203&ssl=1","contentUrl":"https:\/\/i0.wp.com\/neos-music.com\/wp-content\/uploads\/2025\/08\/NEOS-Logo-weiss.png?fit=800%2C203&ssl=1","width":800,"height":203,"caption":"NEOS Music"},"image":{"@id":"https:\/\/neos-music.com\/#\/schema\/logo\/image\/"}}]}},"jetpack_sharing_enabled":true,"_links":{"self":[{"href":"https:\/\/neos-music.com\/en_us\/wp-json\/wp\/v2\/product\/2959","targetHints":{"allow":["GET"]}}],"collection":[{"href":"https:\/\/neos-music.com\/en_us\/wp-json\/wp\/v2\/product"}],"about":[{"href":"https:\/\/neos-music.com\/en_us\/wp-json\/wp\/v2\/types\/product"}],"version-history":[{"count":0,"href":"https:\/\/neos-music.com\/en_us\/wp-json\/wp\/v2\/product\/2959\/revisions"}],"wp:featuredmedia":[{"embeddable":true,"href":"https:\/\/neos-music.com\/en_us\/wp-json\/wp\/v2\/media\/2960"}],"wp:attachment":[{"href":"https:\/\/neos-music.com\/en_us\/wp-json\/wp\/v2\/media?parent=2959"}],"wp:term":[{"taxonomy":"product_brand","embeddable":true,"href":"https:\/\/neos-music.com\/en_us\/wp-json\/wp\/v2\/product_brand?post=2959"},{"taxonomy":"product_cat","embeddable":true,"href":"https:\/\/neos-music.com\/en_us\/wp-json\/wp\/v2\/product_cat?post=2959"},{"taxonomy":"product_tag","embeddable":true,"href":"https:\/\/neos-music.com\/en_us\/wp-json\/wp\/v2\/product_tag?post=2959"}],"curies":[{"name":"wp","href":"https:\/\/api.w.org\/{rel}","templated":true}]}}