{"id":2963,"date":"2012-06-22T18:55:19","date_gmt":"2012-06-22T18:55:19","guid":{"rendered":"https:\/\/neos-music.com\/?post_type=product&#038;p=2963"},"modified":"2023-01-08T17:49:57","modified_gmt":"2023-01-08T17:49:57","slug":"friedrich-cerha-string-quartets-nos-3-4-eight-movements-after-hoelderlin-fragments","status":"publish","type":"product","link":"https:\/\/neos-music.com\/en_us\/product\/friedrich-cerha-string-quartets-nos-3-4-eight-movements-after-hoelderlin-fragments\/","title":{"rendered":"Friedrich Cerha: String Quartets Nos. 3 &#038; 4 &#8211; Eight Movements after H\u00f6lderlin Fragments"},"content":{"rendered":"<p>Infotext:<\/p>\n<table border=\"0\" width=\"100%\" rules=\"none\" cellspacing=\"0\" cellpadding=\"0\">\n<tbody>\n<tr>\n<td class=\"bigcontent2\">\n<div id=\"infotext\">\n<p><b>3. Streichquartett<\/b>\u00a0(1991\/92)<\/p>\n<p>Es geh\u00f6rt zu den Charakteristika meiner k\u00fcnstlerischen Entwicklung, mit einigen Werken immer wieder in f\u00fcr mich neue Vorstellungsbereiche vorzusto\u00dfen und das Erreichte dann\u00a0 m\u00f6glichst organisch in meine bisherigen Erfahrungen einzubinden. Das\u00a0<i>3. Streichquartett<\/i>\u00a0geh\u00f6rt sicher der letzteren Phase an.<\/p>\n<p>Elemente au\u00dfereurop\u00e4ischer Musik, die mich in meinen ersten beiden Quartetten vielf\u00e4ltig besch\u00e4ftigt haben, spielen hier eine untergeordnete Rolle. Das Werk besteht aus sechs kurzen S\u00e4tzen, in denen alles auf scharfe, klare Zeichnung mitunter stark wechselnder Charaktere, auf knappe Darstellung des oft expressiven musikalischen Verlaufs abgestellt ist.<\/p>\n<p>Den ersten Satz pr\u00e4gt ein Gegensatzpaar, ein\u00a0<i>Furioso<\/i>\u00a0und ein etwas ruhigerer, kantabler Teil, die in vielf\u00e4ltiger Weise mehrfach wieder erscheinen.<\/p>\n<p>Im ersten Abschnitt des zweiten Satzes weitet sich eine am Steg gespielte\u00a0<i>pp<\/i>-Bewegung \u00fcber regelm\u00e4\u00dfigen Vierteln im Cello immer weiter aus; sie wird im Schlussteil\u00a0<i>sul ponticello<\/i>\u00a0wieder aufgenommen und verebbt im\u00a0<i>pp<\/i>. Die beiden Teile schlie\u00dfen eine kantable Episode ein, in der eine meiner Slowakischen Erinnerungen aus der Kindheit anklingt.<\/p>\n<p>Vielf\u00e4ltige, sich wandelnde Charaktere pr\u00e4gen den besonders vielgliedrigen dritten Satz. In einen der Abschnitte ist eine von zentralafrikanischen Motiven angeregte Linie der Bratsche verwoben.<\/p>\n<p>Der vierte Satz,\u00a0<i>Intermezzo<\/i>, kommt aus einem Bereich, den ich f\u00fcr mich als \u00bbJan\u00e1\u00e8ek-Komplex\u00ab bezeichnet habe. Expressive synkopische\u00a0 Figuren wechseln mit einer raschen, huschenden Bewegung im\u00a0<i>Spiccato<\/i>\u00a0und einer ruhig flie\u00dfenden.<\/p>\n<p>Im f\u00fcnften Satz bewegt sich eine Melodie der Bratsche, dann der Geige in hoher Lage \u00fcber gleichm\u00e4\u00dfigen Achteln der \u00fcbrigen Instrumente. Kurz wird im Cello ein Motiv zitiert, das aus papuanischer Musik kommt. Der Satz schlie\u00dft mit der erw\u00e4hnten Achtelbewegung im\u00a0<i>Fortissimo<\/i>. Er geht\u00a0<i>attaca<\/i>\u00a0in den letzten Satz, eine Art Perpetuum mobile, \u00fcber. Alles bewegt sich in rasender Geschwindigkeit im\u00a0<i>p<\/i>\u00a0und\u00a0<i>pp<\/i>, in dem der Spuk endet.<\/p>\n<p><b>4. Streichquartett<\/b>\u00a0(2001)<\/p>\n<p>W\u00e4hrend im\u00a0<i>3. Streichquartett<\/i>\u00a0die sechs S\u00e4tze trotz ihrer Vielgliedrigkeit in sich geschlossene Einheiten von kennzeichnenden Charakteren sind, gibt es im\u00a0<i>4. Streichquartett<\/i>\u00a0zwar auch gegens\u00e4tzliche Abschnitte, es kommt aber durch Reminiszenzen, Allusionen und Reprisen zu so vielf\u00e4ltigen\u00a0 Querverbindungen, dass der Gesamteindruck eher der eines zusammenh\u00e4ngenden Organismus ist.<\/p>\n<p>Eine sehr langsame Introduktion exponiert die charakteristischen Intervallfolgen des St\u00fccks. Ihr folgt im\u00a0<i>fff<\/i>\u00a0ein l\u00e4ngerer\u00a0<i>Furioso<\/i>-Abschnitt, der in allen vier Instrumenten aus pausendurchsetzten Sechzehntelbewegungen besteht. Schlie\u00dflich bleibt eine Floskel \u00bbh\u00e4ngen\u00ab und wird im\u00a0<i>mf<\/i>\u00a0wiederholt; dann setzt sich das\u00a0<i>fff-Furioso<\/i>\u00a0fort.<\/p>\n<p>Dieser Vorgang setzt einen Prozess in Gang, in dem die\u00a0<i>Furioso<\/i>-Abschnitte zwischen den wiederholten Floskeln immer k\u00fcrzer und die Anzahl der T\u00f6ne innerhalb der Floskel immer kleiner werden, die Zahl der Wiederholungen aber immer gr\u00f6\u00dfer, bis am Ende eine nur mehr aus drei T\u00f6nen bestehende Floskel f\u00fcnfzehnmal wiederholt wird. Im H\u00f6ren bringt das ein allm\u00e4hliches Innewerden, ein Durchschauen eines prozessualen Verlaufs.<\/p>\n<p>Ein langsamer Abschnitt kn\u00fcpft dann an die Introduktion an, die Bewegung beschleunigt sich aber und geht in einen raschen Teil \u00fcber, in dem kleine, pl\u00f6tzliche Inseln im\u00a0<i>f<\/i>\u00a0und\u00a0<i>ff<\/i>\u00a0aus dem Geschehen herausragen.<\/p>\n<p>Ein\u00a0<i>Ritardando<\/i>\u00a0leitet zu einem sehr langsamen \u00bbSatz\u00ab (<i>con sordino<\/i>) \u00fcber, in dessen ersten und dritten Abschnitt in allen Instrumenten unruhige, rasche Figuren eingestreut sind, die an Vorhergehendes erinnern.<\/p>\n<p>Zwei\u00a0<i>Energico marcato<\/i>\u00a0bezeichnete Teile umrahmen den ruhigen Mittelteil des n\u00e4chsten gr\u00f6\u00dferen Formteils. Er m\u00fcndet in eine Reprise des\u00a0<i>Furioso<\/i>-Abschnitts, in dem sich der oben beschriebene Prozess \u2013 nur verknappt und nat\u00fcrlich nicht w\u00f6rtlich \u2013 wiederholt. Am Ende f\u00fchrt die Bewegung hin\u00fcber in den \u00bbvon \u00e4u\u00dferster Ruhe\u00ab getragenen letzten Abschnitt, in dem einige rasche, isolierte Figuren an den langsamen Mittel-\u00bbSatz\u00ab erinnern. In gleichm\u00e4\u00dfigen Vierteln zu eingestreuten\u00a0<i>Pizzicati<\/i>\u00a0klingt das St\u00fcck aus.<\/p>\n<p><b>Acht S\u00e4tze nach H\u00f6lderlin-Fragmenten<\/b>\u00a0f\u00fcr Streichsextett (1995)<\/p>\n<p>Ich habe 1994 wiederholt den ganzen H\u00f6lderlin gelesen und mir zahlreiche aus den Versen gewonnene Sprachmelodien notiert, die ich, weil ich ja die Texte nie singen lassen wollte, in zunehmendem Ma\u00df musikalisch stilisierte. Der Auftrag zu einem Streichsextett f\u00fchrte zun\u00e4chst wieder zur Idee, den musikalischen Satz unmittelbar aus den Sprachgef\u00e4llen zu entwickeln. Da sich das Verfahren aber bald als zu eng erwies, habe ich auf meine Sprachmelodien zur\u00fcckgegriffen und sie in einer sehr freien, h\u00f6chst stilisierten Weise weiterentwickelt \u2013 ausgenommen im letzten Satz, der in seiner monomanen Zust\u00e4ndlichkeit vom Tonfall des Textes ganz unabh\u00e4ngig ist.<\/p>\n<p>Auf den sehr langsamen, von einer eigenartig hellen D\u00fcsternis gepr\u00e4gten ersten Satz folgt der f\u00fcnfteilige zweite, in dem rasche Dramatik und eine ruhiger flie\u00dfende Bewegung variabel das Geschehen bestimmen. Fahl-schwebend wirkt der langsame dritte Satz. Der vierte Satz ist ein\u00a0<i>Presto misterioso<\/i>; die rasend eilende Bewegung ist wohl von jener der \u00bbWasser\u00ab inspiriert.<\/p>\n<p>Der sehr ruhige f\u00fcnfte Satz ist gepr\u00e4gt durch ein marcato einsetzendes \u00bbNachdruck-Motiv\u00ab, eine Linie von Violine und Cello und ein immer wieder pl\u00f6tzlich auffahrendes Motiv der Bratsche. Den sechsten Satz charakterisiert unstete Wildheit, ein rascher Wechsel von Rhythmen und h\u00e4ufige Taktwechsel, unterbrochen durch einen ruhigeren Mittel-Abschnitt.<\/p>\n<p>Seine Wiederkehr f\u00fchrt in den sehr ruhig-fl\u00e4chigen siebten Satz \u00fcber, der nahtlos in den achten und letzten Satz \u00fcbergeht. Hier gibt es keinerlei Pulsation mehr und weder tonale Zentren noch Themenbildungen. Lang gehaltene T\u00f6ne, rasche, gleichsam einen Ton umspielende, ornamentale Figuren, die \u2013 wie aus weiter Ferne \u2013 an Au\u00dfereurop\u00e4isches erinnern, und\u00a0<i>Glissandi<\/i>\u00a0charakterisieren ihn. Der Satz beginnt sehr hoch und bewegt sich in einem gro\u00dfen\u00a0<i>Crescendo<\/i>\u00a0kontinuierlich, aber fast unmerklich nach unten, um am Schluss\u00a0<i>diminuendo<\/i>\u00a0in tiefster D\u00fcsternis zu enden.<\/p>\n<p>Am Ende stellte ich mir die nicht leicht zu beantwortende Frage, ob es Sinn macht, dem H\u00f6rer und auch den ausf\u00fchrenden Musikern die Texte mitzuteilen, von denen ich ausgegangen bin, zumal es sich ja in keiner Weise um Programmmusik handelt. Ich habe es getan, weil ich darin doch einen Hinweis auf die emotionelle Grundhaltung der einzelnen S\u00e4tze sehe, und auch weil ich eine so wichtige Quelle meiner Arbeit nicht verschweigen wollte.<\/p>\n<p>Friedrich Cerha<\/p>\n<\/div>\n<\/td>\n<td><\/td>\n<\/tr>\n<\/tbody>\n<\/table>\n<p>Programm:<\/p>\n<p><b>String Quartet No. 3<\/b>\u00a0(1991\/1992) 18:17<\/p>\n<p>[01]\u00a0<b>I. furioso<\/b>\u00a001:23<br \/>\n[02]\u00a0<b>II. Elegie<\/b>\u00a006:01<br \/>\n[03]\u00a0<b>III. con spirito<\/b>\u00a002:39<br \/>\n[04]\u00a0<b>IV. Intermezzo<\/b>\u00a003:44<br \/>\n[05]\u00a0<b>V. sehr ruhig<\/b>\u00a003:08<br \/>\n[06]\u00a0<b>VI. sehr ruhig<\/b>\u00a001:22<\/p>\n<p>[07]\u00a0<b>String Quartet No. 4<\/b>\u00a0(2001) 19:56<br \/>\n\u00c4u\u00dferst ruhig. Furioso. Energico, marcato. Von \u00e4u\u00dferster Ruhe<\/p>\n<p><b>Eight Movements after H\u00f6lderlin Fragments<\/b>\u00a024:51<br \/>\nfor string sextet (1995)<\/p>\n<p>[08]\u00a0<b>I. Sch\u00f6nes Leben! Du liegst krank, und das Herz ist mir m\u00fcd\u2026<\/b>\u00a002:34<br \/>\n[09]\u00a0<b>II. Doch uns ist gegeben\u2026<\/b>\u00a002:37<br \/>\n[10]\u00a0<b>III. Es kommen Stunden, wo das ersch\u00fctterte gepresste Herz\u2026<\/b>\u00a001:48<br \/>\n[11]\u00a0<b>IV. Wie wenn die alten W\u00e4sser in andrem Zorn\u2026<\/b>\u00a002:30<br \/>\n[12]\u00a0<b>V. Die Linien des Lebens sind verschieden\u2026<\/b>\u00a003:04<br \/>\n[13]\u00a0<b>VI. Und unstet wehn und irren, dem Chaos gleich\u2026<\/b>\u00a002:44<br \/>\n[14]\u00a0<b>VII. Weh mir, wo nehm\u2019 ich, wenn es Winter ist, die Blumen\u2026<\/b>\u00a003:24<br \/>\n[15]\u00a0<b>VIII. Das Herz ist wieder wach\u2026<\/b>\u00a006:10<\/p>\n<p>total time: 64:07<\/p>\n<p><b><a class=\"arcoma_glossarylink\" href=\"https:\/\/neos-music.com\/output.php?content=Kuenstler\/Stadler_Quartett.php&amp;treplace=english%2Cgerman\" target=\"_self\" rel=\"noopener\">stadler quartett<\/a><\/b><br \/>\nFrank Stadler, 1st violin<br \/>\nIzso Bajusz, 2nd violin<br \/>\nPredrag Katanic, viola<br \/>\nPeter Sigl, violoncello<\/p>\n<p>Ulrike Jaeger, viola [08\u201315]<br \/>\nSebesty\u00e9n Ludm\u00e1ny, violoncello [08\u201315]<\/p>\n<p>Pressestimmen:<\/p>\n<p><img data-recalc-dims=\"1\" decoding=\"async\" src=\"https:\/\/i0.wp.com\/neos-music.com\/images\/news\/logo_nzz-_2.jpg?ssl=1\" \/><br \/>\n23.06.2012<\/p>\n<p><img data-recalc-dims=\"1\" decoding=\"async\" src=\"https:\/\/i0.wp.com\/neos-music.com\/images\/news\/Cerha_NZZ_120623.jpg?ssl=1\" \/><\/p>\n","protected":false},"excerpt":{"rendered":"<p>Infotext: 3. Streichquartett\u00a0(1991\/92) Es geh\u00f6rt zu den Charakteristika meiner k\u00fcnstlerischen Entwicklung, mit einigen Werken immer wieder in f\u00fcr mich neue Vorstellungsbereiche vorzusto\u00dfen und das Erreichte dann\u00a0 m\u00f6glichst organisch in meine bisherigen Erfahrungen einzubinden. Das\u00a03. Streichquartett\u00a0geh\u00f6rt sicher der letzteren Phase an. Elemente au\u00dfereurop\u00e4ischer Musik, die mich in meinen ersten beiden Quartetten vielf\u00e4ltig besch\u00e4ftigt haben, spielen hier [&hellip;]<\/p>\n","protected":false},"featured_media":2964,"template":"","meta":{"site-sidebar-layout":"default","site-content-layout":"default","ast-site-content-layout":"default","site-content-style":"default","site-sidebar-style":"default","ast-global-header-display":"","ast-banner-title-visibility":"","ast-main-header-display":"","ast-hfb-above-header-display":"","ast-hfb-below-header-display":"","ast-hfb-mobile-header-display":"","site-post-title":"","ast-breadcrumbs-content":"","ast-featured-img":"","footer-sml-layout":"","theme-transparent-header-meta":"default","adv-header-id-meta":"","stick-header-meta":"","header-above-stick-meta":"","header-main-stick-meta":"","header-below-stick-meta":"","astra-migrate-meta-layouts":"default","ast-page-background-enabled":"default","ast-page-background-meta":{"desktop":{"background-color":"","background-image":"","background-repeat":"repeat","background-position":"center center","background-size":"auto","background-attachment":"scroll","background-type":"","background-media":"","overlay-type":"","overlay-color":"","overlay-opacity":"","overlay-gradient":""},"tablet":{"background-color":"","background-image":"","background-repeat":"repeat","background-position":"center center","background-size":"auto","background-attachment":"scroll","background-type":"","background-media":"","overlay-type":"","overlay-color":"","overlay-opacity":"","overlay-gradient":""},"mobile":{"background-color":"","background-image":"","background-repeat":"repeat","background-position":"center center","background-size":"auto","background-attachment":"scroll","background-type":"","background-media":"","overlay-type":"","overlay-color":"","overlay-opacity":"","overlay-gradient":""}},"ast-content-background-meta":{"desktop":{"background-color":"var(--ast-global-color-5)","background-image":"","background-repeat":"repeat","background-position":"center center","background-size":"auto","background-attachment":"scroll","background-type":"","background-media":"","overlay-type":"","overlay-color":"","overlay-opacity":"","overlay-gradient":""},"tablet":{"background-color":"var(--ast-global-color-5)","background-image":"","background-repeat":"repeat","background-position":"center center","background-size":"auto","background-attachment":"scroll","background-type":"","background-media":"","overlay-type":"","overlay-color":"","overlay-opacity":"","overlay-gradient":""},"mobile":{"background-color":"var(--ast-global-color-5)","background-image":"","background-repeat":"repeat","background-position":"center center","background-size":"auto","background-attachment":"scroll","background-type":"","background-media":"","overlay-type":"","overlay-color":"","overlay-opacity":"","overlay-gradient":""}}},"product_brand":[],"product_cat":[878,26],"product_tag":[],"class_list":{"0":"post-2963","1":"product","2":"type-product","3":"status-publish","4":"has-post-thumbnail","6":"product_cat-streichquartett","7":"product_cat-zeitgenossische-musik","8":"pa_artikelnummer-neos-11217","9":"pa_brand-neos-music","10":"pa_ean-513","11":"desktop-align-left","12":"tablet-align-left","13":"mobile-align-left","15":"first","16":"instock","17":"taxable","18":"shipping-taxable","19":"purchasable","20":"product-type-simple"},"yoast_head":"<!-- This site is optimized with the Yoast SEO plugin v27.4 - https:\/\/yoast.com\/product\/yoast-seo-wordpress\/ -->\n<title>Friedrich Cerha: String Quartets Nos. 3 &amp; 4 - Eight Movements after H\u00f6lderlin Fragments - NEOS Music<\/title>\n<meta name=\"robots\" content=\"index, follow, max-snippet:-1, max-image-preview:large, max-video-preview:-1\" \/>\n<link rel=\"canonical\" href=\"https:\/\/neos-music.com\/en_us\/product\/friedrich-cerha-string-quartets-nos-3-4-eight-movements-after-hoelderlin-fragments\/\" \/>\n<meta property=\"og:locale\" content=\"en_US\" \/>\n<meta property=\"og:type\" content=\"article\" \/>\n<meta property=\"og:title\" content=\"Friedrich Cerha: String Quartets Nos. 3 &amp; 4 - Eight Movements after H\u00f6lderlin Fragments - NEOS Music\" \/>\n<meta property=\"og:description\" content=\"Infotext: 3. Streichquartett\u00a0(1991\/92) Es geh\u00f6rt zu den Charakteristika meiner k\u00fcnstlerischen Entwicklung, mit einigen Werken immer wieder in f\u00fcr mich neue Vorstellungsbereiche vorzusto\u00dfen und das Erreichte dann\u00a0 m\u00f6glichst organisch in meine bisherigen Erfahrungen einzubinden. Das\u00a03. Streichquartett\u00a0geh\u00f6rt sicher der letzteren Phase an. Elemente au\u00dfereurop\u00e4ischer Musik, die mich in meinen ersten beiden Quartetten vielf\u00e4ltig besch\u00e4ftigt haben, spielen hier [&hellip;]\" \/>\n<meta property=\"og:url\" content=\"https:\/\/neos-music.com\/en_us\/product\/friedrich-cerha-string-quartets-nos-3-4-eight-movements-after-hoelderlin-fragments\/\" \/>\n<meta property=\"og:site_name\" content=\"NEOS Music\" \/>\n<meta property=\"article:modified_time\" content=\"2023-01-08T17:49:57+00:00\" \/>\n<meta property=\"og:image\" content=\"https:\/\/neos-music.com\/wp-content\/uploads\/2022\/11\/NEOS_11217_Cerha.jpeg\" \/>\n\t<meta property=\"og:image:width\" content=\"1648\" \/>\n\t<meta property=\"og:image:height\" content=\"1483\" \/>\n\t<meta property=\"og:image:type\" content=\"image\/jpeg\" \/>\n<meta name=\"twitter:card\" content=\"summary_large_image\" \/>\n<meta name=\"twitter:label1\" content=\"Est. reading time\" \/>\n\t<meta name=\"twitter:data1\" content=\"6 minutes\" \/>\n<script type=\"application\/ld+json\" class=\"yoast-schema-graph\">{\"@context\":\"https:\\\/\\\/schema.org\",\"@graph\":[{\"@type\":\"WebPage\",\"@id\":\"https:\\\/\\\/neos-music.com\\\/product\\\/friedrich-cerha-string-quartets-nos-3-4-eight-movements-after-hoelderlin-fragments\\\/\",\"url\":\"https:\\\/\\\/neos-music.com\\\/product\\\/friedrich-cerha-string-quartets-nos-3-4-eight-movements-after-hoelderlin-fragments\\\/\",\"name\":\"Friedrich Cerha: String Quartets Nos. 3 & 4 - Eight Movements after H\u00f6lderlin Fragments - NEOS Music\",\"isPartOf\":{\"@id\":\"https:\\\/\\\/neos-music.com\\\/#website\"},\"primaryImageOfPage\":{\"@id\":\"https:\\\/\\\/neos-music.com\\\/product\\\/friedrich-cerha-string-quartets-nos-3-4-eight-movements-after-hoelderlin-fragments\\\/#primaryimage\"},\"image\":{\"@id\":\"https:\\\/\\\/neos-music.com\\\/product\\\/friedrich-cerha-string-quartets-nos-3-4-eight-movements-after-hoelderlin-fragments\\\/#primaryimage\"},\"thumbnailUrl\":\"https:\\\/\\\/i0.wp.com\\\/neos-music.com\\\/wp-content\\\/uploads\\\/2022\\\/11\\\/NEOS_11217_Cerha.jpeg?fit=1648%2C1483&ssl=1\",\"datePublished\":\"2012-06-22T18:55:19+00:00\",\"dateModified\":\"2023-01-08T17:49:57+00:00\",\"breadcrumb\":{\"@id\":\"https:\\\/\\\/neos-music.com\\\/product\\\/friedrich-cerha-string-quartets-nos-3-4-eight-movements-after-hoelderlin-fragments\\\/#breadcrumb\"},\"inLanguage\":\"en-US\",\"potentialAction\":[{\"@type\":\"ReadAction\",\"target\":[\"https:\\\/\\\/neos-music.com\\\/product\\\/friedrich-cerha-string-quartets-nos-3-4-eight-movements-after-hoelderlin-fragments\\\/\"]}]},{\"@type\":\"ImageObject\",\"inLanguage\":\"en-US\",\"@id\":\"https:\\\/\\\/neos-music.com\\\/product\\\/friedrich-cerha-string-quartets-nos-3-4-eight-movements-after-hoelderlin-fragments\\\/#primaryimage\",\"url\":\"https:\\\/\\\/i0.wp.com\\\/neos-music.com\\\/wp-content\\\/uploads\\\/2022\\\/11\\\/NEOS_11217_Cerha.jpeg?fit=1648%2C1483&ssl=1\",\"contentUrl\":\"https:\\\/\\\/i0.wp.com\\\/neos-music.com\\\/wp-content\\\/uploads\\\/2022\\\/11\\\/NEOS_11217_Cerha.jpeg?fit=1648%2C1483&ssl=1\",\"width\":1648,\"height\":1483},{\"@type\":\"BreadcrumbList\",\"@id\":\"https:\\\/\\\/neos-music.com\\\/product\\\/friedrich-cerha-string-quartets-nos-3-4-eight-movements-after-hoelderlin-fragments\\\/#breadcrumb\",\"itemListElement\":[{\"@type\":\"ListItem\",\"position\":1,\"name\":\"Startseite\",\"item\":\"https:\\\/\\\/neos-music.com\\\/\"},{\"@type\":\"ListItem\",\"position\":2,\"name\":\"Produkte\",\"item\":\"https:\\\/\\\/neos-music.com\\\/shop__trashed\\\/\"},{\"@type\":\"ListItem\",\"position\":3,\"name\":\"Friedrich Cerha: String Quartets Nos. 3 &#038; 4 &#8211; Eight Movements after H\u00f6lderlin Fragments\"}]},{\"@type\":\"WebSite\",\"@id\":\"https:\\\/\\\/neos-music.com\\\/#website\",\"url\":\"https:\\\/\\\/neos-music.com\\\/\",\"name\":\"NEOS Music\",\"description\":\"Dein Online Shop f\u00fcr zeitgen\u00f6ssische Musik, Jazz und Classics!\",\"publisher\":{\"@id\":\"https:\\\/\\\/neos-music.com\\\/#organization\"},\"potentialAction\":[{\"@type\":\"SearchAction\",\"target\":{\"@type\":\"EntryPoint\",\"urlTemplate\":\"https:\\\/\\\/neos-music.com\\\/?s={search_term_string}\"},\"query-input\":{\"@type\":\"PropertyValueSpecification\",\"valueRequired\":true,\"valueName\":\"search_term_string\"}}],\"inLanguage\":\"en-US\"},{\"@type\":\"Organization\",\"@id\":\"https:\\\/\\\/neos-music.com\\\/#organization\",\"name\":\"NEOS Music\",\"url\":\"https:\\\/\\\/neos-music.com\\\/\",\"logo\":{\"@type\":\"ImageObject\",\"inLanguage\":\"en-US\",\"@id\":\"https:\\\/\\\/neos-music.com\\\/#\\\/schema\\\/logo\\\/image\\\/\",\"url\":\"https:\\\/\\\/i0.wp.com\\\/neos-music.com\\\/wp-content\\\/uploads\\\/2025\\\/08\\\/NEOS-Logo-weiss.png?fit=800%2C203&ssl=1\",\"contentUrl\":\"https:\\\/\\\/i0.wp.com\\\/neos-music.com\\\/wp-content\\\/uploads\\\/2025\\\/08\\\/NEOS-Logo-weiss.png?fit=800%2C203&ssl=1\",\"width\":800,\"height\":203,\"caption\":\"NEOS Music\"},\"image\":{\"@id\":\"https:\\\/\\\/neos-music.com\\\/#\\\/schema\\\/logo\\\/image\\\/\"}}]}<\/script>\n<!-- \/ Yoast SEO plugin. -->","yoast_head_json":{"title":"Friedrich Cerha: String Quartets Nos. 3 & 4 - Eight Movements after H\u00f6lderlin Fragments - NEOS Music","robots":{"index":"index","follow":"follow","max-snippet":"max-snippet:-1","max-image-preview":"max-image-preview:large","max-video-preview":"max-video-preview:-1"},"canonical":"https:\/\/neos-music.com\/en_us\/product\/friedrich-cerha-string-quartets-nos-3-4-eight-movements-after-hoelderlin-fragments\/","og_locale":"en_US","og_type":"article","og_title":"Friedrich Cerha: String Quartets Nos. 3 & 4 - Eight Movements after H\u00f6lderlin Fragments - NEOS Music","og_description":"Infotext: 3. Streichquartett\u00a0(1991\/92) Es geh\u00f6rt zu den Charakteristika meiner k\u00fcnstlerischen Entwicklung, mit einigen Werken immer wieder in f\u00fcr mich neue Vorstellungsbereiche vorzusto\u00dfen und das Erreichte dann\u00a0 m\u00f6glichst organisch in meine bisherigen Erfahrungen einzubinden. Das\u00a03. Streichquartett\u00a0geh\u00f6rt sicher der letzteren Phase an. Elemente au\u00dfereurop\u00e4ischer Musik, die mich in meinen ersten beiden Quartetten vielf\u00e4ltig besch\u00e4ftigt haben, spielen hier [&hellip;]","og_url":"https:\/\/neos-music.com\/en_us\/product\/friedrich-cerha-string-quartets-nos-3-4-eight-movements-after-hoelderlin-fragments\/","og_site_name":"NEOS Music","article_modified_time":"2023-01-08T17:49:57+00:00","og_image":[{"width":1648,"height":1483,"url":"https:\/\/neos-music.com\/wp-content\/uploads\/2022\/11\/NEOS_11217_Cerha.jpeg","type":"image\/jpeg"}],"twitter_card":"summary_large_image","twitter_misc":{"Est. reading time":"6 minutes"},"schema":{"@context":"https:\/\/schema.org","@graph":[{"@type":"WebPage","@id":"https:\/\/neos-music.com\/product\/friedrich-cerha-string-quartets-nos-3-4-eight-movements-after-hoelderlin-fragments\/","url":"https:\/\/neos-music.com\/product\/friedrich-cerha-string-quartets-nos-3-4-eight-movements-after-hoelderlin-fragments\/","name":"Friedrich Cerha: String Quartets Nos. 3 & 4 - Eight Movements after H\u00f6lderlin Fragments - NEOS Music","isPartOf":{"@id":"https:\/\/neos-music.com\/#website"},"primaryImageOfPage":{"@id":"https:\/\/neos-music.com\/product\/friedrich-cerha-string-quartets-nos-3-4-eight-movements-after-hoelderlin-fragments\/#primaryimage"},"image":{"@id":"https:\/\/neos-music.com\/product\/friedrich-cerha-string-quartets-nos-3-4-eight-movements-after-hoelderlin-fragments\/#primaryimage"},"thumbnailUrl":"https:\/\/i0.wp.com\/neos-music.com\/wp-content\/uploads\/2022\/11\/NEOS_11217_Cerha.jpeg?fit=1648%2C1483&ssl=1","datePublished":"2012-06-22T18:55:19+00:00","dateModified":"2023-01-08T17:49:57+00:00","breadcrumb":{"@id":"https:\/\/neos-music.com\/product\/friedrich-cerha-string-quartets-nos-3-4-eight-movements-after-hoelderlin-fragments\/#breadcrumb"},"inLanguage":"en-US","potentialAction":[{"@type":"ReadAction","target":["https:\/\/neos-music.com\/product\/friedrich-cerha-string-quartets-nos-3-4-eight-movements-after-hoelderlin-fragments\/"]}]},{"@type":"ImageObject","inLanguage":"en-US","@id":"https:\/\/neos-music.com\/product\/friedrich-cerha-string-quartets-nos-3-4-eight-movements-after-hoelderlin-fragments\/#primaryimage","url":"https:\/\/i0.wp.com\/neos-music.com\/wp-content\/uploads\/2022\/11\/NEOS_11217_Cerha.jpeg?fit=1648%2C1483&ssl=1","contentUrl":"https:\/\/i0.wp.com\/neos-music.com\/wp-content\/uploads\/2022\/11\/NEOS_11217_Cerha.jpeg?fit=1648%2C1483&ssl=1","width":1648,"height":1483},{"@type":"BreadcrumbList","@id":"https:\/\/neos-music.com\/product\/friedrich-cerha-string-quartets-nos-3-4-eight-movements-after-hoelderlin-fragments\/#breadcrumb","itemListElement":[{"@type":"ListItem","position":1,"name":"Startseite","item":"https:\/\/neos-music.com\/"},{"@type":"ListItem","position":2,"name":"Produkte","item":"https:\/\/neos-music.com\/shop__trashed\/"},{"@type":"ListItem","position":3,"name":"Friedrich Cerha: String Quartets Nos. 3 &#038; 4 &#8211; Eight Movements after H\u00f6lderlin Fragments"}]},{"@type":"WebSite","@id":"https:\/\/neos-music.com\/#website","url":"https:\/\/neos-music.com\/","name":"NEOS Music","description":"Dein Online Shop f\u00fcr zeitgen\u00f6ssische Musik, Jazz und Classics!","publisher":{"@id":"https:\/\/neos-music.com\/#organization"},"potentialAction":[{"@type":"SearchAction","target":{"@type":"EntryPoint","urlTemplate":"https:\/\/neos-music.com\/?s={search_term_string}"},"query-input":{"@type":"PropertyValueSpecification","valueRequired":true,"valueName":"search_term_string"}}],"inLanguage":"en-US"},{"@type":"Organization","@id":"https:\/\/neos-music.com\/#organization","name":"NEOS Music","url":"https:\/\/neos-music.com\/","logo":{"@type":"ImageObject","inLanguage":"en-US","@id":"https:\/\/neos-music.com\/#\/schema\/logo\/image\/","url":"https:\/\/i0.wp.com\/neos-music.com\/wp-content\/uploads\/2025\/08\/NEOS-Logo-weiss.png?fit=800%2C203&ssl=1","contentUrl":"https:\/\/i0.wp.com\/neos-music.com\/wp-content\/uploads\/2025\/08\/NEOS-Logo-weiss.png?fit=800%2C203&ssl=1","width":800,"height":203,"caption":"NEOS Music"},"image":{"@id":"https:\/\/neos-music.com\/#\/schema\/logo\/image\/"}}]}},"jetpack_sharing_enabled":true,"_links":{"self":[{"href":"https:\/\/neos-music.com\/en_us\/wp-json\/wp\/v2\/product\/2963","targetHints":{"allow":["GET"]}}],"collection":[{"href":"https:\/\/neos-music.com\/en_us\/wp-json\/wp\/v2\/product"}],"about":[{"href":"https:\/\/neos-music.com\/en_us\/wp-json\/wp\/v2\/types\/product"}],"version-history":[{"count":0,"href":"https:\/\/neos-music.com\/en_us\/wp-json\/wp\/v2\/product\/2963\/revisions"}],"wp:featuredmedia":[{"embeddable":true,"href":"https:\/\/neos-music.com\/en_us\/wp-json\/wp\/v2\/media\/2964"}],"wp:attachment":[{"href":"https:\/\/neos-music.com\/en_us\/wp-json\/wp\/v2\/media?parent=2963"}],"wp:term":[{"taxonomy":"product_brand","embeddable":true,"href":"https:\/\/neos-music.com\/en_us\/wp-json\/wp\/v2\/product_brand?post=2963"},{"taxonomy":"product_cat","embeddable":true,"href":"https:\/\/neos-music.com\/en_us\/wp-json\/wp\/v2\/product_cat?post=2963"},{"taxonomy":"product_tag","embeddable":true,"href":"https:\/\/neos-music.com\/en_us\/wp-json\/wp\/v2\/product_tag?post=2963"}],"curies":[{"name":"wp","href":"https:\/\/api.w.org\/{rel}","templated":true}]}}