{"id":2980,"date":"2012-01-30T20:35:45","date_gmt":"2012-01-30T20:35:45","guid":{"rendered":"https:\/\/neos-music.com\/?post_type=product&#038;p=2980"},"modified":"2023-01-08T17:54:24","modified_gmt":"2023-01-08T17:54:24","slug":"david-philip-hefti-orchestral-works-chamber-music","status":"publish","type":"product","link":"https:\/\/neos-music.com\/en_us\/product\/david-philip-hefti-orchestral-works-chamber-music\/","title":{"rendered":"David Philip Hefti: orchestral works &#038; chamber music"},"content":{"rendered":"<p>Infotext:<\/p>\n<div id=\"infotext\">\n<p><b>Orchesterwerke und Kammermusik<\/b><\/p>\n<p><b>Gegenklang<\/b>\u00a0Konzert f\u00fcr Violoncello und Orchester<\/p>\n<p><i>Gegenklang<\/i>\u00a0entstand 2010 im Auftrag der Tonhalle-Gesellschaft Z\u00fcrich und ist dem Solisten Thomas Grossenbacher, dem Dirigenten David Zinman und dem Tonhalle-Orchester Z\u00fcrich gewidmet.<\/p>\n<p>Mein Cellokonzert\u00a0<i>Gegenklang<\/i>\u00a0besteht aus zwei S\u00e4tzen, die durch einen Br\u00fcckenton miteinander verbunden sind. Der erste Satz,\u00a0<i>Flimmernd<\/i>, ist in st\u00e4ndiger Bewegung, was sich sowohl gro\u00dfformal anhand eines riesigen Accelerandos als auch kleinformal in der mikrokontrapunktischen Belebung vermeintlich stehender Klangfl\u00e4chen zeigt. Die solistische Einleitung des Cellos darf als \u203aechte\u2039 Visitenkarte angesehen werden, da ihr Tonmaterial aus den Namen der Widmungstr\u00e4ger generiert wurde und der ganzen Komposition als Keimzelle dient. Im zweiten Satz, im ruhigen\u00a0<i>Adagio<\/i>, wird die Harmonik durch Mikrointervalle und Naturt\u00f6ne (Viertel-, F\u00fcnftel-, Sechstel- und Zw\u00f6lftelt\u00f6ne) verdichtet. Diese Klanglichkeit l\u00f6st sich in einen Viertonakkord auf, der vom Solo-Cello\u00a0<i>sostenuto<\/i>\u00a0gespielt wird, bevor es zum ewig langen Schlusston ansetzt.<\/p>\n<p><b>Bergw\u00e4rts<\/b>\u00a03 Aggregatzust\u00e4nde f\u00fcr Sopran, Fl\u00f6te, Violine, Violoncello und Klavier<br \/>\nnach einem Gedicht von Felix Philipp Ingold<\/p>\n<p><i>Bergw\u00e4rts<\/i>\u00a0entstand 2010 im Auftrag des Ensembles Amaltea und ist den Musikerinnen Sylvia Nopper, Isabelle Schn\u00f6ller, Keiko Yamaguchi, Judith Gerster und Eva Schwaar gewidmet.<\/p>\n<p>In meiner Komposition\u00a0<i>Bergw\u00e4rts<\/i>\u00a0habe ich das gleichnamige Gedicht des Schweizer Autors Felix Philipp Ingold vertont. Der K\u00f6rperzustand der Sprache dieses dreiteiligen Gedichtes verfl\u00fcchtigt sich von Strophe zu Strophe, wobei der Inhalt den gegenteiligen Prozess durchl\u00e4uft \u2013 sich also verdichtet. Meine Musik ist ein Versuch, dieses Ph\u00e4nomen nachzuzeichnen.<\/p>\n<p><b>Guggisberg-Variationen<\/b>\u00a0Streichquartett Nr. 2<\/p>\n<p>Die\u00a0<i>Guggisberg-Variationen<\/i>\u00a0entstanden 2008 im Auftrag des Amar Quartetts und sind Melinda F\u00fcrstin Esterh\u00e1zy de Gal\u00e1ntha, Fr\u00e4nzi Frick und dem Amar Quartett gewidmet.<\/p>\n<p>In meinem Zweiten Streichquartett, aus 7 S\u00e4tzen bestehend, besch\u00e4ftige ich mich mit dem wohl innigsten Schweizer Volkslied, dem\u00a0<i>Guggisberg-Lied<\/i>. Die in Moll stehende Weise hat unter dem Titel\u00a0<i>Des Hirten Einsamkeit<\/i>\u00a0in die Liedersammlung\u00a0<i>Des Knaben Wunderhorn<\/i>, herausgegeben von Clemens Brentano und Achim von Arnim, Eingang gefunden. Die sechs Variationen beziehen sich in je eigener Art und unter Verwendung einer breiten Palette an Ausdrucksm\u00f6glichkeiten auf das Volkslied. Im ersten Satz erscheint es, quasi als Ouvert\u00fcre, beinahe unber\u00fchrt.<\/p>\n<p><b>Po\u00e8me lunaire<\/b>\u00a0f\u00fcr Viola und Klavier<\/p>\n<p><i>Po\u00e8me lunaire<\/i>\u00a0entstand 2008 im Auftrag des Bratschisten Michel Rouilly und ist ihm, Bettina Sutter und Hans J. B\u00e4r gewidmet.<\/p>\n<p>Die flimmernden Einleitungstakte \u00f6ffnen dem Ohr den Raum f\u00fcr einen Sog, der durch die st\u00e4ndige Verdichtung von Motiven, Harmonien, Metren und Aktionen gen\u00e4hrt wird und schlie\u00dflich in einen Strudel von Ger\u00e4uschen m\u00fcndet. Die folgenden cantabile-Sequenzen l\u00f6sen sich in einen kargen Schluss auf, der sowohl in der Viola als auch im Klavier Naturt\u00f6ne bzw. Mikrointervalle bedient.<\/p>\n<p><b>Klangbogen<\/b>\u00a0Musik f\u00fcr Orchester<\/p>\n<p><i>Klangbogen<\/i>\u00a0entstand 2009 im Auftrag des Luzerner Sinfonieorchesters (LSO) mit Unterst\u00fctzung der Kulturstiftung Landis &amp; Gyr. Die Komposition ist dem Dirigenten Michael Sanderling und dem Luzerner Sinfonieorchester gewidmet.<\/p>\n<p>In meiner Orchestermusik\u00a0<i>Klangbogen<\/i>\u00a0entwickeln sich verschiedene Klangfl\u00e4chen aus einem einzigen Klangfaden. Diese Klangfl\u00e4chen gewinnen durch rhythmische Strukturen mehr und mehr an Kontur. Gleichzeitig wird ihr organischer Aufbau durch eine Folge von kurzen Interventionen \u2013 \u00e4u\u00dferlichen Einfl\u00fcssen \u2013 gest\u00f6rt. Nach einem finalen Einschnitt bleibt die Musik stehen und ein Aufl\u00f6sungsprozess wird eingeleitet: Die Harmonik wird durch Mikrointervalle und Naturt\u00f6ne (Viertel-, F\u00fcnftel-, Sechstel- und Zw\u00f6lftelt\u00f6ne) zu einer sublimen Klanglichkeit erweitert, eine breite Palette an multiphonischen und fragilen Kl\u00e4ngen herrscht vor. Die Orchesterbesetzung wird soweit ausged\u00fcnnt, bis nur noch ein einsames Solo-Violoncello \u00fcbrig bleibt.<\/p>\n<p>David Philip Hefti<\/p>\n<\/div>\n<p>Programm:<\/p>\n<p><b>Gegenklang<\/b>\u00a018:58<br \/>\nconcerto for cello and orchestra (2010)<\/p>\n<p>[01]\u00a0<b>1. Flimmernd<\/b>\u00a011:43<br \/>\n[02]\u00a0<b>2. Adagio<\/b>\u00a007:16<\/p>\n<p><a class=\"arcoma_glossarylink\" href=\"https:\/\/neos-music.com\/output.php?content=Kuenstler\/Thomas_Grossenbacher.php&amp;treplace=english%2Cgerman\" target=\"_self\" rel=\"noopener\">Thomas Grossenbacher<\/a>, cello<br \/>\nTonhalle Orchestra Zurich<br \/>\nDavid Zinman, conductor<\/p>\n<p><b><\/b><\/p>\n<p><b>Bergw\u00e4rts<\/b>\u00a018:39<br \/>\n3 aggregate states for soprano, flute, violin, cello and piano (2010)<br \/>\nto a poem by Felix Philipp Ingold<\/p>\n<p>[03]\u00a0<b>1. Fest<\/b>\u00a006:53<br \/>\n[04]\u00a0<b>2. Fl\u00fcssig<\/b>\u00a005:37<br \/>\n[05]\u00a0<b>3. Gasf\u00f6rmig<\/b>\u00a006:09<\/p>\n<p>Ensemble Amaltea<br \/>\n<i>Sylvia Nopper, soprano<br \/>\nIsabelle Schn\u00f6ller, flutes<br \/>\nKeiko Yamaguchi, violin<br \/>\nJudith Gerster, cello<br \/>\nEva Schwaar, piano<\/i><\/p>\n<p><b>Guggisberg-Variationen<\/b>\u00a011:52<br \/>\nstring quartet no. 2 (2008)<\/p>\n<p>[06]\u00a0<b>1. Lied (attacca)<\/b>\u00a001:04<br \/>\n[07]\u00a0<b>2. Windungen<\/b>\u00a002:58<br \/>\n[08]\u00a0<b>3. Reflex(ion)<\/b>\u00a001:25<br \/>\n[09]\u00a0<b>4. Lichtkegel<\/b>\u00a001:23<br \/>\n[10]\u00a0<b>5. Schattenriss<\/b>\u00a001:22<br \/>\n[11]\u00a0<b>6. Idylle<\/b>\u00a002:35<br \/>\n[12]\u00a0<b>7. Im\/unter Strom<\/b>\u00a001:06<\/p>\n<p>Amar Quartet<br \/>\n<i>Anna Brunner &amp; Igor Keller, violins<br \/>\nHannes B\u00e4rtschi, viola<br \/>\nP\u00e9ter Somodari, cello<\/i><\/p>\n<p>[13]\u00a0<b>Po\u00e8me lunaire<\/b>\u00a010:37<br \/>\nfor viola and piano (2008)<\/p>\n<p>Michel Rouilly, viola<br \/>\nBettina Sutter, piano<\/p>\n<p>[14]\u00a0<b>Klangbogen<\/b>\u00a011:31<br \/>\nmusic for orchestra (2009)<\/p>\n<p>Lucerne Symphony Orchestra<br \/>\nMichael Sanderling, conductor<\/p>\n<p>total time 71:58<\/p>\n<p>Pressestimmen:<\/p>\n<p><b><img data-recalc-dims=\"1\" decoding=\"async\" src=\"https:\/\/i0.wp.com\/neos-music.com\/images\/news\/logo_guardian.jpg?ssl=1\" \/><\/b><\/p>\n<p><b>26 April 2012<\/b><\/p>\n<p><a href=\"http:\/\/www.theguardian.com\/music\/2012\/apr\/26\/hefti-gegenklang-bergwarts-cd-review\">www.theguardian.com<\/a><\/p>\n<p>Born in Switzerland in 1975, David Philip Hefti was a pupil of Crist\u00f3bal Halffter and Wolfgang Rihm, though on the evidence of this selection of his orchestral and chamber pieces from 2008 to 2010, his music seems closest to Rihm&#8217;s attenuated style of the 1990s. The orchestral works that frame the disc \u2013 Klangbogen and the two-movement cello concerto Gegenklang \u2013 show Hefti&#8217;s music commuting between the general and the specific, from amorphous, microtonal textures to harder-edged gestures and back again. But the range is wide: Hefti&#8217;s second string quartet, Guggisberg Variations, is a series of six brief transformations of a Swiss folk song, while the most impressive work on the disc, Bergw\u00e4rts, is a setting for soprano, flute and piano trio of a poem by Felix Philipp Ingold that gradually becomes more skeletal and rarefied, so each gesture acquires more and more significance. The fractured soundworld may be more or less European mainstream, but the sensibility shaping it seems more distinctive.<\/p>\n<p><i>Andrew Clements<\/i><\/p>\n<p><b><\/b><\/p>\n<p><b><img data-recalc-dims=\"1\" decoding=\"async\" src=\"https:\/\/i0.wp.com\/neos-music.com\/images\/news\/logo_FonoForum.gif?ssl=1\" \/><br \/>\n<\/b>02\/2013<\/p>\n<p><b>CD- Und Buchhinweis<\/b>\u00a0im Thema &#8222;Elfenbeinturm war gestern&#8220; \u00fcber junge Komponisten<\/p>\n<p><b><\/b><\/p>\n<p><b><img data-recalc-dims=\"1\" decoding=\"async\" src=\"https:\/\/i0.wp.com\/neos-music.com\/images\/news\/schweizer_illustrierte_logo.png?ssl=1\" \/><\/b><\/p>\n<p><b>David Philip Hefti<br \/>\n&#8222;orchestral works &amp; chamber music&#8220;<br \/>\n<\/b>NEOS\u00a0<a class=\"arcoma_glossarylink\" href=\"https:\/\/neos-music.com\/output.php?content=Alben\/111202.php&amp;treplace=english%2Cgerman\" target=\"_self\" rel=\"noopener\">11120<\/a><br \/>\n<b><br \/>\n<img data-recalc-dims=\"1\" decoding=\"async\" src=\"https:\/\/i0.wp.com\/neos-music.com\/images\/news\/11120_Schweizer-Illustrierte_2012.gif?ssl=1\" \/><\/b><\/p>\n","protected":false},"excerpt":{"rendered":"<p>Infotext: Orchesterwerke und Kammermusik Gegenklang\u00a0Konzert f\u00fcr Violoncello und Orchester Gegenklang\u00a0entstand 2010 im Auftrag der Tonhalle-Gesellschaft Z\u00fcrich und ist dem Solisten Thomas Grossenbacher, dem Dirigenten David Zinman und dem Tonhalle-Orchester Z\u00fcrich gewidmet. Mein Cellokonzert\u00a0Gegenklang\u00a0besteht aus zwei S\u00e4tzen, die durch einen Br\u00fcckenton miteinander verbunden sind. Der erste Satz,\u00a0Flimmernd, ist in st\u00e4ndiger Bewegung, was sich sowohl gro\u00dfformal anhand [&hellip;]<\/p>\n","protected":false},"featured_media":2981,"template":"","meta":{"site-sidebar-layout":"default","site-content-layout":"default","ast-site-content-layout":"default","site-content-style":"default","site-sidebar-style":"default","ast-global-header-display":"","ast-banner-title-visibility":"","ast-main-header-display":"","ast-hfb-above-header-display":"","ast-hfb-below-header-display":"","ast-hfb-mobile-header-display":"","site-post-title":"","ast-breadcrumbs-content":"","ast-featured-img":"","footer-sml-layout":"","theme-transparent-header-meta":"default","adv-header-id-meta":"","stick-header-meta":"","header-above-stick-meta":"","header-main-stick-meta":"","header-below-stick-meta":"","astra-migrate-meta-layouts":"default","ast-page-background-enabled":"default","ast-page-background-meta":{"desktop":{"background-color":"","background-image":"","background-repeat":"repeat","background-position":"center center","background-size":"auto","background-attachment":"scroll","background-type":"","background-media":"","overlay-type":"","overlay-color":"","overlay-opacity":"","overlay-gradient":""},"tablet":{"background-color":"","background-image":"","background-repeat":"repeat","background-position":"center center","background-size":"auto","background-attachment":"scroll","background-type":"","background-media":"","overlay-type":"","overlay-color":"","overlay-opacity":"","overlay-gradient":""},"mobile":{"background-color":"","background-image":"","background-repeat":"repeat","background-position":"center center","background-size":"auto","background-attachment":"scroll","background-type":"","background-media":"","overlay-type":"","overlay-color":"","overlay-opacity":"","overlay-gradient":""}},"ast-content-background-meta":{"desktop":{"background-color":"var(--ast-global-color-5)","background-image":"","background-repeat":"repeat","background-position":"center center","background-size":"auto","background-attachment":"scroll","background-type":"","background-media":"","overlay-type":"","overlay-color":"","overlay-opacity":"","overlay-gradient":""},"tablet":{"background-color":"var(--ast-global-color-5)","background-image":"","background-repeat":"repeat","background-position":"center center","background-size":"auto","background-attachment":"scroll","background-type":"","background-media":"","overlay-type":"","overlay-color":"","overlay-opacity":"","overlay-gradient":""},"mobile":{"background-color":"var(--ast-global-color-5)","background-image":"","background-repeat":"repeat","background-position":"center center","background-size":"auto","background-attachment":"scroll","background-type":"","background-media":"","overlay-type":"","overlay-color":"","overlay-opacity":"","overlay-gradient":""}}},"product_brand":[],"product_cat":[878,26],"product_tag":[],"class_list":{"0":"post-2980","1":"product","2":"type-product","3":"status-publish","4":"has-post-thumbnail","6":"product_cat-streichquartett","7":"product_cat-zeitgenossische-musik","8":"pa_artikelnummer-neos-11120","9":"pa_brand-neos-music","10":"pa_ean-529","11":"desktop-align-left","12":"tablet-align-left","13":"mobile-align-left","15":"first","16":"instock","17":"taxable","18":"shipping-taxable","19":"purchasable","20":"product-type-simple"},"yoast_head":"<!-- This site is optimized with the Yoast SEO plugin v27.3 - https:\/\/yoast.com\/product\/yoast-seo-wordpress\/ -->\n<title>David Philip Hefti: orchestral works &amp; chamber music - NEOS Music<\/title>\n<meta name=\"robots\" content=\"index, follow, max-snippet:-1, max-image-preview:large, max-video-preview:-1\" \/>\n<link rel=\"canonical\" href=\"https:\/\/neos-music.com\/en_us\/product\/david-philip-hefti-orchestral-works-chamber-music\/\" \/>\n<meta property=\"og:locale\" content=\"en_US\" \/>\n<meta property=\"og:type\" content=\"article\" \/>\n<meta property=\"og:title\" content=\"David Philip Hefti: orchestral works &amp; chamber music - NEOS Music\" \/>\n<meta property=\"og:description\" content=\"Infotext: Orchesterwerke und Kammermusik Gegenklang\u00a0Konzert f\u00fcr Violoncello und Orchester Gegenklang\u00a0entstand 2010 im Auftrag der Tonhalle-Gesellschaft Z\u00fcrich und ist dem Solisten Thomas Grossenbacher, dem Dirigenten David Zinman und dem Tonhalle-Orchester Z\u00fcrich gewidmet. Mein Cellokonzert\u00a0Gegenklang\u00a0besteht aus zwei S\u00e4tzen, die durch einen Br\u00fcckenton miteinander verbunden sind. Der erste Satz,\u00a0Flimmernd, ist in st\u00e4ndiger Bewegung, was sich sowohl gro\u00dfformal anhand [&hellip;]\" \/>\n<meta property=\"og:url\" content=\"https:\/\/neos-music.com\/en_us\/product\/david-philip-hefti-orchestral-works-chamber-music\/\" \/>\n<meta property=\"og:site_name\" content=\"NEOS Music\" \/>\n<meta property=\"article:modified_time\" content=\"2023-01-08T17:54:24+00:00\" \/>\n<meta property=\"og:image\" content=\"https:\/\/neos-music.com\/wp-content\/uploads\/2022\/11\/NEOS_11120_Hefti.jpeg\" \/>\n\t<meta property=\"og:image:width\" content=\"1649\" \/>\n\t<meta property=\"og:image:height\" content=\"1483\" \/>\n\t<meta property=\"og:image:type\" content=\"image\/jpeg\" \/>\n<meta name=\"twitter:card\" content=\"summary_large_image\" \/>\n<meta name=\"twitter:label1\" content=\"Est. reading time\" \/>\n\t<meta name=\"twitter:data1\" content=\"4 minutes\" \/>\n<script type=\"application\/ld+json\" class=\"yoast-schema-graph\">{\"@context\":\"https:\\\/\\\/schema.org\",\"@graph\":[{\"@type\":\"WebPage\",\"@id\":\"https:\\\/\\\/neos-music.com\\\/product\\\/david-philip-hefti-orchestral-works-chamber-music\\\/\",\"url\":\"https:\\\/\\\/neos-music.com\\\/product\\\/david-philip-hefti-orchestral-works-chamber-music\\\/\",\"name\":\"David Philip Hefti: orchestral works & chamber music - NEOS Music\",\"isPartOf\":{\"@id\":\"https:\\\/\\\/neos-music.com\\\/#website\"},\"primaryImageOfPage\":{\"@id\":\"https:\\\/\\\/neos-music.com\\\/product\\\/david-philip-hefti-orchestral-works-chamber-music\\\/#primaryimage\"},\"image\":{\"@id\":\"https:\\\/\\\/neos-music.com\\\/product\\\/david-philip-hefti-orchestral-works-chamber-music\\\/#primaryimage\"},\"thumbnailUrl\":\"https:\\\/\\\/i0.wp.com\\\/neos-music.com\\\/wp-content\\\/uploads\\\/2022\\\/11\\\/NEOS_11120_Hefti.jpeg?fit=1649%2C1483&ssl=1\",\"datePublished\":\"2012-01-30T20:35:45+00:00\",\"dateModified\":\"2023-01-08T17:54:24+00:00\",\"breadcrumb\":{\"@id\":\"https:\\\/\\\/neos-music.com\\\/product\\\/david-philip-hefti-orchestral-works-chamber-music\\\/#breadcrumb\"},\"inLanguage\":\"en-US\",\"potentialAction\":[{\"@type\":\"ReadAction\",\"target\":[\"https:\\\/\\\/neos-music.com\\\/product\\\/david-philip-hefti-orchestral-works-chamber-music\\\/\"]}]},{\"@type\":\"ImageObject\",\"inLanguage\":\"en-US\",\"@id\":\"https:\\\/\\\/neos-music.com\\\/product\\\/david-philip-hefti-orchestral-works-chamber-music\\\/#primaryimage\",\"url\":\"https:\\\/\\\/i0.wp.com\\\/neos-music.com\\\/wp-content\\\/uploads\\\/2022\\\/11\\\/NEOS_11120_Hefti.jpeg?fit=1649%2C1483&ssl=1\",\"contentUrl\":\"https:\\\/\\\/i0.wp.com\\\/neos-music.com\\\/wp-content\\\/uploads\\\/2022\\\/11\\\/NEOS_11120_Hefti.jpeg?fit=1649%2C1483&ssl=1\",\"width\":1649,\"height\":1483},{\"@type\":\"BreadcrumbList\",\"@id\":\"https:\\\/\\\/neos-music.com\\\/product\\\/david-philip-hefti-orchestral-works-chamber-music\\\/#breadcrumb\",\"itemListElement\":[{\"@type\":\"ListItem\",\"position\":1,\"name\":\"Startseite\",\"item\":\"https:\\\/\\\/neos-music.com\\\/\"},{\"@type\":\"ListItem\",\"position\":2,\"name\":\"Produkte\",\"item\":\"https:\\\/\\\/neos-music.com\\\/shop__trashed\\\/\"},{\"@type\":\"ListItem\",\"position\":3,\"name\":\"David Philip Hefti: orchestral works &#038; chamber music\"}]},{\"@type\":\"WebSite\",\"@id\":\"https:\\\/\\\/neos-music.com\\\/#website\",\"url\":\"https:\\\/\\\/neos-music.com\\\/\",\"name\":\"NEOS Music\",\"description\":\"Dein Online Shop f\u00fcr zeitgen\u00f6ssische Musik, Jazz und Classics!\",\"publisher\":{\"@id\":\"https:\\\/\\\/neos-music.com\\\/#organization\"},\"potentialAction\":[{\"@type\":\"SearchAction\",\"target\":{\"@type\":\"EntryPoint\",\"urlTemplate\":\"https:\\\/\\\/neos-music.com\\\/?s={search_term_string}\"},\"query-input\":{\"@type\":\"PropertyValueSpecification\",\"valueRequired\":true,\"valueName\":\"search_term_string\"}}],\"inLanguage\":\"en-US\"},{\"@type\":\"Organization\",\"@id\":\"https:\\\/\\\/neos-music.com\\\/#organization\",\"name\":\"NEOS Music\",\"url\":\"https:\\\/\\\/neos-music.com\\\/\",\"logo\":{\"@type\":\"ImageObject\",\"inLanguage\":\"en-US\",\"@id\":\"https:\\\/\\\/neos-music.com\\\/#\\\/schema\\\/logo\\\/image\\\/\",\"url\":\"https:\\\/\\\/i0.wp.com\\\/neos-music.com\\\/wp-content\\\/uploads\\\/2025\\\/08\\\/NEOS-Logo-weiss.png?fit=800%2C203&ssl=1\",\"contentUrl\":\"https:\\\/\\\/i0.wp.com\\\/neos-music.com\\\/wp-content\\\/uploads\\\/2025\\\/08\\\/NEOS-Logo-weiss.png?fit=800%2C203&ssl=1\",\"width\":800,\"height\":203,\"caption\":\"NEOS Music\"},\"image\":{\"@id\":\"https:\\\/\\\/neos-music.com\\\/#\\\/schema\\\/logo\\\/image\\\/\"}}]}<\/script>\n<!-- \/ Yoast SEO plugin. -->","yoast_head_json":{"title":"David Philip Hefti: orchestral works & chamber music - NEOS Music","robots":{"index":"index","follow":"follow","max-snippet":"max-snippet:-1","max-image-preview":"max-image-preview:large","max-video-preview":"max-video-preview:-1"},"canonical":"https:\/\/neos-music.com\/en_us\/product\/david-philip-hefti-orchestral-works-chamber-music\/","og_locale":"en_US","og_type":"article","og_title":"David Philip Hefti: orchestral works & chamber music - NEOS Music","og_description":"Infotext: Orchesterwerke und Kammermusik Gegenklang\u00a0Konzert f\u00fcr Violoncello und Orchester Gegenklang\u00a0entstand 2010 im Auftrag der Tonhalle-Gesellschaft Z\u00fcrich und ist dem Solisten Thomas Grossenbacher, dem Dirigenten David Zinman und dem Tonhalle-Orchester Z\u00fcrich gewidmet. Mein Cellokonzert\u00a0Gegenklang\u00a0besteht aus zwei S\u00e4tzen, die durch einen Br\u00fcckenton miteinander verbunden sind. Der erste Satz,\u00a0Flimmernd, ist in st\u00e4ndiger Bewegung, was sich sowohl gro\u00dfformal anhand [&hellip;]","og_url":"https:\/\/neos-music.com\/en_us\/product\/david-philip-hefti-orchestral-works-chamber-music\/","og_site_name":"NEOS Music","article_modified_time":"2023-01-08T17:54:24+00:00","og_image":[{"width":1649,"height":1483,"url":"https:\/\/neos-music.com\/wp-content\/uploads\/2022\/11\/NEOS_11120_Hefti.jpeg","type":"image\/jpeg"}],"twitter_card":"summary_large_image","twitter_misc":{"Est. reading time":"4 minutes"},"schema":{"@context":"https:\/\/schema.org","@graph":[{"@type":"WebPage","@id":"https:\/\/neos-music.com\/product\/david-philip-hefti-orchestral-works-chamber-music\/","url":"https:\/\/neos-music.com\/product\/david-philip-hefti-orchestral-works-chamber-music\/","name":"David Philip Hefti: orchestral works & chamber music - NEOS Music","isPartOf":{"@id":"https:\/\/neos-music.com\/#website"},"primaryImageOfPage":{"@id":"https:\/\/neos-music.com\/product\/david-philip-hefti-orchestral-works-chamber-music\/#primaryimage"},"image":{"@id":"https:\/\/neos-music.com\/product\/david-philip-hefti-orchestral-works-chamber-music\/#primaryimage"},"thumbnailUrl":"https:\/\/i0.wp.com\/neos-music.com\/wp-content\/uploads\/2022\/11\/NEOS_11120_Hefti.jpeg?fit=1649%2C1483&ssl=1","datePublished":"2012-01-30T20:35:45+00:00","dateModified":"2023-01-08T17:54:24+00:00","breadcrumb":{"@id":"https:\/\/neos-music.com\/product\/david-philip-hefti-orchestral-works-chamber-music\/#breadcrumb"},"inLanguage":"en-US","potentialAction":[{"@type":"ReadAction","target":["https:\/\/neos-music.com\/product\/david-philip-hefti-orchestral-works-chamber-music\/"]}]},{"@type":"ImageObject","inLanguage":"en-US","@id":"https:\/\/neos-music.com\/product\/david-philip-hefti-orchestral-works-chamber-music\/#primaryimage","url":"https:\/\/i0.wp.com\/neos-music.com\/wp-content\/uploads\/2022\/11\/NEOS_11120_Hefti.jpeg?fit=1649%2C1483&ssl=1","contentUrl":"https:\/\/i0.wp.com\/neos-music.com\/wp-content\/uploads\/2022\/11\/NEOS_11120_Hefti.jpeg?fit=1649%2C1483&ssl=1","width":1649,"height":1483},{"@type":"BreadcrumbList","@id":"https:\/\/neos-music.com\/product\/david-philip-hefti-orchestral-works-chamber-music\/#breadcrumb","itemListElement":[{"@type":"ListItem","position":1,"name":"Startseite","item":"https:\/\/neos-music.com\/"},{"@type":"ListItem","position":2,"name":"Produkte","item":"https:\/\/neos-music.com\/shop__trashed\/"},{"@type":"ListItem","position":3,"name":"David Philip Hefti: orchestral works &#038; chamber music"}]},{"@type":"WebSite","@id":"https:\/\/neos-music.com\/#website","url":"https:\/\/neos-music.com\/","name":"NEOS Music","description":"Dein Online Shop f\u00fcr zeitgen\u00f6ssische Musik, Jazz und Classics!","publisher":{"@id":"https:\/\/neos-music.com\/#organization"},"potentialAction":[{"@type":"SearchAction","target":{"@type":"EntryPoint","urlTemplate":"https:\/\/neos-music.com\/?s={search_term_string}"},"query-input":{"@type":"PropertyValueSpecification","valueRequired":true,"valueName":"search_term_string"}}],"inLanguage":"en-US"},{"@type":"Organization","@id":"https:\/\/neos-music.com\/#organization","name":"NEOS Music","url":"https:\/\/neos-music.com\/","logo":{"@type":"ImageObject","inLanguage":"en-US","@id":"https:\/\/neos-music.com\/#\/schema\/logo\/image\/","url":"https:\/\/i0.wp.com\/neos-music.com\/wp-content\/uploads\/2025\/08\/NEOS-Logo-weiss.png?fit=800%2C203&ssl=1","contentUrl":"https:\/\/i0.wp.com\/neos-music.com\/wp-content\/uploads\/2025\/08\/NEOS-Logo-weiss.png?fit=800%2C203&ssl=1","width":800,"height":203,"caption":"NEOS Music"},"image":{"@id":"https:\/\/neos-music.com\/#\/schema\/logo\/image\/"}}]}},"jetpack_sharing_enabled":true,"_links":{"self":[{"href":"https:\/\/neos-music.com\/en_us\/wp-json\/wp\/v2\/product\/2980","targetHints":{"allow":["GET"]}}],"collection":[{"href":"https:\/\/neos-music.com\/en_us\/wp-json\/wp\/v2\/product"}],"about":[{"href":"https:\/\/neos-music.com\/en_us\/wp-json\/wp\/v2\/types\/product"}],"version-history":[{"count":0,"href":"https:\/\/neos-music.com\/en_us\/wp-json\/wp\/v2\/product\/2980\/revisions"}],"wp:featuredmedia":[{"embeddable":true,"href":"https:\/\/neos-music.com\/en_us\/wp-json\/wp\/v2\/media\/2981"}],"wp:attachment":[{"href":"https:\/\/neos-music.com\/en_us\/wp-json\/wp\/v2\/media?parent=2980"}],"wp:term":[{"taxonomy":"product_brand","embeddable":true,"href":"https:\/\/neos-music.com\/en_us\/wp-json\/wp\/v2\/product_brand?post=2980"},{"taxonomy":"product_cat","embeddable":true,"href":"https:\/\/neos-music.com\/en_us\/wp-json\/wp\/v2\/product_cat?post=2980"},{"taxonomy":"product_tag","embeddable":true,"href":"https:\/\/neos-music.com\/en_us\/wp-json\/wp\/v2\/product_tag?post=2980"}],"curies":[{"name":"wp","href":"https:\/\/api.w.org\/{rel}","templated":true}]}}