{"id":2982,"date":"2012-01-30T20:40:23","date_gmt":"2012-01-30T20:40:23","guid":{"rendered":"https:\/\/neos-music.com\/?post_type=product&#038;p=2982"},"modified":"2023-01-08T17:50:14","modified_gmt":"2023-01-08T17:50:14","slug":"osvaldo-coluccino-string-quartets","status":"publish","type":"product","link":"https:\/\/neos-music.com\/en_us\/product\/osvaldo-coluccino-string-quartets\/","title":{"rendered":"Osvaldo Coluccino: String Quartets"},"content":{"rendered":"<p>Infotext:<\/p>\n<table border=\"0\" width=\"100%\" rules=\"none\" cellspacing=\"0\" cellpadding=\"0\">\n<tbody>\n<tr>\n<td class=\"bigcontent2\">\n<div id=\"infotext\">\n<p><b>Osvaldo Coluccino<br \/>\n<\/b>Notizen f\u00fcr\u00a0<i>Streichquartette<\/i>\u00a0(2002\u20132008)<\/p>\n<p><b>Attimo<\/b>\u00a0(Augenblick)<br \/>\nLediglich die Andeutung einer Qualit\u00e4t, die, in der k\u00fcrzesten genauso wie in der unmessbaren Zeitspanne,\u00a0<i>das Ereignis<\/i>\u00a0erf\u00fcllen k\u00f6nnte. Das sich regeneriert, ausgehend vom Verlassen der Wechself\u00e4lle des Lebens (der Geschichte und des Gedankens), um sich zu verwandeln und die eigene Oberfl\u00e4che gl\u00e4nzen zu lassen, auf der sich die Empfindung wie ein Lichtblitz spiegeln wird. Diese vollzieht sich mit der gr\u00f6\u00dften Geschwindigkeit, die man sich vorstellen kann, und durchl\u00e4uft im Sog die Gesamtheit des Erlebten (das anti-episodisch wird), eine Empfindung, die alles wiederaufnimmt, die vorbeizieht, um dann wieder zu verschwinden.<\/p>\n<p>Die Komposition beginnt mit einem Quasi-Pointilismus im Kontrapunkt, der das Ma\u00df vorgibt f\u00fcr den in jeder Note\u00a0<i>besiegelten Augenblick<\/i>, zugleich autonomer Magnet und Katalysator. Das St\u00fcck zeichnet sich indessen durch verschiedene Abschnitte aus, zum Beispiel die Momente akkordischer Dehnung oder der ausgedehnte zentrale Abschnitt, wo, auf alle vier Stimmen verteilt, schnelle, in Oktaven gespreizte Phrasen kontrollierter Tonh\u00f6hen, mit Leichtigkeit am Steg zu spielen, sich miteinander verflechten und einander antworten. Und so weiter \u2013 zu entdecken\u2026<\/p>\n<p><b>Aion<\/b>\u00a0(\u00c4on)<br \/>\nPersonifikation eines bestimmten Typus von Zeit, jener n\u00e4mlich, die dem \u203asicheren\u2039 Gef\u00e4ngnis des Kalk\u00fcls sich entzieht, ist \u203a\u00c4on\u2039 die griechische Personifikation der unbegrenzten Zeit.<\/p>\n<p>Beim ersten Teil handelt es sich um eine W\u00fcste, die Darstellung von Vergessenheit in einem so dissonant wie s\u00fc\u00df dahinflie\u00dfenden Staub. Die Nicht-Diskursivit\u00e4t verbindet sich hier mit der Pr\u00e4zision atonaler Intervalle von sich ver\u00e4ndernden Kernen. Die Instrumente verdoppeln ihr Tun fast immer in Zweikl\u00e4ngen, die, multipliziert mit vier, einen orchestralen Eindruck erwecken. Der zweite Teil dagegen unterbricht den Fluss willentlich. In dieser zweiten Form von \u203aAngriff\u2039 auf die Klauen (und von Widerruf) der Zeit zeichnen sich \u2013 ausgehend von ins Nichts gesetzten Klanginseln \u2013 in den formalen Strukturen Varianten ab, die nicht selten von den Interpreten eine vertikale Virtuosit\u00e4t fordern: rhythmische Mikrofragmentierungen, Spannungen, die sich feinen dynamischen Abstufungen und speziellen Obert\u00f6nen verdanken, unerbittliche Dialektiken zu viert usw.<\/p>\n<p>Der Titel ist in der j\u00fcngsten Musikgeschichte bereits verwendet worden; bei meinem jedoch handelt es sich um einen Fall von Nicht-Mystizismus. Meine Position l\u00e4sst sich mit einem exemplarischen Zitat von Gilles Deleuze zusammenfassen: \u00bb[\u2026] dieser \u00c4on als gerade Linie und leere Form ist die Zeit der Ereignisse-Wirkungen. So sehr die Gegen-wart die zeitliche Verwirklichung des Ereignisses misst, das heisst seine Verk\u00f6rperung in der Tiefe der agierenden K\u00f6rper, seine Verk\u00f6rperung in einem Dingzustand, so wenig ist das Ereignis f\u00fcr sich und in seiner Unempfindbarkeit, seiner Undurchdringlichkeit eines der Gegenwart, sondern weicht zur\u00fcck und schreitet voran, in zwei Richtungen zu gleich [\u2026]. Nur Chronos ist von Dingzust\u00e4nden und Objektbewegungen erf\u00fcllt, die er mit Ma\u00dfen versieht. Doch als leere und entfaltete Form der Zeit unterteilt \u00c4on bis ins Unendliche genau das, was ihn heimsucht, ohne ihn jemals zu bewohnen [\u2026] unbegrenzt wie die Zukunft und die Vergangenheit, jedoch endlich wie der Augenblick.\u00ab (aus: Gilles Deleuze,\u00a0<i>Die Logik des Sinns<\/i>, aus dem Franz\u00f6sischen von Bernhard Dieckmann, Frankfurt am Main 1993; Originaltitel\u00a0<i>Logique du sens<\/i>, Paris 1969)<\/p>\n<p><b>Eco immobile<\/b>\u00a0(Unbewegliches Echo)<br \/>\nUnsere Wahrnehmung setzt ein mit dem Paradox des Titels: ein Echo, das die nur ihm eigene Besonderheit negiert, jene n\u00e4mlich, sich zu bewegen beziehungsweise sich zu verl\u00e4ngern, zu vervielfachen, zu verlieren\u2026 Hier verh\u00e4lt es sich in der Tat so, dass das Echo zu Beginn zwar Resultat der Resonanz ist, schlie\u00dflich aber in einen Zustand fester Unbeweglichkeit \u00fcbergeht, bei dem man verweilen und den man genie\u00dfen kann, ohne dass er sich verl\u00f6re, wie es zum Beispiel die Lebensperspektive einer Skulptur ist. Das ist meine\u00a0<i>Versteinerung der Fl\u00fcchtigkeit<\/i>.<\/p>\n<p>Ein Anfangsteil, der sich im Schlussteil spiegelt, und in beiden entfaltet sich besagte Unbeweglichkeit mittels ausgefeilter Strategien der Aufhebung; eine Zentralpartie, in der hingegen die Echos widerhallen von einem statischen Grund (hier auftreffen und sich festsetzen), will hei\u00dfen, dass es hier ein Wirken der drei Streicher gibt, das sich auf unbewegliche Klavierkl\u00e4nge st\u00fctzt.<\/p>\n<p><b>Talea<\/b>\u00a0(Ableger)<br \/>\nEin Duett mit einem aus einem einzigen Wort bestehenden Titel, der aber gleichwohl in seiner Doppeltheit semantische M\u00f6glichkeiten in sich birgt (der aus dem Ideal einer Rekomposition des Dualismus in der Einheit heraus aufgel\u00f6ste Widerspruch), der verweist auf eine Geburt \u00fcber eine Vor-Existenz, welche sich verst\u00fcmmelt und sich einnistet. Lediglich gedanklich wird hier auch die zweite Bedeutung des Titels ber\u00fchrt, jene musikalischer Natur.<\/p>\n<p>Ein in drei Abschnitte unterteiltes St\u00fcck: zu Beginn ein modulierendes Kontinuum aus nacktem, knisterndem und zeitweilig unterbrochenem Klang, der sich dem Umstand verdankt, dass die beiden Instrumente mit dem R\u00fccken des Bogens \u203aHalos\u2039 produzieren, das heisst mit dem Holz so streichen wie traditionellerweise mit den Haaren, ein Kontinuum, das an einem bestimmten Punkt von solistischen Mikrophrasen konterkariert wird; ein zentraler Teil aus einzelnen d\u00fcnnen Klangereignissen in siderischer Leere; den dritten Teil bildet die ekstatische und exotische Vereinigung des Paars, am Ende selbst einem einzigen Pedalton unterworfen, auf dem von einer Brise bewegte Goldstr\u00e4hnen gleiten.<\/p>\n<p>Osvaldo Coluccino<br \/>\n<i>Deutsche \u00dcbersetzung: Ulrich Mosch<\/i><\/p>\n<\/div>\n<\/td>\n<td><\/td>\n<\/tr>\n<\/tbody>\n<\/table>\n<p>Programm:<\/p>\n<p>[01]\u00a0<b>Attimo<\/b>\u00a0for string quartet (2007) 17:10<\/p>\n<p><b>Aion<\/b>\u00a0for string quartet (2002) 18:26<\/p>\n<p>[02]\u00a0<b>First part<\/b>\u00a007:30<br \/>\n[03]\u00a0<b>Second part<\/b>\u00a010:56<\/p>\n<p>[04]\u00a0<b>Eco immobile<\/b>\u00a0for piano quartet (2002) 08:11<\/p>\n<p>[05]\u00a0<b>Talea<\/b>\u00a0for violin and cello (2008, full version) 11:24<\/p>\n<p>total time 55:13<\/p>\n<p><b>Quartetto d\u2019Archi del Teatro La Fenice<\/b><br \/>\nRoberto Baraldi, violin \u00b7 Gianaldo Tatone, violin<br \/>\nDaniel Formentelli, viola \u00b7 Emanuele Silvestri, cello<br \/>\nwith the participation of Achille Gallo, piano<\/p>\n<p>World Premiere Recordings<\/p>\n<p>Pressestimmen:<\/p>\n<p><img data-recalc-dims=\"1\" decoding=\"async\" src=\"https:\/\/i0.wp.com\/neos-music.com\/images\/news\/logo_skug.gif?ssl=1\" \/><\/p>\n<p>27.07.2012<\/p>\n<p>Schm\u00f6kert man im schmalen Booklet zu den \u00bbString Quartetts\u00ab des italienischen Komponisten Osvaldo Coluccino, best\u00e4tigt sich, was die Biographie verr\u00e4t. Coluccino komponierte zwar bereits mit 16 Jahren, doch besch\u00e4ftigte er sich und publizierte er lange Jahre vor allem als Lyriker. Doch sowohl in der Sprache wie auch in der Musik ist Coluccino ein Anh\u00e4nger der Reduktion, der Verdichtung und Fokussierung. Also hei\u00dft es etwa zu \u00bbeco immobile\u00ab (unbewegliches Echo): \u00bbUnsere Wahrnehmung setzt ein mit dem Paradox des Titels: ein Echo, das die nur ihm eigene Besonderheit negiert, jene n\u00e4mlich, sich zu bewegen beziehungsweise sich zu verl\u00e4ngern, zu vervielfachen, zu verlieren \u2026\u00ab An anderer Stelle wiederum ist vom mutma\u00dflich \u00bbsicheren Gef\u00e4ngnis des Kalk\u00fcls\u00ab die Rede. Dieses Gef\u00e4ngnis aber (so w\u00fcrde der Psychoanalytiker in uns folgern) ist weniger das Kalk\u00fcl, als der hier herrschende, unnachgiebige Wille zur Gestaltung, der Musik und Sprache gleicherma\u00dfen wie einen Fels behandelt, aus dem man erst spr\u00f6de das \u00bbWerk\u00ab absprengen muss. Eine monolithische Hermetik stellt sich ein, ein weiteres Mal diese Anwehungen von irritierenden Klang- und Harmoniefragmenten im Flur einer leerstehenden Villa, die sich in die K\u00e4lte verirren. In der richtigen Stimmung ist das \u00bbLuft von anderen Planeten\u00ab im besten Sinne, ein fast mystisches H\u00f6rerlebnis. In der falschen Stimmung bleibt die H\u00f6rerin vor den Toren dieser Kl\u00e4nge ausgesperrt, ist sie nicht eingelassen, mehr noch, ist sie keine Eingeweihte. Fremde, schroffe Welten sind es, die hier erzittern \u2026 Und doch auch (und das w\u00e4re noch zu thematisieren), schwebt der Geist von Luigi Nono in stiller Zur\u00fcckhaltung \u00fcber diese Musik.<\/p>\n","protected":false},"excerpt":{"rendered":"<p>Infotext: Osvaldo Coluccino Notizen f\u00fcr\u00a0Streichquartette\u00a0(2002\u20132008) Attimo\u00a0(Augenblick) Lediglich die Andeutung einer Qualit\u00e4t, die, in der k\u00fcrzesten genauso wie in der unmessbaren Zeitspanne,\u00a0das Ereignis\u00a0erf\u00fcllen k\u00f6nnte. Das sich regeneriert, ausgehend vom Verlassen der Wechself\u00e4lle des Lebens (der Geschichte und des Gedankens), um sich zu verwandeln und die eigene Oberfl\u00e4che gl\u00e4nzen zu lassen, auf der sich die Empfindung wie [&hellip;]<\/p>\n","protected":false},"featured_media":2983,"template":"","meta":{"site-sidebar-layout":"default","site-content-layout":"default","ast-site-content-layout":"default","site-content-style":"default","site-sidebar-style":"default","ast-global-header-display":"","ast-banner-title-visibility":"","ast-main-header-display":"","ast-hfb-above-header-display":"","ast-hfb-below-header-display":"","ast-hfb-mobile-header-display":"","site-post-title":"","ast-breadcrumbs-content":"","ast-featured-img":"","footer-sml-layout":"","theme-transparent-header-meta":"default","adv-header-id-meta":"","stick-header-meta":"","header-above-stick-meta":"","header-main-stick-meta":"","header-below-stick-meta":"","astra-migrate-meta-layouts":"default","ast-page-background-enabled":"default","ast-page-background-meta":{"desktop":{"background-color":"","background-image":"","background-repeat":"repeat","background-position":"center center","background-size":"auto","background-attachment":"scroll","background-type":"","background-media":"","overlay-type":"","overlay-color":"","overlay-opacity":"","overlay-gradient":""},"tablet":{"background-color":"","background-image":"","background-repeat":"repeat","background-position":"center center","background-size":"auto","background-attachment":"scroll","background-type":"","background-media":"","overlay-type":"","overlay-color":"","overlay-opacity":"","overlay-gradient":""},"mobile":{"background-color":"","background-image":"","background-repeat":"repeat","background-position":"center center","background-size":"auto","background-attachment":"scroll","background-type":"","background-media":"","overlay-type":"","overlay-color":"","overlay-opacity":"","overlay-gradient":""}},"ast-content-background-meta":{"desktop":{"background-color":"var(--ast-global-color-5)","background-image":"","background-repeat":"repeat","background-position":"center center","background-size":"auto","background-attachment":"scroll","background-type":"","background-media":"","overlay-type":"","overlay-color":"","overlay-opacity":"","overlay-gradient":""},"tablet":{"background-color":"var(--ast-global-color-5)","background-image":"","background-repeat":"repeat","background-position":"center center","background-size":"auto","background-attachment":"scroll","background-type":"","background-media":"","overlay-type":"","overlay-color":"","overlay-opacity":"","overlay-gradient":""},"mobile":{"background-color":"var(--ast-global-color-5)","background-image":"","background-repeat":"repeat","background-position":"center center","background-size":"auto","background-attachment":"scroll","background-type":"","background-media":"","overlay-type":"","overlay-color":"","overlay-opacity":"","overlay-gradient":""}}},"product_brand":[],"product_cat":[878,26],"product_tag":[],"class_list":{"0":"post-2982","1":"product","2":"type-product","3":"status-publish","4":"has-post-thumbnail","6":"product_cat-streichquartett","7":"product_cat-zeitgenossische-musik","8":"pa_artikelnummer-neos-11130","9":"pa_brand-neos-music","10":"pa_ean-531","11":"desktop-align-left","12":"tablet-align-left","13":"mobile-align-left","15":"first","16":"instock","17":"taxable","18":"shipping-taxable","19":"purchasable","20":"product-type-simple"},"yoast_head":"<!-- This site is optimized with the Yoast SEO plugin v27.4 - https:\/\/yoast.com\/product\/yoast-seo-wordpress\/ -->\n<title>Osvaldo Coluccino: String Quartets - NEOS Music<\/title>\n<meta name=\"robots\" content=\"index, follow, max-snippet:-1, max-image-preview:large, max-video-preview:-1\" \/>\n<link rel=\"canonical\" href=\"https:\/\/neos-music.com\/en_us\/product\/osvaldo-coluccino-string-quartets\/\" \/>\n<meta property=\"og:locale\" content=\"en_US\" \/>\n<meta property=\"og:type\" content=\"article\" \/>\n<meta property=\"og:title\" content=\"Osvaldo Coluccino: String Quartets - NEOS Music\" \/>\n<meta property=\"og:description\" content=\"Infotext: Osvaldo Coluccino Notizen f\u00fcr\u00a0Streichquartette\u00a0(2002\u20132008) Attimo\u00a0(Augenblick) Lediglich die Andeutung einer Qualit\u00e4t, die, in der k\u00fcrzesten genauso wie in der unmessbaren Zeitspanne,\u00a0das Ereignis\u00a0erf\u00fcllen k\u00f6nnte. Das sich regeneriert, ausgehend vom Verlassen der Wechself\u00e4lle des Lebens (der Geschichte und des Gedankens), um sich zu verwandeln und die eigene Oberfl\u00e4che gl\u00e4nzen zu lassen, auf der sich die Empfindung wie [&hellip;]\" \/>\n<meta property=\"og:url\" content=\"https:\/\/neos-music.com\/en_us\/product\/osvaldo-coluccino-string-quartets\/\" \/>\n<meta property=\"og:site_name\" content=\"NEOS Music\" \/>\n<meta property=\"article:modified_time\" content=\"2023-01-08T17:50:14+00:00\" \/>\n<meta property=\"og:image\" content=\"https:\/\/neos-music.com\/wp-content\/uploads\/2022\/11\/NEOS_11130_Coluccino.jpeg\" \/>\n\t<meta property=\"og:image:width\" content=\"1648\" \/>\n\t<meta property=\"og:image:height\" content=\"1483\" \/>\n\t<meta property=\"og:image:type\" content=\"image\/jpeg\" \/>\n<meta name=\"twitter:card\" content=\"summary_large_image\" \/>\n<meta name=\"twitter:label1\" content=\"Est. reading time\" \/>\n\t<meta name=\"twitter:data1\" content=\"6 minutes\" \/>\n<script type=\"application\/ld+json\" class=\"yoast-schema-graph\">{\"@context\":\"https:\\\/\\\/schema.org\",\"@graph\":[{\"@type\":\"WebPage\",\"@id\":\"https:\\\/\\\/neos-music.com\\\/product\\\/osvaldo-coluccino-string-quartets\\\/\",\"url\":\"https:\\\/\\\/neos-music.com\\\/product\\\/osvaldo-coluccino-string-quartets\\\/\",\"name\":\"Osvaldo Coluccino: String Quartets - NEOS Music\",\"isPartOf\":{\"@id\":\"https:\\\/\\\/neos-music.com\\\/#website\"},\"primaryImageOfPage\":{\"@id\":\"https:\\\/\\\/neos-music.com\\\/product\\\/osvaldo-coluccino-string-quartets\\\/#primaryimage\"},\"image\":{\"@id\":\"https:\\\/\\\/neos-music.com\\\/product\\\/osvaldo-coluccino-string-quartets\\\/#primaryimage\"},\"thumbnailUrl\":\"https:\\\/\\\/i0.wp.com\\\/neos-music.com\\\/wp-content\\\/uploads\\\/2022\\\/11\\\/NEOS_11130_Coluccino.jpeg?fit=1648%2C1483&ssl=1\",\"datePublished\":\"2012-01-30T20:40:23+00:00\",\"dateModified\":\"2023-01-08T17:50:14+00:00\",\"breadcrumb\":{\"@id\":\"https:\\\/\\\/neos-music.com\\\/product\\\/osvaldo-coluccino-string-quartets\\\/#breadcrumb\"},\"inLanguage\":\"en-US\",\"potentialAction\":[{\"@type\":\"ReadAction\",\"target\":[\"https:\\\/\\\/neos-music.com\\\/product\\\/osvaldo-coluccino-string-quartets\\\/\"]}]},{\"@type\":\"ImageObject\",\"inLanguage\":\"en-US\",\"@id\":\"https:\\\/\\\/neos-music.com\\\/product\\\/osvaldo-coluccino-string-quartets\\\/#primaryimage\",\"url\":\"https:\\\/\\\/i0.wp.com\\\/neos-music.com\\\/wp-content\\\/uploads\\\/2022\\\/11\\\/NEOS_11130_Coluccino.jpeg?fit=1648%2C1483&ssl=1\",\"contentUrl\":\"https:\\\/\\\/i0.wp.com\\\/neos-music.com\\\/wp-content\\\/uploads\\\/2022\\\/11\\\/NEOS_11130_Coluccino.jpeg?fit=1648%2C1483&ssl=1\",\"width\":1648,\"height\":1483},{\"@type\":\"BreadcrumbList\",\"@id\":\"https:\\\/\\\/neos-music.com\\\/product\\\/osvaldo-coluccino-string-quartets\\\/#breadcrumb\",\"itemListElement\":[{\"@type\":\"ListItem\",\"position\":1,\"name\":\"Startseite\",\"item\":\"https:\\\/\\\/neos-music.com\\\/\"},{\"@type\":\"ListItem\",\"position\":2,\"name\":\"Produkte\",\"item\":\"https:\\\/\\\/neos-music.com\\\/shop__trashed\\\/\"},{\"@type\":\"ListItem\",\"position\":3,\"name\":\"Osvaldo Coluccino: String Quartets\"}]},{\"@type\":\"WebSite\",\"@id\":\"https:\\\/\\\/neos-music.com\\\/#website\",\"url\":\"https:\\\/\\\/neos-music.com\\\/\",\"name\":\"NEOS Music\",\"description\":\"Dein Online Shop f\u00fcr zeitgen\u00f6ssische Musik, Jazz und Classics!\",\"publisher\":{\"@id\":\"https:\\\/\\\/neos-music.com\\\/#organization\"},\"potentialAction\":[{\"@type\":\"SearchAction\",\"target\":{\"@type\":\"EntryPoint\",\"urlTemplate\":\"https:\\\/\\\/neos-music.com\\\/?s={search_term_string}\"},\"query-input\":{\"@type\":\"PropertyValueSpecification\",\"valueRequired\":true,\"valueName\":\"search_term_string\"}}],\"inLanguage\":\"en-US\"},{\"@type\":\"Organization\",\"@id\":\"https:\\\/\\\/neos-music.com\\\/#organization\",\"name\":\"NEOS Music\",\"url\":\"https:\\\/\\\/neos-music.com\\\/\",\"logo\":{\"@type\":\"ImageObject\",\"inLanguage\":\"en-US\",\"@id\":\"https:\\\/\\\/neos-music.com\\\/#\\\/schema\\\/logo\\\/image\\\/\",\"url\":\"https:\\\/\\\/i0.wp.com\\\/neos-music.com\\\/wp-content\\\/uploads\\\/2025\\\/08\\\/NEOS-Logo-weiss.png?fit=800%2C203&ssl=1\",\"contentUrl\":\"https:\\\/\\\/i0.wp.com\\\/neos-music.com\\\/wp-content\\\/uploads\\\/2025\\\/08\\\/NEOS-Logo-weiss.png?fit=800%2C203&ssl=1\",\"width\":800,\"height\":203,\"caption\":\"NEOS Music\"},\"image\":{\"@id\":\"https:\\\/\\\/neos-music.com\\\/#\\\/schema\\\/logo\\\/image\\\/\"}}]}<\/script>\n<!-- \/ Yoast SEO plugin. -->","yoast_head_json":{"title":"Osvaldo Coluccino: String Quartets - NEOS Music","robots":{"index":"index","follow":"follow","max-snippet":"max-snippet:-1","max-image-preview":"max-image-preview:large","max-video-preview":"max-video-preview:-1"},"canonical":"https:\/\/neos-music.com\/en_us\/product\/osvaldo-coluccino-string-quartets\/","og_locale":"en_US","og_type":"article","og_title":"Osvaldo Coluccino: String Quartets - NEOS Music","og_description":"Infotext: Osvaldo Coluccino Notizen f\u00fcr\u00a0Streichquartette\u00a0(2002\u20132008) Attimo\u00a0(Augenblick) Lediglich die Andeutung einer Qualit\u00e4t, die, in der k\u00fcrzesten genauso wie in der unmessbaren Zeitspanne,\u00a0das Ereignis\u00a0erf\u00fcllen k\u00f6nnte. Das sich regeneriert, ausgehend vom Verlassen der Wechself\u00e4lle des Lebens (der Geschichte und des Gedankens), um sich zu verwandeln und die eigene Oberfl\u00e4che gl\u00e4nzen zu lassen, auf der sich die Empfindung wie [&hellip;]","og_url":"https:\/\/neos-music.com\/en_us\/product\/osvaldo-coluccino-string-quartets\/","og_site_name":"NEOS Music","article_modified_time":"2023-01-08T17:50:14+00:00","og_image":[{"width":1648,"height":1483,"url":"https:\/\/neos-music.com\/wp-content\/uploads\/2022\/11\/NEOS_11130_Coluccino.jpeg","type":"image\/jpeg"}],"twitter_card":"summary_large_image","twitter_misc":{"Est. reading time":"6 minutes"},"schema":{"@context":"https:\/\/schema.org","@graph":[{"@type":"WebPage","@id":"https:\/\/neos-music.com\/product\/osvaldo-coluccino-string-quartets\/","url":"https:\/\/neos-music.com\/product\/osvaldo-coluccino-string-quartets\/","name":"Osvaldo Coluccino: String Quartets - NEOS Music","isPartOf":{"@id":"https:\/\/neos-music.com\/#website"},"primaryImageOfPage":{"@id":"https:\/\/neos-music.com\/product\/osvaldo-coluccino-string-quartets\/#primaryimage"},"image":{"@id":"https:\/\/neos-music.com\/product\/osvaldo-coluccino-string-quartets\/#primaryimage"},"thumbnailUrl":"https:\/\/i0.wp.com\/neos-music.com\/wp-content\/uploads\/2022\/11\/NEOS_11130_Coluccino.jpeg?fit=1648%2C1483&ssl=1","datePublished":"2012-01-30T20:40:23+00:00","dateModified":"2023-01-08T17:50:14+00:00","breadcrumb":{"@id":"https:\/\/neos-music.com\/product\/osvaldo-coluccino-string-quartets\/#breadcrumb"},"inLanguage":"en-US","potentialAction":[{"@type":"ReadAction","target":["https:\/\/neos-music.com\/product\/osvaldo-coluccino-string-quartets\/"]}]},{"@type":"ImageObject","inLanguage":"en-US","@id":"https:\/\/neos-music.com\/product\/osvaldo-coluccino-string-quartets\/#primaryimage","url":"https:\/\/i0.wp.com\/neos-music.com\/wp-content\/uploads\/2022\/11\/NEOS_11130_Coluccino.jpeg?fit=1648%2C1483&ssl=1","contentUrl":"https:\/\/i0.wp.com\/neos-music.com\/wp-content\/uploads\/2022\/11\/NEOS_11130_Coluccino.jpeg?fit=1648%2C1483&ssl=1","width":1648,"height":1483},{"@type":"BreadcrumbList","@id":"https:\/\/neos-music.com\/product\/osvaldo-coluccino-string-quartets\/#breadcrumb","itemListElement":[{"@type":"ListItem","position":1,"name":"Startseite","item":"https:\/\/neos-music.com\/"},{"@type":"ListItem","position":2,"name":"Produkte","item":"https:\/\/neos-music.com\/shop__trashed\/"},{"@type":"ListItem","position":3,"name":"Osvaldo Coluccino: String Quartets"}]},{"@type":"WebSite","@id":"https:\/\/neos-music.com\/#website","url":"https:\/\/neos-music.com\/","name":"NEOS Music","description":"Dein Online Shop f\u00fcr zeitgen\u00f6ssische Musik, Jazz und Classics!","publisher":{"@id":"https:\/\/neos-music.com\/#organization"},"potentialAction":[{"@type":"SearchAction","target":{"@type":"EntryPoint","urlTemplate":"https:\/\/neos-music.com\/?s={search_term_string}"},"query-input":{"@type":"PropertyValueSpecification","valueRequired":true,"valueName":"search_term_string"}}],"inLanguage":"en-US"},{"@type":"Organization","@id":"https:\/\/neos-music.com\/#organization","name":"NEOS Music","url":"https:\/\/neos-music.com\/","logo":{"@type":"ImageObject","inLanguage":"en-US","@id":"https:\/\/neos-music.com\/#\/schema\/logo\/image\/","url":"https:\/\/i0.wp.com\/neos-music.com\/wp-content\/uploads\/2025\/08\/NEOS-Logo-weiss.png?fit=800%2C203&ssl=1","contentUrl":"https:\/\/i0.wp.com\/neos-music.com\/wp-content\/uploads\/2025\/08\/NEOS-Logo-weiss.png?fit=800%2C203&ssl=1","width":800,"height":203,"caption":"NEOS Music"},"image":{"@id":"https:\/\/neos-music.com\/#\/schema\/logo\/image\/"}}]}},"jetpack_sharing_enabled":true,"_links":{"self":[{"href":"https:\/\/neos-music.com\/en_us\/wp-json\/wp\/v2\/product\/2982","targetHints":{"allow":["GET"]}}],"collection":[{"href":"https:\/\/neos-music.com\/en_us\/wp-json\/wp\/v2\/product"}],"about":[{"href":"https:\/\/neos-music.com\/en_us\/wp-json\/wp\/v2\/types\/product"}],"version-history":[{"count":0,"href":"https:\/\/neos-music.com\/en_us\/wp-json\/wp\/v2\/product\/2982\/revisions"}],"wp:featuredmedia":[{"embeddable":true,"href":"https:\/\/neos-music.com\/en_us\/wp-json\/wp\/v2\/media\/2983"}],"wp:attachment":[{"href":"https:\/\/neos-music.com\/en_us\/wp-json\/wp\/v2\/media?parent=2982"}],"wp:term":[{"taxonomy":"product_brand","embeddable":true,"href":"https:\/\/neos-music.com\/en_us\/wp-json\/wp\/v2\/product_brand?post=2982"},{"taxonomy":"product_cat","embeddable":true,"href":"https:\/\/neos-music.com\/en_us\/wp-json\/wp\/v2\/product_cat?post=2982"},{"taxonomy":"product_tag","embeddable":true,"href":"https:\/\/neos-music.com\/en_us\/wp-json\/wp\/v2\/product_tag?post=2982"}],"curies":[{"name":"wp","href":"https:\/\/api.w.org\/{rel}","templated":true}]}}