{"id":2984,"date":"2012-01-30T20:42:23","date_gmt":"2012-01-30T20:42:23","guid":{"rendered":"https:\/\/neos-music.com\/?post_type=product&#038;p=2984"},"modified":"2023-01-13T23:24:21","modified_gmt":"2023-01-13T23:24:21","slug":"aaron-cassidy-the-crutch-of-memory","status":"publish","type":"product","link":"https:\/\/neos-music.com\/en_us\/product\/aaron-cassidy-the-crutch-of-memory\/","title":{"rendered":"Aaron Cassidy: The Crutch of Memory"},"content":{"rendered":"<p>Infotext:<\/p>\n<table border=\"0\" width=\"100%\" rules=\"none\" cellspacing=\"0\" cellpadding=\"0\">\n<tbody>\n<tr>\n<td class=\"bigcontent2\">\n<div id=\"infotext\">\n<p><b>Werke von Aaron Cassidy<\/b><\/p>\n<p>Die Werke auf dieser CD sp\u00fcren konsequent der fortschreitenden Geschichte einer einfachen, aber fundamentalen Neukonzeption des Instrumentalspiels nach, um eine neue fremde Welt des Klangmaterials aufzudecken. Das Konzept basiert auf der Idee einer instrumentalen \u203aAbkopplung\u2039: der getrennten Behandlung von physischen Ausf\u00fchrungs-Komponenten, z.\u2009B. Ansatz und Grifftechnik auf einem Blasinstrument oder der beiden H\u00e4nde eines Streichers. Eine einfache Idee, wenn auch kontra-intuitiv. Getrieben aber von Cassidys Gewissenhaftigkeit und Selbstwahrnehmung, vervielf\u00e4ltigen sich die Konsequenzen sofort: die Demontage der angeeigneten physischen, musikalischen und technischen Beziehungen des Spielers zu seinem Instrument; eine Verlagerung des Schwerpunkts der produzierten Kl\u00e4nge auf die Mittel, die diese hervorbringen; die Verschiebung des Tons aus seiner ererbten Position im Zentrum des musikalischen Diskurses; die Notwendigkeit neuer Hierarchien und eines neuen Wahrnehmungsvokabulars.<\/p>\n<p>Hier handelt es sich nicht um ein Hirngespinst oder ein Davonst\u00fcrmen in einen R\u00fcstungswettlauf der Komplexit\u00e4t oder Schwierigkeiten. Das Axiom von Cassidys Arbeit ist einfach, aber radikal: Die geh\u00f6rten Kl\u00e4nge sind unkontrollierbare Spuren, die die Kollisionspunkte von Kr\u00e4ften markieren, welche sich auf einer Reise vom Irgendwo zum Irgendwo befinden. Es gibt keinen festen Boden, sondern nur \u00dcberg\u00e4nge, Flugbahnen und Geschwindigkeiten auf der gesamten Strecke.<\/p>\n<p>Die Musik, die hier vorgestellt wird, folgt dieser Grundidee, um mit immer reineren und wahrhaftigeren Mitteln eine fremde, unbegreifliche, irritierend \u203aphysische\u2039 Musik zu erschaffen. Die fr\u00fchesten Werke f\u00fcr Solo-Holzbl\u00e4ser,\u00a0<i>metallic dust<\/i>\u00a0(1999) und\u00a0<i>asphyxia<\/i>\u00a0(2000), sind kontrapunktische T\u00e4nze zwischen Tonh\u00f6hen und den Kr\u00e4ften, die sie verzerren. Bereits bevor sie das Instrument verlassen, werden melodische Formen und\u00a0<i>canti firmi<\/i>\u00a0durch unterschiedlich manipulierten Ansatz und die Atmung besch\u00e4digt.<\/p>\n<p>In\u00a0<i>The Crutch of Memory<\/i>\u00a0(2004) geben die Spielanweisungen nur \u00dcberg\u00e4nge zwischen Handpositionen und Fingeranordnungen der linken Hand des Streichers vor. W\u00e4hrend der Bogen eigenst\u00e4ndig \u00fcber die Saiten dahinjagt, wird ein noch deutlicheres Werk-Konzept pr\u00e4sentiert, in dem der Klang zu einem beinahe zuf\u00e4lligen Nebenprodukt des musikalischen Universums der selbst\u00e4ndig sich bewegenden Muskelpartien wird. Zum ersten Mal sind hier die herausgewundenen, schaudernden T\u00f6ne nur die Spur einer Silhouette von etwas anderem.<\/p>\n<p>Zu den St\u00fccken f\u00fcr Holz- und Blechbl\u00e4ser von 2008\u20132009 geh\u00f6ren die\u00a0<i>Three Studies for Figures at the Base of a Crucifixion<\/i>. Sie verzichten auf Genauigkeit der Tonh\u00f6hen, da die Arbeit der H\u00e4nde des Instrumentalisten ganz ohne Ber\u00fccksichtigung ihrer traditionellen Funktion eingesetzt wird. In diesen Werken, die kunstvolle \u203aFinger-T\u00e4nze\u2039 sind, ist die relevante Frage nicht, wie lange die Verrohrung ist, die durch einen bestimmten Griff erreicht werden kann, sondern, welche mechanischen Gesten die Finger bewegen und wie unbequem und unnat\u00fcrlich diese f\u00fcr den Ausf\u00fchrenden sind. Die Musik manifestiert sich nicht, und sei es noch so vage, im Tonraum \u2013 ja, noch nicht einmal im Klang, sondern in der Spannkraft der Finger und H\u00e4nde des Interpreten.<\/p>\n<p>Wie in Francis Bacons Bildern, die diesen Werken die Titel gaben, liegt die Bedeutung in der Verzerrung \u2013 die Kluft zwischen Gew\u00f6hnlichem und Verzerrtem, die nur um den Preis von Angestrengtheit und Kontingenz \u00fcberbr\u00fcckt werden kann. Bei Cassidy wie bei Bacon wird die Kraft, die diese Kluft erzwingt, dargestellt. Die Kl\u00e4nge sind eine irref\u00fchrende Spur \u2013 wir \u00fcberh\u00f6ren sie.<\/p>\n<p>Das einzige Werk, dessen Klangmaterial kein Nebenprodukt aufeinanderprallender physischer Bewegungen ist, ist das Gesangssolo\u00a0<i>I, purples<\/i>, aber auch hier ist der Tonumfang marginalisiert. Die Tonh\u00f6hensprache ist nur ein computergeneriertes, zuf\u00e4llig sich ver\u00e4nderndes Glissando, h\u00f6rbar nur f\u00fcr den Interpreten. Diese versteckte Quelle, deren Kontext uns verborgen bleibt, ist der Ausgangspunkt f\u00fcr eine Vielfalt essentieller muskul\u00e4rer Man\u00f6ver des Rachens, die Ton-Explosionen hevorbringen, w\u00e4hrend Aktionen des Mundes und der Zunge einen verworrenen Faden von Phonemen produzieren \u2013 abgeleitet von drei verschiedenen, zusammengeschnittenen Lesungen und \u00dcbersetzungen aus Arthur Rimbauds Gedicht\u00a0<i>Voyelles<\/i>. Tonh\u00f6hen sind hier fl\u00fcchtige Ausschnitte eines zuf\u00e4llig generierten, unh\u00f6rbaren \u203aTextes\u2039.<\/p>\n<p>Doch wo bleibt, bei alledem, der Zuh\u00f6rer? Vielleicht gibt es einen \u203aCassidy-Sound\u2039. Als Ergebnis seines idiosynkratischen Ansatzes zur instrumentalen Komposition h\u00f6ren wir zun\u00e4chst nur wilde Messerstiche auf einer festen Struktur, fl\u00fcchtige Nachgebilde, die aus Flugbahnen explodieren und von einem Punkt zum anderen st\u00fcrzen, unhierarchi-sierbare Atome, die Kraftlinien umranden, nicht ganz fassbar, schnell auf uns geworfen mit der nicht nachlassenden Kraft der unter extremem Druck stehenden Interpreten. In den neueren Werken werden traditionelle gestische Formen fast g\u00e4nzlich verworfen oder unh\u00f6rbar gemacht. Alles was stabil ist, entsteht nicht aus den Kl\u00e4ngen, sondern aus den muskul\u00e4ren Aktionen, denen sie nachsp\u00fcren und aus den von den Aktionen geformten Konstellationen: Triller verblassen zu Tremoli und subtileren Timbre-Oszillierungen, Rachen und Lippen ziehen sich zusammen, bis der Klang abgew\u00fcrgt ist, oder sie entspannen sich, bis sie den Boden verlieren. Schlie\u00dflich findet sich eine weitere Ebene \u2013 eine zu Deleuze f\u00fchrende Spur, der neben Bacon einer von Cassidys wichtigsten, nicht auf Musik spezialisierten Gespr\u00e4chspartner ist. Die erbarmungslos fragmentarische Oberfl\u00e4che dieser Werke erschafft eine permanente Mehrdeutigkeit der Details und des Kontextes, in der h\u00f6rbare Gruppierungen und Syntaxen entstehen, ohne dass wir uns ihrer sicher sein k\u00f6nnen, bzw. ohne dass sie uns durch die n\u00e4chste unerwartete Stille oder eine pl\u00f6tzlich angespannte Ruhe zu tragen verm\u00f6gen. Es ist ersch\u00f6pfend, aber berauschend.<\/p>\n<p>Schlie\u00dflich die\u00a0<i>songs only as sad as their listener<\/i>\u00a0\u2013 ein einmaliges Werk in Cassidys dichtem \u0152uvre, das passende Postskriptum. Gnadenlose Fragmentierung, zermalmende Energie und irritierend insistierende Glitschigkeit weichen einer einfachen, mysteri\u00f6sen, scheinbar endlosen Folge leisen Wehklagens im h\u00f6chsten Register einer ged\u00e4mpften Posaune. Auch hier werden instrumentale Gepflogenheiten demontiert, aber nur insoweit, als Rachen und Ansatz in einem Zustand der Daueranspannung verharren, w\u00e4hrend Schieber und Trigger sanft auf der Stelle schwanken. Wenn man dieses Werk h\u00f6rt und in Kontext zu den anderen Werken stellt, erscheint es wie ein zitternder, anr\u00fchrend verletzbarer Schatten \u2013 und man erkennt, dass die Instabilit\u00e4t von Cassidys gesamtem Werk nicht nur als ein Anliegen von Kraft und Macht definiert werden kann, sondern auch als ein zerbrechliches Schaudern.<\/p>\n<p>Evan Johnson<br \/>\n<i>\u00dcbersetzung aus dem Englischen: Susan Oswell<\/i><\/p>\n<\/div>\n<\/td>\n<td><\/td>\n<\/tr>\n<\/tbody>\n<\/table>\n<p>Programm:<\/p>\n<p>[01]\u00a0<b>The Crutch of Memory<\/b>\u00a004:13<br \/>\nfor solo indeterminate string instrument (2004) *\/**<\/p>\n<p><b><br \/>\nThree Studies for Figures at the Base of a Crucifixion<\/b><\/p>\n<p>[02]\u00a0<b>What then renders these forces visible is a strange smile<\/b>\u00a005:06<br \/>\nfor solo trumpet (2008)<br \/>\n[03]\u00a0<b>Because they mark the zone where the force is in the process of striking<\/b>\u00a004:35<br \/>\nfor solo trombone (2008)<br \/>\n[04]\u00a0<b>Being itself a catastrophe, the diagram must not create a catastrophe<\/b>\u00a009:33<br \/>\nfor oboe\/musette\/English horn and E-flat\/B-flat\/bass clarinets (2009) **<\/p>\n<p>[05]\u00a0<b>I, purples, spat blood, laugh of beautiful lips<\/b>\u00a004:09<br \/>\nfor voice (with live, computer-generated pitch material) (2006) **<br \/>\nTexts by Arthur Rimbaud: \u201cVoyelles\u201d \u00b7 Arthur Rimbaud: \u201cVowels\u201d (unattributed English translation)<br \/>\nChristian B\u00f6k: \u201cVoile,\u201d from \u201cEunoia\u201d (Coach House Press, 2001)<\/p>\n<p>[06]\u00a0<b>metallic dust<\/b>\u00a004:35<br \/>\nfor amplified bass clarinet (1999)**<\/p>\n<p>[07]\u00a0<b>asphyxia<\/b>\u00a010:10<br \/>\nfor solo soprano saxophone (2000)**<\/p>\n<p>[08]\u00a0<b>songs only as sad as their listener<\/b>\u00a013:10<br \/>\nfor solo trombone (2006)**<\/p>\n<p>total time 56:40<\/p>\n<p><b>ELISION ensemble<\/b><br \/>\nDaryl Buckley, Artistic Director<br \/>\nRichard Haynes, clarinets [04] &amp; saxophone \u00b7 Graeme Jennings, violin<br \/>\nBenjamin Marks, trombone \u00b7 Carl Rosman, bass clarinet [06] &amp; voice<br \/>\n<a class=\"arcoma_glossarylink\" href=\"https:\/\/neos-music.com\/output.php?content=Kuenstler\/Vearle_Peter.php&amp;treplace=english%2Cgerman\" target=\"_self\" rel=\"noopener\">Peter Veale<\/a>, oboes \u00b7 Tristram Williams, trumpet<\/p>\n<p><i>* Live Recording \/ ** World Premiere Recording<\/i><\/p>\n","protected":false},"excerpt":{"rendered":"<p>Infotext: Werke von Aaron Cassidy Die Werke auf dieser CD sp\u00fcren konsequent der fortschreitenden Geschichte einer einfachen, aber fundamentalen Neukonzeption des Instrumentalspiels nach, um eine neue fremde Welt des Klangmaterials aufzudecken. Das Konzept basiert auf der Idee einer instrumentalen \u203aAbkopplung\u2039: der getrennten Behandlung von physischen Ausf\u00fchrungs-Komponenten, z.\u2009B. Ansatz und Grifftechnik auf einem Blasinstrument oder der [&hellip;]<\/p>\n","protected":false},"featured_media":2985,"template":"","meta":{"site-sidebar-layout":"default","site-content-layout":"default","ast-site-content-layout":"default","site-content-style":"default","site-sidebar-style":"default","ast-global-header-display":"","ast-banner-title-visibility":"","ast-main-header-display":"","ast-hfb-above-header-display":"","ast-hfb-below-header-display":"","ast-hfb-mobile-header-display":"","site-post-title":"","ast-breadcrumbs-content":"","ast-featured-img":"","footer-sml-layout":"","theme-transparent-header-meta":"default","adv-header-id-meta":"","stick-header-meta":"","header-above-stick-meta":"","header-main-stick-meta":"","header-below-stick-meta":"","astra-migrate-meta-layouts":"default","ast-page-background-enabled":"default","ast-page-background-meta":{"desktop":{"background-color":"","background-image":"","background-repeat":"repeat","background-position":"center center","background-size":"auto","background-attachment":"scroll","background-type":"","background-media":"","overlay-type":"","overlay-color":"","overlay-opacity":"","overlay-gradient":""},"tablet":{"background-color":"","background-image":"","background-repeat":"repeat","background-position":"center center","background-size":"auto","background-attachment":"scroll","background-type":"","background-media":"","overlay-type":"","overlay-color":"","overlay-opacity":"","overlay-gradient":""},"mobile":{"background-color":"","background-image":"","background-repeat":"repeat","background-position":"center center","background-size":"auto","background-attachment":"scroll","background-type":"","background-media":"","overlay-type":"","overlay-color":"","overlay-opacity":"","overlay-gradient":""}},"ast-content-background-meta":{"desktop":{"background-color":"var(--ast-global-color-5)","background-image":"","background-repeat":"repeat","background-position":"center center","background-size":"auto","background-attachment":"scroll","background-type":"","background-media":"","overlay-type":"","overlay-color":"","overlay-opacity":"","overlay-gradient":""},"tablet":{"background-color":"var(--ast-global-color-5)","background-image":"","background-repeat":"repeat","background-position":"center center","background-size":"auto","background-attachment":"scroll","background-type":"","background-media":"","overlay-type":"","overlay-color":"","overlay-opacity":"","overlay-gradient":""},"mobile":{"background-color":"var(--ast-global-color-5)","background-image":"","background-repeat":"repeat","background-position":"center center","background-size":"auto","background-attachment":"scroll","background-type":"","background-media":"","overlay-type":"","overlay-color":"","overlay-opacity":"","overlay-gradient":""}}},"product_brand":[],"product_cat":[883,26],"product_tag":[],"class_list":{"0":"post-2984","1":"product","2":"type-product","3":"status-publish","4":"has-post-thumbnail","6":"product_cat-orchester","7":"product_cat-zeitgenossische-musik","8":"pa_artikelnummer-neos-11201","9":"pa_brand-neos-music","10":"pa_ean-533","11":"desktop-align-left","12":"tablet-align-left","13":"mobile-align-left","15":"first","16":"instock","17":"taxable","18":"shipping-taxable","19":"purchasable","20":"product-type-simple"},"yoast_head":"<!-- This site is optimized with the Yoast SEO plugin v27.3 - https:\/\/yoast.com\/product\/yoast-seo-wordpress\/ -->\n<title>Aaron Cassidy: The Crutch of Memory - NEOS Music<\/title>\n<meta name=\"robots\" content=\"index, follow, max-snippet:-1, max-image-preview:large, max-video-preview:-1\" \/>\n<link rel=\"canonical\" href=\"https:\/\/neos-music.com\/en_us\/product\/aaron-cassidy-the-crutch-of-memory\/\" \/>\n<meta property=\"og:locale\" content=\"en_US\" \/>\n<meta property=\"og:type\" content=\"article\" \/>\n<meta property=\"og:title\" content=\"Aaron Cassidy: The Crutch of Memory - NEOS Music\" \/>\n<meta property=\"og:description\" content=\"Infotext: Werke von Aaron Cassidy Die Werke auf dieser CD sp\u00fcren konsequent der fortschreitenden Geschichte einer einfachen, aber fundamentalen Neukonzeption des Instrumentalspiels nach, um eine neue fremde Welt des Klangmaterials aufzudecken. Das Konzept basiert auf der Idee einer instrumentalen \u203aAbkopplung\u2039: der getrennten Behandlung von physischen Ausf\u00fchrungs-Komponenten, z.\u2009B. Ansatz und Grifftechnik auf einem Blasinstrument oder der [&hellip;]\" \/>\n<meta property=\"og:url\" content=\"https:\/\/neos-music.com\/en_us\/product\/aaron-cassidy-the-crutch-of-memory\/\" \/>\n<meta property=\"og:site_name\" content=\"NEOS Music\" \/>\n<meta property=\"article:modified_time\" content=\"2023-01-13T23:24:21+00:00\" \/>\n<meta property=\"og:image\" content=\"https:\/\/neos-music.com\/wp-content\/uploads\/2022\/11\/NEOS_11201_Cassidy.jpeg\" \/>\n\t<meta property=\"og:image:width\" content=\"1648\" \/>\n\t<meta property=\"og:image:height\" content=\"1483\" \/>\n\t<meta property=\"og:image:type\" content=\"image\/jpeg\" \/>\n<meta name=\"twitter:card\" content=\"summary_large_image\" \/>\n<meta name=\"twitter:label1\" content=\"Est. reading time\" \/>\n\t<meta name=\"twitter:data1\" content=\"6 minutes\" \/>\n<script type=\"application\/ld+json\" class=\"yoast-schema-graph\">{\"@context\":\"https:\\\/\\\/schema.org\",\"@graph\":[{\"@type\":\"WebPage\",\"@id\":\"https:\\\/\\\/neos-music.com\\\/product\\\/aaron-cassidy-the-crutch-of-memory\\\/\",\"url\":\"https:\\\/\\\/neos-music.com\\\/product\\\/aaron-cassidy-the-crutch-of-memory\\\/\",\"name\":\"Aaron Cassidy: The Crutch of Memory - NEOS Music\",\"isPartOf\":{\"@id\":\"https:\\\/\\\/neos-music.com\\\/#website\"},\"primaryImageOfPage\":{\"@id\":\"https:\\\/\\\/neos-music.com\\\/product\\\/aaron-cassidy-the-crutch-of-memory\\\/#primaryimage\"},\"image\":{\"@id\":\"https:\\\/\\\/neos-music.com\\\/product\\\/aaron-cassidy-the-crutch-of-memory\\\/#primaryimage\"},\"thumbnailUrl\":\"https:\\\/\\\/i0.wp.com\\\/neos-music.com\\\/wp-content\\\/uploads\\\/2022\\\/11\\\/NEOS_11201_Cassidy.jpeg?fit=1648%2C1483&ssl=1\",\"datePublished\":\"2012-01-30T20:42:23+00:00\",\"dateModified\":\"2023-01-13T23:24:21+00:00\",\"breadcrumb\":{\"@id\":\"https:\\\/\\\/neos-music.com\\\/product\\\/aaron-cassidy-the-crutch-of-memory\\\/#breadcrumb\"},\"inLanguage\":\"en-US\",\"potentialAction\":[{\"@type\":\"ReadAction\",\"target\":[\"https:\\\/\\\/neos-music.com\\\/product\\\/aaron-cassidy-the-crutch-of-memory\\\/\"]}]},{\"@type\":\"ImageObject\",\"inLanguage\":\"en-US\",\"@id\":\"https:\\\/\\\/neos-music.com\\\/product\\\/aaron-cassidy-the-crutch-of-memory\\\/#primaryimage\",\"url\":\"https:\\\/\\\/i0.wp.com\\\/neos-music.com\\\/wp-content\\\/uploads\\\/2022\\\/11\\\/NEOS_11201_Cassidy.jpeg?fit=1648%2C1483&ssl=1\",\"contentUrl\":\"https:\\\/\\\/i0.wp.com\\\/neos-music.com\\\/wp-content\\\/uploads\\\/2022\\\/11\\\/NEOS_11201_Cassidy.jpeg?fit=1648%2C1483&ssl=1\",\"width\":1648,\"height\":1483},{\"@type\":\"BreadcrumbList\",\"@id\":\"https:\\\/\\\/neos-music.com\\\/product\\\/aaron-cassidy-the-crutch-of-memory\\\/#breadcrumb\",\"itemListElement\":[{\"@type\":\"ListItem\",\"position\":1,\"name\":\"Startseite\",\"item\":\"https:\\\/\\\/neos-music.com\\\/\"},{\"@type\":\"ListItem\",\"position\":2,\"name\":\"Produkte\",\"item\":\"https:\\\/\\\/neos-music.com\\\/shop__trashed\\\/\"},{\"@type\":\"ListItem\",\"position\":3,\"name\":\"Aaron Cassidy: The Crutch of Memory\"}]},{\"@type\":\"WebSite\",\"@id\":\"https:\\\/\\\/neos-music.com\\\/#website\",\"url\":\"https:\\\/\\\/neos-music.com\\\/\",\"name\":\"NEOS Music\",\"description\":\"Dein Online Shop f\u00fcr zeitgen\u00f6ssische Musik, Jazz und Classics!\",\"publisher\":{\"@id\":\"https:\\\/\\\/neos-music.com\\\/#organization\"},\"potentialAction\":[{\"@type\":\"SearchAction\",\"target\":{\"@type\":\"EntryPoint\",\"urlTemplate\":\"https:\\\/\\\/neos-music.com\\\/?s={search_term_string}\"},\"query-input\":{\"@type\":\"PropertyValueSpecification\",\"valueRequired\":true,\"valueName\":\"search_term_string\"}}],\"inLanguage\":\"en-US\"},{\"@type\":\"Organization\",\"@id\":\"https:\\\/\\\/neos-music.com\\\/#organization\",\"name\":\"NEOS Music\",\"url\":\"https:\\\/\\\/neos-music.com\\\/\",\"logo\":{\"@type\":\"ImageObject\",\"inLanguage\":\"en-US\",\"@id\":\"https:\\\/\\\/neos-music.com\\\/#\\\/schema\\\/logo\\\/image\\\/\",\"url\":\"https:\\\/\\\/i0.wp.com\\\/neos-music.com\\\/wp-content\\\/uploads\\\/2025\\\/08\\\/NEOS-Logo-weiss.png?fit=800%2C203&ssl=1\",\"contentUrl\":\"https:\\\/\\\/i0.wp.com\\\/neos-music.com\\\/wp-content\\\/uploads\\\/2025\\\/08\\\/NEOS-Logo-weiss.png?fit=800%2C203&ssl=1\",\"width\":800,\"height\":203,\"caption\":\"NEOS Music\"},\"image\":{\"@id\":\"https:\\\/\\\/neos-music.com\\\/#\\\/schema\\\/logo\\\/image\\\/\"}}]}<\/script>\n<!-- \/ Yoast SEO plugin. -->","yoast_head_json":{"title":"Aaron Cassidy: The Crutch of Memory - NEOS Music","robots":{"index":"index","follow":"follow","max-snippet":"max-snippet:-1","max-image-preview":"max-image-preview:large","max-video-preview":"max-video-preview:-1"},"canonical":"https:\/\/neos-music.com\/en_us\/product\/aaron-cassidy-the-crutch-of-memory\/","og_locale":"en_US","og_type":"article","og_title":"Aaron Cassidy: The Crutch of Memory - NEOS Music","og_description":"Infotext: Werke von Aaron Cassidy Die Werke auf dieser CD sp\u00fcren konsequent der fortschreitenden Geschichte einer einfachen, aber fundamentalen Neukonzeption des Instrumentalspiels nach, um eine neue fremde Welt des Klangmaterials aufzudecken. Das Konzept basiert auf der Idee einer instrumentalen \u203aAbkopplung\u2039: der getrennten Behandlung von physischen Ausf\u00fchrungs-Komponenten, z.\u2009B. Ansatz und Grifftechnik auf einem Blasinstrument oder der [&hellip;]","og_url":"https:\/\/neos-music.com\/en_us\/product\/aaron-cassidy-the-crutch-of-memory\/","og_site_name":"NEOS Music","article_modified_time":"2023-01-13T23:24:21+00:00","og_image":[{"width":1648,"height":1483,"url":"https:\/\/neos-music.com\/wp-content\/uploads\/2022\/11\/NEOS_11201_Cassidy.jpeg","type":"image\/jpeg"}],"twitter_card":"summary_large_image","twitter_misc":{"Est. reading time":"6 minutes"},"schema":{"@context":"https:\/\/schema.org","@graph":[{"@type":"WebPage","@id":"https:\/\/neos-music.com\/product\/aaron-cassidy-the-crutch-of-memory\/","url":"https:\/\/neos-music.com\/product\/aaron-cassidy-the-crutch-of-memory\/","name":"Aaron Cassidy: The Crutch of Memory - NEOS Music","isPartOf":{"@id":"https:\/\/neos-music.com\/#website"},"primaryImageOfPage":{"@id":"https:\/\/neos-music.com\/product\/aaron-cassidy-the-crutch-of-memory\/#primaryimage"},"image":{"@id":"https:\/\/neos-music.com\/product\/aaron-cassidy-the-crutch-of-memory\/#primaryimage"},"thumbnailUrl":"https:\/\/i0.wp.com\/neos-music.com\/wp-content\/uploads\/2022\/11\/NEOS_11201_Cassidy.jpeg?fit=1648%2C1483&ssl=1","datePublished":"2012-01-30T20:42:23+00:00","dateModified":"2023-01-13T23:24:21+00:00","breadcrumb":{"@id":"https:\/\/neos-music.com\/product\/aaron-cassidy-the-crutch-of-memory\/#breadcrumb"},"inLanguage":"en-US","potentialAction":[{"@type":"ReadAction","target":["https:\/\/neos-music.com\/product\/aaron-cassidy-the-crutch-of-memory\/"]}]},{"@type":"ImageObject","inLanguage":"en-US","@id":"https:\/\/neos-music.com\/product\/aaron-cassidy-the-crutch-of-memory\/#primaryimage","url":"https:\/\/i0.wp.com\/neos-music.com\/wp-content\/uploads\/2022\/11\/NEOS_11201_Cassidy.jpeg?fit=1648%2C1483&ssl=1","contentUrl":"https:\/\/i0.wp.com\/neos-music.com\/wp-content\/uploads\/2022\/11\/NEOS_11201_Cassidy.jpeg?fit=1648%2C1483&ssl=1","width":1648,"height":1483},{"@type":"BreadcrumbList","@id":"https:\/\/neos-music.com\/product\/aaron-cassidy-the-crutch-of-memory\/#breadcrumb","itemListElement":[{"@type":"ListItem","position":1,"name":"Startseite","item":"https:\/\/neos-music.com\/"},{"@type":"ListItem","position":2,"name":"Produkte","item":"https:\/\/neos-music.com\/shop__trashed\/"},{"@type":"ListItem","position":3,"name":"Aaron Cassidy: The Crutch of Memory"}]},{"@type":"WebSite","@id":"https:\/\/neos-music.com\/#website","url":"https:\/\/neos-music.com\/","name":"NEOS Music","description":"Dein Online Shop f\u00fcr zeitgen\u00f6ssische Musik, Jazz und Classics!","publisher":{"@id":"https:\/\/neos-music.com\/#organization"},"potentialAction":[{"@type":"SearchAction","target":{"@type":"EntryPoint","urlTemplate":"https:\/\/neos-music.com\/?s={search_term_string}"},"query-input":{"@type":"PropertyValueSpecification","valueRequired":true,"valueName":"search_term_string"}}],"inLanguage":"en-US"},{"@type":"Organization","@id":"https:\/\/neos-music.com\/#organization","name":"NEOS Music","url":"https:\/\/neos-music.com\/","logo":{"@type":"ImageObject","inLanguage":"en-US","@id":"https:\/\/neos-music.com\/#\/schema\/logo\/image\/","url":"https:\/\/i0.wp.com\/neos-music.com\/wp-content\/uploads\/2025\/08\/NEOS-Logo-weiss.png?fit=800%2C203&ssl=1","contentUrl":"https:\/\/i0.wp.com\/neos-music.com\/wp-content\/uploads\/2025\/08\/NEOS-Logo-weiss.png?fit=800%2C203&ssl=1","width":800,"height":203,"caption":"NEOS Music"},"image":{"@id":"https:\/\/neos-music.com\/#\/schema\/logo\/image\/"}}]}},"jetpack_sharing_enabled":true,"_links":{"self":[{"href":"https:\/\/neos-music.com\/en_us\/wp-json\/wp\/v2\/product\/2984","targetHints":{"allow":["GET"]}}],"collection":[{"href":"https:\/\/neos-music.com\/en_us\/wp-json\/wp\/v2\/product"}],"about":[{"href":"https:\/\/neos-music.com\/en_us\/wp-json\/wp\/v2\/types\/product"}],"version-history":[{"count":0,"href":"https:\/\/neos-music.com\/en_us\/wp-json\/wp\/v2\/product\/2984\/revisions"}],"wp:featuredmedia":[{"embeddable":true,"href":"https:\/\/neos-music.com\/en_us\/wp-json\/wp\/v2\/media\/2985"}],"wp:attachment":[{"href":"https:\/\/neos-music.com\/en_us\/wp-json\/wp\/v2\/media?parent=2984"}],"wp:term":[{"taxonomy":"product_brand","embeddable":true,"href":"https:\/\/neos-music.com\/en_us\/wp-json\/wp\/v2\/product_brand?post=2984"},{"taxonomy":"product_cat","embeddable":true,"href":"https:\/\/neos-music.com\/en_us\/wp-json\/wp\/v2\/product_cat?post=2984"},{"taxonomy":"product_tag","embeddable":true,"href":"https:\/\/neos-music.com\/en_us\/wp-json\/wp\/v2\/product_tag?post=2984"}],"curies":[{"name":"wp","href":"https:\/\/api.w.org\/{rel}","templated":true}]}}