{"id":2995,"date":"2011-10-28T11:05:23","date_gmt":"2011-10-28T11:05:23","guid":{"rendered":"https:\/\/neos-music.com\/?post_type=product&#038;p=2995"},"modified":"2023-01-08T17:56:58","modified_gmt":"2023-01-08T17:56:58","slug":"gilead-mishory-psalm-fugitive-pieces-psalm","status":"publish","type":"product","link":"https:\/\/neos-music.com\/en_us\/product\/gilead-mishory-psalm-fugitive-pieces-psalm\/","title":{"rendered":"Gilead Mishory: Psalm &#8211; Fugitive Pieces &#8211; Psalm"},"content":{"rendered":"<p>Infotext:<\/p>\n<p><b>Psalm \u2013 Fluchtst\u00fccke \u2013 Psalm<\/b><\/p>\n<p>Hinter allen Werken dieser CD stehen Worte. Der zweite, zentrale Satz des dreis\u00e4tzigen Streichquartetts\u00a0<b><i>Psalm<\/i><\/b>\u00a0ist vom gleichnamigen Gedicht Paul Celans inspiriert, das die Sehnsucht nach einem erbarmenden Gott \u2013 trotz seiner Nicht-Existenz \u2013 thematisiert. Der Text wird von den Streichern in einer Art Sprechgesang rezitiert und bewegt sich zwischen mehreren assoziativen Ebenen, sowohl im historischen wie religi\u00f6sen Sinne. Motive, die an j\u00fcdische Gebetsfetzen erinnern (u.\u2009a. mikrotonale Elemente), erklingen neben Elementen der christlichen Choraltradition (<i>Es ist ein Ros entsprungen<\/i>\u00a0von Michael Praetorius). Zwei andere Gedichte von Paul Celan \u2013 inhaltlich mit\u00a0<i>Psalm<\/i>\u00a0verbunden \u2013 sind Inspirationsquellen des ersten und dritten Satzes, ohne jedoch gesprochen zu werden. Im bewegten Schlusssatz\u00a0<i>Sandvolk<\/i>\u00a0wird durch orientalisch angehauchte Motive und Rhythmen die biblisch anmutende W\u00fcstenszene im Gedicht\u00a0<i>Oben, ger\u00e4uschlos<\/i>\u00a0beschrieben, wobei ein Wort \u00fcberlebt:\u00a0<i>Wasser<\/i>. Motivisch ist dieser Satz eng mit dem Kopfsatz (<i>Auge der Zeit<\/i>) verbunden.<\/p>\n<p>Hinter dem\u00a0<i><b>Psalm<\/b><\/i>\u00a0f\u00fcr Violoncello und Klavier stehen die Psalmen Davids. Es sind jedoch keine konkreten Psalmen, auf die Bezug genommen wird. Vielmehr kann die Spanne zwischen Psalm 22 (<i>Mein Gott, warum hast du mich verlassen?<\/i>) und Psalm 23 (<i>Gott ist mein Hirte, mir wird nichts fehlen.<\/i>) das emotionale Spektrum beschreiben, in dem sich der Rezitierende bewegt: Glaube, Sehnsucht nach Geborgenheit und Schutz Gottes einerseits, Anklage, Zweifel und Verzweiflung andererseits.<\/p>\n<p>Die au\u00dferordentlich reiche, pulsierend klingende und poetische Sprache des Romans\u00a0<b><i>Fugitive Pieces<\/i><\/b>\u00a0(Fluchtst\u00fccke) von Anne Michaels regte den gleichnamigen Klavierzyklus an, der aus mehreren kurzen Ton-Bildern besteht. Das Buch beschreibt die Geschichte von Jakob Beer, einem j\u00fcdischen Kind aus einem Dorf in Polen, das \u00fcberlebt, nachdem seine ganze Familie von den Nazis erschossen wurde. Erz\u00e4hlt wird seine einsame Flucht in den Wald und Sumpf, seine wundersame Rettung durch den griechischen Arch\u00e4ologen Athos, sein \u00dcberleben im Versteck auf der Insel Zakynthos sowie seine obsessive Besch\u00e4ftigung mit dem Schicksal seiner \u00e4lteren Schwester Bella und mit \u203aihrer\u2039 Musik, speziell mit den\u00a0<i>Intermezzi<\/i>\u00a0von Brahms und Beethovens\u00a0<i>Mondscheinsonate<\/i>. Der Roman spielt gleichzeitig auf verschiedenen Bewusstseins- und Realit\u00e4tsebenen. (\u00bbEvery moment is two moments\u00ab \/ \u00bbThe gradual moment\u00ab \/ \u00bbAll visible things will be born again invisible\u00ab). Die Musik spiegelt diese Besch\u00e4ftigung mit der Zeit an einigen Stellen wider. Es sind k\u00fcrzere oder l\u00e4ngere, immer fl\u00fcchtige Momentaufnahmen. Die Zitate aus dem Roman haben die jeweiligen St\u00fccke assoziativ angeregt. Musik ist jedoch im Unterschied zum Wort eine \u00e4u\u00dferst ungreifbare Substanz und findet oft unerwartete Wege \u2026<\/p>\n<p>Gilead Mishory<\/p>\n<p>Programm:<\/p>\n<p><b>Psalm<\/b>\u00a0(2005) 24:33<br \/>\nfor string quartet after poems by Paul Celan<\/p>\n<p>[01]\u00a0<b>Auge der Zeit<\/b>\u00a004:27<br \/>\n[02]\u00a0<b>Psalm<\/b>\u00a010:51<br \/>\n[03]\u00a0<b>Sandvolk<\/b>\u00a009:15<\/p>\n<p><b>Fugitive Pieces<\/b>\u00a0(2004\u20132005) 28:58<br \/>\nCycle for piano solo after the novel by Anne Michaels<\/p>\n<p>[04]\u00a0<b>Blind Guide<\/b>\u00a001:21<br \/>\n[05]\u00a0<b>Burst Door<\/b>\u00a000:36<br \/>\n[06]\u00a0<b>Milk Teeth<\/b>\u00a002:01<br \/>\n[07]\u00a0<b>Running, Falling<\/b>\u00a002:04<br \/>\n[08]\u00a0<b>Bella: Brahms<\/b>\u00a000:44<br \/>\n[09]\u00a0<b>Purple-Orange<\/b>\u00a000:41<br \/>\n[10]\u00a0<b>Into Sound<\/b>\u00a002:17<br \/>\n[11]\u00a0<b>Decrescendo<\/b>\u00a000:27<br \/>\n[12]\u00a0<b>Dreckiger Jude<\/b>\u00a003:05<br \/>\n[13]\u00a0<b>Pedhi mou<\/b>\u00a002:07<br \/>\n[14]\u00a0<b>Russian Dolls<\/b>\u00a001:50<br \/>\n[15]\u00a0<b>Ritardando<\/b>\u00a000:30<br \/>\n[16]\u00a0<b>Zakynthos: Sea<\/b>\u00a002:30<br \/>\n[17]\u00a0<b>Zakynthos: Stars<\/b>\u00a001:41<br \/>\n[18]\u00a0<b>Zakynthos: Stones<\/b>\u00a000:52<br \/>\n[19]\u00a0<b>Ghetto-Lullaby<\/b>\u00a001:46<br \/>\n[20]\u00a0<b>Car-Radio<\/b>\u00a001:11<br \/>\n[21]\u00a0<b>Bella<\/b>\u00a003:16<\/p>\n<p>[22]\u00a0<b>Psalm<\/b>\u00a0(2003) for violoncello and piano 18:23<\/p>\n<p>total time 72:11<\/p>\n<p><a class=\"arcoma_glossarylink\" href=\"https:\/\/neos-music.com\/output.php?content=Kuenstler\/Auritus-Quartett.php&amp;treplace=english%2Cgerman\" target=\"_self\" rel=\"noopener\">Auritus-Quartett<\/a><br \/>\nKey-Thomas M\u00e4rkl, violin \u00b7 Leopold Lercher, violin<br \/>\nKlaus-Peter Werani, viola \u00b7 Stefan Trauer, violoncello<\/p>\n<p><a class=\"arcoma_glossarylink\" href=\"https:\/\/neos-music.com\/output.php?content=Kuenstler\/Mishory_Gilead.php&amp;treplace=english%2Cgerman\" target=\"_self\" rel=\"noopener\">Gilead Mishory<\/a>, piano<br \/>\n<a class=\"arcoma_glossarylink\" href=\"https:\/\/neos-music.com\/output.php?content=Kuenstler\/Berger_Julius.php&amp;treplace=english%2Cgerman\" target=\"_self\" rel=\"noopener\">Julius Berger<\/a>, violoncello<\/p>\n<p><i>World Premiere Recordings<\/i><\/p>\n<p>Pressestimmen:<\/p>\n<p><img data-recalc-dims=\"1\" decoding=\"async\" src=\"https:\/\/i0.wp.com\/neos-music.com\/images\/news\/logo_Augsburger-Allgemeine.jpg?ssl=1\" \/><br \/>\n02. M\u00e4rz 2012<\/p>\n<p><b>W\u00f6rter, T\u00f6ne, Psalmen<br \/>\n<\/b>Kammer- und Klaviermusik von Gilead Mishory und Julius Berger<br \/>\n<b>Von Manfred Engelhardt<\/b><\/p>\n<p>Er ist bekannt geworden durch seine Auseinandersetzung mit Leo Jan\u00e1cek: Als Erster hat Gilead Mishory das gesamte Klavierwerk des Tschechen eingespielt. Als Komponist sucht der 1960 in Jerusalem geborene Pianist wie Jan\u00e1cek nach Ausdrucksr\u00e4umen, die von der Sprachmelodie vorgegeben werden. Wort \u2013 Klang \u2013 Musik sind Parameter, in denen Mishory seine eigene Poesie entwickelt. Drei Werke pr\u00e4sentiert er jetztauf CD: \u201ePsalm\u201c f\u00fcr Streichquartett und \u201ePsalm\u201c f\u00fcr Cello\/Klavier umschlie\u00dfen \u201eFugitive Pieces\u201c f\u00fcr Klavier.<\/p>\n<p>Er reizt alle M\u00f6glichkeiten radikaler Klangentfaltung aus<\/p>\n<p>Im Streichquartett \u201ePsalm\u201c lie\u00df sich Mishory von drei Paul-Celan-Gedichten inspirieren: \u201eAuge der Zeit \/ das titelgebende \u201ePsalm\u201c \/ \u201eSandvolk\u201c. F\u00fcr die Streicher reizt Mishory alle M\u00f6glichkeiten radikaler Klangentfaltung aus, um Celans Lyrik, dieser apokalyptischen Sinnsuche auf die Spur zu kommen: vom Ger\u00e4usch zur melodisch ges\u00e4ttigten Vokalise, vom gl\u00e4sernen Flageolett-Ton bis zum scharf geschliffenen Ausbruch.<\/p>\n<p>In \u201ePsalm\u201c wird von den Musikern des hervorragenden Auritus-Quartetts der flehend-resignierende Gestus dieses Gedichts in Sprechgesang-Collagen zitiert; die Rahmens\u00e4tze \u201eAuge der Zeit \/ Sandvolk\u201c sind rein instrumentale Assoziationen \u2013 bestechende Farben, auch illustrative Anmutungen orientalischer Musik.<\/p>\n<p>\u201ePsalm\u201c f\u00fcr Cello\/Klavier ruft Julius Berger auf den Plan, der darauf spezialisiert ist, mit Klangsensibilit\u00e4t und frappierenden modernen Streichertechniken Kern und Kontext avantgardistischer Kompositionen aufzusp\u00fcren. Mit Mishory entfesselt der Augsburger Cellist ein in extremen Bereichen sich bewegendes Ausdruckstableau.<\/p>\n<p>Der Schicksalsweg eines vor den Nazis fl\u00fcchtenden Kindes<\/p>\n<p>Schlie\u00dflich kommt das pianistische Solowerk der CD: \u201eFugitive Pieces\u201c (Fluchtst\u00fccke) nach dem gleichnamigen Roman von Anne Michaels ist ein Zyklus, der 21 Stationen aus dem Schicksalsweg eines vor den Nazis fl\u00fcchtenden j\u00fcdischen Kindes mit signifikanten Passagen dieser lyrisch-expressiv gepr\u00e4gten Sprache als Klangerlebnis nachzeichnet. Auch au\u00dferliterarisch \u2013 ohne die abgedruckten Textstellen inhaltlich mit einzubeziehen \u2013 entfaltet sich dieser brillant von Gilead Mishory selbst gespielte Klavierzyklus spannungsvoll als rein musikalischer Bilderbogen.<\/p>\n<p>Gilead Mishory \u201ePsalm\u201c for String Quartet after Paul Celan. \u201eFugitive pieces\u201c, Cycle for Piano after Anne Michaels. \u201ePsalm\u201c for Violoncello and Piano. Auritus-Quartett; Gilead Mishory (Piano); Julius Berger (Violoncello). NEOS Music. 11022.<\/p>\n<p><a href=\"https:\/\/neos-music.com\/output.php?template=german-album-details.php&amp;content=Alben\/11022.php#\">http:\/\/www.augsburger-allgemeine.de\/augsburg\/Woerter-Toene-Psalmen-id19054746.html<\/a><\/p>\n<p>&nbsp;<\/p>\n<p><img data-recalc-dims=\"1\" decoding=\"async\" src=\"https:\/\/i0.wp.com\/neos-music.com\/images\/news\/logo_Badische%20Zeitung.jpg?ssl=1\" \/><br \/>\n14.01.2012<\/p>\n<p><img data-recalc-dims=\"1\" decoding=\"async\" src=\"https:\/\/i0.wp.com\/neos-music.com\/images\/news\/11022_Badische_Zeitung.jpg?ssl=1\" \/><\/p>\n<p>&nbsp;<\/p>\n<p><img data-recalc-dims=\"1\" decoding=\"async\" src=\"https:\/\/i0.wp.com\/neos-music.com\/images\/news\/logo_christgegenwart.png?ssl=1\" \/><\/p>\n<p>13.11.2011<\/p>\n<p><img data-recalc-dims=\"1\" decoding=\"async\" src=\"https:\/\/i0.wp.com\/neos-music.com\/images\/news\/11022_ChristGegenwart_131111.jpg?ssl=1\" \/><\/p>\n","protected":false},"excerpt":{"rendered":"<p>Infotext: Psalm \u2013 Fluchtst\u00fccke \u2013 Psalm Hinter allen Werken dieser CD stehen Worte. Der zweite, zentrale Satz des dreis\u00e4tzigen Streichquartetts\u00a0Psalm\u00a0ist vom gleichnamigen Gedicht Paul Celans inspiriert, das die Sehnsucht nach einem erbarmenden Gott \u2013 trotz seiner Nicht-Existenz \u2013 thematisiert. Der Text wird von den Streichern in einer Art Sprechgesang rezitiert und bewegt sich zwischen mehreren [&hellip;]<\/p>\n","protected":false},"featured_media":2996,"template":"","meta":{"site-sidebar-layout":"default","site-content-layout":"default","ast-site-content-layout":"default","site-content-style":"default","site-sidebar-style":"default","ast-global-header-display":"","ast-banner-title-visibility":"","ast-main-header-display":"","ast-hfb-above-header-display":"","ast-hfb-below-header-display":"","ast-hfb-mobile-header-display":"","site-post-title":"","ast-breadcrumbs-content":"","ast-featured-img":"","footer-sml-layout":"","theme-transparent-header-meta":"default","adv-header-id-meta":"","stick-header-meta":"","header-above-stick-meta":"","header-main-stick-meta":"","header-below-stick-meta":"","astra-migrate-meta-layouts":"default","ast-page-background-enabled":"default","ast-page-background-meta":{"desktop":{"background-color":"","background-image":"","background-repeat":"repeat","background-position":"center center","background-size":"auto","background-attachment":"scroll","background-type":"","background-media":"","overlay-type":"","overlay-color":"","overlay-opacity":"","overlay-gradient":""},"tablet":{"background-color":"","background-image":"","background-repeat":"repeat","background-position":"center center","background-size":"auto","background-attachment":"scroll","background-type":"","background-media":"","overlay-type":"","overlay-color":"","overlay-opacity":"","overlay-gradient":""},"mobile":{"background-color":"","background-image":"","background-repeat":"repeat","background-position":"center center","background-size":"auto","background-attachment":"scroll","background-type":"","background-media":"","overlay-type":"","overlay-color":"","overlay-opacity":"","overlay-gradient":""}},"ast-content-background-meta":{"desktop":{"background-color":"var(--ast-global-color-5)","background-image":"","background-repeat":"repeat","background-position":"center center","background-size":"auto","background-attachment":"scroll","background-type":"","background-media":"","overlay-type":"","overlay-color":"","overlay-opacity":"","overlay-gradient":""},"tablet":{"background-color":"var(--ast-global-color-5)","background-image":"","background-repeat":"repeat","background-position":"center center","background-size":"auto","background-attachment":"scroll","background-type":"","background-media":"","overlay-type":"","overlay-color":"","overlay-opacity":"","overlay-gradient":""},"mobile":{"background-color":"var(--ast-global-color-5)","background-image":"","background-repeat":"repeat","background-position":"center center","background-size":"auto","background-attachment":"scroll","background-type":"","background-media":"","overlay-type":"","overlay-color":"","overlay-opacity":"","overlay-gradient":""}}},"product_brand":[],"product_cat":[878,26],"product_tag":[],"class_list":{"0":"post-2995","1":"product","2":"type-product","3":"status-publish","4":"has-post-thumbnail","6":"product_cat-streichquartett","7":"product_cat-zeitgenossische-musik","8":"pa_artikelnummer-neos-11022","9":"pa_brand-neos-music","10":"pa_ean-543","11":"desktop-align-left","12":"tablet-align-left","13":"mobile-align-left","15":"first","16":"instock","17":"taxable","18":"shipping-taxable","19":"purchasable","20":"product-type-simple"},"yoast_head":"<!-- This site is optimized with the Yoast SEO plugin v27.3 - https:\/\/yoast.com\/product\/yoast-seo-wordpress\/ -->\n<title>Gilead Mishory: Psalm - Fugitive Pieces - Psalm - NEOS Music<\/title>\n<meta name=\"robots\" content=\"index, follow, max-snippet:-1, max-image-preview:large, max-video-preview:-1\" \/>\n<link rel=\"canonical\" href=\"https:\/\/neos-music.com\/en_us\/product\/gilead-mishory-psalm-fugitive-pieces-psalm\/\" \/>\n<meta property=\"og:locale\" content=\"en_US\" \/>\n<meta property=\"og:type\" content=\"article\" \/>\n<meta property=\"og:title\" content=\"Gilead Mishory: Psalm - Fugitive Pieces - Psalm - NEOS Music\" \/>\n<meta property=\"og:description\" content=\"Infotext: Psalm \u2013 Fluchtst\u00fccke \u2013 Psalm Hinter allen Werken dieser CD stehen Worte. Der zweite, zentrale Satz des dreis\u00e4tzigen Streichquartetts\u00a0Psalm\u00a0ist vom gleichnamigen Gedicht Paul Celans inspiriert, das die Sehnsucht nach einem erbarmenden Gott \u2013 trotz seiner Nicht-Existenz \u2013 thematisiert. Der Text wird von den Streichern in einer Art Sprechgesang rezitiert und bewegt sich zwischen mehreren [&hellip;]\" \/>\n<meta property=\"og:url\" content=\"https:\/\/neos-music.com\/en_us\/product\/gilead-mishory-psalm-fugitive-pieces-psalm\/\" \/>\n<meta property=\"og:site_name\" content=\"NEOS Music\" \/>\n<meta property=\"article:modified_time\" content=\"2023-01-08T17:56:58+00:00\" \/>\n<meta property=\"og:image\" content=\"https:\/\/neos-music.com\/wp-content\/uploads\/2022\/11\/NEOS_11022_Mishory.jpeg\" \/>\n\t<meta property=\"og:image:width\" content=\"1647\" \/>\n\t<meta property=\"og:image:height\" content=\"1483\" \/>\n\t<meta property=\"og:image:type\" content=\"image\/jpeg\" \/>\n<meta name=\"twitter:card\" content=\"summary_large_image\" \/>\n<meta name=\"twitter:label1\" content=\"Est. reading time\" \/>\n\t<meta name=\"twitter:data1\" content=\"4 minutes\" \/>\n<script type=\"application\/ld+json\" class=\"yoast-schema-graph\">{\"@context\":\"https:\\\/\\\/schema.org\",\"@graph\":[{\"@type\":\"WebPage\",\"@id\":\"https:\\\/\\\/neos-music.com\\\/product\\\/gilead-mishory-psalm-fugitive-pieces-psalm\\\/\",\"url\":\"https:\\\/\\\/neos-music.com\\\/product\\\/gilead-mishory-psalm-fugitive-pieces-psalm\\\/\",\"name\":\"Gilead Mishory: Psalm - Fugitive Pieces - Psalm - NEOS Music\",\"isPartOf\":{\"@id\":\"https:\\\/\\\/neos-music.com\\\/#website\"},\"primaryImageOfPage\":{\"@id\":\"https:\\\/\\\/neos-music.com\\\/product\\\/gilead-mishory-psalm-fugitive-pieces-psalm\\\/#primaryimage\"},\"image\":{\"@id\":\"https:\\\/\\\/neos-music.com\\\/product\\\/gilead-mishory-psalm-fugitive-pieces-psalm\\\/#primaryimage\"},\"thumbnailUrl\":\"https:\\\/\\\/i0.wp.com\\\/neos-music.com\\\/wp-content\\\/uploads\\\/2022\\\/11\\\/NEOS_11022_Mishory.jpeg?fit=1647%2C1483&ssl=1\",\"datePublished\":\"2011-10-28T11:05:23+00:00\",\"dateModified\":\"2023-01-08T17:56:58+00:00\",\"breadcrumb\":{\"@id\":\"https:\\\/\\\/neos-music.com\\\/product\\\/gilead-mishory-psalm-fugitive-pieces-psalm\\\/#breadcrumb\"},\"inLanguage\":\"en-US\",\"potentialAction\":[{\"@type\":\"ReadAction\",\"target\":[\"https:\\\/\\\/neos-music.com\\\/product\\\/gilead-mishory-psalm-fugitive-pieces-psalm\\\/\"]}]},{\"@type\":\"ImageObject\",\"inLanguage\":\"en-US\",\"@id\":\"https:\\\/\\\/neos-music.com\\\/product\\\/gilead-mishory-psalm-fugitive-pieces-psalm\\\/#primaryimage\",\"url\":\"https:\\\/\\\/i0.wp.com\\\/neos-music.com\\\/wp-content\\\/uploads\\\/2022\\\/11\\\/NEOS_11022_Mishory.jpeg?fit=1647%2C1483&ssl=1\",\"contentUrl\":\"https:\\\/\\\/i0.wp.com\\\/neos-music.com\\\/wp-content\\\/uploads\\\/2022\\\/11\\\/NEOS_11022_Mishory.jpeg?fit=1647%2C1483&ssl=1\",\"width\":1647,\"height\":1483},{\"@type\":\"BreadcrumbList\",\"@id\":\"https:\\\/\\\/neos-music.com\\\/product\\\/gilead-mishory-psalm-fugitive-pieces-psalm\\\/#breadcrumb\",\"itemListElement\":[{\"@type\":\"ListItem\",\"position\":1,\"name\":\"Startseite\",\"item\":\"https:\\\/\\\/neos-music.com\\\/\"},{\"@type\":\"ListItem\",\"position\":2,\"name\":\"Produkte\",\"item\":\"https:\\\/\\\/neos-music.com\\\/shop__trashed\\\/\"},{\"@type\":\"ListItem\",\"position\":3,\"name\":\"Gilead Mishory: Psalm &#8211; Fugitive Pieces &#8211; Psalm\"}]},{\"@type\":\"WebSite\",\"@id\":\"https:\\\/\\\/neos-music.com\\\/#website\",\"url\":\"https:\\\/\\\/neos-music.com\\\/\",\"name\":\"NEOS Music\",\"description\":\"Dein Online Shop f\u00fcr zeitgen\u00f6ssische Musik, Jazz und Classics!\",\"publisher\":{\"@id\":\"https:\\\/\\\/neos-music.com\\\/#organization\"},\"potentialAction\":[{\"@type\":\"SearchAction\",\"target\":{\"@type\":\"EntryPoint\",\"urlTemplate\":\"https:\\\/\\\/neos-music.com\\\/?s={search_term_string}\"},\"query-input\":{\"@type\":\"PropertyValueSpecification\",\"valueRequired\":true,\"valueName\":\"search_term_string\"}}],\"inLanguage\":\"en-US\"},{\"@type\":\"Organization\",\"@id\":\"https:\\\/\\\/neos-music.com\\\/#organization\",\"name\":\"NEOS Music\",\"url\":\"https:\\\/\\\/neos-music.com\\\/\",\"logo\":{\"@type\":\"ImageObject\",\"inLanguage\":\"en-US\",\"@id\":\"https:\\\/\\\/neos-music.com\\\/#\\\/schema\\\/logo\\\/image\\\/\",\"url\":\"https:\\\/\\\/i0.wp.com\\\/neos-music.com\\\/wp-content\\\/uploads\\\/2025\\\/08\\\/NEOS-Logo-weiss.png?fit=800%2C203&ssl=1\",\"contentUrl\":\"https:\\\/\\\/i0.wp.com\\\/neos-music.com\\\/wp-content\\\/uploads\\\/2025\\\/08\\\/NEOS-Logo-weiss.png?fit=800%2C203&ssl=1\",\"width\":800,\"height\":203,\"caption\":\"NEOS Music\"},\"image\":{\"@id\":\"https:\\\/\\\/neos-music.com\\\/#\\\/schema\\\/logo\\\/image\\\/\"}}]}<\/script>\n<!-- \/ Yoast SEO plugin. -->","yoast_head_json":{"title":"Gilead Mishory: Psalm - Fugitive Pieces - Psalm - NEOS Music","robots":{"index":"index","follow":"follow","max-snippet":"max-snippet:-1","max-image-preview":"max-image-preview:large","max-video-preview":"max-video-preview:-1"},"canonical":"https:\/\/neos-music.com\/en_us\/product\/gilead-mishory-psalm-fugitive-pieces-psalm\/","og_locale":"en_US","og_type":"article","og_title":"Gilead Mishory: Psalm - Fugitive Pieces - Psalm - NEOS Music","og_description":"Infotext: Psalm \u2013 Fluchtst\u00fccke \u2013 Psalm Hinter allen Werken dieser CD stehen Worte. Der zweite, zentrale Satz des dreis\u00e4tzigen Streichquartetts\u00a0Psalm\u00a0ist vom gleichnamigen Gedicht Paul Celans inspiriert, das die Sehnsucht nach einem erbarmenden Gott \u2013 trotz seiner Nicht-Existenz \u2013 thematisiert. Der Text wird von den Streichern in einer Art Sprechgesang rezitiert und bewegt sich zwischen mehreren [&hellip;]","og_url":"https:\/\/neos-music.com\/en_us\/product\/gilead-mishory-psalm-fugitive-pieces-psalm\/","og_site_name":"NEOS Music","article_modified_time":"2023-01-08T17:56:58+00:00","og_image":[{"width":1647,"height":1483,"url":"https:\/\/neos-music.com\/wp-content\/uploads\/2022\/11\/NEOS_11022_Mishory.jpeg","type":"image\/jpeg"}],"twitter_card":"summary_large_image","twitter_misc":{"Est. reading time":"4 minutes"},"schema":{"@context":"https:\/\/schema.org","@graph":[{"@type":"WebPage","@id":"https:\/\/neos-music.com\/product\/gilead-mishory-psalm-fugitive-pieces-psalm\/","url":"https:\/\/neos-music.com\/product\/gilead-mishory-psalm-fugitive-pieces-psalm\/","name":"Gilead Mishory: Psalm - Fugitive Pieces - Psalm - NEOS Music","isPartOf":{"@id":"https:\/\/neos-music.com\/#website"},"primaryImageOfPage":{"@id":"https:\/\/neos-music.com\/product\/gilead-mishory-psalm-fugitive-pieces-psalm\/#primaryimage"},"image":{"@id":"https:\/\/neos-music.com\/product\/gilead-mishory-psalm-fugitive-pieces-psalm\/#primaryimage"},"thumbnailUrl":"https:\/\/i0.wp.com\/neos-music.com\/wp-content\/uploads\/2022\/11\/NEOS_11022_Mishory.jpeg?fit=1647%2C1483&ssl=1","datePublished":"2011-10-28T11:05:23+00:00","dateModified":"2023-01-08T17:56:58+00:00","breadcrumb":{"@id":"https:\/\/neos-music.com\/product\/gilead-mishory-psalm-fugitive-pieces-psalm\/#breadcrumb"},"inLanguage":"en-US","potentialAction":[{"@type":"ReadAction","target":["https:\/\/neos-music.com\/product\/gilead-mishory-psalm-fugitive-pieces-psalm\/"]}]},{"@type":"ImageObject","inLanguage":"en-US","@id":"https:\/\/neos-music.com\/product\/gilead-mishory-psalm-fugitive-pieces-psalm\/#primaryimage","url":"https:\/\/i0.wp.com\/neos-music.com\/wp-content\/uploads\/2022\/11\/NEOS_11022_Mishory.jpeg?fit=1647%2C1483&ssl=1","contentUrl":"https:\/\/i0.wp.com\/neos-music.com\/wp-content\/uploads\/2022\/11\/NEOS_11022_Mishory.jpeg?fit=1647%2C1483&ssl=1","width":1647,"height":1483},{"@type":"BreadcrumbList","@id":"https:\/\/neos-music.com\/product\/gilead-mishory-psalm-fugitive-pieces-psalm\/#breadcrumb","itemListElement":[{"@type":"ListItem","position":1,"name":"Startseite","item":"https:\/\/neos-music.com\/"},{"@type":"ListItem","position":2,"name":"Produkte","item":"https:\/\/neos-music.com\/shop__trashed\/"},{"@type":"ListItem","position":3,"name":"Gilead Mishory: Psalm &#8211; Fugitive Pieces &#8211; Psalm"}]},{"@type":"WebSite","@id":"https:\/\/neos-music.com\/#website","url":"https:\/\/neos-music.com\/","name":"NEOS Music","description":"Dein Online Shop f\u00fcr zeitgen\u00f6ssische Musik, Jazz und Classics!","publisher":{"@id":"https:\/\/neos-music.com\/#organization"},"potentialAction":[{"@type":"SearchAction","target":{"@type":"EntryPoint","urlTemplate":"https:\/\/neos-music.com\/?s={search_term_string}"},"query-input":{"@type":"PropertyValueSpecification","valueRequired":true,"valueName":"search_term_string"}}],"inLanguage":"en-US"},{"@type":"Organization","@id":"https:\/\/neos-music.com\/#organization","name":"NEOS Music","url":"https:\/\/neos-music.com\/","logo":{"@type":"ImageObject","inLanguage":"en-US","@id":"https:\/\/neos-music.com\/#\/schema\/logo\/image\/","url":"https:\/\/i0.wp.com\/neos-music.com\/wp-content\/uploads\/2025\/08\/NEOS-Logo-weiss.png?fit=800%2C203&ssl=1","contentUrl":"https:\/\/i0.wp.com\/neos-music.com\/wp-content\/uploads\/2025\/08\/NEOS-Logo-weiss.png?fit=800%2C203&ssl=1","width":800,"height":203,"caption":"NEOS Music"},"image":{"@id":"https:\/\/neos-music.com\/#\/schema\/logo\/image\/"}}]}},"jetpack_sharing_enabled":true,"_links":{"self":[{"href":"https:\/\/neos-music.com\/en_us\/wp-json\/wp\/v2\/product\/2995","targetHints":{"allow":["GET"]}}],"collection":[{"href":"https:\/\/neos-music.com\/en_us\/wp-json\/wp\/v2\/product"}],"about":[{"href":"https:\/\/neos-music.com\/en_us\/wp-json\/wp\/v2\/types\/product"}],"version-history":[{"count":0,"href":"https:\/\/neos-music.com\/en_us\/wp-json\/wp\/v2\/product\/2995\/revisions"}],"wp:featuredmedia":[{"embeddable":true,"href":"https:\/\/neos-music.com\/en_us\/wp-json\/wp\/v2\/media\/2996"}],"wp:attachment":[{"href":"https:\/\/neos-music.com\/en_us\/wp-json\/wp\/v2\/media?parent=2995"}],"wp:term":[{"taxonomy":"product_brand","embeddable":true,"href":"https:\/\/neos-music.com\/en_us\/wp-json\/wp\/v2\/product_brand?post=2995"},{"taxonomy":"product_cat","embeddable":true,"href":"https:\/\/neos-music.com\/en_us\/wp-json\/wp\/v2\/product_cat?post=2995"},{"taxonomy":"product_tag","embeddable":true,"href":"https:\/\/neos-music.com\/en_us\/wp-json\/wp\/v2\/product_tag?post=2995"}],"curies":[{"name":"wp","href":"https:\/\/api.w.org\/{rel}","templated":true}]}}