{"id":3010,"date":"2011-07-20T14:27:03","date_gmt":"2011-07-20T14:27:03","guid":{"rendered":"https:\/\/neos-music.com\/?post_type=product&#038;p=3010"},"modified":"2022-11-19T14:29:09","modified_gmt":"2022-11-19T14:29:09","slug":"rudolf-kelterborn-latest-works","status":"publish","type":"product","link":"https:\/\/neos-music.com\/en_us\/product\/rudolf-kelterborn-latest-works\/","title":{"rendered":"Rudolf Kelterborn: Latest Works"},"content":{"rendered":"<p>Infotext:<\/p>\n<table border=\"0\" width=\"100%\" rules=\"none\" cellspacing=\"0\" cellpadding=\"0\">\n<tbody>\n<tr>\n<td class=\"bigcontent2\">\n<div id=\"infotext\">\n<p><b>Hommage \u00e0 FD \u2013 Imagin\u00e4re Szenen f\u00fcr f\u00fcnf Instrumente und Frauenstimme<\/b><\/p>\n<p>Die rein musikalischen (deshalb \u00bbimagin\u00e4ren\u00ab) Szenen lassen der Zuh\u00f6rerschaft breiten Raum f\u00fcr die Entwicklung eigener Assoziations-Fantasien. Man kann sich beim Anh\u00f6ren dieser Musik auch Szenen vorstellen, die mit allerlei Gestalten aus D\u00fcrrenmatts Theater-st\u00fccken \u00bbbev\u00f6lkert\u00ab sind: ein Engel, Nebukadnezar, Kurrubi, Romulus, Knipperdollinck, Ann, Schwitter, Claire Zachanassian, Exzellenz, Silvia usw. Es gibt aber kein f\u00fcr die Zuh\u00f6renden verbindliches \u00bbProgramm\u00ab. Ich wollte aus meiner ganz pers\u00f6nlichen Sicht ein musikalisches Portr\u00e4t des gro\u00dfen Schriftstellers entwerfen, dessen Werk h\u00f6chste Dramatik, geistige Reflexion, Sarkasmus, zarte Poesie, Vision\u00e4res \u2013 aber auch Vulg\u00e4res \u2013 einschlie\u00dft.<\/p>\n<p>Die Gesangspartie verwendet keine zusammenh\u00e4ngenden Texte, sondern nur einzelne W\u00f6rter und einige Wortkombinationen, die zwar alle aus B\u00fchnenwerken von D\u00fcrrenmatt stammen, aber auch in Texten anderer Autoren vorkommen k\u00f6nnen. Die Komposition entstand 2010 im Auftrag des Centre D\u00fcrrenmatt Neuch\u00e2tel zu dessen 10-j\u00e4hrigem Bestehen und ist der S\u00e4ngerin Jeannine Hirzel, dem Dirigenten Pierre-Alain Monot und dem Nouvel Ensemble Contemporain NEC gewidmet.<\/p>\n<p>W\u00f6rter in der Reihenfolge ihres ersten Erscheinens:\u00a0<i>blind \/ zerbrochen \/ Entsetzen \/ verg\u00e4nglich \/ Menschheit erlischt \/ zerfetzte Leichen \/ Henker \/ Gerechtigkeit \/ M\u00f6rdergrube \/ T\u00fcrme zerbrechen \/ K\u00e4lte des Himmels \/ Erstaunen \/ neue Wunder \/ blau \/ schimmernde W\u00fcste \/ geblendet \/ Licht \/ Gestirne \/ Andromedanebel \/ Antares \/ silberhell \/ Schweigen \/ mit dir \/ seit ich dich liebe \/ leuchtet \/\u00a0 Feuer \/ lodernde Flamme \/ ich verbrenne \/ General \/ ich zerst\u00f6re \/ ein schreiender Mund \/ schwarze Schatten \/ ich bin \/ ich bin keine Schachfigur \/ Gel\u00e4chter \/ kalt<\/i><\/p>\n<p>Aus:\u00a0<i>Meteor \/ Die Frist \/ Der Besuch der alten Dame \/ Es steht geschrieben \/ Die Mitmacher \/ Herkules und der Stall des Augias \/ Ein Engel kommt nach Babylon \/ Die Physiker \/ Romulus der Gro\u00dfe \/ Der Blinde<\/i><\/p>\n<p><b>Kammersinfonie 3 f\u00fcr zwei Klaviere und drei Instrumentalgruppen<\/b><\/p>\n<p>Die\u00a0<i>Kammersinfonie 3<\/i>\u00a0besteht aus zwei S\u00e4tzen:\u00a0<i>I Atmosph\u00e8res<\/i>\u00a0und\u00a0<i>II Actions<\/i>. Diese Titel machen deutlich, dass es sich um zwei charakterlich, ausdrucksm\u00e4\u00dfig und dramaturgisch sehr verschiedene Teile handelt. Vom musikalischen Material (Motive, Gestalten, Harmonik, Klangfarben usw.) her sind die beiden S\u00e4tze jedoch aufs engste (und h\u00f6rbar!) miteinander verwandt, so dass sie bei aller Gegens\u00e4tzlichkeit ein \u00fcbergeordnetes Ganzes bilden. Das Instrumentarium ist in folgende Gruppen aufgeteilt:<\/p>\n<p>\u2013 zwei Klaviere, die solistisch (einzeln und als Duo) und in verschieden kammermusikalischen Kombinationen eingesetzt sind<br \/>\n\u2013 Trio Harfe \/ Gitarre \/ Schlagzeug in helleren Farben<br \/>\n\u2013 Fl\u00f6te \/ Oboe \/ Trompete \/ Streichquartett<br \/>\n\u2013 Klarinette \/ Horn \/ Posaune \/ Kontrabass \/ Schlagzeug in dunkleren Farben<\/p>\n<p>Das Werk entstand im Auftrag von \u00bbPrivater Kulturclub Luzern\u00ab und ist dem Klavierduo Adrienne So\u00f3s und Ivo Haag gewidmet. Ich schrieb das Werk aber auch f\u00fcr das Nouvel Ensemble Contemporain NEC und seinen Dirigenten Pierre-Alain Monot, denen ich durch mehrere Auff\u00fchrungen verbunden bin.<\/p>\n<p><b>\u00bbich h\u00f6re mich\u00ab \u2013 Rondo f\u00fcr Sopran, Oboe (Englischhorn), Cello und Klavier<br \/>\nmit Texten von Ernst Jandl<\/b><\/p>\n<p>Das Werk entstand 2006 im Auftrag des \u00bbEnsemble Aequatuor\u00ab und wurde im Rahmen der \u00bbtage f\u00fcr neue musik\u00ab im selben Jahr in Z\u00fcrich uraufgef\u00fchrt. \u00bbRondo\u00ab ist nicht ein Hinweis auf die musikalische Form der neunteiligen Komposition, sondern auf die Anordnung der Texte:\u00a0<i>liegen, bei dir<\/i>\u00a0\u2013 ein wunderbares Liebesgedicht \u2013 erscheint insgesamt vier Mal, jedoch in jeweils v\u00f6llig verschiedenen musikalischen Texturen (in der letzten Gestalt, Nr. IX, nur noch als Fragment). In Nr. IV,\u00a0<i>sekundenh\u00f6rspiel<\/i>, wird der Text von zwei Musikern kaum verst\u00e4ndlich quasi in sich hinein gemurmelt; das Gedicht Nr. VII wird ins rein Instrumentale umgesetzt \u2013 diese Musik ohne Worte l\u00f6st dann gewisserma\u00dfen eine hochdramatische vokale Reaktion aus (Nr. VIII).<\/p>\n<p><b>Konzert f\u00fcr Bratsche und Orchester<\/b><\/p>\n<p>Das Bratschenkonzert entstand im Auftrag der Hochschule der K\u00fcnste Bern und ist den Interpreten der Urauff\u00fchrung \u2013 Jessica Rona (Bratsche), Thomas R\u00f6sner (Dirigent) und dem Sinfonie Orchester Biel \u2013 gewidmet. Die Komposition besteht aus drei ineinander \u00fcbergehenden, nicht scharf voneinander getrennten Teilen, die mit den Titeln \u00bb\u00c0 la recherche\u00ab, \u00bbBewegt\u00ab und \u00bbAdagio\u00ab bezeichnet sind. Im Verh\u00e4ltnis Soloinstrument\/Orchester gibt es vielf\u00e4ltige Perspektiven und r\u00e4umliche Wirkungen: echte Solo-Passagen (z.\u2009B. zu Beginn), Abschnitte der Auseinandersetzung Solo\/Orchester und Teile, wo sich die Bratsche in kammermusikalische Orchestergruppen integriert und nicht ausgesprochen solistisch heraustritt.<\/p>\n<p>Rudolf Kelterborn<\/p>\n<\/div>\n<\/td>\n<td><\/td>\n<\/tr>\n<\/tbody>\n<\/table>\n<p>Programm:<\/p>\n<p>[01]\u00a0<b>Hommage \u00e0 FD<\/b>\u00a0(2010) 17:21<br \/>\nImaginary scenes for five instruments and female voice<\/p>\n<p><a class=\"arcoma_glossarylink\" href=\"https:\/\/neos-music.com\/output.php?content=Kuenstler\/Hirzel_Jeannine.php&amp;treplace=english%2Cgerman\" target=\"_self\" rel=\"noopener\">Jeannine Hirzel<\/a>, soprano<br \/>\n<a class=\"arcoma_glossarylink\" href=\"https:\/\/neos-music.com\/output.php?content=Kuenstler\/Nouvel_Ensemble_Contemporain_NEC.php&amp;treplace=english%2Cgerman\" target=\"_self\" rel=\"noopener\">Nouvel Ensemble Contemporain NEC<\/a><br \/>\n<a class=\"arcoma_glossarylink\" href=\"https:\/\/neos-music.com\/output.php?content=Kuenstler\/Monot_Pierre-Alain.php&amp;treplace=english%2Cgerman\" target=\"_self\" rel=\"noopener\">Pierre-Alain Monot<\/a>, conductor<\/p>\n<p><b>Chamber Symphony 3<\/b>\u00a0(2007) 21:23<br \/>\nfor two pianos and three groups of instruments<\/p>\n<p>[02]\u00a0<b>I Atmosph\u00e8res<\/b>\u00a010:40<br \/>\n[03]\u00a0<b>II Actions<\/b>\u00a010:43<\/p>\n<p><a class=\"arcoma_glossarylink\" href=\"https:\/\/neos-music.com\/output.php?content=Kuenstler\/Adrienne_Soos_and_Ivo_Haag_Piano_Duo.php&amp;treplace=english%2Cgerman\" target=\"_self\" rel=\"noopener\">Adrienne So\u00f3s and Ivo Haag Piano Duo<\/a><br \/>\n<a class=\"arcoma_glossarylink\" href=\"https:\/\/neos-music.com\/output.php?content=Kuenstler\/Nouvel_Ensemble_Contemporain_NEC.php&amp;treplace=english%2Cgerman\" target=\"_self\" rel=\"noopener\">Nouvel Ensemble Contemporain NEC<\/a><br \/>\n<a class=\"arcoma_glossarylink\" href=\"https:\/\/neos-music.com\/output.php?content=Kuenstler\/Monot_Pierre-Alain.php&amp;treplace=english%2Cgerman\" target=\"_self\" rel=\"noopener\">Pierre-Alain Monot<\/a>, conductor<\/p>\n<p><i>Live recording of the world premiere<\/i><\/p>\n<p>&nbsp;<\/p>\n<p><b>ich h\u00f6re mich<\/b>\u00a0(2006) 15:27<br \/>\nRondo for soprano, oboe (English horn), violoncello and piano<\/p>\n<p>[04] 02:01<br \/>\n[05] 02:09<br \/>\n[06] 00:57<br \/>\n[07] 02:40<br \/>\n[08] 01:47<br \/>\n[09] 00:57<br \/>\n[10] 03:00<br \/>\n[11] 01:02<br \/>\n[12] 00:56<\/p>\n<p><a class=\"arcoma_glossarylink\" href=\"https:\/\/neos-music.com\/output.php?content=Kuenstler\/Hirzel_Jeannine.php&amp;treplace=english%2Cgerman\" target=\"_self\" rel=\"noopener\">Jeannine Hirzel<\/a>, soprano<br \/>\n<a class=\"arcoma_glossarylink\" href=\"https:\/\/neos-music.com\/output.php?content=Kuenstler\/Nouvel_Ensemble_Contemporain_NEC.php&amp;treplace=english%2Cgerman\" target=\"_self\" rel=\"noopener\">Nouvel Ensemble Contemporain NEC<\/a><br \/>\n<a class=\"arcoma_glossarylink\" href=\"https:\/\/neos-music.com\/output.php?content=Kuenstler\/Monot_Pierre-Alain.php&amp;treplace=english%2Cgerman\" target=\"_self\" rel=\"noopener\">Pierre-Alain Monot<\/a>, conductor<\/p>\n<p><b><br \/>\nConcerto for Viola and Orchestra<\/b>\u00a0(2009) 17:12<\/p>\n<p>[13]\u00a0<b>\u00c0 la recherche<\/b>\u00a004:36<br \/>\n[14]\u00a0<b>Bewegt<\/b>\u00a005:43<br \/>\n[15]\u00a0<b>Adagio<\/b>\u00a006:53<\/p>\n<p><a class=\"arcoma_glossarylink\" href=\"https:\/\/neos-music.com\/output.php?content=Kuenstler\/Rona_Jessica.php&amp;treplace=english%2Cgerman\" target=\"_self\" rel=\"noopener\">Jessica Rona<\/a>, viola<br \/>\n<a class=\"arcoma_glossarylink\" href=\"https:\/\/neos-music.com\/output.php?content=Kuenstler\/Sinfonie_Orchester_Biel.php&amp;treplace=english%2Cgerman\" target=\"_self\" rel=\"noopener\">Sinfonie Orchester Biel<\/a><br \/>\n<a class=\"arcoma_glossarylink\" href=\"https:\/\/neos-music.com\/output.php?content=Kuenstler\/Roesner_Thomas.php&amp;treplace=english%2Cgerman\" target=\"_self\" rel=\"noopener\">Thomas R\u00f6sner<\/a>, conductor<\/p>\n<p><i>Live recording of the world premiere<\/i><\/p>\n<p>Pressestimmen:<\/p>\n<p><img data-recalc-dims=\"1\" decoding=\"async\" src=\"https:\/\/i0.wp.com\/neos-music.com\/images\/news\/logo_neue_musikzeitung.jpg?ssl=1\" \/><br \/>\n02\/2012<\/p>\n<p><b>Unruhig, unbequem, unbelehrbar: Neue Aufnahmen Neuer Musik<\/b><\/p>\n<p>\u00c4hnlich wie sein Wiener Kollege Friedrich Cerha entfaltet auch der Schweizer Rudolf Kelterborn mit 80 noch eine stupende Kreativit\u00e4t. \u201eHommage \u00e0 FD\u201c ist ein beunruhigendes, zwischen gl\u00e4serner Statik und Klangeruption schwankendes Panoptikum D\u00fcrrenmatt\u2019scher Figuren, eine Kammersinfonie mit der merkw\u00fcrdigen Besetzung von zwei Klavieren und drei Instrumentalgruppen tastet sich weit in ungesicherte Regionen vor, Texte von Ernst Jandl f\u00fchren zu reflexivem Innehalten und emotionalem Ausbruch, ein Bratschenkonzert spaltet das Orchester in funkelnde Klangsplitter auf. Geschliffenes Handwerk steht im Dienst einer opulenten kompositorischen Fantasie. F\u00fcr packende Umsetzung sorgen Jeannine Hirzel (Sopran), Jessica Rona (Viola), das Nouvel Ensemble Contemporain unter Pierre-Alain Monot und das Sinfonieorches\u00adter Biel.<\/p>\n<p>Max Nyffeler<\/p>\n<p><a href=\"http:\/\/www.nmz.de\/artikel\/unruhig-unbequem-unbelehrbar\">http:\/\/www.nmz.de\/artikel\/unruhig-unbequem-unbelehrbar<\/a><\/p>\n","protected":false},"excerpt":{"rendered":"<p>Infotext: Hommage \u00e0 FD \u2013 Imagin\u00e4re Szenen f\u00fcr f\u00fcnf Instrumente und Frauenstimme Die rein musikalischen (deshalb \u00bbimagin\u00e4ren\u00ab) Szenen lassen der Zuh\u00f6rerschaft breiten Raum f\u00fcr die Entwicklung eigener Assoziations-Fantasien. Man kann sich beim Anh\u00f6ren dieser Musik auch Szenen vorstellen, die mit allerlei Gestalten aus D\u00fcrrenmatts Theater-st\u00fccken \u00bbbev\u00f6lkert\u00ab sind: ein Engel, Nebukadnezar, Kurrubi, Romulus, Knipperdollinck, Ann, Schwitter, [&hellip;]<\/p>\n","protected":false},"featured_media":3011,"template":"","meta":{"site-sidebar-layout":"default","site-content-layout":"default","ast-site-content-layout":"default","site-content-style":"default","site-sidebar-style":"default","ast-global-header-display":"","ast-banner-title-visibility":"","ast-main-header-display":"","ast-hfb-above-header-display":"","ast-hfb-below-header-display":"","ast-hfb-mobile-header-display":"","site-post-title":"","ast-breadcrumbs-content":"","ast-featured-img":"","footer-sml-layout":"","theme-transparent-header-meta":"default","adv-header-id-meta":"","stick-header-meta":"","header-above-stick-meta":"","header-main-stick-meta":"","header-below-stick-meta":"","astra-migrate-meta-layouts":"default","ast-page-background-enabled":"default","ast-page-background-meta":{"desktop":{"background-color":"","background-image":"","background-repeat":"repeat","background-position":"center center","background-size":"auto","background-attachment":"scroll","background-type":"","background-media":"","overlay-type":"","overlay-color":"","overlay-opacity":"","overlay-gradient":""},"tablet":{"background-color":"","background-image":"","background-repeat":"repeat","background-position":"center center","background-size":"auto","background-attachment":"scroll","background-type":"","background-media":"","overlay-type":"","overlay-color":"","overlay-opacity":"","overlay-gradient":""},"mobile":{"background-color":"","background-image":"","background-repeat":"repeat","background-position":"center center","background-size":"auto","background-attachment":"scroll","background-type":"","background-media":"","overlay-type":"","overlay-color":"","overlay-opacity":"","overlay-gradient":""}},"ast-content-background-meta":{"desktop":{"background-color":"var(--ast-global-color-5)","background-image":"","background-repeat":"repeat","background-position":"center center","background-size":"auto","background-attachment":"scroll","background-type":"","background-media":"","overlay-type":"","overlay-color":"","overlay-opacity":"","overlay-gradient":""},"tablet":{"background-color":"var(--ast-global-color-5)","background-image":"","background-repeat":"repeat","background-position":"center center","background-size":"auto","background-attachment":"scroll","background-type":"","background-media":"","overlay-type":"","overlay-color":"","overlay-opacity":"","overlay-gradient":""},"mobile":{"background-color":"var(--ast-global-color-5)","background-image":"","background-repeat":"repeat","background-position":"center center","background-size":"auto","background-attachment":"scroll","background-type":"","background-media":"","overlay-type":"","overlay-color":"","overlay-opacity":"","overlay-gradient":""}}},"product_brand":[],"product_cat":[26],"product_tag":[],"class_list":{"0":"post-3010","1":"product","2":"type-product","3":"status-publish","4":"has-post-thumbnail","6":"product_cat-zeitgenossische-musik","7":"pa_artikelnummer-neos-11118","8":"pa_brand-neos-music","9":"pa_ean-557","10":"desktop-align-left","11":"tablet-align-left","12":"mobile-align-left","14":"first","15":"instock","16":"taxable","17":"shipping-taxable","18":"purchasable","19":"product-type-simple"},"yoast_head":"<!-- This site is optimized with the Yoast SEO plugin v27.4 - https:\/\/yoast.com\/product\/yoast-seo-wordpress\/ -->\n<title>Rudolf Kelterborn: Latest Works - NEOS Music<\/title>\n<meta name=\"robots\" content=\"index, follow, max-snippet:-1, max-image-preview:large, max-video-preview:-1\" \/>\n<link rel=\"canonical\" href=\"https:\/\/neos-music.com\/en_us\/product\/rudolf-kelterborn-latest-works\/\" \/>\n<meta property=\"og:locale\" content=\"en_US\" \/>\n<meta property=\"og:type\" content=\"article\" \/>\n<meta property=\"og:title\" content=\"Rudolf Kelterborn: Latest Works - NEOS Music\" \/>\n<meta property=\"og:description\" content=\"Infotext: Hommage \u00e0 FD \u2013 Imagin\u00e4re Szenen f\u00fcr f\u00fcnf Instrumente und Frauenstimme Die rein musikalischen (deshalb \u00bbimagin\u00e4ren\u00ab) Szenen lassen der Zuh\u00f6rerschaft breiten Raum f\u00fcr die Entwicklung eigener Assoziations-Fantasien. Man kann sich beim Anh\u00f6ren dieser Musik auch Szenen vorstellen, die mit allerlei Gestalten aus D\u00fcrrenmatts Theater-st\u00fccken \u00bbbev\u00f6lkert\u00ab sind: ein Engel, Nebukadnezar, Kurrubi, Romulus, Knipperdollinck, Ann, Schwitter, [&hellip;]\" \/>\n<meta property=\"og:url\" content=\"https:\/\/neos-music.com\/en_us\/product\/rudolf-kelterborn-latest-works\/\" \/>\n<meta property=\"og:site_name\" content=\"NEOS Music\" \/>\n<meta property=\"article:modified_time\" content=\"2022-11-19T14:29:09+00:00\" \/>\n<meta property=\"og:image\" content=\"https:\/\/neos-music.com\/wp-content\/uploads\/2022\/11\/NEOS_11118_Kelterborn.jpeg\" \/>\n\t<meta property=\"og:image:width\" content=\"1648\" \/>\n\t<meta property=\"og:image:height\" content=\"1483\" \/>\n\t<meta property=\"og:image:type\" content=\"image\/jpeg\" \/>\n<meta name=\"twitter:card\" content=\"summary_large_image\" \/>\n<meta name=\"twitter:label1\" content=\"Est. reading time\" \/>\n\t<meta name=\"twitter:data1\" content=\"5 minutes\" \/>\n<script type=\"application\/ld+json\" class=\"yoast-schema-graph\">{\"@context\":\"https:\\\/\\\/schema.org\",\"@graph\":[{\"@type\":\"WebPage\",\"@id\":\"https:\\\/\\\/neos-music.com\\\/product\\\/rudolf-kelterborn-latest-works\\\/\",\"url\":\"https:\\\/\\\/neos-music.com\\\/product\\\/rudolf-kelterborn-latest-works\\\/\",\"name\":\"Rudolf Kelterborn: Latest Works - NEOS Music\",\"isPartOf\":{\"@id\":\"https:\\\/\\\/neos-music.com\\\/#website\"},\"primaryImageOfPage\":{\"@id\":\"https:\\\/\\\/neos-music.com\\\/product\\\/rudolf-kelterborn-latest-works\\\/#primaryimage\"},\"image\":{\"@id\":\"https:\\\/\\\/neos-music.com\\\/product\\\/rudolf-kelterborn-latest-works\\\/#primaryimage\"},\"thumbnailUrl\":\"https:\\\/\\\/i0.wp.com\\\/neos-music.com\\\/wp-content\\\/uploads\\\/2022\\\/11\\\/NEOS_11118_Kelterborn.jpeg?fit=1648%2C1483&ssl=1\",\"datePublished\":\"2011-07-20T14:27:03+00:00\",\"dateModified\":\"2022-11-19T14:29:09+00:00\",\"breadcrumb\":{\"@id\":\"https:\\\/\\\/neos-music.com\\\/product\\\/rudolf-kelterborn-latest-works\\\/#breadcrumb\"},\"inLanguage\":\"en-US\",\"potentialAction\":[{\"@type\":\"ReadAction\",\"target\":[\"https:\\\/\\\/neos-music.com\\\/product\\\/rudolf-kelterborn-latest-works\\\/\"]}]},{\"@type\":\"ImageObject\",\"inLanguage\":\"en-US\",\"@id\":\"https:\\\/\\\/neos-music.com\\\/product\\\/rudolf-kelterborn-latest-works\\\/#primaryimage\",\"url\":\"https:\\\/\\\/i0.wp.com\\\/neos-music.com\\\/wp-content\\\/uploads\\\/2022\\\/11\\\/NEOS_11118_Kelterborn.jpeg?fit=1648%2C1483&ssl=1\",\"contentUrl\":\"https:\\\/\\\/i0.wp.com\\\/neos-music.com\\\/wp-content\\\/uploads\\\/2022\\\/11\\\/NEOS_11118_Kelterborn.jpeg?fit=1648%2C1483&ssl=1\",\"width\":1648,\"height\":1483},{\"@type\":\"BreadcrumbList\",\"@id\":\"https:\\\/\\\/neos-music.com\\\/product\\\/rudolf-kelterborn-latest-works\\\/#breadcrumb\",\"itemListElement\":[{\"@type\":\"ListItem\",\"position\":1,\"name\":\"Startseite\",\"item\":\"https:\\\/\\\/neos-music.com\\\/\"},{\"@type\":\"ListItem\",\"position\":2,\"name\":\"Produkte\",\"item\":\"https:\\\/\\\/neos-music.com\\\/shop__trashed\\\/\"},{\"@type\":\"ListItem\",\"position\":3,\"name\":\"Rudolf Kelterborn: Latest Works\"}]},{\"@type\":\"WebSite\",\"@id\":\"https:\\\/\\\/neos-music.com\\\/#website\",\"url\":\"https:\\\/\\\/neos-music.com\\\/\",\"name\":\"NEOS Music\",\"description\":\"Dein Online Shop f\u00fcr zeitgen\u00f6ssische Musik, Jazz und Classics!\",\"publisher\":{\"@id\":\"https:\\\/\\\/neos-music.com\\\/#organization\"},\"potentialAction\":[{\"@type\":\"SearchAction\",\"target\":{\"@type\":\"EntryPoint\",\"urlTemplate\":\"https:\\\/\\\/neos-music.com\\\/?s={search_term_string}\"},\"query-input\":{\"@type\":\"PropertyValueSpecification\",\"valueRequired\":true,\"valueName\":\"search_term_string\"}}],\"inLanguage\":\"en-US\"},{\"@type\":\"Organization\",\"@id\":\"https:\\\/\\\/neos-music.com\\\/#organization\",\"name\":\"NEOS Music\",\"url\":\"https:\\\/\\\/neos-music.com\\\/\",\"logo\":{\"@type\":\"ImageObject\",\"inLanguage\":\"en-US\",\"@id\":\"https:\\\/\\\/neos-music.com\\\/#\\\/schema\\\/logo\\\/image\\\/\",\"url\":\"https:\\\/\\\/i0.wp.com\\\/neos-music.com\\\/wp-content\\\/uploads\\\/2025\\\/08\\\/NEOS-Logo-weiss.png?fit=800%2C203&ssl=1\",\"contentUrl\":\"https:\\\/\\\/i0.wp.com\\\/neos-music.com\\\/wp-content\\\/uploads\\\/2025\\\/08\\\/NEOS-Logo-weiss.png?fit=800%2C203&ssl=1\",\"width\":800,\"height\":203,\"caption\":\"NEOS Music\"},\"image\":{\"@id\":\"https:\\\/\\\/neos-music.com\\\/#\\\/schema\\\/logo\\\/image\\\/\"}}]}<\/script>\n<!-- \/ Yoast SEO plugin. -->","yoast_head_json":{"title":"Rudolf Kelterborn: Latest Works - NEOS Music","robots":{"index":"index","follow":"follow","max-snippet":"max-snippet:-1","max-image-preview":"max-image-preview:large","max-video-preview":"max-video-preview:-1"},"canonical":"https:\/\/neos-music.com\/en_us\/product\/rudolf-kelterborn-latest-works\/","og_locale":"en_US","og_type":"article","og_title":"Rudolf Kelterborn: Latest Works - NEOS Music","og_description":"Infotext: Hommage \u00e0 FD \u2013 Imagin\u00e4re Szenen f\u00fcr f\u00fcnf Instrumente und Frauenstimme Die rein musikalischen (deshalb \u00bbimagin\u00e4ren\u00ab) Szenen lassen der Zuh\u00f6rerschaft breiten Raum f\u00fcr die Entwicklung eigener Assoziations-Fantasien. Man kann sich beim Anh\u00f6ren dieser Musik auch Szenen vorstellen, die mit allerlei Gestalten aus D\u00fcrrenmatts Theater-st\u00fccken \u00bbbev\u00f6lkert\u00ab sind: ein Engel, Nebukadnezar, Kurrubi, Romulus, Knipperdollinck, Ann, Schwitter, [&hellip;]","og_url":"https:\/\/neos-music.com\/en_us\/product\/rudolf-kelterborn-latest-works\/","og_site_name":"NEOS Music","article_modified_time":"2022-11-19T14:29:09+00:00","og_image":[{"width":1648,"height":1483,"url":"https:\/\/neos-music.com\/wp-content\/uploads\/2022\/11\/NEOS_11118_Kelterborn.jpeg","type":"image\/jpeg"}],"twitter_card":"summary_large_image","twitter_misc":{"Est. reading time":"5 minutes"},"schema":{"@context":"https:\/\/schema.org","@graph":[{"@type":"WebPage","@id":"https:\/\/neos-music.com\/product\/rudolf-kelterborn-latest-works\/","url":"https:\/\/neos-music.com\/product\/rudolf-kelterborn-latest-works\/","name":"Rudolf Kelterborn: Latest Works - NEOS Music","isPartOf":{"@id":"https:\/\/neos-music.com\/#website"},"primaryImageOfPage":{"@id":"https:\/\/neos-music.com\/product\/rudolf-kelterborn-latest-works\/#primaryimage"},"image":{"@id":"https:\/\/neos-music.com\/product\/rudolf-kelterborn-latest-works\/#primaryimage"},"thumbnailUrl":"https:\/\/i0.wp.com\/neos-music.com\/wp-content\/uploads\/2022\/11\/NEOS_11118_Kelterborn.jpeg?fit=1648%2C1483&ssl=1","datePublished":"2011-07-20T14:27:03+00:00","dateModified":"2022-11-19T14:29:09+00:00","breadcrumb":{"@id":"https:\/\/neos-music.com\/product\/rudolf-kelterborn-latest-works\/#breadcrumb"},"inLanguage":"en-US","potentialAction":[{"@type":"ReadAction","target":["https:\/\/neos-music.com\/product\/rudolf-kelterborn-latest-works\/"]}]},{"@type":"ImageObject","inLanguage":"en-US","@id":"https:\/\/neos-music.com\/product\/rudolf-kelterborn-latest-works\/#primaryimage","url":"https:\/\/i0.wp.com\/neos-music.com\/wp-content\/uploads\/2022\/11\/NEOS_11118_Kelterborn.jpeg?fit=1648%2C1483&ssl=1","contentUrl":"https:\/\/i0.wp.com\/neos-music.com\/wp-content\/uploads\/2022\/11\/NEOS_11118_Kelterborn.jpeg?fit=1648%2C1483&ssl=1","width":1648,"height":1483},{"@type":"BreadcrumbList","@id":"https:\/\/neos-music.com\/product\/rudolf-kelterborn-latest-works\/#breadcrumb","itemListElement":[{"@type":"ListItem","position":1,"name":"Startseite","item":"https:\/\/neos-music.com\/"},{"@type":"ListItem","position":2,"name":"Produkte","item":"https:\/\/neos-music.com\/shop__trashed\/"},{"@type":"ListItem","position":3,"name":"Rudolf Kelterborn: Latest Works"}]},{"@type":"WebSite","@id":"https:\/\/neos-music.com\/#website","url":"https:\/\/neos-music.com\/","name":"NEOS Music","description":"Dein Online Shop f\u00fcr zeitgen\u00f6ssische Musik, Jazz und Classics!","publisher":{"@id":"https:\/\/neos-music.com\/#organization"},"potentialAction":[{"@type":"SearchAction","target":{"@type":"EntryPoint","urlTemplate":"https:\/\/neos-music.com\/?s={search_term_string}"},"query-input":{"@type":"PropertyValueSpecification","valueRequired":true,"valueName":"search_term_string"}}],"inLanguage":"en-US"},{"@type":"Organization","@id":"https:\/\/neos-music.com\/#organization","name":"NEOS Music","url":"https:\/\/neos-music.com\/","logo":{"@type":"ImageObject","inLanguage":"en-US","@id":"https:\/\/neos-music.com\/#\/schema\/logo\/image\/","url":"https:\/\/i0.wp.com\/neos-music.com\/wp-content\/uploads\/2025\/08\/NEOS-Logo-weiss.png?fit=800%2C203&ssl=1","contentUrl":"https:\/\/i0.wp.com\/neos-music.com\/wp-content\/uploads\/2025\/08\/NEOS-Logo-weiss.png?fit=800%2C203&ssl=1","width":800,"height":203,"caption":"NEOS Music"},"image":{"@id":"https:\/\/neos-music.com\/#\/schema\/logo\/image\/"}}]}},"jetpack_sharing_enabled":true,"_links":{"self":[{"href":"https:\/\/neos-music.com\/en_us\/wp-json\/wp\/v2\/product\/3010","targetHints":{"allow":["GET"]}}],"collection":[{"href":"https:\/\/neos-music.com\/en_us\/wp-json\/wp\/v2\/product"}],"about":[{"href":"https:\/\/neos-music.com\/en_us\/wp-json\/wp\/v2\/types\/product"}],"version-history":[{"count":0,"href":"https:\/\/neos-music.com\/en_us\/wp-json\/wp\/v2\/product\/3010\/revisions"}],"wp:featuredmedia":[{"embeddable":true,"href":"https:\/\/neos-music.com\/en_us\/wp-json\/wp\/v2\/media\/3011"}],"wp:attachment":[{"href":"https:\/\/neos-music.com\/en_us\/wp-json\/wp\/v2\/media?parent=3010"}],"wp:term":[{"taxonomy":"product_brand","embeddable":true,"href":"https:\/\/neos-music.com\/en_us\/wp-json\/wp\/v2\/product_brand?post=3010"},{"taxonomy":"product_cat","embeddable":true,"href":"https:\/\/neos-music.com\/en_us\/wp-json\/wp\/v2\/product_cat?post=3010"},{"taxonomy":"product_tag","embeddable":true,"href":"https:\/\/neos-music.com\/en_us\/wp-json\/wp\/v2\/product_tag?post=3010"}],"curies":[{"name":"wp","href":"https:\/\/api.w.org\/{rel}","templated":true}]}}