{"id":3026,"date":"2011-04-30T14:48:32","date_gmt":"2011-04-30T14:48:32","guid":{"rendered":"https:\/\/neos-music.com\/?post_type=product&#038;p=3026"},"modified":"2022-11-19T14:50:01","modified_gmt":"2022-11-19T14:50:01","slug":"claus-steffen-mahnkopf-pynchon-cycle","status":"publish","type":"product","link":"https:\/\/neos-music.com\/en_us\/product\/claus-steffen-mahnkopf-pynchon-cycle\/","title":{"rendered":"Claus-Steffen Mahnkopf: Pynchon Cycle"},"content":{"rendered":"<p>Infotext:<\/p>\n<table border=\"0\" width=\"100%\" rules=\"none\" cellspacing=\"0\" cellpadding=\"0\">\n<tbody>\n<tr>\n<td class=\"bigcontent2\">\n<div id=\"infotext\">\n<p><b>PYNCHON-ZYKLUS<\/b><\/p>\n<p>Im Sommer 1998 versp\u00fcrte ich ein doppeltes Bed\u00fcrfnis. Erstens wollte ich an zwei v\u00f6llig entgegengesetzten Werkzyklen arbeiten, um die Spannbreite meiner Musik erweitern und deren Extreme ausloten zu k\u00f6nnen. Der eine Zyklus sollte dem Komponisten Gy\u00f6rgy Kurt\u00e1g gewidmet werden. Zweitens wollte ich einem meiner Lieblingsschriftsteller, Thomas Pynchon, eine Hommage widmen. Wollte ich kompositorisch mit einer\u00a0<i>Hommage \u00e0 Thomas Pynchon<\/i>\u00a0antworten, dann m\u00fcsste das, was ich machen werde, ebenso exzeptionell und exzentrisch sein wie Pynchons Werk und einige Umst\u00e4nde wie der, dass wir \u00fcber den Autor und vor allem sein Aussehen nichts wissen.<\/p>\n<p>Ich musste also mein Komponieren \u2013 im Material, in der Technik, in der Klanglichkeit, in der Performativit\u00e4t der Auff\u00fchrung \u2013 zumindest f\u00fcr diesen Zweck gr\u00fcndlich umstellen. Einfach eine Musik zu erfinden, die im Charakter zu Pynchon passen w\u00fcrde, w\u00e4re zu simpel gewesen. Ich musste grunds\u00e4tzlich werden.<\/p>\n<p>Zun\u00e4chst bedurfte es einer Klanglichkeit, die der Destruktivit\u00e4t der heutigen Weltgesellschaft, vor allem der Megametropolen, Ausdruck zu verleihen verm\u00f6chte. Das ging nur mit der Musik-Elektronik, um die zu erlernen ich mich an das EXPERIMENTALSTUDIO des SWR (Freiburg) wandte. Sodann bedurfte es einer hypertrophen Form. Ich entschied mich f\u00fcr ein Poly-Werk, das aus mehreren Werken besteht, die in der Gesamtform unterschiedliche Funktionen erf\u00fcllen.<\/p>\n<p>Der\u00a0<i>Pynchon-Zyklus<\/i>\u00a0besteht, zus\u00e4tzlich zum \u00fcbergeordneten Werk\u00a0<i>Hommage \u00e0 Thomas Pynchon<\/i>\u00a0(2003\u20132005), aus:<\/p>\n<p>1. dem Ensemblest\u00fcck\u00a0<i>The Tristero System<\/i>, dessen Besetzung mit je zwei Klavieren, Schlagzeugern, Bassklarinetten, mit drei Posaunen und vier Piccolos ausreichend absto\u00dfendes posturbanes Klangmaterial bereitstellt;<\/p>\n<p>2. dem Solocellost\u00fcck\u00a0<i>The Courier\u2019s Tragedy<\/i>, das buchst\u00e4blich die Trag\u00f6die des Solisten musikalisch und vor allem performativ darstellt, wie es ist, wenn man daran scheitert, eine inhumane Maschinerie beherrschen, ja besiegen zu wollen;<\/p>\n<p>3. dem harmonisch-h\u00e4sslichen Tonbandst\u00fcck\u00a0<i>D.E.A.T.H.<\/i>\u00a0(f\u00fcr 8 Spuren), das buchst\u00e4blich den Endzustand der Verwesung der eingesetzten Materialien vorf\u00fchrt (<i>D.E.A.T.H.<\/i>\u00a0ist ein Akronym von Pynchon: \u00bbDon\u2019t ever antagonize the horn\u00ab);<\/p>\n<p>4. schlie\u00dflich dem St\u00fcck\u00a0<i>W.A.S.T.E.<\/i>\u00a0f\u00fcr Oboe und Live-Elektronik, das w\u00e4hrend der\u00a0<i>Hommage \u00e0 Thomas Pynchon<\/i>\u00a0zwar nicht erklingt, dessen Klangmaterial aber als ein Unbewusstes im Computer-Ged\u00e4chtnis schlummert und ab und an, verschoben, zu wirken beginnt (das Schwesterst\u00fcck\u00a0<i>W.A.S.T.E. 2<\/i>\u00a0ist f\u00fcr Oboe und 8-Spur-Tonband) (<i>W.A.S.T.E.<\/i>\u00a0ist ebenfalls ein Akronym und hei\u00dft \u00bbWe await silent Tristero\u2019s empire\u00ab).<\/p>\n<p>Die Form dieses Poly-Werks musste freilich von vornherein als gesprengte angesetzt werden. Ich entschied mich daf\u00fcr, dass die\u00a0<i>Hommage \u00e0 Thomas Pynchon<\/i>\u00a0unendlich lange gehen sollte \u2013 eine Musik ohne zeitliches Ende, die gr\u00f6\u00dftm\u00f6gliche Zumutung an den Kunstbetrieb, die permanente Bedrohung, sozusagen die untherapierbare Paranoia.<\/p>\n<p>Strenggenommen m\u00fcsste auch die r\u00e4umliche Dimension ins Unendliche verl\u00e4ngert werden. Es sollte nicht nur der Ort der Auff\u00fchrung beschallt sein, sondern virtuell die ganze Stadt, die ganze Region, der ganze Globus. Aus pragmatischen Gr\u00fcnden, die eben keine k\u00fcnstlerischen sind, wird die Zeit eingeschr\u00e4nkt, der Raum noch mehr. Man wird ein \u00bbKonzert\u00ab, eine Veranstaltung mit fixem Termin an einer definierten \u00d6rtlichkeit ausrichten m\u00fcssen.<\/p>\n<p>Die vier genannten Werke sind selbstst\u00e4ndig auff\u00fchrbar. F\u00fcr die\u00a0<i>Hommage \u00e0 Thomas Pynchon<\/i>\u00a0werden die ersten drei Werke einbezogen. Sie ist zugleich Ensemblemusik, musikalisches Theater und Musik-Installation und insofern in dieser Kombination innovativ, als es die neuesten Technologien nutzt, um etwas zu machen, was zuvor einfach deswegen nicht m\u00f6glich war, weil diese Technologien nicht hinreichend entwickelt waren: n\u00e4mlich in Realzeit einen computergest\u00fctzten Kompositionsprozess in Gang zu setzen, der eben wie komponierte Musik und nicht wie Algorithmik klingt.<\/p>\n<p>Es ging mir nicht darum, den \u00bbdernier cri\u00ab der Live-Elektronik umzusetzen, sondern umgekehrt: Erst weil nun die Live-Elektronik diesen Komplexit\u00e4ts- und Differenzierungsgrad \u2013 und das hei\u00dft auch: die M\u00f6glichkeit der Polyphonie \u2013 bietet, konnte ich in diesem Genre kreativ werden.<\/p>\n<p>Ich entnahm dem Pynchonschen Textkorpus \u2013 Grundlage ist der Roman<i>\u00a0The Crying of Lot 49<\/i>\u00a0\u2013 nicht nur einfach narrative Str\u00e4nge, die ich musikalisch umzusetzen hatte. Vor allem die Dramaturgie des Cellost\u00fccks gleicht der des systematischen T\u00f6tens aller Protagonisten in jenem \u00bbJacobean Revenge Play\u00ab zwischen Faggio und Squamuglia. Ich versuchte, auf einer abstrakten und daher musikalisch absurden Ebene m\u00f6glichst viele Vernetzungen zu \u00fcbernehmen: Ich scannte den gesamten Romantext ein und verwandelte ihn in Hunderttausende von Zahlen, die, zu Algorithmen verarbeitet, den Klang- und Musikfluss der\u00a0<i>Hommage \u00e0 Thomas Pynchon<\/i>\u00a0mit ihren parallelen Identit\u00e4ten determinieren.<\/p>\n<p>Die Absurdit\u00e4t einer solchen abstrakten Materialapplikation musste ich freilich derart auf die Spitze treiben, dass sie Gestalt annehmen und \u2013 paradox \u2013 fast schon wieder so sinnhaft werden konnte, wie es auch die Romane von Pynchon sind, die wie eine gro\u00dfe Borges-\u00e4hnliche Bibliothek unsere so verdammt zwiesp\u00e4ltige Welt les- und erfahrbar machen.<\/p>\n<p>Die\u00a0<i>Hommage \u00e0 Thomas Pynchon<\/i>\u00a0ist extrem performativen Charakters. Am Be-ginn wird im eigentlichen Konzertbereich (dem \u00bbKonzertsaal\u00ab) das Ensemblest\u00fcck\u00a0<i>The Tristero System<\/i>\u00a0gespielt, so, als s\u00e4\u00dfe man in einem normalen Konzert. Zeitgleich wird die Pynchon-Architektur mit ihren Computerprogrammen gestartet. Sie erzeugt eine \u00bb\u00e9criture automatique\u00ab desjenigen Materials, das auf der B\u00fchne erklingt.<\/p>\n<p>Der Klangregisseur blendet diese \u2013 in improvisatorischer Weise \u2013 elektronisch ver\u00e4nderte Musik \u00fcber die Saallautsprecher ein. Da deren Klangausgangsmaterial die Instrumente des Ensemblest\u00fccks sind, werden sich beide Klangbereiche gut mischen, so dass kein Bruch aufkommt, wenn\u00a0<i>The Tristero System<\/i>\u00a0fertig ist und die Musiker, ohne Publikumsbeifall, von der B\u00fchne abtreten. Es geht nun um die bewusste Simulation einer Fortsetzung dieser Ensemblemusik mit anderen Mitteln.<\/p>\n<p>Nach einer Weile tritt der Solocellist auf und versucht mit seinem St\u00fcck\u00a0<i>The Courier\u2019s Tragedy<\/i>\u00a0(in f\u00fcnf Akten mit einem Vor- und Nachspiel) gegen die Elektronik zu arbeiten, sie zu besiegen. Daran scheitert er, muss er scheitern, weil das Cellost\u00fcck genau dieser Dramaturgie folgt. Er vermag zwar das Klanggeschehen zu manipulieren, wird aber von diesem letzten Endes \u00bbget\u00f6tet\u00ab. Ersch\u00f6pft tritt auch er ab. Inzwischen hat die elektronische Musik das Maximum an Intensit\u00e4t erreicht.<\/p>\n<p>Nach einer Stunde \u00e4ndert sich das Geschehen: Die Saalt\u00fcren werden ge\u00f6ffnet, so dass aus der Ferne die 28 Lautsprecher der vier akustischen R\u00e4ume davon k\u00fcnden, dass die Musik auch noch woanders \u00bbspielt\u00ab. Gleichzeitig wird die Fortsetzung von\u00a0<i>The Tristero System<\/i>, mithin das klangprozessierte Material der \u00bb\u00e9criture automatique\u00ab ausgeschaltet (es erscheint ja jetzt in jenen vier akustischen R\u00e4umen) und im Konzertsaal\u00a0<i>D.E.A.T.H.<\/i>\u00a0eingeblendet, das in Endlosschleife immer wieder von neuem erklingt.<\/p>\n<p>Aufgrund des performativen Charakters der\u00a0<i>Hommage \u00e0 Thomas Pynchon<\/i>, die in f\u00fcnf (oder mehreren) akustisch getrennten R\u00e4umen erklingt, ist eine CD-Dokumentation nicht m\u00f6glich.<\/p>\n<p>Die Auff\u00fchrung meiner Werke stellt die Interpreten vor besondere Schwierigkeiten. Mein Dank geht daher vor allem an die Solisten Peter Veale und Franklin Cox, f\u00fcr die die Solowerke geschrieben wurden; an das EXPERIMENTALSTUDIO des SWR, an dem ich \u00fcber Jahre arbeiten konnte, seinen damaligen Leiter Andr\u00e9 Richard und den Musikinformatiker Joachim Haas; zuletzt an das Ensemble SurPlus und seinen Leiter James Avery f\u00fcr die jahrzehntelange Unterst\u00fctzung.<\/p>\n<p align=\"right\">Claus-Steffen Mahnkopf<\/p>\n<\/div>\n<\/td>\n<td><\/td>\n<\/tr>\n<\/tbody>\n<\/table>\n<p>Programm:<\/p>\n<p>[01]\u00a0<b>The Tristero System<\/b>\u00a0(2002) for ensemble 18:04<\/p>\n<p><a class=\"arcoma_glossarylink\" href=\"https:\/\/neos-music.com\/output.php?content=Kuenstler\/Ensemble_SurPlus.php&amp;treplace=english%2Cgerman\" target=\"_self\" rel=\"noopener\">Ensemble SurPlus<\/a><br \/>\n<a class=\"arcoma_glossarylink\" href=\"https:\/\/neos-music.com\/output.php?content=Kuenstler\/James_Avery.php&amp;treplace=english%2Cgerman\" target=\"_self\" rel=\"noopener\">James Avery<\/a>, conductor<br \/>\nEun Ju Kim and Sven Thomas Kiebler, piano<br \/>\nPascal Pons and Olaf Tzschoppe, percussion<br \/>\nErich Wagner and Nicola Miorada, bass clarinet<br \/>\nThomas Wagner, Patrick Crossland, and Andreas Roth, trombone<br \/>\nMartina Roth, Liz Hirst, Beatrix Wagner, and Gianluigi Durando, piccolo<\/p>\n<p>[02]\u00a0<b>The Courier\u2019s Tragedy<\/b>\u00a0(2001) for violoncello solo 19:02<\/p>\n<p><a class=\"arcoma_glossarylink\" href=\"https:\/\/neos-music.com\/output.php?content=Kuenstler\/Cox_Franklin.php&amp;treplace=english%2Cgerman\" target=\"_self\" rel=\"noopener\">Franklin Cox<\/a>, violoncello<\/p>\n<p>[03]\u00a0<b>W.A.S.T.E.<\/b>\u00a0(2001\/2002) for oboe and live electronics 18:04<\/p>\n<p><a class=\"arcoma_glossarylink\" href=\"https:\/\/neos-music.com\/output.php?content=Kuenstler\/Vearle_Peter.php&amp;treplace=english%2Cgerman\" target=\"_self\" rel=\"noopener\">Peter Veale<\/a>, oboe<br \/>\n<a class=\"arcoma_glossarylink\" href=\"https:\/\/neos-music.com\/output.php?content=Kuenstler\/EXPERIMENTALSTUDIO_des_SWR.php&amp;treplace=english%2Cgerman\" target=\"_self\" rel=\"noopener\">EXPERIMENTALSTUDIO des SWR<\/a><br \/>\nJoachim Haas and Claus-Steffen Mahnkopf, sound direction<\/p>\n<p>[04]\u00a0<b>D.E.A.T.H.<\/b>\u00a0(2001\/2002) for eight-track tape 11:48<\/p>\n<p><a class=\"arcoma_glossarylink\" href=\"https:\/\/neos-music.com\/output.php?content=Kuenstler\/EXPERIMENTALSTUDIO_des_SWR.php&amp;treplace=english%2Cgerman\" target=\"_self\" rel=\"noopener\">EXPERIMENTALSTUDIO des SWR<\/a>, realisation<\/p>\n<p>total time: 67:27<\/p>\n","protected":false},"excerpt":{"rendered":"<p>Infotext: PYNCHON-ZYKLUS Im Sommer 1998 versp\u00fcrte ich ein doppeltes Bed\u00fcrfnis. Erstens wollte ich an zwei v\u00f6llig entgegengesetzten Werkzyklen arbeiten, um die Spannbreite meiner Musik erweitern und deren Extreme ausloten zu k\u00f6nnen. Der eine Zyklus sollte dem Komponisten Gy\u00f6rgy Kurt\u00e1g gewidmet werden. Zweitens wollte ich einem meiner Lieblingsschriftsteller, Thomas Pynchon, eine Hommage widmen. Wollte ich kompositorisch [&hellip;]<\/p>\n","protected":false},"featured_media":3027,"template":"","meta":{"site-sidebar-layout":"default","site-content-layout":"default","ast-site-content-layout":"default","site-content-style":"default","site-sidebar-style":"default","ast-global-header-display":"","ast-banner-title-visibility":"","ast-main-header-display":"","ast-hfb-above-header-display":"","ast-hfb-below-header-display":"","ast-hfb-mobile-header-display":"","site-post-title":"","ast-breadcrumbs-content":"","ast-featured-img":"","footer-sml-layout":"","theme-transparent-header-meta":"default","adv-header-id-meta":"","stick-header-meta":"","header-above-stick-meta":"","header-main-stick-meta":"","header-below-stick-meta":"","astra-migrate-meta-layouts":"default","ast-page-background-enabled":"default","ast-page-background-meta":{"desktop":{"background-color":"","background-image":"","background-repeat":"repeat","background-position":"center center","background-size":"auto","background-attachment":"scroll","background-type":"","background-media":"","overlay-type":"","overlay-color":"","overlay-opacity":"","overlay-gradient":""},"tablet":{"background-color":"","background-image":"","background-repeat":"repeat","background-position":"center center","background-size":"auto","background-attachment":"scroll","background-type":"","background-media":"","overlay-type":"","overlay-color":"","overlay-opacity":"","overlay-gradient":""},"mobile":{"background-color":"","background-image":"","background-repeat":"repeat","background-position":"center center","background-size":"auto","background-attachment":"scroll","background-type":"","background-media":"","overlay-type":"","overlay-color":"","overlay-opacity":"","overlay-gradient":""}},"ast-content-background-meta":{"desktop":{"background-color":"var(--ast-global-color-5)","background-image":"","background-repeat":"repeat","background-position":"center center","background-size":"auto","background-attachment":"scroll","background-type":"","background-media":"","overlay-type":"","overlay-color":"","overlay-opacity":"","overlay-gradient":""},"tablet":{"background-color":"var(--ast-global-color-5)","background-image":"","background-repeat":"repeat","background-position":"center center","background-size":"auto","background-attachment":"scroll","background-type":"","background-media":"","overlay-type":"","overlay-color":"","overlay-opacity":"","overlay-gradient":""},"mobile":{"background-color":"var(--ast-global-color-5)","background-image":"","background-repeat":"repeat","background-position":"center center","background-size":"auto","background-attachment":"scroll","background-type":"","background-media":"","overlay-type":"","overlay-color":"","overlay-opacity":"","overlay-gradient":""}}},"product_brand":[],"product_cat":[26],"product_tag":[],"class_list":{"0":"post-3026","1":"product","2":"type-product","3":"status-publish","4":"has-post-thumbnail","6":"product_cat-zeitgenossische-musik","7":"pa_artikelnummer-neos-11036","8":"pa_brand-neos-music","9":"pa_ean-573","10":"desktop-align-left","11":"tablet-align-left","12":"mobile-align-left","14":"first","15":"instock","16":"taxable","17":"shipping-taxable","18":"purchasable","19":"product-type-simple"},"yoast_head":"<!-- This site is optimized with the Yoast SEO plugin v27.3 - https:\/\/yoast.com\/product\/yoast-seo-wordpress\/ -->\n<title>Claus-Steffen Mahnkopf: Pynchon Cycle - NEOS Music<\/title>\n<meta name=\"robots\" content=\"index, follow, max-snippet:-1, max-image-preview:large, max-video-preview:-1\" \/>\n<link rel=\"canonical\" href=\"https:\/\/neos-music.com\/en_us\/product\/claus-steffen-mahnkopf-pynchon-cycle\/\" \/>\n<meta property=\"og:locale\" content=\"en_US\" \/>\n<meta property=\"og:type\" content=\"article\" \/>\n<meta property=\"og:title\" content=\"Claus-Steffen Mahnkopf: Pynchon Cycle - NEOS Music\" \/>\n<meta property=\"og:description\" content=\"Infotext: PYNCHON-ZYKLUS Im Sommer 1998 versp\u00fcrte ich ein doppeltes Bed\u00fcrfnis. Erstens wollte ich an zwei v\u00f6llig entgegengesetzten Werkzyklen arbeiten, um die Spannbreite meiner Musik erweitern und deren Extreme ausloten zu k\u00f6nnen. Der eine Zyklus sollte dem Komponisten Gy\u00f6rgy Kurt\u00e1g gewidmet werden. Zweitens wollte ich einem meiner Lieblingsschriftsteller, Thomas Pynchon, eine Hommage widmen. Wollte ich kompositorisch [&hellip;]\" \/>\n<meta property=\"og:url\" content=\"https:\/\/neos-music.com\/en_us\/product\/claus-steffen-mahnkopf-pynchon-cycle\/\" \/>\n<meta property=\"og:site_name\" content=\"NEOS Music\" \/>\n<meta property=\"article:modified_time\" content=\"2022-11-19T14:50:01+00:00\" \/>\n<meta property=\"og:image\" content=\"https:\/\/neos-music.com\/wp-content\/uploads\/2022\/11\/NEOS_11036_Mahnkopf.jpeg\" \/>\n\t<meta property=\"og:image:width\" content=\"1649\" \/>\n\t<meta property=\"og:image:height\" content=\"1482\" \/>\n\t<meta property=\"og:image:type\" content=\"image\/jpeg\" \/>\n<meta name=\"twitter:card\" content=\"summary_large_image\" \/>\n<meta name=\"twitter:label1\" content=\"Est. reading time\" \/>\n\t<meta name=\"twitter:data1\" content=\"6 minutes\" \/>\n<script type=\"application\/ld+json\" class=\"yoast-schema-graph\">{\"@context\":\"https:\\\/\\\/schema.org\",\"@graph\":[{\"@type\":\"WebPage\",\"@id\":\"https:\\\/\\\/neos-music.com\\\/product\\\/claus-steffen-mahnkopf-pynchon-cycle\\\/\",\"url\":\"https:\\\/\\\/neos-music.com\\\/product\\\/claus-steffen-mahnkopf-pynchon-cycle\\\/\",\"name\":\"Claus-Steffen Mahnkopf: Pynchon Cycle - NEOS Music\",\"isPartOf\":{\"@id\":\"https:\\\/\\\/neos-music.com\\\/#website\"},\"primaryImageOfPage\":{\"@id\":\"https:\\\/\\\/neos-music.com\\\/product\\\/claus-steffen-mahnkopf-pynchon-cycle\\\/#primaryimage\"},\"image\":{\"@id\":\"https:\\\/\\\/neos-music.com\\\/product\\\/claus-steffen-mahnkopf-pynchon-cycle\\\/#primaryimage\"},\"thumbnailUrl\":\"https:\\\/\\\/i0.wp.com\\\/neos-music.com\\\/wp-content\\\/uploads\\\/2022\\\/11\\\/NEOS_11036_Mahnkopf.jpeg?fit=1649%2C1482&ssl=1\",\"datePublished\":\"2011-04-30T14:48:32+00:00\",\"dateModified\":\"2022-11-19T14:50:01+00:00\",\"breadcrumb\":{\"@id\":\"https:\\\/\\\/neos-music.com\\\/product\\\/claus-steffen-mahnkopf-pynchon-cycle\\\/#breadcrumb\"},\"inLanguage\":\"en-US\",\"potentialAction\":[{\"@type\":\"ReadAction\",\"target\":[\"https:\\\/\\\/neos-music.com\\\/product\\\/claus-steffen-mahnkopf-pynchon-cycle\\\/\"]}]},{\"@type\":\"ImageObject\",\"inLanguage\":\"en-US\",\"@id\":\"https:\\\/\\\/neos-music.com\\\/product\\\/claus-steffen-mahnkopf-pynchon-cycle\\\/#primaryimage\",\"url\":\"https:\\\/\\\/i0.wp.com\\\/neos-music.com\\\/wp-content\\\/uploads\\\/2022\\\/11\\\/NEOS_11036_Mahnkopf.jpeg?fit=1649%2C1482&ssl=1\",\"contentUrl\":\"https:\\\/\\\/i0.wp.com\\\/neos-music.com\\\/wp-content\\\/uploads\\\/2022\\\/11\\\/NEOS_11036_Mahnkopf.jpeg?fit=1649%2C1482&ssl=1\",\"width\":1649,\"height\":1482},{\"@type\":\"BreadcrumbList\",\"@id\":\"https:\\\/\\\/neos-music.com\\\/product\\\/claus-steffen-mahnkopf-pynchon-cycle\\\/#breadcrumb\",\"itemListElement\":[{\"@type\":\"ListItem\",\"position\":1,\"name\":\"Startseite\",\"item\":\"https:\\\/\\\/neos-music.com\\\/\"},{\"@type\":\"ListItem\",\"position\":2,\"name\":\"Produkte\",\"item\":\"https:\\\/\\\/neos-music.com\\\/shop__trashed\\\/\"},{\"@type\":\"ListItem\",\"position\":3,\"name\":\"Claus-Steffen Mahnkopf: Pynchon Cycle\"}]},{\"@type\":\"WebSite\",\"@id\":\"https:\\\/\\\/neos-music.com\\\/#website\",\"url\":\"https:\\\/\\\/neos-music.com\\\/\",\"name\":\"NEOS Music\",\"description\":\"Dein Online Shop f\u00fcr zeitgen\u00f6ssische Musik, Jazz und Classics!\",\"publisher\":{\"@id\":\"https:\\\/\\\/neos-music.com\\\/#organization\"},\"potentialAction\":[{\"@type\":\"SearchAction\",\"target\":{\"@type\":\"EntryPoint\",\"urlTemplate\":\"https:\\\/\\\/neos-music.com\\\/?s={search_term_string}\"},\"query-input\":{\"@type\":\"PropertyValueSpecification\",\"valueRequired\":true,\"valueName\":\"search_term_string\"}}],\"inLanguage\":\"en-US\"},{\"@type\":\"Organization\",\"@id\":\"https:\\\/\\\/neos-music.com\\\/#organization\",\"name\":\"NEOS Music\",\"url\":\"https:\\\/\\\/neos-music.com\\\/\",\"logo\":{\"@type\":\"ImageObject\",\"inLanguage\":\"en-US\",\"@id\":\"https:\\\/\\\/neos-music.com\\\/#\\\/schema\\\/logo\\\/image\\\/\",\"url\":\"https:\\\/\\\/i0.wp.com\\\/neos-music.com\\\/wp-content\\\/uploads\\\/2025\\\/08\\\/NEOS-Logo-weiss.png?fit=800%2C203&ssl=1\",\"contentUrl\":\"https:\\\/\\\/i0.wp.com\\\/neos-music.com\\\/wp-content\\\/uploads\\\/2025\\\/08\\\/NEOS-Logo-weiss.png?fit=800%2C203&ssl=1\",\"width\":800,\"height\":203,\"caption\":\"NEOS Music\"},\"image\":{\"@id\":\"https:\\\/\\\/neos-music.com\\\/#\\\/schema\\\/logo\\\/image\\\/\"}}]}<\/script>\n<!-- \/ Yoast SEO plugin. -->","yoast_head_json":{"title":"Claus-Steffen Mahnkopf: Pynchon Cycle - NEOS Music","robots":{"index":"index","follow":"follow","max-snippet":"max-snippet:-1","max-image-preview":"max-image-preview:large","max-video-preview":"max-video-preview:-1"},"canonical":"https:\/\/neos-music.com\/en_us\/product\/claus-steffen-mahnkopf-pynchon-cycle\/","og_locale":"en_US","og_type":"article","og_title":"Claus-Steffen Mahnkopf: Pynchon Cycle - NEOS Music","og_description":"Infotext: PYNCHON-ZYKLUS Im Sommer 1998 versp\u00fcrte ich ein doppeltes Bed\u00fcrfnis. Erstens wollte ich an zwei v\u00f6llig entgegengesetzten Werkzyklen arbeiten, um die Spannbreite meiner Musik erweitern und deren Extreme ausloten zu k\u00f6nnen. Der eine Zyklus sollte dem Komponisten Gy\u00f6rgy Kurt\u00e1g gewidmet werden. Zweitens wollte ich einem meiner Lieblingsschriftsteller, Thomas Pynchon, eine Hommage widmen. Wollte ich kompositorisch [&hellip;]","og_url":"https:\/\/neos-music.com\/en_us\/product\/claus-steffen-mahnkopf-pynchon-cycle\/","og_site_name":"NEOS Music","article_modified_time":"2022-11-19T14:50:01+00:00","og_image":[{"width":1649,"height":1482,"url":"https:\/\/neos-music.com\/wp-content\/uploads\/2022\/11\/NEOS_11036_Mahnkopf.jpeg","type":"image\/jpeg"}],"twitter_card":"summary_large_image","twitter_misc":{"Est. reading time":"6 minutes"},"schema":{"@context":"https:\/\/schema.org","@graph":[{"@type":"WebPage","@id":"https:\/\/neos-music.com\/product\/claus-steffen-mahnkopf-pynchon-cycle\/","url":"https:\/\/neos-music.com\/product\/claus-steffen-mahnkopf-pynchon-cycle\/","name":"Claus-Steffen Mahnkopf: Pynchon Cycle - NEOS Music","isPartOf":{"@id":"https:\/\/neos-music.com\/#website"},"primaryImageOfPage":{"@id":"https:\/\/neos-music.com\/product\/claus-steffen-mahnkopf-pynchon-cycle\/#primaryimage"},"image":{"@id":"https:\/\/neos-music.com\/product\/claus-steffen-mahnkopf-pynchon-cycle\/#primaryimage"},"thumbnailUrl":"https:\/\/i0.wp.com\/neos-music.com\/wp-content\/uploads\/2022\/11\/NEOS_11036_Mahnkopf.jpeg?fit=1649%2C1482&ssl=1","datePublished":"2011-04-30T14:48:32+00:00","dateModified":"2022-11-19T14:50:01+00:00","breadcrumb":{"@id":"https:\/\/neos-music.com\/product\/claus-steffen-mahnkopf-pynchon-cycle\/#breadcrumb"},"inLanguage":"en-US","potentialAction":[{"@type":"ReadAction","target":["https:\/\/neos-music.com\/product\/claus-steffen-mahnkopf-pynchon-cycle\/"]}]},{"@type":"ImageObject","inLanguage":"en-US","@id":"https:\/\/neos-music.com\/product\/claus-steffen-mahnkopf-pynchon-cycle\/#primaryimage","url":"https:\/\/i0.wp.com\/neos-music.com\/wp-content\/uploads\/2022\/11\/NEOS_11036_Mahnkopf.jpeg?fit=1649%2C1482&ssl=1","contentUrl":"https:\/\/i0.wp.com\/neos-music.com\/wp-content\/uploads\/2022\/11\/NEOS_11036_Mahnkopf.jpeg?fit=1649%2C1482&ssl=1","width":1649,"height":1482},{"@type":"BreadcrumbList","@id":"https:\/\/neos-music.com\/product\/claus-steffen-mahnkopf-pynchon-cycle\/#breadcrumb","itemListElement":[{"@type":"ListItem","position":1,"name":"Startseite","item":"https:\/\/neos-music.com\/"},{"@type":"ListItem","position":2,"name":"Produkte","item":"https:\/\/neos-music.com\/shop__trashed\/"},{"@type":"ListItem","position":3,"name":"Claus-Steffen Mahnkopf: Pynchon Cycle"}]},{"@type":"WebSite","@id":"https:\/\/neos-music.com\/#website","url":"https:\/\/neos-music.com\/","name":"NEOS Music","description":"Dein Online Shop f\u00fcr zeitgen\u00f6ssische Musik, Jazz und Classics!","publisher":{"@id":"https:\/\/neos-music.com\/#organization"},"potentialAction":[{"@type":"SearchAction","target":{"@type":"EntryPoint","urlTemplate":"https:\/\/neos-music.com\/?s={search_term_string}"},"query-input":{"@type":"PropertyValueSpecification","valueRequired":true,"valueName":"search_term_string"}}],"inLanguage":"en-US"},{"@type":"Organization","@id":"https:\/\/neos-music.com\/#organization","name":"NEOS Music","url":"https:\/\/neos-music.com\/","logo":{"@type":"ImageObject","inLanguage":"en-US","@id":"https:\/\/neos-music.com\/#\/schema\/logo\/image\/","url":"https:\/\/i0.wp.com\/neos-music.com\/wp-content\/uploads\/2025\/08\/NEOS-Logo-weiss.png?fit=800%2C203&ssl=1","contentUrl":"https:\/\/i0.wp.com\/neos-music.com\/wp-content\/uploads\/2025\/08\/NEOS-Logo-weiss.png?fit=800%2C203&ssl=1","width":800,"height":203,"caption":"NEOS Music"},"image":{"@id":"https:\/\/neos-music.com\/#\/schema\/logo\/image\/"}}]}},"jetpack_sharing_enabled":true,"_links":{"self":[{"href":"https:\/\/neos-music.com\/en_us\/wp-json\/wp\/v2\/product\/3026","targetHints":{"allow":["GET"]}}],"collection":[{"href":"https:\/\/neos-music.com\/en_us\/wp-json\/wp\/v2\/product"}],"about":[{"href":"https:\/\/neos-music.com\/en_us\/wp-json\/wp\/v2\/types\/product"}],"version-history":[{"count":0,"href":"https:\/\/neos-music.com\/en_us\/wp-json\/wp\/v2\/product\/3026\/revisions"}],"wp:featuredmedia":[{"embeddable":true,"href":"https:\/\/neos-music.com\/en_us\/wp-json\/wp\/v2\/media\/3027"}],"wp:attachment":[{"href":"https:\/\/neos-music.com\/en_us\/wp-json\/wp\/v2\/media?parent=3026"}],"wp:term":[{"taxonomy":"product_brand","embeddable":true,"href":"https:\/\/neos-music.com\/en_us\/wp-json\/wp\/v2\/product_brand?post=3026"},{"taxonomy":"product_cat","embeddable":true,"href":"https:\/\/neos-music.com\/en_us\/wp-json\/wp\/v2\/product_cat?post=3026"},{"taxonomy":"product_tag","embeddable":true,"href":"https:\/\/neos-music.com\/en_us\/wp-json\/wp\/v2\/product_tag?post=3026"}],"curies":[{"name":"wp","href":"https:\/\/api.w.org\/{rel}","templated":true}]}}