{"id":3030,"date":"2011-03-14T14:58:13","date_gmt":"2011-03-14T14:58:13","guid":{"rendered":"https:\/\/neos-music.com\/?post_type=product&#038;p=3030"},"modified":"2022-11-19T14:59:38","modified_gmt":"2022-11-19T14:59:38","slug":"arturo-corrales-john-menoud-fernando-garnero-francisco-huguet-denis-schuler-nikolay-mihaylov-daniel-zea-ensemble-vortex","status":"publish","type":"product","link":"https:\/\/neos-music.com\/en_us\/product\/arturo-corrales-john-menoud-fernando-garnero-francisco-huguet-denis-schuler-nikolay-mihaylov-daniel-zea-ensemble-vortex\/","title":{"rendered":"Arturo Corrales, John Menoud, Fernando Garnero, Francisco Huguet, Denis Schuler, Nikolay Mihaylov, Daniel Zea: Ensemble Vortex"},"content":{"rendered":"<p>Infotext:<\/p>\n<div id=\"infotext\">\n<p><b>Arturo Corrales \u00b7 Canon fractal por aumentaci\u00f3n sobre una melod\u00eda popular (FOLK YOU!)<br \/>\n<\/b><i>f\u00fcr Blockfl\u00f6te, Violine und Elektronik (2009)<br \/>\n<\/i>Die tausend V\u00f6gel, die zu h\u00f6ren sind, die pfeilschnellen G\u00fcsse sowie die lang gehaltenen T\u00f6ne der Elektronik, die verschiedenen und gleichzeitigen Geschwindigkeiten der im Hoquetus gesetzten Instrumente\u2026alles, aber auch alles \u00bbist\u00ab die einleitend gesungene Melodie, welche aus keltischem Volksgut stammt.<\/p>\n<p><b>Fernando Garnero \u00b7 Luminar<br \/>\n<\/b><i>f\u00fcr Oboe, Gitarre, Schlagzeug, Violine und Kontrabass (2005)<br \/>\n<\/i>Vittorio Pendino Garnero gewidmet. In memoriam Alberto Pendino.<\/p>\n<p><b>Francisco Huguet \u00b7 The Corners of this Section<br \/>\n<\/b><i>f\u00fcr Computer (2010)<br \/>\n<\/i>Dieses Werk ist eine Miniatur aus einer gleichnamigen Reihe von St\u00fccken f\u00fcr unterschiedliche instrumentale und elektronische Besetzung. Sie entstand 2010 und ist dem Ensemble Vortex aus Anlass seines f\u00fcnften Geburtstages gewidmet.<\/p>\n<p><b>John Menoud \u00b7 Ac\u00e9phale<br \/>\n<\/b><i>f\u00fcr Computer (2009)<br \/>\n<\/i>Majestic BLOWJOB, celestial CUMSHOT, milky JIZZ, sparkling GOLDENSHOWER, surreal GANGBANG, magnus COCKSUCKER, goddess SLUT, what a BUKKAKE, a private ritual sex party in the woods, forgot all what you are for and welcome to the big orgasm to die for.<\/p>\n<p><b>Denis Schuler \u00b7 Teh<\/b><br \/>\n<i>f\u00fcr Stimme, Oboe, Gitarre, Schlagzeug, Violine und Kontrabass (2008)<br \/>\n<\/i>\u00bbTeh\u00ab ist das Anfangsphonem von \u00bbTheorie des jungen M\u00e4dchens\u00ab (Erste Materialien f\u00fcr eine Theorie des jungen M\u00e4dchens, Tiqqun, Verlag Mille et une nuits, 2001). Ein Sprachfetzen: \u00bb[\u2026] und schlie\u00dflich das Debakel vor der Unm\u00f6glichkeit, diesseits der Zeit zur\u00fcckzukehren\u00ab. Ein Abbild unserer F\u00e4higkeit, die etablierte Ordnung anzufechten.<\/p>\n<p><b>Daniel Zea \u00b7 Elegant Spanking<br \/>\n<\/b><i>f\u00fcr Violine, Violoncello, Kontrabass, Bassklarinette und Elektronik (2010)<br \/>\n<\/i>SPANK! fuck rilke, fuck beckett, fuck pessoa, fuck everybody, and vomit all the intellectual rubbish, SPANK!\u00a0 kill heidi, god damn the queen, SPANK! SPANK! i like sex pistols, in fact, i wanna be a sex pistol myself. I dream of a squirting band playing squirt-full music, wet panties, wet scores. I want to spank your ass until it bleeds. I want to listen to your sexual anguish. you getting lost in my mystical punk. SPANK! holly maria beatty, bring us wisdom and domination \u2026 SPANK!<\/p>\n<p><b>Nikolay Mihaylov \u00b7 Flash-back<br \/>\n<\/b><i>f\u00fcr Tonband (2006)<br \/>\n<\/i>Mit Flash-back wollte ich den psychologischen Prozess wiedergeben, der es uns erm\u00f6glicht, anhand eines Bildes oder eines Klanges eine Kette von Erinnerungen und Empfindungen auszul\u00f6sen. Dies erscheint in einer Abfolge von kontrastierenden Bewegungen und Zusammenh\u00e4ngen, welche die Struktur des mentalen Prozesses aufgreifen, wobei der H\u00f6hepunkt jedes Abschnitts jeweils den Anfang des n\u00e4chsten erzeugt.<\/p>\n<\/div>\n<p>Programm:<\/p>\n<p><b>ENSEMBLE VORTEX<br \/>\n<\/b>Komponisten- und Interpretenkollektiv (Genf, Schweiz)<br \/>\nMusik des 21. Jahrhunderts \u2013 akustisch, elektroakustisch, elektronisch<\/p>\n<p><b><br \/>\n<a class=\"arcoma_glossarylink\" href=\"https:\/\/neos-music.com\/output.php?content=Kuenstler\/Corrales_Arturo.php&amp;treplace=english%2Cgerman\" target=\"_self\" rel=\"noopener\">Arturo Corrales<\/a><\/b>\u00a0(*1973)<br \/>\n[01]\u00a0<b>Canon fractal por aumentaci\u00f3n sobre una melod\u00eda popular (FOLK YOU!)<\/b>\u00a008:33<br \/>\nfor recorder, violin and electronics (2009)<\/p>\n<p><a class=\"arcoma_glossarylink\" href=\"https:\/\/neos-music.com\/output.php?content=Kuenstler\/Gillot_Anne.php&amp;treplace=english%2Cgerman\" target=\"_self\" rel=\"noopener\">Anne Gillot<\/a>, recorder \u00b7\u00a0<a class=\"arcoma_glossarylink\" href=\"https:\/\/neos-music.com\/output.php?content=Kuenstler\/Hadjikostova-Schleuter_Rada.php&amp;treplace=english%2Cgerman\" target=\"_self\" rel=\"noopener\">Rada Hadjikostova-Schleuter<\/a>, violin<br \/>\n<a class=\"arcoma_glossarylink\" href=\"https:\/\/neos-music.com\/output.php?content=Kuenstler\/Corrales_Arturo.php&amp;treplace=english%2Cgerman\" target=\"_self\" rel=\"noopener\">Arturo Corrales<\/a>, electronics<\/p>\n<p><b><a class=\"arcoma_glossarylink\" href=\"https:\/\/neos-music.com\/output.php?content=Kuenstler\/Menoud_John.php&amp;treplace=english%2Cgerman\" target=\"_self\" rel=\"noopener\">John Menoud<\/a><\/b>\u00a0(*1976)<br \/>\n[02]\u00a0<b>Ac\u00e9phale<\/b>\u00a001:00<br \/>\nfor computer (2009)<\/p>\n<p><b><a class=\"arcoma_glossarylink\" href=\"https:\/\/neos-music.com\/output.php?content=Kuenstler\/Garnero_Fernando.php&amp;treplace=english%2Cgerman\" target=\"_self\" rel=\"noopener\">Fernando Garnero<\/a><\/b>\u00a0(*1976)<br \/>\n[03]\u00a0<b>Luminar<\/b>\u00a015:40<br \/>\nfor oboe, guitar, percussion, violin and double bass (2005)<\/p>\n<p><a class=\"arcoma_glossarylink\" href=\"https:\/\/neos-music.com\/output.php?content=Kuenstler\/Zawodnik_Beatrice.php&amp;treplace=english%2Cgerman\" target=\"_self\" rel=\"noopener\">B\u00e9atrice Zawodnik<\/a>, oboe \u00b7\u00a0<a class=\"arcoma_glossarylink\" href=\"https:\/\/neos-music.com\/output.php?content=Kuenstler\/Carrasco_Mauricio.php&amp;treplace=english%2Cgerman\" target=\"_self\" rel=\"noopener\">Mauricio Carrasco<\/a>, guitar<br \/>\n<a class=\"arcoma_glossarylink\" href=\"https:\/\/neos-music.com\/output.php?content=Kuenstler\/Anne_Cardinaud.php&amp;treplace=english%2Cgerman\" target=\"_self\" rel=\"noopener\">Anne Cardinaud<\/a>, percussion \u00b7\u00a0<a class=\"arcoma_glossarylink\" href=\"https:\/\/neos-music.com\/output.php?content=Kuenstler\/Hadjikostova-Schleuter_Rada.php&amp;treplace=english%2Cgerman\" target=\"_self\" rel=\"noopener\">Rada Hadjikostova-Schleuter<\/a>, violin<br \/>\n<a class=\"arcoma_glossarylink\" href=\"https:\/\/neos-music.com\/output.php?content=Kuenstler\/Noelle_Reymond.php&amp;treplace=english%2Cgerman\" target=\"_self\" rel=\"noopener\">No\u00eblle Reymond<\/a>, double bass<\/p>\n<p><b><a class=\"arcoma_glossarylink\" href=\"https:\/\/neos-music.com\/output.php?content=Kuenstler\/Huguet_Francisco.php&amp;treplace=english%2Cgerman\" target=\"_self\" rel=\"noopener\">Francisco Huguet<\/a><\/b>\u00a0(*1976)<br \/>\n[04]\u00a0<b>The Corners of this Section<\/b>\u00a001:55<br \/>\nfor computer (2010)<br \/>\n<b><\/b><\/p>\n<p><b><br \/>\n<a class=\"arcoma_glossarylink\" href=\"https:\/\/neos-music.com\/output.php?content=Kuenstler\/Schuler_Denis.php&amp;treplace=english%2Cgerman\" target=\"_self\" rel=\"noopener\">Denis Schuler<\/a><\/b>\u00a0(*1970)<br \/>\n[05]\u00a0<b>Teh<\/b>\u00a009:54<br \/>\nfor voice, oboe, guitar, percussion, violin and double bass (2008)<\/p>\n<p><a class=\"arcoma_glossarylink\" href=\"https:\/\/neos-music.com\/output.php?content=Kuenstler\/Haenni_Celine.php&amp;treplace=english%2Cgerman\" target=\"_self\" rel=\"noopener\">C\u00e9line H\u00e4nni<\/a>, voice \u00b7\u00a0<a class=\"arcoma_glossarylink\" href=\"https:\/\/neos-music.com\/output.php?content=Kuenstler\/Zawodnik_Beatrice.php&amp;treplace=english%2Cgerman\" target=\"_self\" rel=\"noopener\">B\u00e9atrice Zawodnik<\/a>, oboe<br \/>\n<a class=\"arcoma_glossarylink\" href=\"https:\/\/neos-music.com\/output.php?content=Kuenstler\/Carrasco_Mauricio.php&amp;treplace=english%2Cgerman\" target=\"_self\" rel=\"noopener\">Mauricio Carrasco<\/a>, guitar \u00b7\u00a0<a class=\"arcoma_glossarylink\" href=\"https:\/\/neos-music.com\/output.php?content=Kuenstler\/Feyer_Florian.php&amp;treplace=english%2Cgerman\" target=\"_self\" rel=\"noopener\">Florian Feyer<\/a>, percussion<br \/>\n<a class=\"arcoma_glossarylink\" href=\"https:\/\/neos-music.com\/output.php?content=Kuenstler\/Hadjikostova-Schleuter_Rada.php&amp;treplace=english%2Cgerman\" target=\"_self\" rel=\"noopener\">Rada Hadjikostova-Schleuter<\/a>, violin \u00b7\u00a0<a class=\"arcoma_glossarylink\" href=\"https:\/\/neos-music.com\/output.php?content=Kuenstler\/Rudasigwa_Jocelyne.php&amp;treplace=english%2Cgerman\" target=\"_self\" rel=\"noopener\">Jocelyne Rudasigwa<\/a>, double bass<\/p>\n<p><b><a class=\"arcoma_glossarylink\" href=\"https:\/\/neos-music.com\/output.php?content=Kuenstler\/Mihaylov_Nikolay.php&amp;treplace=english%2Cgerman\" target=\"_self\" rel=\"noopener\">Nikolay Mihaylov<\/a><\/b>\u00a0(*1975)<br \/>\n[06]\u00a0<b>Flashback<\/b>\u00a007:01<br \/>\nfor tape (2006)<\/p>\n<p><b><a class=\"arcoma_glossarylink\" href=\"https:\/\/neos-music.com\/output.php?content=Kuenstler\/Zea_Daniel.php&amp;treplace=english%2Cgerman\" target=\"_self\" rel=\"noopener\">Daniel Zea<\/a><\/b>\u00a0(*1976)<br \/>\n[07]\u00a0<b>Elegant Spanking<\/b>\u00a012:00<br \/>\nfor violin, violoncello, double bass, bass clarinet and electronics (2010)<\/p>\n<p><a class=\"arcoma_glossarylink\" href=\"https:\/\/neos-music.com\/output.php?content=Kuenstler\/Hadjikostova-Schleuter_Rada.php&amp;treplace=english%2Cgerman\" target=\"_self\" rel=\"noopener\">Rada Hadjikostova-Schleuter<\/a>, violin \u00b7\u00a0<a class=\"arcoma_glossarylink\" href=\"https:\/\/neos-music.com\/output.php?content=Kuenstler\/Vries_Esme_de.php&amp;treplace=english%2Cgerman\" target=\"_self\" rel=\"noopener\">Esm\u00e9 de Vries<\/a>, violoncello<br \/>\n<a class=\"arcoma_glossarylink\" href=\"https:\/\/neos-music.com\/output.php?content=Kuenstler\/Rudasigwa_Jocelyne.php&amp;treplace=english%2Cgerman\" target=\"_self\" rel=\"noopener\">Jocelyne Rudasigwa<\/a>, double bass \u00b7\u00a0<a class=\"arcoma_glossarylink\" href=\"https:\/\/neos-music.com\/output.php?content=Kuenstler\/Bruttin_Laurent.php&amp;treplace=english%2Cgerman\" target=\"_self\" rel=\"noopener\">Laurent Bruttin<\/a>, clarinet<br \/>\nDaniel Zea, electronics<\/p>\n<p>total time 56:38<\/p>\n<p><b>Ensemble Vortex<\/b><\/p>\n","protected":false},"excerpt":{"rendered":"<p>Infotext: Arturo Corrales \u00b7 Canon fractal por aumentaci\u00f3n sobre una melod\u00eda popular (FOLK YOU!) f\u00fcr Blockfl\u00f6te, Violine und Elektronik (2009) Die tausend V\u00f6gel, die zu h\u00f6ren sind, die pfeilschnellen G\u00fcsse sowie die lang gehaltenen T\u00f6ne der Elektronik, die verschiedenen und gleichzeitigen Geschwindigkeiten der im Hoquetus gesetzten Instrumente\u2026alles, aber auch alles \u00bbist\u00ab die einleitend gesungene Melodie, [&hellip;]<\/p>\n","protected":false},"featured_media":3031,"template":"","meta":{"site-sidebar-layout":"default","site-content-layout":"default","ast-site-content-layout":"default","site-content-style":"default","site-sidebar-style":"default","ast-global-header-display":"","ast-banner-title-visibility":"","ast-main-header-display":"","ast-hfb-above-header-display":"","ast-hfb-below-header-display":"","ast-hfb-mobile-header-display":"","site-post-title":"","ast-breadcrumbs-content":"","ast-featured-img":"","footer-sml-layout":"","theme-transparent-header-meta":"default","adv-header-id-meta":"","stick-header-meta":"","header-above-stick-meta":"","header-main-stick-meta":"","header-below-stick-meta":"","astra-migrate-meta-layouts":"default","ast-page-background-enabled":"default","ast-page-background-meta":{"desktop":{"background-color":"","background-image":"","background-repeat":"repeat","background-position":"center center","background-size":"auto","background-attachment":"scroll","background-type":"","background-media":"","overlay-type":"","overlay-color":"","overlay-opacity":"","overlay-gradient":""},"tablet":{"background-color":"","background-image":"","background-repeat":"repeat","background-position":"center center","background-size":"auto","background-attachment":"scroll","background-type":"","background-media":"","overlay-type":"","overlay-color":"","overlay-opacity":"","overlay-gradient":""},"mobile":{"background-color":"","background-image":"","background-repeat":"repeat","background-position":"center center","background-size":"auto","background-attachment":"scroll","background-type":"","background-media":"","overlay-type":"","overlay-color":"","overlay-opacity":"","overlay-gradient":""}},"ast-content-background-meta":{"desktop":{"background-color":"var(--ast-global-color-5)","background-image":"","background-repeat":"repeat","background-position":"center center","background-size":"auto","background-attachment":"scroll","background-type":"","background-media":"","overlay-type":"","overlay-color":"","overlay-opacity":"","overlay-gradient":""},"tablet":{"background-color":"var(--ast-global-color-5)","background-image":"","background-repeat":"repeat","background-position":"center center","background-size":"auto","background-attachment":"scroll","background-type":"","background-media":"","overlay-type":"","overlay-color":"","overlay-opacity":"","overlay-gradient":""},"mobile":{"background-color":"var(--ast-global-color-5)","background-image":"","background-repeat":"repeat","background-position":"center center","background-size":"auto","background-attachment":"scroll","background-type":"","background-media":"","overlay-type":"","overlay-color":"","overlay-opacity":"","overlay-gradient":""}}},"product_brand":[],"product_cat":[26],"product_tag":[],"class_list":{"0":"post-3030","1":"product","2":"type-product","3":"status-publish","4":"has-post-thumbnail","6":"product_cat-zeitgenossische-musik","7":"pa_artikelnummer-neos-11113","8":"pa_brand-neos-music","9":"pa_ean-577","10":"desktop-align-left","11":"tablet-align-left","12":"mobile-align-left","14":"first","15":"instock","16":"taxable","17":"shipping-taxable","18":"purchasable","19":"product-type-simple"},"yoast_head":"<!-- This site is optimized with the Yoast SEO plugin v27.4 - https:\/\/yoast.com\/product\/yoast-seo-wordpress\/ -->\n<title>Arturo Corrales, John Menoud, Fernando Garnero, Francisco Huguet, Denis Schuler, Nikolay Mihaylov, Daniel Zea: Ensemble Vortex - NEOS Music<\/title>\n<meta name=\"robots\" content=\"index, follow, max-snippet:-1, max-image-preview:large, max-video-preview:-1\" \/>\n<link rel=\"canonical\" href=\"https:\/\/neos-music.com\/en_us\/product\/arturo-corrales-john-menoud-fernando-garnero-francisco-huguet-denis-schuler-nikolay-mihaylov-daniel-zea-ensemble-vortex\/\" \/>\n<meta property=\"og:locale\" content=\"en_US\" \/>\n<meta property=\"og:type\" content=\"article\" \/>\n<meta property=\"og:title\" content=\"Arturo Corrales, John Menoud, Fernando Garnero, Francisco Huguet, Denis Schuler, Nikolay Mihaylov, Daniel Zea: Ensemble Vortex - NEOS Music\" \/>\n<meta property=\"og:description\" content=\"Infotext: Arturo Corrales \u00b7 Canon fractal por aumentaci\u00f3n sobre una melod\u00eda popular (FOLK YOU!) f\u00fcr Blockfl\u00f6te, Violine und Elektronik (2009) Die tausend V\u00f6gel, die zu h\u00f6ren sind, die pfeilschnellen G\u00fcsse sowie die lang gehaltenen T\u00f6ne der Elektronik, die verschiedenen und gleichzeitigen Geschwindigkeiten der im Hoquetus gesetzten Instrumente\u2026alles, aber auch alles \u00bbist\u00ab die einleitend gesungene Melodie, [&hellip;]\" \/>\n<meta property=\"og:url\" content=\"https:\/\/neos-music.com\/en_us\/product\/arturo-corrales-john-menoud-fernando-garnero-francisco-huguet-denis-schuler-nikolay-mihaylov-daniel-zea-ensemble-vortex\/\" \/>\n<meta property=\"og:site_name\" content=\"NEOS Music\" \/>\n<meta property=\"article:modified_time\" content=\"2022-11-19T14:59:38+00:00\" \/>\n<meta property=\"og:image\" content=\"https:\/\/neos-music.com\/wp-content\/uploads\/2022\/11\/NEOS_11113_Vortex.jpeg\" \/>\n\t<meta property=\"og:image:width\" content=\"1648\" \/>\n\t<meta property=\"og:image:height\" content=\"1483\" \/>\n\t<meta property=\"og:image:type\" content=\"image\/jpeg\" \/>\n<meta name=\"twitter:card\" content=\"summary_large_image\" \/>\n<meta name=\"twitter:label1\" content=\"Est. reading time\" \/>\n\t<meta name=\"twitter:data1\" content=\"3 minutes\" \/>\n<script type=\"application\/ld+json\" class=\"yoast-schema-graph\">{\"@context\":\"https:\\\/\\\/schema.org\",\"@graph\":[{\"@type\":\"WebPage\",\"@id\":\"https:\\\/\\\/neos-music.com\\\/product\\\/arturo-corrales-john-menoud-fernando-garnero-francisco-huguet-denis-schuler-nikolay-mihaylov-daniel-zea-ensemble-vortex\\\/\",\"url\":\"https:\\\/\\\/neos-music.com\\\/product\\\/arturo-corrales-john-menoud-fernando-garnero-francisco-huguet-denis-schuler-nikolay-mihaylov-daniel-zea-ensemble-vortex\\\/\",\"name\":\"Arturo Corrales, John Menoud, Fernando Garnero, Francisco Huguet, Denis Schuler, Nikolay Mihaylov, Daniel Zea: Ensemble Vortex - NEOS Music\",\"isPartOf\":{\"@id\":\"https:\\\/\\\/neos-music.com\\\/#website\"},\"primaryImageOfPage\":{\"@id\":\"https:\\\/\\\/neos-music.com\\\/product\\\/arturo-corrales-john-menoud-fernando-garnero-francisco-huguet-denis-schuler-nikolay-mihaylov-daniel-zea-ensemble-vortex\\\/#primaryimage\"},\"image\":{\"@id\":\"https:\\\/\\\/neos-music.com\\\/product\\\/arturo-corrales-john-menoud-fernando-garnero-francisco-huguet-denis-schuler-nikolay-mihaylov-daniel-zea-ensemble-vortex\\\/#primaryimage\"},\"thumbnailUrl\":\"https:\\\/\\\/i0.wp.com\\\/neos-music.com\\\/wp-content\\\/uploads\\\/2022\\\/11\\\/NEOS_11113_Vortex.jpeg?fit=1648%2C1483&ssl=1\",\"datePublished\":\"2011-03-14T14:58:13+00:00\",\"dateModified\":\"2022-11-19T14:59:38+00:00\",\"breadcrumb\":{\"@id\":\"https:\\\/\\\/neos-music.com\\\/product\\\/arturo-corrales-john-menoud-fernando-garnero-francisco-huguet-denis-schuler-nikolay-mihaylov-daniel-zea-ensemble-vortex\\\/#breadcrumb\"},\"inLanguage\":\"en-US\",\"potentialAction\":[{\"@type\":\"ReadAction\",\"target\":[\"https:\\\/\\\/neos-music.com\\\/product\\\/arturo-corrales-john-menoud-fernando-garnero-francisco-huguet-denis-schuler-nikolay-mihaylov-daniel-zea-ensemble-vortex\\\/\"]}]},{\"@type\":\"ImageObject\",\"inLanguage\":\"en-US\",\"@id\":\"https:\\\/\\\/neos-music.com\\\/product\\\/arturo-corrales-john-menoud-fernando-garnero-francisco-huguet-denis-schuler-nikolay-mihaylov-daniel-zea-ensemble-vortex\\\/#primaryimage\",\"url\":\"https:\\\/\\\/i0.wp.com\\\/neos-music.com\\\/wp-content\\\/uploads\\\/2022\\\/11\\\/NEOS_11113_Vortex.jpeg?fit=1648%2C1483&ssl=1\",\"contentUrl\":\"https:\\\/\\\/i0.wp.com\\\/neos-music.com\\\/wp-content\\\/uploads\\\/2022\\\/11\\\/NEOS_11113_Vortex.jpeg?fit=1648%2C1483&ssl=1\",\"width\":1648,\"height\":1483},{\"@type\":\"BreadcrumbList\",\"@id\":\"https:\\\/\\\/neos-music.com\\\/product\\\/arturo-corrales-john-menoud-fernando-garnero-francisco-huguet-denis-schuler-nikolay-mihaylov-daniel-zea-ensemble-vortex\\\/#breadcrumb\",\"itemListElement\":[{\"@type\":\"ListItem\",\"position\":1,\"name\":\"Startseite\",\"item\":\"https:\\\/\\\/neos-music.com\\\/\"},{\"@type\":\"ListItem\",\"position\":2,\"name\":\"Produkte\",\"item\":\"https:\\\/\\\/neos-music.com\\\/shop__trashed\\\/\"},{\"@type\":\"ListItem\",\"position\":3,\"name\":\"Arturo Corrales, John Menoud, Fernando Garnero, Francisco Huguet, Denis Schuler, Nikolay Mihaylov, Daniel Zea: Ensemble Vortex\"}]},{\"@type\":\"WebSite\",\"@id\":\"https:\\\/\\\/neos-music.com\\\/#website\",\"url\":\"https:\\\/\\\/neos-music.com\\\/\",\"name\":\"NEOS Music\",\"description\":\"Dein Online Shop f\u00fcr zeitgen\u00f6ssische Musik, Jazz und Classics!\",\"publisher\":{\"@id\":\"https:\\\/\\\/neos-music.com\\\/#organization\"},\"potentialAction\":[{\"@type\":\"SearchAction\",\"target\":{\"@type\":\"EntryPoint\",\"urlTemplate\":\"https:\\\/\\\/neos-music.com\\\/?s={search_term_string}\"},\"query-input\":{\"@type\":\"PropertyValueSpecification\",\"valueRequired\":true,\"valueName\":\"search_term_string\"}}],\"inLanguage\":\"en-US\"},{\"@type\":\"Organization\",\"@id\":\"https:\\\/\\\/neos-music.com\\\/#organization\",\"name\":\"NEOS Music\",\"url\":\"https:\\\/\\\/neos-music.com\\\/\",\"logo\":{\"@type\":\"ImageObject\",\"inLanguage\":\"en-US\",\"@id\":\"https:\\\/\\\/neos-music.com\\\/#\\\/schema\\\/logo\\\/image\\\/\",\"url\":\"https:\\\/\\\/i0.wp.com\\\/neos-music.com\\\/wp-content\\\/uploads\\\/2025\\\/08\\\/NEOS-Logo-weiss.png?fit=800%2C203&ssl=1\",\"contentUrl\":\"https:\\\/\\\/i0.wp.com\\\/neos-music.com\\\/wp-content\\\/uploads\\\/2025\\\/08\\\/NEOS-Logo-weiss.png?fit=800%2C203&ssl=1\",\"width\":800,\"height\":203,\"caption\":\"NEOS Music\"},\"image\":{\"@id\":\"https:\\\/\\\/neos-music.com\\\/#\\\/schema\\\/logo\\\/image\\\/\"}}]}<\/script>\n<!-- \/ Yoast SEO plugin. -->","yoast_head_json":{"title":"Arturo Corrales, John Menoud, Fernando Garnero, Francisco Huguet, Denis Schuler, Nikolay Mihaylov, Daniel Zea: Ensemble Vortex - NEOS Music","robots":{"index":"index","follow":"follow","max-snippet":"max-snippet:-1","max-image-preview":"max-image-preview:large","max-video-preview":"max-video-preview:-1"},"canonical":"https:\/\/neos-music.com\/en_us\/product\/arturo-corrales-john-menoud-fernando-garnero-francisco-huguet-denis-schuler-nikolay-mihaylov-daniel-zea-ensemble-vortex\/","og_locale":"en_US","og_type":"article","og_title":"Arturo Corrales, John Menoud, Fernando Garnero, Francisco Huguet, Denis Schuler, Nikolay Mihaylov, Daniel Zea: Ensemble Vortex - NEOS Music","og_description":"Infotext: Arturo Corrales \u00b7 Canon fractal por aumentaci\u00f3n sobre una melod\u00eda popular (FOLK YOU!) f\u00fcr Blockfl\u00f6te, Violine und Elektronik (2009) Die tausend V\u00f6gel, die zu h\u00f6ren sind, die pfeilschnellen G\u00fcsse sowie die lang gehaltenen T\u00f6ne der Elektronik, die verschiedenen und gleichzeitigen Geschwindigkeiten der im Hoquetus gesetzten Instrumente\u2026alles, aber auch alles \u00bbist\u00ab die einleitend gesungene Melodie, [&hellip;]","og_url":"https:\/\/neos-music.com\/en_us\/product\/arturo-corrales-john-menoud-fernando-garnero-francisco-huguet-denis-schuler-nikolay-mihaylov-daniel-zea-ensemble-vortex\/","og_site_name":"NEOS Music","article_modified_time":"2022-11-19T14:59:38+00:00","og_image":[{"width":1648,"height":1483,"url":"https:\/\/neos-music.com\/wp-content\/uploads\/2022\/11\/NEOS_11113_Vortex.jpeg","type":"image\/jpeg"}],"twitter_card":"summary_large_image","twitter_misc":{"Est. reading time":"3 minutes"},"schema":{"@context":"https:\/\/schema.org","@graph":[{"@type":"WebPage","@id":"https:\/\/neos-music.com\/product\/arturo-corrales-john-menoud-fernando-garnero-francisco-huguet-denis-schuler-nikolay-mihaylov-daniel-zea-ensemble-vortex\/","url":"https:\/\/neos-music.com\/product\/arturo-corrales-john-menoud-fernando-garnero-francisco-huguet-denis-schuler-nikolay-mihaylov-daniel-zea-ensemble-vortex\/","name":"Arturo Corrales, John Menoud, Fernando Garnero, Francisco Huguet, Denis Schuler, Nikolay Mihaylov, Daniel Zea: Ensemble Vortex - NEOS Music","isPartOf":{"@id":"https:\/\/neos-music.com\/#website"},"primaryImageOfPage":{"@id":"https:\/\/neos-music.com\/product\/arturo-corrales-john-menoud-fernando-garnero-francisco-huguet-denis-schuler-nikolay-mihaylov-daniel-zea-ensemble-vortex\/#primaryimage"},"image":{"@id":"https:\/\/neos-music.com\/product\/arturo-corrales-john-menoud-fernando-garnero-francisco-huguet-denis-schuler-nikolay-mihaylov-daniel-zea-ensemble-vortex\/#primaryimage"},"thumbnailUrl":"https:\/\/i0.wp.com\/neos-music.com\/wp-content\/uploads\/2022\/11\/NEOS_11113_Vortex.jpeg?fit=1648%2C1483&ssl=1","datePublished":"2011-03-14T14:58:13+00:00","dateModified":"2022-11-19T14:59:38+00:00","breadcrumb":{"@id":"https:\/\/neos-music.com\/product\/arturo-corrales-john-menoud-fernando-garnero-francisco-huguet-denis-schuler-nikolay-mihaylov-daniel-zea-ensemble-vortex\/#breadcrumb"},"inLanguage":"en-US","potentialAction":[{"@type":"ReadAction","target":["https:\/\/neos-music.com\/product\/arturo-corrales-john-menoud-fernando-garnero-francisco-huguet-denis-schuler-nikolay-mihaylov-daniel-zea-ensemble-vortex\/"]}]},{"@type":"ImageObject","inLanguage":"en-US","@id":"https:\/\/neos-music.com\/product\/arturo-corrales-john-menoud-fernando-garnero-francisco-huguet-denis-schuler-nikolay-mihaylov-daniel-zea-ensemble-vortex\/#primaryimage","url":"https:\/\/i0.wp.com\/neos-music.com\/wp-content\/uploads\/2022\/11\/NEOS_11113_Vortex.jpeg?fit=1648%2C1483&ssl=1","contentUrl":"https:\/\/i0.wp.com\/neos-music.com\/wp-content\/uploads\/2022\/11\/NEOS_11113_Vortex.jpeg?fit=1648%2C1483&ssl=1","width":1648,"height":1483},{"@type":"BreadcrumbList","@id":"https:\/\/neos-music.com\/product\/arturo-corrales-john-menoud-fernando-garnero-francisco-huguet-denis-schuler-nikolay-mihaylov-daniel-zea-ensemble-vortex\/#breadcrumb","itemListElement":[{"@type":"ListItem","position":1,"name":"Startseite","item":"https:\/\/neos-music.com\/"},{"@type":"ListItem","position":2,"name":"Produkte","item":"https:\/\/neos-music.com\/shop__trashed\/"},{"@type":"ListItem","position":3,"name":"Arturo Corrales, John Menoud, Fernando Garnero, Francisco Huguet, Denis Schuler, Nikolay Mihaylov, Daniel Zea: Ensemble Vortex"}]},{"@type":"WebSite","@id":"https:\/\/neos-music.com\/#website","url":"https:\/\/neos-music.com\/","name":"NEOS Music","description":"Dein Online Shop f\u00fcr zeitgen\u00f6ssische Musik, Jazz und Classics!","publisher":{"@id":"https:\/\/neos-music.com\/#organization"},"potentialAction":[{"@type":"SearchAction","target":{"@type":"EntryPoint","urlTemplate":"https:\/\/neos-music.com\/?s={search_term_string}"},"query-input":{"@type":"PropertyValueSpecification","valueRequired":true,"valueName":"search_term_string"}}],"inLanguage":"en-US"},{"@type":"Organization","@id":"https:\/\/neos-music.com\/#organization","name":"NEOS Music","url":"https:\/\/neos-music.com\/","logo":{"@type":"ImageObject","inLanguage":"en-US","@id":"https:\/\/neos-music.com\/#\/schema\/logo\/image\/","url":"https:\/\/i0.wp.com\/neos-music.com\/wp-content\/uploads\/2025\/08\/NEOS-Logo-weiss.png?fit=800%2C203&ssl=1","contentUrl":"https:\/\/i0.wp.com\/neos-music.com\/wp-content\/uploads\/2025\/08\/NEOS-Logo-weiss.png?fit=800%2C203&ssl=1","width":800,"height":203,"caption":"NEOS Music"},"image":{"@id":"https:\/\/neos-music.com\/#\/schema\/logo\/image\/"}}]}},"jetpack_sharing_enabled":true,"_links":{"self":[{"href":"https:\/\/neos-music.com\/en_us\/wp-json\/wp\/v2\/product\/3030","targetHints":{"allow":["GET"]}}],"collection":[{"href":"https:\/\/neos-music.com\/en_us\/wp-json\/wp\/v2\/product"}],"about":[{"href":"https:\/\/neos-music.com\/en_us\/wp-json\/wp\/v2\/types\/product"}],"version-history":[{"count":0,"href":"https:\/\/neos-music.com\/en_us\/wp-json\/wp\/v2\/product\/3030\/revisions"}],"wp:featuredmedia":[{"embeddable":true,"href":"https:\/\/neos-music.com\/en_us\/wp-json\/wp\/v2\/media\/3031"}],"wp:attachment":[{"href":"https:\/\/neos-music.com\/en_us\/wp-json\/wp\/v2\/media?parent=3030"}],"wp:term":[{"taxonomy":"product_brand","embeddable":true,"href":"https:\/\/neos-music.com\/en_us\/wp-json\/wp\/v2\/product_brand?post=3030"},{"taxonomy":"product_cat","embeddable":true,"href":"https:\/\/neos-music.com\/en_us\/wp-json\/wp\/v2\/product_cat?post=3030"},{"taxonomy":"product_tag","embeddable":true,"href":"https:\/\/neos-music.com\/en_us\/wp-json\/wp\/v2\/product_tag?post=3030"}],"curies":[{"name":"wp","href":"https:\/\/api.w.org\/{rel}","templated":true}]}}