{"id":3056,"date":"2010-10-15T15:30:29","date_gmt":"2010-10-15T15:30:29","guid":{"rendered":"https:\/\/neos-music.com\/?post_type=product&#038;p=3056"},"modified":"2023-01-09T17:26:02","modified_gmt":"2023-01-09T17:26:02","slug":"john-cage-one-one2-one5","status":"publish","type":"product","link":"https:\/\/neos-music.com\/en_us\/product\/john-cage-one-one2-one5\/","title":{"rendered":"John Cage: ONE &#8211; ONE2 &#8211; ONE5"},"content":{"rendered":"<p>Infotext:<\/p>\n<table border=\"0\" width=\"100%\" rules=\"none\" cellspacing=\"0\" cellpadding=\"0\">\n<tbody>\n<tr>\n<td class=\"bigcontent2\">\n<div id=\"infotext\">\n<p><b>Timing by Numbers<br \/>\n<\/b>John Cages \u00bbNumber Pieces\u00ab f\u00fcr Klavier<\/p>\n<p>Fast der gesamte Output in John Cages Werk der letzten Jahre (1987\u201392) besteht aus den sogenannten\u00a0<i>Number Pieces<\/i>. Der Titel (eine ausgeschriebene Zahl) bezieht sich schlicht auf die Anzahl der Auff\u00fchrenden. Wo es mehrere St\u00fccke f\u00fcr dieselbe Anzahl von Mitwirkenden gibt, l\u00e4sst die zus\u00e4tzliche Nummerierung erkennen, das wievielte St\u00fcck f\u00fcr diese Ensemblegr\u00f6\u00dfe (stets v\u00f6llig unabh\u00e4ngig von der Art der Besetzung) hier vorliegt.<\/p>\n<p>Beginnend im April 1987 mit\u00a0<i>TWO<\/i>\u00a0f\u00fcr Fl\u00f6te und Klavier, hinterlie\u00df Cage derart einen sp\u00e4ten \u0152uvre-Katalog von 48 vollendeten\u00a0<i>Number Pieces<\/i>. F\u00fcr die h\u00f6chst pragmatische Vorgehensweise bei der Betitelung gab es auch simple praktische Gr\u00fcnde: Der Bedarf der Interpreten an neuen Cage-St\u00fccken war immens, und in der schlichten Nummerierung lag eine zus\u00e4tzliche Vereinfachung vor zu dem von seinem langj\u00e4hrigen Assistenten entwickelten Computerprogramm, das Cage die sehr schnelle und effiziente Produktion neuer St\u00fccke erm\u00f6glichte.<\/p>\n<p>Das kompositorische Verfahren der\u00a0<i>Number Pieces<\/i>\u00a0kombiniert weitgehende Indetermination mit mindestn\u00f6tiger Festlegung. Was fest steht, ist die Reihenfolge der T\u00f6ne innerhalb eines Systems, ihr St\u00e4rkegrad, sowie die die absolute Dauer der einzelnen Abschnitte festlegende Zeitklammer (<i>Time Bracket<\/i>). Die Zeitklammern ihrerseits sind feststehend oder flexibel: eine feststehende Klammer definiert den Zeitraum zwischen fr\u00fchestm\u00f6glichem Beginn und sp\u00e4testm\u00f6glichem Ende des Abschnitts; eine flexible Klammer hingegen besteht aus zwei Karenzzonen: einer, innerhalb welcher zu beginnen ist, und einer, innerhalb welcher der Abschnitt abzuschlie\u00dfen ist. Folge der Verwendung flexibler Zeitklammern ist zumeist eine \u00dcberlappung der aufeinanderfolgenden Abschnitte.<\/p>\n<p>Die Tondauern und die Geschwindigkeit der Abfolge f\u00fcr die Dauer der Klammer ist dem Spieler \u00fcberlassen. Innerhalb der Zeitklammern verlaufen die Stimmen unabh\u00e4ngig voneinander, also beim Pianisten die rechte und die linke Hand (theoretisch kann die eine Hand ihren gesamten Tonvorrat aufbrauchen, bevor die andere auch nur einen Schritt gemacht hat). Das Tonmaterial ist per gesteuertem Zufallsprinzip generiert. Die Absicht ist Zufall, bzw. der Zufall ist Absicht.<\/p>\n<p>In welcher Beziehung stehen diese Kl\u00e4nge zueinander? Cage hat immer wieder betont, dass es hier nicht um die \u00dcberbr\u00fcckung der Stille durch das \u00bbmusikalische\u00ab Aufeinanderbeziehen der Kl\u00e4nge geht, sondern um die Mitwirkung der Stille. Man kann auch folgern: um die \u00bbInteraktion\u00ab von Ereignislosigkeit und Ereignis, von Nichts und Etwas auf der Folie der vergehenden Zeit. Das nicht Wahrnehmbare ist ebenso zu vergegenw\u00e4rtigen wie das Wahrgenommene.<\/p>\n<p>Dadurch wird der H\u00f6rprozess in eine Art spielerische Abstraktion hineingesteuert, die f\u00fcr die Gemeinschaft der H\u00f6renden eine \u00d6ffnung f\u00fcr die Absichtslosigkeit des zeitlichen Verlaufs bedeuten kann. Es spielt keine Rolle, ob etwas passiert, denn es findet keinerlei Identifikation mit den wahrgenommenen Objekten statt, und eine Beziehung dieser Objekte untereinander (Tonalit\u00e4t) will nicht aufgebaut werden. Alles bleibt unvorhersehbar, der H\u00f6rer bleibt \u00bbbei sich\u00ab und ist zugleich ein \u00bbLauschender\u00ab, doch in emotionaler Neutralit\u00e4t hinsichtlich der an die sich in seiner Affektwelt aufbauen wollenden Beziehungen zwischen den Objekten.<\/p>\n<p>Mehr als naheliegend ist aus dieser Perspektive, dass Cage eine solche Affinit\u00e4t zu Erik Satie hegte, zu dessen\u00a0<i>Musiques d\u2019ameublement<\/i>: \u00bbH\u00f6rt nicht zu! Geht umher und redet laut!\u00ab Cage will den H\u00f6rer gerade nicht auffordern, dem mit den Kl\u00e4ngen ausgel\u00f6sten Prozess zu folgen. Nein, taste dich auf dem Boden der Stille von Objekt zu Objekt, denn \u00bbnichi nichi kore ko nichi!\u00ab (jeder Tag ist ein sch\u00f6ner Tag). Auch wenn keine oder nur sp\u00e4rliche Spielanweisungen vorliegen, sollte man vor Augen haben, dass Cage in sp\u00e4ten Jahren die N\u00e4he zur Stille allem L\u00e4rmenden vorzog \u2013 dies sozusagen eine affektive Entsprechung zur \u00bbAbsenz von Platz und Ort\u00ab, die er im einzig vorausgesetzten Kontinuum seines Komponierens, der Zeit, aufsuchte.<\/p>\n<p><i>ONE<\/i>\u00a0f\u00fcr Klavier solo ist 1987 als eines der ersten\u00a0<i>Number Pieces<\/i>\u00a0entstanden und dem chilenischen Komponisten Juan Allende-Blin gewidmet. Die zeitliche Regulierung der Ereignisse ist hier sehr einfach durch feststehende Zeitklammern vorgenommen. Doch da dem Musiker innerhalb derselben freigestellt ist, wann er beginnt und wann er schlie\u00dft sowie in welcher Beziehung rechte und linke Hand zueinander stehen, kann das klingende Ergebnis maximal unterschiedlich sein.<\/p>\n<p>Im Extremfall bedeutet das entweder, dass er sehr sp\u00e4t beginnt und sehr schnell zu Ende kommt, wodurch eine schnelle Abfolge der Ereignisse von langen Pausen umrahmt ist und die einzelnen Abschnitte deutlich voneinander abgegrenzt werden; oder er beginnt sofort und nutzt die gesamte Dauer der Zeitklammer aus, um die Klangereignisse m\u00f6glichst gleichm\u00e4\u00dfig darauf zu verteilen, wodurch die Abschnitte pausenlos ineinander \u00fcbergehen und keine Grenzen mehr wahrnehmbar sind.<\/p>\n<p><i>ONE<sup>2<\/sup><\/i>, 1989 f\u00fcr 1\u20134 Klaviere geschrieben, ist der Pianistin Margaret Leng Tan, der ausgewiesenen Interpretin von John Cage und George Crumb, gewidmet. Bei diesem St\u00fcck sind vier Klaviere im Raum verteilt positioniert. Bei allen ist das Haltepedal arretiert, wodurch die Saiten stets nat\u00fcrlich ausschwingen und die T\u00f6ne bis zur Unh\u00f6rbarkeit weiterklingen. Der Spieler geht von Instrument zu Instrument: am 1. Klavier hat er 17, am zweiten 19, am dritten 17 und am vierten 15 Abschnitte (alle als Zeitklammern notiert) zu absolvieren.<\/p>\n<p>An jedem der Instrumente ist die Reihenfolge der Abschnitte unver\u00e4nderlich, doch wann der Pianist sich vom einen zum n\u00e4chsten Instrument begibt, liegt in seiner Hand. Das eine Extrem der Darstellung w\u00e4re, jeweils s\u00e4mtliche Abschnitte eines Instruments durchzuspielen, bevor das n\u00e4chste an die Reihe kommt. Das andere Extrem besteht darin, kontinuierlich alle vier Instrumente durchzuwechseln. Jede der vier Stimmen, die sich allein durch ihre r\u00e4umliche Position voneinander abheben, beinhaltet einen Moment, in welchem der Musiker einen dem Instrument fremden Klang hinzuf\u00fcgt (Cage nannte als anregendes Beispiel einen Brummkreisel).<\/p>\n<p><i>ONE<sup>5<\/sup><\/i>, erstellt im Mai 1990, ist dem Musikwissenschaftler Ellsworth Snyder, dem Verfasser der ersten Dissertation \u00fcber Cages gesamtes \u0152uvre, zugeeignet. Hier hat Cage der Unabh\u00e4ngigkeit der beiden Systeme (also der rechten und linken Hand) voneinander eine umfassendere Gr\u00f6\u00dfenordnung gegeben, indem jede Hand ihre eigenen Zeitklammern hat, wodurch sich die Phasen der rechten und der linken Hand stets \u00fcberlappen.<\/p>\n<p>Im Gegenzug ist die Ereignisdichte minimalisiert: bei rund 20 Minuten vorgeschriebener Dauer gibt es nur 97 Klangereignisse (pro Zeitklammer zwischen einem und drei Ereignissen). Freilich ist der Rest nicht Stille, sondern wohldisponierter Nachklang, der auf zwei Weisen erzeugt werden kann: Entweder bleibt das Haltepedal die ganze Zeit \u00fcber niedergedr\u00fcckt (was einen \u00e4u\u00dferst fein nuancierten Anschlag erfordert), oder die T\u00f6ne werden auf der Taste gehalten, was gewiss die flexiblere L\u00f6sung der Aufgabe ist.<\/p>\n<p>Christoph Schl\u00fcren<\/p>\n<\/div>\n<\/td>\n<td><\/td>\n<\/tr>\n<\/tbody>\n<\/table>\n<p>Programm:<\/p>\n<p>[01]\u00a0<b>ONE<\/b>\u00a0for piano solo (1987) 10:05<\/p>\n<p>[02]\u00a0<b>ONE<sup>2<\/sup><\/b>\u00a0for 1\u20134 pianos (1989) 40:40<\/p>\n<p>[03]\u00a0<b>ONE<sup>5<\/sup><\/b>\u00a0for piano solo (1990) 20:34<\/p>\n<p>total time: 71:41<\/p>\n<p><b><a class=\"arcoma_glossarylink\" href=\"https:\/\/neos-music.com\/output.php?content=Kuenstler\/Sabine_Liebner.php&amp;treplace=english%2Cgerman\" target=\"_self\" rel=\"noopener\">Sabine Liebner<\/a><\/b>, piano<\/p>\n<p>Pressestimmen:<\/p>\n<p><img data-recalc-dims=\"1\" decoding=\"async\" src=\"https:\/\/i0.wp.com\/neos-music.com\/images\/news\/logo_gramophone.gif?ssl=1\" \/><br \/>\nJune 2011<\/p>\n<p><img data-recalc-dims=\"1\" decoding=\"async\" src=\"https:\/\/i0.wp.com\/neos-music.com\/images\/news\/11042_43_Gramophone.jpg?ssl=1\" \/><\/p>\n","protected":false},"excerpt":{"rendered":"<p>Infotext: Timing by Numbers John Cages \u00bbNumber Pieces\u00ab f\u00fcr Klavier Fast der gesamte Output in John Cages Werk der letzten Jahre (1987\u201392) besteht aus den sogenannten\u00a0Number Pieces. Der Titel (eine ausgeschriebene Zahl) bezieht sich schlicht auf die Anzahl der Auff\u00fchrenden. Wo es mehrere St\u00fccke f\u00fcr dieselbe Anzahl von Mitwirkenden gibt, l\u00e4sst die zus\u00e4tzliche Nummerierung erkennen, [&hellip;]<\/p>\n","protected":false},"featured_media":3057,"template":"","meta":{"site-sidebar-layout":"default","site-content-layout":"default","ast-site-content-layout":"default","site-content-style":"default","site-sidebar-style":"default","ast-global-header-display":"","ast-banner-title-visibility":"","ast-main-header-display":"","ast-hfb-above-header-display":"","ast-hfb-below-header-display":"","ast-hfb-mobile-header-display":"","site-post-title":"","ast-breadcrumbs-content":"","ast-featured-img":"","footer-sml-layout":"","theme-transparent-header-meta":"default","adv-header-id-meta":"","stick-header-meta":"","header-above-stick-meta":"","header-main-stick-meta":"","header-below-stick-meta":"","astra-migrate-meta-layouts":"default","ast-page-background-enabled":"default","ast-page-background-meta":{"desktop":{"background-color":"","background-image":"","background-repeat":"repeat","background-position":"center center","background-size":"auto","background-attachment":"scroll","background-type":"","background-media":"","overlay-type":"","overlay-color":"","overlay-opacity":"","overlay-gradient":""},"tablet":{"background-color":"","background-image":"","background-repeat":"repeat","background-position":"center center","background-size":"auto","background-attachment":"scroll","background-type":"","background-media":"","overlay-type":"","overlay-color":"","overlay-opacity":"","overlay-gradient":""},"mobile":{"background-color":"","background-image":"","background-repeat":"repeat","background-position":"center center","background-size":"auto","background-attachment":"scroll","background-type":"","background-media":"","overlay-type":"","overlay-color":"","overlay-opacity":"","overlay-gradient":""}},"ast-content-background-meta":{"desktop":{"background-color":"var(--ast-global-color-5)","background-image":"","background-repeat":"repeat","background-position":"center center","background-size":"auto","background-attachment":"scroll","background-type":"","background-media":"","overlay-type":"","overlay-color":"","overlay-opacity":"","overlay-gradient":""},"tablet":{"background-color":"var(--ast-global-color-5)","background-image":"","background-repeat":"repeat","background-position":"center center","background-size":"auto","background-attachment":"scroll","background-type":"","background-media":"","overlay-type":"","overlay-color":"","overlay-opacity":"","overlay-gradient":""},"mobile":{"background-color":"var(--ast-global-color-5)","background-image":"","background-repeat":"repeat","background-position":"center center","background-size":"auto","background-attachment":"scroll","background-type":"","background-media":"","overlay-type":"","overlay-color":"","overlay-opacity":"","overlay-gradient":""}}},"product_brand":[],"product_cat":[882,26],"product_tag":[],"class_list":{"0":"post-3056","1":"product","2":"type-product","3":"status-publish","4":"has-post-thumbnail","6":"product_cat-klavier","7":"product_cat-zeitgenossische-musik","8":"pa_artikelnummer-neos-11043","9":"pa_brand-neos-music","10":"pa_ean-603","11":"desktop-align-left","12":"tablet-align-left","13":"mobile-align-left","15":"first","16":"instock","17":"taxable","18":"shipping-taxable","19":"purchasable","20":"product-type-simple"},"yoast_head":"<!-- This site is optimized with the Yoast SEO plugin v27.3 - https:\/\/yoast.com\/product\/yoast-seo-wordpress\/ -->\n<title>John Cage: ONE - ONE2 - ONE5 - NEOS Music<\/title>\n<meta name=\"robots\" content=\"index, follow, max-snippet:-1, max-image-preview:large, max-video-preview:-1\" \/>\n<link rel=\"canonical\" href=\"https:\/\/neos-music.com\/en_us\/product\/john-cage-one-one2-one5\/\" \/>\n<meta property=\"og:locale\" content=\"en_US\" \/>\n<meta property=\"og:type\" content=\"article\" \/>\n<meta property=\"og:title\" content=\"John Cage: ONE - ONE2 - ONE5 - NEOS Music\" \/>\n<meta property=\"og:description\" content=\"Infotext: Timing by Numbers John Cages \u00bbNumber Pieces\u00ab f\u00fcr Klavier Fast der gesamte Output in John Cages Werk der letzten Jahre (1987\u201392) besteht aus den sogenannten\u00a0Number Pieces. Der Titel (eine ausgeschriebene Zahl) bezieht sich schlicht auf die Anzahl der Auff\u00fchrenden. Wo es mehrere St\u00fccke f\u00fcr dieselbe Anzahl von Mitwirkenden gibt, l\u00e4sst die zus\u00e4tzliche Nummerierung erkennen, [&hellip;]\" \/>\n<meta property=\"og:url\" content=\"https:\/\/neos-music.com\/en_us\/product\/john-cage-one-one2-one5\/\" \/>\n<meta property=\"og:site_name\" content=\"NEOS Music\" \/>\n<meta property=\"article:modified_time\" content=\"2023-01-09T17:26:02+00:00\" \/>\n<meta property=\"og:image\" content=\"https:\/\/neos-music.com\/wp-content\/uploads\/0202\/10\/NEOS_11043_Cage_ONE.jpeg\" \/>\n\t<meta property=\"og:image:width\" content=\"1649\" \/>\n\t<meta property=\"og:image:height\" content=\"1483\" \/>\n\t<meta property=\"og:image:type\" content=\"image\/jpeg\" \/>\n<meta name=\"twitter:card\" content=\"summary_large_image\" \/>\n<meta name=\"twitter:label1\" content=\"Est. reading time\" \/>\n\t<meta name=\"twitter:data1\" content=\"5 minutes\" \/>\n<script type=\"application\/ld+json\" class=\"yoast-schema-graph\">{\"@context\":\"https:\\\/\\\/schema.org\",\"@graph\":[{\"@type\":\"WebPage\",\"@id\":\"https:\\\/\\\/neos-music.com\\\/product\\\/john-cage-one-one2-one5\\\/\",\"url\":\"https:\\\/\\\/neos-music.com\\\/product\\\/john-cage-one-one2-one5\\\/\",\"name\":\"John Cage: ONE - ONE2 - ONE5 - NEOS Music\",\"isPartOf\":{\"@id\":\"https:\\\/\\\/neos-music.com\\\/#website\"},\"primaryImageOfPage\":{\"@id\":\"https:\\\/\\\/neos-music.com\\\/product\\\/john-cage-one-one2-one5\\\/#primaryimage\"},\"image\":{\"@id\":\"https:\\\/\\\/neos-music.com\\\/product\\\/john-cage-one-one2-one5\\\/#primaryimage\"},\"thumbnailUrl\":\"https:\\\/\\\/i0.wp.com\\\/neos-music.com\\\/wp-content\\\/uploads\\\/0202\\\/10\\\/NEOS_11043_Cage_ONE.jpeg?fit=1649%2C1483&ssl=1\",\"datePublished\":\"2010-10-15T15:30:29+00:00\",\"dateModified\":\"2023-01-09T17:26:02+00:00\",\"breadcrumb\":{\"@id\":\"https:\\\/\\\/neos-music.com\\\/product\\\/john-cage-one-one2-one5\\\/#breadcrumb\"},\"inLanguage\":\"en-US\",\"potentialAction\":[{\"@type\":\"ReadAction\",\"target\":[\"https:\\\/\\\/neos-music.com\\\/product\\\/john-cage-one-one2-one5\\\/\"]}]},{\"@type\":\"ImageObject\",\"inLanguage\":\"en-US\",\"@id\":\"https:\\\/\\\/neos-music.com\\\/product\\\/john-cage-one-one2-one5\\\/#primaryimage\",\"url\":\"https:\\\/\\\/i0.wp.com\\\/neos-music.com\\\/wp-content\\\/uploads\\\/0202\\\/10\\\/NEOS_11043_Cage_ONE.jpeg?fit=1649%2C1483&ssl=1\",\"contentUrl\":\"https:\\\/\\\/i0.wp.com\\\/neos-music.com\\\/wp-content\\\/uploads\\\/0202\\\/10\\\/NEOS_11043_Cage_ONE.jpeg?fit=1649%2C1483&ssl=1\",\"width\":1649,\"height\":1483},{\"@type\":\"BreadcrumbList\",\"@id\":\"https:\\\/\\\/neos-music.com\\\/product\\\/john-cage-one-one2-one5\\\/#breadcrumb\",\"itemListElement\":[{\"@type\":\"ListItem\",\"position\":1,\"name\":\"Startseite\",\"item\":\"https:\\\/\\\/neos-music.com\\\/\"},{\"@type\":\"ListItem\",\"position\":2,\"name\":\"Produkte\",\"item\":\"https:\\\/\\\/neos-music.com\\\/shop__trashed\\\/\"},{\"@type\":\"ListItem\",\"position\":3,\"name\":\"John Cage: ONE &#8211; ONE2 &#8211; ONE5\"}]},{\"@type\":\"WebSite\",\"@id\":\"https:\\\/\\\/neos-music.com\\\/#website\",\"url\":\"https:\\\/\\\/neos-music.com\\\/\",\"name\":\"NEOS Music\",\"description\":\"Dein Online Shop f\u00fcr zeitgen\u00f6ssische Musik, Jazz und Classics!\",\"publisher\":{\"@id\":\"https:\\\/\\\/neos-music.com\\\/#organization\"},\"potentialAction\":[{\"@type\":\"SearchAction\",\"target\":{\"@type\":\"EntryPoint\",\"urlTemplate\":\"https:\\\/\\\/neos-music.com\\\/?s={search_term_string}\"},\"query-input\":{\"@type\":\"PropertyValueSpecification\",\"valueRequired\":true,\"valueName\":\"search_term_string\"}}],\"inLanguage\":\"en-US\"},{\"@type\":\"Organization\",\"@id\":\"https:\\\/\\\/neos-music.com\\\/#organization\",\"name\":\"NEOS Music\",\"url\":\"https:\\\/\\\/neos-music.com\\\/\",\"logo\":{\"@type\":\"ImageObject\",\"inLanguage\":\"en-US\",\"@id\":\"https:\\\/\\\/neos-music.com\\\/#\\\/schema\\\/logo\\\/image\\\/\",\"url\":\"https:\\\/\\\/i0.wp.com\\\/neos-music.com\\\/wp-content\\\/uploads\\\/2025\\\/08\\\/NEOS-Logo-weiss.png?fit=800%2C203&ssl=1\",\"contentUrl\":\"https:\\\/\\\/i0.wp.com\\\/neos-music.com\\\/wp-content\\\/uploads\\\/2025\\\/08\\\/NEOS-Logo-weiss.png?fit=800%2C203&ssl=1\",\"width\":800,\"height\":203,\"caption\":\"NEOS Music\"},\"image\":{\"@id\":\"https:\\\/\\\/neos-music.com\\\/#\\\/schema\\\/logo\\\/image\\\/\"}}]}<\/script>\n<!-- \/ Yoast SEO plugin. -->","yoast_head_json":{"title":"John Cage: ONE - ONE2 - ONE5 - NEOS Music","robots":{"index":"index","follow":"follow","max-snippet":"max-snippet:-1","max-image-preview":"max-image-preview:large","max-video-preview":"max-video-preview:-1"},"canonical":"https:\/\/neos-music.com\/en_us\/product\/john-cage-one-one2-one5\/","og_locale":"en_US","og_type":"article","og_title":"John Cage: ONE - ONE2 - ONE5 - NEOS Music","og_description":"Infotext: Timing by Numbers John Cages \u00bbNumber Pieces\u00ab f\u00fcr Klavier Fast der gesamte Output in John Cages Werk der letzten Jahre (1987\u201392) besteht aus den sogenannten\u00a0Number Pieces. Der Titel (eine ausgeschriebene Zahl) bezieht sich schlicht auf die Anzahl der Auff\u00fchrenden. Wo es mehrere St\u00fccke f\u00fcr dieselbe Anzahl von Mitwirkenden gibt, l\u00e4sst die zus\u00e4tzliche Nummerierung erkennen, [&hellip;]","og_url":"https:\/\/neos-music.com\/en_us\/product\/john-cage-one-one2-one5\/","og_site_name":"NEOS Music","article_modified_time":"2023-01-09T17:26:02+00:00","og_image":[{"width":1649,"height":1483,"url":"https:\/\/neos-music.com\/wp-content\/uploads\/0202\/10\/NEOS_11043_Cage_ONE.jpeg","type":"image\/jpeg"}],"twitter_card":"summary_large_image","twitter_misc":{"Est. reading time":"5 minutes"},"schema":{"@context":"https:\/\/schema.org","@graph":[{"@type":"WebPage","@id":"https:\/\/neos-music.com\/product\/john-cage-one-one2-one5\/","url":"https:\/\/neos-music.com\/product\/john-cage-one-one2-one5\/","name":"John Cage: ONE - ONE2 - ONE5 - NEOS Music","isPartOf":{"@id":"https:\/\/neos-music.com\/#website"},"primaryImageOfPage":{"@id":"https:\/\/neos-music.com\/product\/john-cage-one-one2-one5\/#primaryimage"},"image":{"@id":"https:\/\/neos-music.com\/product\/john-cage-one-one2-one5\/#primaryimage"},"thumbnailUrl":"https:\/\/i0.wp.com\/neos-music.com\/wp-content\/uploads\/0202\/10\/NEOS_11043_Cage_ONE.jpeg?fit=1649%2C1483&ssl=1","datePublished":"2010-10-15T15:30:29+00:00","dateModified":"2023-01-09T17:26:02+00:00","breadcrumb":{"@id":"https:\/\/neos-music.com\/product\/john-cage-one-one2-one5\/#breadcrumb"},"inLanguage":"en-US","potentialAction":[{"@type":"ReadAction","target":["https:\/\/neos-music.com\/product\/john-cage-one-one2-one5\/"]}]},{"@type":"ImageObject","inLanguage":"en-US","@id":"https:\/\/neos-music.com\/product\/john-cage-one-one2-one5\/#primaryimage","url":"https:\/\/i0.wp.com\/neos-music.com\/wp-content\/uploads\/0202\/10\/NEOS_11043_Cage_ONE.jpeg?fit=1649%2C1483&ssl=1","contentUrl":"https:\/\/i0.wp.com\/neos-music.com\/wp-content\/uploads\/0202\/10\/NEOS_11043_Cage_ONE.jpeg?fit=1649%2C1483&ssl=1","width":1649,"height":1483},{"@type":"BreadcrumbList","@id":"https:\/\/neos-music.com\/product\/john-cage-one-one2-one5\/#breadcrumb","itemListElement":[{"@type":"ListItem","position":1,"name":"Startseite","item":"https:\/\/neos-music.com\/"},{"@type":"ListItem","position":2,"name":"Produkte","item":"https:\/\/neos-music.com\/shop__trashed\/"},{"@type":"ListItem","position":3,"name":"John Cage: ONE &#8211; ONE2 &#8211; ONE5"}]},{"@type":"WebSite","@id":"https:\/\/neos-music.com\/#website","url":"https:\/\/neos-music.com\/","name":"NEOS Music","description":"Dein Online Shop f\u00fcr zeitgen\u00f6ssische Musik, Jazz und Classics!","publisher":{"@id":"https:\/\/neos-music.com\/#organization"},"potentialAction":[{"@type":"SearchAction","target":{"@type":"EntryPoint","urlTemplate":"https:\/\/neos-music.com\/?s={search_term_string}"},"query-input":{"@type":"PropertyValueSpecification","valueRequired":true,"valueName":"search_term_string"}}],"inLanguage":"en-US"},{"@type":"Organization","@id":"https:\/\/neos-music.com\/#organization","name":"NEOS Music","url":"https:\/\/neos-music.com\/","logo":{"@type":"ImageObject","inLanguage":"en-US","@id":"https:\/\/neos-music.com\/#\/schema\/logo\/image\/","url":"https:\/\/i0.wp.com\/neos-music.com\/wp-content\/uploads\/2025\/08\/NEOS-Logo-weiss.png?fit=800%2C203&ssl=1","contentUrl":"https:\/\/i0.wp.com\/neos-music.com\/wp-content\/uploads\/2025\/08\/NEOS-Logo-weiss.png?fit=800%2C203&ssl=1","width":800,"height":203,"caption":"NEOS Music"},"image":{"@id":"https:\/\/neos-music.com\/#\/schema\/logo\/image\/"}}]}},"jetpack_sharing_enabled":true,"_links":{"self":[{"href":"https:\/\/neos-music.com\/en_us\/wp-json\/wp\/v2\/product\/3056","targetHints":{"allow":["GET"]}}],"collection":[{"href":"https:\/\/neos-music.com\/en_us\/wp-json\/wp\/v2\/product"}],"about":[{"href":"https:\/\/neos-music.com\/en_us\/wp-json\/wp\/v2\/types\/product"}],"version-history":[{"count":0,"href":"https:\/\/neos-music.com\/en_us\/wp-json\/wp\/v2\/product\/3056\/revisions"}],"wp:featuredmedia":[{"embeddable":true,"href":"https:\/\/neos-music.com\/en_us\/wp-json\/wp\/v2\/media\/3057"}],"wp:attachment":[{"href":"https:\/\/neos-music.com\/en_us\/wp-json\/wp\/v2\/media?parent=3056"}],"wp:term":[{"taxonomy":"product_brand","embeddable":true,"href":"https:\/\/neos-music.com\/en_us\/wp-json\/wp\/v2\/product_brand?post=3056"},{"taxonomy":"product_cat","embeddable":true,"href":"https:\/\/neos-music.com\/en_us\/wp-json\/wp\/v2\/product_cat?post=3056"},{"taxonomy":"product_tag","embeddable":true,"href":"https:\/\/neos-music.com\/en_us\/wp-json\/wp\/v2\/product_tag?post=3056"}],"curies":[{"name":"wp","href":"https:\/\/api.w.org\/{rel}","templated":true}]}}