{"id":3062,"date":"2010-10-15T15:42:47","date_gmt":"2010-10-15T15:42:47","guid":{"rendered":"https:\/\/neos-music.com\/?post_type=product&#038;p=3062"},"modified":"2023-05-25T10:14:34","modified_gmt":"2023-05-25T10:14:34","slug":"quartet-otomo-yoshihide-axel-doerner-sachiko-m-martin-brandlmayr-donaueschinger-musiktage-2005-swr2-nowjazz","status":"publish","type":"product","link":"https:\/\/neos-music.com\/en_us\/product\/quartet-otomo-yoshihide-axel-doerner-sachiko-m-martin-brandlmayr-donaueschinger-musiktage-2005-swr2-nowjazz\/","title":{"rendered":"Quartet Otomo Yoshihide, Axel D\u00f6rner, Sachiko M, Martin Brandlmayr: Donaueschinger Musiktage 2005 &#8211; SWR2 NOWJazz"},"content":{"rendered":"<p>Infotext:<\/p>\n<p><b>Die beharrliche Kraft des Leisen<\/b><br \/>\nDas Quartett Otomo Yoshihide \u00b7 Axel D\u00f6rner \u00b7 Sachiko M \u00b7 Martin Brandlmayr bei den Donaueschinger Musiktagen<\/p>\n<p>Die Meister des Zen h\u00e4tten sicher ihre Freude daran. An den stets von neuem mit gro\u00dfer Gelassenheit repetierten Rhythmen, die an die klackenden Ger\u00e4usche erinnern, die durch die immer wieder mit Wasser angef\u00fcllten und gleichfalls im stoisch gleichen Rhythmus nach unten kippenden Bambusrohre in den japanischen Zenkl\u00f6stern verursacht werden.<\/p>\n<p>Aber auch die abwechselnd mit 50 Hertz und mit 18.000 Hertz erklingenden Sinust\u00f6ne, gleichsam ein klingender Reflex der beharrlichen Rhythmik, m\u00fcssten Zenm\u00f6nche beeindrucken. Denn sie zwingen zur Konzentration, zur Versenkung in die Musik. Die Momente der Stille, von denen der erste, \u00fcber halbst\u00fcndige Track der Doppel-SACD des Otomo Yoshihide Quartets durchsetzt wird, sind nur eine konsequente Fortsetzung dieser von \u00e4u\u00dferster Sparsamkeit und h\u00f6chster Pr\u00e4zision gepr\u00e4gten Aufnahme.<\/p>\n<p>Bereits bei seinem ersten Konzert 2005 in Donaueschingen konnte das neu formierte Otomo Yoshihide Quartet beeindrucken. Selbst die Spezialisten der Neuen Musik waren verbl\u00fcfft, mit welch hoher formaler Konsequenz diese vier Improvisationsk\u00fcnstler zu Werke gingen.<\/p>\n<p>Otomo Yoshihide, der in Tokyo lebende musikalische Tausendsassa, der als Mitglied der Gruppe \u00bbGround Zero\u00ab sowohl im Avant-Noise-Rock als auch im experimentellen Reduktionismus international Stil pr\u00e4gend wirkte, stellte f\u00fcr die Performance bei den Donaueschinger Musiktagen eine Gruppe von Gleichgesinnten zusammen: Neben seiner langj\u00e4hrigen musikalischen Partnerin Sachiko M vom Duo \u00bbFilament\u00ab, deren irritierend-nackte Sinust\u00f6ne aus einem kleinen Sampler stammen, dessen Testt\u00f6ne durch einen Oszillator geschickt werden, spielen mit dem Trompeter Axel D\u00f6rner und dem Schlagzeuger Martin Brandlmayr zwei Protagonisten der europ\u00e4ischen Improvisationsszene in Otomos Quartett.<\/p>\n<p>Beide Musiker sind aus der Szene des \u00e4sthetischen Reduktionismus bekannt \u2013 kaum je greift Brandlmayr zu den Trommelschl\u00e4geln, um sein Schlagzeug stattdessen mit H\u00e4nden oder Besen in ein vielschichtiges Perkussionsinstrument zu verwandeln; kaum je bl\u00e4st D\u00f6rner einen herk\u00f6mmlichen Trompetenton, um sein Instrument stattdessen zu einer zart t\u00f6nenden Luftr\u00f6hre mutieren zu lassen, die er dank eines eingebauten Zuges auch mikrotonal ver\u00e4ndert.<\/p>\n<p>Doch wie Otomo kann man beide Instrumentalisten seit einiger Zeit auch in ganz anderen Kontexten h\u00f6ren: Brandlmayr als Mitglied des Trios \u00bbRadian\u00ab, das neuerdings elektronisch transformierte Echos der Rockmusik ert\u00f6nen l\u00e4sst, D\u00f6rner in der Gruppe \u00bbDie Entt\u00e4uschung\u00ab, die das Gesamtwerk von Thelonious Monk aufgenommen hat. Otomo selbst spielt in den Aufnahmen eine elektrisch verst\u00e4rkte, halbakustische Gitarre und zwei Turntables, die er allerdings nicht so verwendet wie ein herk\u00f6mmlicher DJ, weil er keine Schallplatten spielt, sondern seine Kl\u00e4nge meist direkt an den Tonabnehmern erzeugt.<\/p>\n<p>Die Vielseitigkeit und Offenheit waren es, die diese vier Musiker bereits bei den Proben vor dem Donaueschinger Auftritt zu einer ungew\u00f6hnlichen Einheit verschmelzen lie\u00dfen. Weshalb die Ver\u00f6ffentlichung neben dem Konzertprogramm auch die zwei ungew\u00f6hnlichsten Studiotakes abbildet (auf SACD 1). Eindrucksvoll unterl\u00e4uft das Otomo Yoshihide Quartet das Klischee vom Reduktionismus. Zwar ist die Dynamik der Improvisationen tats\u00e4chlich oft \u00e4u\u00dferst reduziert, doch wird das Klangspektrum durch die experimentellen Spielweisen der vier Musiker best\u00e4ndig erweitert.<\/p>\n<p>\u00c4hnlich wie Helmut Lachenmann demonstriert dieses Quartett, dass mit Ger\u00e4uschen sinnvolle und zugleich sinnliche Musik gemacht werden kann. Dass sie auch etwas Unbequem-Widerborstiges an sich hat, enthebt sie als zeitkritische Stimme aus \u00e4sthetizistischer Belanglosigkeit. Denn in einer Zeit der dr\u00f6hnenden \u00bbEvents\u00ab sch\u00f6pft der Widerstand aus dem Leisen seine gr\u00f6\u00dfte Kraft.<\/p>\n<p>Reinhard Kager<\/p>\n<p>Programm:<\/p>\n<p><b>Donaueschinger Musiktage 2005<br \/>\nSWR2 NOWJazz<\/b><\/p>\n<p><b>Quartet<br \/>\nOtomo Yoshihide \u00b7 Axel D\u00f6rner<br \/>\nSachiko M \u00b7 Martin Brandlmayr<\/b><\/p>\n<p><b>allurements of the ellipsoid<\/b><\/p>\n<p><b>SACD 1<\/b>\u00a048:18<\/p>\n<p>[01]\u00a0<b>allurement 1<\/b>\u00a036:58<br \/>\n[02]\u00a0<b>allurement 2<\/b>\u00a011:13<\/p>\n<p><b>SACD 2<\/b>\u00a047:36<\/p>\n<p>[03]\u00a0<b>allurement 3<\/b>\u00a021:12<br \/>\n[04]\u00a0<b>allurement 4<\/b>\u00a026:18<\/p>\n<p>All compositions by<br \/>\nQuartet<br \/>\nOtomo Yoshihide \u00b7 Axel D\u00f6rner \u00b7 Sachiko M \u00b7 Martin Brandlmayr<\/p>\n<p>Otomo Yoshihide: turntable, electronics &amp; guitar<br \/>\nAxel D\u00f6rner: trumpet<br \/>\nSachiko M: sinewaves<br \/>\nMartin Brandlmayr: drums<\/p>\n<p>Pressestimmen:<\/p>\n<p><img data-recalc-dims=\"1\" decoding=\"async\" src=\"https:\/\/i0.wp.com\/neos-music.com\/images\/news\/logo_All_About_Jazz.png?ssl=1\" \/><br \/>\n06.10.2011<\/p>\n<p>The minimalist improvisation of Otomo Yoshihide&#8217;s Quartet, assembled for the 2005 Donaueschinger Music Festival, delivers a thoroughly abstract sound that could never be described as obtuse.<\/p>\n<p>This coming together of heavyweight improvisers yielded two discs\u2014 one, a studio session and the other, a live performance\u2014recorded over three days. Those familiar with the genius of Yoshihide&#8217;s music can follow his career from the noisy rock of his band Ground Zero to his swinging free jazz recordings for small and large ensemble. His previous releases include two 2010 tributes: one, to Albert Ayler, Bells; the other, to Ornette Coleman, Lonely Woman (both on Doubt). His longtime collaborator, since wave artist Sachiko M, makes up the duo that is Filament, an improvising band that often invites guest collaborators. Such is the case here, with the Yoshihide\/M duo expanded to include Martin Brandlmayr, whose drumming in the post-rock band Radian has a parallel to Tortoise and Chicago Underground Trio. Rounding out the quartet is reductionist trumpeter Axel D\u00f6rner, a player equally suited for post-post-bop, as heard in his Thelonious Monk tribute band Die Entt\u00e4uschung, or as a minimalist player in Phosphor.<\/p>\n<p>Here, the band maintains a quiet, almost meditative sound. Recorded in both 5.1 surround SACD sound and simple two-channel stereo, the quartet relies on silent passages, with nary a noisy surprise of babble, especially on the studio recording of the first disc. The players seem content to listen and contribute (sometimes hesitating) gestures. D\u00f6rner&#8217;s breathy fluttering floats over an undercurrent of M&#8217;s high frequency pitches and whistles. Likewise, Yoshihide is apt to deliver electronic hum as if it were a breath being expelled.<\/p>\n<p>The studio recording appears as an ancient forest of 800 year-old redwood trees, with the implication that the trees&#8216; conversations are not to be hurried, while CD2, the live disc&#8217;s &#8222;Allurement 3&#8220; and &#8222;Allurement 4&#8220; are (just a wee bit) noisier, the players interacting more with overlapping sounds. Brandlmayr continues to eschew his drumsticks for hand taps and pats, while the collective conversation lifts. D\u00f6rner&#8217;s breathy shudders bounce off the pings and pops of electronics, as the scratchy pops of a vinyl LP repeat in some sort of science fiction B-movie soundtrack.<\/p>\n<p>In both the studio and the live performance discs, time\u2014or the sense of musical time\u2014is almost nonexistent. These four improvising players are participating in a classical dialogue of the empirical-versus-metaphysical nature of sound and music creation.<\/p>\n<p>Marc Corroto<\/p>\n<p><a class=\"arcoma_editor_link\" href=\"http:\/\/www.allaboutjazz.com\/php\/article.php?id=40445\" target=\"_blank\" rel=\"noopener\">http:\/\/www.allaboutjazz.com\/php\/article.php?id=40445<\/a><\/p>\n","protected":false},"excerpt":{"rendered":"<p>Infotext: Die beharrliche Kraft des Leisen Das Quartett Otomo Yoshihide \u00b7 Axel D\u00f6rner \u00b7 Sachiko M \u00b7 Martin Brandlmayr bei den Donaueschinger Musiktagen Die Meister des Zen h\u00e4tten sicher ihre Freude daran. An den stets von neuem mit gro\u00dfer Gelassenheit repetierten Rhythmen, die an die klackenden Ger\u00e4usche erinnern, die durch die immer wieder mit Wasser [&hellip;]<\/p>\n","protected":false},"featured_media":3063,"template":"","meta":{"site-sidebar-layout":"default","site-content-layout":"default","ast-site-content-layout":"default","site-content-style":"default","site-sidebar-style":"default","ast-global-header-display":"","ast-banner-title-visibility":"","ast-main-header-display":"","ast-hfb-above-header-display":"","ast-hfb-below-header-display":"","ast-hfb-mobile-header-display":"","site-post-title":"","ast-breadcrumbs-content":"","ast-featured-img":"","footer-sml-layout":"","theme-transparent-header-meta":"default","adv-header-id-meta":"","stick-header-meta":"","header-above-stick-meta":"","header-main-stick-meta":"","header-below-stick-meta":"","astra-migrate-meta-layouts":"default","ast-page-background-enabled":"default","ast-page-background-meta":{"desktop":{"background-color":"","background-image":"","background-repeat":"repeat","background-position":"center center","background-size":"auto","background-attachment":"scroll","background-type":"","background-media":"","overlay-type":"","overlay-color":"","overlay-opacity":"","overlay-gradient":""},"tablet":{"background-color":"","background-image":"","background-repeat":"repeat","background-position":"center center","background-size":"auto","background-attachment":"scroll","background-type":"","background-media":"","overlay-type":"","overlay-color":"","overlay-opacity":"","overlay-gradient":""},"mobile":{"background-color":"","background-image":"","background-repeat":"repeat","background-position":"center center","background-size":"auto","background-attachment":"scroll","background-type":"","background-media":"","overlay-type":"","overlay-color":"","overlay-opacity":"","overlay-gradient":""}},"ast-content-background-meta":{"desktop":{"background-color":"var(--ast-global-color-5)","background-image":"","background-repeat":"repeat","background-position":"center center","background-size":"auto","background-attachment":"scroll","background-type":"","background-media":"","overlay-type":"","overlay-color":"","overlay-opacity":"","overlay-gradient":""},"tablet":{"background-color":"var(--ast-global-color-5)","background-image":"","background-repeat":"repeat","background-position":"center center","background-size":"auto","background-attachment":"scroll","background-type":"","background-media":"","overlay-type":"","overlay-color":"","overlay-opacity":"","overlay-gradient":""},"mobile":{"background-color":"var(--ast-global-color-5)","background-image":"","background-repeat":"repeat","background-position":"center center","background-size":"auto","background-attachment":"scroll","background-type":"","background-media":"","overlay-type":"","overlay-color":"","overlay-opacity":"","overlay-gradient":""}}},"product_brand":[],"product_cat":[27],"product_tag":[],"class_list":{"0":"post-3062","1":"product","2":"type-product","3":"status-publish","4":"has-post-thumbnail","6":"product_cat-jazz","7":"pa_artikelnummer-neos-41006-07","8":"pa_brand-neos-music","9":"pa_ean-609","10":"desktop-align-left","11":"tablet-align-left","12":"mobile-align-left","14":"first","15":"instock","16":"taxable","17":"shipping-taxable","18":"purchasable","19":"product-type-simple"},"yoast_head":"<!-- This site is optimized with the Yoast SEO plugin v27.3 - https:\/\/yoast.com\/product\/yoast-seo-wordpress\/ -->\n<title>Quartet Otomo Yoshihide, Axel D\u00f6rner, Sachiko M, Martin Brandlmayr: Donaueschinger Musiktage 2005 - SWR2 NOWJazz - NEOS Music<\/title>\n<meta name=\"robots\" content=\"index, follow, max-snippet:-1, max-image-preview:large, max-video-preview:-1\" \/>\n<link rel=\"canonical\" href=\"https:\/\/neos-music.com\/en_us\/product\/quartet-otomo-yoshihide-axel-doerner-sachiko-m-martin-brandlmayr-donaueschinger-musiktage-2005-swr2-nowjazz\/\" \/>\n<meta property=\"og:locale\" content=\"en_US\" \/>\n<meta property=\"og:type\" content=\"article\" \/>\n<meta property=\"og:title\" content=\"Quartet Otomo Yoshihide, Axel D\u00f6rner, Sachiko M, Martin Brandlmayr: Donaueschinger Musiktage 2005 - SWR2 NOWJazz - NEOS Music\" \/>\n<meta property=\"og:description\" content=\"Infotext: Die beharrliche Kraft des Leisen Das Quartett Otomo Yoshihide \u00b7 Axel D\u00f6rner \u00b7 Sachiko M \u00b7 Martin Brandlmayr bei den Donaueschinger Musiktagen Die Meister des Zen h\u00e4tten sicher ihre Freude daran. An den stets von neuem mit gro\u00dfer Gelassenheit repetierten Rhythmen, die an die klackenden Ger\u00e4usche erinnern, die durch die immer wieder mit Wasser [&hellip;]\" \/>\n<meta property=\"og:url\" content=\"https:\/\/neos-music.com\/en_us\/product\/quartet-otomo-yoshihide-axel-doerner-sachiko-m-martin-brandlmayr-donaueschinger-musiktage-2005-swr2-nowjazz\/\" \/>\n<meta property=\"og:site_name\" content=\"NEOS Music\" \/>\n<meta property=\"article:modified_time\" content=\"2023-05-25T10:14:34+00:00\" \/>\n<meta property=\"og:image\" content=\"https:\/\/neos-music.com\/wp-content\/uploads\/2022\/11\/NEOS_41006_07_DMT_2005_Jazz.jpeg\" \/>\n\t<meta property=\"og:image:width\" content=\"1649\" \/>\n\t<meta property=\"og:image:height\" content=\"1483\" \/>\n\t<meta property=\"og:image:type\" content=\"image\/jpeg\" \/>\n<meta name=\"twitter:card\" content=\"summary_large_image\" \/>\n<meta name=\"twitter:label1\" content=\"Est. reading time\" \/>\n\t<meta name=\"twitter:data1\" content=\"5 minutes\" \/>\n<script type=\"application\/ld+json\" class=\"yoast-schema-graph\">{\"@context\":\"https:\\\/\\\/schema.org\",\"@graph\":[{\"@type\":\"WebPage\",\"@id\":\"https:\\\/\\\/neos-music.com\\\/product\\\/quartet-otomo-yoshihide-axel-doerner-sachiko-m-martin-brandlmayr-donaueschinger-musiktage-2005-swr2-nowjazz\\\/\",\"url\":\"https:\\\/\\\/neos-music.com\\\/product\\\/quartet-otomo-yoshihide-axel-doerner-sachiko-m-martin-brandlmayr-donaueschinger-musiktage-2005-swr2-nowjazz\\\/\",\"name\":\"Quartet Otomo Yoshihide, Axel D\u00f6rner, Sachiko M, Martin Brandlmayr: Donaueschinger Musiktage 2005 - SWR2 NOWJazz - NEOS Music\",\"isPartOf\":{\"@id\":\"https:\\\/\\\/neos-music.com\\\/#website\"},\"primaryImageOfPage\":{\"@id\":\"https:\\\/\\\/neos-music.com\\\/product\\\/quartet-otomo-yoshihide-axel-doerner-sachiko-m-martin-brandlmayr-donaueschinger-musiktage-2005-swr2-nowjazz\\\/#primaryimage\"},\"image\":{\"@id\":\"https:\\\/\\\/neos-music.com\\\/product\\\/quartet-otomo-yoshihide-axel-doerner-sachiko-m-martin-brandlmayr-donaueschinger-musiktage-2005-swr2-nowjazz\\\/#primaryimage\"},\"thumbnailUrl\":\"https:\\\/\\\/i0.wp.com\\\/neos-music.com\\\/wp-content\\\/uploads\\\/2022\\\/11\\\/NEOS_41006_07_DMT_2005_Jazz.jpeg?fit=1649%2C1483&ssl=1\",\"datePublished\":\"2010-10-15T15:42:47+00:00\",\"dateModified\":\"2023-05-25T10:14:34+00:00\",\"breadcrumb\":{\"@id\":\"https:\\\/\\\/neos-music.com\\\/product\\\/quartet-otomo-yoshihide-axel-doerner-sachiko-m-martin-brandlmayr-donaueschinger-musiktage-2005-swr2-nowjazz\\\/#breadcrumb\"},\"inLanguage\":\"en-US\",\"potentialAction\":[{\"@type\":\"ReadAction\",\"target\":[\"https:\\\/\\\/neos-music.com\\\/product\\\/quartet-otomo-yoshihide-axel-doerner-sachiko-m-martin-brandlmayr-donaueschinger-musiktage-2005-swr2-nowjazz\\\/\"]}]},{\"@type\":\"ImageObject\",\"inLanguage\":\"en-US\",\"@id\":\"https:\\\/\\\/neos-music.com\\\/product\\\/quartet-otomo-yoshihide-axel-doerner-sachiko-m-martin-brandlmayr-donaueschinger-musiktage-2005-swr2-nowjazz\\\/#primaryimage\",\"url\":\"https:\\\/\\\/i0.wp.com\\\/neos-music.com\\\/wp-content\\\/uploads\\\/2022\\\/11\\\/NEOS_41006_07_DMT_2005_Jazz.jpeg?fit=1649%2C1483&ssl=1\",\"contentUrl\":\"https:\\\/\\\/i0.wp.com\\\/neos-music.com\\\/wp-content\\\/uploads\\\/2022\\\/11\\\/NEOS_41006_07_DMT_2005_Jazz.jpeg?fit=1649%2C1483&ssl=1\",\"width\":1649,\"height\":1483},{\"@type\":\"BreadcrumbList\",\"@id\":\"https:\\\/\\\/neos-music.com\\\/product\\\/quartet-otomo-yoshihide-axel-doerner-sachiko-m-martin-brandlmayr-donaueschinger-musiktage-2005-swr2-nowjazz\\\/#breadcrumb\",\"itemListElement\":[{\"@type\":\"ListItem\",\"position\":1,\"name\":\"Startseite\",\"item\":\"https:\\\/\\\/neos-music.com\\\/\"},{\"@type\":\"ListItem\",\"position\":2,\"name\":\"Produkte\",\"item\":\"https:\\\/\\\/neos-music.com\\\/shop__trashed\\\/\"},{\"@type\":\"ListItem\",\"position\":3,\"name\":\"Quartet Otomo Yoshihide, Axel D\u00f6rner, Sachiko M, Martin Brandlmayr: Donaueschinger Musiktage 2005 &#8211; SWR2 NOWJazz\"}]},{\"@type\":\"WebSite\",\"@id\":\"https:\\\/\\\/neos-music.com\\\/#website\",\"url\":\"https:\\\/\\\/neos-music.com\\\/\",\"name\":\"NEOS Music\",\"description\":\"Dein Online Shop f\u00fcr zeitgen\u00f6ssische Musik, Jazz und Classics!\",\"publisher\":{\"@id\":\"https:\\\/\\\/neos-music.com\\\/#organization\"},\"potentialAction\":[{\"@type\":\"SearchAction\",\"target\":{\"@type\":\"EntryPoint\",\"urlTemplate\":\"https:\\\/\\\/neos-music.com\\\/?s={search_term_string}\"},\"query-input\":{\"@type\":\"PropertyValueSpecification\",\"valueRequired\":true,\"valueName\":\"search_term_string\"}}],\"inLanguage\":\"en-US\"},{\"@type\":\"Organization\",\"@id\":\"https:\\\/\\\/neos-music.com\\\/#organization\",\"name\":\"NEOS Music\",\"url\":\"https:\\\/\\\/neos-music.com\\\/\",\"logo\":{\"@type\":\"ImageObject\",\"inLanguage\":\"en-US\",\"@id\":\"https:\\\/\\\/neos-music.com\\\/#\\\/schema\\\/logo\\\/image\\\/\",\"url\":\"https:\\\/\\\/i0.wp.com\\\/neos-music.com\\\/wp-content\\\/uploads\\\/2025\\\/08\\\/NEOS-Logo-weiss.png?fit=800%2C203&ssl=1\",\"contentUrl\":\"https:\\\/\\\/i0.wp.com\\\/neos-music.com\\\/wp-content\\\/uploads\\\/2025\\\/08\\\/NEOS-Logo-weiss.png?fit=800%2C203&ssl=1\",\"width\":800,\"height\":203,\"caption\":\"NEOS Music\"},\"image\":{\"@id\":\"https:\\\/\\\/neos-music.com\\\/#\\\/schema\\\/logo\\\/image\\\/\"}}]}<\/script>\n<!-- \/ Yoast SEO plugin. -->","yoast_head_json":{"title":"Quartet Otomo Yoshihide, Axel D\u00f6rner, Sachiko M, Martin Brandlmayr: Donaueschinger Musiktage 2005 - SWR2 NOWJazz - NEOS Music","robots":{"index":"index","follow":"follow","max-snippet":"max-snippet:-1","max-image-preview":"max-image-preview:large","max-video-preview":"max-video-preview:-1"},"canonical":"https:\/\/neos-music.com\/en_us\/product\/quartet-otomo-yoshihide-axel-doerner-sachiko-m-martin-brandlmayr-donaueschinger-musiktage-2005-swr2-nowjazz\/","og_locale":"en_US","og_type":"article","og_title":"Quartet Otomo Yoshihide, Axel D\u00f6rner, Sachiko M, Martin Brandlmayr: Donaueschinger Musiktage 2005 - SWR2 NOWJazz - NEOS Music","og_description":"Infotext: Die beharrliche Kraft des Leisen Das Quartett Otomo Yoshihide \u00b7 Axel D\u00f6rner \u00b7 Sachiko M \u00b7 Martin Brandlmayr bei den Donaueschinger Musiktagen Die Meister des Zen h\u00e4tten sicher ihre Freude daran. An den stets von neuem mit gro\u00dfer Gelassenheit repetierten Rhythmen, die an die klackenden Ger\u00e4usche erinnern, die durch die immer wieder mit Wasser [&hellip;]","og_url":"https:\/\/neos-music.com\/en_us\/product\/quartet-otomo-yoshihide-axel-doerner-sachiko-m-martin-brandlmayr-donaueschinger-musiktage-2005-swr2-nowjazz\/","og_site_name":"NEOS Music","article_modified_time":"2023-05-25T10:14:34+00:00","og_image":[{"width":1649,"height":1483,"url":"https:\/\/neos-music.com\/wp-content\/uploads\/2022\/11\/NEOS_41006_07_DMT_2005_Jazz.jpeg","type":"image\/jpeg"}],"twitter_card":"summary_large_image","twitter_misc":{"Est. reading time":"5 minutes"},"schema":{"@context":"https:\/\/schema.org","@graph":[{"@type":"WebPage","@id":"https:\/\/neos-music.com\/product\/quartet-otomo-yoshihide-axel-doerner-sachiko-m-martin-brandlmayr-donaueschinger-musiktage-2005-swr2-nowjazz\/","url":"https:\/\/neos-music.com\/product\/quartet-otomo-yoshihide-axel-doerner-sachiko-m-martin-brandlmayr-donaueschinger-musiktage-2005-swr2-nowjazz\/","name":"Quartet Otomo Yoshihide, Axel D\u00f6rner, Sachiko M, Martin Brandlmayr: Donaueschinger Musiktage 2005 - SWR2 NOWJazz - NEOS Music","isPartOf":{"@id":"https:\/\/neos-music.com\/#website"},"primaryImageOfPage":{"@id":"https:\/\/neos-music.com\/product\/quartet-otomo-yoshihide-axel-doerner-sachiko-m-martin-brandlmayr-donaueschinger-musiktage-2005-swr2-nowjazz\/#primaryimage"},"image":{"@id":"https:\/\/neos-music.com\/product\/quartet-otomo-yoshihide-axel-doerner-sachiko-m-martin-brandlmayr-donaueschinger-musiktage-2005-swr2-nowjazz\/#primaryimage"},"thumbnailUrl":"https:\/\/i0.wp.com\/neos-music.com\/wp-content\/uploads\/2022\/11\/NEOS_41006_07_DMT_2005_Jazz.jpeg?fit=1649%2C1483&ssl=1","datePublished":"2010-10-15T15:42:47+00:00","dateModified":"2023-05-25T10:14:34+00:00","breadcrumb":{"@id":"https:\/\/neos-music.com\/product\/quartet-otomo-yoshihide-axel-doerner-sachiko-m-martin-brandlmayr-donaueschinger-musiktage-2005-swr2-nowjazz\/#breadcrumb"},"inLanguage":"en-US","potentialAction":[{"@type":"ReadAction","target":["https:\/\/neos-music.com\/product\/quartet-otomo-yoshihide-axel-doerner-sachiko-m-martin-brandlmayr-donaueschinger-musiktage-2005-swr2-nowjazz\/"]}]},{"@type":"ImageObject","inLanguage":"en-US","@id":"https:\/\/neos-music.com\/product\/quartet-otomo-yoshihide-axel-doerner-sachiko-m-martin-brandlmayr-donaueschinger-musiktage-2005-swr2-nowjazz\/#primaryimage","url":"https:\/\/i0.wp.com\/neos-music.com\/wp-content\/uploads\/2022\/11\/NEOS_41006_07_DMT_2005_Jazz.jpeg?fit=1649%2C1483&ssl=1","contentUrl":"https:\/\/i0.wp.com\/neos-music.com\/wp-content\/uploads\/2022\/11\/NEOS_41006_07_DMT_2005_Jazz.jpeg?fit=1649%2C1483&ssl=1","width":1649,"height":1483},{"@type":"BreadcrumbList","@id":"https:\/\/neos-music.com\/product\/quartet-otomo-yoshihide-axel-doerner-sachiko-m-martin-brandlmayr-donaueschinger-musiktage-2005-swr2-nowjazz\/#breadcrumb","itemListElement":[{"@type":"ListItem","position":1,"name":"Startseite","item":"https:\/\/neos-music.com\/"},{"@type":"ListItem","position":2,"name":"Produkte","item":"https:\/\/neos-music.com\/shop__trashed\/"},{"@type":"ListItem","position":3,"name":"Quartet Otomo Yoshihide, Axel D\u00f6rner, Sachiko M, Martin Brandlmayr: Donaueschinger Musiktage 2005 &#8211; SWR2 NOWJazz"}]},{"@type":"WebSite","@id":"https:\/\/neos-music.com\/#website","url":"https:\/\/neos-music.com\/","name":"NEOS Music","description":"Dein Online Shop f\u00fcr zeitgen\u00f6ssische Musik, Jazz und Classics!","publisher":{"@id":"https:\/\/neos-music.com\/#organization"},"potentialAction":[{"@type":"SearchAction","target":{"@type":"EntryPoint","urlTemplate":"https:\/\/neos-music.com\/?s={search_term_string}"},"query-input":{"@type":"PropertyValueSpecification","valueRequired":true,"valueName":"search_term_string"}}],"inLanguage":"en-US"},{"@type":"Organization","@id":"https:\/\/neos-music.com\/#organization","name":"NEOS Music","url":"https:\/\/neos-music.com\/","logo":{"@type":"ImageObject","inLanguage":"en-US","@id":"https:\/\/neos-music.com\/#\/schema\/logo\/image\/","url":"https:\/\/i0.wp.com\/neos-music.com\/wp-content\/uploads\/2025\/08\/NEOS-Logo-weiss.png?fit=800%2C203&ssl=1","contentUrl":"https:\/\/i0.wp.com\/neos-music.com\/wp-content\/uploads\/2025\/08\/NEOS-Logo-weiss.png?fit=800%2C203&ssl=1","width":800,"height":203,"caption":"NEOS Music"},"image":{"@id":"https:\/\/neos-music.com\/#\/schema\/logo\/image\/"}}]}},"jetpack_sharing_enabled":true,"_links":{"self":[{"href":"https:\/\/neos-music.com\/en_us\/wp-json\/wp\/v2\/product\/3062","targetHints":{"allow":["GET"]}}],"collection":[{"href":"https:\/\/neos-music.com\/en_us\/wp-json\/wp\/v2\/product"}],"about":[{"href":"https:\/\/neos-music.com\/en_us\/wp-json\/wp\/v2\/types\/product"}],"version-history":[{"count":0,"href":"https:\/\/neos-music.com\/en_us\/wp-json\/wp\/v2\/product\/3062\/revisions"}],"wp:featuredmedia":[{"embeddable":true,"href":"https:\/\/neos-music.com\/en_us\/wp-json\/wp\/v2\/media\/3063"}],"wp:attachment":[{"href":"https:\/\/neos-music.com\/en_us\/wp-json\/wp\/v2\/media?parent=3062"}],"wp:term":[{"taxonomy":"product_brand","embeddable":true,"href":"https:\/\/neos-music.com\/en_us\/wp-json\/wp\/v2\/product_brand?post=3062"},{"taxonomy":"product_cat","embeddable":true,"href":"https:\/\/neos-music.com\/en_us\/wp-json\/wp\/v2\/product_cat?post=3062"},{"taxonomy":"product_tag","embeddable":true,"href":"https:\/\/neos-music.com\/en_us\/wp-json\/wp\/v2\/product_tag?post=3062"}],"curies":[{"name":"wp","href":"https:\/\/api.w.org\/{rel}","templated":true}]}}