{"id":3070,"date":"2010-09-10T15:52:09","date_gmt":"2010-09-10T15:52:09","guid":{"rendered":"https:\/\/neos-music.com\/?post_type=product&#038;p=3070"},"modified":"2023-01-08T17:53:33","modified_gmt":"2023-01-08T17:53:33","slug":"konstantia-gourzi-conjunctions-synapsies","status":"publish","type":"product","link":"https:\/\/neos-music.com\/en_us\/product\/konstantia-gourzi-conjunctions-synapsies\/","title":{"rendered":"Konstantia Gourzi: Conjunctions &#8211; Syn\u00e1psies"},"content":{"rendered":"<p>Infotext:<\/p>\n<div id=\"infotext\">\n<p><b>VERBINDUNGEN \u2013 SYN\u00c1PSIES<\/b><\/p>\n<p>\u00bbGanzes und Nichtganzes, Vereinigtes und Geschiedenes, Einstimmiges und Uneinstimmiges \u2013 und aus Allem Eins und aus Einem Alles.\u00ab<\/p>\n<p>Dieses Epigramm des Heraklit begleitet und inspiriert mich schon seit vielen Jahren. F\u00fcr mich ist es in seiner unvergleichlichen Knappheit und Konzentration auch ein wunderbarer Ausdruck meines inneren Ziels, in meiner Musik die Tradition mit meinem eigenen heutigen Leben zu verbinden. Der Wunsch also, in meinen Kompositionen die unterschiedlichen Kl\u00e4nge und Klangfarben verschiedenster Instrumente aus unterschiedlichen Epochen und Kulturen zusammenflie\u00dfen zu lassen \u2013 und so ein neues Ganzes zu schaffen.<\/p>\n<p>Das ist im Kern auch meine klangliche Vision f\u00fcr die St\u00fccke dieser Aufnahme gewesen. Die Gegens\u00e4tze der unterschiedlichen Musikauffassungen, Spieltechniken und Klangfarben regten mich dazu an, bestimmte Stimmungen zu erzeugen, die ihre Wurzeln in Ost und West haben. So konnte ich im wahrsten Sinne des Wortes Grenzen \u00fcberschreiten: Das klassische Streichquartett trifft auf die traditionellen osmanischen Instrumente\u00a0<i>Ney<\/i>\u00a0und\u00a0<i>Saz<\/i>, die man schon vor 5000 Jahren spielte.<\/p>\n<p>Die\u00a0<i>Tarhu<\/i>, das auf historischen Vorlagen beruhende und in Australien von Peter Biffin vor wenigen Jahren neu entwickelte und gebaute Instrument, klingt mit dem Klavier zusammen, das auch improvisatorisch gespielt wird. Diese wohl noch nie ausgeloteten Klang- und Zeitmischungen werden noch erweitert durch die menschliche Stimme: Der byzantinische Gesangsstil des Psalmisten ist in seinen Urspr\u00fcngen mindestens 1000 Jahre alt, trotzdem wird er auch heute noch in der orthodoxen Kirche gepflegt und ist so im t\u00e4glichen Leben der Menschen gegenw\u00e4rtig.<\/p>\n<p>Die Harmonie in diesen einander scheinbar fremden Kl\u00e4ngen zu suchen, deren Elemente und Quellen in ihrer Eigenst\u00e4ndigkeit aber auch weiterhin separat h\u00f6rbar sein zu lassen, ist f\u00fcr mich eine spezielle Herausforderung des Komponierens.<\/p>\n<p align=\"right\">Konstantia Gourzi<\/p>\n<\/div>\n<p>Programm:<\/p>\n<p><b>Ieratiki Po\u00edisi<\/b>\u00a0(Poems by Monks) op. 34 (2007, rev. 2009)<b>\u00a015:19<br \/>\n<\/b>for string quartet, Byzantine psalmist, ney and piano<br \/>\n[01]\u00a0<b>I. Till the very end<\/b>\u00a0Text by Metropolite Pergis Evangelos Galanis 06:05<br \/>\n<span id=\"flash1\"><\/span><br \/>\n[02]\u00a0<b>II. Evening in the Hermitage<\/b>\u00a0Text by Hieromonk Symeon 03:54<br \/>\n[03]\u00a0<b>III. Midday in Salonica<\/b>\u00a0Text by Hieromonk Symeon 05:20<\/p>\n<p>[04]\u00a0<b>Flammenarie<\/b>\u00a0op. 44 (2009)\u00a0<b>14:33<br \/>\n<\/b>Trio for Byzantine psalmist, tarhu and piano<br \/>\n<span id=\"flash2\"><\/span><\/p>\n<p>[05]\u00a0<b>S\u00fcd-Wind \u2013 eine Erz\u00e4hlung 1<\/b>\u00a0op. 43 (2009)\u00a0<b>02:03<br \/>\n<\/b>for ney solo<br \/>\n<span id=\"flash3\"><\/span><\/p>\n<p>[06]\u00a0<b>Sappho-Lied \u2013 Homage \u00e0 Kurt\u00e1g<\/b>\u00a0op. 12 (1995, rev. 2009)\u00a0<b>03:29<\/b><br \/>\nDuo for Byzantine psalmist and piano<br \/>\nText by Sappho<br \/>\n<span id=\"flash4\"><\/span><\/p>\n<p>[07]<b>\u00a0S\u00fcd-Wind \u2013 eine Erz\u00e4hlung 2<\/b>\u00a0op. 43 (2009)\u00a0<b>01:25<\/b><br \/>\nfor ney solo<br \/>\n<span id=\"flash5\"><\/span><\/p>\n<p>[08]\u00a0<b>Verbindungen<\/b>\u00a0op. 32 (2007, rev. 2009)\u00a0<b>07:46<\/b><br \/>\nTrio for Byzantine psalmist, tarhu and piano<br \/>\nText by Heraklitus<br \/>\n<span id=\"flash6\"><\/span><\/p>\n<p><b>Kastal\u00eda<\/b>\u00a0op. 35 (2008, rev. 2009)\u00a0<b>17:17<\/b><br \/>\nfor string quartet and saz<br \/>\n[09]\u00a0<b>I. Versenkung<\/b>\u00a003:14<br \/>\n<span id=\"flash7\"><\/span><br \/>\n[10]\u00a0<b>II. Ankunft<\/b>\u00a002:44<br \/>\n[11]\u00a0<b>III. Einatmen<\/b>\u00a001:46<br \/>\n[12]\u00a0<b>IV. Die Spr\u00fcche<\/b>\u00a005:31<br \/>\n<span id=\"flash8\"><\/span><br \/>\n[13]\u00a0<b>V. Ausatmen<\/b>\u00a001:22<br \/>\n[14]\u00a0<b>VI. Abschied<\/b>\u00a002:40<\/p>\n<p><b>total time: 62:25<\/b><\/p>\n<p><b>Apollon Musag\u00e8te Quartett<\/b>\u00a0[01\u201303 | 09\u201314]<br \/>\nPawel Zalejski, violin<br \/>\nBartosz Zachlod, violin<br \/>\nPiotr Szumiel, viola<br \/>\nPiotr Skweres, violoncello<\/p>\n<p><b>Vassilis Agrokostas<\/b>, psalmist [01\u201303 | 04 | 06 | 08]<br \/>\n<b>Michalis Cholevas<\/b>, tarhu, saz, ney [01\u201303 | 04 | 05 | 07 | 08 | 09\u201314]<br \/>\n<b>Christian Els\u00e4sser<\/b>, piano [01\u201303 | 04]<br \/>\n<b><a class=\"arcoma_glossarylink\" href=\"https:\/\/neos-music.com\/output.php?content=Kuenstler\/Konstantia_Gourzi.php&amp;treplace=english%2Cgerman\" target=\"_self\" rel=\"noopener\">Konstantia Gourzi<\/a><\/b>,\u00a0piano [06 | 08]<\/p>\n<p><b><a class=\"arcoma_glossarylink\" href=\"https:\/\/neos-music.com\/output.php?content=Kuenstler\/Konstantia_Gourzi.php&amp;treplace=english%2Cgerman\" target=\"_self\" rel=\"noopener\">Konstantia Gourzi<\/a><\/b>, conductor [01\u201303 | 09\u201314]<\/p>\n<p><b>World Premiere Recordings<\/b><\/p>\n<p>Pressestimmen:<\/p>\n<p><img data-recalc-dims=\"1\" decoding=\"async\" src=\"https:\/\/i0.wp.com\/neos-music.com\/images\/news\/logo_Musik%26Theater.gif?ssl=1\" \/><br \/>\n<b>04\/2011<\/b><\/p>\n<p><img data-recalc-dims=\"1\" decoding=\"async\" src=\"https:\/\/i0.wp.com\/neos-music.com\/images\/news\/11035_Musik_u_Theater.jpg?ssl=1\" \/><\/p>\n<p>&nbsp;<\/p>\n<p>&nbsp;<\/p>\n<p><b><img data-recalc-dims=\"1\" decoding=\"async\" src=\"https:\/\/i0.wp.com\/neos-music.com\/images\/news\/logo_ensemble.gif?ssl=1\" \/><br \/>\n06\/2010<\/b><\/p>\n<p>&nbsp;<\/p>\n<p><img data-recalc-dims=\"1\" decoding=\"async\" src=\"https:\/\/i0.wp.com\/neos-music.com\/images\/news\/11035_Ensemble_June2010.jpg?ssl=1\" \/><\/p>\n<p>&nbsp;<\/p>\n<p><img data-recalc-dims=\"1\" decoding=\"async\" src=\"https:\/\/i0.wp.com\/neos-music.com\/images\/news\/logo_megaron.png?ssl=1\" \/><br \/>\n<img data-recalc-dims=\"1\" decoding=\"async\" src=\"https:\/\/i0.wp.com\/neos-music.com\/images\/news\/11035_Megaron.jpg?ssl=1\" \/><\/p>\n<p>&nbsp;<\/p>\n<p><img data-recalc-dims=\"1\" decoding=\"async\" src=\"https:\/\/i0.wp.com\/neos-music.com\/images\/news\/logo_sz.jpg?ssl=1\" \/><br \/>\n<b>03.11.2010<\/b><\/p>\n<p><img data-recalc-dims=\"1\" decoding=\"async\" src=\"https:\/\/i0.wp.com\/neos-music.com\/images\/news\/11035_SZ_101103.jpg?ssl=1\" \/><\/p>\n","protected":false},"excerpt":{"rendered":"<p>Infotext: VERBINDUNGEN \u2013 SYN\u00c1PSIES \u00bbGanzes und Nichtganzes, Vereinigtes und Geschiedenes, Einstimmiges und Uneinstimmiges \u2013 und aus Allem Eins und aus Einem Alles.\u00ab Dieses Epigramm des Heraklit begleitet und inspiriert mich schon seit vielen Jahren. F\u00fcr mich ist es in seiner unvergleichlichen Knappheit und Konzentration auch ein wunderbarer Ausdruck meines inneren Ziels, in meiner Musik die [&hellip;]<\/p>\n","protected":false},"featured_media":3071,"template":"","meta":{"site-sidebar-layout":"default","site-content-layout":"default","ast-site-content-layout":"default","site-content-style":"default","site-sidebar-style":"default","ast-global-header-display":"","ast-banner-title-visibility":"","ast-main-header-display":"","ast-hfb-above-header-display":"","ast-hfb-below-header-display":"","ast-hfb-mobile-header-display":"","site-post-title":"","ast-breadcrumbs-content":"","ast-featured-img":"","footer-sml-layout":"","theme-transparent-header-meta":"default","adv-header-id-meta":"","stick-header-meta":"","header-above-stick-meta":"","header-main-stick-meta":"","header-below-stick-meta":"","astra-migrate-meta-layouts":"default","ast-page-background-enabled":"default","ast-page-background-meta":{"desktop":{"background-color":"","background-image":"","background-repeat":"repeat","background-position":"center center","background-size":"auto","background-attachment":"scroll","background-type":"","background-media":"","overlay-type":"","overlay-color":"","overlay-opacity":"","overlay-gradient":""},"tablet":{"background-color":"","background-image":"","background-repeat":"repeat","background-position":"center center","background-size":"auto","background-attachment":"scroll","background-type":"","background-media":"","overlay-type":"","overlay-color":"","overlay-opacity":"","overlay-gradient":""},"mobile":{"background-color":"","background-image":"","background-repeat":"repeat","background-position":"center center","background-size":"auto","background-attachment":"scroll","background-type":"","background-media":"","overlay-type":"","overlay-color":"","overlay-opacity":"","overlay-gradient":""}},"ast-content-background-meta":{"desktop":{"background-color":"var(--ast-global-color-5)","background-image":"","background-repeat":"repeat","background-position":"center center","background-size":"auto","background-attachment":"scroll","background-type":"","background-media":"","overlay-type":"","overlay-color":"","overlay-opacity":"","overlay-gradient":""},"tablet":{"background-color":"var(--ast-global-color-5)","background-image":"","background-repeat":"repeat","background-position":"center center","background-size":"auto","background-attachment":"scroll","background-type":"","background-media":"","overlay-type":"","overlay-color":"","overlay-opacity":"","overlay-gradient":""},"mobile":{"background-color":"var(--ast-global-color-5)","background-image":"","background-repeat":"repeat","background-position":"center center","background-size":"auto","background-attachment":"scroll","background-type":"","background-media":"","overlay-type":"","overlay-color":"","overlay-opacity":"","overlay-gradient":""}}},"product_brand":[],"product_cat":[878,26],"product_tag":[],"class_list":{"0":"post-3070","1":"product","2":"type-product","3":"status-publish","4":"has-post-thumbnail","6":"product_cat-streichquartett","7":"product_cat-zeitgenossische-musik","8":"pa_artikelnummer-neos-11035","9":"pa_brand-neos-music","10":"pa_ean-617","11":"desktop-align-left","12":"tablet-align-left","13":"mobile-align-left","15":"first","16":"instock","17":"taxable","18":"shipping-taxable","19":"purchasable","20":"product-type-simple"},"yoast_head":"<!-- This site is optimized with the Yoast SEO plugin v27.4 - https:\/\/yoast.com\/product\/yoast-seo-wordpress\/ -->\n<title>Konstantia Gourzi: Conjunctions - Syn\u00e1psies - NEOS Music<\/title>\n<meta name=\"robots\" content=\"index, follow, max-snippet:-1, max-image-preview:large, max-video-preview:-1\" \/>\n<link rel=\"canonical\" href=\"https:\/\/neos-music.com\/en_us\/product\/konstantia-gourzi-conjunctions-synapsies\/\" \/>\n<meta property=\"og:locale\" content=\"en_US\" \/>\n<meta property=\"og:type\" content=\"article\" \/>\n<meta property=\"og:title\" content=\"Konstantia Gourzi: Conjunctions - Syn\u00e1psies - NEOS Music\" \/>\n<meta property=\"og:description\" content=\"Infotext: VERBINDUNGEN \u2013 SYN\u00c1PSIES \u00bbGanzes und Nichtganzes, Vereinigtes und Geschiedenes, Einstimmiges und Uneinstimmiges \u2013 und aus Allem Eins und aus Einem Alles.\u00ab Dieses Epigramm des Heraklit begleitet und inspiriert mich schon seit vielen Jahren. F\u00fcr mich ist es in seiner unvergleichlichen Knappheit und Konzentration auch ein wunderbarer Ausdruck meines inneren Ziels, in meiner Musik die [&hellip;]\" \/>\n<meta property=\"og:url\" content=\"https:\/\/neos-music.com\/en_us\/product\/konstantia-gourzi-conjunctions-synapsies\/\" \/>\n<meta property=\"og:site_name\" content=\"NEOS Music\" \/>\n<meta property=\"article:modified_time\" content=\"2023-01-08T17:53:33+00:00\" \/>\n<meta property=\"og:image\" content=\"https:\/\/neos-music.com\/wp-content\/uploads\/2022\/11\/NEOS_11035_Gourzi.jpeg\" \/>\n\t<meta property=\"og:image:width\" content=\"1648\" \/>\n\t<meta property=\"og:image:height\" content=\"1483\" \/>\n\t<meta property=\"og:image:type\" content=\"image\/jpeg\" \/>\n<meta name=\"twitter:card\" content=\"summary_large_image\" \/>\n<meta name=\"twitter:label1\" content=\"Est. reading time\" \/>\n\t<meta name=\"twitter:data1\" content=\"2 minutes\" \/>\n<script type=\"application\/ld+json\" class=\"yoast-schema-graph\">{\"@context\":\"https:\\\/\\\/schema.org\",\"@graph\":[{\"@type\":\"WebPage\",\"@id\":\"https:\\\/\\\/neos-music.com\\\/product\\\/konstantia-gourzi-conjunctions-synapsies\\\/\",\"url\":\"https:\\\/\\\/neos-music.com\\\/product\\\/konstantia-gourzi-conjunctions-synapsies\\\/\",\"name\":\"Konstantia Gourzi: Conjunctions - Syn\u00e1psies - NEOS Music\",\"isPartOf\":{\"@id\":\"https:\\\/\\\/neos-music.com\\\/#website\"},\"primaryImageOfPage\":{\"@id\":\"https:\\\/\\\/neos-music.com\\\/product\\\/konstantia-gourzi-conjunctions-synapsies\\\/#primaryimage\"},\"image\":{\"@id\":\"https:\\\/\\\/neos-music.com\\\/product\\\/konstantia-gourzi-conjunctions-synapsies\\\/#primaryimage\"},\"thumbnailUrl\":\"https:\\\/\\\/i0.wp.com\\\/neos-music.com\\\/wp-content\\\/uploads\\\/2022\\\/11\\\/NEOS_11035_Gourzi.jpeg?fit=1648%2C1483&ssl=1\",\"datePublished\":\"2010-09-10T15:52:09+00:00\",\"dateModified\":\"2023-01-08T17:53:33+00:00\",\"breadcrumb\":{\"@id\":\"https:\\\/\\\/neos-music.com\\\/product\\\/konstantia-gourzi-conjunctions-synapsies\\\/#breadcrumb\"},\"inLanguage\":\"en-US\",\"potentialAction\":[{\"@type\":\"ReadAction\",\"target\":[\"https:\\\/\\\/neos-music.com\\\/product\\\/konstantia-gourzi-conjunctions-synapsies\\\/\"]}]},{\"@type\":\"ImageObject\",\"inLanguage\":\"en-US\",\"@id\":\"https:\\\/\\\/neos-music.com\\\/product\\\/konstantia-gourzi-conjunctions-synapsies\\\/#primaryimage\",\"url\":\"https:\\\/\\\/i0.wp.com\\\/neos-music.com\\\/wp-content\\\/uploads\\\/2022\\\/11\\\/NEOS_11035_Gourzi.jpeg?fit=1648%2C1483&ssl=1\",\"contentUrl\":\"https:\\\/\\\/i0.wp.com\\\/neos-music.com\\\/wp-content\\\/uploads\\\/2022\\\/11\\\/NEOS_11035_Gourzi.jpeg?fit=1648%2C1483&ssl=1\",\"width\":1648,\"height\":1483},{\"@type\":\"BreadcrumbList\",\"@id\":\"https:\\\/\\\/neos-music.com\\\/product\\\/konstantia-gourzi-conjunctions-synapsies\\\/#breadcrumb\",\"itemListElement\":[{\"@type\":\"ListItem\",\"position\":1,\"name\":\"Startseite\",\"item\":\"https:\\\/\\\/neos-music.com\\\/\"},{\"@type\":\"ListItem\",\"position\":2,\"name\":\"Produkte\",\"item\":\"https:\\\/\\\/neos-music.com\\\/shop__trashed\\\/\"},{\"@type\":\"ListItem\",\"position\":3,\"name\":\"Konstantia Gourzi: Conjunctions &#8211; Syn\u00e1psies\"}]},{\"@type\":\"WebSite\",\"@id\":\"https:\\\/\\\/neos-music.com\\\/#website\",\"url\":\"https:\\\/\\\/neos-music.com\\\/\",\"name\":\"NEOS Music\",\"description\":\"Dein Online Shop f\u00fcr zeitgen\u00f6ssische Musik, Jazz und Classics!\",\"publisher\":{\"@id\":\"https:\\\/\\\/neos-music.com\\\/#organization\"},\"potentialAction\":[{\"@type\":\"SearchAction\",\"target\":{\"@type\":\"EntryPoint\",\"urlTemplate\":\"https:\\\/\\\/neos-music.com\\\/?s={search_term_string}\"},\"query-input\":{\"@type\":\"PropertyValueSpecification\",\"valueRequired\":true,\"valueName\":\"search_term_string\"}}],\"inLanguage\":\"en-US\"},{\"@type\":\"Organization\",\"@id\":\"https:\\\/\\\/neos-music.com\\\/#organization\",\"name\":\"NEOS Music\",\"url\":\"https:\\\/\\\/neos-music.com\\\/\",\"logo\":{\"@type\":\"ImageObject\",\"inLanguage\":\"en-US\",\"@id\":\"https:\\\/\\\/neos-music.com\\\/#\\\/schema\\\/logo\\\/image\\\/\",\"url\":\"https:\\\/\\\/i0.wp.com\\\/neos-music.com\\\/wp-content\\\/uploads\\\/2025\\\/08\\\/NEOS-Logo-weiss.png?fit=800%2C203&ssl=1\",\"contentUrl\":\"https:\\\/\\\/i0.wp.com\\\/neos-music.com\\\/wp-content\\\/uploads\\\/2025\\\/08\\\/NEOS-Logo-weiss.png?fit=800%2C203&ssl=1\",\"width\":800,\"height\":203,\"caption\":\"NEOS Music\"},\"image\":{\"@id\":\"https:\\\/\\\/neos-music.com\\\/#\\\/schema\\\/logo\\\/image\\\/\"}}]}<\/script>\n<!-- \/ Yoast SEO plugin. -->","yoast_head_json":{"title":"Konstantia Gourzi: Conjunctions - Syn\u00e1psies - NEOS Music","robots":{"index":"index","follow":"follow","max-snippet":"max-snippet:-1","max-image-preview":"max-image-preview:large","max-video-preview":"max-video-preview:-1"},"canonical":"https:\/\/neos-music.com\/en_us\/product\/konstantia-gourzi-conjunctions-synapsies\/","og_locale":"en_US","og_type":"article","og_title":"Konstantia Gourzi: Conjunctions - Syn\u00e1psies - NEOS Music","og_description":"Infotext: VERBINDUNGEN \u2013 SYN\u00c1PSIES \u00bbGanzes und Nichtganzes, Vereinigtes und Geschiedenes, Einstimmiges und Uneinstimmiges \u2013 und aus Allem Eins und aus Einem Alles.\u00ab Dieses Epigramm des Heraklit begleitet und inspiriert mich schon seit vielen Jahren. F\u00fcr mich ist es in seiner unvergleichlichen Knappheit und Konzentration auch ein wunderbarer Ausdruck meines inneren Ziels, in meiner Musik die [&hellip;]","og_url":"https:\/\/neos-music.com\/en_us\/product\/konstantia-gourzi-conjunctions-synapsies\/","og_site_name":"NEOS Music","article_modified_time":"2023-01-08T17:53:33+00:00","og_image":[{"width":1648,"height":1483,"url":"https:\/\/neos-music.com\/wp-content\/uploads\/2022\/11\/NEOS_11035_Gourzi.jpeg","type":"image\/jpeg"}],"twitter_card":"summary_large_image","twitter_misc":{"Est. reading time":"2 minutes"},"schema":{"@context":"https:\/\/schema.org","@graph":[{"@type":"WebPage","@id":"https:\/\/neos-music.com\/product\/konstantia-gourzi-conjunctions-synapsies\/","url":"https:\/\/neos-music.com\/product\/konstantia-gourzi-conjunctions-synapsies\/","name":"Konstantia Gourzi: Conjunctions - Syn\u00e1psies - NEOS Music","isPartOf":{"@id":"https:\/\/neos-music.com\/#website"},"primaryImageOfPage":{"@id":"https:\/\/neos-music.com\/product\/konstantia-gourzi-conjunctions-synapsies\/#primaryimage"},"image":{"@id":"https:\/\/neos-music.com\/product\/konstantia-gourzi-conjunctions-synapsies\/#primaryimage"},"thumbnailUrl":"https:\/\/i0.wp.com\/neos-music.com\/wp-content\/uploads\/2022\/11\/NEOS_11035_Gourzi.jpeg?fit=1648%2C1483&ssl=1","datePublished":"2010-09-10T15:52:09+00:00","dateModified":"2023-01-08T17:53:33+00:00","breadcrumb":{"@id":"https:\/\/neos-music.com\/product\/konstantia-gourzi-conjunctions-synapsies\/#breadcrumb"},"inLanguage":"en-US","potentialAction":[{"@type":"ReadAction","target":["https:\/\/neos-music.com\/product\/konstantia-gourzi-conjunctions-synapsies\/"]}]},{"@type":"ImageObject","inLanguage":"en-US","@id":"https:\/\/neos-music.com\/product\/konstantia-gourzi-conjunctions-synapsies\/#primaryimage","url":"https:\/\/i0.wp.com\/neos-music.com\/wp-content\/uploads\/2022\/11\/NEOS_11035_Gourzi.jpeg?fit=1648%2C1483&ssl=1","contentUrl":"https:\/\/i0.wp.com\/neos-music.com\/wp-content\/uploads\/2022\/11\/NEOS_11035_Gourzi.jpeg?fit=1648%2C1483&ssl=1","width":1648,"height":1483},{"@type":"BreadcrumbList","@id":"https:\/\/neos-music.com\/product\/konstantia-gourzi-conjunctions-synapsies\/#breadcrumb","itemListElement":[{"@type":"ListItem","position":1,"name":"Startseite","item":"https:\/\/neos-music.com\/"},{"@type":"ListItem","position":2,"name":"Produkte","item":"https:\/\/neos-music.com\/shop__trashed\/"},{"@type":"ListItem","position":3,"name":"Konstantia Gourzi: Conjunctions &#8211; Syn\u00e1psies"}]},{"@type":"WebSite","@id":"https:\/\/neos-music.com\/#website","url":"https:\/\/neos-music.com\/","name":"NEOS Music","description":"Dein Online Shop f\u00fcr zeitgen\u00f6ssische Musik, Jazz und Classics!","publisher":{"@id":"https:\/\/neos-music.com\/#organization"},"potentialAction":[{"@type":"SearchAction","target":{"@type":"EntryPoint","urlTemplate":"https:\/\/neos-music.com\/?s={search_term_string}"},"query-input":{"@type":"PropertyValueSpecification","valueRequired":true,"valueName":"search_term_string"}}],"inLanguage":"en-US"},{"@type":"Organization","@id":"https:\/\/neos-music.com\/#organization","name":"NEOS Music","url":"https:\/\/neos-music.com\/","logo":{"@type":"ImageObject","inLanguage":"en-US","@id":"https:\/\/neos-music.com\/#\/schema\/logo\/image\/","url":"https:\/\/i0.wp.com\/neos-music.com\/wp-content\/uploads\/2025\/08\/NEOS-Logo-weiss.png?fit=800%2C203&ssl=1","contentUrl":"https:\/\/i0.wp.com\/neos-music.com\/wp-content\/uploads\/2025\/08\/NEOS-Logo-weiss.png?fit=800%2C203&ssl=1","width":800,"height":203,"caption":"NEOS Music"},"image":{"@id":"https:\/\/neos-music.com\/#\/schema\/logo\/image\/"}}]}},"jetpack_sharing_enabled":true,"_links":{"self":[{"href":"https:\/\/neos-music.com\/en_us\/wp-json\/wp\/v2\/product\/3070","targetHints":{"allow":["GET"]}}],"collection":[{"href":"https:\/\/neos-music.com\/en_us\/wp-json\/wp\/v2\/product"}],"about":[{"href":"https:\/\/neos-music.com\/en_us\/wp-json\/wp\/v2\/types\/product"}],"version-history":[{"count":0,"href":"https:\/\/neos-music.com\/en_us\/wp-json\/wp\/v2\/product\/3070\/revisions"}],"wp:featuredmedia":[{"embeddable":true,"href":"https:\/\/neos-music.com\/en_us\/wp-json\/wp\/v2\/media\/3071"}],"wp:attachment":[{"href":"https:\/\/neos-music.com\/en_us\/wp-json\/wp\/v2\/media?parent=3070"}],"wp:term":[{"taxonomy":"product_brand","embeddable":true,"href":"https:\/\/neos-music.com\/en_us\/wp-json\/wp\/v2\/product_brand?post=3070"},{"taxonomy":"product_cat","embeddable":true,"href":"https:\/\/neos-music.com\/en_us\/wp-json\/wp\/v2\/product_cat?post=3070"},{"taxonomy":"product_tag","embeddable":true,"href":"https:\/\/neos-music.com\/en_us\/wp-json\/wp\/v2\/product_tag?post=3070"}],"curies":[{"name":"wp","href":"https:\/\/api.w.org\/{rel}","templated":true}]}}