{"id":3072,"date":"2010-09-10T15:54:22","date_gmt":"2010-09-10T15:54:22","guid":{"rendered":"https:\/\/neos-music.com\/?post_type=product&#038;p=3072"},"modified":"2023-01-08T17:56:05","modified_gmt":"2023-01-08T17:56:05","slug":"hermann-keller-second-piano-concerto-and-chamber-music","status":"publish","type":"product","link":"https:\/\/neos-music.com\/en_us\/product\/hermann-keller-second-piano-concerto-and-chamber-music\/","title":{"rendered":"Hermann Keller: Second Piano Concerto and Chamber Music"},"content":{"rendered":"<p>Infotext:<\/p>\n<table border=\"0\" width=\"100%\" rules=\"none\" cellspacing=\"0\" cellpadding=\"0\">\n<tbody>\n<tr>\n<td class=\"bigcontent2\">\n<div id=\"infotext\">\n<p><b>ZWEITES KLAVIERKONZERT UND KAMMERMUSIK<\/b><\/p>\n<p>Hermann Keller ist der Prototyp eines so bedachtsamen wie unruhevollen Experimentators und ungeahnte Erfindungen freisetzenden Improvisators, der es versteht, den ber\u00fchmten Funken \u00fcberspringen zu lassen. Eine seiner Lieblingsbesch\u00e4ftigungen: das Ex tempore auf dem Fl\u00fcgel, das er inWahnsinnsakten ebenso auf den Tasten wie im Korpus des Instruments realisiert. Was zu intonieren und zu denaturieren geht mit dem Instrument, kommt in Anschlag. Und es gibt etliche Plusvarianten.<\/p>\n<p>Die nachhaltigsten sind Pr\u00e4parationen, also Verformungen des Klavierklangs mit Hilfe verschiedener Mittel \u2013 Radiergummis, Schrauben, Schlegel, Becken. Arbeiten mit Clusterst\u00e4ben, dem Fingernagel, der Faust, dem Ellenbogen, ja, so scheint es, dem ganzen K\u00f6rper. Er habe nie einen von Cage pr\u00e4parierten Fl\u00fcgel zu Gesicht bekommen, sagt Keller, aber kenne nat\u00fcrlich die betreffenden Cage-Aufnahmen. Henry Cowell, John Cage, Hermann Keller. Das sei eine Entwicklungslinie, hat einmal der Komponist und Klavierpr\u00e4parator Hans Rempel gesagt. Und er hat Recht. Keller hat auf dem Gebiet der Pr\u00e4parationen \u00fcber viele Jahre unabl\u00e4ssig experimentiert und echte Entwicklungsarbeit geleistet.<\/p>\n<p><b>Konzert f\u00fcr Klavier und 13 Instrumentalisten (2. Klavierkonzert)<\/b><\/p>\n<p>Die Klangwelt des Konzerts ist so fern vom \u00dcblichen, dass man nur staunen kann. Keller sucht vornehmlich dem Soloinstrument die fremdesten Dinge zu entlocken. Aber die restlichen 13 Instrumente sind genauso betroffen. Denaturierung, Verfremdung, Zuspitzung allerorten. \u00dcber Techniken der Pr\u00e4parierung des Fl\u00fcgels kombiniert Keller Viertelt\u00f6ne, Achtelt\u00f6ne, alle Sorten Flageolett-T\u00f6ne, pr\u00e4parierte Zusammenkl\u00e4nge mit anderen Instrumenten. Genauso erstaunlich die immanente Welt der Rhythmen und Klangfarben.<\/p>\n<p>Eingang finden unregelm\u00e4\u00dfige afrikanische, vom Jazz inspirierte wie eigens entwickelte Rhythmen und rhythmische Kombinationen. Das St\u00fcck zeigt, wie Ordnungen sich verfestigen, zerfallen und untergehen. \u2013 Das sechss\u00e4tzige Werk schl\u00e4gt eine Bogenform. Am Anfang herrscht die Idylle, das harmonische, ausgeglichene, nicht unproblematische Spiel der Kr\u00e4fte. Am Ende strukturelle Implosion, Zerst\u00f6rung, Chaos.<\/p>\n<p>Die Er\u00f6ffnung, \u00bbIm Garten Eden\u00ab, Satz 1, baut diese Idylle. Das Piano ist daraufhin pr\u00e4pariert. Die Pr\u00e4parationen klingen angenehm, gehen ins Ohr. Es gibt einen subtilen Abtausch zwischen Streichern und pr\u00e4parierten Klavierkl\u00e4ngen. Holzbl\u00e4ser und Horn gesellen sich dem Sch\u00f6nen. Aber die Szenerie endet unsicher, fragend.<\/p>\n<p>In Satz 2, \u00bbScherzo I\u00ab, diktiert das Soloinstrument den rhythmisch-klanglichen Puls des Satzes. Afrikanische Rhythmen sind Triebmomente. Instrumenten und Gruppen gewinnen mehr und mehr Raum, weiten ihren Spielhorizont aus. Bl\u00e4sersignale fahren unversehens in den Vorgang. Dann allm\u00e4hliche Aufl\u00f6sung des urspr\u00fcnglichen Rhythmus\u2019. Schlie\u00dflich freies Musizieren ohne Metrum.<\/p>\n<p>Satz 3, \u00bbAuf die Erde voller kaltem Wind\u00ab, ist kampfdurchtobt. Er aktiviert die Energien aller Spieler. Die Faktur ist durchl\u00f6chert. Kurze Pausen in jeder Stimme lassen nirgends eine komplette Vertikale der 14 Instrumente zu. Alle Pulsationen, \u00fcber die Keller gebietet, kommen in Anschlag. Reihenweise, in wildester Art, fegen Klaviercluster, realisiert mit Clusterst\u00e4ben auf den Tasten, ratternde Tonrepetitionen, Streicher-Glissandi, eruptive Einw\u00fcrfe von Blech und Holz, dazu Schlagzeug durch die Faktur. Am Satz-Ende steht der Gewalt die Poesie eines kurzen Solos entgegen. Bevor es eintritt, schie\u00dfen sirenenhafte Streicher mit Schlagzeug zusammen und gellen in ff-Tonrepetitionen radikal auf. Stehen bleiben ferne Ger\u00e4usche eines pedalisierten Klavierklangs, vor denen die nahe, intervallisch weit ausgreifende Bassklarinettenstimme ihr z\u00e4rtlich Lied singt.<\/p>\n<p>Satz 4, \u00bbUnterbrochene Elegie\u00ab, baut kurzzeitig Erinnerungen an Vergangenes auf, um sie sogleich zu zertr\u00fcmmern. Teil 1 beispielsweise besteht aus wenigen Takten, als h\u00e4tte Webern ihn komponiert, und schlie\u00dft mit einer Generalpause. Das Soloinstru-ment belebt die Szenerie lediglich durch pr\u00e4parierte Einzelt\u00f6ne, auch Zweikl\u00e4nge, sodann gezupfte und gekratzte T\u00f6ne. Parallel laufen fugatohaft eintretende kantable Stimmen. Zuerst \u00bbsingt\u00ab das Horn, dann Violoncello, Oboe, Violine, 2. Violine, Fagott, Viola. Doch der Schein tr\u00fcgt. Heftige Glissandi in Posaune, Streichern und Schlagzeug zerst\u00e4uben alle Hoffnung. Im Schlussteil, \u00bbAmok\u00ab, dem freiesten und radikalsten Teil, agieren Solist und Instrumentalisten \u2013 jeder gegen jeden \u2013 all ihre M\u00f6glichkeiten aus.<\/p>\n<p>Satz 5, \u00bbScherzo 2\u00ab, klingt auf den ersten Blick fast beschwingt, rhythmisch heiter, t\u00e4nzerisch. Charakteristisch: Er spielt mit Tonalit\u00e4t und konterkariert sie, h\u00e4lt Harmoniebildungen Ironisches, Groteskes entgegen. Auf Dreikl\u00e4nge folgen deren Brechungen etwa in scharfen Gesten der Blechbl\u00e4ser. Das Duett zwischen Piano und Violine materialisieren flirrende, viertelt\u00f6nige Flageoletts. Am Ende stehen choralf\u00f6rmige, beinahe weinende Bl\u00e4serattit\u00fcden.<br \/>\nSatz 6, \u00bbAbgesang\u00ab, demonstriert sch\u00f6nen Schein mitten in Tr\u00fcmmern. Mit Schrauben \u2013 Glissandi hebt er an und endet mit leisen, aber deutlichen \u00bbGer\u00e4uschen der Zerst\u00f6rung\u00ab und einem ff-Klavierakkord. Der klingt gleichsam wie ein Schlag mit der Musikfaust.<\/p>\n<p><b>Sonate f\u00fcr Streichtrio und Klavier<\/b><\/p>\n<p>Pr\u00e4pariert sind neben Klavier auch Violine und Bratsche mit Hilfe von Pr\u00e4parationsst\u00e4ben. Die klemmen zwischen den Saiten auf dem Griffbrett. F\u00fcr die Form der Sonate steht zun\u00e4chst die Dreis\u00e4tzigkeit. Die Ecks\u00e4tze sind ungleich schneller, mobiler als der Mittelsatz. Dann werden Themen durchaus exponiert und verarbeitet. Soli, Duette, Terzette, Quartette leben sich teils satztechnisch streng gef\u00fchrt, teils freudig musikantisch aus. Der Finalsatz kennt entlang ausgehaltener Oktaven auch Dur \u2013 Harmonie \u2013 Punkte, die, vom Pianisten kurz angerissen, durch Abd\u00e4mpfung, Verformung sogleich wieder kippen. Umgekehrt erw\u00e4chst aus dissonanten Strukturen blitzhaft ein Dur-Klang. Derlei verweist auf Sehns\u00fcchte, Erinnerungen.<\/p>\n<p><b>Szene f\u00fcr Solo-Posaune (Teil 2)<\/b><\/p>\n<p>Diese Szene, Bestandteil eines sechsteiligen Posaunen-Solowerkes, testet M\u00f6glichkeiten der Posaune vornehmlich im rhythmischen Bereich. Verschiedene Techniken kommen zum Zuge: Tongebung durch lautes oder leises Ein- und Ausatmen, zugleich Vokalisieren und Blasen, Techniken der Ger\u00e4uschbildung (Luftger\u00e4usche, Blasen durchs Mundst\u00fcck u.\u2009\u00e4.), Glissandotechniken. Der Puls wie die Kontur des St\u00fcckes sind einheitlich. Daf\u00fcr stehen die durchrhythmisierten, \u00fcber Ein- und Ausatmungsvorg\u00e4nge erzeugten T\u00f6ne und Ger\u00e4usche. Allerdings wird die Kontur immer wieder durchschossen. Etwa durch kurze, \u00fcber gestopfte Kl\u00e4nge realisierte Zusammenbruchsfelder. Die Metren wechseln periodisch: drei Halbe, vier Viertel, drei Viertel. Dominierende Intervalle sind Quarten, Quinten, Tritoni, gro\u00dfe Septimen. Deren Ausgangsstufen wechseln, so dass Harmoniebildungen zumindest durchscheinen.<\/p>\n<p><b>Szenen f\u00fcr 1 GeigerIn und 1 PianistIn<\/b><\/p>\n<p>Das St\u00fcck entstand in Zusammenarbeit mit der Geigerin Antje Messerschmidt. Sein Titel, gewiss ironisch gemeint, bezeichnet den Plural \u00bbIn\u00ab, in dem der Singular \u00bbin\u00ab verkappt ist. Zwei musizierende Subjekte stehen im Clinch. Clinchs kennen bekanntlich die subtilsten bis gr\u00f6bsten Facetten. Ein weites Feld. Keller hat es auf seine Weise beleuchtet, n\u00e4mlich rein musikalisch, was denkbar schwer ist. Das sechsteilige St\u00fcck formuliert ein Zusammenspiel zweier Individualisten, die jeweils, wie man sagt, ihren Stiebel durchziehen. Wodurch \u2013 die eigentliche W\u00fcrze des St\u00fccks \u2013 vielerlei komische Korrespondenzen entstehen. Nach anf\u00e4nglichem Abtasten kommt es erwartungsgem\u00e4\u00df zu sch\u00e4rfsten Kollisionen. W\u00e4hrend die\u00a0 Pianistin sich in wildesten Geb\u00e4rden \u00fcbt, musiziert die Geigerin klassizistische Figuren. Die Szenerie wechselt immerfort. Teil 4 verbildlicht eine Art Pr\u00fcgelstrafe. Auf extremste strukturelle Verdichtungen wei\u00df die verzweifelte Violinistin lediglich mit Floskeln zu antworten. Das Ende f\u00fchrt imitatorisch ausgefochtene Reflexaktionen, Sto\u00dfseufzer, Ermattungen mit. Ein lauter Klavierton im Diskant beendet den Reigen.<\/p>\n<p>Stefan Amzoll<\/p>\n<\/div>\n<\/td>\n<td><\/td>\n<\/tr>\n<\/tbody>\n<\/table>\n<p>Programm:<\/p>\n<p>[01]\u00a0<b>Konzert f\u00fcr Klavier und 13 Instrumentalisten<\/b>\u00a02. Klavierkonzert\u00a0(2003) 26:40<br \/>\n<span id=\"flash1\"><\/span><br \/>\nHermann Keller, piano<br \/>\nensemble chronophonie<br \/>\nManuel Nawri, conductor<\/p>\n<p>[02]\u00a0<b>Sonate f\u00fcr Streichtrio und Klavier<\/b>\u00a0(2002) 15:27<br \/>\n<span id=\"flash2\"><\/span><br \/>\nAntje Messerschmidt, violin<br \/>\nMartin Flade, viola<br \/>\nRalph-Raimund Krause, violoncello<br \/>\nHermann Keller, piano<\/p>\n<p>[03]\u00a0<b>Szene f\u00fcr Solo-Posaune<\/b>\u00a0(Teil 2) (1987) 07:09<br \/>\n<span id=\"flash3\"><\/span><br \/>\nMatthias Jann, trombone<\/p>\n<p>[04]\u00a0<b>Szenen f\u00fcr 1 GeigerIn und 1 PianistIn<\/b>\u00a0(2002)\u00a0<b>22:05<\/b><br \/>\n<span id=\"flash4\"><\/span><br \/>\nAntje Messerschmidt, violin<br \/>\nHermann Keller, piano<\/p>\n<p>total time 71:23<\/p>\n<p>World Premiere Recordings<\/p>\n","protected":false},"excerpt":{"rendered":"<p>Infotext: ZWEITES KLAVIERKONZERT UND KAMMERMUSIK Hermann Keller ist der Prototyp eines so bedachtsamen wie unruhevollen Experimentators und ungeahnte Erfindungen freisetzenden Improvisators, der es versteht, den ber\u00fchmten Funken \u00fcberspringen zu lassen. Eine seiner Lieblingsbesch\u00e4ftigungen: das Ex tempore auf dem Fl\u00fcgel, das er inWahnsinnsakten ebenso auf den Tasten wie im Korpus des Instruments realisiert. Was zu intonieren [&hellip;]<\/p>\n","protected":false},"featured_media":3073,"template":"","meta":{"site-sidebar-layout":"default","site-content-layout":"default","ast-site-content-layout":"default","site-content-style":"default","site-sidebar-style":"default","ast-global-header-display":"","ast-banner-title-visibility":"","ast-main-header-display":"","ast-hfb-above-header-display":"","ast-hfb-below-header-display":"","ast-hfb-mobile-header-display":"","site-post-title":"","ast-breadcrumbs-content":"","ast-featured-img":"","footer-sml-layout":"","theme-transparent-header-meta":"default","adv-header-id-meta":"","stick-header-meta":"","header-above-stick-meta":"","header-main-stick-meta":"","header-below-stick-meta":"","astra-migrate-meta-layouts":"default","ast-page-background-enabled":"default","ast-page-background-meta":{"desktop":{"background-color":"","background-image":"","background-repeat":"repeat","background-position":"center center","background-size":"auto","background-attachment":"scroll","background-type":"","background-media":"","overlay-type":"","overlay-color":"","overlay-opacity":"","overlay-gradient":""},"tablet":{"background-color":"","background-image":"","background-repeat":"repeat","background-position":"center center","background-size":"auto","background-attachment":"scroll","background-type":"","background-media":"","overlay-type":"","overlay-color":"","overlay-opacity":"","overlay-gradient":""},"mobile":{"background-color":"","background-image":"","background-repeat":"repeat","background-position":"center center","background-size":"auto","background-attachment":"scroll","background-type":"","background-media":"","overlay-type":"","overlay-color":"","overlay-opacity":"","overlay-gradient":""}},"ast-content-background-meta":{"desktop":{"background-color":"var(--ast-global-color-5)","background-image":"","background-repeat":"repeat","background-position":"center center","background-size":"auto","background-attachment":"scroll","background-type":"","background-media":"","overlay-type":"","overlay-color":"","overlay-opacity":"","overlay-gradient":""},"tablet":{"background-color":"var(--ast-global-color-5)","background-image":"","background-repeat":"repeat","background-position":"center center","background-size":"auto","background-attachment":"scroll","background-type":"","background-media":"","overlay-type":"","overlay-color":"","overlay-opacity":"","overlay-gradient":""},"mobile":{"background-color":"var(--ast-global-color-5)","background-image":"","background-repeat":"repeat","background-position":"center center","background-size":"auto","background-attachment":"scroll","background-type":"","background-media":"","overlay-type":"","overlay-color":"","overlay-opacity":"","overlay-gradient":""}}},"product_brand":[],"product_cat":[878,26],"product_tag":[],"class_list":{"0":"post-3072","1":"product","2":"type-product","3":"status-publish","4":"has-post-thumbnail","6":"product_cat-streichquartett","7":"product_cat-zeitgenossische-musik","8":"pa_artikelnummer-neos-11040","9":"pa_brand-neos-music","10":"pa_ean-619","11":"desktop-align-left","12":"tablet-align-left","13":"mobile-align-left","15":"first","16":"outofstock","17":"taxable","18":"shipping-taxable","19":"purchasable","20":"product-type-simple"},"yoast_head":"<!-- This site is optimized with the Yoast SEO plugin v27.4 - https:\/\/yoast.com\/product\/yoast-seo-wordpress\/ -->\n<title>Hermann Keller: Second Piano Concerto and Chamber Music - NEOS Music<\/title>\n<meta name=\"robots\" content=\"index, follow, max-snippet:-1, max-image-preview:large, max-video-preview:-1\" \/>\n<link rel=\"canonical\" href=\"https:\/\/neos-music.com\/en_us\/product\/hermann-keller-second-piano-concerto-and-chamber-music\/\" \/>\n<meta property=\"og:locale\" content=\"en_US\" \/>\n<meta property=\"og:type\" content=\"article\" \/>\n<meta property=\"og:title\" content=\"Hermann Keller: Second Piano Concerto and Chamber Music - NEOS Music\" \/>\n<meta property=\"og:description\" content=\"Infotext: ZWEITES KLAVIERKONZERT UND KAMMERMUSIK Hermann Keller ist der Prototyp eines so bedachtsamen wie unruhevollen Experimentators und ungeahnte Erfindungen freisetzenden Improvisators, der es versteht, den ber\u00fchmten Funken \u00fcberspringen zu lassen. Eine seiner Lieblingsbesch\u00e4ftigungen: das Ex tempore auf dem Fl\u00fcgel, das er inWahnsinnsakten ebenso auf den Tasten wie im Korpus des Instruments realisiert. Was zu intonieren [&hellip;]\" \/>\n<meta property=\"og:url\" content=\"https:\/\/neos-music.com\/en_us\/product\/hermann-keller-second-piano-concerto-and-chamber-music\/\" \/>\n<meta property=\"og:site_name\" content=\"NEOS Music\" \/>\n<meta property=\"article:modified_time\" content=\"2023-01-08T17:56:05+00:00\" \/>\n<meta property=\"og:image\" content=\"https:\/\/neos-music.com\/wp-content\/uploads\/2022\/11\/NEOS_11040_Keller.jpeg\" \/>\n\t<meta property=\"og:image:width\" content=\"1649\" \/>\n\t<meta property=\"og:image:height\" content=\"1482\" \/>\n\t<meta property=\"og:image:type\" content=\"image\/jpeg\" \/>\n<meta name=\"twitter:card\" content=\"summary_large_image\" \/>\n<meta name=\"twitter:label1\" content=\"Est. reading time\" \/>\n\t<meta name=\"twitter:data1\" content=\"6 minutes\" \/>\n<script type=\"application\/ld+json\" class=\"yoast-schema-graph\">{\"@context\":\"https:\\\/\\\/schema.org\",\"@graph\":[{\"@type\":\"WebPage\",\"@id\":\"https:\\\/\\\/neos-music.com\\\/product\\\/hermann-keller-second-piano-concerto-and-chamber-music\\\/\",\"url\":\"https:\\\/\\\/neos-music.com\\\/product\\\/hermann-keller-second-piano-concerto-and-chamber-music\\\/\",\"name\":\"Hermann Keller: Second Piano Concerto and Chamber Music - NEOS Music\",\"isPartOf\":{\"@id\":\"https:\\\/\\\/neos-music.com\\\/#website\"},\"primaryImageOfPage\":{\"@id\":\"https:\\\/\\\/neos-music.com\\\/product\\\/hermann-keller-second-piano-concerto-and-chamber-music\\\/#primaryimage\"},\"image\":{\"@id\":\"https:\\\/\\\/neos-music.com\\\/product\\\/hermann-keller-second-piano-concerto-and-chamber-music\\\/#primaryimage\"},\"thumbnailUrl\":\"https:\\\/\\\/i0.wp.com\\\/neos-music.com\\\/wp-content\\\/uploads\\\/2022\\\/11\\\/NEOS_11040_Keller.jpeg?fit=1649%2C1482&ssl=1\",\"datePublished\":\"2010-09-10T15:54:22+00:00\",\"dateModified\":\"2023-01-08T17:56:05+00:00\",\"breadcrumb\":{\"@id\":\"https:\\\/\\\/neos-music.com\\\/product\\\/hermann-keller-second-piano-concerto-and-chamber-music\\\/#breadcrumb\"},\"inLanguage\":\"en-US\",\"potentialAction\":[{\"@type\":\"ReadAction\",\"target\":[\"https:\\\/\\\/neos-music.com\\\/product\\\/hermann-keller-second-piano-concerto-and-chamber-music\\\/\"]}]},{\"@type\":\"ImageObject\",\"inLanguage\":\"en-US\",\"@id\":\"https:\\\/\\\/neos-music.com\\\/product\\\/hermann-keller-second-piano-concerto-and-chamber-music\\\/#primaryimage\",\"url\":\"https:\\\/\\\/i0.wp.com\\\/neos-music.com\\\/wp-content\\\/uploads\\\/2022\\\/11\\\/NEOS_11040_Keller.jpeg?fit=1649%2C1482&ssl=1\",\"contentUrl\":\"https:\\\/\\\/i0.wp.com\\\/neos-music.com\\\/wp-content\\\/uploads\\\/2022\\\/11\\\/NEOS_11040_Keller.jpeg?fit=1649%2C1482&ssl=1\",\"width\":1649,\"height\":1482},{\"@type\":\"BreadcrumbList\",\"@id\":\"https:\\\/\\\/neos-music.com\\\/product\\\/hermann-keller-second-piano-concerto-and-chamber-music\\\/#breadcrumb\",\"itemListElement\":[{\"@type\":\"ListItem\",\"position\":1,\"name\":\"Startseite\",\"item\":\"https:\\\/\\\/neos-music.com\\\/\"},{\"@type\":\"ListItem\",\"position\":2,\"name\":\"Produkte\",\"item\":\"https:\\\/\\\/neos-music.com\\\/shop__trashed\\\/\"},{\"@type\":\"ListItem\",\"position\":3,\"name\":\"Hermann Keller: Second Piano Concerto and Chamber Music\"}]},{\"@type\":\"WebSite\",\"@id\":\"https:\\\/\\\/neos-music.com\\\/#website\",\"url\":\"https:\\\/\\\/neos-music.com\\\/\",\"name\":\"NEOS Music\",\"description\":\"Dein Online Shop f\u00fcr zeitgen\u00f6ssische Musik, Jazz und Classics!\",\"publisher\":{\"@id\":\"https:\\\/\\\/neos-music.com\\\/#organization\"},\"potentialAction\":[{\"@type\":\"SearchAction\",\"target\":{\"@type\":\"EntryPoint\",\"urlTemplate\":\"https:\\\/\\\/neos-music.com\\\/?s={search_term_string}\"},\"query-input\":{\"@type\":\"PropertyValueSpecification\",\"valueRequired\":true,\"valueName\":\"search_term_string\"}}],\"inLanguage\":\"en-US\"},{\"@type\":\"Organization\",\"@id\":\"https:\\\/\\\/neos-music.com\\\/#organization\",\"name\":\"NEOS Music\",\"url\":\"https:\\\/\\\/neos-music.com\\\/\",\"logo\":{\"@type\":\"ImageObject\",\"inLanguage\":\"en-US\",\"@id\":\"https:\\\/\\\/neos-music.com\\\/#\\\/schema\\\/logo\\\/image\\\/\",\"url\":\"https:\\\/\\\/i0.wp.com\\\/neos-music.com\\\/wp-content\\\/uploads\\\/2025\\\/08\\\/NEOS-Logo-weiss.png?fit=800%2C203&ssl=1\",\"contentUrl\":\"https:\\\/\\\/i0.wp.com\\\/neos-music.com\\\/wp-content\\\/uploads\\\/2025\\\/08\\\/NEOS-Logo-weiss.png?fit=800%2C203&ssl=1\",\"width\":800,\"height\":203,\"caption\":\"NEOS Music\"},\"image\":{\"@id\":\"https:\\\/\\\/neos-music.com\\\/#\\\/schema\\\/logo\\\/image\\\/\"}}]}<\/script>\n<!-- \/ Yoast SEO plugin. -->","yoast_head_json":{"title":"Hermann Keller: Second Piano Concerto and Chamber Music - NEOS Music","robots":{"index":"index","follow":"follow","max-snippet":"max-snippet:-1","max-image-preview":"max-image-preview:large","max-video-preview":"max-video-preview:-1"},"canonical":"https:\/\/neos-music.com\/en_us\/product\/hermann-keller-second-piano-concerto-and-chamber-music\/","og_locale":"en_US","og_type":"article","og_title":"Hermann Keller: Second Piano Concerto and Chamber Music - NEOS Music","og_description":"Infotext: ZWEITES KLAVIERKONZERT UND KAMMERMUSIK Hermann Keller ist der Prototyp eines so bedachtsamen wie unruhevollen Experimentators und ungeahnte Erfindungen freisetzenden Improvisators, der es versteht, den ber\u00fchmten Funken \u00fcberspringen zu lassen. Eine seiner Lieblingsbesch\u00e4ftigungen: das Ex tempore auf dem Fl\u00fcgel, das er inWahnsinnsakten ebenso auf den Tasten wie im Korpus des Instruments realisiert. Was zu intonieren [&hellip;]","og_url":"https:\/\/neos-music.com\/en_us\/product\/hermann-keller-second-piano-concerto-and-chamber-music\/","og_site_name":"NEOS Music","article_modified_time":"2023-01-08T17:56:05+00:00","og_image":[{"width":1649,"height":1482,"url":"https:\/\/neos-music.com\/wp-content\/uploads\/2022\/11\/NEOS_11040_Keller.jpeg","type":"image\/jpeg"}],"twitter_card":"summary_large_image","twitter_misc":{"Est. reading time":"6 minutes"},"schema":{"@context":"https:\/\/schema.org","@graph":[{"@type":"WebPage","@id":"https:\/\/neos-music.com\/product\/hermann-keller-second-piano-concerto-and-chamber-music\/","url":"https:\/\/neos-music.com\/product\/hermann-keller-second-piano-concerto-and-chamber-music\/","name":"Hermann Keller: Second Piano Concerto and Chamber Music - NEOS Music","isPartOf":{"@id":"https:\/\/neos-music.com\/#website"},"primaryImageOfPage":{"@id":"https:\/\/neos-music.com\/product\/hermann-keller-second-piano-concerto-and-chamber-music\/#primaryimage"},"image":{"@id":"https:\/\/neos-music.com\/product\/hermann-keller-second-piano-concerto-and-chamber-music\/#primaryimage"},"thumbnailUrl":"https:\/\/i0.wp.com\/neos-music.com\/wp-content\/uploads\/2022\/11\/NEOS_11040_Keller.jpeg?fit=1649%2C1482&ssl=1","datePublished":"2010-09-10T15:54:22+00:00","dateModified":"2023-01-08T17:56:05+00:00","breadcrumb":{"@id":"https:\/\/neos-music.com\/product\/hermann-keller-second-piano-concerto-and-chamber-music\/#breadcrumb"},"inLanguage":"en-US","potentialAction":[{"@type":"ReadAction","target":["https:\/\/neos-music.com\/product\/hermann-keller-second-piano-concerto-and-chamber-music\/"]}]},{"@type":"ImageObject","inLanguage":"en-US","@id":"https:\/\/neos-music.com\/product\/hermann-keller-second-piano-concerto-and-chamber-music\/#primaryimage","url":"https:\/\/i0.wp.com\/neos-music.com\/wp-content\/uploads\/2022\/11\/NEOS_11040_Keller.jpeg?fit=1649%2C1482&ssl=1","contentUrl":"https:\/\/i0.wp.com\/neos-music.com\/wp-content\/uploads\/2022\/11\/NEOS_11040_Keller.jpeg?fit=1649%2C1482&ssl=1","width":1649,"height":1482},{"@type":"BreadcrumbList","@id":"https:\/\/neos-music.com\/product\/hermann-keller-second-piano-concerto-and-chamber-music\/#breadcrumb","itemListElement":[{"@type":"ListItem","position":1,"name":"Startseite","item":"https:\/\/neos-music.com\/"},{"@type":"ListItem","position":2,"name":"Produkte","item":"https:\/\/neos-music.com\/shop__trashed\/"},{"@type":"ListItem","position":3,"name":"Hermann Keller: Second Piano Concerto and Chamber Music"}]},{"@type":"WebSite","@id":"https:\/\/neos-music.com\/#website","url":"https:\/\/neos-music.com\/","name":"NEOS Music","description":"Dein Online Shop f\u00fcr zeitgen\u00f6ssische Musik, Jazz und Classics!","publisher":{"@id":"https:\/\/neos-music.com\/#organization"},"potentialAction":[{"@type":"SearchAction","target":{"@type":"EntryPoint","urlTemplate":"https:\/\/neos-music.com\/?s={search_term_string}"},"query-input":{"@type":"PropertyValueSpecification","valueRequired":true,"valueName":"search_term_string"}}],"inLanguage":"en-US"},{"@type":"Organization","@id":"https:\/\/neos-music.com\/#organization","name":"NEOS Music","url":"https:\/\/neos-music.com\/","logo":{"@type":"ImageObject","inLanguage":"en-US","@id":"https:\/\/neos-music.com\/#\/schema\/logo\/image\/","url":"https:\/\/i0.wp.com\/neos-music.com\/wp-content\/uploads\/2025\/08\/NEOS-Logo-weiss.png?fit=800%2C203&ssl=1","contentUrl":"https:\/\/i0.wp.com\/neos-music.com\/wp-content\/uploads\/2025\/08\/NEOS-Logo-weiss.png?fit=800%2C203&ssl=1","width":800,"height":203,"caption":"NEOS Music"},"image":{"@id":"https:\/\/neos-music.com\/#\/schema\/logo\/image\/"}}]}},"jetpack_sharing_enabled":true,"_links":{"self":[{"href":"https:\/\/neos-music.com\/en_us\/wp-json\/wp\/v2\/product\/3072","targetHints":{"allow":["GET"]}}],"collection":[{"href":"https:\/\/neos-music.com\/en_us\/wp-json\/wp\/v2\/product"}],"about":[{"href":"https:\/\/neos-music.com\/en_us\/wp-json\/wp\/v2\/types\/product"}],"version-history":[{"count":0,"href":"https:\/\/neos-music.com\/en_us\/wp-json\/wp\/v2\/product\/3072\/revisions"}],"wp:featuredmedia":[{"embeddable":true,"href":"https:\/\/neos-music.com\/en_us\/wp-json\/wp\/v2\/media\/3073"}],"wp:attachment":[{"href":"https:\/\/neos-music.com\/en_us\/wp-json\/wp\/v2\/media?parent=3072"}],"wp:term":[{"taxonomy":"product_brand","embeddable":true,"href":"https:\/\/neos-music.com\/en_us\/wp-json\/wp\/v2\/product_brand?post=3072"},{"taxonomy":"product_cat","embeddable":true,"href":"https:\/\/neos-music.com\/en_us\/wp-json\/wp\/v2\/product_cat?post=3072"},{"taxonomy":"product_tag","embeddable":true,"href":"https:\/\/neos-music.com\/en_us\/wp-json\/wp\/v2\/product_tag?post=3072"}],"curies":[{"name":"wp","href":"https:\/\/api.w.org\/{rel}","templated":true}]}}