{"id":3077,"date":"2010-08-23T15:59:42","date_gmt":"2010-08-23T15:59:42","guid":{"rendered":"https:\/\/neos-music.com\/?post_type=product&#038;p=3077"},"modified":"2023-01-09T19:17:24","modified_gmt":"2023-01-09T19:17:24","slug":"wolfgang-rihm-bela-bartok-schrift-um-schrift","status":"publish","type":"product","link":"https:\/\/neos-music.com\/en_us\/product\/wolfgang-rihm-bela-bartok-schrift-um-schrift\/","title":{"rendered":"Wolfgang Rihm, B\u00e9la Bart\u00f3k: Schrift-Um-Schrift"},"content":{"rendered":"<p>Infotext:<\/p>\n<table border=\"0\" width=\"100%\" rules=\"none\" cellspacing=\"0\" cellpadding=\"0\">\n<tbody>\n<tr>\n<td class=\"bigcontent2\">\n<div id=\"infotext\">\n<p><b>BART\u00d3K \u2013 RIHM<\/b><\/p>\n<p>Seine Vorliebe f\u00fcr die Kombination Klavier\u2013Schlagzeug hatte Bart\u00f3k bereits ein Jahrzehnt vor der Quartett-Sonate demonstrativ \u00f6ffentlich gemacht: in seinem ersten Klavierkonzert, in dem die neue Prominenz des Schlagzeugs auch optisch dadurch demonstriert wird, dass die Spieler \u00bbunmittelbar hinter dem Klavier aufgestellt\u00ab werden.<\/p>\n<p>Klavier und Perkussion geh\u00f6ren f\u00fcr Bart\u00f3k zu\u00a0<i>einer<\/i>\u00a0Familie, schlie\u00dflich\u00a0<i>schlagen<\/i>\u00a0ja beim Klavier die H\u00e4mmer auf die Saiten. In den zwanziger Jahren des vorigen Jahrhunderts hatte, neben Bart\u00f3k, so mancher Komponist Schluss gemacht mit der Illu-sion des pianistischen Belcanto und dem Klavier die Rolle eines Schlaginstruments zugewiesen \u2013 oder gar, wie Strawinsky und Antheil, mehrere Klaviere gegen ganze Schlagzeugorchester antreten lassen.<\/p>\n<p>1937 beauftragte der milliardenschwere schweizerische M\u00e4zen und Dirigent Paul Sacher den Ungarn zu dieser zweiten von insgesamt drei von ihm honorierten Bart\u00f3k-Kompositionen \u2013 vorangegangen war die epochale Musik f\u00fcr Saiteninstrumente, Schlagzeug und Celesta, die idiomatisch und klanglich zur unmittelbaren Vorgeschichte der Sonate geh\u00f6rt. Der dauernde Kontakt zu Sacher und anderen schweizerischen Freunden war f\u00fcr Bart\u00f3k \u2013 den mimosenhaften, zur Verbitterung neigenden, in politischen und kunstmoralischen Fragen bis zum Selbstzerst\u00f6rerischen kompromisslosen Menschen \u2013 ein wichtiger R\u00fcckhalt, bevor er dann doch dem faschistischen Europa, insbesondere dem deutschen \u00bbR\u00e4uber- und M\u00f6rdersystem\u00ab, den R\u00fccken kehrte.<\/p>\n<p>Schon seine damals bereits vier Jahrzehnte andauernde Leidenschaft f\u00fcr die balkanische Volksmusik, die er stets \u00bbBauernmusik\u00ab nannte, war aus politischem Widerspruch, n\u00e4mlich seinem antihabsburgischen Nationalismus entstanden, war au\u00dferdem eine Flucht ins Landleben, das er, der unter der Feindseligkeit der Gro\u00dfst\u00e4dte litt, nicht ohne Naivit\u00e4t idealisierte. Die Bauernmusik war ihm \u00bbdie triebhafte Sch\u00f6pfung einer von jeder Gelehrsamkeit freien Volksgruppe\u00ab. Wobei das Spannende an Bart\u00f3ks kompositorischer Nutzanwendung seiner Folklorestudien nat\u00fcrlich die Intellektualisierung dieser musikalischen Naturkr\u00e4fte ist; zum Beispiel im Kopfsatz der Sonate die Verwandlung der mit unregelm\u00e4\u00dfigen Metren operierenden, theorie- und schriftlosen Tanzmusik \u00bballa bulgarese\u00ab in eine komplizierte arithmetische \u00dcbung \u00fcber die M\u00f6glichkeiten, einen 9\/8-Takt zu dividieren \u2013 und h\u00e4ufig noch die unterschiedlichen Resultate \u00fcbereinander zu schichten. Das erste Thema etwa (ab Takt 52) mit seinen anf\u00e4nglich demonstrativen C-dur-Quadern wird nicht als 9\/8-Takt empfunden, sondern als ein 4\/4 mit einem Achtel \u00bbvaleur ajout\u00e9e\u00ab; das zweite Thema (ab Takt 87) unterteilt das Metrum zun\u00e4chst \u00bbbulgarisch\u00ab in 4+2+3 Achtel, bevor es in allen m\u00f6glichen Permutationen (2+3+4) oder sonstigen Aufteilungen (2+2+5) daherkommt.<\/p>\n<p>Eingeleitet wird der Satz mit einer gr\u00fcblerischen, ostinaten neunt\u00f6nigen \u00bbReihe\u00ab, die sp\u00e4ter, unerbittlich-motorisch, zum \u00bbMovens\u00ab einer mit eherner Konsequenz sich aufbauenden Durchf\u00fchrung wird. Bart\u00f3k, der sensible, penible, scheue Mensch, der das Rustikale als Remedium gegen zu viel Verfeinerung (ge)brauchte, enth\u00e4lt seiner Sonate, bei aller Virtuosit\u00e4t, jedes Klang-Parfum, jeden pianistischen Zierrat vor \u2013 zugunsten klingender Elementarereignisse, die er, gem\u00e4\u00df der Dialektik des \u00bbstile barbaro\u00ab, mit wachstem Kunstverstand kontrolliert.<\/p>\n<p>Der regiert nat\u00fcrlich auch das finale Sonaten-Rondo, dessen Hauptgegenstand das k\u00fcnstlich-naive Tonleiter-Thema des Xylophons ist, mit\u00a0 lydischer Quart und mixolydischer Septime \u00fcber dem blanken C-dur der Klaviere. Sein \u00bbVolkston\u00ab bewahrt es nat\u00fcrlich nicht vor gr\u00fcndlichen Durchf\u00fchrungspraktiken zwischen vierstimmigem Umkehrungskanon und g\u00e4nzlicher \u00bbAtomisierung\u00ab.<\/p>\n<p>Von Bart\u00f3k selbst kam auch im Fall der Sonate nur ein kurz angebundener und schrecklich trockener Werkkommentar. Zum zentralen Lento etwa rang er sich einen einzigen Satz ab: \u00bbDer zweite Satz in F hat die Liedform a-b-a\u00ab \u2013 und das zu einem der geheimnisvollsten Nocturnes der Musikgeschichte! Mit den Nachweisen besonderer musikarchitektonischer Stichhaltigkeit, die es im Falle der Bart\u00f3k-Sonate im \u00dcberfluss gibt, w\u00fcrde man Wolfgang Rihm keinen Gefallen tun. Er, der sich vor Bekenntnissen wie \u00bbIch handle nach der Intuition und sehr subjektiv\u00ab nicht scheut, komponiert \u00bbspontaneistisch\u00ab, h\u00e4lt nichts von programmierten, schematisierenden Baupl\u00e4nen samt alles vernetzender konstruktiver Logik, l\u00e4sst stattdessen seine Musik aus dem dramaturgischen Gesp\u00fcr f\u00fcr den jeweils \u00bbrichtigen\u00ab n\u00e4chsten kompositorischen Schritt sich entwickeln.<\/p>\n<p>Rihm schreibt eine \u00bbmusique fleuve\u00ab, ein klingendes, prozesshaftes Flie\u00dfen, das \u00bbenergetisch, nervlich gestaltet ist\u00ab und wohl dem nahe kommt, was Adorno 1961 als utopische \u00bbmusique informelle\u00ab umschrieb. Hand in Hand damit geht ein Verfahren, das als \u00dcbermalung, Palimpsest, Kontrafaktur, Double, Prolif\u00e9ration, Rhizom etc. von bildender Kunst und Literaturtheorie l\u00e4ngst in die Musik \u00fcbernommen worden ist und den Vorgang des Weiterdenkens von bereits Existierendem meint, in der Musik das Aufdecken ungenutzter Potentiale schon vorhandener Kompositionen.\u00a0<i>Schrift-Um-Schrift<\/i>\u00a0weist mit seinen Entstehungs-Eckdaten (1993\/2007) wie mit seinem mehrdeutigen Titel auf die Zugeh\u00f6rigkeit zu dieser Spezies hin.<\/p>\n<p>Das St\u00fcck mit seiner sukzessiven Entwicklung von punktuellen Ereignissen und Liegekl\u00e4ngen hin zur komplexen Verschr\u00e4nkung vielfarbig ausschwingender, abged\u00e4mpfter, glei\u00dfender, zischender, dr\u00f6hnender Hall- und Resonanzr\u00e4ume hat viele \u00bb\u00fcberschriebene\u00ab Vorl\u00e4ufer, wie Rihm im Werkkommentar aufdeckt: \u00bbDer Werkkomplex, aus dem auch dieses Werk stammt, ist ein labyrinthisches Feld, eine Gruppe, die sich fortzeugt, in der Werke sich gegenseitig durchstreichen und wegdr\u00fccken und neue Teile geb\u00e4ren. Das ist wie ein Naturvorgang, nicht geplant \u2026\u00ab. Begibt man sich in das \u00bblabyrinthische Feld\u00ab, so trifft man auf das Bl\u00e4ser-Schlagzeugst\u00fcck\u00a0<i>Et nunc<\/i>, das Klavierkonzert\u00a0<i>Sphere<\/i>, die Klavierst\u00fccke\u00a0<i>Nachstudie<\/i>\u00a0und\u00a0<i>\u00dcber-Schrift<\/i>.<\/p>\n<p align=\"right\">Rainer Peters<\/p>\n<\/div>\n<\/td>\n<td><\/td>\n<\/tr>\n<\/tbody>\n<\/table>\n<p>Programm:<\/p>\n<p><b>Wolfgang Rihm<\/b>\u00a0(*1952)<\/p>\n<p>[01]\u00a0<b>Schrift-Um-Schrift<\/b>\u00a0(1993\/2007) 30:41<br \/>\nfor two pianos and two percussionists<\/p>\n<p><b>B\u00e9la Bart\u00f3k<\/b>\u00a0(1881\u20131945)<br \/>\n<b>Sonata for Two Pianos and Percussion<\/b>\u00a0(1937) 26:07<br \/>\n[02] I. Assai lento \u2013 Allegro molto 13:19<br \/>\n[03] II. Lento, ma non troppo 06:26<br \/>\n[04] III. Allegro non troppo 06:22<\/p>\n<p>total time 57:00<\/p>\n<p><b><a class=\"arcoma_glossarylink\" href=\"https:\/\/neos-music.com\/output.php?content=Kuenstler\/GrauSchumacher_Piano_Duo.php&amp;treplace=english%2Cgerman\" target=\"_self\" rel=\"noopener\">GrauSchumacher Piano Duo<\/a><br \/>\n<a class=\"arcoma_glossarylink\" href=\"https:\/\/neos-music.com\/output.php?content=Kuenstler\/Schindlbeck_Franz.php&amp;treplace=english%2Cgerman\" target=\"_self\" rel=\"noopener\">Franz Schindlbeck<\/a>\u00a0&amp;\u00a0<a class=\"arcoma_glossarylink\" href=\"https:\/\/neos-music.com\/output.php?content=Kuenstler\/Schlichte_Jan.php&amp;treplace=english%2Cgerman\" target=\"_self\" rel=\"noopener\">Jan Schlichte<\/a>, percussion<\/b><\/p>\n<p>Coproduction Westdeutscher Rundfunk K\u00f6ln \u2022 NEOS Music GmbH<\/p>\n<p>Pressestimmen:<\/p>\n<p><img data-recalc-dims=\"1\" decoding=\"async\" src=\"https:\/\/i0.wp.com\/neos-music.com\/images\/news\/Gramophone-Archive.jpg?ssl=1\" \/><br \/>\n<b>03\/2011<\/b><\/p>\n<p><img data-recalc-dims=\"1\" decoding=\"async\" src=\"https:\/\/i0.wp.com\/neos-music.com\/images\/news\/11032_grammophone_03_11.jpg?ssl=1\" \/><\/p>\n<p><b><\/b><\/p>\n<p><b><img data-recalc-dims=\"1\" decoding=\"async\" src=\"https:\/\/i0.wp.com\/neos-music.com\/images\/news\/Diverdi-Logo013.jpg?ssl=1\" \/><br \/>\n02\/2011<\/b><\/p>\n<p><img data-recalc-dims=\"1\" decoding=\"async\" src=\"https:\/\/i0.wp.com\/neos-music.com\/images\/news\/11032_Diverdi_web.jpg?ssl=1\" \/><\/p>\n<p><b><\/b><\/p>\n<p><b>BERLINER PHILHARMONIKER<br \/>\ndas magazin<br \/>\n<\/b>Jan\/Feb 2011<\/p>\n<p><img data-recalc-dims=\"1\" decoding=\"async\" src=\"https:\/\/i0.wp.com\/neos-music.com\/images\/news\/11032_Philharmoniker.jpg?ssl=1\" \/><\/p>\n<p>&nbsp;<\/p>\n<p>&nbsp;<\/p>\n<p><img data-recalc-dims=\"1\" decoding=\"async\" src=\"https:\/\/i0.wp.com\/neos-music.com\/images\/news\/logo_FonoForum.gif?ssl=1\" \/><br \/>\n1\/2011<\/p>\n<p><img data-recalc-dims=\"1\" decoding=\"async\" src=\"https:\/\/i0.wp.com\/neos-music.com\/images\/news\/11032_FoFo_01_11.jpg?ssl=1\" \/><\/p>\n<p>&nbsp;<\/p>\n<p><img data-recalc-dims=\"1\" decoding=\"async\" src=\"https:\/\/i0.wp.com\/neos-music.com\/images\/news\/logo_Badische%20Zeitung.jpg?ssl=1\" \/><br \/>\n15.09.2010<\/p>\n<p><b>CD: KLASSIK: Erste Liga, hohe Lage<\/b><\/p>\n<p>Klangtropfen zun\u00e4chst. Punktuelle Musik. Der Halbst\u00fcnder baut sich auf, kommt in Gang. Die Verlautbarungen der zwei Klaviere (Andreas Grau und G\u00f6tz Schumacher) und der beiden Schlagzeuger (Franz Schindlbeck und Jan Schlichte) n\u00e4hern sich an, vermischen sich virtuos. Merke: Auch das Klavier ist ein Schlagzeug. Ein ausgesprochen farbiges Musizieren ist da zu beobachten. Eine dichtes, flie\u00dfendes, Repetition und Minimalismus zumindest streifendes Klanggeschehen, das sich nicht selten in h\u00f6herer Lage ereignet.<\/p>\n<p>Wolfgang Rihms umfangreiches Opus &#8222;Schrift-Um-Schrift&#8220; von 1993\/2007 ist anschwellend und verebbend, klammert das Melos eher aus. Rihm, der so produktive Karlsruher, bleibt Rihm \u2013 ein Komponist, der viel zu sagen hat. Seine Interpreten tun es ihm auf dem eigenen Feld gleich \u2013 nicht zuletzt aufgrund ihrer Bef\u00e4higung zur Kooperation. Hier wie auch bei B\u00e9la Bart\u00f3ks Sonate f\u00fcr zwei Klaviere und Schlagzeug, diesem einst f\u00fcr den Basler M\u00e4zen Paul Sacher entstandenen Klassiker der Moderne, zeigt sich: Diese souver\u00e4nen Tastenleute k\u00f6nnen alles. Kein Wunder, dass das Duo Grau &amp; Schumacher, zumal in Sachen Musica nova, in der ersten Liga spielt.<\/p>\n<p>Johannes Adam<\/p>\n","protected":false},"excerpt":{"rendered":"<p>Infotext: BART\u00d3K \u2013 RIHM Seine Vorliebe f\u00fcr die Kombination Klavier\u2013Schlagzeug hatte Bart\u00f3k bereits ein Jahrzehnt vor der Quartett-Sonate demonstrativ \u00f6ffentlich gemacht: in seinem ersten Klavierkonzert, in dem die neue Prominenz des Schlagzeugs auch optisch dadurch demonstriert wird, dass die Spieler \u00bbunmittelbar hinter dem Klavier aufgestellt\u00ab werden. Klavier und Perkussion geh\u00f6ren f\u00fcr Bart\u00f3k zu\u00a0einer\u00a0Familie, schlie\u00dflich\u00a0schlagen\u00a0ja beim [&hellip;]<\/p>\n","protected":false},"featured_media":3078,"template":"","meta":{"site-sidebar-layout":"default","site-content-layout":"default","ast-site-content-layout":"default","site-content-style":"default","site-sidebar-style":"default","ast-global-header-display":"","ast-banner-title-visibility":"","ast-main-header-display":"","ast-hfb-above-header-display":"","ast-hfb-below-header-display":"","ast-hfb-mobile-header-display":"","site-post-title":"","ast-breadcrumbs-content":"","ast-featured-img":"","footer-sml-layout":"","theme-transparent-header-meta":"default","adv-header-id-meta":"","stick-header-meta":"","header-above-stick-meta":"","header-main-stick-meta":"","header-below-stick-meta":"","astra-migrate-meta-layouts":"default","ast-page-background-enabled":"default","ast-page-background-meta":{"desktop":{"background-color":"","background-image":"","background-repeat":"repeat","background-position":"center center","background-size":"auto","background-attachment":"scroll","background-type":"","background-media":"","overlay-type":"","overlay-color":"","overlay-opacity":"","overlay-gradient":""},"tablet":{"background-color":"","background-image":"","background-repeat":"repeat","background-position":"center center","background-size":"auto","background-attachment":"scroll","background-type":"","background-media":"","overlay-type":"","overlay-color":"","overlay-opacity":"","overlay-gradient":""},"mobile":{"background-color":"","background-image":"","background-repeat":"repeat","background-position":"center center","background-size":"auto","background-attachment":"scroll","background-type":"","background-media":"","overlay-type":"","overlay-color":"","overlay-opacity":"","overlay-gradient":""}},"ast-content-background-meta":{"desktop":{"background-color":"var(--ast-global-color-5)","background-image":"","background-repeat":"repeat","background-position":"center center","background-size":"auto","background-attachment":"scroll","background-type":"","background-media":"","overlay-type":"","overlay-color":"","overlay-opacity":"","overlay-gradient":""},"tablet":{"background-color":"var(--ast-global-color-5)","background-image":"","background-repeat":"repeat","background-position":"center center","background-size":"auto","background-attachment":"scroll","background-type":"","background-media":"","overlay-type":"","overlay-color":"","overlay-opacity":"","overlay-gradient":""},"mobile":{"background-color":"var(--ast-global-color-5)","background-image":"","background-repeat":"repeat","background-position":"center center","background-size":"auto","background-attachment":"scroll","background-type":"","background-media":"","overlay-type":"","overlay-color":"","overlay-opacity":"","overlay-gradient":""}}},"product_brand":[],"product_cat":[882,26],"product_tag":[],"class_list":{"0":"post-3077","1":"product","2":"type-product","3":"status-publish","4":"has-post-thumbnail","6":"product_cat-klavier","7":"product_cat-zeitgenossische-musik","8":"pa_artikelnummer-neos-11032","9":"pa_brand-neos-music","10":"pa_ean-623","11":"desktop-align-left","12":"tablet-align-left","13":"mobile-align-left","15":"first","16":"instock","17":"taxable","18":"shipping-taxable","19":"purchasable","20":"product-type-simple"},"yoast_head":"<!-- This site is optimized with the Yoast SEO plugin v27.3 - https:\/\/yoast.com\/product\/yoast-seo-wordpress\/ -->\n<title>Wolfgang Rihm, B\u00e9la Bart\u00f3k: Schrift-Um-Schrift - NEOS Music<\/title>\n<meta name=\"robots\" content=\"index, follow, max-snippet:-1, max-image-preview:large, max-video-preview:-1\" \/>\n<link rel=\"canonical\" href=\"https:\/\/neos-music.com\/en_us\/product\/wolfgang-rihm-bela-bartok-schrift-um-schrift\/\" \/>\n<meta property=\"og:locale\" content=\"en_US\" \/>\n<meta property=\"og:type\" content=\"article\" \/>\n<meta property=\"og:title\" content=\"Wolfgang Rihm, B\u00e9la Bart\u00f3k: Schrift-Um-Schrift - NEOS Music\" \/>\n<meta property=\"og:description\" content=\"Infotext: BART\u00d3K \u2013 RIHM Seine Vorliebe f\u00fcr die Kombination Klavier\u2013Schlagzeug hatte Bart\u00f3k bereits ein Jahrzehnt vor der Quartett-Sonate demonstrativ \u00f6ffentlich gemacht: in seinem ersten Klavierkonzert, in dem die neue Prominenz des Schlagzeugs auch optisch dadurch demonstriert wird, dass die Spieler \u00bbunmittelbar hinter dem Klavier aufgestellt\u00ab werden. Klavier und Perkussion geh\u00f6ren f\u00fcr Bart\u00f3k zu\u00a0einer\u00a0Familie, schlie\u00dflich\u00a0schlagen\u00a0ja beim [&hellip;]\" \/>\n<meta property=\"og:url\" content=\"https:\/\/neos-music.com\/en_us\/product\/wolfgang-rihm-bela-bartok-schrift-um-schrift\/\" \/>\n<meta property=\"og:site_name\" content=\"NEOS Music\" \/>\n<meta property=\"article:modified_time\" content=\"2023-01-09T19:17:24+00:00\" \/>\n<meta property=\"og:image\" content=\"https:\/\/neos-music.com\/wp-content\/uploads\/2022\/11\/NEOS_11032_Rihm_Bartok_Cover.jpeg\" \/>\n\t<meta property=\"og:image:width\" content=\"1647\" \/>\n\t<meta property=\"og:image:height\" content=\"1483\" \/>\n\t<meta property=\"og:image:type\" content=\"image\/jpeg\" \/>\n<meta name=\"twitter:card\" content=\"summary_large_image\" \/>\n<meta name=\"twitter:label1\" content=\"Est. reading time\" \/>\n\t<meta name=\"twitter:data1\" content=\"5 minutes\" \/>\n<script type=\"application\/ld+json\" class=\"yoast-schema-graph\">{\"@context\":\"https:\\\/\\\/schema.org\",\"@graph\":[{\"@type\":\"WebPage\",\"@id\":\"https:\\\/\\\/neos-music.com\\\/product\\\/wolfgang-rihm-bela-bartok-schrift-um-schrift\\\/\",\"url\":\"https:\\\/\\\/neos-music.com\\\/product\\\/wolfgang-rihm-bela-bartok-schrift-um-schrift\\\/\",\"name\":\"Wolfgang Rihm, B\u00e9la Bart\u00f3k: Schrift-Um-Schrift - NEOS Music\",\"isPartOf\":{\"@id\":\"https:\\\/\\\/neos-music.com\\\/#website\"},\"primaryImageOfPage\":{\"@id\":\"https:\\\/\\\/neos-music.com\\\/product\\\/wolfgang-rihm-bela-bartok-schrift-um-schrift\\\/#primaryimage\"},\"image\":{\"@id\":\"https:\\\/\\\/neos-music.com\\\/product\\\/wolfgang-rihm-bela-bartok-schrift-um-schrift\\\/#primaryimage\"},\"thumbnailUrl\":\"https:\\\/\\\/i0.wp.com\\\/neos-music.com\\\/wp-content\\\/uploads\\\/2022\\\/11\\\/NEOS_11032_Rihm_Bartok_Cover.jpeg?fit=1647%2C1483&ssl=1\",\"datePublished\":\"2010-08-23T15:59:42+00:00\",\"dateModified\":\"2023-01-09T19:17:24+00:00\",\"breadcrumb\":{\"@id\":\"https:\\\/\\\/neos-music.com\\\/product\\\/wolfgang-rihm-bela-bartok-schrift-um-schrift\\\/#breadcrumb\"},\"inLanguage\":\"en-US\",\"potentialAction\":[{\"@type\":\"ReadAction\",\"target\":[\"https:\\\/\\\/neos-music.com\\\/product\\\/wolfgang-rihm-bela-bartok-schrift-um-schrift\\\/\"]}]},{\"@type\":\"ImageObject\",\"inLanguage\":\"en-US\",\"@id\":\"https:\\\/\\\/neos-music.com\\\/product\\\/wolfgang-rihm-bela-bartok-schrift-um-schrift\\\/#primaryimage\",\"url\":\"https:\\\/\\\/i0.wp.com\\\/neos-music.com\\\/wp-content\\\/uploads\\\/2022\\\/11\\\/NEOS_11032_Rihm_Bartok_Cover.jpeg?fit=1647%2C1483&ssl=1\",\"contentUrl\":\"https:\\\/\\\/i0.wp.com\\\/neos-music.com\\\/wp-content\\\/uploads\\\/2022\\\/11\\\/NEOS_11032_Rihm_Bartok_Cover.jpeg?fit=1647%2C1483&ssl=1\",\"width\":1647,\"height\":1483},{\"@type\":\"BreadcrumbList\",\"@id\":\"https:\\\/\\\/neos-music.com\\\/product\\\/wolfgang-rihm-bela-bartok-schrift-um-schrift\\\/#breadcrumb\",\"itemListElement\":[{\"@type\":\"ListItem\",\"position\":1,\"name\":\"Startseite\",\"item\":\"https:\\\/\\\/neos-music.com\\\/\"},{\"@type\":\"ListItem\",\"position\":2,\"name\":\"Produkte\",\"item\":\"https:\\\/\\\/neos-music.com\\\/shop__trashed\\\/\"},{\"@type\":\"ListItem\",\"position\":3,\"name\":\"Wolfgang Rihm, B\u00e9la Bart\u00f3k: Schrift-Um-Schrift\"}]},{\"@type\":\"WebSite\",\"@id\":\"https:\\\/\\\/neos-music.com\\\/#website\",\"url\":\"https:\\\/\\\/neos-music.com\\\/\",\"name\":\"NEOS Music\",\"description\":\"Dein Online Shop f\u00fcr zeitgen\u00f6ssische Musik, Jazz und Classics!\",\"publisher\":{\"@id\":\"https:\\\/\\\/neos-music.com\\\/#organization\"},\"potentialAction\":[{\"@type\":\"SearchAction\",\"target\":{\"@type\":\"EntryPoint\",\"urlTemplate\":\"https:\\\/\\\/neos-music.com\\\/?s={search_term_string}\"},\"query-input\":{\"@type\":\"PropertyValueSpecification\",\"valueRequired\":true,\"valueName\":\"search_term_string\"}}],\"inLanguage\":\"en-US\"},{\"@type\":\"Organization\",\"@id\":\"https:\\\/\\\/neos-music.com\\\/#organization\",\"name\":\"NEOS Music\",\"url\":\"https:\\\/\\\/neos-music.com\\\/\",\"logo\":{\"@type\":\"ImageObject\",\"inLanguage\":\"en-US\",\"@id\":\"https:\\\/\\\/neos-music.com\\\/#\\\/schema\\\/logo\\\/image\\\/\",\"url\":\"https:\\\/\\\/i0.wp.com\\\/neos-music.com\\\/wp-content\\\/uploads\\\/2025\\\/08\\\/NEOS-Logo-weiss.png?fit=800%2C203&ssl=1\",\"contentUrl\":\"https:\\\/\\\/i0.wp.com\\\/neos-music.com\\\/wp-content\\\/uploads\\\/2025\\\/08\\\/NEOS-Logo-weiss.png?fit=800%2C203&ssl=1\",\"width\":800,\"height\":203,\"caption\":\"NEOS Music\"},\"image\":{\"@id\":\"https:\\\/\\\/neos-music.com\\\/#\\\/schema\\\/logo\\\/image\\\/\"}}]}<\/script>\n<!-- \/ Yoast SEO plugin. -->","yoast_head_json":{"title":"Wolfgang Rihm, B\u00e9la Bart\u00f3k: Schrift-Um-Schrift - NEOS Music","robots":{"index":"index","follow":"follow","max-snippet":"max-snippet:-1","max-image-preview":"max-image-preview:large","max-video-preview":"max-video-preview:-1"},"canonical":"https:\/\/neos-music.com\/en_us\/product\/wolfgang-rihm-bela-bartok-schrift-um-schrift\/","og_locale":"en_US","og_type":"article","og_title":"Wolfgang Rihm, B\u00e9la Bart\u00f3k: Schrift-Um-Schrift - NEOS Music","og_description":"Infotext: BART\u00d3K \u2013 RIHM Seine Vorliebe f\u00fcr die Kombination Klavier\u2013Schlagzeug hatte Bart\u00f3k bereits ein Jahrzehnt vor der Quartett-Sonate demonstrativ \u00f6ffentlich gemacht: in seinem ersten Klavierkonzert, in dem die neue Prominenz des Schlagzeugs auch optisch dadurch demonstriert wird, dass die Spieler \u00bbunmittelbar hinter dem Klavier aufgestellt\u00ab werden. Klavier und Perkussion geh\u00f6ren f\u00fcr Bart\u00f3k zu\u00a0einer\u00a0Familie, schlie\u00dflich\u00a0schlagen\u00a0ja beim [&hellip;]","og_url":"https:\/\/neos-music.com\/en_us\/product\/wolfgang-rihm-bela-bartok-schrift-um-schrift\/","og_site_name":"NEOS Music","article_modified_time":"2023-01-09T19:17:24+00:00","og_image":[{"width":1647,"height":1483,"url":"https:\/\/neos-music.com\/wp-content\/uploads\/2022\/11\/NEOS_11032_Rihm_Bartok_Cover.jpeg","type":"image\/jpeg"}],"twitter_card":"summary_large_image","twitter_misc":{"Est. reading time":"5 minutes"},"schema":{"@context":"https:\/\/schema.org","@graph":[{"@type":"WebPage","@id":"https:\/\/neos-music.com\/product\/wolfgang-rihm-bela-bartok-schrift-um-schrift\/","url":"https:\/\/neos-music.com\/product\/wolfgang-rihm-bela-bartok-schrift-um-schrift\/","name":"Wolfgang Rihm, B\u00e9la Bart\u00f3k: Schrift-Um-Schrift - NEOS Music","isPartOf":{"@id":"https:\/\/neos-music.com\/#website"},"primaryImageOfPage":{"@id":"https:\/\/neos-music.com\/product\/wolfgang-rihm-bela-bartok-schrift-um-schrift\/#primaryimage"},"image":{"@id":"https:\/\/neos-music.com\/product\/wolfgang-rihm-bela-bartok-schrift-um-schrift\/#primaryimage"},"thumbnailUrl":"https:\/\/i0.wp.com\/neos-music.com\/wp-content\/uploads\/2022\/11\/NEOS_11032_Rihm_Bartok_Cover.jpeg?fit=1647%2C1483&ssl=1","datePublished":"2010-08-23T15:59:42+00:00","dateModified":"2023-01-09T19:17:24+00:00","breadcrumb":{"@id":"https:\/\/neos-music.com\/product\/wolfgang-rihm-bela-bartok-schrift-um-schrift\/#breadcrumb"},"inLanguage":"en-US","potentialAction":[{"@type":"ReadAction","target":["https:\/\/neos-music.com\/product\/wolfgang-rihm-bela-bartok-schrift-um-schrift\/"]}]},{"@type":"ImageObject","inLanguage":"en-US","@id":"https:\/\/neos-music.com\/product\/wolfgang-rihm-bela-bartok-schrift-um-schrift\/#primaryimage","url":"https:\/\/i0.wp.com\/neos-music.com\/wp-content\/uploads\/2022\/11\/NEOS_11032_Rihm_Bartok_Cover.jpeg?fit=1647%2C1483&ssl=1","contentUrl":"https:\/\/i0.wp.com\/neos-music.com\/wp-content\/uploads\/2022\/11\/NEOS_11032_Rihm_Bartok_Cover.jpeg?fit=1647%2C1483&ssl=1","width":1647,"height":1483},{"@type":"BreadcrumbList","@id":"https:\/\/neos-music.com\/product\/wolfgang-rihm-bela-bartok-schrift-um-schrift\/#breadcrumb","itemListElement":[{"@type":"ListItem","position":1,"name":"Startseite","item":"https:\/\/neos-music.com\/"},{"@type":"ListItem","position":2,"name":"Produkte","item":"https:\/\/neos-music.com\/shop__trashed\/"},{"@type":"ListItem","position":3,"name":"Wolfgang Rihm, B\u00e9la Bart\u00f3k: Schrift-Um-Schrift"}]},{"@type":"WebSite","@id":"https:\/\/neos-music.com\/#website","url":"https:\/\/neos-music.com\/","name":"NEOS Music","description":"Dein Online Shop f\u00fcr zeitgen\u00f6ssische Musik, Jazz und Classics!","publisher":{"@id":"https:\/\/neos-music.com\/#organization"},"potentialAction":[{"@type":"SearchAction","target":{"@type":"EntryPoint","urlTemplate":"https:\/\/neos-music.com\/?s={search_term_string}"},"query-input":{"@type":"PropertyValueSpecification","valueRequired":true,"valueName":"search_term_string"}}],"inLanguage":"en-US"},{"@type":"Organization","@id":"https:\/\/neos-music.com\/#organization","name":"NEOS Music","url":"https:\/\/neos-music.com\/","logo":{"@type":"ImageObject","inLanguage":"en-US","@id":"https:\/\/neos-music.com\/#\/schema\/logo\/image\/","url":"https:\/\/i0.wp.com\/neos-music.com\/wp-content\/uploads\/2025\/08\/NEOS-Logo-weiss.png?fit=800%2C203&ssl=1","contentUrl":"https:\/\/i0.wp.com\/neos-music.com\/wp-content\/uploads\/2025\/08\/NEOS-Logo-weiss.png?fit=800%2C203&ssl=1","width":800,"height":203,"caption":"NEOS Music"},"image":{"@id":"https:\/\/neos-music.com\/#\/schema\/logo\/image\/"}}]}},"jetpack_sharing_enabled":true,"_links":{"self":[{"href":"https:\/\/neos-music.com\/en_us\/wp-json\/wp\/v2\/product\/3077","targetHints":{"allow":["GET"]}}],"collection":[{"href":"https:\/\/neos-music.com\/en_us\/wp-json\/wp\/v2\/product"}],"about":[{"href":"https:\/\/neos-music.com\/en_us\/wp-json\/wp\/v2\/types\/product"}],"version-history":[{"count":0,"href":"https:\/\/neos-music.com\/en_us\/wp-json\/wp\/v2\/product\/3077\/revisions"}],"wp:featuredmedia":[{"embeddable":true,"href":"https:\/\/neos-music.com\/en_us\/wp-json\/wp\/v2\/media\/3078"}],"wp:attachment":[{"href":"https:\/\/neos-music.com\/en_us\/wp-json\/wp\/v2\/media?parent=3077"}],"wp:term":[{"taxonomy":"product_brand","embeddable":true,"href":"https:\/\/neos-music.com\/en_us\/wp-json\/wp\/v2\/product_brand?post=3077"},{"taxonomy":"product_cat","embeddable":true,"href":"https:\/\/neos-music.com\/en_us\/wp-json\/wp\/v2\/product_cat?post=3077"},{"taxonomy":"product_tag","embeddable":true,"href":"https:\/\/neos-music.com\/en_us\/wp-json\/wp\/v2\/product_tag?post=3077"}],"curies":[{"name":"wp","href":"https:\/\/api.w.org\/{rel}","templated":true}]}}