{"id":3089,"date":"2010-07-03T16:31:06","date_gmt":"2010-07-03T16:31:06","guid":{"rendered":"https:\/\/neos-music.com\/?post_type=product&#038;p=3089"},"modified":"2022-11-19T16:32:49","modified_gmt":"2022-11-19T16:32:49","slug":"manfred-kniel-manfred-kniel-and-his-reduction-quartet-low-down-music","status":"publish","type":"product","link":"https:\/\/neos-music.com\/en_us\/product\/manfred-kniel-manfred-kniel-and-his-reduction-quartet-low-down-music\/","title":{"rendered":"Manfred Kniel: Manfred Kniel and his Reduction Quartet &#8211; LOW DOWN MUSIC"},"content":{"rendered":"<p>Infotext:<\/p>\n<div id=\"infotext\">\n<p><b>Satirische Anmerkungen zur CD<br \/>\nLOW DOWN MUSIC<\/b><\/p>\n<p>Sie h\u00f6ren das &#8222;Reduction Quartet&#8220; mit acht LOW DOWN Kompositionen. LOW DOWN MUSIC ist eine klare, kompromisslos reduziert, eigenst\u00e4ndige Tonsprache, welche die Grundaussagen aller m\u00f6glichen Musikarten mit einbezieht. LOW DOWN MUSIC ist die Musik der erleuchteten Einfalt, des heiteren Scheiterns \u2013 es ist Musik von mir.<\/p>\n<p align=\"right\">Manfred Kniel<\/p>\n<p>Der erste Titel\u00a0<i>B\u00fcrgermusi<\/i>\u00a0\u2013 auf amerikanisch Burgermusi \u2013 ist dem erfolgreichen deutschen Musiker, Komponisten und Produzenten Dieter Bohlen gewidmet. \u00dcber einem starren, gleichf\u00f6rmigen drum\/bass-Fundament wiederholen die Bl\u00e4ser altitalienisch-opernhaft klingende Melodiefragmente. In der Mitte des St\u00fcckes darf der Trompeter aus musikp\u00e4dagogischen Gr\u00fcnden mit einer launigen Freejazz-Einlage (Parodie ?) die monotone Strenge der B\u00fcrger- bzw. Burgermusi f\u00fcr kurze Zeit unterbrechen.<\/p>\n<p>Der zweite Titel\u00a0<i>Naiv, tief und grausig-sch\u00f6n<\/i>\u00a0hingegen ist unserem Posaunisten Mike Svoboda gewidmet. Mike arbeitet eng mit den Starkomponisten der zeitgen\u00f6ssischen Musikszene zusammen. Es wurden\/werden eigens f\u00fcr ihn schwierige, hochkomplexe Posaunenkonzerte geschrieben. Das Low-Down-Posaunenkonzert\u00a0<i>Naiv, tief und grausig-sch\u00f6n<\/i>\u00a0hingegen ist (affen)einfach. Das Thema ist aus drei T\u00f6nen gebaut. Das Begleitmotiv der Trompete besteht aus 2 (in Worten: zwei) unterschiedlichen Tonh\u00f6hen. Dazu noch ein sich stetig reduzierendes simples drum\/bass-Pattern. That&#8217;s it. Hat der Solist das Thema hinter sich gebracht, kann er spielen, was er will. Good luck.<br \/>\nPS: Das Vorspiel zum LOW-DOWN-Posaunenkonzert habe ich auf einem Metallophon gespielt, das mein schw\u00e4bischer Gro\u00dfvater w\u00e4hrend des Krieges gebastelt hat. Kurz vor seinem Tod \u2013 er lag schon im Sterbebett \u2013 hat er mir das Instrument gegeben. F\u00fcr 10 ,&#8211; DM.<\/p>\n<p>Der dritte Titel\u00a0<i>Miss Blue<\/i>\u00a0ist einer irischen Gutsbesitzerin gewidmet, in deren Haus meine Frau und ich einen sch\u00f6nen, skurrilen Urlaub verbringen durften. Die hochbetagte, gebildete, vornehme Lady ern\u00e4hrte sich nahezu ausschlie\u00dflich von Keksen and Whiskey.<\/p>\n<p>Den vierten Titel\u00a0<i>Eklat<\/i>\u00a0habe ich f\u00fcr einen Menschen geschrieben, den ich schon recht gut kenne, den ich jedoch noch n\u00e4her kennen lernen m\u00f6chte. Ich habe das St\u00fcck mir selbst gewidmet. Mehr ist dazu nicht zu sagen.<\/p>\n<p>Den f\u00fcnften Titel\u00a0<i>Free &#8217;n&#8216; open<\/i>\u00a0habe ich unseren Bassisten gewidmet. Amerikanisches s\u00fcdstaatliches &#8222;down home feeling&#8220; vermischt sich mit den erbaulichen und Trost spendenden Kl\u00e4ngen einer Bl\u00e4sergruppe der Heilsarmee.<\/p>\n<p>Der sechste Titel\u00a0<i>Pozilei<\/i>\u00a0ist der Versuch eines musikalischen Comic Strips. Die Comic-Helden, zwei hochrangige Polizeichefs, treffen sich regelm\u00e4\u00dfig an einem geheimen Ort zum Bl\u00f6deln. Zitat: &#8222;Nur so ist dieser Job auf Dauer auszuhalten.&#8220; In der Mitte der Komposition kommt es zu einem dramatischen Bruch. Ohne Vorwarnung findet man sich in der Realit\u00e4t einer Fernsehpolitikdiskussionssendung wieder. Zwei Euroabgeordnete streiten sich heftigst. Thema: Wird Deutschland am Hindukusch verteidigt, ja oder nein? Zur\u00fcck zu unseren Comic-Helden. Das Polizeibeamtenduo bl\u00f6delt weiter. Schei\u00dfjob, indeed.<\/p>\n<p>Der siebte Titel\u00a0<i>Klagelied<\/i>\u00a0ist eine Mixtur aus afrikanischer Polymetrie und einer tschechischen Polka. Das\u00a0<i>Klagelied<\/i>\u00a0ist in einer DUR-Tonart geschrieben. Afrikaner klagen in Dur, Europ\u00e4er in Moll!!!!! Ich habe keine Ahnung, ob diese Aussage stimmt. Ich behaupte es trotzdem.<\/p>\n<p>Der achte Titel\u00a0<i>Schneefelder II<\/i>\u00a0hat etwas mit meiner Kindheit bzw. mit meiner fr\u00fchen Jugend zu tun. Ich war damals zuerst beim CVJM, sp\u00e4ter bei den Pfadfindern. Am Lagerfeuer sangen wir &#8222;tolle&#8220; Lieder, so genannte Fahrtenlieder. Ein Lied blieb mir bis heute in Erinnerung. Im Refrain von\u00a0<i>Wenn die bunten Fahnen wehen<\/i>\u00a0\u2013 sp\u00e4ter sangen wir das Lied, wenn wir besoffen waren \u2013 hei\u00dft es: &#8222;Schneefelder blinken &#8211; leuchten von ferne her &#8211; Lande versinken \u2013 im Wolkenmeer&#8220;. Aus dieser Erinnerung heraus entstand der LOW-DOWN-Titel\u00a0<i>Schneefelder II<\/i>. Die Musik von\u00a0<i>Schneefelder II<\/i>\u00a0ist eine Mixtur aus Fahrtenlied und Punkrock, so genannter Fahrtenpunk. Ich widme diesen Titel der Punkgruppe &#8222;Die Toten Hosen&#8220;.<\/p>\n<\/div>\n<p>Programm:<\/p>\n<p><b>Manfred Kniel and his Reduction Quartet<br \/>\nLow Down Music<\/b><\/p>\n<p>[01]\u00a0<b>B\u00fcrgermusi<\/b>\u00a009:17<br \/>\n[02]\u00a0<b>Naiv, tief und grausig-sch\u00f6n<\/b>\u00a007:32<br \/>\n[03]\u00a0<b>Miss Blue<\/b>\u00a004:24<br \/>\n[04]\u00a0<b>Eklat<\/b>\u00a006:27<br \/>\n[05]\u00a0<b>Free \u2019n\u2019 open<\/b>\u00a006:35<br \/>\n[06]\u00a0<b>Pozilei<\/b>\u00a005:07<br \/>\n[07]\u00a0<b>Klagelied<\/b>\u00a004:52<br \/>\n[08]\u00a0<b>Schneefelder II<\/b>\u00a002:54<\/p>\n<p>total time: 47:10<\/p>\n<p>All compositions by Manfred Kniel<\/p>\n<p><b>Karl Farrent<\/b>, trumpet<br \/>\n<b>Mike Svoboda<\/b>, trombone<br \/>\n<b>Veit H\u00fcbner<\/b>, bass<br \/>\n<b>Manfred Kniel<\/b>, drums<\/p>\n<p>Pressestimmen:<\/p>\n<p><img data-recalc-dims=\"1\" decoding=\"async\" src=\"https:\/\/i0.wp.com\/neos-music.com\/images\/news\/logo_presto_classical.jpg?ssl=1\" \/><br \/>\n08\/2010<\/p>\n<p><b>LOW DOWN MUSIC<\/b>\u00a0is a clear, uncompromisingly reduced and independent musical language, which includes the basic elements of all possible kinds of music. All the pieces on this CD demonstrate a huge variety of influences on the music; the German musician and composer Dieter Bohlen, the trombonist in the ensemble Mike Svoboda, an Irish land owner and the Salvation Army to name but a few.<\/p>\n","protected":false},"excerpt":{"rendered":"<p>Infotext: Satirische Anmerkungen zur CD LOW DOWN MUSIC Sie h\u00f6ren das &#8222;Reduction Quartet&#8220; mit acht LOW DOWN Kompositionen. LOW DOWN MUSIC ist eine klare, kompromisslos reduziert, eigenst\u00e4ndige Tonsprache, welche die Grundaussagen aller m\u00f6glichen Musikarten mit einbezieht. LOW DOWN MUSIC ist die Musik der erleuchteten Einfalt, des heiteren Scheiterns \u2013 es ist Musik von mir. Manfred [&hellip;]<\/p>\n","protected":false},"featured_media":3090,"template":"","meta":{"site-sidebar-layout":"default","site-content-layout":"default","ast-site-content-layout":"default","site-content-style":"default","site-sidebar-style":"default","ast-global-header-display":"","ast-banner-title-visibility":"","ast-main-header-display":"","ast-hfb-above-header-display":"","ast-hfb-below-header-display":"","ast-hfb-mobile-header-display":"","site-post-title":"","ast-breadcrumbs-content":"","ast-featured-img":"","footer-sml-layout":"","theme-transparent-header-meta":"default","adv-header-id-meta":"","stick-header-meta":"","header-above-stick-meta":"","header-main-stick-meta":"","header-below-stick-meta":"","astra-migrate-meta-layouts":"default","ast-page-background-enabled":"default","ast-page-background-meta":{"desktop":{"background-color":"","background-image":"","background-repeat":"repeat","background-position":"center center","background-size":"auto","background-attachment":"scroll","background-type":"","background-media":"","overlay-type":"","overlay-color":"","overlay-opacity":"","overlay-gradient":""},"tablet":{"background-color":"","background-image":"","background-repeat":"repeat","background-position":"center center","background-size":"auto","background-attachment":"scroll","background-type":"","background-media":"","overlay-type":"","overlay-color":"","overlay-opacity":"","overlay-gradient":""},"mobile":{"background-color":"","background-image":"","background-repeat":"repeat","background-position":"center center","background-size":"auto","background-attachment":"scroll","background-type":"","background-media":"","overlay-type":"","overlay-color":"","overlay-opacity":"","overlay-gradient":""}},"ast-content-background-meta":{"desktop":{"background-color":"var(--ast-global-color-5)","background-image":"","background-repeat":"repeat","background-position":"center center","background-size":"auto","background-attachment":"scroll","background-type":"","background-media":"","overlay-type":"","overlay-color":"","overlay-opacity":"","overlay-gradient":""},"tablet":{"background-color":"var(--ast-global-color-5)","background-image":"","background-repeat":"repeat","background-position":"center center","background-size":"auto","background-attachment":"scroll","background-type":"","background-media":"","overlay-type":"","overlay-color":"","overlay-opacity":"","overlay-gradient":""},"mobile":{"background-color":"var(--ast-global-color-5)","background-image":"","background-repeat":"repeat","background-position":"center center","background-size":"auto","background-attachment":"scroll","background-type":"","background-media":"","overlay-type":"","overlay-color":"","overlay-opacity":"","overlay-gradient":""}}},"product_brand":[],"product_cat":[27],"product_tag":[],"class_list":{"0":"post-3089","1":"product","2":"type-product","3":"status-publish","4":"has-post-thumbnail","6":"product_cat-jazz","7":"pa_artikelnummer-neos-40902","8":"pa_brand-neos-music","9":"pa_ean-635","10":"desktop-align-left","11":"tablet-align-left","12":"mobile-align-left","14":"first","15":"instock","16":"taxable","17":"shipping-taxable","18":"purchasable","19":"product-type-simple"},"yoast_head":"<!-- This site is optimized with the Yoast SEO plugin v27.4 - https:\/\/yoast.com\/product\/yoast-seo-wordpress\/ -->\n<title>Manfred Kniel: Manfred Kniel and his Reduction Quartet - LOW DOWN MUSIC - NEOS Music<\/title>\n<meta name=\"robots\" content=\"index, follow, max-snippet:-1, max-image-preview:large, max-video-preview:-1\" \/>\n<link rel=\"canonical\" href=\"https:\/\/neos-music.com\/en_us\/product\/manfred-kniel-manfred-kniel-and-his-reduction-quartet-low-down-music\/\" \/>\n<meta property=\"og:locale\" content=\"en_US\" \/>\n<meta property=\"og:type\" content=\"article\" \/>\n<meta property=\"og:title\" content=\"Manfred Kniel: Manfred Kniel and his Reduction Quartet - LOW DOWN MUSIC - NEOS Music\" \/>\n<meta property=\"og:description\" content=\"Infotext: Satirische Anmerkungen zur CD LOW DOWN MUSIC Sie h\u00f6ren das &#8222;Reduction Quartet&#8220; mit acht LOW DOWN Kompositionen. LOW DOWN MUSIC ist eine klare, kompromisslos reduziert, eigenst\u00e4ndige Tonsprache, welche die Grundaussagen aller m\u00f6glichen Musikarten mit einbezieht. LOW DOWN MUSIC ist die Musik der erleuchteten Einfalt, des heiteren Scheiterns \u2013 es ist Musik von mir. Manfred [&hellip;]\" \/>\n<meta property=\"og:url\" content=\"https:\/\/neos-music.com\/en_us\/product\/manfred-kniel-manfred-kniel-and-his-reduction-quartet-low-down-music\/\" \/>\n<meta property=\"og:site_name\" content=\"NEOS Music\" \/>\n<meta property=\"article:modified_time\" content=\"2022-11-19T16:32:49+00:00\" \/>\n<meta property=\"og:image\" content=\"https:\/\/neos-music.com\/wp-content\/uploads\/2022\/11\/NEOS_40902_Reduction_Quartet.jpeg\" \/>\n\t<meta property=\"og:image:width\" content=\"1649\" \/>\n\t<meta property=\"og:image:height\" content=\"1483\" \/>\n\t<meta property=\"og:image:type\" content=\"image\/jpeg\" \/>\n<meta name=\"twitter:card\" content=\"summary_large_image\" \/>\n<meta name=\"twitter:label1\" content=\"Est. reading time\" \/>\n\t<meta name=\"twitter:data1\" content=\"4 minutes\" \/>\n<script type=\"application\/ld+json\" class=\"yoast-schema-graph\">{\"@context\":\"https:\\\/\\\/schema.org\",\"@graph\":[{\"@type\":\"WebPage\",\"@id\":\"https:\\\/\\\/neos-music.com\\\/product\\\/manfred-kniel-manfred-kniel-and-his-reduction-quartet-low-down-music\\\/\",\"url\":\"https:\\\/\\\/neos-music.com\\\/product\\\/manfred-kniel-manfred-kniel-and-his-reduction-quartet-low-down-music\\\/\",\"name\":\"Manfred Kniel: Manfred Kniel and his Reduction Quartet - LOW DOWN MUSIC - NEOS Music\",\"isPartOf\":{\"@id\":\"https:\\\/\\\/neos-music.com\\\/#website\"},\"primaryImageOfPage\":{\"@id\":\"https:\\\/\\\/neos-music.com\\\/product\\\/manfred-kniel-manfred-kniel-and-his-reduction-quartet-low-down-music\\\/#primaryimage\"},\"image\":{\"@id\":\"https:\\\/\\\/neos-music.com\\\/product\\\/manfred-kniel-manfred-kniel-and-his-reduction-quartet-low-down-music\\\/#primaryimage\"},\"thumbnailUrl\":\"https:\\\/\\\/i0.wp.com\\\/neos-music.com\\\/wp-content\\\/uploads\\\/2022\\\/11\\\/NEOS_40902_Reduction_Quartet.jpeg?fit=1649%2C1483&ssl=1\",\"datePublished\":\"2010-07-03T16:31:06+00:00\",\"dateModified\":\"2022-11-19T16:32:49+00:00\",\"breadcrumb\":{\"@id\":\"https:\\\/\\\/neos-music.com\\\/product\\\/manfred-kniel-manfred-kniel-and-his-reduction-quartet-low-down-music\\\/#breadcrumb\"},\"inLanguage\":\"en-US\",\"potentialAction\":[{\"@type\":\"ReadAction\",\"target\":[\"https:\\\/\\\/neos-music.com\\\/product\\\/manfred-kniel-manfred-kniel-and-his-reduction-quartet-low-down-music\\\/\"]}]},{\"@type\":\"ImageObject\",\"inLanguage\":\"en-US\",\"@id\":\"https:\\\/\\\/neos-music.com\\\/product\\\/manfred-kniel-manfred-kniel-and-his-reduction-quartet-low-down-music\\\/#primaryimage\",\"url\":\"https:\\\/\\\/i0.wp.com\\\/neos-music.com\\\/wp-content\\\/uploads\\\/2022\\\/11\\\/NEOS_40902_Reduction_Quartet.jpeg?fit=1649%2C1483&ssl=1\",\"contentUrl\":\"https:\\\/\\\/i0.wp.com\\\/neos-music.com\\\/wp-content\\\/uploads\\\/2022\\\/11\\\/NEOS_40902_Reduction_Quartet.jpeg?fit=1649%2C1483&ssl=1\",\"width\":1649,\"height\":1483},{\"@type\":\"BreadcrumbList\",\"@id\":\"https:\\\/\\\/neos-music.com\\\/product\\\/manfred-kniel-manfred-kniel-and-his-reduction-quartet-low-down-music\\\/#breadcrumb\",\"itemListElement\":[{\"@type\":\"ListItem\",\"position\":1,\"name\":\"Startseite\",\"item\":\"https:\\\/\\\/neos-music.com\\\/\"},{\"@type\":\"ListItem\",\"position\":2,\"name\":\"Produkte\",\"item\":\"https:\\\/\\\/neos-music.com\\\/shop__trashed\\\/\"},{\"@type\":\"ListItem\",\"position\":3,\"name\":\"Manfred Kniel: Manfred Kniel and his Reduction Quartet &#8211; LOW DOWN MUSIC\"}]},{\"@type\":\"WebSite\",\"@id\":\"https:\\\/\\\/neos-music.com\\\/#website\",\"url\":\"https:\\\/\\\/neos-music.com\\\/\",\"name\":\"NEOS Music\",\"description\":\"Dein Online Shop f\u00fcr zeitgen\u00f6ssische Musik, Jazz und Classics!\",\"publisher\":{\"@id\":\"https:\\\/\\\/neos-music.com\\\/#organization\"},\"potentialAction\":[{\"@type\":\"SearchAction\",\"target\":{\"@type\":\"EntryPoint\",\"urlTemplate\":\"https:\\\/\\\/neos-music.com\\\/?s={search_term_string}\"},\"query-input\":{\"@type\":\"PropertyValueSpecification\",\"valueRequired\":true,\"valueName\":\"search_term_string\"}}],\"inLanguage\":\"en-US\"},{\"@type\":\"Organization\",\"@id\":\"https:\\\/\\\/neos-music.com\\\/#organization\",\"name\":\"NEOS Music\",\"url\":\"https:\\\/\\\/neos-music.com\\\/\",\"logo\":{\"@type\":\"ImageObject\",\"inLanguage\":\"en-US\",\"@id\":\"https:\\\/\\\/neos-music.com\\\/#\\\/schema\\\/logo\\\/image\\\/\",\"url\":\"https:\\\/\\\/i0.wp.com\\\/neos-music.com\\\/wp-content\\\/uploads\\\/2025\\\/08\\\/NEOS-Logo-weiss.png?fit=800%2C203&ssl=1\",\"contentUrl\":\"https:\\\/\\\/i0.wp.com\\\/neos-music.com\\\/wp-content\\\/uploads\\\/2025\\\/08\\\/NEOS-Logo-weiss.png?fit=800%2C203&ssl=1\",\"width\":800,\"height\":203,\"caption\":\"NEOS Music\"},\"image\":{\"@id\":\"https:\\\/\\\/neos-music.com\\\/#\\\/schema\\\/logo\\\/image\\\/\"}}]}<\/script>\n<!-- \/ Yoast SEO plugin. -->","yoast_head_json":{"title":"Manfred Kniel: Manfred Kniel and his Reduction Quartet - LOW DOWN MUSIC - NEOS Music","robots":{"index":"index","follow":"follow","max-snippet":"max-snippet:-1","max-image-preview":"max-image-preview:large","max-video-preview":"max-video-preview:-1"},"canonical":"https:\/\/neos-music.com\/en_us\/product\/manfred-kniel-manfred-kniel-and-his-reduction-quartet-low-down-music\/","og_locale":"en_US","og_type":"article","og_title":"Manfred Kniel: Manfred Kniel and his Reduction Quartet - LOW DOWN MUSIC - NEOS Music","og_description":"Infotext: Satirische Anmerkungen zur CD LOW DOWN MUSIC Sie h\u00f6ren das &#8222;Reduction Quartet&#8220; mit acht LOW DOWN Kompositionen. LOW DOWN MUSIC ist eine klare, kompromisslos reduziert, eigenst\u00e4ndige Tonsprache, welche die Grundaussagen aller m\u00f6glichen Musikarten mit einbezieht. LOW DOWN MUSIC ist die Musik der erleuchteten Einfalt, des heiteren Scheiterns \u2013 es ist Musik von mir. Manfred [&hellip;]","og_url":"https:\/\/neos-music.com\/en_us\/product\/manfred-kniel-manfred-kniel-and-his-reduction-quartet-low-down-music\/","og_site_name":"NEOS Music","article_modified_time":"2022-11-19T16:32:49+00:00","og_image":[{"width":1649,"height":1483,"url":"https:\/\/neos-music.com\/wp-content\/uploads\/2022\/11\/NEOS_40902_Reduction_Quartet.jpeg","type":"image\/jpeg"}],"twitter_card":"summary_large_image","twitter_misc":{"Est. reading time":"4 minutes"},"schema":{"@context":"https:\/\/schema.org","@graph":[{"@type":"WebPage","@id":"https:\/\/neos-music.com\/product\/manfred-kniel-manfred-kniel-and-his-reduction-quartet-low-down-music\/","url":"https:\/\/neos-music.com\/product\/manfred-kniel-manfred-kniel-and-his-reduction-quartet-low-down-music\/","name":"Manfred Kniel: Manfred Kniel and his Reduction Quartet - LOW DOWN MUSIC - NEOS Music","isPartOf":{"@id":"https:\/\/neos-music.com\/#website"},"primaryImageOfPage":{"@id":"https:\/\/neos-music.com\/product\/manfred-kniel-manfred-kniel-and-his-reduction-quartet-low-down-music\/#primaryimage"},"image":{"@id":"https:\/\/neos-music.com\/product\/manfred-kniel-manfred-kniel-and-his-reduction-quartet-low-down-music\/#primaryimage"},"thumbnailUrl":"https:\/\/i0.wp.com\/neos-music.com\/wp-content\/uploads\/2022\/11\/NEOS_40902_Reduction_Quartet.jpeg?fit=1649%2C1483&ssl=1","datePublished":"2010-07-03T16:31:06+00:00","dateModified":"2022-11-19T16:32:49+00:00","breadcrumb":{"@id":"https:\/\/neos-music.com\/product\/manfred-kniel-manfred-kniel-and-his-reduction-quartet-low-down-music\/#breadcrumb"},"inLanguage":"en-US","potentialAction":[{"@type":"ReadAction","target":["https:\/\/neos-music.com\/product\/manfred-kniel-manfred-kniel-and-his-reduction-quartet-low-down-music\/"]}]},{"@type":"ImageObject","inLanguage":"en-US","@id":"https:\/\/neos-music.com\/product\/manfred-kniel-manfred-kniel-and-his-reduction-quartet-low-down-music\/#primaryimage","url":"https:\/\/i0.wp.com\/neos-music.com\/wp-content\/uploads\/2022\/11\/NEOS_40902_Reduction_Quartet.jpeg?fit=1649%2C1483&ssl=1","contentUrl":"https:\/\/i0.wp.com\/neos-music.com\/wp-content\/uploads\/2022\/11\/NEOS_40902_Reduction_Quartet.jpeg?fit=1649%2C1483&ssl=1","width":1649,"height":1483},{"@type":"BreadcrumbList","@id":"https:\/\/neos-music.com\/product\/manfred-kniel-manfred-kniel-and-his-reduction-quartet-low-down-music\/#breadcrumb","itemListElement":[{"@type":"ListItem","position":1,"name":"Startseite","item":"https:\/\/neos-music.com\/"},{"@type":"ListItem","position":2,"name":"Produkte","item":"https:\/\/neos-music.com\/shop__trashed\/"},{"@type":"ListItem","position":3,"name":"Manfred Kniel: Manfred Kniel and his Reduction Quartet &#8211; LOW DOWN MUSIC"}]},{"@type":"WebSite","@id":"https:\/\/neos-music.com\/#website","url":"https:\/\/neos-music.com\/","name":"NEOS Music","description":"Dein Online Shop f\u00fcr zeitgen\u00f6ssische Musik, Jazz und Classics!","publisher":{"@id":"https:\/\/neos-music.com\/#organization"},"potentialAction":[{"@type":"SearchAction","target":{"@type":"EntryPoint","urlTemplate":"https:\/\/neos-music.com\/?s={search_term_string}"},"query-input":{"@type":"PropertyValueSpecification","valueRequired":true,"valueName":"search_term_string"}}],"inLanguage":"en-US"},{"@type":"Organization","@id":"https:\/\/neos-music.com\/#organization","name":"NEOS Music","url":"https:\/\/neos-music.com\/","logo":{"@type":"ImageObject","inLanguage":"en-US","@id":"https:\/\/neos-music.com\/#\/schema\/logo\/image\/","url":"https:\/\/i0.wp.com\/neos-music.com\/wp-content\/uploads\/2025\/08\/NEOS-Logo-weiss.png?fit=800%2C203&ssl=1","contentUrl":"https:\/\/i0.wp.com\/neos-music.com\/wp-content\/uploads\/2025\/08\/NEOS-Logo-weiss.png?fit=800%2C203&ssl=1","width":800,"height":203,"caption":"NEOS Music"},"image":{"@id":"https:\/\/neos-music.com\/#\/schema\/logo\/image\/"}}]}},"jetpack_sharing_enabled":true,"_links":{"self":[{"href":"https:\/\/neos-music.com\/en_us\/wp-json\/wp\/v2\/product\/3089","targetHints":{"allow":["GET"]}}],"collection":[{"href":"https:\/\/neos-music.com\/en_us\/wp-json\/wp\/v2\/product"}],"about":[{"href":"https:\/\/neos-music.com\/en_us\/wp-json\/wp\/v2\/types\/product"}],"version-history":[{"count":0,"href":"https:\/\/neos-music.com\/en_us\/wp-json\/wp\/v2\/product\/3089\/revisions"}],"wp:featuredmedia":[{"embeddable":true,"href":"https:\/\/neos-music.com\/en_us\/wp-json\/wp\/v2\/media\/3090"}],"wp:attachment":[{"href":"https:\/\/neos-music.com\/en_us\/wp-json\/wp\/v2\/media?parent=3089"}],"wp:term":[{"taxonomy":"product_brand","embeddable":true,"href":"https:\/\/neos-music.com\/en_us\/wp-json\/wp\/v2\/product_brand?post=3089"},{"taxonomy":"product_cat","embeddable":true,"href":"https:\/\/neos-music.com\/en_us\/wp-json\/wp\/v2\/product_cat?post=3089"},{"taxonomy":"product_tag","embeddable":true,"href":"https:\/\/neos-music.com\/en_us\/wp-json\/wp\/v2\/product_tag?post=3089"}],"curies":[{"name":"wp","href":"https:\/\/api.w.org\/{rel}","templated":true}]}}