{"id":3096,"date":"2010-07-03T16:36:53","date_gmt":"2010-07-03T16:36:53","guid":{"rendered":"https:\/\/neos-music.com\/?post_type=product&#038;p=3096"},"modified":"2022-11-19T16:38:36","modified_gmt":"2022-11-19T16:38:36","slug":"elliott-sharp-scott-fields-afiadacampos","status":"publish","type":"product","link":"https:\/\/neos-music.com\/en_us\/product\/elliott-sharp-scott-fields-afiadacampos\/","title":{"rendered":"Elliott Sharp, Scott Fields: AFIADACAMPOS"},"content":{"rendered":"<p>Infotext:<\/p>\n<p><i>Elliott Sharp<\/i>: There is both ease and difficulty in an ongoing collaboration, especially one between two guitarist composers. We now both have a good sense of each others\u2019 language on the instrument \u2014 not just the surface shape and form but the underlying syntax and substance. This allows for a flow and interlock of sounds and ideas, the ability to complete each others\u2019 sentences, a relaxed interpretation and expansion of our compositional personalities.<\/p>\n<p><i>Scott Fields<\/i>: Our handful of gigs and recording sessions have exposed commonalities and contrasts, as composers and as instrumentalists. We are both interested in fuzzing up relationships between written and improvised sounds, rejecting the free-jazz model in which heads are matched with unrelated blowing. Our methods of obfuscation, however, differ. One tends to offer large themes for metamorphication. The other often works with fragments and asynchronism. But by now each has a pretty good handle on what the other is getting at.<\/p>\n<p><i>Elliott Sharp<\/i>: The difficulty lies in that very relaxation. As with every creative history, there is a fine line between style and self-parody, between exploring our identities and falling prey to clich\u00e9.<\/p>\n<p><i>Scott Fields<\/i>: Our emphasis on composition, and specifically composition for the relatively narrow dynamic range and timbral pallet of paired steel-string, acoustic guitars, directs us away from dependence on muscle memory and set phrases. These structures focus us on interactions that grow out of our immediate reactions to how each of us is, in the moment, interpreting the material.<\/p>\n<p><i>Elliott Sharp<\/i>: With Afiadacampos, I feel that Scott and I have deepened our ability to improvise together and to orchestrate compositional strategies, pointing the way to our future work together.<\/p>\n<p><i>Scott Fields<\/i>: What occurs to me is that we might tackle the work of other composers, if necessary rearranged for the duo.<\/p>\n<p>Programm:<\/p>\n<p><b>Elliott Sharp and Scott Fields<br \/>\nAfiadacampos<\/b><\/p>\n<p>[01]\u00a0<b>Pleonica<\/b>\u00a004:14<br \/>\n[02]\u00a0<b>Earth Ecology: Fishes Emplore God<\/b>\u00a005:08<br \/>\n[03]\u00a0<b>The Great Red Spot<\/b>\u00a003:57<br \/>\n[04]\u00a0<b>Love Not Green Eggs<\/b>\u00a009:15<br \/>\n[05]\u00a0<b>Krash Area<\/b>\u00a006:25<br \/>\n[06]\u00a0<b>The Iconography Of Shame<\/b>\u00a008:31<br \/>\n[07]\u00a0<b>Delta Delta<\/b>\u00a005:20<br \/>\n[08]\u00a0<b>Sun Figtree<\/b>\u00a005:47<br \/>\n[09]\u00a0<b>Convolution Now!<\/b>\u00a009:05<\/p>\n<p>total time: 57:41<\/p>\n<p>Compositions by\u00a0<a class=\"arcoma_glossarylink\" href=\"https:\/\/neos-music.com\/output.php?content=Kuenstler\/Fields_Scott.php&amp;treplace=english%2Cgerman\" target=\"_self\" rel=\"noopener\">Scott Fields<\/a>\u00a0(02 | 04 | 06 | 08) and\u00a0<a class=\"arcoma_glossarylink\" href=\"https:\/\/neos-music.com\/output.php?content=Kuenstler\/Elliott_Sharp.php&amp;treplace=english%2Cgerman\" target=\"_self\" rel=\"noopener\">Elliott Sharp<\/a>\u00a0(01 | 03 | 05 | 07 | 09)<\/p>\n<p>On this recording Elliott Sharp plays\u00a0 a 1985 Thomas Reg&#8217;n guitar, Scott Fields plays a 1998 Collings OM-2H guitar<\/p>\n<p>Pressestimmen:<\/p>\n<p><img data-recalc-dims=\"1\" decoding=\"async\" src=\"https:\/\/i0.wp.com\/neos-music.com\/images\/news\/logo_paperblog.jpg?ssl=1\" \/><br \/>\n13.10.2012<\/p>\n<p>Sharp e Fields hanno diverse cose in comune: sono due chitarristi, compositori e improvvisatori decisamente non convenzionali e hanno entrambi due cervelli \u201clucidi\u201d che ben risaltano nella foto sotto al digipack nella bella confezione di questo Afiadacampos, cd prodotto nel 2010 per la eccellente Neos Jazz e seguito ideale di \u201cScharfefelder\u201d uscito su Clean Feed. Armati rispettivamente di una Thomas Reg&#8217;n del 1985 e di una Collings OM-2H del 1998, i due camerati si dividono piacevolmente i compiti, gli obblighi compositivi\u00a0 (5 tracce sono accreditate a Elliott e 4 a Fields) e anche il canale destro e sinistro, cosa che rende particolarmente piacevole l\u2019ascolto in cuffia del disco.<\/p>\n<p>Il termine &#8222;composizione&#8220; deve essere comunque accettato con molta riserva. Afiadacampos \u00e8 sostanzialmente un disco di improvvisazioni, anche se in gran parte strutturate. Come fa notare lo stesso Fields nelle note entrambi i musicisti sono \u201cinterested in fuzzing up relationships between written and improvised sounds, rejecting the free-jazz model in which heads are matched with unrelated blowing\u201d. Quello che li differenzia \u00e8 il modo a cui tendono a questi risultati: \u201cone tends to offer large themes for metamorphication. The other often works with fragments and asynchronism.\u201d Ad ogni modo sono riusci a combinare i loro diversi stili in maniere eccellente e molto proficua, i brani sono il frutto di ideali conversazioni cerebrali tra i due chitarristi, sotto forma di aspri cluster melodici che rimbalzano tra provocatori salti di registro e casuali passaggi classici. Questa sembra essere la non-formula di ogni loro improvvisazione, basata su una divisione tra funzioni melodiche, ritmiche ed armoniche, in combinazioni diverse con i suoni delle chitarre che turbinano e si incrociano tra loro a volte in modo calmo e rassicurante a volte lasciando l\u2019ascoltatore disorientato.<\/p>\n<p>Il disco \u00e8 davvero molto interessante e soprattutto registrato in modo eccellente. Il timbro acustico \u00e8 ripreso in modo superbo, cos\u00ec come gli effetti percussivi sulle casse e i manici delle chitarre e ogni brano offre almeno un paio di sfaccettature intriganti che Sharp e Fields sanno investigare e sfruttare implacabilmente fino in fondo. Questo lavoro mi convince perch\u00e9 il loro approccio \u00e8 completo e risoluto, non caratterizzato da futili e sterili virtuosismi. Consigliatissimi agli ascoltatori affamati di nuove idee e di nuovi approcci per la chitarra acustica. Ascoltatelo ad alto volume, sentirete la stanza riverberare.<br \/>\n&nbsp;<\/p>\n<p><img data-recalc-dims=\"1\" decoding=\"async\" src=\"https:\/\/i0.wp.com\/neos-music.com\/images\/news\/logo_free_jazz.jpg?ssl=1\" \/><br \/>\nBy Paul Acquaro<br \/>\n08.12.2011<\/p>\n<p>According to Scott Fields&#8216; website, this recording with Elliot Sharp, Afiadacampos, came out in 2010, which on the cusp of 2012, makes me a little more than fashionably late. Apologies for my tardiness, however, I am pleased to report the music has not aged a bit. I think the first thing that stuck out to me on this recording is just how nicely recorded the steel string acoustic guitars sound.<\/p>\n<p>Since they are rather indistinguishable sonically, the separation is done via left and right channel making this a nice album to listen to via the headphones. The sound swirls and coalesces in time and space, sometimes disorientingly, sometime soothingly. Typical a guitar duo, which is a favorite configuration of mine, relies on a division between melodic, rhythmic and harmonic functions, in varying combinations. Here, the duties seem split melodic\/melodic, harmonic\/texture, texture\/melodic, basically everything but what you may expect.<\/p>\n<p>The songs are reactions and cerebral conversations between the guitarists. Just to take one song at random, say, &#8218;I Love Not Green Eggs&#8216; apart, one would hear every aforementioned interaction, with sharp melodic cluster bouncing off string scrapes and defiant low register plucks. Almost classical passages sit atop randomness. This is the un-formula of each improvisation.<\/p>\n<p>If there is a complaint to lodge, it would be that about half-way through the recording that the improvizations begin to blend into each other. However, just in time, the tracks &#8218;Delta Delta&#8216; and &#8218;Sun Figtree&#8216; negates that criticism as vigorous rhythms and knotty textures are effectively deployed. It all works to create a rather interesting and provocative set of acoustic explorations.<\/p>\n<p>This is something I&#8217;d recommend to listeners who are adventurous,thirsty for something different, and appreciate the many sounds of the steel string acoustic guitar.<\/p>\n<p>&nbsp;<\/p>\n<p><img data-recalc-dims=\"1\" decoding=\"async\" src=\"https:\/\/i0.wp.com\/neos-music.com\/images\/news\/logo_TheSquidsear.gif?ssl=1\" \/><br \/>\n12.10.2010<\/p>\n<p><b>Elliott Sharp and Scott Fields<br \/>\nAFIADACAMPOS\u00a0\u00a0<\/b><\/p>\n<p>Both proven improvising guitarists and composers, two lucid cerebrums shining under the spotlight in the digipak&#8217;s inside photo, Sharp and Fields present the second recorded chapter of an ongoing partnership after Scharfefelder on Clean Feed. Armed with, respectively, a 1985 Thomas Reg&#8217;n and a 1998 Collings OM-2H \u2014 hold your drooling, jealous handlers of cheap Taiwanese imitations \u2014 the comrades cancel the obnoxious smell of scalar mustiness and rubber-nose electric tones completely, also sharing the compositional duties (five tracks are by E#, four by SF).<\/p>\n<p>Don&#8217;t let the &#8222;compositional&#8220; term fool you, though. There&#8217;s a lot of improvisation in the 57 minutes of Afiadacampos \u2014 and, for the large part, of the finely structured kind. As the Chicagoan himself puts it, the pair is &#8222;interested in fuzzing up relationships between written and improvised sounds, rejecting the free-jazz model in which heads are matched with unrelated blowing&#8220;. Not a truer word: even when the instruments are tuned according to specific ratios (as in &#8222;Earth Ecology&#8220;) a logical sense underlies the interplay, clouds of hovering harmonics fighting first, revealing splendid rainbows later. This writer made the ultimate test, abandoning the listening room to hear how the adjacent partials were received at a distance; there was more harmony in what was caught by the ears at that moment than in an archetypal duet. That peculiar synchronization is the fruit of shrewdly elicited resonant interferences, to which a reactive listener should adapt instead of remaining mouth agape, waiting for the habitual dose of Superlocrian-spiced sticky molasses and chordal clich\u00e9s.<\/p>\n<p>The acoustic timbres superb, the percussive aspect explored through tapping on necks and bodies, nicely coarse eBowed drones and dented strings (&#8222;Delta Delta&#8220;) and bionic rasgueados altering the values in the commonly intended aesthetic scale; each piece offers at least a couple of intriguing facets that Sharp and Fields investigate and exploit implacably. Their work convinces because the approach is thorough and resolute, not characterized by the grasshopper-like futility of sterile digital virtuosity. This might be one of the best guitar albums of 2010, worthy of being played loud and often. The house will be thankful.<\/p>\n<p>Massimo Ricci<\/p>\n","protected":false},"excerpt":{"rendered":"<p>Infotext: Elliott Sharp: There is both ease and difficulty in an ongoing collaboration, especially one between two guitarist composers. We now both have a good sense of each others\u2019 language on the instrument \u2014 not just the surface shape and form but the underlying syntax and substance. This allows for a flow and interlock of [&hellip;]<\/p>\n","protected":false},"featured_media":3097,"template":"","meta":{"site-sidebar-layout":"default","site-content-layout":"default","ast-site-content-layout":"default","site-content-style":"default","site-sidebar-style":"default","ast-global-header-display":"","ast-banner-title-visibility":"","ast-main-header-display":"","ast-hfb-above-header-display":"","ast-hfb-below-header-display":"","ast-hfb-mobile-header-display":"","site-post-title":"","ast-breadcrumbs-content":"","ast-featured-img":"","footer-sml-layout":"","theme-transparent-header-meta":"default","adv-header-id-meta":"","stick-header-meta":"","header-above-stick-meta":"","header-main-stick-meta":"","header-below-stick-meta":"","astra-migrate-meta-layouts":"default","ast-page-background-enabled":"default","ast-page-background-meta":{"desktop":{"background-color":"","background-image":"","background-repeat":"repeat","background-position":"center center","background-size":"auto","background-attachment":"scroll","background-type":"","background-media":"","overlay-type":"","overlay-color":"","overlay-opacity":"","overlay-gradient":""},"tablet":{"background-color":"","background-image":"","background-repeat":"repeat","background-position":"center center","background-size":"auto","background-attachment":"scroll","background-type":"","background-media":"","overlay-type":"","overlay-color":"","overlay-opacity":"","overlay-gradient":""},"mobile":{"background-color":"","background-image":"","background-repeat":"repeat","background-position":"center center","background-size":"auto","background-attachment":"scroll","background-type":"","background-media":"","overlay-type":"","overlay-color":"","overlay-opacity":"","overlay-gradient":""}},"ast-content-background-meta":{"desktop":{"background-color":"var(--ast-global-color-5)","background-image":"","background-repeat":"repeat","background-position":"center center","background-size":"auto","background-attachment":"scroll","background-type":"","background-media":"","overlay-type":"","overlay-color":"","overlay-opacity":"","overlay-gradient":""},"tablet":{"background-color":"var(--ast-global-color-5)","background-image":"","background-repeat":"repeat","background-position":"center center","background-size":"auto","background-attachment":"scroll","background-type":"","background-media":"","overlay-type":"","overlay-color":"","overlay-opacity":"","overlay-gradient":""},"mobile":{"background-color":"var(--ast-global-color-5)","background-image":"","background-repeat":"repeat","background-position":"center center","background-size":"auto","background-attachment":"scroll","background-type":"","background-media":"","overlay-type":"","overlay-color":"","overlay-opacity":"","overlay-gradient":""}}},"product_brand":[],"product_cat":[27],"product_tag":[],"class_list":{"0":"post-3096","1":"product","2":"type-product","3":"status-publish","4":"has-post-thumbnail","6":"product_cat-jazz","7":"pa_artikelnummer-neos-41004","8":"pa_brand-neos-music","9":"pa_ean-641","10":"desktop-align-left","11":"tablet-align-left","12":"mobile-align-left","14":"first","15":"instock","16":"taxable","17":"shipping-taxable","18":"purchasable","19":"product-type-simple"},"yoast_head":"<!-- This site is optimized with the Yoast SEO plugin v27.4 - https:\/\/yoast.com\/product\/yoast-seo-wordpress\/ -->\n<title>Elliott Sharp, Scott Fields: AFIADACAMPOS - NEOS Music<\/title>\n<meta name=\"robots\" content=\"index, follow, max-snippet:-1, max-image-preview:large, max-video-preview:-1\" \/>\n<link rel=\"canonical\" href=\"https:\/\/neos-music.com\/en_us\/product\/elliott-sharp-scott-fields-afiadacampos\/\" \/>\n<meta property=\"og:locale\" content=\"en_US\" \/>\n<meta property=\"og:type\" content=\"article\" \/>\n<meta property=\"og:title\" content=\"Elliott Sharp, Scott Fields: AFIADACAMPOS - NEOS Music\" \/>\n<meta property=\"og:description\" content=\"Infotext: Elliott Sharp: There is both ease and difficulty in an ongoing collaboration, especially one between two guitarist composers. We now both have a good sense of each others\u2019 language on the instrument \u2014 not just the surface shape and form but the underlying syntax and substance. This allows for a flow and interlock of [&hellip;]\" \/>\n<meta property=\"og:url\" content=\"https:\/\/neos-music.com\/en_us\/product\/elliott-sharp-scott-fields-afiadacampos\/\" \/>\n<meta property=\"og:site_name\" content=\"NEOS Music\" \/>\n<meta property=\"article:modified_time\" content=\"2022-11-19T16:38:36+00:00\" \/>\n<meta property=\"og:image\" content=\"https:\/\/neos-music.com\/wp-content\/uploads\/2022\/11\/NEOS_41004_Afiadacampos.jpeg\" \/>\n\t<meta property=\"og:image:width\" content=\"1649\" \/>\n\t<meta property=\"og:image:height\" content=\"1483\" \/>\n\t<meta property=\"og:image:type\" content=\"image\/jpeg\" \/>\n<meta name=\"twitter:card\" content=\"summary_large_image\" \/>\n<meta name=\"twitter:label1\" content=\"Est. reading time\" \/>\n\t<meta name=\"twitter:data1\" content=\"7 minutes\" \/>\n<script type=\"application\/ld+json\" class=\"yoast-schema-graph\">{\"@context\":\"https:\\\/\\\/schema.org\",\"@graph\":[{\"@type\":\"WebPage\",\"@id\":\"https:\\\/\\\/neos-music.com\\\/product\\\/elliott-sharp-scott-fields-afiadacampos\\\/\",\"url\":\"https:\\\/\\\/neos-music.com\\\/product\\\/elliott-sharp-scott-fields-afiadacampos\\\/\",\"name\":\"Elliott Sharp, Scott Fields: AFIADACAMPOS - NEOS Music\",\"isPartOf\":{\"@id\":\"https:\\\/\\\/neos-music.com\\\/#website\"},\"primaryImageOfPage\":{\"@id\":\"https:\\\/\\\/neos-music.com\\\/product\\\/elliott-sharp-scott-fields-afiadacampos\\\/#primaryimage\"},\"image\":{\"@id\":\"https:\\\/\\\/neos-music.com\\\/product\\\/elliott-sharp-scott-fields-afiadacampos\\\/#primaryimage\"},\"thumbnailUrl\":\"https:\\\/\\\/i0.wp.com\\\/neos-music.com\\\/wp-content\\\/uploads\\\/2022\\\/11\\\/NEOS_41004_Afiadacampos.jpeg?fit=1649%2C1483&ssl=1\",\"datePublished\":\"2010-07-03T16:36:53+00:00\",\"dateModified\":\"2022-11-19T16:38:36+00:00\",\"breadcrumb\":{\"@id\":\"https:\\\/\\\/neos-music.com\\\/product\\\/elliott-sharp-scott-fields-afiadacampos\\\/#breadcrumb\"},\"inLanguage\":\"en-US\",\"potentialAction\":[{\"@type\":\"ReadAction\",\"target\":[\"https:\\\/\\\/neos-music.com\\\/product\\\/elliott-sharp-scott-fields-afiadacampos\\\/\"]}]},{\"@type\":\"ImageObject\",\"inLanguage\":\"en-US\",\"@id\":\"https:\\\/\\\/neos-music.com\\\/product\\\/elliott-sharp-scott-fields-afiadacampos\\\/#primaryimage\",\"url\":\"https:\\\/\\\/i0.wp.com\\\/neos-music.com\\\/wp-content\\\/uploads\\\/2022\\\/11\\\/NEOS_41004_Afiadacampos.jpeg?fit=1649%2C1483&ssl=1\",\"contentUrl\":\"https:\\\/\\\/i0.wp.com\\\/neos-music.com\\\/wp-content\\\/uploads\\\/2022\\\/11\\\/NEOS_41004_Afiadacampos.jpeg?fit=1649%2C1483&ssl=1\",\"width\":1649,\"height\":1483},{\"@type\":\"BreadcrumbList\",\"@id\":\"https:\\\/\\\/neos-music.com\\\/product\\\/elliott-sharp-scott-fields-afiadacampos\\\/#breadcrumb\",\"itemListElement\":[{\"@type\":\"ListItem\",\"position\":1,\"name\":\"Startseite\",\"item\":\"https:\\\/\\\/neos-music.com\\\/\"},{\"@type\":\"ListItem\",\"position\":2,\"name\":\"Produkte\",\"item\":\"https:\\\/\\\/neos-music.com\\\/shop__trashed\\\/\"},{\"@type\":\"ListItem\",\"position\":3,\"name\":\"Elliott Sharp, Scott Fields: AFIADACAMPOS\"}]},{\"@type\":\"WebSite\",\"@id\":\"https:\\\/\\\/neos-music.com\\\/#website\",\"url\":\"https:\\\/\\\/neos-music.com\\\/\",\"name\":\"NEOS Music\",\"description\":\"Dein Online Shop f\u00fcr zeitgen\u00f6ssische Musik, Jazz und Classics!\",\"publisher\":{\"@id\":\"https:\\\/\\\/neos-music.com\\\/#organization\"},\"potentialAction\":[{\"@type\":\"SearchAction\",\"target\":{\"@type\":\"EntryPoint\",\"urlTemplate\":\"https:\\\/\\\/neos-music.com\\\/?s={search_term_string}\"},\"query-input\":{\"@type\":\"PropertyValueSpecification\",\"valueRequired\":true,\"valueName\":\"search_term_string\"}}],\"inLanguage\":\"en-US\"},{\"@type\":\"Organization\",\"@id\":\"https:\\\/\\\/neos-music.com\\\/#organization\",\"name\":\"NEOS Music\",\"url\":\"https:\\\/\\\/neos-music.com\\\/\",\"logo\":{\"@type\":\"ImageObject\",\"inLanguage\":\"en-US\",\"@id\":\"https:\\\/\\\/neos-music.com\\\/#\\\/schema\\\/logo\\\/image\\\/\",\"url\":\"https:\\\/\\\/i0.wp.com\\\/neos-music.com\\\/wp-content\\\/uploads\\\/2025\\\/08\\\/NEOS-Logo-weiss.png?fit=800%2C203&ssl=1\",\"contentUrl\":\"https:\\\/\\\/i0.wp.com\\\/neos-music.com\\\/wp-content\\\/uploads\\\/2025\\\/08\\\/NEOS-Logo-weiss.png?fit=800%2C203&ssl=1\",\"width\":800,\"height\":203,\"caption\":\"NEOS Music\"},\"image\":{\"@id\":\"https:\\\/\\\/neos-music.com\\\/#\\\/schema\\\/logo\\\/image\\\/\"}}]}<\/script>\n<!-- \/ Yoast SEO plugin. -->","yoast_head_json":{"title":"Elliott Sharp, Scott Fields: AFIADACAMPOS - NEOS Music","robots":{"index":"index","follow":"follow","max-snippet":"max-snippet:-1","max-image-preview":"max-image-preview:large","max-video-preview":"max-video-preview:-1"},"canonical":"https:\/\/neos-music.com\/en_us\/product\/elliott-sharp-scott-fields-afiadacampos\/","og_locale":"en_US","og_type":"article","og_title":"Elliott Sharp, Scott Fields: AFIADACAMPOS - NEOS Music","og_description":"Infotext: Elliott Sharp: There is both ease and difficulty in an ongoing collaboration, especially one between two guitarist composers. We now both have a good sense of each others\u2019 language on the instrument \u2014 not just the surface shape and form but the underlying syntax and substance. This allows for a flow and interlock of [&hellip;]","og_url":"https:\/\/neos-music.com\/en_us\/product\/elliott-sharp-scott-fields-afiadacampos\/","og_site_name":"NEOS Music","article_modified_time":"2022-11-19T16:38:36+00:00","og_image":[{"width":1649,"height":1483,"url":"https:\/\/neos-music.com\/wp-content\/uploads\/2022\/11\/NEOS_41004_Afiadacampos.jpeg","type":"image\/jpeg"}],"twitter_card":"summary_large_image","twitter_misc":{"Est. reading time":"7 minutes"},"schema":{"@context":"https:\/\/schema.org","@graph":[{"@type":"WebPage","@id":"https:\/\/neos-music.com\/product\/elliott-sharp-scott-fields-afiadacampos\/","url":"https:\/\/neos-music.com\/product\/elliott-sharp-scott-fields-afiadacampos\/","name":"Elliott Sharp, Scott Fields: AFIADACAMPOS - NEOS Music","isPartOf":{"@id":"https:\/\/neos-music.com\/#website"},"primaryImageOfPage":{"@id":"https:\/\/neos-music.com\/product\/elliott-sharp-scott-fields-afiadacampos\/#primaryimage"},"image":{"@id":"https:\/\/neos-music.com\/product\/elliott-sharp-scott-fields-afiadacampos\/#primaryimage"},"thumbnailUrl":"https:\/\/i0.wp.com\/neos-music.com\/wp-content\/uploads\/2022\/11\/NEOS_41004_Afiadacampos.jpeg?fit=1649%2C1483&ssl=1","datePublished":"2010-07-03T16:36:53+00:00","dateModified":"2022-11-19T16:38:36+00:00","breadcrumb":{"@id":"https:\/\/neos-music.com\/product\/elliott-sharp-scott-fields-afiadacampos\/#breadcrumb"},"inLanguage":"en-US","potentialAction":[{"@type":"ReadAction","target":["https:\/\/neos-music.com\/product\/elliott-sharp-scott-fields-afiadacampos\/"]}]},{"@type":"ImageObject","inLanguage":"en-US","@id":"https:\/\/neos-music.com\/product\/elliott-sharp-scott-fields-afiadacampos\/#primaryimage","url":"https:\/\/i0.wp.com\/neos-music.com\/wp-content\/uploads\/2022\/11\/NEOS_41004_Afiadacampos.jpeg?fit=1649%2C1483&ssl=1","contentUrl":"https:\/\/i0.wp.com\/neos-music.com\/wp-content\/uploads\/2022\/11\/NEOS_41004_Afiadacampos.jpeg?fit=1649%2C1483&ssl=1","width":1649,"height":1483},{"@type":"BreadcrumbList","@id":"https:\/\/neos-music.com\/product\/elliott-sharp-scott-fields-afiadacampos\/#breadcrumb","itemListElement":[{"@type":"ListItem","position":1,"name":"Startseite","item":"https:\/\/neos-music.com\/"},{"@type":"ListItem","position":2,"name":"Produkte","item":"https:\/\/neos-music.com\/shop__trashed\/"},{"@type":"ListItem","position":3,"name":"Elliott Sharp, Scott Fields: AFIADACAMPOS"}]},{"@type":"WebSite","@id":"https:\/\/neos-music.com\/#website","url":"https:\/\/neos-music.com\/","name":"NEOS Music","description":"Dein Online Shop f\u00fcr zeitgen\u00f6ssische Musik, Jazz und Classics!","publisher":{"@id":"https:\/\/neos-music.com\/#organization"},"potentialAction":[{"@type":"SearchAction","target":{"@type":"EntryPoint","urlTemplate":"https:\/\/neos-music.com\/?s={search_term_string}"},"query-input":{"@type":"PropertyValueSpecification","valueRequired":true,"valueName":"search_term_string"}}],"inLanguage":"en-US"},{"@type":"Organization","@id":"https:\/\/neos-music.com\/#organization","name":"NEOS Music","url":"https:\/\/neos-music.com\/","logo":{"@type":"ImageObject","inLanguage":"en-US","@id":"https:\/\/neos-music.com\/#\/schema\/logo\/image\/","url":"https:\/\/i0.wp.com\/neos-music.com\/wp-content\/uploads\/2025\/08\/NEOS-Logo-weiss.png?fit=800%2C203&ssl=1","contentUrl":"https:\/\/i0.wp.com\/neos-music.com\/wp-content\/uploads\/2025\/08\/NEOS-Logo-weiss.png?fit=800%2C203&ssl=1","width":800,"height":203,"caption":"NEOS Music"},"image":{"@id":"https:\/\/neos-music.com\/#\/schema\/logo\/image\/"}}]}},"jetpack_sharing_enabled":true,"_links":{"self":[{"href":"https:\/\/neos-music.com\/en_us\/wp-json\/wp\/v2\/product\/3096","targetHints":{"allow":["GET"]}}],"collection":[{"href":"https:\/\/neos-music.com\/en_us\/wp-json\/wp\/v2\/product"}],"about":[{"href":"https:\/\/neos-music.com\/en_us\/wp-json\/wp\/v2\/types\/product"}],"version-history":[{"count":0,"href":"https:\/\/neos-music.com\/en_us\/wp-json\/wp\/v2\/product\/3096\/revisions"}],"wp:featuredmedia":[{"embeddable":true,"href":"https:\/\/neos-music.com\/en_us\/wp-json\/wp\/v2\/media\/3097"}],"wp:attachment":[{"href":"https:\/\/neos-music.com\/en_us\/wp-json\/wp\/v2\/media?parent=3096"}],"wp:term":[{"taxonomy":"product_brand","embeddable":true,"href":"https:\/\/neos-music.com\/en_us\/wp-json\/wp\/v2\/product_brand?post=3096"},{"taxonomy":"product_cat","embeddable":true,"href":"https:\/\/neos-music.com\/en_us\/wp-json\/wp\/v2\/product_cat?post=3096"},{"taxonomy":"product_tag","embeddable":true,"href":"https:\/\/neos-music.com\/en_us\/wp-json\/wp\/v2\/product_tag?post=3096"}],"curies":[{"name":"wp","href":"https:\/\/api.w.org\/{rel}","templated":true}]}}