{"id":3102,"date":"2010-06-05T16:44:27","date_gmt":"2010-06-05T16:44:27","guid":{"rendered":"https:\/\/neos-music.com\/?post_type=product&#038;p=3102"},"modified":"2022-11-19T16:46:12","modified_gmt":"2022-11-19T16:46:12","slug":"david-philip-hefti-rotas-%c2%b7-wunderhorn-musik","status":"publish","type":"product","link":"https:\/\/neos-music.com\/en_us\/product\/david-philip-hefti-rotas-%c2%b7-wunderhorn-musik\/","title":{"rendered":"David Philip Hefti: ROTAS \u00b7 Wunderhorn-Musik"},"content":{"rendered":"<p>Infotext:<\/p>\n<p><b>David Philip Hefti: Rotas \u00b7 Wunderhorn-Musik<\/b><\/p>\n<p><b>ROTAS<\/b>\u00a0\u2013 Konzert f\u00fcr Oboe und Orchester<\/p>\n<p>ROTAS, Konzert f\u00fcr Oboe und Orchester, entstand 2009 im Auftrag des Philharmonischen Orchesters Augsburg und ist dem Solisten Thomas Inderm\u00fchle, dem Dirigenten Rudolf Piehlmayer und den Augsburger Philharmonikern gewidmet.<br \/>\nROTAS ist die letzte Komposition meines 5-teiligen SATOR-Zyklus\u2019. Die f\u00fcnf Kompositionen werden durch das gemeinsame Tonmaterial vereint, das aus dem ber\u00fchmten SATOR-Quadrat (sator, arepo, tenet, opera, rotas) abgeleitet wurde und den Werken als Keimzelle dient, aus der sich alle Parameter der Musik und die formalen Strukturen entwickeln. Besonders eng verwandt ist das Oboenkonzert mit der ersten Komposition, dem Klarinettenkonzert, wodurch ein Bogen \u00fcber den ganzen Zyklus gespannt wird.<\/p>\n<p>In der dreis\u00e4tzigen Komposition stellt die Solo-Oboe kurze Phrasen, die auf einen Atem gespielt werden und somit eine nat\u00fcrliche L\u00e4nge haben, \u00fcberlangen Abschnitten gegen\u00fcber, die nur mit Zirkul\u00e4ratmung gespielt werden k\u00f6nnen; zwischen organisch empfundenen Passagen und beinahe unendlich scheinenden Melodien entsteht ein Spannungsfeld. Die grunds\u00e4tzlich lyrisch gehaltene Oboenstimme verlangt viele zeitgen\u00f6ssische Spieltechniken, die darin kulminieren, dass im zweiten Satz nur mit dem Korpus (also ohne Rohr), danach nur mit dem Rohr allein und schlie\u00dflich wieder mit kompletter Oboe gespielt wird. Im letzten Satz kommt \u2013 analog zum Klarinettenkonzert \u2013 ein besonders reizvolles Variant-Instrument der Oboe zum Einsatz: die Oboe d\u2019amore. W\u00e4hrend der ganzen Komposition wird sowohl in der Solo-Oboe als auch im Orchester ein Aufl\u00f6sungsprozess durchlaufen, in dem sich der Ausdruck der Musik gleichsam nach innen wendet. Dies zeigt sich in der Ver\u00e4nderung der Instrumentation, in der Verlangsamung einzelner Bewegungsabl\u00e4ufe und ganz besonders in der Verfeinerung der Harmonik. So erweitern sich im letzten Satz die bereits zuvor verwendeten Viertelt\u00f6ne durch noch kleinere Mikrointervalle in Form von Naturt\u00f6nen, die aus dem Obertonspektrum abgeleitet werden (Viertel-, Sechstel- und Zw\u00f6lftel-t\u00f6ne), zu einer sublimen Klanglichkeit.<\/p>\n<p><b>Wunderhorn-Musik<\/b>\u00a0\u2013 7 Klangbilder f\u00fcr Violine und Ensemble<\/p>\n<p>Wunderhorn-Musik wurde 2008 im Auftrag des Ensembles Theater am Gleis (TaG) Winterthur und der Schweizer Kulturstiftung Pro Helvetia geschrieben und ist der Violinistin Rahel Cunz, dem Ensemble TaG und dem Dirigenten Jac van Steen gewidmet.<\/p>\n<p>Die Komposition Wunderhorn-Musik wurde von der Liedersammlung Des Knaben Wunderhorn inspiriert, die im Jahre 1806 von Clemens Brentano und Achim von Arnim herausgegeben wurde. Der Untertitel \u00bb7 Klangbilder f\u00fcr Violine und Ensemble\u00ab weist darauf hin, dass der Textvorlage im Entstehungsprozess dieser Musik weder bildhaft noch lautmalerisch gefolgt wurde. Vielmehr ist diese Komposition eine Vertonung von Impressionen, die subjektiv bei der Lekt\u00fcre der 7 Texte hervorgerufen wurden. Da bereits die Titel der einzelnen S\u00e4tze die Phantasie anregen, ist es f\u00fcr das Verst\u00e4ndnis dieser Musik nicht erforderlich, die Texte zu kennen. Die homogene Gruppierung der Instrumente (z.\u2009B. deren Zusammenfassung nach Registern) zu Beginn der Komposition l\u00f6st sich allm\u00e4hlich auf. Dies hat u.\u2009a. zur Folge, dass sich die Violine permanent zwischen ihrer solistischen Funktion und kammermusikalischer Gleichberechtigung entscheiden muss. Die Palette an Farben reicht vom fragilen, fein schattierten Ton bis hin zu sperrigen, widerborstigen Klangbl\u00f6cken. Die strukturellen Bez\u00fcge, die Temporelationen und die Verwandtschaft von Motiven verbinden die 7 S\u00e4tze zu einem facettenreichen Bild.<\/p>\n<p>David Philip Hefti<\/p>\n<p>Programm:<\/p>\n<p><b>ROTAS<\/b>\u00a0(2009)\u00a0 27:52<\/p>\n<p>Concerto for Oboe and Orchestra<br \/>\n[01] 1. Atemkreis 11:57<br \/>\n<span id=\"flash1\"><\/span><br \/>\n[02] 2. Scherzo interrotto 08:11<br \/>\n[03] 3. Abgesang 07:28<\/p>\n<p><a class=\"arcoma_glossarylink\" href=\"https:\/\/neos-music.com\/output.php?content=Kuenstler\/Indermuehle_Thomas.php&amp;treplace=english%2Cgerman\" target=\"_self\" rel=\"noopener\">Thomas Inderm\u00fchle<\/a>, oboe\/oboe d\u2019amore<br \/>\nAugsburg Philharmonic Orchestra<br \/>\n<a class=\"arcoma_glossarylink\" href=\"https:\/\/neos-music.com\/output.php?content=Kuenstler\/Piehlmayer_Rudolf.php&amp;treplace=english%2Cgerman\" target=\"_self\" rel=\"noopener\">Rudolf Piehlmayer<\/a>, conductor<\/p>\n<p><b>Wunderhorn-Musik<\/b>\u00a0(2008) 31:56<\/p>\n<p>7 Sound Pictures for Violin and Ensemble<br \/>\n[04] 1. Das Wunderhorn 07:19<br \/>\n[05] 2. Der Ritter und die Magd 04:36<br \/>\n<span id=\"flash2\"><\/span><br \/>\n[06] 3. Die Wahrheit 02:13<br \/>\n[07] 4. Abendstern 06:51<br \/>\n[08] 5. An einen Boten 02:01<br \/>\n[09] 6. Die Greuelhochzeit 03:59<br \/>\n[10] 7. Des Hirten Einsamkeit 04:57<br \/>\n<span id=\"flash3\"><\/span><\/p>\n<p><a class=\"arcoma_glossarylink\" href=\"https:\/\/neos-music.com\/output.php?content=Kuenstler\/Cunz_Rahel.php&amp;treplace=english%2Cgerman\" target=\"_self\" rel=\"noopener\">Rahel Cunz<\/a>, violin<br \/>\nEnsemble Theater am Gleis Winterthur<br \/>\nAnna-Katharina Graf, piccolo\/flute\/alto flute \u00b7 Rico Zela, oboe\/English horn<br \/>\nManfred Spitaler, clarinet \u00b7 Martin Truninger, bass clarinet \u00b7 Lorenz Raths, horn<br \/>\nLiisa Tamminen, viola \u00b7 Emanuel R\u00fctsche, violoncello \u00b7 Josef Gilgenreiner, double bass<br \/>\nChristoph Waltle, percussion \u00b7 Ivan Manzanilla, percussion \u00b7 Simone Keller, piano<br \/>\n<a class=\"arcoma_glossarylink\" href=\"https:\/\/neos-music.com\/output.php?content=Kuenstler\/Steen_Jac_van.php&amp;treplace=english%2Cgerman\" target=\"_self\" rel=\"noopener\">Jac van Steen<\/a>, conductor<\/p>\n<p><b>total time 59:33<\/b><\/p>\n<p>Pressestimmen:<\/p>\n<p><b><img data-recalc-dims=\"1\" decoding=\"async\" src=\"https:\/\/i0.wp.com\/neos-music.com\/images\/news\/logo_schweizer_illustrierte.jpg?ssl=1\" \/><br \/>\n<\/b>16.08.2010<\/p>\n<p><b>David Philip Hefti<\/p>\n<p>Rotas und Wunderhorn-Musik (Neos)<\/p>\n<p><\/b>Hefti, erfolgreicher Schweizer Komponist, schrieb den f\u00fcnften Teil des Zyklus&#8216; Sator als Oboenkonzert. In \u00fcberraschenden Nuancen reizt er die Facetten des Instruments aus, l\u00e4sst es hauchen, schreien, singen. Eingebettet in lyrischen Orchesterklang ein spannendes und lohnendes H\u00f6rerlebnis.<\/p>\n<p>Uli von Erlach<\/p>\n<p><img data-recalc-dims=\"1\" decoding=\"async\" src=\"https:\/\/i0.wp.com\/neos-music.com\/images\/news\/logo_DRS2.jpg?ssl=1\" \/><br \/>\n14.08.2010<\/p>\n<p><b>David Philip Hefti: ROTAS &amp; Wunderhorn-Musik<\/b><\/p>\n<p>&#8222;David Philip Hefti ist erst 35-j\u00e4hrig \u2013 sagt man ja bei Komponisten in diesem Alter. Er ist aber sehr produktiv und ein Vertreter der heutigen Generation, die darum besorgt ist, dass ihre Musik unter die Leute kommt. So gibt es schon bald ein halbes Dutzend CDs mit seiner Musik, was wahrlich beachtlich ist. Die neuste CD bringt nun ein Oboen- und ein Violinkonzert. Es sind Konzerte f\u00fcr Solo-Instrument und Orchester bzw. Ensemble unter Verwendung der zeitgen\u00f6ssischen Spieltechniken, die die Neue Musik mitgebracht hat: Der Oboist spielt z.B. auf den Einzelteilen der Oboe. Das Oboenkonzert hat eine klassische Anlage, wohingegen das Violinkonzert siebens\u00e4tzig ist und eher als lose Folge von St\u00fccken bezeichnet werden kann, was auch der Untertitel &#8218;7 Klangbilder f\u00fcr Violine und Ensemble&#8216; nahe legt.&#8220;<\/p>\n<p>Roland W\u00e4chter<\/p>\n<p><b><img data-recalc-dims=\"1\" decoding=\"async\" src=\"https:\/\/i0.wp.com\/neos-music.com\/images\/news\/Logo_Neue_Luzerner_Zeitung.gif?ssl=1\" \/><br \/>\n05.07.2010<\/b><\/p>\n<p><b>Klang-Magie<\/b><\/p>\n<p align=\"left\">L\u00e4ngst gibt es sie wieder, Komponisten, deren Musik zeitgen\u00f6ssisch klingt und doch melodische Qualit\u00e4ten und Wohlklang nicht scheut. Der Schweizer David Philip Hefti (35) verbindet all das, wie j\u00fcngst mit einem Werk f\u00fcr das Luzerner Sinfonieorchester, im Oboenkonzert \u00abRotas\u00bb, das spannungsvoll einen weiten Ausdruckskreis ausschreitet \u2013 bis hin zur Mehrklang-Magie der Oboe (Thomas Inderm\u00fchle, mit der Augsburger Philharmonie). Die st\u00e4rker aufgesplitterte Wunderhorn-Musik (Sologeige Rahel Cunz) liefert dazu irisierende Kontraste.<\/p>\n<p align=\"right\">Urs Mattenberger<\/p>\n","protected":false},"excerpt":{"rendered":"<p>Infotext: David Philip Hefti: Rotas \u00b7 Wunderhorn-Musik ROTAS\u00a0\u2013 Konzert f\u00fcr Oboe und Orchester ROTAS, Konzert f\u00fcr Oboe und Orchester, entstand 2009 im Auftrag des Philharmonischen Orchesters Augsburg und ist dem Solisten Thomas Inderm\u00fchle, dem Dirigenten Rudolf Piehlmayer und den Augsburger Philharmonikern gewidmet. ROTAS ist die letzte Komposition meines 5-teiligen SATOR-Zyklus\u2019. Die f\u00fcnf Kompositionen werden durch [&hellip;]<\/p>\n","protected":false},"featured_media":3103,"template":"","meta":{"site-sidebar-layout":"default","site-content-layout":"default","ast-site-content-layout":"default","site-content-style":"default","site-sidebar-style":"default","ast-global-header-display":"","ast-banner-title-visibility":"","ast-main-header-display":"","ast-hfb-above-header-display":"","ast-hfb-below-header-display":"","ast-hfb-mobile-header-display":"","site-post-title":"","ast-breadcrumbs-content":"","ast-featured-img":"","footer-sml-layout":"","theme-transparent-header-meta":"default","adv-header-id-meta":"","stick-header-meta":"","header-above-stick-meta":"","header-main-stick-meta":"","header-below-stick-meta":"","astra-migrate-meta-layouts":"default","ast-page-background-enabled":"default","ast-page-background-meta":{"desktop":{"background-color":"","background-image":"","background-repeat":"repeat","background-position":"center center","background-size":"auto","background-attachment":"scroll","background-type":"","background-media":"","overlay-type":"","overlay-color":"","overlay-opacity":"","overlay-gradient":""},"tablet":{"background-color":"","background-image":"","background-repeat":"repeat","background-position":"center center","background-size":"auto","background-attachment":"scroll","background-type":"","background-media":"","overlay-type":"","overlay-color":"","overlay-opacity":"","overlay-gradient":""},"mobile":{"background-color":"","background-image":"","background-repeat":"repeat","background-position":"center center","background-size":"auto","background-attachment":"scroll","background-type":"","background-media":"","overlay-type":"","overlay-color":"","overlay-opacity":"","overlay-gradient":""}},"ast-content-background-meta":{"desktop":{"background-color":"var(--ast-global-color-5)","background-image":"","background-repeat":"repeat","background-position":"center center","background-size":"auto","background-attachment":"scroll","background-type":"","background-media":"","overlay-type":"","overlay-color":"","overlay-opacity":"","overlay-gradient":""},"tablet":{"background-color":"var(--ast-global-color-5)","background-image":"","background-repeat":"repeat","background-position":"center center","background-size":"auto","background-attachment":"scroll","background-type":"","background-media":"","overlay-type":"","overlay-color":"","overlay-opacity":"","overlay-gradient":""},"mobile":{"background-color":"var(--ast-global-color-5)","background-image":"","background-repeat":"repeat","background-position":"center center","background-size":"auto","background-attachment":"scroll","background-type":"","background-media":"","overlay-type":"","overlay-color":"","overlay-opacity":"","overlay-gradient":""}}},"product_brand":[],"product_cat":[26],"product_tag":[],"class_list":{"0":"post-3102","1":"product","2":"type-product","3":"status-publish","4":"has-post-thumbnail","6":"product_cat-zeitgenossische-musik","7":"pa_artikelnummer-neos-11016","8":"pa_brand-neos-music","9":"pa_ean-647","10":"desktop-align-left","11":"tablet-align-left","12":"mobile-align-left","14":"first","15":"instock","16":"taxable","17":"shipping-taxable","18":"purchasable","19":"product-type-simple"},"yoast_head":"<!-- This site is optimized with the Yoast SEO plugin v27.3 - https:\/\/yoast.com\/product\/yoast-seo-wordpress\/ -->\n<title>David Philip Hefti: ROTAS \u00b7 Wunderhorn-Musik - NEOS Music<\/title>\n<meta name=\"robots\" content=\"index, follow, max-snippet:-1, max-image-preview:large, max-video-preview:-1\" \/>\n<link rel=\"canonical\" href=\"https:\/\/neos-music.com\/en_us\/product\/david-philip-hefti-rotas-\u00b7-wunderhorn-musik\/\" \/>\n<meta property=\"og:locale\" content=\"en_US\" \/>\n<meta property=\"og:type\" content=\"article\" \/>\n<meta property=\"og:title\" content=\"David Philip Hefti: ROTAS \u00b7 Wunderhorn-Musik - NEOS Music\" \/>\n<meta property=\"og:description\" content=\"Infotext: David Philip Hefti: Rotas \u00b7 Wunderhorn-Musik ROTAS\u00a0\u2013 Konzert f\u00fcr Oboe und Orchester ROTAS, Konzert f\u00fcr Oboe und Orchester, entstand 2009 im Auftrag des Philharmonischen Orchesters Augsburg und ist dem Solisten Thomas Inderm\u00fchle, dem Dirigenten Rudolf Piehlmayer und den Augsburger Philharmonikern gewidmet. ROTAS ist die letzte Komposition meines 5-teiligen SATOR-Zyklus\u2019. Die f\u00fcnf Kompositionen werden durch [&hellip;]\" \/>\n<meta property=\"og:url\" content=\"https:\/\/neos-music.com\/en_us\/product\/david-philip-hefti-rotas-\u00b7-wunderhorn-musik\/\" \/>\n<meta property=\"og:site_name\" content=\"NEOS Music\" \/>\n<meta property=\"article:modified_time\" content=\"2022-11-19T16:46:12+00:00\" \/>\n<meta property=\"og:image\" content=\"https:\/\/neos-music.com\/wp-content\/uploads\/2022\/11\/NEOS_11016_Hefti.jpeg\" \/>\n\t<meta property=\"og:image:width\" content=\"1647\" \/>\n\t<meta property=\"og:image:height\" content=\"1482\" \/>\n\t<meta property=\"og:image:type\" content=\"image\/jpeg\" \/>\n<meta name=\"twitter:card\" content=\"summary_large_image\" \/>\n<meta name=\"twitter:label1\" content=\"Est. reading time\" \/>\n\t<meta name=\"twitter:data1\" content=\"4 minutes\" \/>\n<script type=\"application\/ld+json\" class=\"yoast-schema-graph\">{\"@context\":\"https:\\\/\\\/schema.org\",\"@graph\":[{\"@type\":\"WebPage\",\"@id\":\"https:\\\/\\\/neos-music.com\\\/product\\\/david-philip-hefti-rotas-%c2%b7-wunderhorn-musik\\\/\",\"url\":\"https:\\\/\\\/neos-music.com\\\/product\\\/david-philip-hefti-rotas-%c2%b7-wunderhorn-musik\\\/\",\"name\":\"David Philip Hefti: ROTAS \u00b7 Wunderhorn-Musik - NEOS Music\",\"isPartOf\":{\"@id\":\"https:\\\/\\\/neos-music.com\\\/#website\"},\"primaryImageOfPage\":{\"@id\":\"https:\\\/\\\/neos-music.com\\\/product\\\/david-philip-hefti-rotas-%c2%b7-wunderhorn-musik\\\/#primaryimage\"},\"image\":{\"@id\":\"https:\\\/\\\/neos-music.com\\\/product\\\/david-philip-hefti-rotas-%c2%b7-wunderhorn-musik\\\/#primaryimage\"},\"thumbnailUrl\":\"https:\\\/\\\/i0.wp.com\\\/neos-music.com\\\/wp-content\\\/uploads\\\/2022\\\/11\\\/NEOS_11016_Hefti.jpeg?fit=1647%2C1482&ssl=1\",\"datePublished\":\"2010-06-05T16:44:27+00:00\",\"dateModified\":\"2022-11-19T16:46:12+00:00\",\"breadcrumb\":{\"@id\":\"https:\\\/\\\/neos-music.com\\\/product\\\/david-philip-hefti-rotas-%c2%b7-wunderhorn-musik\\\/#breadcrumb\"},\"inLanguage\":\"en-US\",\"potentialAction\":[{\"@type\":\"ReadAction\",\"target\":[\"https:\\\/\\\/neos-music.com\\\/product\\\/david-philip-hefti-rotas-%c2%b7-wunderhorn-musik\\\/\"]}]},{\"@type\":\"ImageObject\",\"inLanguage\":\"en-US\",\"@id\":\"https:\\\/\\\/neos-music.com\\\/product\\\/david-philip-hefti-rotas-%c2%b7-wunderhorn-musik\\\/#primaryimage\",\"url\":\"https:\\\/\\\/i0.wp.com\\\/neos-music.com\\\/wp-content\\\/uploads\\\/2022\\\/11\\\/NEOS_11016_Hefti.jpeg?fit=1647%2C1482&ssl=1\",\"contentUrl\":\"https:\\\/\\\/i0.wp.com\\\/neos-music.com\\\/wp-content\\\/uploads\\\/2022\\\/11\\\/NEOS_11016_Hefti.jpeg?fit=1647%2C1482&ssl=1\",\"width\":1647,\"height\":1482},{\"@type\":\"BreadcrumbList\",\"@id\":\"https:\\\/\\\/neos-music.com\\\/product\\\/david-philip-hefti-rotas-%c2%b7-wunderhorn-musik\\\/#breadcrumb\",\"itemListElement\":[{\"@type\":\"ListItem\",\"position\":1,\"name\":\"Startseite\",\"item\":\"https:\\\/\\\/neos-music.com\\\/\"},{\"@type\":\"ListItem\",\"position\":2,\"name\":\"Produkte\",\"item\":\"https:\\\/\\\/neos-music.com\\\/shop__trashed\\\/\"},{\"@type\":\"ListItem\",\"position\":3,\"name\":\"David Philip Hefti: ROTAS \u00b7 Wunderhorn-Musik\"}]},{\"@type\":\"WebSite\",\"@id\":\"https:\\\/\\\/neos-music.com\\\/#website\",\"url\":\"https:\\\/\\\/neos-music.com\\\/\",\"name\":\"NEOS Music\",\"description\":\"Dein Online Shop f\u00fcr zeitgen\u00f6ssische Musik, Jazz und Classics!\",\"publisher\":{\"@id\":\"https:\\\/\\\/neos-music.com\\\/#organization\"},\"potentialAction\":[{\"@type\":\"SearchAction\",\"target\":{\"@type\":\"EntryPoint\",\"urlTemplate\":\"https:\\\/\\\/neos-music.com\\\/?s={search_term_string}\"},\"query-input\":{\"@type\":\"PropertyValueSpecification\",\"valueRequired\":true,\"valueName\":\"search_term_string\"}}],\"inLanguage\":\"en-US\"},{\"@type\":\"Organization\",\"@id\":\"https:\\\/\\\/neos-music.com\\\/#organization\",\"name\":\"NEOS Music\",\"url\":\"https:\\\/\\\/neos-music.com\\\/\",\"logo\":{\"@type\":\"ImageObject\",\"inLanguage\":\"en-US\",\"@id\":\"https:\\\/\\\/neos-music.com\\\/#\\\/schema\\\/logo\\\/image\\\/\",\"url\":\"https:\\\/\\\/i0.wp.com\\\/neos-music.com\\\/wp-content\\\/uploads\\\/2025\\\/08\\\/NEOS-Logo-weiss.png?fit=800%2C203&ssl=1\",\"contentUrl\":\"https:\\\/\\\/i0.wp.com\\\/neos-music.com\\\/wp-content\\\/uploads\\\/2025\\\/08\\\/NEOS-Logo-weiss.png?fit=800%2C203&ssl=1\",\"width\":800,\"height\":203,\"caption\":\"NEOS Music\"},\"image\":{\"@id\":\"https:\\\/\\\/neos-music.com\\\/#\\\/schema\\\/logo\\\/image\\\/\"}}]}<\/script>\n<!-- \/ Yoast SEO plugin. -->","yoast_head_json":{"title":"David Philip Hefti: ROTAS \u00b7 Wunderhorn-Musik - NEOS Music","robots":{"index":"index","follow":"follow","max-snippet":"max-snippet:-1","max-image-preview":"max-image-preview:large","max-video-preview":"max-video-preview:-1"},"canonical":"https:\/\/neos-music.com\/en_us\/product\/david-philip-hefti-rotas-\u00b7-wunderhorn-musik\/","og_locale":"en_US","og_type":"article","og_title":"David Philip Hefti: ROTAS \u00b7 Wunderhorn-Musik - NEOS Music","og_description":"Infotext: David Philip Hefti: Rotas \u00b7 Wunderhorn-Musik ROTAS\u00a0\u2013 Konzert f\u00fcr Oboe und Orchester ROTAS, Konzert f\u00fcr Oboe und Orchester, entstand 2009 im Auftrag des Philharmonischen Orchesters Augsburg und ist dem Solisten Thomas Inderm\u00fchle, dem Dirigenten Rudolf Piehlmayer und den Augsburger Philharmonikern gewidmet. ROTAS ist die letzte Komposition meines 5-teiligen SATOR-Zyklus\u2019. Die f\u00fcnf Kompositionen werden durch [&hellip;]","og_url":"https:\/\/neos-music.com\/en_us\/product\/david-philip-hefti-rotas-\u00b7-wunderhorn-musik\/","og_site_name":"NEOS Music","article_modified_time":"2022-11-19T16:46:12+00:00","og_image":[{"width":1647,"height":1482,"url":"https:\/\/neos-music.com\/wp-content\/uploads\/2022\/11\/NEOS_11016_Hefti.jpeg","type":"image\/jpeg"}],"twitter_card":"summary_large_image","twitter_misc":{"Est. reading time":"4 minutes"},"schema":{"@context":"https:\/\/schema.org","@graph":[{"@type":"WebPage","@id":"https:\/\/neos-music.com\/product\/david-philip-hefti-rotas-%c2%b7-wunderhorn-musik\/","url":"https:\/\/neos-music.com\/product\/david-philip-hefti-rotas-%c2%b7-wunderhorn-musik\/","name":"David Philip Hefti: ROTAS \u00b7 Wunderhorn-Musik - NEOS Music","isPartOf":{"@id":"https:\/\/neos-music.com\/#website"},"primaryImageOfPage":{"@id":"https:\/\/neos-music.com\/product\/david-philip-hefti-rotas-%c2%b7-wunderhorn-musik\/#primaryimage"},"image":{"@id":"https:\/\/neos-music.com\/product\/david-philip-hefti-rotas-%c2%b7-wunderhorn-musik\/#primaryimage"},"thumbnailUrl":"https:\/\/i0.wp.com\/neos-music.com\/wp-content\/uploads\/2022\/11\/NEOS_11016_Hefti.jpeg?fit=1647%2C1482&ssl=1","datePublished":"2010-06-05T16:44:27+00:00","dateModified":"2022-11-19T16:46:12+00:00","breadcrumb":{"@id":"https:\/\/neos-music.com\/product\/david-philip-hefti-rotas-%c2%b7-wunderhorn-musik\/#breadcrumb"},"inLanguage":"en-US","potentialAction":[{"@type":"ReadAction","target":["https:\/\/neos-music.com\/product\/david-philip-hefti-rotas-%c2%b7-wunderhorn-musik\/"]}]},{"@type":"ImageObject","inLanguage":"en-US","@id":"https:\/\/neos-music.com\/product\/david-philip-hefti-rotas-%c2%b7-wunderhorn-musik\/#primaryimage","url":"https:\/\/i0.wp.com\/neos-music.com\/wp-content\/uploads\/2022\/11\/NEOS_11016_Hefti.jpeg?fit=1647%2C1482&ssl=1","contentUrl":"https:\/\/i0.wp.com\/neos-music.com\/wp-content\/uploads\/2022\/11\/NEOS_11016_Hefti.jpeg?fit=1647%2C1482&ssl=1","width":1647,"height":1482},{"@type":"BreadcrumbList","@id":"https:\/\/neos-music.com\/product\/david-philip-hefti-rotas-%c2%b7-wunderhorn-musik\/#breadcrumb","itemListElement":[{"@type":"ListItem","position":1,"name":"Startseite","item":"https:\/\/neos-music.com\/"},{"@type":"ListItem","position":2,"name":"Produkte","item":"https:\/\/neos-music.com\/shop__trashed\/"},{"@type":"ListItem","position":3,"name":"David Philip Hefti: ROTAS \u00b7 Wunderhorn-Musik"}]},{"@type":"WebSite","@id":"https:\/\/neos-music.com\/#website","url":"https:\/\/neos-music.com\/","name":"NEOS Music","description":"Dein Online Shop f\u00fcr zeitgen\u00f6ssische Musik, Jazz und Classics!","publisher":{"@id":"https:\/\/neos-music.com\/#organization"},"potentialAction":[{"@type":"SearchAction","target":{"@type":"EntryPoint","urlTemplate":"https:\/\/neos-music.com\/?s={search_term_string}"},"query-input":{"@type":"PropertyValueSpecification","valueRequired":true,"valueName":"search_term_string"}}],"inLanguage":"en-US"},{"@type":"Organization","@id":"https:\/\/neos-music.com\/#organization","name":"NEOS Music","url":"https:\/\/neos-music.com\/","logo":{"@type":"ImageObject","inLanguage":"en-US","@id":"https:\/\/neos-music.com\/#\/schema\/logo\/image\/","url":"https:\/\/i0.wp.com\/neos-music.com\/wp-content\/uploads\/2025\/08\/NEOS-Logo-weiss.png?fit=800%2C203&ssl=1","contentUrl":"https:\/\/i0.wp.com\/neos-music.com\/wp-content\/uploads\/2025\/08\/NEOS-Logo-weiss.png?fit=800%2C203&ssl=1","width":800,"height":203,"caption":"NEOS Music"},"image":{"@id":"https:\/\/neos-music.com\/#\/schema\/logo\/image\/"}}]}},"jetpack_sharing_enabled":true,"_links":{"self":[{"href":"https:\/\/neos-music.com\/en_us\/wp-json\/wp\/v2\/product\/3102","targetHints":{"allow":["GET"]}}],"collection":[{"href":"https:\/\/neos-music.com\/en_us\/wp-json\/wp\/v2\/product"}],"about":[{"href":"https:\/\/neos-music.com\/en_us\/wp-json\/wp\/v2\/types\/product"}],"version-history":[{"count":0,"href":"https:\/\/neos-music.com\/en_us\/wp-json\/wp\/v2\/product\/3102\/revisions"}],"wp:featuredmedia":[{"embeddable":true,"href":"https:\/\/neos-music.com\/en_us\/wp-json\/wp\/v2\/media\/3103"}],"wp:attachment":[{"href":"https:\/\/neos-music.com\/en_us\/wp-json\/wp\/v2\/media?parent=3102"}],"wp:term":[{"taxonomy":"product_brand","embeddable":true,"href":"https:\/\/neos-music.com\/en_us\/wp-json\/wp\/v2\/product_brand?post=3102"},{"taxonomy":"product_cat","embeddable":true,"href":"https:\/\/neos-music.com\/en_us\/wp-json\/wp\/v2\/product_cat?post=3102"},{"taxonomy":"product_tag","embeddable":true,"href":"https:\/\/neos-music.com\/en_us\/wp-json\/wp\/v2\/product_tag?post=3102"}],"curies":[{"name":"wp","href":"https:\/\/api.w.org\/{rel}","templated":true}]}}