{"id":3112,"date":"2010-04-30T17:20:34","date_gmt":"2010-04-30T17:20:34","guid":{"rendered":"https:\/\/neos-music.com\/?post_type=product&#038;p=3112"},"modified":"2023-01-08T17:48:39","modified_gmt":"2023-01-08T17:48:39","slug":"nikolaus-brass-songlines","status":"publish","type":"product","link":"https:\/\/neos-music.com\/en_us\/product\/nikolaus-brass-songlines\/","title":{"rendered":"Nikolaus Brass: songlines"},"content":{"rendered":"<p>Infotext:<\/p>\n<p>In wechselnden Stimmen und Strophen geht der Gesang aufw\u00e4rts ins jubelnde Licht und hinab zu den Schatten. Helge Slaatto (Violine) l\u00f6st Klaus-Peter Werani (Viola) ab, gibt das Wort wieder an ihn zur\u00fcck und ergreift es noch einmal f\u00fcr ein kleines Duett mit Frank Reinecke (Kontrabass). Dann wiederum, und bis zum Ende, wird das Lied allein weitergesungen, von Erik Borgir (Violoncello) und zuletzt noch einmal vom Bassisten. In kurzen, sehr pers\u00f6nlichen Booklet-Notizen teilen uns die vier Interpreten mit, wie sie die von ihnen gespielte Musik erleben: als Fanfare, als rei\u00dfenden Strom, als eine Ausfahrt auf See, in unbekannte Weiten. Als Auseinandersetzung mit unendlichem Schmerz. Und als Schimmer der Hoffnung auf ein Dar\u00fcber-Hinaus, auf ein Leben nach dem Tod.<\/p>\n<p>Programm:<\/p>\n<p><b><a class=\"arcoma_glossarylink\" href=\"https:\/\/neos-music.com\/output.php?content=Kuenstler\/Nikolaus_Brass.php&amp;treplace=english%2Cgerman\" target=\"_self\" rel=\"noopener\">Nikolaus Brass<\/a><\/b>\u00a0(*1949)<\/p>\n<p><b>songlines<\/b>\u00a0(2006\/2007)<br \/>\nfor solo strings<\/p>\n<p>[01]\u00a0<b>Prolog<\/b>\u00a0(2006) for viola solo 01:44<br \/>\n<span id=\"flash1\"><\/span><br \/>\n[02]\u00a0<b>songlines I<\/b>\u00a0(2006) for violin solo 12:38<br \/>\n<span id=\"flash2\"><\/span><br \/>\n[03]\u00a0<b>Intermission<\/b>\u00a0(2007) for viola solo 02:20<br \/>\n<span id=\"flash3\"><\/span><br \/>\n[04]\u00a0<b>songlines III<\/b>\u00a0(2007) for viola solo 23:16<br \/>\n<span id=\"flash4\"><\/span><br \/>\n[05]\u00a0<b>songlines IV<\/b>\u00a0(2006) for violin and double bass 12:18<br \/>\n<span id=\"flash5\"><\/span><br \/>\n[06]\u00a0<b>songlines V<\/b>\u00a0(2007) for violoncello solo 12:02<br \/>\n<span id=\"flash6\"><\/span><br \/>\n[07]\u00a0<b>Epilog<\/b>\u00a0(2007) for double bass solo 11:39<br \/>\n<span id=\"flash7\"><\/span><\/p>\n<p>total time 76:32<\/p>\n<p><b><a class=\"arcoma_glossarylink\" href=\"https:\/\/neos-music.com\/output.php?content=Kuenstler\/Helge_Slaatto.php&amp;treplace=english%2Cgerman\" target=\"_self\" rel=\"noopener\">Helge Slaatto<\/a>, violin<br \/>\n<a class=\"arcoma_glossarylink\" href=\"https:\/\/neos-music.com\/output.php?content=Kuenstler\/Klaus-Peter_Werani.php&amp;treplace=english%2Cgerman\" target=\"_self\" rel=\"noopener\">Klaus-Peter Werani<\/a>, viola<br \/>\n<a class=\"arcoma_glossarylink\" href=\"https:\/\/neos-music.com\/output.php?content=Kuenstler\/Borgir_Erik.php&amp;treplace=english%2Cgerman\" target=\"_self\" rel=\"noopener\">Erik Borgir<\/a>, violoncello<br \/>\n<a class=\"arcoma_glossarylink\" href=\"https:\/\/neos-music.com\/output.php?content=Kuenstler\/Frank_Reinecke.php&amp;treplace=english%2Cgerman\" target=\"_self\" rel=\"noopener\">Frank Reinecke<\/a>, double bass<\/b><\/p>\n<p>Pressestimmen:<\/p>\n<p><img data-recalc-dims=\"1\" decoding=\"async\" src=\"https:\/\/i0.wp.com\/neos-music.com\/images\/news\/logo_NeueZeitschriftMusik.jpg?ssl=1\" \/><\/p>\n<p><b>Brass, Nikolaus<br \/>\n<i>songlines<\/i><\/b><i><\/i>\u00a0f\u00fcr Solo Streicher<br \/>\nInterpret: Helge Slaatto, Violine; Klaus-Peter Werani, Viola; Erik Borgir, Cello; Frank Reinecke, Kontrabass<br \/>\nVerlag\/Label: NEOS 11021<br \/>\nRubrik: CDs<br \/>\nerschienen in: Neue Zeitschrift f\u00fcr Musik 06\/2010, Seite 89<\/p>\n<p><b>Musikalische Wertung: 5<br \/>\nTechnische Wertung: 5<br \/>\nRepertoirewert: 5<br \/>\nBooklet: 5<br \/>\nGesamtwertung: 5<\/b><\/p>\n<p>H\u00e4tte die Phrase nichts Bieder-Konservatives an sich, so k\u00e4me man in Versuchung zu schreiben, dass in den\u00a0<i>song\u00adlines<\/i>\u00a0f\u00fcr Solo-Streicher (2006\/07) nirgends \u00abgegen das Instrument\u00bb komponiert wird. Aber es geht zum Gl\u00fcck auch anders: Nikolaus Brass\u2019 Musik hat nichts Zwanghaftes, ihre St\u00e4rke ist ihre Selbstverst\u00e4ndlichkeit. Kantilenen aus seiner Feder kommen stets wie aus einem Guss. Das ruhige Kreisen um einzelne Intervalle k\u00f6nnte sich ins End\u00adlose ziehen. Und dann w\u00e4re da noch diese organische Geschlossenheit des gesamten Werks; auch oft mit nega\u00adtivem Beigeschmack interpretiert, bei Brass aber in atemberaubender Vollendung zu h\u00f6ren.<\/p>\n<p>Vier S\u00e4tze umfassen die\u00a0<i>songlines<\/i>. Eingerahmt sind sie von einem Prolog und einem Epilog, einmal unterbrochen von einer \u00abintermission\u00bb f\u00fcr Viola solo. Meist nach innen gewendet ist der Gestus der etwa zw\u00f6lfmin\u00fctigen S\u00e4tze. Einer Meditation in h\u00f6chsten Registern gleicht \u00absonglines I\u00bb f\u00fcr Violine. Ausgefeilt sind die mehrstimmigen Akkorde, durchsetzt mit Glissandi auf engem Raum. Vorbereitet durch die entspannte \u00abintermission\u00bb erreicht Brass in den zentralen \u00absonglines III\u00bb f\u00fcr Viola eine Kunsth\u00f6he, die sich messen lassen kann mit den Hauptwerken der Viola-Literatur, etwa mit Pierluigi Billones\u00a0<i>ITI KE MI<\/i>\u00a0(1995). Vergleichsweise weniger radikal, aber zugleich flexibler zeigt sich Brass. Gl\u00e4sern fragile Flageolett-Passagen gehen bruchlos \u00fcber in ausgefeilte, ordinario gespielte Mehrstimmigkeit, dann wieder folgen fl\u00e4chige Episoden, manchmal mit br\u00fcchiger Tongebung im Forte, dann wieder mit feinst dosiertem Bogendruck.<\/p>\n<p>Ohne den spezialisierten Interpreten kommen die songlines nicht aus. Mit Helge Slaatto (Violine), Klaus-Peter Werani (Viola), Erik Borgir (Cello) und Frank Reinecke (Kontrabass) kann sich Brass gl\u00fccklich sch\u00e4tzen. Aufopferungsvoll m\u00fcssen sich die Herren vorbereitet haben, allein instrumentale F\u00e4higkeiten erkl\u00e4ren die besondere Intimit\u00e4t der Aufnahmen nicht. An dieser haben auch die Techniker und der Produzent Helmut Rohm aus dem Hause des Bayerischen Rundfunks ihren Anteil: Stimmig ist die Mikrofonierung; zwischen aufdringlicher N\u00e4he und Distanz ist genau das richtige Ma\u00df gefunden. Subjektive Kommentare der Interpreten runden im Booklet eine furiose Produktion ab. \u00abEine entr\u00fcckte Musik, sehns\u00fcchtig, intim, feinnervig, sich selbst leise zusingend\u00bb, beschreibt der Cellist Erik Borgir seine Eindr\u00fccke. Kaum etwas ist hinzuzuf\u00fcgen. Nur noch: H\u00f6chstnoten.<\/p>\n<p><i>Torsten M\u00f6ller<\/i><\/p>\n<p>&nbsp;<\/p>\n<p><img data-recalc-dims=\"1\" decoding=\"async\" src=\"https:\/\/i0.wp.com\/neos-music.com\/images\/news\/logo_Rondo.gif?ssl=1\" \/><br \/>\n14.08.2010<\/p>\n<p><img data-recalc-dims=\"1\" decoding=\"async\" src=\"https:\/\/i0.wp.com\/neos-music.com\/images\/news\/11021_Nikolaus_Brass.jpg?ssl=1\" \/><\/p>\n<p>&nbsp;<\/p>\n<p><img data-recalc-dims=\"1\" decoding=\"async\" src=\"https:\/\/i0.wp.com\/neos-music.com\/images\/news\/logo_br_klassik.jpg?ssl=1\" \/><br \/>\n17.02.2010<\/p>\n<p><b>Nikolaus Brass &#8211;\u00a0songlines<\/b><\/p>\n<p><b><br \/>\n<\/b>Lange galt Nikolaus Brass als ein Au\u00dfenseiter der aktuellen Musikszene, als einer, der als Komponist und Mediziner seinen ganz eigenen Weg geht und nur gelegentlich mit seiner Musik aufhorchen lie\u00df. Das hat sich in letzter Zeit grunds\u00e4tzlich ge\u00e4ndert. Brass, der 1949 in Lindau geboren wurde und seit vielen Jahren im M\u00fcnchner Raum lebt und arbeitet, erf\u00e4hrt derzeit \u00fcber die Zirkel der Neuen Musik hinaus gro\u00dfe \u00fcberregionale Aufmerksamkeit. Beim Label NEOS ist nun eine CD mit seinem &#8222;songlines&#8220;-Zyklus erschienen, einer Reihe von Solo- bzw. Duost\u00fccken f\u00fcr Streicher aus den Jahren 2006\/07.<\/p>\n<p>Sein Komponieren, dem Nikolaus Brass in unbeirrbarer Kontinuit\u00e4t neben seinem Brotberuf als Arzt und Redakteur einer medizinischen Fachzeitschrift nachgeht, entspringt einer inneren Notwendigkeit abseits diverser Schulen und \u00e4sthetischer Schubladen. Erst relativ sp\u00e4t, mit Anfang drei\u00dfig, gibt Brass eigene Werke frei. Mittlerweile liegt ein vielseitiges Oeuvre vor, das St\u00fccke f\u00fcr gro\u00dfe Besetzungen ebenso einschlie\u00dft wie Kammermusik in unterschiedlichen Formationen. Charakteristisch f\u00fcr seine Musik sind flie\u00dfende Zeitprozesse, Fragen von Ordnung und St\u00f6rung, das unpr\u00e4tenzi\u00f6se Abtasten der akustischen Au\u00dfenfl\u00e4che nach dem, was sie als Widerhall in sich birgt sowie Aspekte der menschlichen Existenz, deren F\u00e4higkeit des Erinnerns und Vergessens, dem permanenten Kreisen von Verlieren und Wiederfinden. Obwohl Brass eine stille Pers\u00f6nlichkeit ist und nie viel Aufheben um sich und sein Werk gemacht hat, meldet er sich doch sehr reflektiert zu Wort, wenn es um die Relevanz von Gegenwartsmusik geht oder um den Stand des Komponierens.<\/p>\n<p><b>Unsichtbare, mythische Landkarte<\/p>\n<p><\/b>Der Titel seines Zyklus &#8222;songlines&#8220; bezieht sich auf Bruce Chatwins Roman &#8222;The Songlines&#8220; (deutsch: &#8222;Traumpfade&#8220;), der eine Reise durch das Innere Australiens beschreibt und zentral um die Songlines der Aborigines kreist. Dabei handelt es sich um eine Art unsichtbare, mythische Landkarte Australiens, die per Gesang von Generation zu Generation weitergetragen wird und Grundlage der Wanderungen der Urbev\u00f6lkerung ist. Brass geht es in seiner Musik jedoch nicht um konkret programmmusikalisches Erz\u00e4hlen dieser Geschichten, vielmehr um ein &#8222;inneres Singen&#8220;, das f\u00fcr ihn essentiell f\u00fcr das bewusste Wahrnehmen und Verarbeiten von Musik ist. Gerahmt wird der Zyklus von einem kurzen Prolog f\u00fcr Viola solo und einem Epilog f\u00fcr Kontrabass.<\/p>\n<p><b>Enorm facettenreiche Klangreise<\/p>\n<p><\/b>Sechs unterschiedlich lange Solo- und Duost\u00fccke (auf der CD fehlen &#8211; bedingt durch die Gesamtl\u00e4nge &#8211; &#8222;songlines&#8220; II und VI) stehen dazwischen und sp\u00fcren in wechselnden Stimmen unglaublich farben- und phantasiereich dem Klangspektrum und &#8222;Singen&#8220; der jeweiligen Instrumente nach. Wie oftmals bei Brass sind die Partien jeweils frei notiert und \u00fcberlassen den Musikern gestische Freiheit beim Gestalten ihrer Linien bzw. Singstimmen. Mit Frank Reinecke (Kontrabass) und dem norwegischen Geiger Helge Slaatto, denen &#8222;songlines&#8220; gewidmet sind, sowie Klaus-Peter Werani (Viola) und Erik Borgir (Violoncello) erkunden \u00e4u\u00dferst sensibel und gleichzeitig virtuos mit der Musik von Brass bereits vertraute Interpreten diese St\u00fcckreihe. Kurze, sehr pers\u00f6nliche Booklet-Notizen dieser vier Musiker skizzieren, wie sie diese Musik erleben: als Fanfare, als rei\u00dfenden Strom, als eine Ausfahrt auf See, in unbekannte Weiten. Ohne dass Brass viel &#8222;macht&#8220;, f\u00fchrt so seine Musik auf eine fein durchgestaltete, enorm facettenreiche Klangreise &#8230; Unbedingt h\u00f6renswert!<\/p>\n<p>Meret Forster<\/p>\n","protected":false},"excerpt":{"rendered":"<p>Infotext: In wechselnden Stimmen und Strophen geht der Gesang aufw\u00e4rts ins jubelnde Licht und hinab zu den Schatten. Helge Slaatto (Violine) l\u00f6st Klaus-Peter Werani (Viola) ab, gibt das Wort wieder an ihn zur\u00fcck und ergreift es noch einmal f\u00fcr ein kleines Duett mit Frank Reinecke (Kontrabass). Dann wiederum, und bis zum Ende, wird das Lied [&hellip;]<\/p>\n","protected":false},"featured_media":3113,"template":"","meta":{"site-sidebar-layout":"default","site-content-layout":"default","ast-site-content-layout":"default","site-content-style":"default","site-sidebar-style":"default","ast-global-header-display":"","ast-banner-title-visibility":"","ast-main-header-display":"","ast-hfb-above-header-display":"","ast-hfb-below-header-display":"","ast-hfb-mobile-header-display":"","site-post-title":"","ast-breadcrumbs-content":"","ast-featured-img":"","footer-sml-layout":"","theme-transparent-header-meta":"default","adv-header-id-meta":"","stick-header-meta":"","header-above-stick-meta":"","header-main-stick-meta":"","header-below-stick-meta":"","astra-migrate-meta-layouts":"default","ast-page-background-enabled":"default","ast-page-background-meta":{"desktop":{"background-color":"","background-image":"","background-repeat":"repeat","background-position":"center center","background-size":"auto","background-attachment":"scroll","background-type":"","background-media":"","overlay-type":"","overlay-color":"","overlay-opacity":"","overlay-gradient":""},"tablet":{"background-color":"","background-image":"","background-repeat":"repeat","background-position":"center center","background-size":"auto","background-attachment":"scroll","background-type":"","background-media":"","overlay-type":"","overlay-color":"","overlay-opacity":"","overlay-gradient":""},"mobile":{"background-color":"","background-image":"","background-repeat":"repeat","background-position":"center center","background-size":"auto","background-attachment":"scroll","background-type":"","background-media":"","overlay-type":"","overlay-color":"","overlay-opacity":"","overlay-gradient":""}},"ast-content-background-meta":{"desktop":{"background-color":"var(--ast-global-color-5)","background-image":"","background-repeat":"repeat","background-position":"center center","background-size":"auto","background-attachment":"scroll","background-type":"","background-media":"","overlay-type":"","overlay-color":"","overlay-opacity":"","overlay-gradient":""},"tablet":{"background-color":"var(--ast-global-color-5)","background-image":"","background-repeat":"repeat","background-position":"center center","background-size":"auto","background-attachment":"scroll","background-type":"","background-media":"","overlay-type":"","overlay-color":"","overlay-opacity":"","overlay-gradient":""},"mobile":{"background-color":"var(--ast-global-color-5)","background-image":"","background-repeat":"repeat","background-position":"center center","background-size":"auto","background-attachment":"scroll","background-type":"","background-media":"","overlay-type":"","overlay-color":"","overlay-opacity":"","overlay-gradient":""}}},"product_brand":[],"product_cat":[878,26],"product_tag":[],"class_list":{"0":"post-3112","1":"product","2":"type-product","3":"status-publish","4":"has-post-thumbnail","6":"product_cat-streichquartett","7":"product_cat-zeitgenossische-musik","8":"pa_artikelnummer-neos-11021","9":"pa_brand-neos-music","10":"pa_ean-657","11":"desktop-align-left","12":"tablet-align-left","13":"mobile-align-left","15":"first","16":"instock","17":"taxable","18":"shipping-taxable","19":"purchasable","20":"product-type-simple"},"yoast_head":"<!-- This site is optimized with the Yoast SEO plugin v27.4 - https:\/\/yoast.com\/product\/yoast-seo-wordpress\/ -->\n<title>Nikolaus Brass: songlines - NEOS Music<\/title>\n<meta name=\"robots\" content=\"index, follow, max-snippet:-1, max-image-preview:large, max-video-preview:-1\" \/>\n<link rel=\"canonical\" href=\"https:\/\/neos-music.com\/en_us\/product\/nikolaus-brass-songlines\/\" \/>\n<meta property=\"og:locale\" content=\"en_US\" \/>\n<meta property=\"og:type\" content=\"article\" \/>\n<meta property=\"og:title\" content=\"Nikolaus Brass: songlines - NEOS Music\" \/>\n<meta property=\"og:description\" content=\"Infotext: In wechselnden Stimmen und Strophen geht der Gesang aufw\u00e4rts ins jubelnde Licht und hinab zu den Schatten. Helge Slaatto (Violine) l\u00f6st Klaus-Peter Werani (Viola) ab, gibt das Wort wieder an ihn zur\u00fcck und ergreift es noch einmal f\u00fcr ein kleines Duett mit Frank Reinecke (Kontrabass). Dann wiederum, und bis zum Ende, wird das Lied [&hellip;]\" \/>\n<meta property=\"og:url\" content=\"https:\/\/neos-music.com\/en_us\/product\/nikolaus-brass-songlines\/\" \/>\n<meta property=\"og:site_name\" content=\"NEOS Music\" \/>\n<meta property=\"article:modified_time\" content=\"2023-01-08T17:48:39+00:00\" \/>\n<meta property=\"og:image\" content=\"https:\/\/neos-music.com\/wp-content\/uploads\/2022\/11\/NEOS_11021_Brass.jpeg\" \/>\n\t<meta property=\"og:image:width\" content=\"1181\" \/>\n\t<meta property=\"og:image:height\" content=\"1063\" \/>\n\t<meta property=\"og:image:type\" content=\"image\/jpeg\" \/>\n<meta name=\"twitter:card\" content=\"summary_large_image\" \/>\n<meta name=\"twitter:label1\" content=\"Est. reading time\" \/>\n\t<meta name=\"twitter:data1\" content=\"6 minutes\" \/>\n<script type=\"application\/ld+json\" class=\"yoast-schema-graph\">{\"@context\":\"https:\\\/\\\/schema.org\",\"@graph\":[{\"@type\":\"WebPage\",\"@id\":\"https:\\\/\\\/neos-music.com\\\/product\\\/nikolaus-brass-songlines\\\/\",\"url\":\"https:\\\/\\\/neos-music.com\\\/product\\\/nikolaus-brass-songlines\\\/\",\"name\":\"Nikolaus Brass: songlines - NEOS Music\",\"isPartOf\":{\"@id\":\"https:\\\/\\\/neos-music.com\\\/#website\"},\"primaryImageOfPage\":{\"@id\":\"https:\\\/\\\/neos-music.com\\\/product\\\/nikolaus-brass-songlines\\\/#primaryimage\"},\"image\":{\"@id\":\"https:\\\/\\\/neos-music.com\\\/product\\\/nikolaus-brass-songlines\\\/#primaryimage\"},\"thumbnailUrl\":\"https:\\\/\\\/i0.wp.com\\\/neos-music.com\\\/wp-content\\\/uploads\\\/2022\\\/11\\\/NEOS_11021_Brass.jpeg?fit=1181%2C1063&ssl=1\",\"datePublished\":\"2010-04-30T17:20:34+00:00\",\"dateModified\":\"2023-01-08T17:48:39+00:00\",\"breadcrumb\":{\"@id\":\"https:\\\/\\\/neos-music.com\\\/product\\\/nikolaus-brass-songlines\\\/#breadcrumb\"},\"inLanguage\":\"en-US\",\"potentialAction\":[{\"@type\":\"ReadAction\",\"target\":[\"https:\\\/\\\/neos-music.com\\\/product\\\/nikolaus-brass-songlines\\\/\"]}]},{\"@type\":\"ImageObject\",\"inLanguage\":\"en-US\",\"@id\":\"https:\\\/\\\/neos-music.com\\\/product\\\/nikolaus-brass-songlines\\\/#primaryimage\",\"url\":\"https:\\\/\\\/i0.wp.com\\\/neos-music.com\\\/wp-content\\\/uploads\\\/2022\\\/11\\\/NEOS_11021_Brass.jpeg?fit=1181%2C1063&ssl=1\",\"contentUrl\":\"https:\\\/\\\/i0.wp.com\\\/neos-music.com\\\/wp-content\\\/uploads\\\/2022\\\/11\\\/NEOS_11021_Brass.jpeg?fit=1181%2C1063&ssl=1\",\"width\":1181,\"height\":1063},{\"@type\":\"BreadcrumbList\",\"@id\":\"https:\\\/\\\/neos-music.com\\\/product\\\/nikolaus-brass-songlines\\\/#breadcrumb\",\"itemListElement\":[{\"@type\":\"ListItem\",\"position\":1,\"name\":\"Startseite\",\"item\":\"https:\\\/\\\/neos-music.com\\\/\"},{\"@type\":\"ListItem\",\"position\":2,\"name\":\"Produkte\",\"item\":\"https:\\\/\\\/neos-music.com\\\/shop__trashed\\\/\"},{\"@type\":\"ListItem\",\"position\":3,\"name\":\"Nikolaus Brass: songlines\"}]},{\"@type\":\"WebSite\",\"@id\":\"https:\\\/\\\/neos-music.com\\\/#website\",\"url\":\"https:\\\/\\\/neos-music.com\\\/\",\"name\":\"NEOS Music\",\"description\":\"Dein Online Shop f\u00fcr zeitgen\u00f6ssische Musik, Jazz und Classics!\",\"publisher\":{\"@id\":\"https:\\\/\\\/neos-music.com\\\/#organization\"},\"potentialAction\":[{\"@type\":\"SearchAction\",\"target\":{\"@type\":\"EntryPoint\",\"urlTemplate\":\"https:\\\/\\\/neos-music.com\\\/?s={search_term_string}\"},\"query-input\":{\"@type\":\"PropertyValueSpecification\",\"valueRequired\":true,\"valueName\":\"search_term_string\"}}],\"inLanguage\":\"en-US\"},{\"@type\":\"Organization\",\"@id\":\"https:\\\/\\\/neos-music.com\\\/#organization\",\"name\":\"NEOS Music\",\"url\":\"https:\\\/\\\/neos-music.com\\\/\",\"logo\":{\"@type\":\"ImageObject\",\"inLanguage\":\"en-US\",\"@id\":\"https:\\\/\\\/neos-music.com\\\/#\\\/schema\\\/logo\\\/image\\\/\",\"url\":\"https:\\\/\\\/i0.wp.com\\\/neos-music.com\\\/wp-content\\\/uploads\\\/2025\\\/08\\\/NEOS-Logo-weiss.png?fit=800%2C203&ssl=1\",\"contentUrl\":\"https:\\\/\\\/i0.wp.com\\\/neos-music.com\\\/wp-content\\\/uploads\\\/2025\\\/08\\\/NEOS-Logo-weiss.png?fit=800%2C203&ssl=1\",\"width\":800,\"height\":203,\"caption\":\"NEOS Music\"},\"image\":{\"@id\":\"https:\\\/\\\/neos-music.com\\\/#\\\/schema\\\/logo\\\/image\\\/\"}}]}<\/script>\n<!-- \/ Yoast SEO plugin. -->","yoast_head_json":{"title":"Nikolaus Brass: songlines - NEOS Music","robots":{"index":"index","follow":"follow","max-snippet":"max-snippet:-1","max-image-preview":"max-image-preview:large","max-video-preview":"max-video-preview:-1"},"canonical":"https:\/\/neos-music.com\/en_us\/product\/nikolaus-brass-songlines\/","og_locale":"en_US","og_type":"article","og_title":"Nikolaus Brass: songlines - NEOS Music","og_description":"Infotext: In wechselnden Stimmen und Strophen geht der Gesang aufw\u00e4rts ins jubelnde Licht und hinab zu den Schatten. Helge Slaatto (Violine) l\u00f6st Klaus-Peter Werani (Viola) ab, gibt das Wort wieder an ihn zur\u00fcck und ergreift es noch einmal f\u00fcr ein kleines Duett mit Frank Reinecke (Kontrabass). Dann wiederum, und bis zum Ende, wird das Lied [&hellip;]","og_url":"https:\/\/neos-music.com\/en_us\/product\/nikolaus-brass-songlines\/","og_site_name":"NEOS Music","article_modified_time":"2023-01-08T17:48:39+00:00","og_image":[{"width":1181,"height":1063,"url":"https:\/\/neos-music.com\/wp-content\/uploads\/2022\/11\/NEOS_11021_Brass.jpeg","type":"image\/jpeg"}],"twitter_card":"summary_large_image","twitter_misc":{"Est. reading time":"6 minutes"},"schema":{"@context":"https:\/\/schema.org","@graph":[{"@type":"WebPage","@id":"https:\/\/neos-music.com\/product\/nikolaus-brass-songlines\/","url":"https:\/\/neos-music.com\/product\/nikolaus-brass-songlines\/","name":"Nikolaus Brass: songlines - NEOS Music","isPartOf":{"@id":"https:\/\/neos-music.com\/#website"},"primaryImageOfPage":{"@id":"https:\/\/neos-music.com\/product\/nikolaus-brass-songlines\/#primaryimage"},"image":{"@id":"https:\/\/neos-music.com\/product\/nikolaus-brass-songlines\/#primaryimage"},"thumbnailUrl":"https:\/\/i0.wp.com\/neos-music.com\/wp-content\/uploads\/2022\/11\/NEOS_11021_Brass.jpeg?fit=1181%2C1063&ssl=1","datePublished":"2010-04-30T17:20:34+00:00","dateModified":"2023-01-08T17:48:39+00:00","breadcrumb":{"@id":"https:\/\/neos-music.com\/product\/nikolaus-brass-songlines\/#breadcrumb"},"inLanguage":"en-US","potentialAction":[{"@type":"ReadAction","target":["https:\/\/neos-music.com\/product\/nikolaus-brass-songlines\/"]}]},{"@type":"ImageObject","inLanguage":"en-US","@id":"https:\/\/neos-music.com\/product\/nikolaus-brass-songlines\/#primaryimage","url":"https:\/\/i0.wp.com\/neos-music.com\/wp-content\/uploads\/2022\/11\/NEOS_11021_Brass.jpeg?fit=1181%2C1063&ssl=1","contentUrl":"https:\/\/i0.wp.com\/neos-music.com\/wp-content\/uploads\/2022\/11\/NEOS_11021_Brass.jpeg?fit=1181%2C1063&ssl=1","width":1181,"height":1063},{"@type":"BreadcrumbList","@id":"https:\/\/neos-music.com\/product\/nikolaus-brass-songlines\/#breadcrumb","itemListElement":[{"@type":"ListItem","position":1,"name":"Startseite","item":"https:\/\/neos-music.com\/"},{"@type":"ListItem","position":2,"name":"Produkte","item":"https:\/\/neos-music.com\/shop__trashed\/"},{"@type":"ListItem","position":3,"name":"Nikolaus Brass: songlines"}]},{"@type":"WebSite","@id":"https:\/\/neos-music.com\/#website","url":"https:\/\/neos-music.com\/","name":"NEOS Music","description":"Dein Online Shop f\u00fcr zeitgen\u00f6ssische Musik, Jazz und Classics!","publisher":{"@id":"https:\/\/neos-music.com\/#organization"},"potentialAction":[{"@type":"SearchAction","target":{"@type":"EntryPoint","urlTemplate":"https:\/\/neos-music.com\/?s={search_term_string}"},"query-input":{"@type":"PropertyValueSpecification","valueRequired":true,"valueName":"search_term_string"}}],"inLanguage":"en-US"},{"@type":"Organization","@id":"https:\/\/neos-music.com\/#organization","name":"NEOS Music","url":"https:\/\/neos-music.com\/","logo":{"@type":"ImageObject","inLanguage":"en-US","@id":"https:\/\/neos-music.com\/#\/schema\/logo\/image\/","url":"https:\/\/i0.wp.com\/neos-music.com\/wp-content\/uploads\/2025\/08\/NEOS-Logo-weiss.png?fit=800%2C203&ssl=1","contentUrl":"https:\/\/i0.wp.com\/neos-music.com\/wp-content\/uploads\/2025\/08\/NEOS-Logo-weiss.png?fit=800%2C203&ssl=1","width":800,"height":203,"caption":"NEOS Music"},"image":{"@id":"https:\/\/neos-music.com\/#\/schema\/logo\/image\/"}}]}},"jetpack_sharing_enabled":true,"_links":{"self":[{"href":"https:\/\/neos-music.com\/en_us\/wp-json\/wp\/v2\/product\/3112","targetHints":{"allow":["GET"]}}],"collection":[{"href":"https:\/\/neos-music.com\/en_us\/wp-json\/wp\/v2\/product"}],"about":[{"href":"https:\/\/neos-music.com\/en_us\/wp-json\/wp\/v2\/types\/product"}],"version-history":[{"count":0,"href":"https:\/\/neos-music.com\/en_us\/wp-json\/wp\/v2\/product\/3112\/revisions"}],"wp:featuredmedia":[{"embeddable":true,"href":"https:\/\/neos-music.com\/en_us\/wp-json\/wp\/v2\/media\/3113"}],"wp:attachment":[{"href":"https:\/\/neos-music.com\/en_us\/wp-json\/wp\/v2\/media?parent=3112"}],"wp:term":[{"taxonomy":"product_brand","embeddable":true,"href":"https:\/\/neos-music.com\/en_us\/wp-json\/wp\/v2\/product_brand?post=3112"},{"taxonomy":"product_cat","embeddable":true,"href":"https:\/\/neos-music.com\/en_us\/wp-json\/wp\/v2\/product_cat?post=3112"},{"taxonomy":"product_tag","embeddable":true,"href":"https:\/\/neos-music.com\/en_us\/wp-json\/wp\/v2\/product_tag?post=3112"}],"curies":[{"name":"wp","href":"https:\/\/api.w.org\/{rel}","templated":true}]}}