{"id":3120,"date":"2010-01-10T17:29:36","date_gmt":"2010-01-10T17:29:36","guid":{"rendered":"https:\/\/neos-music.com\/?post_type=product&#038;p=3120"},"modified":"2022-11-19T17:30:48","modified_gmt":"2022-11-19T17:30:48","slug":"giacinto-scelsi-isang-yun-iannis-xenakis-manfred-stahnke-hans-werner-henze-bent-lorenzen-music-for-double-bass","status":"publish","type":"product","link":"https:\/\/neos-music.com\/en_us\/product\/giacinto-scelsi-isang-yun-iannis-xenakis-manfred-stahnke-hans-werner-henze-bent-lorenzen-music-for-double-bass\/","title":{"rendered":"Giacinto Scelsi, Isang Yun, Iannis Xenakis, Manfred Stahnke, Hans Werner Henze, Bent Lorenzen: music for double bass"},"content":{"rendered":"<p>Programm:<\/p>\n<p><b>music for double bass<\/b><\/p>\n<p><b>Giacinto Scelsi<\/b>\u00a0(1905\u20131988)<br \/>\n<b>Nuits<\/b>\u00a0(1972) 09:41<br \/>\n[01] C\u2019est bien la nuit 03:24<br \/>\n[02] Le r\u00e9veil profond 06:17<br \/>\n<span id=\"flash1\"><\/span><\/p>\n<p><b>Isang Yun<\/b>\u00a0(1917\u20131995)<br \/>\n[03]\u00a0<b>F\u00fcr Aki I<\/b>\u00a0(1981) 00:54<br \/>\n[04]\u00a0<b>F\u00fcr Aki II<\/b>\u00a0(1981) 01:01<br \/>\n<span id=\"flash2\"><\/span><\/p>\n<p><b>Iannis Xenakis<\/b>\u00a0(1922\u20132001)<br \/>\n[05]\u00a0<b>Theraps<\/b>\u00a0(1976) 14:40<br \/>\n<span id=\"flash3\"><\/span><\/p>\n<p><b>Manfred Stahnke<\/b>\u00a0(*1951)<br \/>\n[06]\u00a0<b>Streetmusic III<\/b>\u00a0(1995) 08:00<br \/>\n<span id=\"flash4\"><\/span><br \/>\ndedicated to Frank Reinecke<\/p>\n<p><b>Hans<\/b>\u00a0<b>Werner Henze<\/b>\u00a0(*1926)<br \/>\n[07]\u00a0<b>S. Biagio 9 Agosto ore 1207<\/b>\u00a0(1977) 08:37<br \/>\n<span id=\"flash5\"><\/span><br \/>\nRicordo per un contrabbasso solo<\/p>\n<p><b>Bent Lorentzen<\/b>\u00a0(*1935)<br \/>\n[08]\u00a0<b>Tiefe<\/b>\u00a0(1993) 09:37<br \/>\n<span id=\"flash6\"><\/span><br \/>\ndedicated to Frank Reinecke<\/p>\n<p><b>\u00a0\u00a0\u00a0\u00a0\u00a0 \u00a0total time 52:36<\/b><\/p>\n<p><a class=\"arcoma_glossarylink\" href=\"https:\/\/neos-music.com\/output.php?content=Kuenstler\/Frank_Reinecke.php&amp;treplace=english%2Cgerman\" target=\"_self\" rel=\"noopener\">Frank Reinecke<\/a>, double bass<\/p>\n<p>Pressestimmen:<\/p>\n<p><img data-recalc-dims=\"1\" decoding=\"async\" src=\"https:\/\/i0.wp.com\/neos-music.com\/images\/news\/logo_br_klassik.jpg?ssl=1\" \/><br \/>\n19.04.2010<\/p>\n<p><b>Frank Reinecke spielt<br \/>\nMusik f\u00fcr Kontrabass solo<\/b><\/p>\n<p>Geiger, Cellisten, ja sogar Bratschisten haben das Gl\u00fcck, auf einen reichen Fundus solistischer Meisterwerke f\u00fcr ihr Streichinstrument zur\u00fcckgreifen zu k\u00f6nnen; anders die Kontrabassisten. W\u00e4hrend die wenigen Virtuosenkonzerte, die ihnen in Vorklassik und Romantik zugedachten worden sind, meist Z\u00fcge des Kuriosen tragen und an gewichtigen Solowerken absoluter Mangel herrscht, kommt ihrem Ordinario-Spiel &#8211; von der Continuo-Praxis bis hin zur gro\u00dfen Symphonik &#8211; die tragende und damit gleichsam dienende Funktion des Fundamentalen zu.<\/p>\n<p>Erst Komponisten unserer Tage haben das eigenst\u00e4ndige musikalische Potenzial des Kontrabasses entdeckt: Es ist riesig. Wieder einmal tritt Frank Reinecke den Beweis f\u00fcr diese These an. Mit seiner neuen, gerade beim Label NEOS erschienenen Solo-CD hat sich der in Hamburg geborene Musiker (Mitglied des Symphonieorchesters des Bayerischen Rundfunks sowie international gesch\u00e4tzter Kammermusiker und Solist) endg\u00fcltig im \u00fcberschaubaren Kreis der Spitzenkontrabassisten etabliert.<\/p>\n<p><b>Packend und klangintensiv<br \/>\n<\/b>Der packend, klangintensiv und gestisch reich musizierende K\u00fcnstler hat ein dramaturgisch bezwingend komponiertes Programm mit Werken von sechs verschiedenen Tonsetzern eingespielt. Es hebt an mit den beiden 1972 entstandenen Miniaturen &#8222;Nuits&#8220; von Giacinto Scelsi (schroff bebende Klangerkundung hinter den Schleiern aus schwarzer Materie; ahnungsvolles Schweben zu fahlen Leuchtfeuern am Rande des Universums). Und es schlie\u00dft mit dem St\u00fcck Tiefe aus der Feder des D\u00e4nischen Komponisten Bent Lorentzen (zwischen Phasen des Wanderns immer wieder das tiefe Loten im Geschiebe tellurischer Kr\u00e4fte zwischen\u00a0 Styx und Vulkan), das 1993 entstanden und Frank Reinecke gewidmet ist. Isang Yun ist mit zwei liebenswerten Aphorismen vertreten: &#8222;Aki I&#8220; und &#8222;Aki II&#8220; &#8211; liedhafte Gebilde f\u00fcr den Sohn eines Freundes, der ma\u00dfgeblich dazu beigetragen hatte, dass der 1967 vom s\u00fcdkoreanischen Geheimdienst verschleppte Komponist schlie\u00dflich hatte wieder nach Deutschland zur\u00fcckkehren k\u00f6nnen.<\/p>\n<p><b>Suche nach der verlorenen Zeit<\/b><br \/>\nHans Werner Henze nannte seinen 1977 entstandenen Ricordo per un contrabbasso solo &#8222;S. Biagio 9 Agosto ore 1207&#8220;: In balladeskem Ton eine Suche nach der verlorenen Zeit. Von eher jazzoidem Charakter und mikrotonal raffiniert gew\u00fcrzt die Pizzicato-Studie &#8222;Streetmusic III&#8220;, die Manfred Stahnke 1995 f\u00fcr Frank Reinecke geschrieben hat: Quasi selbstverloren dem Groove des eigenen Spiels sich \u00fcberlassend, muss der Interpret \u00fcber weite Strecken im Unisono mitsingen &#8211; als Gr\u00fcsse von fern Bobby McFerrin.<\/p>\n<p><b>Erhabenes Bergmassiv<\/b><br \/>\nIm Zentrum des Programms freilich steht das Werk &#8222;Theraps&#8220; von Iannis Xenakis: Musik, die unter Mobilisierung aller Kr\u00e4fte und unter Schmerzen durchmessen und erobert werden will wie ein erhabenes Bergmassiv. Mit eisenharter Konsequenz stellt sich Frank Reinecke den schier unbezwingbaren Herausforderungen. Er folgt mikrointervallisch sich windenden Skaleng\u00e4ngen, w\u00fchlt in bebenden Klang-Ger\u00e4usch-Gemengen und findet nach zweistimmigen, teils gegenl\u00e4ufigen Glissandopassagen und immer wieder j\u00e4h hereinbrechenden Akzentkaskaden Wege durch Zonen fiebriger Erl\u00f6sungsphantasmagorien.<\/p>\n<p><b>Feiner Hauch und eruptives Ereignis<\/b><br \/>\nAufnahmen von unglaublicher klanglicher Pr\u00e4senz sind da gegl\u00fcckt. Vom feinsten Hauch bis zum eruptiven Ereignis: H\u00f6ren verwandelt sich hier zum Beteiligt-Sein.<\/p>\n<p>Helmut Rohm<\/p>\n<p><img data-recalc-dims=\"1\" decoding=\"async\" src=\"https:\/\/i0.wp.com\/neos-music.com\/images\/news\/klassikcom.gif?ssl=1\" \/><br \/>\n14.04.2010<\/p>\n<p><b>Quantensprung<\/b><\/p>\n<p>Vor allem wegen einer Komposition sollte die vorliegende CD \u201amusic for double bass\u2018, eingespielt vom Kontrabassisten des BR-Symphonieorchesters, Frank Reinecke, in keiner guten CD-Sammlung fehlen. &#8218;Theraps\u2019, was man ungef\u00e4hr mit \u201aErhebung in einen h\u00f6heren Bewusstseinzustand\u2019 \u00fcbersetzen k\u00f6nnte, war, 1976 von Iannis Xenakis vollendet, ein Quantensprung in der Literatur f\u00fcr Solokontrabass. ,Man lebt intensiver, wenn man sich mit Scharen von Problem herumschlagen muss\u2019, wird der Komponist im Booklet in Anspielung auf die technischen Schwierigkeiten der Komposition f\u00fcr den Interpreten zitiert. Und ganz intensiv ist die Interpretation Frank Reineckes \u2013 er betont die dynamischen Kontraste, betont die Gegens\u00e4tze in den zweistimmigen Glissandi und in den schwebenden Doppelflageoletts, zeichnet rau und ger\u00e4uschhaft nicht nur die Fortissimo-Rhythmen, mit denen die Komposition beginnt und endet, bringt die Klangsch\u00f6nheiten zum Leuchten. &#8218;Theraps\u2019 ist eine der besten Kompositionen f\u00fcr Solokontrabass, ja, eines der spannendsten Werke der zeitgen\u00f6ssischen Musik \u00fcberhaupt, und man kann das St\u00fcck in der Interpretation von Frank Reinecke nicht oft genug anh\u00f6ren. Es ist fast ein wenig, als w\u00fcrden die M\u00f6glichkeiten des Kontrabasses als Soloinstrument erst mit diesem Werk ausgelotet werden.<\/p>\n<p><b>Grau in grau<\/b><\/p>\n<p>Die anderen St\u00fccke der CD, obwohl bis auf Scelsis &#8218;Nuits\u2019 nach &#8218;Theraps\u2019 geschrieben, haben den Quantensprung nicht mitgemacht und bleiben im Vergleich zu &#8218;Theraps\u2019 eher blass. Sie erreichen werden die Spannung, noch die Klangsch\u00f6nheit, noch den Ideenreichtum von Xenakis\u2018 Solost\u00fcck. Da fehlt es an jeglicher Intensit\u00e4t, wie in Isang Yuns &#8218;F\u00fcr Aki I\u2019 und &#8218;F\u00fcr Aki II\u2019 (1981). Da fehlt jeglicher Mut zu innovativen Kl\u00e4ngen in Hans Werner Henzes &#8218;S. Biago 9 Agosto ore 1207\u2019. Weder gelangen Bent Lorentzen mit &#8218;Tiefe\u2019 (1993) noch Manfred Stahnke mit seinem jazzigen &#8218;Streetmusic III\u2019 (1995) fesselnde, schillernde Kompositionen. Man kann diese Werke durchaus anh\u00f6ren, sie heben die St\u00e4rken von &#8218;Theraps\u2019 nur um so mehr hervor. Die einzige Komposition, die sich noch aus der grauen Masse abhebt, ist Giacinto Scelsis &#8218;Nuit\u2019 \u2013 ein typisches von den Kl\u00e4ngen her gedachtes Scelsi-St\u00fcck. Auch wegen dieser Einspielung ist die CD lohnend. Zu loben ist noch die ansprechende Gestaltung von Cover und Booklet, bei der unter anderem auch Fotographien von Reinecke selbst verwendet wurden.<\/p>\n<p>Patrick Beck<\/p>\n<p>Interpretation:\u00a0<img data-recalc-dims=\"1\" decoding=\"async\" src=\"https:\/\/i0.wp.com\/neos-music.com\/images\/news\/stars4.gif?ssl=1\" \/><br \/>\nKlangqualit\u00e4t:<img data-recalc-dims=\"1\" decoding=\"async\" src=\"https:\/\/i0.wp.com\/neos-music.com\/images\/news\/stars4.gif?ssl=1\" \/><br \/>\nRepertoirewert:<img data-recalc-dims=\"1\" decoding=\"async\" src=\"https:\/\/i0.wp.com\/neos-music.com\/images\/news\/stars4.gif?ssl=1\" \/><br \/>\nBooklet:<img data-recalc-dims=\"1\" decoding=\"async\" src=\"https:\/\/i0.wp.com\/neos-music.com\/images\/news\/stars4.gif?ssl=1\" \/><\/p>\n","protected":false},"excerpt":{"rendered":"<p>Programm: music for double bass Giacinto Scelsi\u00a0(1905\u20131988) Nuits\u00a0(1972) 09:41 [01] C\u2019est bien la nuit 03:24 [02] Le r\u00e9veil profond 06:17 Isang Yun\u00a0(1917\u20131995) [03]\u00a0F\u00fcr Aki I\u00a0(1981) 00:54 [04]\u00a0F\u00fcr Aki II\u00a0(1981) 01:01 Iannis Xenakis\u00a0(1922\u20132001) [05]\u00a0Theraps\u00a0(1976) 14:40 Manfred Stahnke\u00a0(*1951) [06]\u00a0Streetmusic III\u00a0(1995) 08:00 dedicated to Frank Reinecke Hans\u00a0Werner Henze\u00a0(*1926) [07]\u00a0S. Biagio 9 Agosto ore 1207\u00a0(1977) 08:37 Ricordo per un [&hellip;]<\/p>\n","protected":false},"featured_media":3121,"template":"","meta":{"site-sidebar-layout":"default","site-content-layout":"default","ast-site-content-layout":"default","site-content-style":"default","site-sidebar-style":"default","ast-global-header-display":"","ast-banner-title-visibility":"","ast-main-header-display":"","ast-hfb-above-header-display":"","ast-hfb-below-header-display":"","ast-hfb-mobile-header-display":"","site-post-title":"","ast-breadcrumbs-content":"","ast-featured-img":"","footer-sml-layout":"","theme-transparent-header-meta":"default","adv-header-id-meta":"","stick-header-meta":"","header-above-stick-meta":"","header-main-stick-meta":"","header-below-stick-meta":"","astra-migrate-meta-layouts":"default","ast-page-background-enabled":"default","ast-page-background-meta":{"desktop":{"background-color":"","background-image":"","background-repeat":"repeat","background-position":"center center","background-size":"auto","background-attachment":"scroll","background-type":"","background-media":"","overlay-type":"","overlay-color":"","overlay-opacity":"","overlay-gradient":""},"tablet":{"background-color":"","background-image":"","background-repeat":"repeat","background-position":"center center","background-size":"auto","background-attachment":"scroll","background-type":"","background-media":"","overlay-type":"","overlay-color":"","overlay-opacity":"","overlay-gradient":""},"mobile":{"background-color":"","background-image":"","background-repeat":"repeat","background-position":"center center","background-size":"auto","background-attachment":"scroll","background-type":"","background-media":"","overlay-type":"","overlay-color":"","overlay-opacity":"","overlay-gradient":""}},"ast-content-background-meta":{"desktop":{"background-color":"var(--ast-global-color-5)","background-image":"","background-repeat":"repeat","background-position":"center center","background-size":"auto","background-attachment":"scroll","background-type":"","background-media":"","overlay-type":"","overlay-color":"","overlay-opacity":"","overlay-gradient":""},"tablet":{"background-color":"var(--ast-global-color-5)","background-image":"","background-repeat":"repeat","background-position":"center center","background-size":"auto","background-attachment":"scroll","background-type":"","background-media":"","overlay-type":"","overlay-color":"","overlay-opacity":"","overlay-gradient":""},"mobile":{"background-color":"var(--ast-global-color-5)","background-image":"","background-repeat":"repeat","background-position":"center center","background-size":"auto","background-attachment":"scroll","background-type":"","background-media":"","overlay-type":"","overlay-color":"","overlay-opacity":"","overlay-gradient":""}}},"product_brand":[],"product_cat":[26],"product_tag":[],"class_list":{"0":"post-3120","1":"product","2":"type-product","3":"status-publish","4":"has-post-thumbnail","6":"product_cat-zeitgenossische-musik","7":"pa_artikelnummer-neos-11018","8":"pa_brand-neos-music","9":"pa_ean-665","10":"desktop-align-left","11":"tablet-align-left","12":"mobile-align-left","14":"first","15":"instock","16":"taxable","17":"shipping-taxable","18":"purchasable","19":"product-type-simple"},"yoast_head":"<!-- This site is optimized with the Yoast SEO plugin v27.3 - https:\/\/yoast.com\/product\/yoast-seo-wordpress\/ -->\n<title>Giacinto Scelsi, Isang Yun, Iannis Xenakis, Manfred Stahnke, Hans Werner Henze, Bent Lorenzen: music for double bass - NEOS Music<\/title>\n<meta name=\"robots\" content=\"index, follow, max-snippet:-1, max-image-preview:large, max-video-preview:-1\" \/>\n<link rel=\"canonical\" href=\"https:\/\/neos-music.com\/en_us\/product\/giacinto-scelsi-isang-yun-iannis-xenakis-manfred-stahnke-hans-werner-henze-bent-lorenzen-music-for-double-bass\/\" \/>\n<meta property=\"og:locale\" content=\"en_US\" \/>\n<meta property=\"og:type\" content=\"article\" \/>\n<meta property=\"og:title\" content=\"Giacinto Scelsi, Isang Yun, Iannis Xenakis, Manfred Stahnke, Hans Werner Henze, Bent Lorenzen: music for double bass - NEOS Music\" \/>\n<meta property=\"og:description\" content=\"Programm: music for double bass Giacinto Scelsi\u00a0(1905\u20131988) Nuits\u00a0(1972) 09:41 [01] C\u2019est bien la nuit 03:24 [02] Le r\u00e9veil profond 06:17 Isang Yun\u00a0(1917\u20131995) [03]\u00a0F\u00fcr Aki I\u00a0(1981) 00:54 [04]\u00a0F\u00fcr Aki II\u00a0(1981) 01:01 Iannis Xenakis\u00a0(1922\u20132001) [05]\u00a0Theraps\u00a0(1976) 14:40 Manfred Stahnke\u00a0(*1951) [06]\u00a0Streetmusic III\u00a0(1995) 08:00 dedicated to Frank Reinecke Hans\u00a0Werner Henze\u00a0(*1926) [07]\u00a0S. Biagio 9 Agosto ore 1207\u00a0(1977) 08:37 Ricordo per un [&hellip;]\" \/>\n<meta property=\"og:url\" content=\"https:\/\/neos-music.com\/en_us\/product\/giacinto-scelsi-isang-yun-iannis-xenakis-manfred-stahnke-hans-werner-henze-bent-lorenzen-music-for-double-bass\/\" \/>\n<meta property=\"og:site_name\" content=\"NEOS Music\" \/>\n<meta property=\"article:modified_time\" content=\"2022-11-19T17:30:48+00:00\" \/>\n<meta property=\"og:image\" content=\"https:\/\/neos-music.com\/wp-content\/uploads\/2022\/11\/NEOS_11018_Reinecke-1.jpeg\" \/>\n\t<meta property=\"og:image:width\" content=\"1648\" \/>\n\t<meta property=\"og:image:height\" content=\"1483\" \/>\n\t<meta property=\"og:image:type\" content=\"image\/jpeg\" \/>\n<meta name=\"twitter:card\" content=\"summary_large_image\" \/>\n<meta name=\"twitter:label1\" content=\"Est. reading time\" \/>\n\t<meta name=\"twitter:data1\" content=\"5 minutes\" \/>\n<script type=\"application\/ld+json\" class=\"yoast-schema-graph\">{\"@context\":\"https:\\\/\\\/schema.org\",\"@graph\":[{\"@type\":\"WebPage\",\"@id\":\"https:\\\/\\\/neos-music.com\\\/product\\\/giacinto-scelsi-isang-yun-iannis-xenakis-manfred-stahnke-hans-werner-henze-bent-lorenzen-music-for-double-bass\\\/\",\"url\":\"https:\\\/\\\/neos-music.com\\\/product\\\/giacinto-scelsi-isang-yun-iannis-xenakis-manfred-stahnke-hans-werner-henze-bent-lorenzen-music-for-double-bass\\\/\",\"name\":\"Giacinto Scelsi, Isang Yun, Iannis Xenakis, Manfred Stahnke, Hans Werner Henze, Bent Lorenzen: music for double bass - NEOS Music\",\"isPartOf\":{\"@id\":\"https:\\\/\\\/neos-music.com\\\/#website\"},\"primaryImageOfPage\":{\"@id\":\"https:\\\/\\\/neos-music.com\\\/product\\\/giacinto-scelsi-isang-yun-iannis-xenakis-manfred-stahnke-hans-werner-henze-bent-lorenzen-music-for-double-bass\\\/#primaryimage\"},\"image\":{\"@id\":\"https:\\\/\\\/neos-music.com\\\/product\\\/giacinto-scelsi-isang-yun-iannis-xenakis-manfred-stahnke-hans-werner-henze-bent-lorenzen-music-for-double-bass\\\/#primaryimage\"},\"thumbnailUrl\":\"https:\\\/\\\/i0.wp.com\\\/neos-music.com\\\/wp-content\\\/uploads\\\/2022\\\/11\\\/NEOS_11018_Reinecke-1.jpeg?fit=1648%2C1483&ssl=1\",\"datePublished\":\"2010-01-10T17:29:36+00:00\",\"dateModified\":\"2022-11-19T17:30:48+00:00\",\"breadcrumb\":{\"@id\":\"https:\\\/\\\/neos-music.com\\\/product\\\/giacinto-scelsi-isang-yun-iannis-xenakis-manfred-stahnke-hans-werner-henze-bent-lorenzen-music-for-double-bass\\\/#breadcrumb\"},\"inLanguage\":\"en-US\",\"potentialAction\":[{\"@type\":\"ReadAction\",\"target\":[\"https:\\\/\\\/neos-music.com\\\/product\\\/giacinto-scelsi-isang-yun-iannis-xenakis-manfred-stahnke-hans-werner-henze-bent-lorenzen-music-for-double-bass\\\/\"]}]},{\"@type\":\"ImageObject\",\"inLanguage\":\"en-US\",\"@id\":\"https:\\\/\\\/neos-music.com\\\/product\\\/giacinto-scelsi-isang-yun-iannis-xenakis-manfred-stahnke-hans-werner-henze-bent-lorenzen-music-for-double-bass\\\/#primaryimage\",\"url\":\"https:\\\/\\\/i0.wp.com\\\/neos-music.com\\\/wp-content\\\/uploads\\\/2022\\\/11\\\/NEOS_11018_Reinecke-1.jpeg?fit=1648%2C1483&ssl=1\",\"contentUrl\":\"https:\\\/\\\/i0.wp.com\\\/neos-music.com\\\/wp-content\\\/uploads\\\/2022\\\/11\\\/NEOS_11018_Reinecke-1.jpeg?fit=1648%2C1483&ssl=1\",\"width\":1648,\"height\":1483},{\"@type\":\"BreadcrumbList\",\"@id\":\"https:\\\/\\\/neos-music.com\\\/product\\\/giacinto-scelsi-isang-yun-iannis-xenakis-manfred-stahnke-hans-werner-henze-bent-lorenzen-music-for-double-bass\\\/#breadcrumb\",\"itemListElement\":[{\"@type\":\"ListItem\",\"position\":1,\"name\":\"Startseite\",\"item\":\"https:\\\/\\\/neos-music.com\\\/\"},{\"@type\":\"ListItem\",\"position\":2,\"name\":\"Produkte\",\"item\":\"https:\\\/\\\/neos-music.com\\\/shop__trashed\\\/\"},{\"@type\":\"ListItem\",\"position\":3,\"name\":\"Giacinto Scelsi, Isang Yun, Iannis Xenakis, Manfred Stahnke, Hans Werner Henze, Bent Lorenzen: music for double bass\"}]},{\"@type\":\"WebSite\",\"@id\":\"https:\\\/\\\/neos-music.com\\\/#website\",\"url\":\"https:\\\/\\\/neos-music.com\\\/\",\"name\":\"NEOS Music\",\"description\":\"Dein Online Shop f\u00fcr zeitgen\u00f6ssische Musik, Jazz und Classics!\",\"publisher\":{\"@id\":\"https:\\\/\\\/neos-music.com\\\/#organization\"},\"potentialAction\":[{\"@type\":\"SearchAction\",\"target\":{\"@type\":\"EntryPoint\",\"urlTemplate\":\"https:\\\/\\\/neos-music.com\\\/?s={search_term_string}\"},\"query-input\":{\"@type\":\"PropertyValueSpecification\",\"valueRequired\":true,\"valueName\":\"search_term_string\"}}],\"inLanguage\":\"en-US\"},{\"@type\":\"Organization\",\"@id\":\"https:\\\/\\\/neos-music.com\\\/#organization\",\"name\":\"NEOS Music\",\"url\":\"https:\\\/\\\/neos-music.com\\\/\",\"logo\":{\"@type\":\"ImageObject\",\"inLanguage\":\"en-US\",\"@id\":\"https:\\\/\\\/neos-music.com\\\/#\\\/schema\\\/logo\\\/image\\\/\",\"url\":\"https:\\\/\\\/i0.wp.com\\\/neos-music.com\\\/wp-content\\\/uploads\\\/2025\\\/08\\\/NEOS-Logo-weiss.png?fit=800%2C203&ssl=1\",\"contentUrl\":\"https:\\\/\\\/i0.wp.com\\\/neos-music.com\\\/wp-content\\\/uploads\\\/2025\\\/08\\\/NEOS-Logo-weiss.png?fit=800%2C203&ssl=1\",\"width\":800,\"height\":203,\"caption\":\"NEOS Music\"},\"image\":{\"@id\":\"https:\\\/\\\/neos-music.com\\\/#\\\/schema\\\/logo\\\/image\\\/\"}}]}<\/script>\n<!-- \/ Yoast SEO plugin. -->","yoast_head_json":{"title":"Giacinto Scelsi, Isang Yun, Iannis Xenakis, Manfred Stahnke, Hans Werner Henze, Bent Lorenzen: music for double bass - NEOS Music","robots":{"index":"index","follow":"follow","max-snippet":"max-snippet:-1","max-image-preview":"max-image-preview:large","max-video-preview":"max-video-preview:-1"},"canonical":"https:\/\/neos-music.com\/en_us\/product\/giacinto-scelsi-isang-yun-iannis-xenakis-manfred-stahnke-hans-werner-henze-bent-lorenzen-music-for-double-bass\/","og_locale":"en_US","og_type":"article","og_title":"Giacinto Scelsi, Isang Yun, Iannis Xenakis, Manfred Stahnke, Hans Werner Henze, Bent Lorenzen: music for double bass - NEOS Music","og_description":"Programm: music for double bass Giacinto Scelsi\u00a0(1905\u20131988) Nuits\u00a0(1972) 09:41 [01] C\u2019est bien la nuit 03:24 [02] Le r\u00e9veil profond 06:17 Isang Yun\u00a0(1917\u20131995) [03]\u00a0F\u00fcr Aki I\u00a0(1981) 00:54 [04]\u00a0F\u00fcr Aki II\u00a0(1981) 01:01 Iannis Xenakis\u00a0(1922\u20132001) [05]\u00a0Theraps\u00a0(1976) 14:40 Manfred Stahnke\u00a0(*1951) [06]\u00a0Streetmusic III\u00a0(1995) 08:00 dedicated to Frank Reinecke Hans\u00a0Werner Henze\u00a0(*1926) [07]\u00a0S. Biagio 9 Agosto ore 1207\u00a0(1977) 08:37 Ricordo per un [&hellip;]","og_url":"https:\/\/neos-music.com\/en_us\/product\/giacinto-scelsi-isang-yun-iannis-xenakis-manfred-stahnke-hans-werner-henze-bent-lorenzen-music-for-double-bass\/","og_site_name":"NEOS Music","article_modified_time":"2022-11-19T17:30:48+00:00","og_image":[{"width":1648,"height":1483,"url":"https:\/\/neos-music.com\/wp-content\/uploads\/2022\/11\/NEOS_11018_Reinecke-1.jpeg","type":"image\/jpeg"}],"twitter_card":"summary_large_image","twitter_misc":{"Est. reading time":"5 minutes"},"schema":{"@context":"https:\/\/schema.org","@graph":[{"@type":"WebPage","@id":"https:\/\/neos-music.com\/product\/giacinto-scelsi-isang-yun-iannis-xenakis-manfred-stahnke-hans-werner-henze-bent-lorenzen-music-for-double-bass\/","url":"https:\/\/neos-music.com\/product\/giacinto-scelsi-isang-yun-iannis-xenakis-manfred-stahnke-hans-werner-henze-bent-lorenzen-music-for-double-bass\/","name":"Giacinto Scelsi, Isang Yun, Iannis Xenakis, Manfred Stahnke, Hans Werner Henze, Bent Lorenzen: music for double bass - NEOS Music","isPartOf":{"@id":"https:\/\/neos-music.com\/#website"},"primaryImageOfPage":{"@id":"https:\/\/neos-music.com\/product\/giacinto-scelsi-isang-yun-iannis-xenakis-manfred-stahnke-hans-werner-henze-bent-lorenzen-music-for-double-bass\/#primaryimage"},"image":{"@id":"https:\/\/neos-music.com\/product\/giacinto-scelsi-isang-yun-iannis-xenakis-manfred-stahnke-hans-werner-henze-bent-lorenzen-music-for-double-bass\/#primaryimage"},"thumbnailUrl":"https:\/\/i0.wp.com\/neos-music.com\/wp-content\/uploads\/2022\/11\/NEOS_11018_Reinecke-1.jpeg?fit=1648%2C1483&ssl=1","datePublished":"2010-01-10T17:29:36+00:00","dateModified":"2022-11-19T17:30:48+00:00","breadcrumb":{"@id":"https:\/\/neos-music.com\/product\/giacinto-scelsi-isang-yun-iannis-xenakis-manfred-stahnke-hans-werner-henze-bent-lorenzen-music-for-double-bass\/#breadcrumb"},"inLanguage":"en-US","potentialAction":[{"@type":"ReadAction","target":["https:\/\/neos-music.com\/product\/giacinto-scelsi-isang-yun-iannis-xenakis-manfred-stahnke-hans-werner-henze-bent-lorenzen-music-for-double-bass\/"]}]},{"@type":"ImageObject","inLanguage":"en-US","@id":"https:\/\/neos-music.com\/product\/giacinto-scelsi-isang-yun-iannis-xenakis-manfred-stahnke-hans-werner-henze-bent-lorenzen-music-for-double-bass\/#primaryimage","url":"https:\/\/i0.wp.com\/neos-music.com\/wp-content\/uploads\/2022\/11\/NEOS_11018_Reinecke-1.jpeg?fit=1648%2C1483&ssl=1","contentUrl":"https:\/\/i0.wp.com\/neos-music.com\/wp-content\/uploads\/2022\/11\/NEOS_11018_Reinecke-1.jpeg?fit=1648%2C1483&ssl=1","width":1648,"height":1483},{"@type":"BreadcrumbList","@id":"https:\/\/neos-music.com\/product\/giacinto-scelsi-isang-yun-iannis-xenakis-manfred-stahnke-hans-werner-henze-bent-lorenzen-music-for-double-bass\/#breadcrumb","itemListElement":[{"@type":"ListItem","position":1,"name":"Startseite","item":"https:\/\/neos-music.com\/"},{"@type":"ListItem","position":2,"name":"Produkte","item":"https:\/\/neos-music.com\/shop__trashed\/"},{"@type":"ListItem","position":3,"name":"Giacinto Scelsi, Isang Yun, Iannis Xenakis, Manfred Stahnke, Hans Werner Henze, Bent Lorenzen: music for double bass"}]},{"@type":"WebSite","@id":"https:\/\/neos-music.com\/#website","url":"https:\/\/neos-music.com\/","name":"NEOS Music","description":"Dein Online Shop f\u00fcr zeitgen\u00f6ssische Musik, Jazz und Classics!","publisher":{"@id":"https:\/\/neos-music.com\/#organization"},"potentialAction":[{"@type":"SearchAction","target":{"@type":"EntryPoint","urlTemplate":"https:\/\/neos-music.com\/?s={search_term_string}"},"query-input":{"@type":"PropertyValueSpecification","valueRequired":true,"valueName":"search_term_string"}}],"inLanguage":"en-US"},{"@type":"Organization","@id":"https:\/\/neos-music.com\/#organization","name":"NEOS Music","url":"https:\/\/neos-music.com\/","logo":{"@type":"ImageObject","inLanguage":"en-US","@id":"https:\/\/neos-music.com\/#\/schema\/logo\/image\/","url":"https:\/\/i0.wp.com\/neos-music.com\/wp-content\/uploads\/2025\/08\/NEOS-Logo-weiss.png?fit=800%2C203&ssl=1","contentUrl":"https:\/\/i0.wp.com\/neos-music.com\/wp-content\/uploads\/2025\/08\/NEOS-Logo-weiss.png?fit=800%2C203&ssl=1","width":800,"height":203,"caption":"NEOS Music"},"image":{"@id":"https:\/\/neos-music.com\/#\/schema\/logo\/image\/"}}]}},"jetpack_sharing_enabled":true,"_links":{"self":[{"href":"https:\/\/neos-music.com\/en_us\/wp-json\/wp\/v2\/product\/3120","targetHints":{"allow":["GET"]}}],"collection":[{"href":"https:\/\/neos-music.com\/en_us\/wp-json\/wp\/v2\/product"}],"about":[{"href":"https:\/\/neos-music.com\/en_us\/wp-json\/wp\/v2\/types\/product"}],"version-history":[{"count":0,"href":"https:\/\/neos-music.com\/en_us\/wp-json\/wp\/v2\/product\/3120\/revisions"}],"wp:featuredmedia":[{"embeddable":true,"href":"https:\/\/neos-music.com\/en_us\/wp-json\/wp\/v2\/media\/3121"}],"wp:attachment":[{"href":"https:\/\/neos-music.com\/en_us\/wp-json\/wp\/v2\/media?parent=3120"}],"wp:term":[{"taxonomy":"product_brand","embeddable":true,"href":"https:\/\/neos-music.com\/en_us\/wp-json\/wp\/v2\/product_brand?post=3120"},{"taxonomy":"product_cat","embeddable":true,"href":"https:\/\/neos-music.com\/en_us\/wp-json\/wp\/v2\/product_cat?post=3120"},{"taxonomy":"product_tag","embeddable":true,"href":"https:\/\/neos-music.com\/en_us\/wp-json\/wp\/v2\/product_tag?post=3120"}],"curies":[{"name":"wp","href":"https:\/\/api.w.org\/{rel}","templated":true}]}}