{"id":3122,"date":"2009-12-08T17:30:58","date_gmt":"2009-12-08T17:30:58","guid":{"rendered":"https:\/\/neos-music.com\/?post_type=product&#038;p=3122"},"modified":"2023-01-09T17:44:05","modified_gmt":"2023-01-09T17:44:05","slug":"josef-anton-riedl-vielleicht-perhaps-peut-etre","status":"publish","type":"product","link":"https:\/\/neos-music.com\/en_us\/product\/josef-anton-riedl-vielleicht-perhaps-peut-etre\/","title":{"rendered":"Josef Anton Riedl: vielleicht &#8211; perhaps &#8211; peut-\u00eatre"},"content":{"rendered":"<p>Infotext:<\/p>\n<p>Er ist ein Ingenieur, ein Konstrukteur von fragilen Gebilden. Seine \u201eKlang-Aktionen\u201c leisten soziale Arbeit: Berufsmusiker und Laien wirken zusammen, spielen auf selbst gebauten und auf traditionellen Instrumenten. Behinderte k\u00f6nnen mit nicht-behinderten Menschen kommunizieren. Grafische, gestische und akustische Ausdrucksformen greifen ineinander. Skepsis und Spielfreude, und eine faszinierende Transparenz im Denken kennzeichnen das Schaffen von Josef Anton Riedl. Gerne fordert er uns auf, die eigene Wahrnehmung zu \u00fcberpr\u00fcfen: \u201eVielleicht ist es so, vielleicht ist es aber auch nicht so?\u201c<\/p>\n<p>In dieser Edition zu seinem (mutma\u00dflichen) 80. Geburtstag sind langj\u00e4hrige Weggef\u00e4hrten zu h\u00f6ren: Stefan Blum, Michael Hirsch, Michael Lentz, Carin Levine, Jan Philip Schulze und viele andere. Die Aufnahmen entstanden 1979\u20132009 in M\u00fcnchen.<\/p>\n<p>Programm:<\/p>\n<table border=\"0\" width=\"100%\" rules=\"none\" cellspacing=\"0\" cellpadding=\"0\">\n<tbody>\n<tr>\n<td class=\"bigcontent2\">\n<div id=\"tracks\">\n<p>\u00a0\u00a0\u00a0\u00a0\u00a0<b>Josef Anton Riedl<\/b>\u00a0(*1927\/29?)<\/p>\n<p>[01]\u00a0<b>bschat,\u00a0<u>ter<\/u>schied<\/b>\u00a0(2006\/2007) 04:50<br \/>\n<span id=\"flash1\"><\/span><br \/>\nfor piano, percussion, clapping, stamping,<br \/>\nspeaking and piccolo<br \/>\nCarin Levine, piccolo<br \/>\nJan Philip Schulze, piano\/clapping\/stamping<br \/>\nMichael Lentz, speaking \u00b7 Stefan Blum, percussion<\/p>\n<p>[02]\u00a0<b>Glas-Spiele, Version 2<\/b>\u00a0(1974\u20131977) 13:13<br \/>\n<span id=\"flash2\"><\/span><br \/>\nEnsemble: Lorenzo Ferrero \u00b7 Johannes G\u00f6hl<br \/>\nMichael Hirsch \u00b7 Stephen Montague \u00b7 Josef Anton Riedl<br \/>\nFlorian Tielebier-Langenscheid \u00b7 Alberto Vignani<br \/>\nJosef Anton Riedl, direction<\/p>\n<p>[03]\u00a0<b>Vielleicht \u2013 Duo<\/b>\u00a0(1963\/68\/70\/2008) 03:34<br \/>\n<span id=\"flash3\"><\/span><br \/>\nfor speaking, breathing, water (aquarium),<br \/>\nwhistle instrument, mouth siren, live and recorded<br \/>\nMichael Lentz, speaking, etc<\/p>\n<p><b>Ausfluss, Spur, Niederschlag, Nachhall<\/b>\u00a0(2001\u20132003) 13:02<br \/>\nfor piano<br \/>\n[04] Satz 1 04:40<br \/>\n[05] Satz 2 04:23<br \/>\n<span id=\"flash4\"><\/span><br \/>\n[06] Satz 3 03:59<br \/>\nJan Philip Schulze, piano\/rubbing of hands\/<br \/>\nclapping\/stamping\/speaking<\/p>\n<p>[07]\u00a0<b>St\u00fcck f\u00fcr Gitarre, Crotales, Handtrommeln\u00a0\u00a0<\/b>\u00a006:10<br \/>\n<b>und Sprechen<\/b>\u00a0(1960\/1962)<br \/>\n<span id=\"flash5\"><\/span><br \/>\nHarald Lillmeyer, guitar\/speaking<br \/>\nStefan Blum, percussion\/speaking<\/p>\n<p><b>Invention in 5 Raten<\/b>\u00a0(extended version 2004) 07:10<br \/>\nfor two marimbas<br \/>\n[08] Rate 1 00:59<br \/>\n[09] Rate 2 00:47<br \/>\n[10] Rate 3 02:45<br \/>\n<span id=\"flash6\"><\/span><br \/>\n[11] Rate 4 00:58<br \/>\n[12] Rate 5 01:41<br \/>\nErina Goto \u00b7 Thomas Hastreiter, marimbas<\/p>\n<p>[13]\u00a0<b>euz<u>eu<\/u>l\u00e4s<u>\u00e4<\/u>kut<\/b>\u00a0(2006\/2007) 04:37<br \/>\n<span id=\"flash7\"><\/span><br \/>\nfor piccolo, piano, clapping and stamping<br \/>\nCarin Levine, piccolo<br \/>\nJan Philip Schulze, piano\/clapping\/stamping<\/p>\n<p>[14]\u00a0<b>Lautgedichtfolge h)<\/b>\u00a0(2006\u20132007) 08:21<br \/>\n<span id=\"flash8\"><\/span><br \/>\nfor two speakers<br \/>\nMichael Lentz \u00b7 Michael Hirsch, speakers<\/p>\n<p>[15]\u00a0<b>Glas-Spiele, Version 1<\/b>\u00a0(1974\u20131977) 14:13<br \/>\n<span id=\"flash9\"><\/span><br \/>\nEnsemble: Lorenzo Ferrero \u00b7 Johannes G\u00f6hl<br \/>\nMichael Hirsch \u00b7 Stephen Montague \u00b7 Josef Anton Riedl<br \/>\nFlorian Tielebier-Langenscheid \u00b7 Alberto Vignani<br \/>\nJosef Anton Riedl, direction<\/p>\n<p><b>\u00a0\u00a0\u00a0 total time 75:38<\/b><\/p>\n<\/div>\n<\/td>\n<td><\/td>\n<\/tr>\n<\/tbody>\n<\/table>\n<p>Pressestimmen:<\/p>\n<table border=\"0\" width=\"100%\" rules=\"none\" cellspacing=\"0\" cellpadding=\"0\">\n<tbody>\n<tr>\n<td class=\"bigcontent2\">\n<div id=\"press\">\n<p><img data-recalc-dims=\"1\" decoding=\"async\" src=\"https:\/\/i0.wp.com\/neos-music.com\/images\/news\/logo_RecordGeijutsu.jpg?ssl=1\" \/><br \/>\n<b>06\/2010<\/b><\/p>\n<p><img data-recalc-dims=\"1\" decoding=\"async\" src=\"https:\/\/i0.wp.com\/neos-music.com\/images\/news\/10925_RecordGejutsu.jpg?ssl=1\" \/><\/p>\n<p><img data-recalc-dims=\"1\" decoding=\"async\" src=\"https:\/\/i0.wp.com\/neos-music.com\/images\/news\/logo_neue_musikzeitung.jpg?ssl=1\" \/><br \/>\n05\/2010<\/p>\n<p><b>Sirenenges\u00e4nge, Schattenkl\u00e4nge, Gurgelmusik<\/b><\/p>\n<p>Eine Auswahl von Werken Josef Anton Riedls aus den Jahren 1960 bis 2007 bietet einen repr\u00e4sentativen Querschnitt durch das originelle Schaffen des achtzigj\u00e4hrigen Komponisten. Glasger\u00e4usche, Gurgelmusik und Lautgedichte wechseln sich ab mit durch Klopfen und Stampfen angereicherten Instrumentalst\u00fccken. Eine bizarre Rhythmik, der Klang des reinen Materials und die Absage an jegliche musiksprachliche Tradition pr\u00e4gen das Erscheinungsbild dieser Musik, die dem Gesetz der Verweigerung bis heute unverdrossen treu geblieben ist. (Neos 10925)<\/p>\n<p>Max Nyffeler<\/p>\n<p><img data-recalc-dims=\"1\" decoding=\"async\" src=\"https:\/\/i0.wp.com\/neos-music.com\/images\/news\/klassikcom.gif?ssl=1\" \/><br \/>\n19.02.2010<\/p>\n<p><b>Klang-Aktionen<\/b><\/p>\n<p>Der M\u00fcnchner Josef Anton Riedl ist einer der Komponisten, die ihre Musik ins Szenische erweiterten. Dieter Schnebel sagte zu dieser Art Musik einmal, dass es sich dabei um Musik handle \u201abei der das Szenische einen eigenen Wert bekommt, und wo der Gestus und die G\u00e4nge von Musikern eine besondere Rolle spielen\u2018. Der optische Teil einer Auff\u00fchrung von Musik wird bewusst mitkomponiert, der Begriff \u201avisible music\u2018 wird bisweilen f\u00fcr diese Art von Musik verwendet. Ein Beispiel sind die optischen Lautgedichte Josef Anton Riedls, abstrakte Zeichnungen. Die Interpreten m\u00fcssen beispielsweise in &#8218;Zeichnen-Klatschen\/Zeichnen-Zeichnen&#8216; diese Lautgedichte f\u00fcr das Publikum sichtbar mit Kreide auf Tafeln \u00fcbertragen. Das Zeichenger\u00e4usch wird verst\u00e4rkt und \u00fcber Lautsprecher wiedergegeben. Zwei dieser Lautgedichte sind auf dem Cover der vorliegenden CD abgebildet, gleichwohl hat es den Anschein \u2013 der Booklettext ist zwar wort- aber wenig hilfreich \u2013 dass keines dieser Lautgedichte vorliegend eingespielt wurde.<\/p>\n<p>Leider verr\u00e4t das Booklet wenig \u00fcber die optischen Teile der eingespielten Kompositionen Riedls, einzige Ausnahme ist hier das in zwei Versionen eingespielte &#8218;Glas-Spiele&#8216;, eine Komposition aus den siebziger Jahren. Darin werden, nach dem Booklet \u201aglei\u00dfend-transparente Parcours begangen und bespielt&#8216;. Die \u00fcbrigen der Kompositionen wurden erst nach der Jahrtausendwende fertiggestellt, darunter sind einige, die Lautgedichte zur Grundlage haben. Aber auch diese Lautgedichte haben einen optischen Teil, zumindest den, einen sprechenden Musiker sehen zu k\u00f6nnen.<\/p>\n<p>F\u00fcr den lebendigen Moment<\/p>\n<p>Da nun auf der vorliegenden CD entscheidende Teile der Komposition fehlen, entziehen sich die eingespielten Werke der Beurteilung. Gesagt werden kann allenfalls, dass sie unvollst\u00e4ndig klingen, dass die T\u00f6ne scheinbar ohne Bezugssystem produziert werden, was dazu f\u00fchrt, dass jeder Ton genauso bedeutungslos ist wie der vorangehende. Der H\u00f6rer h\u00f6rt in ein gro\u00dfes Nichts hinein. Man kann sich vorstellen, dass diese Kompositionen live einen ganz anderen Eindruck vermitteln, dass sie als Performance oder Installation m\u00f6glicherweise durchaus sehens- und damit auch h\u00f6renswert sind. Aber ohne den optischen Teil sind sie so unvollst\u00e4ndig wie eine salzlose Suppe. Eine DVD w\u00e4re vielleicht eine bessere L\u00f6sung gewesen, obgleich Riedls Kompositionen anscheinend am besten f\u00fcr den lebendigen Moment geeignet sind.<\/p>\n<p>Patrick Beck<\/p>\n<p>Interpretation:<img data-recalc-dims=\"1\" decoding=\"async\" src=\"https:\/\/i0.wp.com\/neos-music.com\/images\/news\/stars4.gif?ssl=1\" \/><br \/>\nKlangqualit\u00e4t:\u00a0<img data-recalc-dims=\"1\" decoding=\"async\" src=\"https:\/\/i0.wp.com\/neos-music.com\/images\/news\/stars4.gif?ssl=1\" \/><br \/>\nRepertoirewert:\u00a0<img data-recalc-dims=\"1\" decoding=\"async\" src=\"https:\/\/i0.wp.com\/neos-music.com\/images\/news\/stars2.gif?ssl=1\" \/><br \/>\nBooklet:<img data-recalc-dims=\"1\" decoding=\"async\" src=\"https:\/\/i0.wp.com\/neos-music.com\/images\/news\/stars2.gif?ssl=1\" \/><\/p>\n<\/div>\n<\/td>\n<td><\/td>\n<\/tr>\n<\/tbody>\n<\/table>\n<p>&nbsp;<\/p>\n","protected":false},"excerpt":{"rendered":"<p>Infotext: Er ist ein Ingenieur, ein Konstrukteur von fragilen Gebilden. Seine \u201eKlang-Aktionen\u201c leisten soziale Arbeit: Berufsmusiker und Laien wirken zusammen, spielen auf selbst gebauten und auf traditionellen Instrumenten. Behinderte k\u00f6nnen mit nicht-behinderten Menschen kommunizieren. Grafische, gestische und akustische Ausdrucksformen greifen ineinander. Skepsis und Spielfreude, und eine faszinierende Transparenz im Denken kennzeichnen das Schaffen von Josef [&hellip;]<\/p>\n","protected":false},"featured_media":3123,"template":"","meta":{"site-sidebar-layout":"default","site-content-layout":"default","ast-site-content-layout":"default","site-content-style":"default","site-sidebar-style":"default","ast-global-header-display":"","ast-banner-title-visibility":"","ast-main-header-display":"","ast-hfb-above-header-display":"","ast-hfb-below-header-display":"","ast-hfb-mobile-header-display":"","site-post-title":"","ast-breadcrumbs-content":"","ast-featured-img":"","footer-sml-layout":"","theme-transparent-header-meta":"default","adv-header-id-meta":"","stick-header-meta":"","header-above-stick-meta":"","header-main-stick-meta":"","header-below-stick-meta":"","astra-migrate-meta-layouts":"default","ast-page-background-enabled":"default","ast-page-background-meta":{"desktop":{"background-color":"","background-image":"","background-repeat":"repeat","background-position":"center center","background-size":"auto","background-attachment":"scroll","background-type":"","background-media":"","overlay-type":"","overlay-color":"","overlay-opacity":"","overlay-gradient":""},"tablet":{"background-color":"","background-image":"","background-repeat":"repeat","background-position":"center center","background-size":"auto","background-attachment":"scroll","background-type":"","background-media":"","overlay-type":"","overlay-color":"","overlay-opacity":"","overlay-gradient":""},"mobile":{"background-color":"","background-image":"","background-repeat":"repeat","background-position":"center center","background-size":"auto","background-attachment":"scroll","background-type":"","background-media":"","overlay-type":"","overlay-color":"","overlay-opacity":"","overlay-gradient":""}},"ast-content-background-meta":{"desktop":{"background-color":"var(--ast-global-color-5)","background-image":"","background-repeat":"repeat","background-position":"center center","background-size":"auto","background-attachment":"scroll","background-type":"","background-media":"","overlay-type":"","overlay-color":"","overlay-opacity":"","overlay-gradient":""},"tablet":{"background-color":"var(--ast-global-color-5)","background-image":"","background-repeat":"repeat","background-position":"center center","background-size":"auto","background-attachment":"scroll","background-type":"","background-media":"","overlay-type":"","overlay-color":"","overlay-opacity":"","overlay-gradient":""},"mobile":{"background-color":"var(--ast-global-color-5)","background-image":"","background-repeat":"repeat","background-position":"center center","background-size":"auto","background-attachment":"scroll","background-type":"","background-media":"","overlay-type":"","overlay-color":"","overlay-opacity":"","overlay-gradient":""}}},"product_brand":[],"product_cat":[882,26],"product_tag":[],"class_list":{"0":"post-3122","1":"product","2":"type-product","3":"status-publish","4":"has-post-thumbnail","6":"product_cat-klavier","7":"product_cat-zeitgenossische-musik","8":"pa_artikelnummer-neos-10925","9":"pa_brand-neos-music","10":"pa_ean-667","11":"desktop-align-left","12":"tablet-align-left","13":"mobile-align-left","15":"first","16":"instock","17":"taxable","18":"shipping-taxable","19":"purchasable","20":"product-type-simple"},"yoast_head":"<!-- This site is optimized with the Yoast SEO plugin v27.4 - https:\/\/yoast.com\/product\/yoast-seo-wordpress\/ -->\n<title>Josef Anton Riedl: vielleicht - perhaps - peut-\u00eatre - NEOS Music<\/title>\n<meta name=\"robots\" content=\"index, follow, max-snippet:-1, max-image-preview:large, max-video-preview:-1\" \/>\n<link rel=\"canonical\" href=\"https:\/\/neos-music.com\/en_us\/product\/josef-anton-riedl-vielleicht-perhaps-peut-etre\/\" \/>\n<meta property=\"og:locale\" content=\"en_US\" \/>\n<meta property=\"og:type\" content=\"article\" \/>\n<meta property=\"og:title\" content=\"Josef Anton Riedl: vielleicht - perhaps - peut-\u00eatre - NEOS Music\" \/>\n<meta property=\"og:description\" content=\"Infotext: Er ist ein Ingenieur, ein Konstrukteur von fragilen Gebilden. Seine \u201eKlang-Aktionen\u201c leisten soziale Arbeit: Berufsmusiker und Laien wirken zusammen, spielen auf selbst gebauten und auf traditionellen Instrumenten. Behinderte k\u00f6nnen mit nicht-behinderten Menschen kommunizieren. Grafische, gestische und akustische Ausdrucksformen greifen ineinander. Skepsis und Spielfreude, und eine faszinierende Transparenz im Denken kennzeichnen das Schaffen von Josef [&hellip;]\" \/>\n<meta property=\"og:url\" content=\"https:\/\/neos-music.com\/en_us\/product\/josef-anton-riedl-vielleicht-perhaps-peut-etre\/\" \/>\n<meta property=\"og:site_name\" content=\"NEOS Music\" \/>\n<meta property=\"article:modified_time\" content=\"2023-01-09T17:44:05+00:00\" \/>\n<meta property=\"og:image\" content=\"https:\/\/neos-music.com\/wp-content\/uploads\/2022\/11\/NEOS_10925_Riedl.jpeg\" \/>\n\t<meta property=\"og:image:width\" content=\"1648\" \/>\n\t<meta property=\"og:image:height\" content=\"1483\" \/>\n\t<meta property=\"og:image:type\" content=\"image\/jpeg\" \/>\n<meta name=\"twitter:card\" content=\"summary_large_image\" \/>\n<meta name=\"twitter:label1\" content=\"Est. reading time\" \/>\n\t<meta name=\"twitter:data1\" content=\"4 minutes\" \/>\n<script type=\"application\/ld+json\" class=\"yoast-schema-graph\">{\"@context\":\"https:\\\/\\\/schema.org\",\"@graph\":[{\"@type\":\"WebPage\",\"@id\":\"https:\\\/\\\/neos-music.com\\\/product\\\/josef-anton-riedl-vielleicht-perhaps-peut-etre\\\/\",\"url\":\"https:\\\/\\\/neos-music.com\\\/product\\\/josef-anton-riedl-vielleicht-perhaps-peut-etre\\\/\",\"name\":\"Josef Anton Riedl: vielleicht - perhaps - peut-\u00eatre - NEOS Music\",\"isPartOf\":{\"@id\":\"https:\\\/\\\/neos-music.com\\\/#website\"},\"primaryImageOfPage\":{\"@id\":\"https:\\\/\\\/neos-music.com\\\/product\\\/josef-anton-riedl-vielleicht-perhaps-peut-etre\\\/#primaryimage\"},\"image\":{\"@id\":\"https:\\\/\\\/neos-music.com\\\/product\\\/josef-anton-riedl-vielleicht-perhaps-peut-etre\\\/#primaryimage\"},\"thumbnailUrl\":\"https:\\\/\\\/i0.wp.com\\\/neos-music.com\\\/wp-content\\\/uploads\\\/2022\\\/11\\\/NEOS_10925_Riedl.jpeg?fit=1648%2C1483&ssl=1\",\"datePublished\":\"2009-12-08T17:30:58+00:00\",\"dateModified\":\"2023-01-09T17:44:05+00:00\",\"breadcrumb\":{\"@id\":\"https:\\\/\\\/neos-music.com\\\/product\\\/josef-anton-riedl-vielleicht-perhaps-peut-etre\\\/#breadcrumb\"},\"inLanguage\":\"en-US\",\"potentialAction\":[{\"@type\":\"ReadAction\",\"target\":[\"https:\\\/\\\/neos-music.com\\\/product\\\/josef-anton-riedl-vielleicht-perhaps-peut-etre\\\/\"]}]},{\"@type\":\"ImageObject\",\"inLanguage\":\"en-US\",\"@id\":\"https:\\\/\\\/neos-music.com\\\/product\\\/josef-anton-riedl-vielleicht-perhaps-peut-etre\\\/#primaryimage\",\"url\":\"https:\\\/\\\/i0.wp.com\\\/neos-music.com\\\/wp-content\\\/uploads\\\/2022\\\/11\\\/NEOS_10925_Riedl.jpeg?fit=1648%2C1483&ssl=1\",\"contentUrl\":\"https:\\\/\\\/i0.wp.com\\\/neos-music.com\\\/wp-content\\\/uploads\\\/2022\\\/11\\\/NEOS_10925_Riedl.jpeg?fit=1648%2C1483&ssl=1\",\"width\":1648,\"height\":1483},{\"@type\":\"BreadcrumbList\",\"@id\":\"https:\\\/\\\/neos-music.com\\\/product\\\/josef-anton-riedl-vielleicht-perhaps-peut-etre\\\/#breadcrumb\",\"itemListElement\":[{\"@type\":\"ListItem\",\"position\":1,\"name\":\"Startseite\",\"item\":\"https:\\\/\\\/neos-music.com\\\/\"},{\"@type\":\"ListItem\",\"position\":2,\"name\":\"Produkte\",\"item\":\"https:\\\/\\\/neos-music.com\\\/shop__trashed\\\/\"},{\"@type\":\"ListItem\",\"position\":3,\"name\":\"Josef Anton Riedl: vielleicht &#8211; perhaps &#8211; peut-\u00eatre\"}]},{\"@type\":\"WebSite\",\"@id\":\"https:\\\/\\\/neos-music.com\\\/#website\",\"url\":\"https:\\\/\\\/neos-music.com\\\/\",\"name\":\"NEOS Music\",\"description\":\"Dein Online Shop f\u00fcr zeitgen\u00f6ssische Musik, Jazz und Classics!\",\"publisher\":{\"@id\":\"https:\\\/\\\/neos-music.com\\\/#organization\"},\"potentialAction\":[{\"@type\":\"SearchAction\",\"target\":{\"@type\":\"EntryPoint\",\"urlTemplate\":\"https:\\\/\\\/neos-music.com\\\/?s={search_term_string}\"},\"query-input\":{\"@type\":\"PropertyValueSpecification\",\"valueRequired\":true,\"valueName\":\"search_term_string\"}}],\"inLanguage\":\"en-US\"},{\"@type\":\"Organization\",\"@id\":\"https:\\\/\\\/neos-music.com\\\/#organization\",\"name\":\"NEOS Music\",\"url\":\"https:\\\/\\\/neos-music.com\\\/\",\"logo\":{\"@type\":\"ImageObject\",\"inLanguage\":\"en-US\",\"@id\":\"https:\\\/\\\/neos-music.com\\\/#\\\/schema\\\/logo\\\/image\\\/\",\"url\":\"https:\\\/\\\/i0.wp.com\\\/neos-music.com\\\/wp-content\\\/uploads\\\/2025\\\/08\\\/NEOS-Logo-weiss.png?fit=800%2C203&ssl=1\",\"contentUrl\":\"https:\\\/\\\/i0.wp.com\\\/neos-music.com\\\/wp-content\\\/uploads\\\/2025\\\/08\\\/NEOS-Logo-weiss.png?fit=800%2C203&ssl=1\",\"width\":800,\"height\":203,\"caption\":\"NEOS Music\"},\"image\":{\"@id\":\"https:\\\/\\\/neos-music.com\\\/#\\\/schema\\\/logo\\\/image\\\/\"}}]}<\/script>\n<!-- \/ Yoast SEO plugin. -->","yoast_head_json":{"title":"Josef Anton Riedl: vielleicht - perhaps - peut-\u00eatre - NEOS Music","robots":{"index":"index","follow":"follow","max-snippet":"max-snippet:-1","max-image-preview":"max-image-preview:large","max-video-preview":"max-video-preview:-1"},"canonical":"https:\/\/neos-music.com\/en_us\/product\/josef-anton-riedl-vielleicht-perhaps-peut-etre\/","og_locale":"en_US","og_type":"article","og_title":"Josef Anton Riedl: vielleicht - perhaps - peut-\u00eatre - NEOS Music","og_description":"Infotext: Er ist ein Ingenieur, ein Konstrukteur von fragilen Gebilden. Seine \u201eKlang-Aktionen\u201c leisten soziale Arbeit: Berufsmusiker und Laien wirken zusammen, spielen auf selbst gebauten und auf traditionellen Instrumenten. Behinderte k\u00f6nnen mit nicht-behinderten Menschen kommunizieren. Grafische, gestische und akustische Ausdrucksformen greifen ineinander. Skepsis und Spielfreude, und eine faszinierende Transparenz im Denken kennzeichnen das Schaffen von Josef [&hellip;]","og_url":"https:\/\/neos-music.com\/en_us\/product\/josef-anton-riedl-vielleicht-perhaps-peut-etre\/","og_site_name":"NEOS Music","article_modified_time":"2023-01-09T17:44:05+00:00","og_image":[{"width":1648,"height":1483,"url":"https:\/\/neos-music.com\/wp-content\/uploads\/2022\/11\/NEOS_10925_Riedl.jpeg","type":"image\/jpeg"}],"twitter_card":"summary_large_image","twitter_misc":{"Est. reading time":"4 minutes"},"schema":{"@context":"https:\/\/schema.org","@graph":[{"@type":"WebPage","@id":"https:\/\/neos-music.com\/product\/josef-anton-riedl-vielleicht-perhaps-peut-etre\/","url":"https:\/\/neos-music.com\/product\/josef-anton-riedl-vielleicht-perhaps-peut-etre\/","name":"Josef Anton Riedl: vielleicht - perhaps - peut-\u00eatre - NEOS Music","isPartOf":{"@id":"https:\/\/neos-music.com\/#website"},"primaryImageOfPage":{"@id":"https:\/\/neos-music.com\/product\/josef-anton-riedl-vielleicht-perhaps-peut-etre\/#primaryimage"},"image":{"@id":"https:\/\/neos-music.com\/product\/josef-anton-riedl-vielleicht-perhaps-peut-etre\/#primaryimage"},"thumbnailUrl":"https:\/\/i0.wp.com\/neos-music.com\/wp-content\/uploads\/2022\/11\/NEOS_10925_Riedl.jpeg?fit=1648%2C1483&ssl=1","datePublished":"2009-12-08T17:30:58+00:00","dateModified":"2023-01-09T17:44:05+00:00","breadcrumb":{"@id":"https:\/\/neos-music.com\/product\/josef-anton-riedl-vielleicht-perhaps-peut-etre\/#breadcrumb"},"inLanguage":"en-US","potentialAction":[{"@type":"ReadAction","target":["https:\/\/neos-music.com\/product\/josef-anton-riedl-vielleicht-perhaps-peut-etre\/"]}]},{"@type":"ImageObject","inLanguage":"en-US","@id":"https:\/\/neos-music.com\/product\/josef-anton-riedl-vielleicht-perhaps-peut-etre\/#primaryimage","url":"https:\/\/i0.wp.com\/neos-music.com\/wp-content\/uploads\/2022\/11\/NEOS_10925_Riedl.jpeg?fit=1648%2C1483&ssl=1","contentUrl":"https:\/\/i0.wp.com\/neos-music.com\/wp-content\/uploads\/2022\/11\/NEOS_10925_Riedl.jpeg?fit=1648%2C1483&ssl=1","width":1648,"height":1483},{"@type":"BreadcrumbList","@id":"https:\/\/neos-music.com\/product\/josef-anton-riedl-vielleicht-perhaps-peut-etre\/#breadcrumb","itemListElement":[{"@type":"ListItem","position":1,"name":"Startseite","item":"https:\/\/neos-music.com\/"},{"@type":"ListItem","position":2,"name":"Produkte","item":"https:\/\/neos-music.com\/shop__trashed\/"},{"@type":"ListItem","position":3,"name":"Josef Anton Riedl: vielleicht &#8211; perhaps &#8211; peut-\u00eatre"}]},{"@type":"WebSite","@id":"https:\/\/neos-music.com\/#website","url":"https:\/\/neos-music.com\/","name":"NEOS Music","description":"Dein Online Shop f\u00fcr zeitgen\u00f6ssische Musik, Jazz und Classics!","publisher":{"@id":"https:\/\/neos-music.com\/#organization"},"potentialAction":[{"@type":"SearchAction","target":{"@type":"EntryPoint","urlTemplate":"https:\/\/neos-music.com\/?s={search_term_string}"},"query-input":{"@type":"PropertyValueSpecification","valueRequired":true,"valueName":"search_term_string"}}],"inLanguage":"en-US"},{"@type":"Organization","@id":"https:\/\/neos-music.com\/#organization","name":"NEOS Music","url":"https:\/\/neos-music.com\/","logo":{"@type":"ImageObject","inLanguage":"en-US","@id":"https:\/\/neos-music.com\/#\/schema\/logo\/image\/","url":"https:\/\/i0.wp.com\/neos-music.com\/wp-content\/uploads\/2025\/08\/NEOS-Logo-weiss.png?fit=800%2C203&ssl=1","contentUrl":"https:\/\/i0.wp.com\/neos-music.com\/wp-content\/uploads\/2025\/08\/NEOS-Logo-weiss.png?fit=800%2C203&ssl=1","width":800,"height":203,"caption":"NEOS Music"},"image":{"@id":"https:\/\/neos-music.com\/#\/schema\/logo\/image\/"}}]}},"jetpack_sharing_enabled":true,"_links":{"self":[{"href":"https:\/\/neos-music.com\/en_us\/wp-json\/wp\/v2\/product\/3122","targetHints":{"allow":["GET"]}}],"collection":[{"href":"https:\/\/neos-music.com\/en_us\/wp-json\/wp\/v2\/product"}],"about":[{"href":"https:\/\/neos-music.com\/en_us\/wp-json\/wp\/v2\/types\/product"}],"version-history":[{"count":0,"href":"https:\/\/neos-music.com\/en_us\/wp-json\/wp\/v2\/product\/3122\/revisions"}],"wp:featuredmedia":[{"embeddable":true,"href":"https:\/\/neos-music.com\/en_us\/wp-json\/wp\/v2\/media\/3123"}],"wp:attachment":[{"href":"https:\/\/neos-music.com\/en_us\/wp-json\/wp\/v2\/media?parent=3122"}],"wp:term":[{"taxonomy":"product_brand","embeddable":true,"href":"https:\/\/neos-music.com\/en_us\/wp-json\/wp\/v2\/product_brand?post=3122"},{"taxonomy":"product_cat","embeddable":true,"href":"https:\/\/neos-music.com\/en_us\/wp-json\/wp\/v2\/product_cat?post=3122"},{"taxonomy":"product_tag","embeddable":true,"href":"https:\/\/neos-music.com\/en_us\/wp-json\/wp\/v2\/product_tag?post=3122"}],"curies":[{"name":"wp","href":"https:\/\/api.w.org\/{rel}","templated":true}]}}