{"id":3124,"date":"2009-11-26T17:32:27","date_gmt":"2009-11-26T17:32:27","guid":{"rendered":"https:\/\/neos-music.com\/?post_type=product&#038;p=3124"},"modified":"2023-05-25T10:15:52","modified_gmt":"2023-05-25T10:15:52","slug":"olivier-messiaen-complete-works-for-piano-solo-vol-1","status":"publish","type":"product","link":"https:\/\/neos-music.com\/en_us\/product\/olivier-messiaen-complete-works-for-piano-solo-vol-1\/","title":{"rendered":"Olivier Messiaen: Complete Works for Piano Solo Vol.1"},"content":{"rendered":"<p>Infotext:<\/p>\n<p><a class=\"arcoma_glossarylink\" href=\"https:\/\/neos-music.com\/output.php?content=Kuenstler\/Markus_Bellheim.php&amp;treplace=english%2Cgerman\" target=\"_self\" rel=\"noopener\">Markus Bellheim<\/a>\u00a0beginnt seine Einspielung aller Klavierkompositionen von Olivier Messiaen mit einem Hauptwerk, in dem die f\u00fcrs weitere Schaffen wichtigen Elemente beispielhaft zusammenwirken: die franziskanisch gepr\u00e4gte Mystik, die Syn\u00e4sthesie, die Liebe zu den Stimmen der Natur und die Sch\u00e4rfung des Bewusstseins f\u00fcr fremde Musikkulturen mit ihrer vielf\u00e4ltigen Melodik und Rhythmik. Im \u201eBlick der Propheten, der Hirten und der Weisen\u201c dominieren exotische Farben, im \u201eBlick des Geistes der Freude\u201c wird die orientalische Herkunft des gregorianischen Gesangs begreifbar. Entstanden sind die \u201eVingt regards\u201c 1944 in Paris, in den Monaten bis zur Befreiung der Stadt. Sie sind ein Dokument erwartungsvoller Zeitgenossenschaft, Ausdruck einer unruhigen, das Leben neu begreifenden, zukunftshungrigen Epoche.<\/p>\n<p>Programm:<\/p>\n<p><b>Olivier Messiaen<\/b>\u00a0(1908\u20131992)<\/p>\n<p><b>Vingt Regards sur l\u2019Enfant-J\u00e9sus<\/b>\u00a0(1944)<\/p>\n<p>SACD 1 71:26<\/p>\n<p>[01]\u00a0 I. Regard du P\u00e8re 09:00<br \/>\n<span id=\"flash1\"><\/span><br \/>\n[02]\u00a0 II. Regard de l\u2019\u00e9toile 03:05<br \/>\n[03]\u00a0 III. L\u2019\u00e9change 03:44<br \/>\n[04]\u00a0 IV. Regard de la Vierge 06:26<br \/>\n[05]\u00a0 V. Regard du Fils sur le Fils 08:41<br \/>\n[06]\u00a0 VI. Par Lui tout a \u00e9t\u00e9 fait 11:09<br \/>\n<span id=\"flash2\"><\/span><br \/>\n[07]\u00a0 VII. Regard de la Croix 05:25<br \/>\n[08]\u00a0 VIII. Regard des hauteurs 02:47<br \/>\n[09]\u00a0 IX. Regard du Temps 03:32<br \/>\n<span id=\"flash3\"><\/span><br \/>\n[10]\u00a0 X. Regard de l\u2019Esprit de joie 08:51<br \/>\n[11]\u00a0 XI. Premi\u00e8re communion de la Vierge 08:45<\/p>\n<p>SACD 2 71:09<\/p>\n<p>[01]\u00a0 XII. La parole toute-puissante 02:30<br \/>\n[02]\u00a0 XIII. No\u00ebl 04:40<br \/>\n<span id=\"flash4\"><\/span><br \/>\n[03]\u00a0 XIV. Regard des Anges 05:09<br \/>\n[04]\u00a0 XV. Le baiser de l\u2019Enfant-J\u00e9sus 14:00<br \/>\n[05]\u00a0 XVI. Regard des proph\u00e8tes, des bergers et des Mages 03:14<br \/>\n<span id=\"flash5\"><\/span><br \/>\n[06]\u00a0 XVII. Regard du silence 05:51<br \/>\n[07]\u00a0 XVIII. Regard de l\u2019Onction terrible 07:09<br \/>\n[08]\u00a0 XIX. Je dors, mais mon c\u0153ur veille 11:27<br \/>\n<span id=\"flash6\"><\/span><br \/>\n[09]\u00a0 XX. Regard de l\u2019\u00c9glise d\u2019amour 17:08<\/p>\n<p><a class=\"arcoma_glossarylink\" href=\"https:\/\/neos-music.com\/output.php?content=Kuenstler\/Markus_Bellheim.php&amp;treplace=english%2Cgerman\" target=\"_self\" rel=\"noopener\">Markus Bellheim<\/a>, piano<\/p>\n<p>Pressestimmen:<\/p>\n<p><b><img data-recalc-dims=\"1\" decoding=\"async\" src=\"https:\/\/i0.wp.com\/neos-music.com\/images\/news\/logo_Piano_news.jpg?ssl=1\" \/><br \/>\n<\/b>04\/2010<\/p>\n<p><img data-recalc-dims=\"1\" decoding=\"async\" src=\"https:\/\/i0.wp.com\/neos-music.com\/images\/news\/10907_PianoNews_4_2010.jpg?ssl=1\" \/><\/p>\n<p><b>CD-compackt<br \/>\n<\/b>04\/2010<\/p>\n<p><img data-recalc-dims=\"1\" decoding=\"async\" src=\"https:\/\/i0.wp.com\/neos-music.com\/images\/news\/10907_cd_compact.jpg?ssl=1\" \/><\/p>\n<p><b>LA LIBERT\u00c9<br \/>\n<\/b>02\/2010<\/p>\n<p><img data-recalc-dims=\"1\" decoding=\"async\" src=\"https:\/\/i0.wp.com\/neos-music.com\/images\/news\/10907_LaLiberte_20_02_2010.jpg?ssl=1\" \/><\/p>\n<p><img data-recalc-dims=\"1\" decoding=\"async\" src=\"https:\/\/i0.wp.com\/neos-music.com\/images\/news\/logo_Rondo.gif?ssl=1\" \/><br \/>\n01\/2010<\/p>\n<p><img data-recalc-dims=\"1\" decoding=\"async\" src=\"https:\/\/i0.wp.com\/neos-music.com\/images\/news\/10907_Rondo_01_10.jpg?ssl=1\" \/><\/p>\n","protected":false},"excerpt":{"rendered":"<p>Infotext: Markus Bellheim\u00a0beginnt seine Einspielung aller Klavierkompositionen von Olivier Messiaen mit einem Hauptwerk, in dem die f\u00fcrs weitere Schaffen wichtigen Elemente beispielhaft zusammenwirken: die franziskanisch gepr\u00e4gte Mystik, die Syn\u00e4sthesie, die Liebe zu den Stimmen der Natur und die Sch\u00e4rfung des Bewusstseins f\u00fcr fremde Musikkulturen mit ihrer vielf\u00e4ltigen Melodik und Rhythmik. Im \u201eBlick der Propheten, der [&hellip;]<\/p>\n","protected":false},"featured_media":3125,"template":"","meta":{"site-sidebar-layout":"default","site-content-layout":"default","ast-site-content-layout":"default","site-content-style":"default","site-sidebar-style":"default","ast-global-header-display":"","ast-banner-title-visibility":"","ast-main-header-display":"","ast-hfb-above-header-display":"","ast-hfb-below-header-display":"","ast-hfb-mobile-header-display":"","site-post-title":"","ast-breadcrumbs-content":"","ast-featured-img":"","footer-sml-layout":"","theme-transparent-header-meta":"default","adv-header-id-meta":"","stick-header-meta":"","header-above-stick-meta":"","header-main-stick-meta":"","header-below-stick-meta":"","astra-migrate-meta-layouts":"default","ast-page-background-enabled":"default","ast-page-background-meta":{"desktop":{"background-color":"","background-image":"","background-repeat":"repeat","background-position":"center center","background-size":"auto","background-attachment":"scroll","background-type":"","background-media":"","overlay-type":"","overlay-color":"","overlay-opacity":"","overlay-gradient":""},"tablet":{"background-color":"","background-image":"","background-repeat":"repeat","background-position":"center center","background-size":"auto","background-attachment":"scroll","background-type":"","background-media":"","overlay-type":"","overlay-color":"","overlay-opacity":"","overlay-gradient":""},"mobile":{"background-color":"","background-image":"","background-repeat":"repeat","background-position":"center center","background-size":"auto","background-attachment":"scroll","background-type":"","background-media":"","overlay-type":"","overlay-color":"","overlay-opacity":"","overlay-gradient":""}},"ast-content-background-meta":{"desktop":{"background-color":"var(--ast-global-color-5)","background-image":"","background-repeat":"repeat","background-position":"center center","background-size":"auto","background-attachment":"scroll","background-type":"","background-media":"","overlay-type":"","overlay-color":"","overlay-opacity":"","overlay-gradient":""},"tablet":{"background-color":"var(--ast-global-color-5)","background-image":"","background-repeat":"repeat","background-position":"center center","background-size":"auto","background-attachment":"scroll","background-type":"","background-media":"","overlay-type":"","overlay-color":"","overlay-opacity":"","overlay-gradient":""},"mobile":{"background-color":"var(--ast-global-color-5)","background-image":"","background-repeat":"repeat","background-position":"center center","background-size":"auto","background-attachment":"scroll","background-type":"","background-media":"","overlay-type":"","overlay-color":"","overlay-opacity":"","overlay-gradient":""}}},"product_brand":[],"product_cat":[882,26],"product_tag":[],"class_list":{"0":"post-3124","1":"product","2":"type-product","3":"status-publish","4":"has-post-thumbnail","6":"product_cat-klavier","7":"product_cat-zeitgenossische-musik","8":"pa_artikelnummer-neos-10907-08","9":"pa_brand-neos-music","10":"pa_ean-669","11":"desktop-align-left","12":"tablet-align-left","13":"mobile-align-left","15":"first","16":"instock","17":"taxable","18":"shipping-taxable","19":"purchasable","20":"product-type-simple"},"yoast_head":"<!-- This site is optimized with the Yoast SEO plugin v27.4 - https:\/\/yoast.com\/product\/yoast-seo-wordpress\/ -->\n<title>Olivier Messiaen: Complete Works for Piano Solo Vol.1 - NEOS Music<\/title>\n<meta name=\"robots\" content=\"index, follow, max-snippet:-1, max-image-preview:large, max-video-preview:-1\" \/>\n<link rel=\"canonical\" href=\"https:\/\/neos-music.com\/en_us\/product\/olivier-messiaen-complete-works-for-piano-solo-vol-1\/\" \/>\n<meta property=\"og:locale\" content=\"en_US\" \/>\n<meta property=\"og:type\" content=\"article\" \/>\n<meta property=\"og:title\" content=\"Olivier Messiaen: Complete Works for Piano Solo Vol.1 - NEOS Music\" \/>\n<meta property=\"og:description\" content=\"Infotext: Markus Bellheim\u00a0beginnt seine Einspielung aller Klavierkompositionen von Olivier Messiaen mit einem Hauptwerk, in dem die f\u00fcrs weitere Schaffen wichtigen Elemente beispielhaft zusammenwirken: die franziskanisch gepr\u00e4gte Mystik, die Syn\u00e4sthesie, die Liebe zu den Stimmen der Natur und die Sch\u00e4rfung des Bewusstseins f\u00fcr fremde Musikkulturen mit ihrer vielf\u00e4ltigen Melodik und Rhythmik. Im \u201eBlick der Propheten, der [&hellip;]\" \/>\n<meta property=\"og:url\" content=\"https:\/\/neos-music.com\/en_us\/product\/olivier-messiaen-complete-works-for-piano-solo-vol-1\/\" \/>\n<meta property=\"og:site_name\" content=\"NEOS Music\" \/>\n<meta property=\"article:modified_time\" content=\"2023-05-25T10:15:52+00:00\" \/>\n<meta property=\"og:image\" content=\"https:\/\/neos-music.com\/wp-content\/uploads\/2022\/11\/NEOS_10907-08_Messiaen_Vol1.jpeg\" \/>\n\t<meta property=\"og:image:width\" content=\"1648\" \/>\n\t<meta property=\"og:image:height\" content=\"1483\" \/>\n\t<meta property=\"og:image:type\" content=\"image\/jpeg\" \/>\n<meta name=\"twitter:card\" content=\"summary_large_image\" \/>\n<meta name=\"twitter:label1\" content=\"Est. reading time\" \/>\n\t<meta name=\"twitter:data1\" content=\"1 minute\" \/>\n<script type=\"application\/ld+json\" class=\"yoast-schema-graph\">{\"@context\":\"https:\\\/\\\/schema.org\",\"@graph\":[{\"@type\":\"WebPage\",\"@id\":\"https:\\\/\\\/neos-music.com\\\/product\\\/olivier-messiaen-complete-works-for-piano-solo-vol-1\\\/\",\"url\":\"https:\\\/\\\/neos-music.com\\\/product\\\/olivier-messiaen-complete-works-for-piano-solo-vol-1\\\/\",\"name\":\"Olivier Messiaen: Complete Works for Piano Solo Vol.1 - NEOS Music\",\"isPartOf\":{\"@id\":\"https:\\\/\\\/neos-music.com\\\/#website\"},\"primaryImageOfPage\":{\"@id\":\"https:\\\/\\\/neos-music.com\\\/product\\\/olivier-messiaen-complete-works-for-piano-solo-vol-1\\\/#primaryimage\"},\"image\":{\"@id\":\"https:\\\/\\\/neos-music.com\\\/product\\\/olivier-messiaen-complete-works-for-piano-solo-vol-1\\\/#primaryimage\"},\"thumbnailUrl\":\"https:\\\/\\\/i0.wp.com\\\/neos-music.com\\\/wp-content\\\/uploads\\\/2022\\\/11\\\/NEOS_10907-08_Messiaen_Vol1.jpeg?fit=1648%2C1483&ssl=1\",\"datePublished\":\"2009-11-26T17:32:27+00:00\",\"dateModified\":\"2023-05-25T10:15:52+00:00\",\"breadcrumb\":{\"@id\":\"https:\\\/\\\/neos-music.com\\\/product\\\/olivier-messiaen-complete-works-for-piano-solo-vol-1\\\/#breadcrumb\"},\"inLanguage\":\"en-US\",\"potentialAction\":[{\"@type\":\"ReadAction\",\"target\":[\"https:\\\/\\\/neos-music.com\\\/product\\\/olivier-messiaen-complete-works-for-piano-solo-vol-1\\\/\"]}]},{\"@type\":\"ImageObject\",\"inLanguage\":\"en-US\",\"@id\":\"https:\\\/\\\/neos-music.com\\\/product\\\/olivier-messiaen-complete-works-for-piano-solo-vol-1\\\/#primaryimage\",\"url\":\"https:\\\/\\\/i0.wp.com\\\/neos-music.com\\\/wp-content\\\/uploads\\\/2022\\\/11\\\/NEOS_10907-08_Messiaen_Vol1.jpeg?fit=1648%2C1483&ssl=1\",\"contentUrl\":\"https:\\\/\\\/i0.wp.com\\\/neos-music.com\\\/wp-content\\\/uploads\\\/2022\\\/11\\\/NEOS_10907-08_Messiaen_Vol1.jpeg?fit=1648%2C1483&ssl=1\",\"width\":1648,\"height\":1483},{\"@type\":\"BreadcrumbList\",\"@id\":\"https:\\\/\\\/neos-music.com\\\/product\\\/olivier-messiaen-complete-works-for-piano-solo-vol-1\\\/#breadcrumb\",\"itemListElement\":[{\"@type\":\"ListItem\",\"position\":1,\"name\":\"Startseite\",\"item\":\"https:\\\/\\\/neos-music.com\\\/\"},{\"@type\":\"ListItem\",\"position\":2,\"name\":\"Produkte\",\"item\":\"https:\\\/\\\/neos-music.com\\\/shop__trashed\\\/\"},{\"@type\":\"ListItem\",\"position\":3,\"name\":\"Olivier Messiaen: Complete Works for Piano Solo Vol.1\"}]},{\"@type\":\"WebSite\",\"@id\":\"https:\\\/\\\/neos-music.com\\\/#website\",\"url\":\"https:\\\/\\\/neos-music.com\\\/\",\"name\":\"NEOS Music\",\"description\":\"Dein Online Shop f\u00fcr zeitgen\u00f6ssische Musik, Jazz und Classics!\",\"publisher\":{\"@id\":\"https:\\\/\\\/neos-music.com\\\/#organization\"},\"potentialAction\":[{\"@type\":\"SearchAction\",\"target\":{\"@type\":\"EntryPoint\",\"urlTemplate\":\"https:\\\/\\\/neos-music.com\\\/?s={search_term_string}\"},\"query-input\":{\"@type\":\"PropertyValueSpecification\",\"valueRequired\":true,\"valueName\":\"search_term_string\"}}],\"inLanguage\":\"en-US\"},{\"@type\":\"Organization\",\"@id\":\"https:\\\/\\\/neos-music.com\\\/#organization\",\"name\":\"NEOS Music\",\"url\":\"https:\\\/\\\/neos-music.com\\\/\",\"logo\":{\"@type\":\"ImageObject\",\"inLanguage\":\"en-US\",\"@id\":\"https:\\\/\\\/neos-music.com\\\/#\\\/schema\\\/logo\\\/image\\\/\",\"url\":\"https:\\\/\\\/i0.wp.com\\\/neos-music.com\\\/wp-content\\\/uploads\\\/2025\\\/08\\\/NEOS-Logo-weiss.png?fit=800%2C203&ssl=1\",\"contentUrl\":\"https:\\\/\\\/i0.wp.com\\\/neos-music.com\\\/wp-content\\\/uploads\\\/2025\\\/08\\\/NEOS-Logo-weiss.png?fit=800%2C203&ssl=1\",\"width\":800,\"height\":203,\"caption\":\"NEOS Music\"},\"image\":{\"@id\":\"https:\\\/\\\/neos-music.com\\\/#\\\/schema\\\/logo\\\/image\\\/\"}}]}<\/script>\n<!-- \/ Yoast SEO plugin. -->","yoast_head_json":{"title":"Olivier Messiaen: Complete Works for Piano Solo Vol.1 - NEOS Music","robots":{"index":"index","follow":"follow","max-snippet":"max-snippet:-1","max-image-preview":"max-image-preview:large","max-video-preview":"max-video-preview:-1"},"canonical":"https:\/\/neos-music.com\/en_us\/product\/olivier-messiaen-complete-works-for-piano-solo-vol-1\/","og_locale":"en_US","og_type":"article","og_title":"Olivier Messiaen: Complete Works for Piano Solo Vol.1 - NEOS Music","og_description":"Infotext: Markus Bellheim\u00a0beginnt seine Einspielung aller Klavierkompositionen von Olivier Messiaen mit einem Hauptwerk, in dem die f\u00fcrs weitere Schaffen wichtigen Elemente beispielhaft zusammenwirken: die franziskanisch gepr\u00e4gte Mystik, die Syn\u00e4sthesie, die Liebe zu den Stimmen der Natur und die Sch\u00e4rfung des Bewusstseins f\u00fcr fremde Musikkulturen mit ihrer vielf\u00e4ltigen Melodik und Rhythmik. Im \u201eBlick der Propheten, der [&hellip;]","og_url":"https:\/\/neos-music.com\/en_us\/product\/olivier-messiaen-complete-works-for-piano-solo-vol-1\/","og_site_name":"NEOS Music","article_modified_time":"2023-05-25T10:15:52+00:00","og_image":[{"width":1648,"height":1483,"url":"https:\/\/neos-music.com\/wp-content\/uploads\/2022\/11\/NEOS_10907-08_Messiaen_Vol1.jpeg","type":"image\/jpeg"}],"twitter_card":"summary_large_image","twitter_misc":{"Est. reading time":"1 minute"},"schema":{"@context":"https:\/\/schema.org","@graph":[{"@type":"WebPage","@id":"https:\/\/neos-music.com\/product\/olivier-messiaen-complete-works-for-piano-solo-vol-1\/","url":"https:\/\/neos-music.com\/product\/olivier-messiaen-complete-works-for-piano-solo-vol-1\/","name":"Olivier Messiaen: Complete Works for Piano Solo Vol.1 - NEOS Music","isPartOf":{"@id":"https:\/\/neos-music.com\/#website"},"primaryImageOfPage":{"@id":"https:\/\/neos-music.com\/product\/olivier-messiaen-complete-works-for-piano-solo-vol-1\/#primaryimage"},"image":{"@id":"https:\/\/neos-music.com\/product\/olivier-messiaen-complete-works-for-piano-solo-vol-1\/#primaryimage"},"thumbnailUrl":"https:\/\/i0.wp.com\/neos-music.com\/wp-content\/uploads\/2022\/11\/NEOS_10907-08_Messiaen_Vol1.jpeg?fit=1648%2C1483&ssl=1","datePublished":"2009-11-26T17:32:27+00:00","dateModified":"2023-05-25T10:15:52+00:00","breadcrumb":{"@id":"https:\/\/neos-music.com\/product\/olivier-messiaen-complete-works-for-piano-solo-vol-1\/#breadcrumb"},"inLanguage":"en-US","potentialAction":[{"@type":"ReadAction","target":["https:\/\/neos-music.com\/product\/olivier-messiaen-complete-works-for-piano-solo-vol-1\/"]}]},{"@type":"ImageObject","inLanguage":"en-US","@id":"https:\/\/neos-music.com\/product\/olivier-messiaen-complete-works-for-piano-solo-vol-1\/#primaryimage","url":"https:\/\/i0.wp.com\/neos-music.com\/wp-content\/uploads\/2022\/11\/NEOS_10907-08_Messiaen_Vol1.jpeg?fit=1648%2C1483&ssl=1","contentUrl":"https:\/\/i0.wp.com\/neos-music.com\/wp-content\/uploads\/2022\/11\/NEOS_10907-08_Messiaen_Vol1.jpeg?fit=1648%2C1483&ssl=1","width":1648,"height":1483},{"@type":"BreadcrumbList","@id":"https:\/\/neos-music.com\/product\/olivier-messiaen-complete-works-for-piano-solo-vol-1\/#breadcrumb","itemListElement":[{"@type":"ListItem","position":1,"name":"Startseite","item":"https:\/\/neos-music.com\/"},{"@type":"ListItem","position":2,"name":"Produkte","item":"https:\/\/neos-music.com\/shop__trashed\/"},{"@type":"ListItem","position":3,"name":"Olivier Messiaen: Complete Works for Piano Solo Vol.1"}]},{"@type":"WebSite","@id":"https:\/\/neos-music.com\/#website","url":"https:\/\/neos-music.com\/","name":"NEOS Music","description":"Dein Online Shop f\u00fcr zeitgen\u00f6ssische Musik, Jazz und Classics!","publisher":{"@id":"https:\/\/neos-music.com\/#organization"},"potentialAction":[{"@type":"SearchAction","target":{"@type":"EntryPoint","urlTemplate":"https:\/\/neos-music.com\/?s={search_term_string}"},"query-input":{"@type":"PropertyValueSpecification","valueRequired":true,"valueName":"search_term_string"}}],"inLanguage":"en-US"},{"@type":"Organization","@id":"https:\/\/neos-music.com\/#organization","name":"NEOS Music","url":"https:\/\/neos-music.com\/","logo":{"@type":"ImageObject","inLanguage":"en-US","@id":"https:\/\/neos-music.com\/#\/schema\/logo\/image\/","url":"https:\/\/i0.wp.com\/neos-music.com\/wp-content\/uploads\/2025\/08\/NEOS-Logo-weiss.png?fit=800%2C203&ssl=1","contentUrl":"https:\/\/i0.wp.com\/neos-music.com\/wp-content\/uploads\/2025\/08\/NEOS-Logo-weiss.png?fit=800%2C203&ssl=1","width":800,"height":203,"caption":"NEOS Music"},"image":{"@id":"https:\/\/neos-music.com\/#\/schema\/logo\/image\/"}}]}},"jetpack_sharing_enabled":true,"_links":{"self":[{"href":"https:\/\/neos-music.com\/en_us\/wp-json\/wp\/v2\/product\/3124","targetHints":{"allow":["GET"]}}],"collection":[{"href":"https:\/\/neos-music.com\/en_us\/wp-json\/wp\/v2\/product"}],"about":[{"href":"https:\/\/neos-music.com\/en_us\/wp-json\/wp\/v2\/types\/product"}],"version-history":[{"count":0,"href":"https:\/\/neos-music.com\/en_us\/wp-json\/wp\/v2\/product\/3124\/revisions"}],"wp:featuredmedia":[{"embeddable":true,"href":"https:\/\/neos-music.com\/en_us\/wp-json\/wp\/v2\/media\/3125"}],"wp:attachment":[{"href":"https:\/\/neos-music.com\/en_us\/wp-json\/wp\/v2\/media?parent=3124"}],"wp:term":[{"taxonomy":"product_brand","embeddable":true,"href":"https:\/\/neos-music.com\/en_us\/wp-json\/wp\/v2\/product_brand?post=3124"},{"taxonomy":"product_cat","embeddable":true,"href":"https:\/\/neos-music.com\/en_us\/wp-json\/wp\/v2\/product_cat?post=3124"},{"taxonomy":"product_tag","embeddable":true,"href":"https:\/\/neos-music.com\/en_us\/wp-json\/wp\/v2\/product_tag?post=3124"}],"curies":[{"name":"wp","href":"https:\/\/api.w.org\/{rel}","templated":true}]}}