{"id":3126,"date":"2009-11-26T17:34:09","date_gmt":"2009-11-26T17:34:09","guid":{"rendered":"https:\/\/neos-music.com\/?post_type=product&#038;p=3126"},"modified":"2025-01-07T15:01:45","modified_gmt":"2025-01-07T14:01:45","slug":"alberto-ginastera-popol-vuh-cantata-para-america-magica","status":"publish","type":"product","link":"https:\/\/neos-music.com\/en_us\/product\/alberto-ginastera-popol-vuh-cantata-para-america-magica\/","title":{"rendered":"Alberto Ginastera: Popol Vuh &#8211; Cantata para Am\u00e9rica M\u00e1gica"},"content":{"rendered":"<p>Infotext:<\/p>\n<p>Die unb\u00e4ndige Kraft pr\u00e4kolumbianischer Mythen, neu geboren in einer modernen Sprache.\u00a0<a class=\"arcoma_glossarylink\" href=\"https:\/\/neos-music.com\/output.php?content=Kuenstler\/Asbury_Stefan.php&amp;treplace=english%2Cgerman\" target=\"_self\" rel=\"noopener\">Stefan Asbury<\/a>\u00a0bringt das WDR Sinfonieorchester K\u00f6ln zum Brodeln, wenn\u00a0<b>Alberto Ginastera<\/b>\u00a0in seinem Sp\u00e4twerk \u201ePopol Vuh\u201c (1975\u201383) die Sch\u00f6pfungsgeschichte der Mayas erz\u00e4hlt. Um die Stimme des Menschen in dieser untergegangenen Kultur geht es in der dramatischen \u201eCantata para Am\u00e9rica M\u00e1gica\u201c (1960) auf Worte von Mercedes de Toro. Die Protagonistin\u00a0<a class=\"arcoma_glossarylink\" href=\"https:\/\/neos-music.com\/output.php?content=Kuenstler\/Dupuis_Rayanne.php&amp;treplace=english%2Cgerman\" target=\"_self\" rel=\"noopener\">Rayanne Dupuis<\/a>\u00a0intoniert Gebete, Liebes- und Abschiedslieder, umzingelt von einem bunt schillernden Klangapparat: dem Schlagzeugensemble der Hochschule f\u00fcr Musik K\u00f6ln, dem\u00a0<a class=\"arcoma_glossarylink\" href=\"https:\/\/neos-music.com\/output.php?content=Kuenstler\/Ensemble_SurPlus.php&amp;treplace=english%2Cgerman\" target=\"_self\" rel=\"noopener\">Ensemble S<\/a>\u00a0und dem\u00a0<a class=\"arcoma_glossarylink\" href=\"https:\/\/neos-music.com\/output.php?content=Kuenstler\/Bugallo-Williams_Piano_Duo.php&amp;treplace=english%2Cgerman\" target=\"_self\" rel=\"noopener\">Bugallo-Williams Piano Duo<\/a>.<\/p>\n<p>Programm:<\/p>\n<p><b>Popol Vuh<\/b>\u00a0op. 44 (1975\u20131983)\u00a0<b>25:16<br \/>\n<\/b>La creaci\u00f3n del mundo maya \u00b7 The Creation of the Mayan World<br \/>\nfor orchestra<\/p>\n<p>[01] I La noche de los tiempos<b><\/b>\u00a006:35<br \/>\nDie Nacht der Zeiten \u00b7 The Everlasting Night \u00b7 La nuit des temps<br \/>\n<span id=\"flash1\"><\/span><\/p>\n<p>[02] II El nacimiento de la tierra 04:30<br \/>\nDie Geburt der Erde \u00b7 The Birth of the Earth \u00b7 La naissance de la terre<\/p>\n<p>[03] III El despertar de la naturaleza 04:55<br \/>\nDas Erwachen der Natur \u00b7 Nature Wakes \u00b7 L\u2019\u00e9veil de la nature<\/p>\n<p>[04] IV El grito de la creaci\u00f3n 00:40<br \/>\nDer Schrei der Sch\u00f6pfung \u00b7 The Cry of Creation \u00b7 Le cri de la cr\u00e9ation<\/p>\n<p>[05] V La gran lluvia 02:43<br \/>\nDer gro\u00dfe Regen \u00b7 The Grand Rain \u00b7 La grande pluie<\/p>\n<p>[06] VI La ceremonia m\u00e1gica del ma\u00edz 02:39<br \/>\nDie Magische Maiszeremonie \u00b7 The Magic Ceremony of Indian Corn \u00b7 La c\u00e9r\u00e9monie magique du ma\u00efs<br \/>\n<span id=\"flash2\"><\/span><\/p>\n<p>[07] VII El sol, la luna, las estrellas 03:14<br \/>\nDie Sonne, der Mond, die Sterne \u00b7 The Sun, the Moon, the Stars \u00b7 Le soleil, la lune, les \u00e9toiles<\/p>\n<p><b>Cantata para Am\u00e9rica M\u00e1gica<\/b>\u00a0op. 27 (1960)\u00a0<b>24:18<br \/>\n<\/b>for dramatic soprano and percussion orchestra<br \/>\non poems by Mercedes de Toro after ancient pre-Columbian manuscripts<\/p>\n<p>[08] I Preludio y canto a la aurora 04:56<br \/>\nVorspiel und Gesang an den Sonnenaufgang \u00b7 Prelude and Song of Dawn \u00b7 Pr\u00e9lude et chant \u00e0 l\u2019aurore<br \/>\n<span id=\"flash3\"><\/span><\/p>\n<p>[09] II Nocturno y canto de amor 03:59<br \/>\nNocturne und Liebesgesang \u00b7 Nocturne and Love Song \u00b7 Nocturne et chant d\u2019amour<\/p>\n<p>[10] III Canto para la partida de los guerreros 02:08<br \/>\nGesang zum Aufbruch der Krieger \u00b7 Song for the Warriors\u2019 Departure \u00b7 Chant pour le d\u00e9part des guerriers<br \/>\n<span id=\"flash4\"><\/span><\/p>\n<p>[11] IV Interludio fant\u00e1stico 03:51<br \/>\nFantastisches Zwischenspiel \u00b7 Fantastic Interlude \u00b7 Interlude fantastique<\/p>\n<p>[12] V Canto de agon\u00eda y desolaci\u00f3n 05:36<br \/>\nGesang von Agonie und Verzweiflung \u00b7 Song of Agony and Desolation \u00b7 Chant d\u2019agonie et de d\u00e9solation<\/p>\n<p>[13] VI Canto de la profec\u00eda 03:49<br \/>\nProphetischer Gesang \u00b7 Song of Prophecy \u00b7 Chant de la proph\u00e9tie<\/p>\n<p><b>total time: 49:46<\/b><\/p>\n<p><a class=\"arcoma_glossarylink\" href=\"https:\/\/neos-music.com\/output.php?content=Kuenstler\/WDR_Sinfonieorchester_Koeln.php&amp;treplace=english%2Cgerman\" target=\"_self\" rel=\"noopener\">WDR Sinfonieorchester K\u00f6ln<\/a><\/p>\n<p><a class=\"arcoma_glossarylink\" href=\"https:\/\/neos-music.com\/output.php?content=Kuenstler\/Dupuis_Rayanne.php&amp;treplace=english%2Cgerman\" target=\"_self\" rel=\"noopener\">Rayanne Dupuis<\/a>, soprano<\/p>\n<p><a class=\"arcoma_glossarylink\" href=\"https:\/\/neos-music.com\/output.php?content=Kuenstler\/Bugallo-Williams_Piano_Duo.php&amp;treplace=english%2Cgerman\" target=\"_self\" rel=\"noopener\">Bugallo-Williams Piano Duo<\/a><\/p>\n<p><a class=\"arcoma_glossarylink\" href=\"https:\/\/neos-music.com\/output.php?content=Kuenstler\/Ensemble_S.php&amp;treplace=english%2Cgerman\" target=\"_self\" rel=\"noopener\">Ensemble_S<\/a>\u00a0(Norbert Kr\u00e4mer \u00b7 Arnold Marinissen \u00b7 Stephan Meier \u00b7 Adam Weisman)<\/p>\n<p><a class=\"arcoma_glossarylink\" href=\"https:\/\/neos-music.com\/output.php?content=Kuenstler\/Schlagzeugensemble_der_Hochschule_fuer_Musik_Koeln.php&amp;treplace=english%2Cgerman\" target=\"_self\" rel=\"noopener\">Schlagzeugensemble der Musikhochschule K\u00f6ln<\/a><br \/>\n(Sjoerd Ceelen\u2009\u00b7\u2009Jelle Overheul\u2009\u00b7\u2009Rik van Wijgerden\u2009\u00b7\u2009Wouter de Winne<br \/>\nCarlos Tarcha \u00b7 Benjamin Schmidt\u2009\u00b7\u2009Paul Altmann\u2009\u00b7\u2009Frank Lorenz \u00b7 Feliks Zakurin<br \/>\nHana Yoo\u2009\u00b7\u2009Cezara Dafina Pop, percussion \u00b7 Yumi Kimachi, celesta)<br \/>\nStephan Meier, rehearsals \u00b7 Prof. Carlos Tarcha, director<\/p>\n<p><a class=\"arcoma_glossarylink\" href=\"https:\/\/neos-music.com\/output.php?content=Kuenstler\/Asbury_Stefan.php&amp;treplace=english%2Cgerman\" target=\"_self\" rel=\"noopener\">Stefan Asbury<\/a>, conductor<\/p>\n<p>Pressestimmen:<\/p>\n<p><img data-recalc-dims=\"1\" decoding=\"async\" src=\"https:\/\/i0.wp.com\/neos-music.com\/images\/news\/logo_musicweb.jpg?ssl=1\" \/><\/p>\n<p>I first encountered\u00a0<i>Popol Vuh<\/i>\u00a0on a Naxos CD from Gis\u00e8le Ben-Dor and the BBC National Orchestra of Wales, which was warmly received by Hubert Culot. That well-filled disc includes Ginastera\u2019s ballet\u00a0<i>Estancia<\/i>, the\u00a0<i>Danza final<\/i>\u00a0of which is the most exhilarating music I know; played with idiomatic vitality and verve by the London Symphony Orchestra it\u2019s a pick-me-up that will also give your woofers a workout. The latter applies to parts of\u00a0<i>Popol Vuh<\/i>, an account of the Mayan creation transcribed by a 16th-century Dominican missionary; which is one reason why I was so looking forward to this Neos SACD.<\/p>\n<p>Conductor Stefan Asbury is new to me, although his online profile confirms he has appeared with some of the world\u2019s major orchestras. He\u2019s also known for innovative programming, as this pairing of\u00a0<i>Popol Vuh<\/i>\u00a0and the otherwise unrecorded\u00a0<i>Cantata para Am\u00e9rica M\u00e1gica<\/i>\u00a0demonstrates. I suspect\u00a0<i>Popol Vuh<\/i>, described as Ginastera\u2019s\u00a0<i>Rite of Spring<\/i>, will have the broadest appeal, given its exotic scoring and raw primitivism. Unfinished when the composer died in 1983 it remains a solid and compelling piece, very different from the easy exuberance of his earlier works, the ballets\u00a0<i>Estancia<\/i>\u00a0and\u00a0<i>Panambi<\/i>\u00a0in particular.<\/p>\n<p><i>The Everlasting Night<\/i>\u00a0is characterised by dark strings and slow, primordial stirrings in the rest of the orchestra, all of which is superbly caught by the Neos engineers. The growling brass &#8211; not so prominent on the Naxos recording &#8211; are especially impressive, and the weird timp figures in\u00a0<i>The Birth of the Earth<\/i>\u00a0are thoroughly unsettling too. That said it\u2019s the explosive, atavistic rhythms that are most reminiscent of\u00a0<i>Le sacre<\/i>, although Ginastera uses his bass drum and percussion sparingly.<\/p>\n<p>There\u2019s some evocative writing in\u00a0<i>Nature Awakes<\/i>\u00a0which, along with\u00a0<i>The Grand Rain<\/i>, manages to avoid the usual colouristic clich\u00e9s.<\/p>\n<p>Indeed, there\u2019s an economy and originality of utterance here that\u2019s most attractive, and the detailed, well-balanced sonics &#8211; individual instruments are convincingly arrayed on a wide, deep soundstage &#8211; underlines that. One senses also that Asbury isn\u2019t one to surrender control, even in the powerful, punctuating rhythms of\u00a0<i>The Magic Ceremony of the Indian Corn<\/i>\u00a0and the orchestral supernovae of\u00a0<i>The Sun, the Moon, the Stars<\/i>. As much as I enjoy Ben-Dor\u2019s excellent performance &#8211; it\u2019s a decent recording and the disc offers a number of other well-played Ginastera pieces &#8211; Asbury\u2019s\u00a0<i>Popol Vuh<\/i>\u00a0is now my first choice; as a bonus the Neos sound is first rate on both the RBCD and stereo Super Audio layers.<\/p>\n<p>For all its felicities, the cantata &#8211; a collection of poems by Mercedes de Toro, based on pre-Colombian manuscripts &#8211; is compromised by the distractingly wide vibrato of soprano Rayanne Dupuis. She struggles to stay on the note and is audibly taxed by the fast, impassioned writing of the\u00a0<i>Song for the Warriors\u2019 Departure<\/i>. The piano duo and various percussion groups are excellent though, and as before they are well recorded. The gurgle and shimmer of the instrumental\u00a0<i>Fantastic Interlude<\/i>\u00a0is a sonic delight, and although Dupuis is more ingratiating in the quieter moments of the\u00a0<i>Song of Agony and Desolation<\/i>\u00a0she seems a little too distant in the concluding\u00a0<i>Song of Prophecy<\/i>.<\/p>\n<p>This disc is worth acquiring for\u00a0<i>Popol Vuh<\/i>, but the variable soloist in the cantata and the very short playing time might deter some listeners. In terms of bang for your buck Ben-Dor\u2019s collection is still very desirable, not least for her intoxicating accounts of\u00a0<i>Panambi<\/i>,\u00a0<i>Estancia<\/i>\u00a0and Ollantay. What a pity that Neos blot their copybook with a double-gatefold Digipak; after just a couple of hours it\u2019s already looking creased and scuffed.<\/p>\n<p><i>Popol Vuh<\/i>\u00a0gets a first-rate performance; the cantata isn\u2019t so fortunate.<\/p>\n<p><i>Dan Morgan<\/i><\/p>\n<p>&nbsp;<\/p>\n<p><img data-recalc-dims=\"1\" decoding=\"async\" src=\"https:\/\/i0.wp.com\/neos-music.com\/images\/news\/logo_russisch.jpg?ssl=1\" \/><br \/>\nNo. 6\/2012<\/p>\n<p><img data-recalc-dims=\"1\" decoding=\"async\" src=\"https:\/\/i0.wp.com\/neos-music.com\/images\/news\/10918_russisch.jpg?ssl=1\" \/><\/p>\n<p>&nbsp;<\/p>\n<p><img data-recalc-dims=\"1\" decoding=\"async\" src=\"https:\/\/i0.wp.com\/neos-music.com\/images\/news\/logo_diario_de_Sevilla.jpg?ssl=1\" \/><br \/>\n20.03.2010<\/p>\n<p><img data-recalc-dims=\"1\" decoding=\"async\" src=\"https:\/\/i0.wp.com\/neos-music.com\/images\/news\/10918_Diario_de-Sevilla.jpg?ssl=1\" \/><\/p>\n<p>&nbsp;<\/p>\n<p><img data-recalc-dims=\"1\" decoding=\"async\" src=\"https:\/\/i0.wp.com\/neos-music.com\/images\/news\/logo_diverdi_com.gif?ssl=1\" \/><br \/>\n02\/2010<\/p>\n<p><img data-recalc-dims=\"1\" fetchpriority=\"high\" decoding=\"async\" src=\"https:\/\/i0.wp.com\/neos-music.com\/images\/news\/10918_Diverdi_02_2010.jpg?resize=604%2C809&#038;ssl=1\" width=\"604\" height=\"809\" \/><\/p>\n","protected":false},"excerpt":{"rendered":"<p>Infotext: Die unb\u00e4ndige Kraft pr\u00e4kolumbianischer Mythen, neu geboren in einer modernen Sprache.\u00a0Stefan Asbury\u00a0bringt das WDR Sinfonieorchester K\u00f6ln zum Brodeln, wenn\u00a0Alberto Ginastera\u00a0in seinem Sp\u00e4twerk \u201ePopol Vuh\u201c (1975\u201383) die Sch\u00f6pfungsgeschichte der Mayas erz\u00e4hlt. Um die Stimme des Menschen in dieser untergegangenen Kultur geht es in der dramatischen \u201eCantata para Am\u00e9rica M\u00e1gica\u201c (1960) auf Worte von Mercedes de [&hellip;]<\/p>\n","protected":false},"featured_media":3127,"template":"","meta":{"site-sidebar-layout":"default","site-content-layout":"default","ast-site-content-layout":"default","site-content-style":"default","site-sidebar-style":"default","ast-global-header-display":"","ast-banner-title-visibility":"","ast-main-header-display":"","ast-hfb-above-header-display":"","ast-hfb-below-header-display":"","ast-hfb-mobile-header-display":"","site-post-title":"","ast-breadcrumbs-content":"","ast-featured-img":"","footer-sml-layout":"","theme-transparent-header-meta":"default","adv-header-id-meta":"","stick-header-meta":"","header-above-stick-meta":"","header-main-stick-meta":"","header-below-stick-meta":"","astra-migrate-meta-layouts":"default","ast-page-background-enabled":"default","ast-page-background-meta":{"desktop":{"background-color":"","background-image":"","background-repeat":"repeat","background-position":"center center","background-size":"auto","background-attachment":"scroll","background-type":"","background-media":"","overlay-type":"","overlay-color":"","overlay-opacity":"","overlay-gradient":""},"tablet":{"background-color":"","background-image":"","background-repeat":"repeat","background-position":"center center","background-size":"auto","background-attachment":"scroll","background-type":"","background-media":"","overlay-type":"","overlay-color":"","overlay-opacity":"","overlay-gradient":""},"mobile":{"background-color":"","background-image":"","background-repeat":"repeat","background-position":"center center","background-size":"auto","background-attachment":"scroll","background-type":"","background-media":"","overlay-type":"","overlay-color":"","overlay-opacity":"","overlay-gradient":""}},"ast-content-background-meta":{"desktop":{"background-color":"var(--ast-global-color-5)","background-image":"","background-repeat":"repeat","background-position":"center center","background-size":"auto","background-attachment":"scroll","background-type":"","background-media":"","overlay-type":"","overlay-color":"","overlay-opacity":"","overlay-gradient":""},"tablet":{"background-color":"var(--ast-global-color-5)","background-image":"","background-repeat":"repeat","background-position":"center center","background-size":"auto","background-attachment":"scroll","background-type":"","background-media":"","overlay-type":"","overlay-color":"","overlay-opacity":"","overlay-gradient":""},"mobile":{"background-color":"var(--ast-global-color-5)","background-image":"","background-repeat":"repeat","background-position":"center center","background-size":"auto","background-attachment":"scroll","background-type":"","background-media":"","overlay-type":"","overlay-color":"","overlay-opacity":"","overlay-gradient":""}}},"product_brand":[],"product_cat":[26],"product_tag":[],"class_list":{"0":"post-3126","1":"product","2":"type-product","3":"status-publish","4":"has-post-thumbnail","6":"product_cat-zeitgenossische-musik","7":"pa_artikelnummer-neos-10918","8":"pa_brand-neos-music","9":"pa_ean-671","10":"desktop-align-left","11":"tablet-align-left","12":"mobile-align-left","14":"first","15":"outofstock","16":"taxable","17":"shipping-taxable","18":"purchasable","19":"product-type-simple"},"yoast_head":"<!-- This site is optimized with the Yoast SEO plugin v27.3 - https:\/\/yoast.com\/product\/yoast-seo-wordpress\/ -->\n<title>Alberto Ginastera: Popol Vuh - Cantata para Am\u00e9rica M\u00e1gica - NEOS Music<\/title>\n<meta name=\"robots\" content=\"index, follow, max-snippet:-1, max-image-preview:large, max-video-preview:-1\" \/>\n<link rel=\"canonical\" href=\"https:\/\/neos-music.com\/en_us\/product\/alberto-ginastera-popol-vuh-cantata-para-america-magica\/\" \/>\n<meta property=\"og:locale\" content=\"en_US\" \/>\n<meta property=\"og:type\" content=\"article\" \/>\n<meta property=\"og:title\" content=\"Alberto Ginastera: Popol Vuh - Cantata para Am\u00e9rica M\u00e1gica - NEOS Music\" \/>\n<meta property=\"og:description\" content=\"Infotext: Die unb\u00e4ndige Kraft pr\u00e4kolumbianischer Mythen, neu geboren in einer modernen Sprache.\u00a0Stefan Asbury\u00a0bringt das WDR Sinfonieorchester K\u00f6ln zum Brodeln, wenn\u00a0Alberto Ginastera\u00a0in seinem Sp\u00e4twerk \u201ePopol Vuh\u201c (1975\u201383) die Sch\u00f6pfungsgeschichte der Mayas erz\u00e4hlt. Um die Stimme des Menschen in dieser untergegangenen Kultur geht es in der dramatischen \u201eCantata para Am\u00e9rica M\u00e1gica\u201c (1960) auf Worte von Mercedes de [&hellip;]\" \/>\n<meta property=\"og:url\" content=\"https:\/\/neos-music.com\/en_us\/product\/alberto-ginastera-popol-vuh-cantata-para-america-magica\/\" \/>\n<meta property=\"og:site_name\" content=\"NEOS Music\" \/>\n<meta property=\"article:modified_time\" content=\"2025-01-07T14:01:45+00:00\" \/>\n<meta property=\"og:image\" content=\"https:\/\/neos-music.com\/wp-content\/uploads\/2022\/11\/NEOS_10918_Ginastera.jpeg\" \/>\n\t<meta property=\"og:image:width\" content=\"1648\" \/>\n\t<meta property=\"og:image:height\" content=\"1483\" \/>\n\t<meta property=\"og:image:type\" content=\"image\/jpeg\" \/>\n<meta name=\"twitter:card\" content=\"summary_large_image\" \/>\n<meta name=\"twitter:label1\" content=\"Est. reading time\" \/>\n\t<meta name=\"twitter:data1\" content=\"6 minutes\" \/>\n<script type=\"application\/ld+json\" class=\"yoast-schema-graph\">{\"@context\":\"https:\\\/\\\/schema.org\",\"@graph\":[{\"@type\":\"WebPage\",\"@id\":\"https:\\\/\\\/neos-music.com\\\/product\\\/alberto-ginastera-popol-vuh-cantata-para-america-magica\\\/\",\"url\":\"https:\\\/\\\/neos-music.com\\\/product\\\/alberto-ginastera-popol-vuh-cantata-para-america-magica\\\/\",\"name\":\"Alberto Ginastera: Popol Vuh - Cantata para Am\u00e9rica M\u00e1gica - NEOS Music\",\"isPartOf\":{\"@id\":\"https:\\\/\\\/neos-music.com\\\/#website\"},\"primaryImageOfPage\":{\"@id\":\"https:\\\/\\\/neos-music.com\\\/product\\\/alberto-ginastera-popol-vuh-cantata-para-america-magica\\\/#primaryimage\"},\"image\":{\"@id\":\"https:\\\/\\\/neos-music.com\\\/product\\\/alberto-ginastera-popol-vuh-cantata-para-america-magica\\\/#primaryimage\"},\"thumbnailUrl\":\"https:\\\/\\\/i0.wp.com\\\/neos-music.com\\\/wp-content\\\/uploads\\\/2022\\\/11\\\/NEOS_10918_Ginastera.jpeg?fit=1648%2C1483&ssl=1\",\"datePublished\":\"2009-11-26T17:34:09+00:00\",\"dateModified\":\"2025-01-07T14:01:45+00:00\",\"breadcrumb\":{\"@id\":\"https:\\\/\\\/neos-music.com\\\/product\\\/alberto-ginastera-popol-vuh-cantata-para-america-magica\\\/#breadcrumb\"},\"inLanguage\":\"en-US\",\"potentialAction\":[{\"@type\":\"ReadAction\",\"target\":[\"https:\\\/\\\/neos-music.com\\\/product\\\/alberto-ginastera-popol-vuh-cantata-para-america-magica\\\/\"]}]},{\"@type\":\"ImageObject\",\"inLanguage\":\"en-US\",\"@id\":\"https:\\\/\\\/neos-music.com\\\/product\\\/alberto-ginastera-popol-vuh-cantata-para-america-magica\\\/#primaryimage\",\"url\":\"https:\\\/\\\/i0.wp.com\\\/neos-music.com\\\/wp-content\\\/uploads\\\/2022\\\/11\\\/NEOS_10918_Ginastera.jpeg?fit=1648%2C1483&ssl=1\",\"contentUrl\":\"https:\\\/\\\/i0.wp.com\\\/neos-music.com\\\/wp-content\\\/uploads\\\/2022\\\/11\\\/NEOS_10918_Ginastera.jpeg?fit=1648%2C1483&ssl=1\",\"width\":1648,\"height\":1483},{\"@type\":\"BreadcrumbList\",\"@id\":\"https:\\\/\\\/neos-music.com\\\/product\\\/alberto-ginastera-popol-vuh-cantata-para-america-magica\\\/#breadcrumb\",\"itemListElement\":[{\"@type\":\"ListItem\",\"position\":1,\"name\":\"Startseite\",\"item\":\"https:\\\/\\\/neos-music.com\\\/\"},{\"@type\":\"ListItem\",\"position\":2,\"name\":\"Produkte\",\"item\":\"https:\\\/\\\/neos-music.com\\\/shop__trashed\\\/\"},{\"@type\":\"ListItem\",\"position\":3,\"name\":\"Alberto Ginastera: Popol Vuh &#8211; Cantata para Am\u00e9rica M\u00e1gica\"}]},{\"@type\":\"WebSite\",\"@id\":\"https:\\\/\\\/neos-music.com\\\/#website\",\"url\":\"https:\\\/\\\/neos-music.com\\\/\",\"name\":\"NEOS Music\",\"description\":\"Dein Online Shop f\u00fcr zeitgen\u00f6ssische Musik, Jazz und Classics!\",\"publisher\":{\"@id\":\"https:\\\/\\\/neos-music.com\\\/#organization\"},\"potentialAction\":[{\"@type\":\"SearchAction\",\"target\":{\"@type\":\"EntryPoint\",\"urlTemplate\":\"https:\\\/\\\/neos-music.com\\\/?s={search_term_string}\"},\"query-input\":{\"@type\":\"PropertyValueSpecification\",\"valueRequired\":true,\"valueName\":\"search_term_string\"}}],\"inLanguage\":\"en-US\"},{\"@type\":\"Organization\",\"@id\":\"https:\\\/\\\/neos-music.com\\\/#organization\",\"name\":\"NEOS Music\",\"url\":\"https:\\\/\\\/neos-music.com\\\/\",\"logo\":{\"@type\":\"ImageObject\",\"inLanguage\":\"en-US\",\"@id\":\"https:\\\/\\\/neos-music.com\\\/#\\\/schema\\\/logo\\\/image\\\/\",\"url\":\"https:\\\/\\\/i0.wp.com\\\/neos-music.com\\\/wp-content\\\/uploads\\\/2025\\\/08\\\/NEOS-Logo-weiss.png?fit=800%2C203&ssl=1\",\"contentUrl\":\"https:\\\/\\\/i0.wp.com\\\/neos-music.com\\\/wp-content\\\/uploads\\\/2025\\\/08\\\/NEOS-Logo-weiss.png?fit=800%2C203&ssl=1\",\"width\":800,\"height\":203,\"caption\":\"NEOS Music\"},\"image\":{\"@id\":\"https:\\\/\\\/neos-music.com\\\/#\\\/schema\\\/logo\\\/image\\\/\"}}]}<\/script>\n<!-- \/ Yoast SEO plugin. -->","yoast_head_json":{"title":"Alberto Ginastera: Popol Vuh - Cantata para Am\u00e9rica M\u00e1gica - NEOS Music","robots":{"index":"index","follow":"follow","max-snippet":"max-snippet:-1","max-image-preview":"max-image-preview:large","max-video-preview":"max-video-preview:-1"},"canonical":"https:\/\/neos-music.com\/en_us\/product\/alberto-ginastera-popol-vuh-cantata-para-america-magica\/","og_locale":"en_US","og_type":"article","og_title":"Alberto Ginastera: Popol Vuh - Cantata para Am\u00e9rica M\u00e1gica - NEOS Music","og_description":"Infotext: Die unb\u00e4ndige Kraft pr\u00e4kolumbianischer Mythen, neu geboren in einer modernen Sprache.\u00a0Stefan Asbury\u00a0bringt das WDR Sinfonieorchester K\u00f6ln zum Brodeln, wenn\u00a0Alberto Ginastera\u00a0in seinem Sp\u00e4twerk \u201ePopol Vuh\u201c (1975\u201383) die Sch\u00f6pfungsgeschichte der Mayas erz\u00e4hlt. Um die Stimme des Menschen in dieser untergegangenen Kultur geht es in der dramatischen \u201eCantata para Am\u00e9rica M\u00e1gica\u201c (1960) auf Worte von Mercedes de [&hellip;]","og_url":"https:\/\/neos-music.com\/en_us\/product\/alberto-ginastera-popol-vuh-cantata-para-america-magica\/","og_site_name":"NEOS Music","article_modified_time":"2025-01-07T14:01:45+00:00","og_image":[{"width":1648,"height":1483,"url":"https:\/\/neos-music.com\/wp-content\/uploads\/2022\/11\/NEOS_10918_Ginastera.jpeg","type":"image\/jpeg"}],"twitter_card":"summary_large_image","twitter_misc":{"Est. reading time":"6 minutes"},"schema":{"@context":"https:\/\/schema.org","@graph":[{"@type":"WebPage","@id":"https:\/\/neos-music.com\/product\/alberto-ginastera-popol-vuh-cantata-para-america-magica\/","url":"https:\/\/neos-music.com\/product\/alberto-ginastera-popol-vuh-cantata-para-america-magica\/","name":"Alberto Ginastera: Popol Vuh - Cantata para Am\u00e9rica M\u00e1gica - NEOS Music","isPartOf":{"@id":"https:\/\/neos-music.com\/#website"},"primaryImageOfPage":{"@id":"https:\/\/neos-music.com\/product\/alberto-ginastera-popol-vuh-cantata-para-america-magica\/#primaryimage"},"image":{"@id":"https:\/\/neos-music.com\/product\/alberto-ginastera-popol-vuh-cantata-para-america-magica\/#primaryimage"},"thumbnailUrl":"https:\/\/i0.wp.com\/neos-music.com\/wp-content\/uploads\/2022\/11\/NEOS_10918_Ginastera.jpeg?fit=1648%2C1483&ssl=1","datePublished":"2009-11-26T17:34:09+00:00","dateModified":"2025-01-07T14:01:45+00:00","breadcrumb":{"@id":"https:\/\/neos-music.com\/product\/alberto-ginastera-popol-vuh-cantata-para-america-magica\/#breadcrumb"},"inLanguage":"en-US","potentialAction":[{"@type":"ReadAction","target":["https:\/\/neos-music.com\/product\/alberto-ginastera-popol-vuh-cantata-para-america-magica\/"]}]},{"@type":"ImageObject","inLanguage":"en-US","@id":"https:\/\/neos-music.com\/product\/alberto-ginastera-popol-vuh-cantata-para-america-magica\/#primaryimage","url":"https:\/\/i0.wp.com\/neos-music.com\/wp-content\/uploads\/2022\/11\/NEOS_10918_Ginastera.jpeg?fit=1648%2C1483&ssl=1","contentUrl":"https:\/\/i0.wp.com\/neos-music.com\/wp-content\/uploads\/2022\/11\/NEOS_10918_Ginastera.jpeg?fit=1648%2C1483&ssl=1","width":1648,"height":1483},{"@type":"BreadcrumbList","@id":"https:\/\/neos-music.com\/product\/alberto-ginastera-popol-vuh-cantata-para-america-magica\/#breadcrumb","itemListElement":[{"@type":"ListItem","position":1,"name":"Startseite","item":"https:\/\/neos-music.com\/"},{"@type":"ListItem","position":2,"name":"Produkte","item":"https:\/\/neos-music.com\/shop__trashed\/"},{"@type":"ListItem","position":3,"name":"Alberto Ginastera: Popol Vuh &#8211; Cantata para Am\u00e9rica M\u00e1gica"}]},{"@type":"WebSite","@id":"https:\/\/neos-music.com\/#website","url":"https:\/\/neos-music.com\/","name":"NEOS Music","description":"Dein Online Shop f\u00fcr zeitgen\u00f6ssische Musik, Jazz und Classics!","publisher":{"@id":"https:\/\/neos-music.com\/#organization"},"potentialAction":[{"@type":"SearchAction","target":{"@type":"EntryPoint","urlTemplate":"https:\/\/neos-music.com\/?s={search_term_string}"},"query-input":{"@type":"PropertyValueSpecification","valueRequired":true,"valueName":"search_term_string"}}],"inLanguage":"en-US"},{"@type":"Organization","@id":"https:\/\/neos-music.com\/#organization","name":"NEOS Music","url":"https:\/\/neos-music.com\/","logo":{"@type":"ImageObject","inLanguage":"en-US","@id":"https:\/\/neos-music.com\/#\/schema\/logo\/image\/","url":"https:\/\/i0.wp.com\/neos-music.com\/wp-content\/uploads\/2025\/08\/NEOS-Logo-weiss.png?fit=800%2C203&ssl=1","contentUrl":"https:\/\/i0.wp.com\/neos-music.com\/wp-content\/uploads\/2025\/08\/NEOS-Logo-weiss.png?fit=800%2C203&ssl=1","width":800,"height":203,"caption":"NEOS Music"},"image":{"@id":"https:\/\/neos-music.com\/#\/schema\/logo\/image\/"}}]}},"jetpack_sharing_enabled":true,"_links":{"self":[{"href":"https:\/\/neos-music.com\/en_us\/wp-json\/wp\/v2\/product\/3126","targetHints":{"allow":["GET"]}}],"collection":[{"href":"https:\/\/neos-music.com\/en_us\/wp-json\/wp\/v2\/product"}],"about":[{"href":"https:\/\/neos-music.com\/en_us\/wp-json\/wp\/v2\/types\/product"}],"version-history":[{"count":1,"href":"https:\/\/neos-music.com\/en_us\/wp-json\/wp\/v2\/product\/3126\/revisions"}],"predecessor-version":[{"id":8909,"href":"https:\/\/neos-music.com\/en_us\/wp-json\/wp\/v2\/product\/3126\/revisions\/8909"}],"wp:featuredmedia":[{"embeddable":true,"href":"https:\/\/neos-music.com\/en_us\/wp-json\/wp\/v2\/media\/3127"}],"wp:attachment":[{"href":"https:\/\/neos-music.com\/en_us\/wp-json\/wp\/v2\/media?parent=3126"}],"wp:term":[{"taxonomy":"product_brand","embeddable":true,"href":"https:\/\/neos-music.com\/en_us\/wp-json\/wp\/v2\/product_brand?post=3126"},{"taxonomy":"product_cat","embeddable":true,"href":"https:\/\/neos-music.com\/en_us\/wp-json\/wp\/v2\/product_cat?post=3126"},{"taxonomy":"product_tag","embeddable":true,"href":"https:\/\/neos-music.com\/en_us\/wp-json\/wp\/v2\/product_tag?post=3126"}],"curies":[{"name":"wp","href":"https:\/\/api.w.org\/{rel}","templated":true}]}}