{"id":3134,"date":"2009-11-26T17:41:37","date_gmt":"2009-11-26T17:41:37","guid":{"rendered":"https:\/\/neos-music.com\/?post_type=product&#038;p=3134"},"modified":"2022-11-19T17:42:47","modified_gmt":"2022-11-19T17:42:47","slug":"matthias-arter-solo-pieces-1993-2007","status":"publish","type":"product","link":"https:\/\/neos-music.com\/en_us\/product\/matthias-arter-solo-pieces-1993-2007\/","title":{"rendered":"Matthias Arter: Solo Pieces 1993-2007"},"content":{"rendered":"<p>Infotext:<\/p>\n<p>Vitale, quirlige Musik von einem hervorragenden Solisten, der die Tricks und Finessen des eigenen und vieler anderer Instrumente aufs genaueste studiert, immer neue Entdeckungen macht und auf dieser Basis pointierte, witzige Szenen entwirft. Matthias Arter, Sch\u00fcler von\u00a0<a class=\"arcoma_glossarylink\" href=\"https:\/\/neos-music.com\/output.php?content=Kuenstler\/Heinz_Holliger.php&amp;treplace=english%2Cgerman\" target=\"_self\" rel=\"noopener\">Heinz Holliger<\/a>, ist Komponist, Oboist, Dirigent, kreativer Projektentwickler und Veranstalter.<\/p>\n<p>Seine St\u00fccke sind spielerisch, konkret, assoziativ: Von sich balgenden Zwillingen erz\u00e4hlt er mit dem Akkordeon (Vladimir Blagojevi\u00e6), Luftstr\u00f6me und Resonanzen testet er mit einem Set von Querfl\u00f6ten (Boris Previ\u0161i\u00e6) und in den unterschiedlichen Registern des Klaviers (Kristine Sutidze). Hornist (Olivier Darbellay) und Blockfl\u00f6tistin (C\u00e9line Herrero) d\u00fcrfen gegen ihr eigenes Spiel ansummen. Widerspr\u00fcchliche Sprache, widerspenstiger Gesang verwirren Violine (Patricia Kopatchinskaja), Violoncello (Tobias Moster) \u2013 und ein Gedicht von Cec\u00edlia Meireles: \u201eM\u00fasica\u201c wird mit Sopranstimme (Sylvia Nopper) gelesen, zerrissen und raschelnd wieder zusammengef\u00fcgt\u2026<\/p>\n<p>Programm:<\/p>\n<div id=\"tracks\">\n<p><b>Matthias Arter<\/b>\u00a0(*1964)<\/p>\n<p>[01]\u00a0<b>Solo 2007 \u201cDialog\u201d<\/b>\u00a0for accordion (2007) 09:28<br \/>\n<span id=\"flash1\"><\/span><br \/>\n[02]\u00a0<b>Solo 2002<\/b>\u00a0for violin (2002) 02:54<br \/>\n<span id=\"flash2\"><\/span><br \/>\n[03]\u00a0<b>voice<\/b>\u00a0for horn (1995) 05:14<br \/>\n<span id=\"flash3\"><\/span><br \/>\n[04]\u00a0<b>Solo 1993<\/b>\u00a0for recorder (1993, rev. 2009) 07:55<br \/>\n<span id=\"flash4\"><\/span><\/p>\n<p><b>Cadenza for violoncello<\/b>\u00a0(2005) 20:11<br \/>\n[05] Abstieg 03:43<br \/>\n[06] Aura 1 13:12<br \/>\n<span id=\"flash5\"><\/span><br \/>\n[07] Aufstieg 03:16<\/p>\n<p><b>3 Klavierst\u00fccke<\/b>\u00a0(1999) 11:07<br \/>\n[08] I 02:44<br \/>\n<span id=\"flash6\"><\/span><br \/>\n[09] II 06:07<br \/>\n[10] III 02:16<br \/>\n[11]\u00a0<b>Cantando<\/b>\u00a0for violin (2006) 02:23<br \/>\n<span id=\"flash7\"><\/span><br \/>\n[12]\u00a0<b>M\u00fasica<\/b>\u00a0for voice (2000) 06:39<br \/>\n<span id=\"flash8\"><\/span><br \/>\n[13]\u00a0<b>Solo 2001<\/b>\u00a0for flute (2001) 05:16<br \/>\n<span id=\"flash9\"><\/span><\/p>\n<p><b>Solo 2006 \u201ccantando \u2013 recitando\u201d<\/b>\u00a007:46<br \/>\nfor violoncello (2006)<br \/>\n[14] \u201ccantando \u2013 recitando\u201d 03:01<br \/>\n<span id=\"flash10\"><\/span><br \/>\n[15] \u201crecitando\u201d 00:49<br \/>\n[16] \u201crecitando \u2013 cantando\u201d 03:56<\/p>\n<p><b>total time 79:01<\/b><\/p>\n<p><b><br \/>\n<\/b><img data-recalc-dims=\"1\" decoding=\"async\" src=\"https:\/\/i0.wp.com\/neos-music.com\/images\/artists-100\/Vladimir2.jpg?ssl=1\" \/>\u00a0\u00a0\u00a0\u00a0\u00a0\u00a0\u00a0\u00a0 \u00a0\u00a0\u00a0\u00a0\u00a0\u00a0<img data-recalc-dims=\"1\" decoding=\"async\" src=\"https:\/\/i0.wp.com\/neos-music.com\/images\/artists-100\/Patricia-Andreas1.jpg?ssl=1\" \/>\u00a0\u00a0\u00a0\u00a0\u00a0\u00a0\u00a0\u00a0\u00a0\u00a0 \u00a0\u00a0\u00a0\u00a0<img data-recalc-dims=\"1\" decoding=\"async\" src=\"https:\/\/i0.wp.com\/neos-music.com\/images\/artists-100\/Oli3.jpg?ssl=1\" \/>\u00a0\u00a0\u00a0\u00a0\u00a0\u00a0\u00a0\u00a0\u00a0\u00a0 \u00a0\u00a0\u00a0\u00a0<img data-recalc-dims=\"1\" decoding=\"async\" src=\"https:\/\/i0.wp.com\/neos-music.com\/images\/artists-100\/Celine1.jpg?ssl=1\" \/><br \/>\nVladimir Blagojevic\u00a0\u00a0\u00a0\u00a0\u00a0\u00a0\u00a0\u00a0\u00a0\u00a0\u00a0\u00a0Patricia Kopatchinskaja\u00a0\u00a0 \u00a0\u00a0\u00a0Olivier Darbellay\u00a0\u00a0\u00a0\u00a0\u00a0\u00a0\u00a0\u00a0\u00a0\u00a0\u00a0\u00a0 \u00a0\u00a0\u00a0 C\u00e9line Herrero<br \/>\naccordion\u00a0\u00a0\u00a0\u00a0\u00a0\u00a0\u00a0\u00a0\u00a0\u00a0\u00a0\u00a0\u00a0\u00a0\u00a0\u00a0\u00a0\u00a0\u00a0\u00a0\u00a0\u00a0\u00a0\u00a0\u00a0 violin\u00a0\u00a0\u00a0\u00a0\u00a0\u00a0\u00a0\u00a0\u00a0\u00a0\u00a0\u00a0\u00a0\u00a0\u00a0\u00a0\u00a0\u00a0\u00a0\u00a0\u00a0\u00a0\u00a0\u00a0\u00a0\u00a0\u00a0\u00a0\u00a0\u00a0\u00a0\u00a0 horn\u00a0\u00a0\u00a0\u00a0\u00a0\u00a0\u00a0\u00a0\u00a0\u00a0\u00a0\u00a0\u00a0\u00a0\u00a0\u00a0\u00a0\u00a0\u00a0\u00a0\u00a0\u00a0\u00a0\u00a0\u00a0\u00a0\u00a0\u00a0\u00a0\u00a0\u00a0\u00a0\u00a0 recorder<\/p>\n<p><img data-recalc-dims=\"1\" decoding=\"async\" src=\"https:\/\/i0.wp.com\/neos-music.com\/images\/artists-100\/Tobias.jpg?ssl=1\" \/>\u00a0\u00a0\u00a0\u00a0\u00a0\u00a0\u00a0\u00a0\u00a0\u00a0\u00a0\u00a0\u00a0\u00a0\u00a0<img data-recalc-dims=\"1\" decoding=\"async\" src=\"https:\/\/i0.wp.com\/neos-music.com\/images\/artists-100\/Kristo3.jpg?ssl=1\" \/>\u00a0\u00a0\u00a0\u00a0\u00a0\u00a0\u00a0\u00a0\u00a0\u00a0\u00a0\u00a0\u00a0\u00a0\u00a0<img data-recalc-dims=\"1\" decoding=\"async\" src=\"https:\/\/i0.wp.com\/neos-music.com\/images\/artists-100\/Sylvia2.jpg?ssl=1\" \/>\u00a0\u00a0\u00a0\u00a0\u00a0\u00a0\u00a0\u00a0\u00a0\u00a0\u00a0\u00a0\u00a0\u00a0\u00a0<img data-recalc-dims=\"1\" decoding=\"async\" src=\"https:\/\/i0.wp.com\/neos-music.com\/images\/artists-100\/Boris1.jpg?ssl=1\" \/><br \/>\nTobias Moster\u00a0\u00a0\u00a0\u00a0\u00a0\u00a0\u00a0\u00a0\u00a0\u00a0\u00a0\u00a0\u00a0\u00a0\u00a0\u00a0\u00a0\u00a0\u00a0Kristine Sutidze\u00a0\u00a0\u00a0\u00a0\u00a0\u00a0\u00a0\u00a0\u00a0\u00a0\u00a0\u00a0\u00a0\u00a0\u00a0\u00a0\u00a0Sylvia Nopper\u00a0\u00a0\u00a0\u00a0\u00a0\u00a0\u00a0\u00a0\u00a0\u00a0\u00a0\u00a0\u00a0\u00a0\u00a0\u00a0\u00a0\u00a0\u00a0\u00a0 Boris Previ\u0161ic<br \/>\nvioloncello\u00a0\u00a0\u00a0\u00a0\u00a0\u00a0\u00a0\u00a0\u00a0\u00a0\u00a0\u00a0\u00a0\u00a0\u00a0\u00a0\u00a0\u00a0\u00a0\u00a0\u00a0\u00a0\u00a0\u00a0 piano\u00a0\u00a0\u00a0\u00a0\u00a0\u00a0\u00a0\u00a0\u00a0\u00a0\u00a0\u00a0\u00a0\u00a0\u00a0\u00a0\u00a0\u00a0\u00a0\u00a0\u00a0\u00a0\u00a0\u00a0\u00a0\u00a0\u00a0\u00a0\u00a0\u00a0\u00a0 soprano\u00a0\u00a0\u00a0\u00a0\u00a0\u00a0\u00a0\u00a0\u00a0\u00a0\u00a0\u00a0\u00a0\u00a0\u00a0\u00a0\u00a0\u00a0\u00a0\u00a0\u00a0\u00a0\u00a0\u00a0\u00a0\u00a0\u00a0\u00a0\u00a0flute<\/p>\n<\/div>\n<p>&nbsp;<\/p>\n","protected":false},"excerpt":{"rendered":"<p>Infotext: Vitale, quirlige Musik von einem hervorragenden Solisten, der die Tricks und Finessen des eigenen und vieler anderer Instrumente aufs genaueste studiert, immer neue Entdeckungen macht und auf dieser Basis pointierte, witzige Szenen entwirft. Matthias Arter, Sch\u00fcler von\u00a0Heinz Holliger, ist Komponist, Oboist, Dirigent, kreativer Projektentwickler und Veranstalter. Seine St\u00fccke sind spielerisch, konkret, assoziativ: Von sich [&hellip;]<\/p>\n","protected":false},"featured_media":3135,"template":"","meta":{"site-sidebar-layout":"default","site-content-layout":"default","ast-site-content-layout":"default","site-content-style":"default","site-sidebar-style":"default","ast-global-header-display":"","ast-banner-title-visibility":"","ast-main-header-display":"","ast-hfb-above-header-display":"","ast-hfb-below-header-display":"","ast-hfb-mobile-header-display":"","site-post-title":"","ast-breadcrumbs-content":"","ast-featured-img":"","footer-sml-layout":"","theme-transparent-header-meta":"default","adv-header-id-meta":"","stick-header-meta":"","header-above-stick-meta":"","header-main-stick-meta":"","header-below-stick-meta":"","astra-migrate-meta-layouts":"default","ast-page-background-enabled":"default","ast-page-background-meta":{"desktop":{"background-color":"","background-image":"","background-repeat":"repeat","background-position":"center center","background-size":"auto","background-attachment":"scroll","background-type":"","background-media":"","overlay-type":"","overlay-color":"","overlay-opacity":"","overlay-gradient":""},"tablet":{"background-color":"","background-image":"","background-repeat":"repeat","background-position":"center center","background-size":"auto","background-attachment":"scroll","background-type":"","background-media":"","overlay-type":"","overlay-color":"","overlay-opacity":"","overlay-gradient":""},"mobile":{"background-color":"","background-image":"","background-repeat":"repeat","background-position":"center center","background-size":"auto","background-attachment":"scroll","background-type":"","background-media":"","overlay-type":"","overlay-color":"","overlay-opacity":"","overlay-gradient":""}},"ast-content-background-meta":{"desktop":{"background-color":"var(--ast-global-color-5)","background-image":"","background-repeat":"repeat","background-position":"center center","background-size":"auto","background-attachment":"scroll","background-type":"","background-media":"","overlay-type":"","overlay-color":"","overlay-opacity":"","overlay-gradient":""},"tablet":{"background-color":"var(--ast-global-color-5)","background-image":"","background-repeat":"repeat","background-position":"center center","background-size":"auto","background-attachment":"scroll","background-type":"","background-media":"","overlay-type":"","overlay-color":"","overlay-opacity":"","overlay-gradient":""},"mobile":{"background-color":"var(--ast-global-color-5)","background-image":"","background-repeat":"repeat","background-position":"center center","background-size":"auto","background-attachment":"scroll","background-type":"","background-media":"","overlay-type":"","overlay-color":"","overlay-opacity":"","overlay-gradient":""}}},"product_brand":[],"product_cat":[26],"product_tag":[],"class_list":{"0":"post-3134","1":"product","2":"type-product","3":"status-publish","4":"has-post-thumbnail","6":"product_cat-zeitgenossische-musik","7":"pa_artikelnummer-neos-10940","8":"pa_brand-neos-music","9":"pa_ean-679","10":"desktop-align-left","11":"tablet-align-left","12":"mobile-align-left","14":"first","15":"instock","16":"taxable","17":"shipping-taxable","18":"purchasable","19":"product-type-simple"},"yoast_head":"<!-- This site is optimized with the Yoast SEO plugin v27.4 - https:\/\/yoast.com\/product\/yoast-seo-wordpress\/ -->\n<title>Matthias Arter: Solo Pieces 1993-2007 - NEOS Music<\/title>\n<meta name=\"robots\" content=\"index, follow, max-snippet:-1, max-image-preview:large, max-video-preview:-1\" \/>\n<link rel=\"canonical\" href=\"https:\/\/neos-music.com\/en_us\/product\/matthias-arter-solo-pieces-1993-2007\/\" \/>\n<meta property=\"og:locale\" content=\"en_US\" \/>\n<meta property=\"og:type\" content=\"article\" \/>\n<meta property=\"og:title\" content=\"Matthias Arter: Solo Pieces 1993-2007 - NEOS Music\" \/>\n<meta property=\"og:description\" content=\"Infotext: Vitale, quirlige Musik von einem hervorragenden Solisten, der die Tricks und Finessen des eigenen und vieler anderer Instrumente aufs genaueste studiert, immer neue Entdeckungen macht und auf dieser Basis pointierte, witzige Szenen entwirft. Matthias Arter, Sch\u00fcler von\u00a0Heinz Holliger, ist Komponist, Oboist, Dirigent, kreativer Projektentwickler und Veranstalter. Seine St\u00fccke sind spielerisch, konkret, assoziativ: Von sich [&hellip;]\" \/>\n<meta property=\"og:url\" content=\"https:\/\/neos-music.com\/en_us\/product\/matthias-arter-solo-pieces-1993-2007\/\" \/>\n<meta property=\"og:site_name\" content=\"NEOS Music\" \/>\n<meta property=\"article:modified_time\" content=\"2022-11-19T17:42:47+00:00\" \/>\n<meta property=\"og:image\" content=\"https:\/\/neos-music.com\/wp-content\/uploads\/2022\/11\/NEOS_10940_Arter_Cover.jpeg\" \/>\n\t<meta property=\"og:image:width\" content=\"1648\" \/>\n\t<meta property=\"og:image:height\" content=\"1483\" \/>\n\t<meta property=\"og:image:type\" content=\"image\/jpeg\" \/>\n<meta name=\"twitter:card\" content=\"summary_large_image\" \/>\n<meta name=\"twitter:label1\" content=\"Est. reading time\" \/>\n\t<meta name=\"twitter:data1\" content=\"1 minute\" \/>\n<script type=\"application\/ld+json\" class=\"yoast-schema-graph\">{\"@context\":\"https:\\\/\\\/schema.org\",\"@graph\":[{\"@type\":\"WebPage\",\"@id\":\"https:\\\/\\\/neos-music.com\\\/product\\\/matthias-arter-solo-pieces-1993-2007\\\/\",\"url\":\"https:\\\/\\\/neos-music.com\\\/product\\\/matthias-arter-solo-pieces-1993-2007\\\/\",\"name\":\"Matthias Arter: Solo Pieces 1993-2007 - NEOS Music\",\"isPartOf\":{\"@id\":\"https:\\\/\\\/neos-music.com\\\/#website\"},\"primaryImageOfPage\":{\"@id\":\"https:\\\/\\\/neos-music.com\\\/product\\\/matthias-arter-solo-pieces-1993-2007\\\/#primaryimage\"},\"image\":{\"@id\":\"https:\\\/\\\/neos-music.com\\\/product\\\/matthias-arter-solo-pieces-1993-2007\\\/#primaryimage\"},\"thumbnailUrl\":\"https:\\\/\\\/i0.wp.com\\\/neos-music.com\\\/wp-content\\\/uploads\\\/2022\\\/11\\\/NEOS_10940_Arter_Cover.jpeg?fit=1648%2C1483&ssl=1\",\"datePublished\":\"2009-11-26T17:41:37+00:00\",\"dateModified\":\"2022-11-19T17:42:47+00:00\",\"breadcrumb\":{\"@id\":\"https:\\\/\\\/neos-music.com\\\/product\\\/matthias-arter-solo-pieces-1993-2007\\\/#breadcrumb\"},\"inLanguage\":\"en-US\",\"potentialAction\":[{\"@type\":\"ReadAction\",\"target\":[\"https:\\\/\\\/neos-music.com\\\/product\\\/matthias-arter-solo-pieces-1993-2007\\\/\"]}]},{\"@type\":\"ImageObject\",\"inLanguage\":\"en-US\",\"@id\":\"https:\\\/\\\/neos-music.com\\\/product\\\/matthias-arter-solo-pieces-1993-2007\\\/#primaryimage\",\"url\":\"https:\\\/\\\/i0.wp.com\\\/neos-music.com\\\/wp-content\\\/uploads\\\/2022\\\/11\\\/NEOS_10940_Arter_Cover.jpeg?fit=1648%2C1483&ssl=1\",\"contentUrl\":\"https:\\\/\\\/i0.wp.com\\\/neos-music.com\\\/wp-content\\\/uploads\\\/2022\\\/11\\\/NEOS_10940_Arter_Cover.jpeg?fit=1648%2C1483&ssl=1\",\"width\":1648,\"height\":1483},{\"@type\":\"BreadcrumbList\",\"@id\":\"https:\\\/\\\/neos-music.com\\\/product\\\/matthias-arter-solo-pieces-1993-2007\\\/#breadcrumb\",\"itemListElement\":[{\"@type\":\"ListItem\",\"position\":1,\"name\":\"Startseite\",\"item\":\"https:\\\/\\\/neos-music.com\\\/\"},{\"@type\":\"ListItem\",\"position\":2,\"name\":\"Produkte\",\"item\":\"https:\\\/\\\/neos-music.com\\\/shop__trashed\\\/\"},{\"@type\":\"ListItem\",\"position\":3,\"name\":\"Matthias Arter: Solo Pieces 1993-2007\"}]},{\"@type\":\"WebSite\",\"@id\":\"https:\\\/\\\/neos-music.com\\\/#website\",\"url\":\"https:\\\/\\\/neos-music.com\\\/\",\"name\":\"NEOS Music\",\"description\":\"Dein Online Shop f\u00fcr zeitgen\u00f6ssische Musik, Jazz und Classics!\",\"publisher\":{\"@id\":\"https:\\\/\\\/neos-music.com\\\/#organization\"},\"potentialAction\":[{\"@type\":\"SearchAction\",\"target\":{\"@type\":\"EntryPoint\",\"urlTemplate\":\"https:\\\/\\\/neos-music.com\\\/?s={search_term_string}\"},\"query-input\":{\"@type\":\"PropertyValueSpecification\",\"valueRequired\":true,\"valueName\":\"search_term_string\"}}],\"inLanguage\":\"en-US\"},{\"@type\":\"Organization\",\"@id\":\"https:\\\/\\\/neos-music.com\\\/#organization\",\"name\":\"NEOS Music\",\"url\":\"https:\\\/\\\/neos-music.com\\\/\",\"logo\":{\"@type\":\"ImageObject\",\"inLanguage\":\"en-US\",\"@id\":\"https:\\\/\\\/neos-music.com\\\/#\\\/schema\\\/logo\\\/image\\\/\",\"url\":\"https:\\\/\\\/i0.wp.com\\\/neos-music.com\\\/wp-content\\\/uploads\\\/2025\\\/08\\\/NEOS-Logo-weiss.png?fit=800%2C203&ssl=1\",\"contentUrl\":\"https:\\\/\\\/i0.wp.com\\\/neos-music.com\\\/wp-content\\\/uploads\\\/2025\\\/08\\\/NEOS-Logo-weiss.png?fit=800%2C203&ssl=1\",\"width\":800,\"height\":203,\"caption\":\"NEOS Music\"},\"image\":{\"@id\":\"https:\\\/\\\/neos-music.com\\\/#\\\/schema\\\/logo\\\/image\\\/\"}}]}<\/script>\n<!-- \/ Yoast SEO plugin. -->","yoast_head_json":{"title":"Matthias Arter: Solo Pieces 1993-2007 - NEOS Music","robots":{"index":"index","follow":"follow","max-snippet":"max-snippet:-1","max-image-preview":"max-image-preview:large","max-video-preview":"max-video-preview:-1"},"canonical":"https:\/\/neos-music.com\/en_us\/product\/matthias-arter-solo-pieces-1993-2007\/","og_locale":"en_US","og_type":"article","og_title":"Matthias Arter: Solo Pieces 1993-2007 - NEOS Music","og_description":"Infotext: Vitale, quirlige Musik von einem hervorragenden Solisten, der die Tricks und Finessen des eigenen und vieler anderer Instrumente aufs genaueste studiert, immer neue Entdeckungen macht und auf dieser Basis pointierte, witzige Szenen entwirft. Matthias Arter, Sch\u00fcler von\u00a0Heinz Holliger, ist Komponist, Oboist, Dirigent, kreativer Projektentwickler und Veranstalter. Seine St\u00fccke sind spielerisch, konkret, assoziativ: Von sich [&hellip;]","og_url":"https:\/\/neos-music.com\/en_us\/product\/matthias-arter-solo-pieces-1993-2007\/","og_site_name":"NEOS Music","article_modified_time":"2022-11-19T17:42:47+00:00","og_image":[{"width":1648,"height":1483,"url":"https:\/\/neos-music.com\/wp-content\/uploads\/2022\/11\/NEOS_10940_Arter_Cover.jpeg","type":"image\/jpeg"}],"twitter_card":"summary_large_image","twitter_misc":{"Est. reading time":"1 minute"},"schema":{"@context":"https:\/\/schema.org","@graph":[{"@type":"WebPage","@id":"https:\/\/neos-music.com\/product\/matthias-arter-solo-pieces-1993-2007\/","url":"https:\/\/neos-music.com\/product\/matthias-arter-solo-pieces-1993-2007\/","name":"Matthias Arter: Solo Pieces 1993-2007 - NEOS Music","isPartOf":{"@id":"https:\/\/neos-music.com\/#website"},"primaryImageOfPage":{"@id":"https:\/\/neos-music.com\/product\/matthias-arter-solo-pieces-1993-2007\/#primaryimage"},"image":{"@id":"https:\/\/neos-music.com\/product\/matthias-arter-solo-pieces-1993-2007\/#primaryimage"},"thumbnailUrl":"https:\/\/i0.wp.com\/neos-music.com\/wp-content\/uploads\/2022\/11\/NEOS_10940_Arter_Cover.jpeg?fit=1648%2C1483&ssl=1","datePublished":"2009-11-26T17:41:37+00:00","dateModified":"2022-11-19T17:42:47+00:00","breadcrumb":{"@id":"https:\/\/neos-music.com\/product\/matthias-arter-solo-pieces-1993-2007\/#breadcrumb"},"inLanguage":"en-US","potentialAction":[{"@type":"ReadAction","target":["https:\/\/neos-music.com\/product\/matthias-arter-solo-pieces-1993-2007\/"]}]},{"@type":"ImageObject","inLanguage":"en-US","@id":"https:\/\/neos-music.com\/product\/matthias-arter-solo-pieces-1993-2007\/#primaryimage","url":"https:\/\/i0.wp.com\/neos-music.com\/wp-content\/uploads\/2022\/11\/NEOS_10940_Arter_Cover.jpeg?fit=1648%2C1483&ssl=1","contentUrl":"https:\/\/i0.wp.com\/neos-music.com\/wp-content\/uploads\/2022\/11\/NEOS_10940_Arter_Cover.jpeg?fit=1648%2C1483&ssl=1","width":1648,"height":1483},{"@type":"BreadcrumbList","@id":"https:\/\/neos-music.com\/product\/matthias-arter-solo-pieces-1993-2007\/#breadcrumb","itemListElement":[{"@type":"ListItem","position":1,"name":"Startseite","item":"https:\/\/neos-music.com\/"},{"@type":"ListItem","position":2,"name":"Produkte","item":"https:\/\/neos-music.com\/shop__trashed\/"},{"@type":"ListItem","position":3,"name":"Matthias Arter: Solo Pieces 1993-2007"}]},{"@type":"WebSite","@id":"https:\/\/neos-music.com\/#website","url":"https:\/\/neos-music.com\/","name":"NEOS Music","description":"Dein Online Shop f\u00fcr zeitgen\u00f6ssische Musik, Jazz und Classics!","publisher":{"@id":"https:\/\/neos-music.com\/#organization"},"potentialAction":[{"@type":"SearchAction","target":{"@type":"EntryPoint","urlTemplate":"https:\/\/neos-music.com\/?s={search_term_string}"},"query-input":{"@type":"PropertyValueSpecification","valueRequired":true,"valueName":"search_term_string"}}],"inLanguage":"en-US"},{"@type":"Organization","@id":"https:\/\/neos-music.com\/#organization","name":"NEOS Music","url":"https:\/\/neos-music.com\/","logo":{"@type":"ImageObject","inLanguage":"en-US","@id":"https:\/\/neos-music.com\/#\/schema\/logo\/image\/","url":"https:\/\/i0.wp.com\/neos-music.com\/wp-content\/uploads\/2025\/08\/NEOS-Logo-weiss.png?fit=800%2C203&ssl=1","contentUrl":"https:\/\/i0.wp.com\/neos-music.com\/wp-content\/uploads\/2025\/08\/NEOS-Logo-weiss.png?fit=800%2C203&ssl=1","width":800,"height":203,"caption":"NEOS Music"},"image":{"@id":"https:\/\/neos-music.com\/#\/schema\/logo\/image\/"}}]}},"jetpack_sharing_enabled":true,"_links":{"self":[{"href":"https:\/\/neos-music.com\/en_us\/wp-json\/wp\/v2\/product\/3134","targetHints":{"allow":["GET"]}}],"collection":[{"href":"https:\/\/neos-music.com\/en_us\/wp-json\/wp\/v2\/product"}],"about":[{"href":"https:\/\/neos-music.com\/en_us\/wp-json\/wp\/v2\/types\/product"}],"version-history":[{"count":0,"href":"https:\/\/neos-music.com\/en_us\/wp-json\/wp\/v2\/product\/3134\/revisions"}],"wp:featuredmedia":[{"embeddable":true,"href":"https:\/\/neos-music.com\/en_us\/wp-json\/wp\/v2\/media\/3135"}],"wp:attachment":[{"href":"https:\/\/neos-music.com\/en_us\/wp-json\/wp\/v2\/media?parent=3134"}],"wp:term":[{"taxonomy":"product_brand","embeddable":true,"href":"https:\/\/neos-music.com\/en_us\/wp-json\/wp\/v2\/product_brand?post=3134"},{"taxonomy":"product_cat","embeddable":true,"href":"https:\/\/neos-music.com\/en_us\/wp-json\/wp\/v2\/product_cat?post=3134"},{"taxonomy":"product_tag","embeddable":true,"href":"https:\/\/neos-music.com\/en_us\/wp-json\/wp\/v2\/product_tag?post=3134"}],"curies":[{"name":"wp","href":"https:\/\/api.w.org\/{rel}","templated":true}]}}