{"id":3140,"date":"2009-11-20T17:46:21","date_gmt":"2009-11-20T17:46:21","guid":{"rendered":"https:\/\/neos-music.com\/?post_type=product&#038;p=3140"},"modified":"2023-01-13T23:21:32","modified_gmt":"2023-01-13T23:21:32","slug":"minas-borboudakis-photonic-constructions","status":"publish","type":"product","link":"https:\/\/neos-music.com\/en_us\/product\/minas-borboudakis-photonic-constructions\/","title":{"rendered":"Minas Borboudakis: Photonic constructions"},"content":{"rendered":"<p>Infotext:<\/p>\n<p>Mit antiker Mythologie und Philosophie besch\u00e4ftigt sich Borboudakis ebenso gerne wie mit moderner Naturwissenschaft und Technik. F\u00fcr\u00a0<a class=\"arcoma_glossarylink\" href=\"https:\/\/neos-music.com\/output.php?content=Kuenstler\/Sadlo_Peter.php&amp;treplace=english%2Cgerman\" target=\"_self\" rel=\"noopener\">Peter Sadlo<\/a>\u00a0schrieb er ein Schlagzeugkonzert \u00fcber \u201edas Uranf\u00e4ngliche\u201c (\u201eArch\u00e9gonon\u201c), f\u00fcr das ensemble spectral ein Streichquartett \u00fcber \u201edie Zahl Vier\u201c (\u201eTetrakt\u00fds\u201c) und ein Sextett \u00fcber \u201eLegierungen\u201c (\u201eKr\u00e1mata\u201c). In den \u201ePhotonic constructions\u201c r\u00e4soniert er mit\u00a0<a class=\"arcoma_glossarylink\" href=\"https:\/\/neos-music.com\/output.php?content=Kuenstler\/Ensemble_Modern.php&amp;treplace=english%2Cgerman\" target=\"_self\" rel=\"noopener\">Ensemble Modern<\/a>\u00a0\u00fcber den Welle-Teilchen-Dualismus des Lichts. Und das Heraklit\u2019sche Bild des immer ver\u00e4nderlichen Flusses veranlasst ihn zu einer langfristigen Versuchsreihe, deren neuestes Ergebnis die \u201eMeta-soundscapes\u201c, \u201eAndere oder Zwischen-Landschaften\u201c sind: ein Jubil\u00e4umsgru\u00df f\u00fcr das ars nova ensemble N\u00fcrnberg und seinen Gr\u00fcnder Werner Heider.<\/p>\n<p>Programm:<\/p>\n<p>[01]\u00a0<b>Photonic constructions I for ensemble<\/b>\u00a0(2006) 11:20<br \/>\n<span id=\"flash1\"><\/span><br \/>\n<b><a class=\"arcoma_glossarylink\" href=\"https:\/\/neos-music.com\/output.php?content=Kuenstler\/Ensemble_Modern.php&amp;treplace=english%2Cgerman\" target=\"_self\" rel=\"noopener\">Ensemble Modern<\/a>\u00a0<\/b><br \/>\n<b><a class=\"arcoma_glossarylink\" href=\"https:\/\/neos-music.com\/output.php?content=Kuenstler\/de_Roo_Kasper.php&amp;treplace=english%2Cgerman\" target=\"_self\" rel=\"noopener\">Kasper de Roo<\/a><\/b>, conductor<\/p>\n<p>[02]\u00a0<b>Meta-soundscapes<\/b>\u00a0<b>(ROAI IV)<\/b>\u00a0for ensemble (2008) 12:37<br \/>\n<span id=\"flash2\"><\/span><br \/>\n<b>ars nova ensemble n\u00fcrnberg<br \/>\n<\/b>Marion Ludwig, flute<br \/>\nG\u00fcnther Voit, clarinet<br \/>\nValerie Rubin, violin<br \/>\nReingard Kr\u00e4mer, viola<br \/>\nWerner Taube, violoncello<br \/>\nAndrea Schneider, percussion<br \/>\nPaul Sturm, piano<br \/>\n<b><a class=\"arcoma_glossarylink\" href=\"https:\/\/neos-music.com\/output.php?content=Kuenstler\/Werner_Heider.php&amp;treplace=english%2Cgerman\" target=\"_self\" rel=\"noopener\">Werner Heider<\/a><\/b>, conductor<\/p>\n<p>[03]\u00a0<b>Tetraktys for string quartet<\/b>\u00a0(2006) 12:26<br \/>\n<span id=\"flash3\"><\/span><br \/>\n<b>ensemble spectral<\/b>\u00a0(quartett)<br \/>\nRafal Zambrzycki-Payne, 1st violin \u00b7 Max Peter Meis, 2nd violin<br \/>\nKelvin Hawthorne, viola \u00b7 Bridget MacRae, violoncello<\/p>\n<p>[04]\u00a0<b>Kr\u00e1mata for ensemble<\/b>\u00a0(2001\/02) 07:24<br \/>\n<span id=\"flash4\"><\/span><br \/>\n<b>ensemble spectral<br \/>\n<\/b>Anne-Cath\u00e9rine Heinzmann, piccolo<br \/>\nStefan Schneider, bass clarinet<br \/>\nMax Peter Meis, violin<br \/>\nBridget MacRae, violoncello<br \/>\nPhilipp Jungk, percussion<br \/>\n<a class=\"arcoma_glossarylink\" href=\"https:\/\/neos-music.com\/output.php?content=Kuenstler\/Andreas_Skouras.php&amp;treplace=english%2Cgerman\" target=\"_self\" rel=\"noopener\">Andreas Skouras<\/a>, piano<br \/>\n<b><a class=\"arcoma_glossarylink\" href=\"https:\/\/neos-music.com\/output.php?content=Kuenstler\/Minas_Borboudakis.php&amp;treplace=english%2Cgerman\" target=\"_self\" rel=\"noopener\">Minas Borboudakis<\/a><\/b>, conductor<\/p>\n<p>[05]\u00a0<b>Arch\u00e9gonon for percussion and large orchestra<\/b>\u00a0(2002\/06) 22:28<br \/>\n<span id=\"flash5\"><\/span><br \/>\n<b><a class=\"arcoma_glossarylink\" href=\"https:\/\/neos-music.com\/output.php?content=Kuenstler\/Sadlo_Peter.php&amp;treplace=english%2Cgerman\" target=\"_self\" rel=\"noopener\">Peter Sadlo<\/a><\/b>, percussion<br \/>\n<b><a class=\"arcoma_glossarylink\" href=\"https:\/\/neos-music.com\/output.php?content=Kuenstler\/Orchestra_Sinfonica_Nazionale_della_Rai.php&amp;treplace=english%2Cgerman\" target=\"_self\" rel=\"noopener\">Orchestra Sinfonica Nazionale della Rai<\/a><br \/>\n<a class=\"arcoma_glossarylink\" href=\"https:\/\/neos-music.com\/output.php?content=Kuenstler\/Ceccherini_Tito.php&amp;treplace=english%2Cgerman\" target=\"_self\" rel=\"noopener\">Tito Ceccherini<\/a><\/b>, conductor<\/p>\n<p><b>total time 66:16<\/b><\/p>\n<p>Pressestimmen:<\/p>\n<p><img data-recalc-dims=\"1\" decoding=\"async\" src=\"https:\/\/i0.wp.com\/neos-music.com\/images\/news\/logo_sueddeutsche.jpg?ssl=1\" \/><\/p>\n<p><b>SZ Extra &#8211; Theater \/ Kabarett \/ Klassik<br \/>\n14.01.2010<\/b><\/p>\n<p><img data-recalc-dims=\"1\" decoding=\"async\" src=\"https:\/\/i0.wp.com\/neos-music.com\/images\/news\/10922_SZ_01_14_2010.jpg?ssl=1\" \/><\/p>\n<p><a title=\"ZIP-Archiv document, 15,2 MB\" href=\"https:\/\/neos-music.com\/downloads\/album-infos\/NEOS_10922.zip\" target=\"_blank\" rel=\"noopener\">Infopaket f\u00fcr Presse und Vertriebe\u00a0\u00bb<\/a><br \/>\n(ZIP-Archiv, 15,2 MB)<\/p>\n","protected":false},"excerpt":{"rendered":"<p>Infotext: Mit antiker Mythologie und Philosophie besch\u00e4ftigt sich Borboudakis ebenso gerne wie mit moderner Naturwissenschaft und Technik. F\u00fcr\u00a0Peter Sadlo\u00a0schrieb er ein Schlagzeugkonzert \u00fcber \u201edas Uranf\u00e4ngliche\u201c (\u201eArch\u00e9gonon\u201c), f\u00fcr das ensemble spectral ein Streichquartett \u00fcber \u201edie Zahl Vier\u201c (\u201eTetrakt\u00fds\u201c) und ein Sextett \u00fcber \u201eLegierungen\u201c (\u201eKr\u00e1mata\u201c). In den \u201ePhotonic constructions\u201c r\u00e4soniert er mit\u00a0Ensemble Modern\u00a0\u00fcber den Welle-Teilchen-Dualismus des Lichts. [&hellip;]<\/p>\n","protected":false},"featured_media":3141,"template":"","meta":{"site-sidebar-layout":"default","site-content-layout":"default","ast-site-content-layout":"default","site-content-style":"default","site-sidebar-style":"default","ast-global-header-display":"","ast-banner-title-visibility":"","ast-main-header-display":"","ast-hfb-above-header-display":"","ast-hfb-below-header-display":"","ast-hfb-mobile-header-display":"","site-post-title":"","ast-breadcrumbs-content":"","ast-featured-img":"","footer-sml-layout":"","theme-transparent-header-meta":"default","adv-header-id-meta":"","stick-header-meta":"","header-above-stick-meta":"","header-main-stick-meta":"","header-below-stick-meta":"","astra-migrate-meta-layouts":"default","ast-page-background-enabled":"default","ast-page-background-meta":{"desktop":{"background-color":"","background-image":"","background-repeat":"repeat","background-position":"center center","background-size":"auto","background-attachment":"scroll","background-type":"","background-media":"","overlay-type":"","overlay-color":"","overlay-opacity":"","overlay-gradient":""},"tablet":{"background-color":"","background-image":"","background-repeat":"repeat","background-position":"center center","background-size":"auto","background-attachment":"scroll","background-type":"","background-media":"","overlay-type":"","overlay-color":"","overlay-opacity":"","overlay-gradient":""},"mobile":{"background-color":"","background-image":"","background-repeat":"repeat","background-position":"center center","background-size":"auto","background-attachment":"scroll","background-type":"","background-media":"","overlay-type":"","overlay-color":"","overlay-opacity":"","overlay-gradient":""}},"ast-content-background-meta":{"desktop":{"background-color":"var(--ast-global-color-5)","background-image":"","background-repeat":"repeat","background-position":"center center","background-size":"auto","background-attachment":"scroll","background-type":"","background-media":"","overlay-type":"","overlay-color":"","overlay-opacity":"","overlay-gradient":""},"tablet":{"background-color":"var(--ast-global-color-5)","background-image":"","background-repeat":"repeat","background-position":"center center","background-size":"auto","background-attachment":"scroll","background-type":"","background-media":"","overlay-type":"","overlay-color":"","overlay-opacity":"","overlay-gradient":""},"mobile":{"background-color":"var(--ast-global-color-5)","background-image":"","background-repeat":"repeat","background-position":"center center","background-size":"auto","background-attachment":"scroll","background-type":"","background-media":"","overlay-type":"","overlay-color":"","overlay-opacity":"","overlay-gradient":""}}},"product_brand":[],"product_cat":[883,26],"product_tag":[],"class_list":{"0":"post-3140","1":"product","2":"type-product","3":"status-publish","4":"has-post-thumbnail","6":"product_cat-orchester","7":"product_cat-zeitgenossische-musik","8":"pa_artikelnummer-neos-10922","9":"pa_brand-neos-music","10":"pa_ean-685","11":"desktop-align-left","12":"tablet-align-left","13":"mobile-align-left","15":"first","16":"outofstock","17":"taxable","18":"shipping-taxable","19":"purchasable","20":"product-type-simple"},"yoast_head":"<!-- This site is optimized with the Yoast SEO plugin v27.3 - https:\/\/yoast.com\/product\/yoast-seo-wordpress\/ -->\n<title>Minas Borboudakis: Photonic constructions - NEOS Music<\/title>\n<meta name=\"robots\" content=\"index, follow, max-snippet:-1, max-image-preview:large, max-video-preview:-1\" \/>\n<link rel=\"canonical\" href=\"https:\/\/neos-music.com\/en_us\/product\/minas-borboudakis-photonic-constructions\/\" \/>\n<meta property=\"og:locale\" content=\"en_US\" \/>\n<meta property=\"og:type\" content=\"article\" \/>\n<meta property=\"og:title\" content=\"Minas Borboudakis: Photonic constructions - NEOS Music\" \/>\n<meta property=\"og:description\" content=\"Infotext: Mit antiker Mythologie und Philosophie besch\u00e4ftigt sich Borboudakis ebenso gerne wie mit moderner Naturwissenschaft und Technik. F\u00fcr\u00a0Peter Sadlo\u00a0schrieb er ein Schlagzeugkonzert \u00fcber \u201edas Uranf\u00e4ngliche\u201c (\u201eArch\u00e9gonon\u201c), f\u00fcr das ensemble spectral ein Streichquartett \u00fcber \u201edie Zahl Vier\u201c (\u201eTetrakt\u00fds\u201c) und ein Sextett \u00fcber \u201eLegierungen\u201c (\u201eKr\u00e1mata\u201c). In den \u201ePhotonic constructions\u201c r\u00e4soniert er mit\u00a0Ensemble Modern\u00a0\u00fcber den Welle-Teilchen-Dualismus des Lichts. [&hellip;]\" \/>\n<meta property=\"og:url\" content=\"https:\/\/neos-music.com\/en_us\/product\/minas-borboudakis-photonic-constructions\/\" \/>\n<meta property=\"og:site_name\" content=\"NEOS Music\" \/>\n<meta property=\"article:modified_time\" content=\"2023-01-13T23:21:32+00:00\" \/>\n<meta property=\"og:image\" content=\"https:\/\/neos-music.com\/wp-content\/uploads\/2022\/11\/NEOS_10922_Borboudakis.jpeg\" \/>\n\t<meta property=\"og:image:width\" content=\"1648\" \/>\n\t<meta property=\"og:image:height\" content=\"1483\" \/>\n\t<meta property=\"og:image:type\" content=\"image\/jpeg\" \/>\n<meta name=\"twitter:card\" content=\"summary_large_image\" \/>\n<meta name=\"twitter:label1\" content=\"Est. reading time\" \/>\n\t<meta name=\"twitter:data1\" content=\"1 minute\" \/>\n<script type=\"application\/ld+json\" class=\"yoast-schema-graph\">{\"@context\":\"https:\\\/\\\/schema.org\",\"@graph\":[{\"@type\":\"WebPage\",\"@id\":\"https:\\\/\\\/neos-music.com\\\/product\\\/minas-borboudakis-photonic-constructions\\\/\",\"url\":\"https:\\\/\\\/neos-music.com\\\/product\\\/minas-borboudakis-photonic-constructions\\\/\",\"name\":\"Minas Borboudakis: Photonic constructions - NEOS Music\",\"isPartOf\":{\"@id\":\"https:\\\/\\\/neos-music.com\\\/#website\"},\"primaryImageOfPage\":{\"@id\":\"https:\\\/\\\/neos-music.com\\\/product\\\/minas-borboudakis-photonic-constructions\\\/#primaryimage\"},\"image\":{\"@id\":\"https:\\\/\\\/neos-music.com\\\/product\\\/minas-borboudakis-photonic-constructions\\\/#primaryimage\"},\"thumbnailUrl\":\"https:\\\/\\\/i0.wp.com\\\/neos-music.com\\\/wp-content\\\/uploads\\\/2022\\\/11\\\/NEOS_10922_Borboudakis.jpeg?fit=1648%2C1483&ssl=1\",\"datePublished\":\"2009-11-20T17:46:21+00:00\",\"dateModified\":\"2023-01-13T23:21:32+00:00\",\"breadcrumb\":{\"@id\":\"https:\\\/\\\/neos-music.com\\\/product\\\/minas-borboudakis-photonic-constructions\\\/#breadcrumb\"},\"inLanguage\":\"en-US\",\"potentialAction\":[{\"@type\":\"ReadAction\",\"target\":[\"https:\\\/\\\/neos-music.com\\\/product\\\/minas-borboudakis-photonic-constructions\\\/\"]}]},{\"@type\":\"ImageObject\",\"inLanguage\":\"en-US\",\"@id\":\"https:\\\/\\\/neos-music.com\\\/product\\\/minas-borboudakis-photonic-constructions\\\/#primaryimage\",\"url\":\"https:\\\/\\\/i0.wp.com\\\/neos-music.com\\\/wp-content\\\/uploads\\\/2022\\\/11\\\/NEOS_10922_Borboudakis.jpeg?fit=1648%2C1483&ssl=1\",\"contentUrl\":\"https:\\\/\\\/i0.wp.com\\\/neos-music.com\\\/wp-content\\\/uploads\\\/2022\\\/11\\\/NEOS_10922_Borboudakis.jpeg?fit=1648%2C1483&ssl=1\",\"width\":1648,\"height\":1483},{\"@type\":\"BreadcrumbList\",\"@id\":\"https:\\\/\\\/neos-music.com\\\/product\\\/minas-borboudakis-photonic-constructions\\\/#breadcrumb\",\"itemListElement\":[{\"@type\":\"ListItem\",\"position\":1,\"name\":\"Startseite\",\"item\":\"https:\\\/\\\/neos-music.com\\\/\"},{\"@type\":\"ListItem\",\"position\":2,\"name\":\"Produkte\",\"item\":\"https:\\\/\\\/neos-music.com\\\/shop__trashed\\\/\"},{\"@type\":\"ListItem\",\"position\":3,\"name\":\"Minas Borboudakis: Photonic constructions\"}]},{\"@type\":\"WebSite\",\"@id\":\"https:\\\/\\\/neos-music.com\\\/#website\",\"url\":\"https:\\\/\\\/neos-music.com\\\/\",\"name\":\"NEOS Music\",\"description\":\"Dein Online Shop f\u00fcr zeitgen\u00f6ssische Musik, Jazz und Classics!\",\"publisher\":{\"@id\":\"https:\\\/\\\/neos-music.com\\\/#organization\"},\"potentialAction\":[{\"@type\":\"SearchAction\",\"target\":{\"@type\":\"EntryPoint\",\"urlTemplate\":\"https:\\\/\\\/neos-music.com\\\/?s={search_term_string}\"},\"query-input\":{\"@type\":\"PropertyValueSpecification\",\"valueRequired\":true,\"valueName\":\"search_term_string\"}}],\"inLanguage\":\"en-US\"},{\"@type\":\"Organization\",\"@id\":\"https:\\\/\\\/neos-music.com\\\/#organization\",\"name\":\"NEOS Music\",\"url\":\"https:\\\/\\\/neos-music.com\\\/\",\"logo\":{\"@type\":\"ImageObject\",\"inLanguage\":\"en-US\",\"@id\":\"https:\\\/\\\/neos-music.com\\\/#\\\/schema\\\/logo\\\/image\\\/\",\"url\":\"https:\\\/\\\/i0.wp.com\\\/neos-music.com\\\/wp-content\\\/uploads\\\/2025\\\/08\\\/NEOS-Logo-weiss.png?fit=800%2C203&ssl=1\",\"contentUrl\":\"https:\\\/\\\/i0.wp.com\\\/neos-music.com\\\/wp-content\\\/uploads\\\/2025\\\/08\\\/NEOS-Logo-weiss.png?fit=800%2C203&ssl=1\",\"width\":800,\"height\":203,\"caption\":\"NEOS Music\"},\"image\":{\"@id\":\"https:\\\/\\\/neos-music.com\\\/#\\\/schema\\\/logo\\\/image\\\/\"}}]}<\/script>\n<!-- \/ Yoast SEO plugin. -->","yoast_head_json":{"title":"Minas Borboudakis: Photonic constructions - NEOS Music","robots":{"index":"index","follow":"follow","max-snippet":"max-snippet:-1","max-image-preview":"max-image-preview:large","max-video-preview":"max-video-preview:-1"},"canonical":"https:\/\/neos-music.com\/en_us\/product\/minas-borboudakis-photonic-constructions\/","og_locale":"en_US","og_type":"article","og_title":"Minas Borboudakis: Photonic constructions - NEOS Music","og_description":"Infotext: Mit antiker Mythologie und Philosophie besch\u00e4ftigt sich Borboudakis ebenso gerne wie mit moderner Naturwissenschaft und Technik. F\u00fcr\u00a0Peter Sadlo\u00a0schrieb er ein Schlagzeugkonzert \u00fcber \u201edas Uranf\u00e4ngliche\u201c (\u201eArch\u00e9gonon\u201c), f\u00fcr das ensemble spectral ein Streichquartett \u00fcber \u201edie Zahl Vier\u201c (\u201eTetrakt\u00fds\u201c) und ein Sextett \u00fcber \u201eLegierungen\u201c (\u201eKr\u00e1mata\u201c). In den \u201ePhotonic constructions\u201c r\u00e4soniert er mit\u00a0Ensemble Modern\u00a0\u00fcber den Welle-Teilchen-Dualismus des Lichts. [&hellip;]","og_url":"https:\/\/neos-music.com\/en_us\/product\/minas-borboudakis-photonic-constructions\/","og_site_name":"NEOS Music","article_modified_time":"2023-01-13T23:21:32+00:00","og_image":[{"width":1648,"height":1483,"url":"https:\/\/neos-music.com\/wp-content\/uploads\/2022\/11\/NEOS_10922_Borboudakis.jpeg","type":"image\/jpeg"}],"twitter_card":"summary_large_image","twitter_misc":{"Est. reading time":"1 minute"},"schema":{"@context":"https:\/\/schema.org","@graph":[{"@type":"WebPage","@id":"https:\/\/neos-music.com\/product\/minas-borboudakis-photonic-constructions\/","url":"https:\/\/neos-music.com\/product\/minas-borboudakis-photonic-constructions\/","name":"Minas Borboudakis: Photonic constructions - NEOS Music","isPartOf":{"@id":"https:\/\/neos-music.com\/#website"},"primaryImageOfPage":{"@id":"https:\/\/neos-music.com\/product\/minas-borboudakis-photonic-constructions\/#primaryimage"},"image":{"@id":"https:\/\/neos-music.com\/product\/minas-borboudakis-photonic-constructions\/#primaryimage"},"thumbnailUrl":"https:\/\/i0.wp.com\/neos-music.com\/wp-content\/uploads\/2022\/11\/NEOS_10922_Borboudakis.jpeg?fit=1648%2C1483&ssl=1","datePublished":"2009-11-20T17:46:21+00:00","dateModified":"2023-01-13T23:21:32+00:00","breadcrumb":{"@id":"https:\/\/neos-music.com\/product\/minas-borboudakis-photonic-constructions\/#breadcrumb"},"inLanguage":"en-US","potentialAction":[{"@type":"ReadAction","target":["https:\/\/neos-music.com\/product\/minas-borboudakis-photonic-constructions\/"]}]},{"@type":"ImageObject","inLanguage":"en-US","@id":"https:\/\/neos-music.com\/product\/minas-borboudakis-photonic-constructions\/#primaryimage","url":"https:\/\/i0.wp.com\/neos-music.com\/wp-content\/uploads\/2022\/11\/NEOS_10922_Borboudakis.jpeg?fit=1648%2C1483&ssl=1","contentUrl":"https:\/\/i0.wp.com\/neos-music.com\/wp-content\/uploads\/2022\/11\/NEOS_10922_Borboudakis.jpeg?fit=1648%2C1483&ssl=1","width":1648,"height":1483},{"@type":"BreadcrumbList","@id":"https:\/\/neos-music.com\/product\/minas-borboudakis-photonic-constructions\/#breadcrumb","itemListElement":[{"@type":"ListItem","position":1,"name":"Startseite","item":"https:\/\/neos-music.com\/"},{"@type":"ListItem","position":2,"name":"Produkte","item":"https:\/\/neos-music.com\/shop__trashed\/"},{"@type":"ListItem","position":3,"name":"Minas Borboudakis: Photonic constructions"}]},{"@type":"WebSite","@id":"https:\/\/neos-music.com\/#website","url":"https:\/\/neos-music.com\/","name":"NEOS Music","description":"Dein Online Shop f\u00fcr zeitgen\u00f6ssische Musik, Jazz und Classics!","publisher":{"@id":"https:\/\/neos-music.com\/#organization"},"potentialAction":[{"@type":"SearchAction","target":{"@type":"EntryPoint","urlTemplate":"https:\/\/neos-music.com\/?s={search_term_string}"},"query-input":{"@type":"PropertyValueSpecification","valueRequired":true,"valueName":"search_term_string"}}],"inLanguage":"en-US"},{"@type":"Organization","@id":"https:\/\/neos-music.com\/#organization","name":"NEOS Music","url":"https:\/\/neos-music.com\/","logo":{"@type":"ImageObject","inLanguage":"en-US","@id":"https:\/\/neos-music.com\/#\/schema\/logo\/image\/","url":"https:\/\/i0.wp.com\/neos-music.com\/wp-content\/uploads\/2025\/08\/NEOS-Logo-weiss.png?fit=800%2C203&ssl=1","contentUrl":"https:\/\/i0.wp.com\/neos-music.com\/wp-content\/uploads\/2025\/08\/NEOS-Logo-weiss.png?fit=800%2C203&ssl=1","width":800,"height":203,"caption":"NEOS Music"},"image":{"@id":"https:\/\/neos-music.com\/#\/schema\/logo\/image\/"}}]}},"jetpack_sharing_enabled":true,"_links":{"self":[{"href":"https:\/\/neos-music.com\/en_us\/wp-json\/wp\/v2\/product\/3140","targetHints":{"allow":["GET"]}}],"collection":[{"href":"https:\/\/neos-music.com\/en_us\/wp-json\/wp\/v2\/product"}],"about":[{"href":"https:\/\/neos-music.com\/en_us\/wp-json\/wp\/v2\/types\/product"}],"version-history":[{"count":0,"href":"https:\/\/neos-music.com\/en_us\/wp-json\/wp\/v2\/product\/3140\/revisions"}],"wp:featuredmedia":[{"embeddable":true,"href":"https:\/\/neos-music.com\/en_us\/wp-json\/wp\/v2\/media\/3141"}],"wp:attachment":[{"href":"https:\/\/neos-music.com\/en_us\/wp-json\/wp\/v2\/media?parent=3140"}],"wp:term":[{"taxonomy":"product_brand","embeddable":true,"href":"https:\/\/neos-music.com\/en_us\/wp-json\/wp\/v2\/product_brand?post=3140"},{"taxonomy":"product_cat","embeddable":true,"href":"https:\/\/neos-music.com\/en_us\/wp-json\/wp\/v2\/product_cat?post=3140"},{"taxonomy":"product_tag","embeddable":true,"href":"https:\/\/neos-music.com\/en_us\/wp-json\/wp\/v2\/product_tag?post=3140"}],"curies":[{"name":"wp","href":"https:\/\/api.w.org\/{rel}","templated":true}]}}