{"id":3158,"date":"2009-07-13T21:08:39","date_gmt":"2009-07-13T21:08:39","guid":{"rendered":"https:\/\/neos-music.com\/?post_type=product&#038;p=3158"},"modified":"2023-01-09T17:23:08","modified_gmt":"2023-01-09T17:23:08","slug":"georges-aperghis-works-for-piano","status":"publish","type":"product","link":"https:\/\/neos-music.com\/en_us\/product\/georges-aperghis-works-for-piano\/","title":{"rendered":"Georges Aperghis: Works for piano"},"content":{"rendered":"<p>Infotext:<\/p>\n<p>Mit dem nackten, unverfremdeten Klavierklang hat Aperghis relativ sp\u00e4t zu arbeiten begonnen \u2013 umso konzentrierter sind die Ergebnisse. Nicholas Hodges zieht eine Summe der St\u00fccke seit 1997: Er betont die Klarheit, die scharfgezogenen Linien, die Leuchtkraft der Farben. Er verwandelt grazile Bewegung in Raserei und wieder zur\u00fcck. Er l\u00e4sst Rhythmen und Harmonien wild durcheinanderpurzeln, oder er l\u00e4sst sie langsam zerflie\u00dfen wie in der subtilen \u201ePi\u00e8ce pour jeunes pianistes\u201c. Als Bonus-Track pr\u00e4sentiert er ein Fr\u00fchwerk, \u201eSimata\u201c, neu verfremdet mit Ringmodulator: schwankend zwischen aggressivem Techno-Sound und einer in S\u00e4ure aufgel\u00f6sten Romantik.<\/p>\n<p>Programm:<\/p>\n<p><b>Works for Piano<\/b><\/p>\n<p>[01]<b>\u00a0\u00c0 Tombeau Ouvert<\/b>\u00a0(1997) Complete version 20:41<br \/>\n<span id=\"flash1\"><\/span><br \/>\n[02]\u00a0<b>Les Secrets \u00c9l\u00e9mentaires<\/b>\u00a0(1998) 16:39<br \/>\n<span id=\"flash2\"><\/span><br \/>\n[03]<b>\u00a0Printmusic<\/b>\u00a0(2001) 15:16<br \/>\n<span id=\"flash3\"><\/span><br \/>\n[04]\u00a0<b>Pi\u00e8ce pour jeunes pianistes<\/b>\u00a0(2004) 02:51<br \/>\n<span id=\"flash4\"><\/span><br \/>\n[05]\u00a0<b>Simata<\/b>\u00a0(1969)<b><\/b>\u00a0for prepared piano<b><\/b>\u00a020:46<br \/>\n<span id=\"flash5\"><\/span><\/p>\n<p>total time: 76:14<\/p>\n<p><b><a class=\"arcoma_glossarylink\" href=\"https:\/\/neos-music.com\/output.php?content=Kuenstler\/Nicolas_Hodges.php&amp;treplace=english%2Cgerman\" target=\"_self\" rel=\"noopener\">Nicolas Hodges<\/a><\/b>,<b><\/b>\u00a0piano<\/p>\n<p>Pressestimmen:<\/p>\n<p><img data-recalc-dims=\"1\" decoding=\"async\" src=\"https:\/\/i0.wp.com\/neos-music.com\/images\/news\/Diverdi-Logo013.jpg?ssl=1\" \/><br \/>\n06\/2010<\/p>\n<p><img data-recalc-dims=\"1\" decoding=\"async\" src=\"https:\/\/i0.wp.com\/neos-music.com\/images\/news\/10912_Diverdi_6_2010.jpg?ssl=1\" \/><\/p>\n<p><img data-recalc-dims=\"1\" decoding=\"async\" src=\"https:\/\/i0.wp.com\/neos-music.com\/images\/news\/logo_diapason.jpg?ssl=1\" \/><br \/>\n02\/2010<\/p>\n<p><img data-recalc-dims=\"1\" decoding=\"async\" src=\"https:\/\/i0.wp.com\/neos-music.com\/images\/news\/10912_diapason_02_2010.jpg?ssl=1\" \/><\/p>\n<p><img data-recalc-dims=\"1\" decoding=\"async\" src=\"https:\/\/i0.wp.com\/neos-music.com\/images\/news\/logo_his_voice.jpg?ssl=1\" \/><br \/>\n01\/2010<\/p>\n<p><img data-recalc-dims=\"1\" decoding=\"async\" src=\"https:\/\/i0.wp.com\/neos-music.com\/images\/news\/10912_His_Voice_01_10.jpg?ssl=1\" \/><\/p>\n<p><img data-recalc-dims=\"1\" decoding=\"async\" src=\"https:\/\/i0.wp.com\/neos-music.com\/images\/news\/logo_nzz-_2.jpg?ssl=1\" \/><br \/>\n25.09.2009<\/p>\n<p><img data-recalc-dims=\"1\" decoding=\"async\" src=\"https:\/\/i0.wp.com\/neos-music.com\/images\/news\/10912_NNZ_09_09.jpg?ssl=1\" \/><\/p>\n<p><a title=\"ZIP-Archiv document, 3,4 MB\" href=\"https:\/\/neos-music.com\/downloads\/album-infos\/NEOS_10912.zip\" target=\"_blank\" rel=\"noopener\">Infopaket f\u00fcr Presse und Vertriebe\u00a0\u00bb<\/a><br \/>\n(ZIP-Archiv, 3,4 MB)<\/p>\n","protected":false},"excerpt":{"rendered":"<p>Infotext: Mit dem nackten, unverfremdeten Klavierklang hat Aperghis relativ sp\u00e4t zu arbeiten begonnen \u2013 umso konzentrierter sind die Ergebnisse. Nicholas Hodges zieht eine Summe der St\u00fccke seit 1997: Er betont die Klarheit, die scharfgezogenen Linien, die Leuchtkraft der Farben. Er verwandelt grazile Bewegung in Raserei und wieder zur\u00fcck. Er l\u00e4sst Rhythmen und Harmonien wild durcheinanderpurzeln, [&hellip;]<\/p>\n","protected":false},"featured_media":3159,"template":"","meta":{"site-sidebar-layout":"default","site-content-layout":"default","ast-site-content-layout":"default","site-content-style":"default","site-sidebar-style":"default","ast-global-header-display":"","ast-banner-title-visibility":"","ast-main-header-display":"","ast-hfb-above-header-display":"","ast-hfb-below-header-display":"","ast-hfb-mobile-header-display":"","site-post-title":"","ast-breadcrumbs-content":"","ast-featured-img":"","footer-sml-layout":"","theme-transparent-header-meta":"default","adv-header-id-meta":"","stick-header-meta":"","header-above-stick-meta":"","header-main-stick-meta":"","header-below-stick-meta":"","astra-migrate-meta-layouts":"default","ast-page-background-enabled":"default","ast-page-background-meta":{"desktop":{"background-color":"","background-image":"","background-repeat":"repeat","background-position":"center center","background-size":"auto","background-attachment":"scroll","background-type":"","background-media":"","overlay-type":"","overlay-color":"","overlay-opacity":"","overlay-gradient":""},"tablet":{"background-color":"","background-image":"","background-repeat":"repeat","background-position":"center center","background-size":"auto","background-attachment":"scroll","background-type":"","background-media":"","overlay-type":"","overlay-color":"","overlay-opacity":"","overlay-gradient":""},"mobile":{"background-color":"","background-image":"","background-repeat":"repeat","background-position":"center center","background-size":"auto","background-attachment":"scroll","background-type":"","background-media":"","overlay-type":"","overlay-color":"","overlay-opacity":"","overlay-gradient":""}},"ast-content-background-meta":{"desktop":{"background-color":"var(--ast-global-color-5)","background-image":"","background-repeat":"repeat","background-position":"center center","background-size":"auto","background-attachment":"scroll","background-type":"","background-media":"","overlay-type":"","overlay-color":"","overlay-opacity":"","overlay-gradient":""},"tablet":{"background-color":"var(--ast-global-color-5)","background-image":"","background-repeat":"repeat","background-position":"center center","background-size":"auto","background-attachment":"scroll","background-type":"","background-media":"","overlay-type":"","overlay-color":"","overlay-opacity":"","overlay-gradient":""},"mobile":{"background-color":"var(--ast-global-color-5)","background-image":"","background-repeat":"repeat","background-position":"center center","background-size":"auto","background-attachment":"scroll","background-type":"","background-media":"","overlay-type":"","overlay-color":"","overlay-opacity":"","overlay-gradient":""}}},"product_brand":[],"product_cat":[882,26],"product_tag":[],"class_list":{"0":"post-3158","1":"product","2":"type-product","3":"status-publish","4":"has-post-thumbnail","6":"product_cat-klavier","7":"product_cat-zeitgenossische-musik","8":"pa_artikelnummer-neos-10912","9":"pa_ean-701","10":"desktop-align-left","11":"tablet-align-left","12":"mobile-align-left","14":"first","15":"instock","16":"taxable","17":"shipping-taxable","18":"purchasable","19":"product-type-simple"},"yoast_head":"<!-- This site is optimized with the Yoast SEO plugin v27.3 - https:\/\/yoast.com\/product\/yoast-seo-wordpress\/ -->\n<title>Georges Aperghis: Works for piano - NEOS Music<\/title>\n<meta name=\"robots\" content=\"index, follow, max-snippet:-1, max-image-preview:large, max-video-preview:-1\" \/>\n<link rel=\"canonical\" href=\"https:\/\/neos-music.com\/en_us\/product\/georges-aperghis-works-for-piano\/\" \/>\n<meta property=\"og:locale\" content=\"en_US\" \/>\n<meta property=\"og:type\" content=\"article\" \/>\n<meta property=\"og:title\" content=\"Georges Aperghis: Works for piano - NEOS Music\" \/>\n<meta property=\"og:description\" content=\"Infotext: Mit dem nackten, unverfremdeten Klavierklang hat Aperghis relativ sp\u00e4t zu arbeiten begonnen \u2013 umso konzentrierter sind die Ergebnisse. Nicholas Hodges zieht eine Summe der St\u00fccke seit 1997: Er betont die Klarheit, die scharfgezogenen Linien, die Leuchtkraft der Farben. Er verwandelt grazile Bewegung in Raserei und wieder zur\u00fcck. Er l\u00e4sst Rhythmen und Harmonien wild durcheinanderpurzeln, [&hellip;]\" \/>\n<meta property=\"og:url\" content=\"https:\/\/neos-music.com\/en_us\/product\/georges-aperghis-works-for-piano\/\" \/>\n<meta property=\"og:site_name\" content=\"NEOS Music\" \/>\n<meta property=\"article:modified_time\" content=\"2023-01-09T17:23:08+00:00\" \/>\n<meta property=\"og:image\" content=\"https:\/\/neos-music.com\/wp-content\/uploads\/2022\/11\/NEOS_10912_Aperghis.jpeg\" \/>\n\t<meta property=\"og:image:width\" content=\"1648\" \/>\n\t<meta property=\"og:image:height\" content=\"1482\" \/>\n\t<meta property=\"og:image:type\" content=\"image\/jpeg\" \/>\n<meta name=\"twitter:card\" content=\"summary_large_image\" \/>\n<meta name=\"twitter:label1\" content=\"Est. reading time\" \/>\n\t<meta name=\"twitter:data1\" content=\"1 minute\" \/>\n<script type=\"application\/ld+json\" class=\"yoast-schema-graph\">{\"@context\":\"https:\\\/\\\/schema.org\",\"@graph\":[{\"@type\":\"WebPage\",\"@id\":\"https:\\\/\\\/neos-music.com\\\/product\\\/georges-aperghis-works-for-piano\\\/\",\"url\":\"https:\\\/\\\/neos-music.com\\\/product\\\/georges-aperghis-works-for-piano\\\/\",\"name\":\"Georges Aperghis: Works for piano - NEOS Music\",\"isPartOf\":{\"@id\":\"https:\\\/\\\/neos-music.com\\\/#website\"},\"primaryImageOfPage\":{\"@id\":\"https:\\\/\\\/neos-music.com\\\/product\\\/georges-aperghis-works-for-piano\\\/#primaryimage\"},\"image\":{\"@id\":\"https:\\\/\\\/neos-music.com\\\/product\\\/georges-aperghis-works-for-piano\\\/#primaryimage\"},\"thumbnailUrl\":\"https:\\\/\\\/i0.wp.com\\\/neos-music.com\\\/wp-content\\\/uploads\\\/2022\\\/11\\\/NEOS_10912_Aperghis.jpeg?fit=1648%2C1482&ssl=1\",\"datePublished\":\"2009-07-13T21:08:39+00:00\",\"dateModified\":\"2023-01-09T17:23:08+00:00\",\"breadcrumb\":{\"@id\":\"https:\\\/\\\/neos-music.com\\\/product\\\/georges-aperghis-works-for-piano\\\/#breadcrumb\"},\"inLanguage\":\"en-US\",\"potentialAction\":[{\"@type\":\"ReadAction\",\"target\":[\"https:\\\/\\\/neos-music.com\\\/product\\\/georges-aperghis-works-for-piano\\\/\"]}]},{\"@type\":\"ImageObject\",\"inLanguage\":\"en-US\",\"@id\":\"https:\\\/\\\/neos-music.com\\\/product\\\/georges-aperghis-works-for-piano\\\/#primaryimage\",\"url\":\"https:\\\/\\\/i0.wp.com\\\/neos-music.com\\\/wp-content\\\/uploads\\\/2022\\\/11\\\/NEOS_10912_Aperghis.jpeg?fit=1648%2C1482&ssl=1\",\"contentUrl\":\"https:\\\/\\\/i0.wp.com\\\/neos-music.com\\\/wp-content\\\/uploads\\\/2022\\\/11\\\/NEOS_10912_Aperghis.jpeg?fit=1648%2C1482&ssl=1\",\"width\":1648,\"height\":1482},{\"@type\":\"BreadcrumbList\",\"@id\":\"https:\\\/\\\/neos-music.com\\\/product\\\/georges-aperghis-works-for-piano\\\/#breadcrumb\",\"itemListElement\":[{\"@type\":\"ListItem\",\"position\":1,\"name\":\"Startseite\",\"item\":\"https:\\\/\\\/neos-music.com\\\/\"},{\"@type\":\"ListItem\",\"position\":2,\"name\":\"Produkte\",\"item\":\"https:\\\/\\\/neos-music.com\\\/shop__trashed\\\/\"},{\"@type\":\"ListItem\",\"position\":3,\"name\":\"Georges Aperghis: Works for piano\"}]},{\"@type\":\"WebSite\",\"@id\":\"https:\\\/\\\/neos-music.com\\\/#website\",\"url\":\"https:\\\/\\\/neos-music.com\\\/\",\"name\":\"NEOS Music\",\"description\":\"Dein Online Shop f\u00fcr zeitgen\u00f6ssische Musik, Jazz und Classics!\",\"publisher\":{\"@id\":\"https:\\\/\\\/neos-music.com\\\/#organization\"},\"potentialAction\":[{\"@type\":\"SearchAction\",\"target\":{\"@type\":\"EntryPoint\",\"urlTemplate\":\"https:\\\/\\\/neos-music.com\\\/?s={search_term_string}\"},\"query-input\":{\"@type\":\"PropertyValueSpecification\",\"valueRequired\":true,\"valueName\":\"search_term_string\"}}],\"inLanguage\":\"en-US\"},{\"@type\":\"Organization\",\"@id\":\"https:\\\/\\\/neos-music.com\\\/#organization\",\"name\":\"NEOS Music\",\"url\":\"https:\\\/\\\/neos-music.com\\\/\",\"logo\":{\"@type\":\"ImageObject\",\"inLanguage\":\"en-US\",\"@id\":\"https:\\\/\\\/neos-music.com\\\/#\\\/schema\\\/logo\\\/image\\\/\",\"url\":\"https:\\\/\\\/i0.wp.com\\\/neos-music.com\\\/wp-content\\\/uploads\\\/2025\\\/08\\\/NEOS-Logo-weiss.png?fit=800%2C203&ssl=1\",\"contentUrl\":\"https:\\\/\\\/i0.wp.com\\\/neos-music.com\\\/wp-content\\\/uploads\\\/2025\\\/08\\\/NEOS-Logo-weiss.png?fit=800%2C203&ssl=1\",\"width\":800,\"height\":203,\"caption\":\"NEOS Music\"},\"image\":{\"@id\":\"https:\\\/\\\/neos-music.com\\\/#\\\/schema\\\/logo\\\/image\\\/\"}}]}<\/script>\n<!-- \/ Yoast SEO plugin. -->","yoast_head_json":{"title":"Georges Aperghis: Works for piano - NEOS Music","robots":{"index":"index","follow":"follow","max-snippet":"max-snippet:-1","max-image-preview":"max-image-preview:large","max-video-preview":"max-video-preview:-1"},"canonical":"https:\/\/neos-music.com\/en_us\/product\/georges-aperghis-works-for-piano\/","og_locale":"en_US","og_type":"article","og_title":"Georges Aperghis: Works for piano - NEOS Music","og_description":"Infotext: Mit dem nackten, unverfremdeten Klavierklang hat Aperghis relativ sp\u00e4t zu arbeiten begonnen \u2013 umso konzentrierter sind die Ergebnisse. Nicholas Hodges zieht eine Summe der St\u00fccke seit 1997: Er betont die Klarheit, die scharfgezogenen Linien, die Leuchtkraft der Farben. Er verwandelt grazile Bewegung in Raserei und wieder zur\u00fcck. Er l\u00e4sst Rhythmen und Harmonien wild durcheinanderpurzeln, [&hellip;]","og_url":"https:\/\/neos-music.com\/en_us\/product\/georges-aperghis-works-for-piano\/","og_site_name":"NEOS Music","article_modified_time":"2023-01-09T17:23:08+00:00","og_image":[{"width":1648,"height":1482,"url":"https:\/\/neos-music.com\/wp-content\/uploads\/2022\/11\/NEOS_10912_Aperghis.jpeg","type":"image\/jpeg"}],"twitter_card":"summary_large_image","twitter_misc":{"Est. reading time":"1 minute"},"schema":{"@context":"https:\/\/schema.org","@graph":[{"@type":"WebPage","@id":"https:\/\/neos-music.com\/product\/georges-aperghis-works-for-piano\/","url":"https:\/\/neos-music.com\/product\/georges-aperghis-works-for-piano\/","name":"Georges Aperghis: Works for piano - NEOS Music","isPartOf":{"@id":"https:\/\/neos-music.com\/#website"},"primaryImageOfPage":{"@id":"https:\/\/neos-music.com\/product\/georges-aperghis-works-for-piano\/#primaryimage"},"image":{"@id":"https:\/\/neos-music.com\/product\/georges-aperghis-works-for-piano\/#primaryimage"},"thumbnailUrl":"https:\/\/i0.wp.com\/neos-music.com\/wp-content\/uploads\/2022\/11\/NEOS_10912_Aperghis.jpeg?fit=1648%2C1482&ssl=1","datePublished":"2009-07-13T21:08:39+00:00","dateModified":"2023-01-09T17:23:08+00:00","breadcrumb":{"@id":"https:\/\/neos-music.com\/product\/georges-aperghis-works-for-piano\/#breadcrumb"},"inLanguage":"en-US","potentialAction":[{"@type":"ReadAction","target":["https:\/\/neos-music.com\/product\/georges-aperghis-works-for-piano\/"]}]},{"@type":"ImageObject","inLanguage":"en-US","@id":"https:\/\/neos-music.com\/product\/georges-aperghis-works-for-piano\/#primaryimage","url":"https:\/\/i0.wp.com\/neos-music.com\/wp-content\/uploads\/2022\/11\/NEOS_10912_Aperghis.jpeg?fit=1648%2C1482&ssl=1","contentUrl":"https:\/\/i0.wp.com\/neos-music.com\/wp-content\/uploads\/2022\/11\/NEOS_10912_Aperghis.jpeg?fit=1648%2C1482&ssl=1","width":1648,"height":1482},{"@type":"BreadcrumbList","@id":"https:\/\/neos-music.com\/product\/georges-aperghis-works-for-piano\/#breadcrumb","itemListElement":[{"@type":"ListItem","position":1,"name":"Startseite","item":"https:\/\/neos-music.com\/"},{"@type":"ListItem","position":2,"name":"Produkte","item":"https:\/\/neos-music.com\/shop__trashed\/"},{"@type":"ListItem","position":3,"name":"Georges Aperghis: Works for piano"}]},{"@type":"WebSite","@id":"https:\/\/neos-music.com\/#website","url":"https:\/\/neos-music.com\/","name":"NEOS Music","description":"Dein Online Shop f\u00fcr zeitgen\u00f6ssische Musik, Jazz und Classics!","publisher":{"@id":"https:\/\/neos-music.com\/#organization"},"potentialAction":[{"@type":"SearchAction","target":{"@type":"EntryPoint","urlTemplate":"https:\/\/neos-music.com\/?s={search_term_string}"},"query-input":{"@type":"PropertyValueSpecification","valueRequired":true,"valueName":"search_term_string"}}],"inLanguage":"en-US"},{"@type":"Organization","@id":"https:\/\/neos-music.com\/#organization","name":"NEOS Music","url":"https:\/\/neos-music.com\/","logo":{"@type":"ImageObject","inLanguage":"en-US","@id":"https:\/\/neos-music.com\/#\/schema\/logo\/image\/","url":"https:\/\/i0.wp.com\/neos-music.com\/wp-content\/uploads\/2025\/08\/NEOS-Logo-weiss.png?fit=800%2C203&ssl=1","contentUrl":"https:\/\/i0.wp.com\/neos-music.com\/wp-content\/uploads\/2025\/08\/NEOS-Logo-weiss.png?fit=800%2C203&ssl=1","width":800,"height":203,"caption":"NEOS Music"},"image":{"@id":"https:\/\/neos-music.com\/#\/schema\/logo\/image\/"}}]}},"jetpack_sharing_enabled":true,"_links":{"self":[{"href":"https:\/\/neos-music.com\/en_us\/wp-json\/wp\/v2\/product\/3158","targetHints":{"allow":["GET"]}}],"collection":[{"href":"https:\/\/neos-music.com\/en_us\/wp-json\/wp\/v2\/product"}],"about":[{"href":"https:\/\/neos-music.com\/en_us\/wp-json\/wp\/v2\/types\/product"}],"version-history":[{"count":0,"href":"https:\/\/neos-music.com\/en_us\/wp-json\/wp\/v2\/product\/3158\/revisions"}],"wp:featuredmedia":[{"embeddable":true,"href":"https:\/\/neos-music.com\/en_us\/wp-json\/wp\/v2\/media\/3159"}],"wp:attachment":[{"href":"https:\/\/neos-music.com\/en_us\/wp-json\/wp\/v2\/media?parent=3158"}],"wp:term":[{"taxonomy":"product_brand","embeddable":true,"href":"https:\/\/neos-music.com\/en_us\/wp-json\/wp\/v2\/product_brand?post=3158"},{"taxonomy":"product_cat","embeddable":true,"href":"https:\/\/neos-music.com\/en_us\/wp-json\/wp\/v2\/product_cat?post=3158"},{"taxonomy":"product_tag","embeddable":true,"href":"https:\/\/neos-music.com\/en_us\/wp-json\/wp\/v2\/product_tag?post=3158"}],"curies":[{"name":"wp","href":"https:\/\/api.w.org\/{rel}","templated":true}]}}