{"id":3176,"date":"2009-04-15T10:07:15","date_gmt":"2009-04-15T10:07:15","guid":{"rendered":"https:\/\/neos-music.com\/?post_type=product&#038;p=3176"},"modified":"2022-11-21T14:14:36","modified_gmt":"2022-11-21T14:14:36","slug":"olga-neuwirth-ici-ensemble-who-am-i-no-more","status":"publish","type":"product","link":"https:\/\/neos-music.com\/en_us\/product\/olga-neuwirth-ici-ensemble-who-am-i-no-more\/","title":{"rendered":"Olga Neuwirth &#038; ICI Ensemble: Who am I? \/ No more"},"content":{"rendered":"<p>Infotext:<\/p>\n<table border=\"0\" width=\"100%\" rules=\"none\" cellspacing=\"0\" cellpadding=\"0\">\n<tbody>\n<tr>\n<td class=\"bigcontent2\">\n<div id=\"infotext\">\n<p>Composer in Dialogue<br \/>\n<b><a class=\"arcoma_glossarylink\" href=\"https:\/\/neos-music.com\/output.php?content=Kuenstler\/Olga_Neuwirth.php&amp;treplace=english%2Cgerman\" target=\"_self\" rel=\"noopener\">Olga Neuwirth<\/a>\u00a0&amp;\u00a0<a class=\"arcoma_glossarylink\" href=\"https:\/\/neos-music.com\/output.php?content=Kuenstler\/ICI_Ensemble.php&amp;treplace=english%2Cgerman\" target=\"_self\" rel=\"noopener\">ICI Ensemble<\/a><\/b><\/p>\n<p>Unter dem Titel \u203aComposer in Dialogue\u2039 l\u00e4dt das ICI Ensemble im zweij\u00e4hrigen Turnus zeitgen\u00f6ssische Komponisten ein, um mit ihnen gemeinsam in einer Art \u203awork in progress\u2039 Kompositions- und Improvisationsformen zu erarbeiten und die dabei entstehenden St\u00fccke anschlie\u00dfend aufzuf\u00fchren. F\u00fcr den vorliegenden Konzertmitschnitt wurde die Komponistin Olga Neuwirth eingeladen.<\/p>\n<p>Olga Neuwirth begann ihre musikalische Laufbahn mit dem Trompetenspiel, bevor das Komponieren ihr Ausdrucksmittel wurde und sie schlie\u00dflich heute zu den wichtigsten Vertretern der zeitgen\u00f6ssischen Musik z\u00e4hlt. Wesentliche Anregungen erhielt sie durch Begegnungen mit Adriana H\u00f6lszky und Luigi Nono, im Studium bei Tristan Murail sowie durch die befreundete Schriftstellerin Elfriede Jelinek.<\/p>\n<p>Olga Neuwirth trifft auf das improvisierende, sich auf die afro-amerikanische Musik beziehende ICI Ensemble, das aus der Arbeit mit Vinko Globokar, Barry Guy, Giancarlo Schiaffini und George E. Lewis hervorgegangen ist. Bei NEOS erscheint nun nach der Duo-CD\u00a0<a class=\"arcoma_glossarylink\" href=\"https:\/\/neos-music.com\/output.php?content=Alben\/40809.php&amp;treplace=english%2Cgerman\" target=\"_self\" rel=\"noopener\">JOMO<\/a>\u00a0(Johanna Varner &amp;\u00a0<a class=\"arcoma_glossarylink\" href=\"https:\/\/neos-music.com\/output.php?content=Kuenstler\/Mary_Oliver.php&amp;treplace=english%2Cgerman\" target=\"_self\" rel=\"noopener\">Mary Oliver<\/a>) diese zweite CD der ICI Edition.<\/p>\n<p>Das Spannende dieser Begegnung liegt in den grundlegenden Gegens\u00e4tzlichkeiten von komponierten und improvisierten Elementen, der Gleichzeitigkeit von Determination und Zufall, f\u00fcr deren Paradoxon Olga Neuwirth nach eigener Aussage ein besonderes Interesse zeigt \u2013 schafft es doch Reibung. Auch das Medium der Live-Elektronik und die Verwendung von Samples, die in der Gegen\u00fcberstellung zum Instrumentalklang eine zentrale Rolle spielen, zielen in diese Richtung.<br \/>\nOlga Neuwirth bezeichnet ihre Musik gerne als \u203aKatastrophenmusik\u2039, weil sich unter der Oberfl\u00e4che der verwirrenden F\u00fclle von Klangmustern \u2013 die gleichsam verschlungenen Labyrinthen \u00e4hneln \u2013 tiefe Abgr\u00fcnde befinden, die das pl\u00f6tzliche Umschlagen der Musik in immer wieder unerwartete Richtungen evozieren.<\/p>\n<p>So bereitet sie dem H\u00f6rer das Vergn\u00fcgen an der virtuosen Dekonstruktion, an der Abnahme der Erkennbarkeit von Kl\u00e4ngen, dem Infragestellen von Wahrnehmungsgewohnheiten \u2013 und schafft schlie\u00dflich damit eine Durchl\u00e4ssigkeit f\u00fcr m\u00f6gliche Assoziationen.<\/p>\n<p>Zwei gemeinsam erarbeitete St\u00fccke kamen zur Urauff\u00fchrung: Das erste, Who Am I?, ist eine Komposition, die musikalisch heterogenes Material nutzt und Textfragmente aus Kafkas Brief an den Vater verwendet, die aber von einer Frau gelesen werden. Im zweiten St\u00fcck, No More, verzahnt Olga Neuwirth eigene Schriftausz\u00fcge mit Songzeilen von Frank Zappa und steuert au\u00dferdem einen instrumentalen Song bei, der \u00bbimmer wiederkehrt und wie in der Psychoanalyse \u203adurchgearbeitet\u2039 wird\u00ab (Neuwirth), bis schlie\u00dflich Reminiszenzen ihrer Komposition The Long Rain erklingen.<\/p>\n<p>Gunnar Geisse<\/p>\n<\/div>\n<\/td>\n<td><\/td>\n<\/tr>\n<\/tbody>\n<\/table>\n<p>Programm:<\/p>\n<p>Composer in Dialogue<br \/>\n<b><a class=\"arcoma_glossarylink\" href=\"https:\/\/neos-music.com\/output.php?content=Kuenstler\/Olga_Neuwirth.php&amp;treplace=english%2Cgerman\" target=\"_self\" rel=\"noopener\">Olga Neuwirth<\/a>\u00a0&amp;\u00a0<a class=\"arcoma_glossarylink\" href=\"https:\/\/neos-music.com\/output.php?content=Kuenstler\/ICI_Ensemble.php&amp;treplace=english%2Cgerman\" target=\"_self\" rel=\"noopener\">ICI Ensemble<\/a><\/p>\n<p>ICI Edition<\/b><\/p>\n<p><b>Who am I? \/ No more<\/b>\u00a0\u00b7 2 audio films<br \/>\nTexts by Franz Kafka, Jules Michelet and Olga Neuwirth<br \/>\nWork commissioned by ICI forum munich e. V.<\/p>\n<p>[01]\u00a0<b>Who am I<\/b>\u2009<b>?<\/b>\u00a021:55<br \/>\n<span id=\"flash1\"><\/span><\/p>\n<p>[02]\u00a0<b>No more<\/b>\u00a029:15<br \/>\n<span id=\"flash2\"><\/span><\/p>\n<p>total time: 51:13<\/p>\n<p>Compositions Who am I\u2009? and No more by Olga Neuwirth<br \/>\nArrangements by Christofer Varner, Roger Jannotta and Olga Neuwirth<br \/>\n(Composition Why don\u2019t we get some money too by Christofer Varner)<\/p>\n<p><a class=\"arcoma_glossarylink\" href=\"https:\/\/neos-music.com\/output.php?content=Kuenstler\/Olga_Neuwirth.php&amp;treplace=english%2Cgerman\" target=\"_self\" rel=\"noopener\">Olga Neuwirth<\/a>: laptop, bicycle machine<br \/>\n<a class=\"arcoma_glossarylink\" href=\"https:\/\/neos-music.com\/output.php?content=Kuenstler\/ICI_Ensemble.php&amp;treplace=english%2Cgerman\" target=\"_self\" rel=\"noopener\">ICI Ensemble<\/a><br \/>\nPhilipp Kolb: trumpet, tuba \u00b7 Christofer Varner: trombone<br \/>\nLeo Gmelch: bass trombone, tuba<br \/>\nDavid J\u00e4ger: soprano and tenor saxophones<br \/>\nRoger Jannotta: alto saxophone, flute, piccolo, clarinet<br \/>\nMarkus Heinze: baritone saxophone, bass clarinet<br \/>\n<a class=\"arcoma_glossarylink\" href=\"https:\/\/neos-music.com\/output.php?content=Kuenstler\/Johanna_Varner.php&amp;treplace=english%2Cgerman\" target=\"_self\" rel=\"noopener\">Johanna Varner<\/a>: cello \u00b7 Martin Wolfrum: keyboards<br \/>\nGunnar Geisse: electric guitar, laptop<br \/>\nGeorg Karger: double bass, electric bass<br \/>\nWalter Bittner: drums \u00b7 Sunk P\u00f6schl: drums<br \/>\nSpeakers: Jenny Evans, Suzanne Michel, Isabelle Luke, Gerd Lohmeyer, Dim Schlichter<\/p>\n<p>Live Recording<\/p>\n<p>Pressestimmen:<\/p>\n<p><img data-recalc-dims=\"1\" decoding=\"async\" src=\"https:\/\/i0.wp.com\/neos-music.com\/images\/news\/logo_his_voice.jpg?ssl=1\" \/><br \/>\n11.\/12.2009<\/p>\n<p><b>Olga Neuwirth &amp; ICI Ensemble: Who I am? \/ No more<\/b><\/p>\n<p>Mnichovsk\u00e9 vydavatelstv\u00ed Neos, kter\u00e9 m\u00e1 ve sv\u00e9m hled\u00e1\u00e8ku p\u00f8edev\u0161\u00edm soudobou hudbu a jazz, se rozhodlo v r\u00e1mci s\u00e9rie Composer in Dialogue protnout ob\u00ec discipl\u00edny p\u00f8i setk\u00e1n\u00ed rakousk\u00e9 dekonstruktivn\u00ed skladatelky Olgy Neuwirth a jazzov\u00e9ho big bandu z Mnichova s n\u00e1zvem ICI Ensemble (zkratka International Composers and Improvisers). Z\u00e1m\u00ecr vydavatelstv\u00ed byl sv\u00fdm zp\u00f9sobem prost\u00fd: vyprovokovat dialog dvou zcela odli\u0161n\u00fdch stylistik, vyzkou\u0161et, nakolik mohou vedle sebe koexistovat anebo se integr\u00e1ln\u00ec prol\u00ednat tak rozd\u00edln\u00e9 pohledy na hudbu, jako je introvertn\u00ed, temn\u00e1 a rafinovan\u00e1 tvorba Neuwirth a bytostn\u00ec \u017eiveln\u00e1 a spont\u00e1nn\u00ed swinguj\u00edc\u00ed tvorba ICI Ensemble, kter\u00e1 se v lec\u00e8ems bl\u00ed\u017e\u00ed nap\u00f8\u00edklad jazyku Vienna Art Orchestra, p\u00f8esto\u017ee je o pozn\u00e1n\u00ed p\u00f8\u00edm\u00ecj\u0161\u00ed a mo\u017en\u00e1 divo\u00e8ej\u0161\u00ed.<\/p>\n<p>Podtitul alba je: Dva audio-filmy. Opr\u00e1vn\u00ecn\u00ec, Neuwirth se zde navrac\u00ed ke sv\u00e9 obl\u00edben\u00e9 filmov\u00e9 a radioartov\u00e9 stylistice, v n\u00ed\u017e nap\u00f8\u00edklad pou\u017e\u00edv\u00e1 samply z film\u00f9 (na p\u00f8edchoz\u00edm albu Lost Highway ve spolupr\u00e1ci s dramati\u00e8kou a spisovatelkou Elfriede Jelinek vytvo\u00f8ila vlastn\u00ed zvukovou stopu k inscenaci vybudovan\u00e9 na Lynchov\u00ec filmov\u00e9 p\u00f8edloze). Krom\u00ec zvukov\u00fdch citac\u00ed zde nech\u00e1v\u00e1 ve velmi osobit\u00e9 interpretaci nam\u00edsto herce \u00e8\u00edst Kafk\u00f9v text otci here\u00e8ku a d\u00e1le texty sv\u00e9 a d\u00edlo Jules Michelet. Jej\u00ed skladatelsk\u00e1 hudebn\u00ed stopa je zde velice patrn\u00e1 a plyne v obou skladb\u00e1ch jako jist\u00fd jednolit\u00fd spodn\u00ed proud, z n\u00echo\u017e na povrch vyplouvaj\u00ed nahran\u00e9 afektovan\u00e9 hlasy herc\u00f9 z film\u00f9, monot\u00f3nn\u00ed a um\u00ec\u00f8en\u00e9 \u00e8ten\u00ed zm\u00edn\u00ecn\u00fdch text\u00f9, ale hlavn\u00ec zvuk amplifikovan\u00e9ho v\u00fdpletu j\u00edzdn\u00edho kola, kter\u00fd vytv\u00e1\u00f8\u00ed podivnou drn\u00e8\u00edc\u00ed a znepokojivou slo\u017eku obou skladeb. Tento zvuk kola je podobn\u00fd zvuku b\u00ec\u017e\u00edc\u00edho filmov\u00e9ho p\u00e1su v projektu, a to je mo\u017en\u00e1 d\u00f9vodem, pro\u00e8 zde m\u00e1 sv\u00e9 nezastupiteln\u00e9 m\u00edsto. V tomto zvuku je cosi znepokojiv\u00e9ho stejn\u00ec jako starod\u00e1vn\u00ec melancholick\u00e9ho. Funguje stejn\u00ec jako ur\u00e8it\u00fd spou\u0161t\u00ecc\u00ed mechanismus zvukov\u00e9 narace evokuj\u00edc\u00ed star\u00e9 pohybliv\u00e9 obrazy, ale z\u00e1rove\u00f2 jako jist\u00fd zvukov\u00fd ready made umn\u00ec propleten\u00fd komponovanou strukturou. Neuwirth reguluje a zpracov\u00e1v\u00e1 tento zvuk drn\u00e8\u00edc\u00edho v\u00fdpletu a u\u017e\u00edv\u00e1 jej jako konstantn\u00ed a tmelic\u00ed texturn\u00ed slo\u017eku. Hlasy dramatick\u00fdch herc\u00f9 jsou naru\u0161ov\u00e1ny v\u00fdk\u00f8iky filmov\u00fdch hrdin\u00f9 a pod t\u00edm v\u0161\u00edm skladatelka buduje dlouh\u00e9 a temn\u00e9 elektroakustick\u00e9 plochy s velice temn\u00fdm zvukem a se samplovan\u00fdm klav\u00edrem i akustick\u00fdmi n\u00e1stroji. Pokra\u00e8uje v rozvoji sv\u00e9ho hudebn\u00ec-dramatick\u00e9ho jazyka, kter\u00fd zn\u00e1me z p\u00f8edchoz\u00edch alb a kter\u00fd je tentokr\u00e1t pln\u00fd nasamplovan\u00fdch \u00faryvk\u00f9 z filmov\u00fdch i hudebn\u00edch d\u00ecl. Skladatelka r\u00e1da navozuje p\u00f8\u00edm\u00e9 asociace anebo aluzivn\u00ec motivuje poslucha\u00e8e k vlastn\u00ed p\u00f8edstavivosti. Sv\u00e9 m\u00edsto zde maj\u00ed \u00fatr\u017eky hudby z kreslen\u00fdch seri\u00e1l\u00f9, romantick\u00fdch i dobrodru\u017en\u00fdch film\u00f9 anebo rockov\u00e9 a popov\u00e9 cit\u00e1ty.<\/p>\n<p>Nezb\u00fdv\u00e1 ne\u017e litovat, \u017ee z\u00e1m\u00ecr vydavatel\u00f9 propojit dva dispar\u00e1tn\u00ed sv\u00ecty \u017eiveln\u00e9ho jazzu a komplikovan\u00e9 kompozice v mnoha momentech zcela neintegr\u00e1ln\u00ec zadusil zaj\u00edmav\u00e9 skladby Neuwirth. Ob\u00ec skladby jsou vylo\u017een\u00ec polarizov\u00e1ny. Prvn\u00ed je d\u00edlem Neuwirth, ICI Ensemble zde pln\u00ed jen slu\u017eebn\u00ed funkci, p\u00f8esto v\u0161ak v kompozici s jej\u00ed introvertn\u00ed poetikou p\u00f9sob\u00ed ru\u0161iv\u00ec. Druh\u00e1 skladba je v\u00edce d\u00edlem ICI Emsemble, kter\u00fd Neuwirth dopl\u00f2uje sv\u00fdmi samply, a to pom\u00ecrn\u00ec zda\u00f8ile. Obohacuje jazz soudob\u00fdmi elektronick\u00fdmi kontexty a samply filmov\u00fdch hrdin\u00f9 a je zn\u00e1t, \u017ee dob\u00f8e c\u00edt\u00ed vhodnost situace. Neznamen\u00e1 to v\u0161ak, \u017ee ICI Ensemble nen\u00ed zaj\u00edmav\u00fdm freejazzov\u00fdm big bandem, pouze ve spojen\u00ed s rakouskou skladatelkou funguje jak duniv\u00fd slon v m\u00ed\u0161ensk\u00e9m porcel\u00e1nu. Pokud je vydavatelsk\u00fdm z\u00e1m\u00ecrem vydat album jako work in progress, nezb\u00fdv\u00e1 ne\u017e doufat, \u017ee se nedo\u00e8k\u00e1me dal\u0161\u00edch po\u00e8in\u00f9 t\u00e9to svazuj\u00edc\u00ed jednoty, ale samostatn\u00fdch d\u00ecl bez invaze druh\u00fdch. Zaj\u00edmav\u00e1 idea na tomto albu rezonovala jen \u00e8\u00e1ste\u00e8n\u00ec.<\/p>\n<p>Luk\u00e1\u0161 Ji\u00f8i\u00e8ka<\/p>\n","protected":false},"excerpt":{"rendered":"<p>Infotext: Composer in Dialogue Olga Neuwirth\u00a0&amp;\u00a0ICI Ensemble Unter dem Titel \u203aComposer in Dialogue\u2039 l\u00e4dt das ICI Ensemble im zweij\u00e4hrigen Turnus zeitgen\u00f6ssische Komponisten ein, um mit ihnen gemeinsam in einer Art \u203awork in progress\u2039 Kompositions- und Improvisationsformen zu erarbeiten und die dabei entstehenden St\u00fccke anschlie\u00dfend aufzuf\u00fchren. F\u00fcr den vorliegenden Konzertmitschnitt wurde die Komponistin Olga Neuwirth eingeladen. [&hellip;]<\/p>\n","protected":false},"featured_media":3177,"template":"","meta":{"site-sidebar-layout":"default","site-content-layout":"default","ast-site-content-layout":"default","site-content-style":"default","site-sidebar-style":"default","ast-global-header-display":"","ast-banner-title-visibility":"","ast-main-header-display":"","ast-hfb-above-header-display":"","ast-hfb-below-header-display":"","ast-hfb-mobile-header-display":"","site-post-title":"","ast-breadcrumbs-content":"","ast-featured-img":"","footer-sml-layout":"","theme-transparent-header-meta":"default","adv-header-id-meta":"","stick-header-meta":"","header-above-stick-meta":"","header-main-stick-meta":"","header-below-stick-meta":"","astra-migrate-meta-layouts":"default","ast-page-background-enabled":"default","ast-page-background-meta":{"desktop":{"background-color":"","background-image":"","background-repeat":"repeat","background-position":"center center","background-size":"auto","background-attachment":"scroll","background-type":"","background-media":"","overlay-type":"","overlay-color":"","overlay-opacity":"","overlay-gradient":""},"tablet":{"background-color":"","background-image":"","background-repeat":"repeat","background-position":"center center","background-size":"auto","background-attachment":"scroll","background-type":"","background-media":"","overlay-type":"","overlay-color":"","overlay-opacity":"","overlay-gradient":""},"mobile":{"background-color":"","background-image":"","background-repeat":"repeat","background-position":"center center","background-size":"auto","background-attachment":"scroll","background-type":"","background-media":"","overlay-type":"","overlay-color":"","overlay-opacity":"","overlay-gradient":""}},"ast-content-background-meta":{"desktop":{"background-color":"var(--ast-global-color-5)","background-image":"","background-repeat":"repeat","background-position":"center center","background-size":"auto","background-attachment":"scroll","background-type":"","background-media":"","overlay-type":"","overlay-color":"","overlay-opacity":"","overlay-gradient":""},"tablet":{"background-color":"var(--ast-global-color-5)","background-image":"","background-repeat":"repeat","background-position":"center center","background-size":"auto","background-attachment":"scroll","background-type":"","background-media":"","overlay-type":"","overlay-color":"","overlay-opacity":"","overlay-gradient":""},"mobile":{"background-color":"var(--ast-global-color-5)","background-image":"","background-repeat":"repeat","background-position":"center center","background-size":"auto","background-attachment":"scroll","background-type":"","background-media":"","overlay-type":"","overlay-color":"","overlay-opacity":"","overlay-gradient":""}}},"product_brand":[],"product_cat":[26],"product_tag":[],"class_list":{"0":"post-3176","1":"product","2":"type-product","3":"status-publish","4":"has-post-thumbnail","6":"product_cat-zeitgenossische-musik","7":"pa_artikelnummer-neos-40807","8":"pa_brand-neos-music","9":"pa_ean-719","10":"desktop-align-left","11":"tablet-align-left","12":"mobile-align-left","14":"first","15":"outofstock","16":"taxable","17":"shipping-taxable","18":"purchasable","19":"product-type-simple"},"yoast_head":"<!-- This site is optimized with the Yoast SEO plugin v27.3 - https:\/\/yoast.com\/product\/yoast-seo-wordpress\/ -->\n<title>Olga Neuwirth &amp; ICI Ensemble: Who am I? \/ No more - NEOS Music<\/title>\n<meta name=\"robots\" content=\"index, follow, max-snippet:-1, max-image-preview:large, max-video-preview:-1\" \/>\n<link rel=\"canonical\" href=\"https:\/\/neos-music.com\/en_us\/product\/olga-neuwirth-ici-ensemble-who-am-i-no-more\/\" \/>\n<meta property=\"og:locale\" content=\"en_US\" \/>\n<meta property=\"og:type\" content=\"article\" \/>\n<meta property=\"og:title\" content=\"Olga Neuwirth &amp; ICI Ensemble: Who am I? \/ No more - NEOS Music\" \/>\n<meta property=\"og:description\" content=\"Infotext: Composer in Dialogue Olga Neuwirth\u00a0&amp;\u00a0ICI Ensemble Unter dem Titel \u203aComposer in Dialogue\u2039 l\u00e4dt das ICI Ensemble im zweij\u00e4hrigen Turnus zeitgen\u00f6ssische Komponisten ein, um mit ihnen gemeinsam in einer Art \u203awork in progress\u2039 Kompositions- und Improvisationsformen zu erarbeiten und die dabei entstehenden St\u00fccke anschlie\u00dfend aufzuf\u00fchren. F\u00fcr den vorliegenden Konzertmitschnitt wurde die Komponistin Olga Neuwirth eingeladen. [&hellip;]\" \/>\n<meta property=\"og:url\" content=\"https:\/\/neos-music.com\/en_us\/product\/olga-neuwirth-ici-ensemble-who-am-i-no-more\/\" \/>\n<meta property=\"og:site_name\" content=\"NEOS Music\" \/>\n<meta property=\"article:modified_time\" content=\"2022-11-21T14:14:36+00:00\" \/>\n<meta property=\"og:image\" content=\"https:\/\/neos-music.com\/wp-content\/uploads\/2022\/11\/NEOS_40807_Neuwirth_ICI.jpeg\" \/>\n\t<meta property=\"og:image:width\" content=\"1648\" \/>\n\t<meta property=\"og:image:height\" content=\"1483\" \/>\n\t<meta property=\"og:image:type\" content=\"image\/jpeg\" \/>\n<meta name=\"twitter:card\" content=\"summary_large_image\" \/>\n<meta name=\"twitter:label1\" content=\"Est. reading time\" \/>\n\t<meta name=\"twitter:data1\" content=\"6 minutes\" \/>\n<script type=\"application\/ld+json\" class=\"yoast-schema-graph\">{\"@context\":\"https:\\\/\\\/schema.org\",\"@graph\":[{\"@type\":\"WebPage\",\"@id\":\"https:\\\/\\\/neos-music.com\\\/product\\\/olga-neuwirth-ici-ensemble-who-am-i-no-more\\\/\",\"url\":\"https:\\\/\\\/neos-music.com\\\/product\\\/olga-neuwirth-ici-ensemble-who-am-i-no-more\\\/\",\"name\":\"Olga Neuwirth & ICI Ensemble: Who am I? \\\/ No more - NEOS Music\",\"isPartOf\":{\"@id\":\"https:\\\/\\\/neos-music.com\\\/#website\"},\"primaryImageOfPage\":{\"@id\":\"https:\\\/\\\/neos-music.com\\\/product\\\/olga-neuwirth-ici-ensemble-who-am-i-no-more\\\/#primaryimage\"},\"image\":{\"@id\":\"https:\\\/\\\/neos-music.com\\\/product\\\/olga-neuwirth-ici-ensemble-who-am-i-no-more\\\/#primaryimage\"},\"thumbnailUrl\":\"https:\\\/\\\/i0.wp.com\\\/neos-music.com\\\/wp-content\\\/uploads\\\/2022\\\/11\\\/NEOS_40807_Neuwirth_ICI.jpeg?fit=1648%2C1483&ssl=1\",\"datePublished\":\"2009-04-15T10:07:15+00:00\",\"dateModified\":\"2022-11-21T14:14:36+00:00\",\"breadcrumb\":{\"@id\":\"https:\\\/\\\/neos-music.com\\\/product\\\/olga-neuwirth-ici-ensemble-who-am-i-no-more\\\/#breadcrumb\"},\"inLanguage\":\"en-US\",\"potentialAction\":[{\"@type\":\"ReadAction\",\"target\":[\"https:\\\/\\\/neos-music.com\\\/product\\\/olga-neuwirth-ici-ensemble-who-am-i-no-more\\\/\"]}]},{\"@type\":\"ImageObject\",\"inLanguage\":\"en-US\",\"@id\":\"https:\\\/\\\/neos-music.com\\\/product\\\/olga-neuwirth-ici-ensemble-who-am-i-no-more\\\/#primaryimage\",\"url\":\"https:\\\/\\\/i0.wp.com\\\/neos-music.com\\\/wp-content\\\/uploads\\\/2022\\\/11\\\/NEOS_40807_Neuwirth_ICI.jpeg?fit=1648%2C1483&ssl=1\",\"contentUrl\":\"https:\\\/\\\/i0.wp.com\\\/neos-music.com\\\/wp-content\\\/uploads\\\/2022\\\/11\\\/NEOS_40807_Neuwirth_ICI.jpeg?fit=1648%2C1483&ssl=1\",\"width\":1648,\"height\":1483},{\"@type\":\"BreadcrumbList\",\"@id\":\"https:\\\/\\\/neos-music.com\\\/product\\\/olga-neuwirth-ici-ensemble-who-am-i-no-more\\\/#breadcrumb\",\"itemListElement\":[{\"@type\":\"ListItem\",\"position\":1,\"name\":\"Startseite\",\"item\":\"https:\\\/\\\/neos-music.com\\\/\"},{\"@type\":\"ListItem\",\"position\":2,\"name\":\"Produkte\",\"item\":\"https:\\\/\\\/neos-music.com\\\/shop__trashed\\\/\"},{\"@type\":\"ListItem\",\"position\":3,\"name\":\"Olga Neuwirth &#038; ICI Ensemble: Who am I? \\\/ No more\"}]},{\"@type\":\"WebSite\",\"@id\":\"https:\\\/\\\/neos-music.com\\\/#website\",\"url\":\"https:\\\/\\\/neos-music.com\\\/\",\"name\":\"NEOS Music\",\"description\":\"Dein Online Shop f\u00fcr zeitgen\u00f6ssische Musik, Jazz und Classics!\",\"publisher\":{\"@id\":\"https:\\\/\\\/neos-music.com\\\/#organization\"},\"potentialAction\":[{\"@type\":\"SearchAction\",\"target\":{\"@type\":\"EntryPoint\",\"urlTemplate\":\"https:\\\/\\\/neos-music.com\\\/?s={search_term_string}\"},\"query-input\":{\"@type\":\"PropertyValueSpecification\",\"valueRequired\":true,\"valueName\":\"search_term_string\"}}],\"inLanguage\":\"en-US\"},{\"@type\":\"Organization\",\"@id\":\"https:\\\/\\\/neos-music.com\\\/#organization\",\"name\":\"NEOS Music\",\"url\":\"https:\\\/\\\/neos-music.com\\\/\",\"logo\":{\"@type\":\"ImageObject\",\"inLanguage\":\"en-US\",\"@id\":\"https:\\\/\\\/neos-music.com\\\/#\\\/schema\\\/logo\\\/image\\\/\",\"url\":\"https:\\\/\\\/i0.wp.com\\\/neos-music.com\\\/wp-content\\\/uploads\\\/2025\\\/08\\\/NEOS-Logo-weiss.png?fit=800%2C203&ssl=1\",\"contentUrl\":\"https:\\\/\\\/i0.wp.com\\\/neos-music.com\\\/wp-content\\\/uploads\\\/2025\\\/08\\\/NEOS-Logo-weiss.png?fit=800%2C203&ssl=1\",\"width\":800,\"height\":203,\"caption\":\"NEOS Music\"},\"image\":{\"@id\":\"https:\\\/\\\/neos-music.com\\\/#\\\/schema\\\/logo\\\/image\\\/\"}}]}<\/script>\n<!-- \/ Yoast SEO plugin. -->","yoast_head_json":{"title":"Olga Neuwirth & ICI Ensemble: Who am I? \/ No more - NEOS Music","robots":{"index":"index","follow":"follow","max-snippet":"max-snippet:-1","max-image-preview":"max-image-preview:large","max-video-preview":"max-video-preview:-1"},"canonical":"https:\/\/neos-music.com\/en_us\/product\/olga-neuwirth-ici-ensemble-who-am-i-no-more\/","og_locale":"en_US","og_type":"article","og_title":"Olga Neuwirth & ICI Ensemble: Who am I? \/ No more - NEOS Music","og_description":"Infotext: Composer in Dialogue Olga Neuwirth\u00a0&amp;\u00a0ICI Ensemble Unter dem Titel \u203aComposer in Dialogue\u2039 l\u00e4dt das ICI Ensemble im zweij\u00e4hrigen Turnus zeitgen\u00f6ssische Komponisten ein, um mit ihnen gemeinsam in einer Art \u203awork in progress\u2039 Kompositions- und Improvisationsformen zu erarbeiten und die dabei entstehenden St\u00fccke anschlie\u00dfend aufzuf\u00fchren. F\u00fcr den vorliegenden Konzertmitschnitt wurde die Komponistin Olga Neuwirth eingeladen. [&hellip;]","og_url":"https:\/\/neos-music.com\/en_us\/product\/olga-neuwirth-ici-ensemble-who-am-i-no-more\/","og_site_name":"NEOS Music","article_modified_time":"2022-11-21T14:14:36+00:00","og_image":[{"width":1648,"height":1483,"url":"https:\/\/neos-music.com\/wp-content\/uploads\/2022\/11\/NEOS_40807_Neuwirth_ICI.jpeg","type":"image\/jpeg"}],"twitter_card":"summary_large_image","twitter_misc":{"Est. reading time":"6 minutes"},"schema":{"@context":"https:\/\/schema.org","@graph":[{"@type":"WebPage","@id":"https:\/\/neos-music.com\/product\/olga-neuwirth-ici-ensemble-who-am-i-no-more\/","url":"https:\/\/neos-music.com\/product\/olga-neuwirth-ici-ensemble-who-am-i-no-more\/","name":"Olga Neuwirth & ICI Ensemble: Who am I? \/ No more - NEOS Music","isPartOf":{"@id":"https:\/\/neos-music.com\/#website"},"primaryImageOfPage":{"@id":"https:\/\/neos-music.com\/product\/olga-neuwirth-ici-ensemble-who-am-i-no-more\/#primaryimage"},"image":{"@id":"https:\/\/neos-music.com\/product\/olga-neuwirth-ici-ensemble-who-am-i-no-more\/#primaryimage"},"thumbnailUrl":"https:\/\/i0.wp.com\/neos-music.com\/wp-content\/uploads\/2022\/11\/NEOS_40807_Neuwirth_ICI.jpeg?fit=1648%2C1483&ssl=1","datePublished":"2009-04-15T10:07:15+00:00","dateModified":"2022-11-21T14:14:36+00:00","breadcrumb":{"@id":"https:\/\/neos-music.com\/product\/olga-neuwirth-ici-ensemble-who-am-i-no-more\/#breadcrumb"},"inLanguage":"en-US","potentialAction":[{"@type":"ReadAction","target":["https:\/\/neos-music.com\/product\/olga-neuwirth-ici-ensemble-who-am-i-no-more\/"]}]},{"@type":"ImageObject","inLanguage":"en-US","@id":"https:\/\/neos-music.com\/product\/olga-neuwirth-ici-ensemble-who-am-i-no-more\/#primaryimage","url":"https:\/\/i0.wp.com\/neos-music.com\/wp-content\/uploads\/2022\/11\/NEOS_40807_Neuwirth_ICI.jpeg?fit=1648%2C1483&ssl=1","contentUrl":"https:\/\/i0.wp.com\/neos-music.com\/wp-content\/uploads\/2022\/11\/NEOS_40807_Neuwirth_ICI.jpeg?fit=1648%2C1483&ssl=1","width":1648,"height":1483},{"@type":"BreadcrumbList","@id":"https:\/\/neos-music.com\/product\/olga-neuwirth-ici-ensemble-who-am-i-no-more\/#breadcrumb","itemListElement":[{"@type":"ListItem","position":1,"name":"Startseite","item":"https:\/\/neos-music.com\/"},{"@type":"ListItem","position":2,"name":"Produkte","item":"https:\/\/neos-music.com\/shop__trashed\/"},{"@type":"ListItem","position":3,"name":"Olga Neuwirth &#038; ICI Ensemble: Who am I? \/ No more"}]},{"@type":"WebSite","@id":"https:\/\/neos-music.com\/#website","url":"https:\/\/neos-music.com\/","name":"NEOS Music","description":"Dein Online Shop f\u00fcr zeitgen\u00f6ssische Musik, Jazz und Classics!","publisher":{"@id":"https:\/\/neos-music.com\/#organization"},"potentialAction":[{"@type":"SearchAction","target":{"@type":"EntryPoint","urlTemplate":"https:\/\/neos-music.com\/?s={search_term_string}"},"query-input":{"@type":"PropertyValueSpecification","valueRequired":true,"valueName":"search_term_string"}}],"inLanguage":"en-US"},{"@type":"Organization","@id":"https:\/\/neos-music.com\/#organization","name":"NEOS Music","url":"https:\/\/neos-music.com\/","logo":{"@type":"ImageObject","inLanguage":"en-US","@id":"https:\/\/neos-music.com\/#\/schema\/logo\/image\/","url":"https:\/\/i0.wp.com\/neos-music.com\/wp-content\/uploads\/2025\/08\/NEOS-Logo-weiss.png?fit=800%2C203&ssl=1","contentUrl":"https:\/\/i0.wp.com\/neos-music.com\/wp-content\/uploads\/2025\/08\/NEOS-Logo-weiss.png?fit=800%2C203&ssl=1","width":800,"height":203,"caption":"NEOS Music"},"image":{"@id":"https:\/\/neos-music.com\/#\/schema\/logo\/image\/"}}]}},"jetpack_sharing_enabled":true,"_links":{"self":[{"href":"https:\/\/neos-music.com\/en_us\/wp-json\/wp\/v2\/product\/3176","targetHints":{"allow":["GET"]}}],"collection":[{"href":"https:\/\/neos-music.com\/en_us\/wp-json\/wp\/v2\/product"}],"about":[{"href":"https:\/\/neos-music.com\/en_us\/wp-json\/wp\/v2\/types\/product"}],"version-history":[{"count":0,"href":"https:\/\/neos-music.com\/en_us\/wp-json\/wp\/v2\/product\/3176\/revisions"}],"wp:featuredmedia":[{"embeddable":true,"href":"https:\/\/neos-music.com\/en_us\/wp-json\/wp\/v2\/media\/3177"}],"wp:attachment":[{"href":"https:\/\/neos-music.com\/en_us\/wp-json\/wp\/v2\/media?parent=3176"}],"wp:term":[{"taxonomy":"product_brand","embeddable":true,"href":"https:\/\/neos-music.com\/en_us\/wp-json\/wp\/v2\/product_brand?post=3176"},{"taxonomy":"product_cat","embeddable":true,"href":"https:\/\/neos-music.com\/en_us\/wp-json\/wp\/v2\/product_cat?post=3176"},{"taxonomy":"product_tag","embeddable":true,"href":"https:\/\/neos-music.com\/en_us\/wp-json\/wp\/v2\/product_tag?post=3176"}],"curies":[{"name":"wp","href":"https:\/\/api.w.org\/{rel}","templated":true}]}}