{"id":3182,"date":"2009-03-16T10:13:39","date_gmt":"2009-03-16T10:13:39","guid":{"rendered":"https:\/\/neos-music.com\/?post_type=product&#038;p=3182"},"modified":"2023-01-08T18:42:25","modified_gmt":"2023-01-08T18:42:25","slug":"mary-oliver-johanna-varner-jomo","status":"publish","type":"product","link":"https:\/\/neos-music.com\/en_us\/product\/mary-oliver-johanna-varner-jomo\/","title":{"rendered":"Mary Oliver, Johanna Varner: JOMO"},"content":{"rendered":"<p>Infotext:<\/p>\n<table border=\"0\" width=\"100%\" rules=\"none\" cellspacing=\"0\" cellpadding=\"0\">\n<tbody>\n<tr>\n<td class=\"bigcontent2\">\n<div id=\"infotext\">\n<p><b>JOMO<\/b><br \/>\n<a class=\"arcoma_glossarylink\" href=\"https:\/\/neos-music.com\/output.php?content=Kuenstler\/Mary_Oliver.php&amp;treplace=english%2Cgerman\" target=\"_self\" rel=\"noopener\">Mary Oliver<\/a>, Violine &amp; Viola<br \/>\n<a class=\"arcoma_glossarylink\" href=\"https:\/\/neos-music.com\/output.php?content=Kuenstler\/Johanna_Varner.php&amp;treplace=english%2Cgerman\" target=\"_self\" rel=\"noopener\">Johanna Varner<\/a>, Cello<\/p>\n<p>Johanna Varner, Cellistin, Stipendiatin der Stadt M\u00fcnchen und Initiatorin zahlreicher Konzertreihen in M\u00fcnchen und Mary Oliver aus USA, Mitglied des ICP Orkest, Dr. Phil. der Musiktheorie und Solistin auf der Viola und Violine, haben 2008 das Duo JOMO gegr\u00fcndet. Die beiden experimentierfreudigen und unangepassten Musikerinnen setzen sich mit neuen kreativen Konzepten einer experimentellen, \u00e4sthetisch widerst\u00e4ndigen Musik von \u00fcberbordendem Klangreichtum auseinander.<\/p>\n<p>Hier werden keine k\u00fcnstlichen Oppositionen zwischen Klassik, zeitgen\u00f6ssischer Musik und Jazz-improvisation aufgebaut, sondern freie Improvisationen stehen neben Ankl\u00e4ngen aus allen Epochen, Jazz und Neuer Musik. Dass Johanna Varner und Mary Oliver beide eine klassische Streicherausbildung an renommierten Hochschulen genossen haben, pr\u00e4gt das musikalische Spektrum des Duos JOMO: Es oszilliert zwischen den akustischen Verfremdungen der Scordatura und rhapsodischen Mehrkl\u00e4ngen, zwischen dem kaum h\u00f6rbaren Flirren von Flageoletts und der Sch\u00f6nheit des romantischen Streicherklangs. Johanna Varner vom ICI ensemble munich und Mary Oliver vom ICP Orkest pr\u00e4sentieren ihre erste Duo-CD in der ICI Edition.<\/p>\n<p>JOMO ist eine organische Musik-Collage, die von Stilbr\u00fcchen und der \u00fcberraschenden Gegen\u00fcberstellung und Verfremdung klanglicher Elemente gepr\u00e4gt ist. Durch die Entstehung des Tones als musikalisches Material, \u203aexterritoriale\u2039 Spieltechniken und arabeskenhafte Sch\u00f6nheit und Sinnlichkeit als \u00dcbertr\u00e4gersubstanz f\u00fcr eine neue Inhaltlichkeit sto\u00dfen Johanna Varner und Mary Oliver das Tor in eine zeitgen\u00f6ssische und doch zeitlose Klangwelt auf. Kristalline Strukturen und fragil-fl\u00fcchtige Klangextrakte entf\u00fchren die Zuh\u00f6rer in eine au\u00dfermusikalische \u00c4sthetik.<\/p>\n<p><b>Stefan Rutz \u00fcber JOMO:<\/b><\/p>\n<p>Da strecken sich mit dem ersten Ton die K\u00f6pfe. Es wird nicht eine bekannte Symphonie, eine bekannte Tonfolge pr\u00e4sentiert. Der Zuschauer wird vielmehr mit einem aufregenden Austausch zweier Instrumente rhetorisch unterhaltend konfrontiert. Einem Austausch, der kaum vorhersehbare Wendungen nimmt, der Musik geschehen l\u00e4sst, bei dem kein langer Ton langweilig wirkt, kein kurzer genervt, der den Instrumenten T\u00f6ne entlockt.<\/p>\n<p>Der Schreiber w\u00e4re dankbar, wenn ihm nur zu einem Prozent von diesen T\u00f6nen die entsprechenden W\u00f6rter einfallen w\u00fcrden: die Instrumente, meisterlich gef\u00fchrt, behandelt, zum Klingen gebracht von Johanna Varner und Mary Oliver, sie zwitschern, tuscheln, intrigieren, am\u00fcsieren sich, sie leiden und jubeln, sie tirilieren und kokettieren, sie geben sich nachdenklich, sie interpretieren die gef\u00fchlte Temperatur, die Moral der Menschheit, sie geben sich Pro und Contra \u2013 so was hat man noch nicht erlebt \u2013 sie schwellen in ihrer Lautst\u00e4rke an, sie ziehen sich aber auch scheu zur\u00fcck, tanzen auf dem Hochseil eines einsamen leisen Tones, riskieren Blicke in Abgr\u00fcnde, haben keine Angst vor der Gespr\u00e4chspause, fliegen wie Schmetterlinge durch den Raum \u2026<\/p>\n<\/div>\n<\/td>\n<td><\/td>\n<\/tr>\n<\/tbody>\n<\/table>\n<p>Programm:<\/p>\n<p><a class=\"arcoma_glossarylink\" href=\"https:\/\/neos-music.com\/output.php?content=Kuenstler\/Mary_Oliver.php&amp;treplace=english%2Cgerman\" target=\"_self\" rel=\"noopener\">Mary Oliver<\/a>, violin &amp; viola<br \/>\n<a class=\"arcoma_glossarylink\" href=\"https:\/\/neos-music.com\/output.php?content=Kuenstler\/Johanna_Varner.php&amp;treplace=english%2Cgerman\" target=\"_self\" rel=\"noopener\">Johanna Varner<\/a>, cello<\/p>\n<p>[01]\u00a0<b>bedtime story<\/b>\u00a013:39<br \/>\n[02]\u00a0<b>jomo<\/b>\u00a002:17<br \/>\n[03]\u00a0<b>mojo<\/b>\u00a003:41<br \/>\n<span id=\"flash1\"><\/span><\/p>\n<p>[04]\u00a0<b>monkey<\/b>\u00a002:22<br \/>\n[05]\u00a0<b>night sweets<\/b>\u00a003:48<br \/>\n[06]\u00a0<b>scordatura: part 1<\/b>\u00a002:22<br \/>\n[07]\u00a0<b>2 a.m.<\/b>\u00a004:03<br \/>\n<span id=\"flash2\"><\/span><\/p>\n<p>[08]\u00a0<b>scordatura: part 2<\/b>\u00a001:42<br \/>\n[09]\u00a0<b>closed doors<\/b>\u00a001:53<br \/>\n[10]\u00a0<b>scordatura: part 3<\/b>\u00a004:51<br \/>\n[11]\u00a0<b>down sun<\/b>\u00a010:38<\/p>\n<p>total time: 51:16<\/p>\n<p>All compositions by Mary Oliver and Johanna Varner<\/p>\n<p><a title=\"ZIP-Archiv document, 3,4 MB\" href=\"https:\/\/neos-music.com\/downloads\/album-infos\/NEOS_40809.zip\" target=\"_blank\" rel=\"noopener\">Infopaket f\u00fcr Presse und Vertriebe\u00a0\u00bb<\/a><br \/>\n(ZIP-Archiv, 3,4 MB)<\/p>\n","protected":false},"excerpt":{"rendered":"<p>Infotext: JOMO Mary Oliver, Violine &amp; Viola Johanna Varner, Cello Johanna Varner, Cellistin, Stipendiatin der Stadt M\u00fcnchen und Initiatorin zahlreicher Konzertreihen in M\u00fcnchen und Mary Oliver aus USA, Mitglied des ICP Orkest, Dr. Phil. der Musiktheorie und Solistin auf der Viola und Violine, haben 2008 das Duo JOMO gegr\u00fcndet. Die beiden experimentierfreudigen und unangepassten Musikerinnen [&hellip;]<\/p>\n","protected":false},"featured_media":3183,"template":"","meta":{"site-sidebar-layout":"default","site-content-layout":"default","ast-site-content-layout":"default","site-content-style":"default","site-sidebar-style":"default","ast-global-header-display":"","ast-banner-title-visibility":"","ast-main-header-display":"","ast-hfb-above-header-display":"","ast-hfb-below-header-display":"","ast-hfb-mobile-header-display":"","site-post-title":"","ast-breadcrumbs-content":"","ast-featured-img":"","footer-sml-layout":"","theme-transparent-header-meta":"default","adv-header-id-meta":"","stick-header-meta":"","header-above-stick-meta":"","header-main-stick-meta":"","header-below-stick-meta":"","astra-migrate-meta-layouts":"default","ast-page-background-enabled":"default","ast-page-background-meta":{"desktop":{"background-color":"","background-image":"","background-repeat":"repeat","background-position":"center center","background-size":"auto","background-attachment":"scroll","background-type":"","background-media":"","overlay-type":"","overlay-color":"","overlay-opacity":"","overlay-gradient":""},"tablet":{"background-color":"","background-image":"","background-repeat":"repeat","background-position":"center center","background-size":"auto","background-attachment":"scroll","background-type":"","background-media":"","overlay-type":"","overlay-color":"","overlay-opacity":"","overlay-gradient":""},"mobile":{"background-color":"","background-image":"","background-repeat":"repeat","background-position":"center center","background-size":"auto","background-attachment":"scroll","background-type":"","background-media":"","overlay-type":"","overlay-color":"","overlay-opacity":"","overlay-gradient":""}},"ast-content-background-meta":{"desktop":{"background-color":"var(--ast-global-color-5)","background-image":"","background-repeat":"repeat","background-position":"center center","background-size":"auto","background-attachment":"scroll","background-type":"","background-media":"","overlay-type":"","overlay-color":"","overlay-opacity":"","overlay-gradient":""},"tablet":{"background-color":"var(--ast-global-color-5)","background-image":"","background-repeat":"repeat","background-position":"center center","background-size":"auto","background-attachment":"scroll","background-type":"","background-media":"","overlay-type":"","overlay-color":"","overlay-opacity":"","overlay-gradient":""},"mobile":{"background-color":"var(--ast-global-color-5)","background-image":"","background-repeat":"repeat","background-position":"center center","background-size":"auto","background-attachment":"scroll","background-type":"","background-media":"","overlay-type":"","overlay-color":"","overlay-opacity":"","overlay-gradient":""}}},"product_brand":[],"product_cat":[879,26],"product_tag":[],"class_list":{"0":"post-3182","1":"product","2":"type-product","3":"status-publish","4":"has-post-thumbnail","6":"product_cat-violoncello","7":"product_cat-zeitgenossische-musik","8":"pa_artikelnummer-neos-40809","9":"pa_brand-neos-music","10":"pa_ean-725","11":"desktop-align-left","12":"tablet-align-left","13":"mobile-align-left","15":"first","16":"instock","17":"taxable","18":"shipping-taxable","19":"purchasable","20":"product-type-simple"},"yoast_head":"<!-- This site is optimized with the Yoast SEO plugin v27.3 - https:\/\/yoast.com\/product\/yoast-seo-wordpress\/ -->\n<title>Mary Oliver, Johanna Varner: JOMO - NEOS Music<\/title>\n<meta name=\"robots\" content=\"index, follow, max-snippet:-1, max-image-preview:large, max-video-preview:-1\" \/>\n<link rel=\"canonical\" href=\"https:\/\/neos-music.com\/en_us\/product\/mary-oliver-johanna-varner-jomo\/\" \/>\n<meta property=\"og:locale\" content=\"en_US\" \/>\n<meta property=\"og:type\" content=\"article\" \/>\n<meta property=\"og:title\" content=\"Mary Oliver, Johanna Varner: JOMO - NEOS Music\" \/>\n<meta property=\"og:description\" content=\"Infotext: JOMO Mary Oliver, Violine &amp; Viola Johanna Varner, Cello Johanna Varner, Cellistin, Stipendiatin der Stadt M\u00fcnchen und Initiatorin zahlreicher Konzertreihen in M\u00fcnchen und Mary Oliver aus USA, Mitglied des ICP Orkest, Dr. Phil. der Musiktheorie und Solistin auf der Viola und Violine, haben 2008 das Duo JOMO gegr\u00fcndet. Die beiden experimentierfreudigen und unangepassten Musikerinnen [&hellip;]\" \/>\n<meta property=\"og:url\" content=\"https:\/\/neos-music.com\/en_us\/product\/mary-oliver-johanna-varner-jomo\/\" \/>\n<meta property=\"og:site_name\" content=\"NEOS Music\" \/>\n<meta property=\"article:modified_time\" content=\"2023-01-08T18:42:25+00:00\" \/>\n<meta property=\"og:image\" content=\"https:\/\/neos-music.com\/wp-content\/uploads\/2022\/11\/NEOS_40809_JOMO.jpeg\" \/>\n\t<meta property=\"og:image:width\" content=\"1649\" \/>\n\t<meta property=\"og:image:height\" content=\"1483\" \/>\n\t<meta property=\"og:image:type\" content=\"image\/jpeg\" \/>\n<meta name=\"twitter:card\" content=\"summary_large_image\" \/>\n<meta name=\"twitter:label1\" content=\"Est. reading time\" \/>\n\t<meta name=\"twitter:data1\" content=\"2 minutes\" \/>\n<script type=\"application\/ld+json\" class=\"yoast-schema-graph\">{\"@context\":\"https:\\\/\\\/schema.org\",\"@graph\":[{\"@type\":\"WebPage\",\"@id\":\"https:\\\/\\\/neos-music.com\\\/product\\\/mary-oliver-johanna-varner-jomo\\\/\",\"url\":\"https:\\\/\\\/neos-music.com\\\/product\\\/mary-oliver-johanna-varner-jomo\\\/\",\"name\":\"Mary Oliver, Johanna Varner: JOMO - NEOS Music\",\"isPartOf\":{\"@id\":\"https:\\\/\\\/neos-music.com\\\/#website\"},\"primaryImageOfPage\":{\"@id\":\"https:\\\/\\\/neos-music.com\\\/product\\\/mary-oliver-johanna-varner-jomo\\\/#primaryimage\"},\"image\":{\"@id\":\"https:\\\/\\\/neos-music.com\\\/product\\\/mary-oliver-johanna-varner-jomo\\\/#primaryimage\"},\"thumbnailUrl\":\"https:\\\/\\\/i0.wp.com\\\/neos-music.com\\\/wp-content\\\/uploads\\\/2022\\\/11\\\/NEOS_40809_JOMO.jpeg?fit=1649%2C1483&ssl=1\",\"datePublished\":\"2009-03-16T10:13:39+00:00\",\"dateModified\":\"2023-01-08T18:42:25+00:00\",\"breadcrumb\":{\"@id\":\"https:\\\/\\\/neos-music.com\\\/product\\\/mary-oliver-johanna-varner-jomo\\\/#breadcrumb\"},\"inLanguage\":\"en-US\",\"potentialAction\":[{\"@type\":\"ReadAction\",\"target\":[\"https:\\\/\\\/neos-music.com\\\/product\\\/mary-oliver-johanna-varner-jomo\\\/\"]}]},{\"@type\":\"ImageObject\",\"inLanguage\":\"en-US\",\"@id\":\"https:\\\/\\\/neos-music.com\\\/product\\\/mary-oliver-johanna-varner-jomo\\\/#primaryimage\",\"url\":\"https:\\\/\\\/i0.wp.com\\\/neos-music.com\\\/wp-content\\\/uploads\\\/2022\\\/11\\\/NEOS_40809_JOMO.jpeg?fit=1649%2C1483&ssl=1\",\"contentUrl\":\"https:\\\/\\\/i0.wp.com\\\/neos-music.com\\\/wp-content\\\/uploads\\\/2022\\\/11\\\/NEOS_40809_JOMO.jpeg?fit=1649%2C1483&ssl=1\",\"width\":1649,\"height\":1483},{\"@type\":\"BreadcrumbList\",\"@id\":\"https:\\\/\\\/neos-music.com\\\/product\\\/mary-oliver-johanna-varner-jomo\\\/#breadcrumb\",\"itemListElement\":[{\"@type\":\"ListItem\",\"position\":1,\"name\":\"Startseite\",\"item\":\"https:\\\/\\\/neos-music.com\\\/\"},{\"@type\":\"ListItem\",\"position\":2,\"name\":\"Produkte\",\"item\":\"https:\\\/\\\/neos-music.com\\\/shop__trashed\\\/\"},{\"@type\":\"ListItem\",\"position\":3,\"name\":\"Mary Oliver, Johanna Varner: JOMO\"}]},{\"@type\":\"WebSite\",\"@id\":\"https:\\\/\\\/neos-music.com\\\/#website\",\"url\":\"https:\\\/\\\/neos-music.com\\\/\",\"name\":\"NEOS Music\",\"description\":\"Dein Online Shop f\u00fcr zeitgen\u00f6ssische Musik, Jazz und Classics!\",\"publisher\":{\"@id\":\"https:\\\/\\\/neos-music.com\\\/#organization\"},\"potentialAction\":[{\"@type\":\"SearchAction\",\"target\":{\"@type\":\"EntryPoint\",\"urlTemplate\":\"https:\\\/\\\/neos-music.com\\\/?s={search_term_string}\"},\"query-input\":{\"@type\":\"PropertyValueSpecification\",\"valueRequired\":true,\"valueName\":\"search_term_string\"}}],\"inLanguage\":\"en-US\"},{\"@type\":\"Organization\",\"@id\":\"https:\\\/\\\/neos-music.com\\\/#organization\",\"name\":\"NEOS Music\",\"url\":\"https:\\\/\\\/neos-music.com\\\/\",\"logo\":{\"@type\":\"ImageObject\",\"inLanguage\":\"en-US\",\"@id\":\"https:\\\/\\\/neos-music.com\\\/#\\\/schema\\\/logo\\\/image\\\/\",\"url\":\"https:\\\/\\\/i0.wp.com\\\/neos-music.com\\\/wp-content\\\/uploads\\\/2025\\\/08\\\/NEOS-Logo-weiss.png?fit=800%2C203&ssl=1\",\"contentUrl\":\"https:\\\/\\\/i0.wp.com\\\/neos-music.com\\\/wp-content\\\/uploads\\\/2025\\\/08\\\/NEOS-Logo-weiss.png?fit=800%2C203&ssl=1\",\"width\":800,\"height\":203,\"caption\":\"NEOS Music\"},\"image\":{\"@id\":\"https:\\\/\\\/neos-music.com\\\/#\\\/schema\\\/logo\\\/image\\\/\"}}]}<\/script>\n<!-- \/ Yoast SEO plugin. -->","yoast_head_json":{"title":"Mary Oliver, Johanna Varner: JOMO - NEOS Music","robots":{"index":"index","follow":"follow","max-snippet":"max-snippet:-1","max-image-preview":"max-image-preview:large","max-video-preview":"max-video-preview:-1"},"canonical":"https:\/\/neos-music.com\/en_us\/product\/mary-oliver-johanna-varner-jomo\/","og_locale":"en_US","og_type":"article","og_title":"Mary Oliver, Johanna Varner: JOMO - NEOS Music","og_description":"Infotext: JOMO Mary Oliver, Violine &amp; Viola Johanna Varner, Cello Johanna Varner, Cellistin, Stipendiatin der Stadt M\u00fcnchen und Initiatorin zahlreicher Konzertreihen in M\u00fcnchen und Mary Oliver aus USA, Mitglied des ICP Orkest, Dr. Phil. der Musiktheorie und Solistin auf der Viola und Violine, haben 2008 das Duo JOMO gegr\u00fcndet. Die beiden experimentierfreudigen und unangepassten Musikerinnen [&hellip;]","og_url":"https:\/\/neos-music.com\/en_us\/product\/mary-oliver-johanna-varner-jomo\/","og_site_name":"NEOS Music","article_modified_time":"2023-01-08T18:42:25+00:00","og_image":[{"width":1649,"height":1483,"url":"https:\/\/neos-music.com\/wp-content\/uploads\/2022\/11\/NEOS_40809_JOMO.jpeg","type":"image\/jpeg"}],"twitter_card":"summary_large_image","twitter_misc":{"Est. reading time":"2 minutes"},"schema":{"@context":"https:\/\/schema.org","@graph":[{"@type":"WebPage","@id":"https:\/\/neos-music.com\/product\/mary-oliver-johanna-varner-jomo\/","url":"https:\/\/neos-music.com\/product\/mary-oliver-johanna-varner-jomo\/","name":"Mary Oliver, Johanna Varner: JOMO - NEOS Music","isPartOf":{"@id":"https:\/\/neos-music.com\/#website"},"primaryImageOfPage":{"@id":"https:\/\/neos-music.com\/product\/mary-oliver-johanna-varner-jomo\/#primaryimage"},"image":{"@id":"https:\/\/neos-music.com\/product\/mary-oliver-johanna-varner-jomo\/#primaryimage"},"thumbnailUrl":"https:\/\/i0.wp.com\/neos-music.com\/wp-content\/uploads\/2022\/11\/NEOS_40809_JOMO.jpeg?fit=1649%2C1483&ssl=1","datePublished":"2009-03-16T10:13:39+00:00","dateModified":"2023-01-08T18:42:25+00:00","breadcrumb":{"@id":"https:\/\/neos-music.com\/product\/mary-oliver-johanna-varner-jomo\/#breadcrumb"},"inLanguage":"en-US","potentialAction":[{"@type":"ReadAction","target":["https:\/\/neos-music.com\/product\/mary-oliver-johanna-varner-jomo\/"]}]},{"@type":"ImageObject","inLanguage":"en-US","@id":"https:\/\/neos-music.com\/product\/mary-oliver-johanna-varner-jomo\/#primaryimage","url":"https:\/\/i0.wp.com\/neos-music.com\/wp-content\/uploads\/2022\/11\/NEOS_40809_JOMO.jpeg?fit=1649%2C1483&ssl=1","contentUrl":"https:\/\/i0.wp.com\/neos-music.com\/wp-content\/uploads\/2022\/11\/NEOS_40809_JOMO.jpeg?fit=1649%2C1483&ssl=1","width":1649,"height":1483},{"@type":"BreadcrumbList","@id":"https:\/\/neos-music.com\/product\/mary-oliver-johanna-varner-jomo\/#breadcrumb","itemListElement":[{"@type":"ListItem","position":1,"name":"Startseite","item":"https:\/\/neos-music.com\/"},{"@type":"ListItem","position":2,"name":"Produkte","item":"https:\/\/neos-music.com\/shop__trashed\/"},{"@type":"ListItem","position":3,"name":"Mary Oliver, Johanna Varner: JOMO"}]},{"@type":"WebSite","@id":"https:\/\/neos-music.com\/#website","url":"https:\/\/neos-music.com\/","name":"NEOS Music","description":"Dein Online Shop f\u00fcr zeitgen\u00f6ssische Musik, Jazz und Classics!","publisher":{"@id":"https:\/\/neos-music.com\/#organization"},"potentialAction":[{"@type":"SearchAction","target":{"@type":"EntryPoint","urlTemplate":"https:\/\/neos-music.com\/?s={search_term_string}"},"query-input":{"@type":"PropertyValueSpecification","valueRequired":true,"valueName":"search_term_string"}}],"inLanguage":"en-US"},{"@type":"Organization","@id":"https:\/\/neos-music.com\/#organization","name":"NEOS Music","url":"https:\/\/neos-music.com\/","logo":{"@type":"ImageObject","inLanguage":"en-US","@id":"https:\/\/neos-music.com\/#\/schema\/logo\/image\/","url":"https:\/\/i0.wp.com\/neos-music.com\/wp-content\/uploads\/2025\/08\/NEOS-Logo-weiss.png?fit=800%2C203&ssl=1","contentUrl":"https:\/\/i0.wp.com\/neos-music.com\/wp-content\/uploads\/2025\/08\/NEOS-Logo-weiss.png?fit=800%2C203&ssl=1","width":800,"height":203,"caption":"NEOS Music"},"image":{"@id":"https:\/\/neos-music.com\/#\/schema\/logo\/image\/"}}]}},"jetpack_sharing_enabled":true,"_links":{"self":[{"href":"https:\/\/neos-music.com\/en_us\/wp-json\/wp\/v2\/product\/3182","targetHints":{"allow":["GET"]}}],"collection":[{"href":"https:\/\/neos-music.com\/en_us\/wp-json\/wp\/v2\/product"}],"about":[{"href":"https:\/\/neos-music.com\/en_us\/wp-json\/wp\/v2\/types\/product"}],"version-history":[{"count":0,"href":"https:\/\/neos-music.com\/en_us\/wp-json\/wp\/v2\/product\/3182\/revisions"}],"wp:featuredmedia":[{"embeddable":true,"href":"https:\/\/neos-music.com\/en_us\/wp-json\/wp\/v2\/media\/3183"}],"wp:attachment":[{"href":"https:\/\/neos-music.com\/en_us\/wp-json\/wp\/v2\/media?parent=3182"}],"wp:term":[{"taxonomy":"product_brand","embeddable":true,"href":"https:\/\/neos-music.com\/en_us\/wp-json\/wp\/v2\/product_brand?post=3182"},{"taxonomy":"product_cat","embeddable":true,"href":"https:\/\/neos-music.com\/en_us\/wp-json\/wp\/v2\/product_cat?post=3182"},{"taxonomy":"product_tag","embeddable":true,"href":"https:\/\/neos-music.com\/en_us\/wp-json\/wp\/v2\/product_tag?post=3182"}],"curies":[{"name":"wp","href":"https:\/\/api.w.org\/{rel}","templated":true}]}}