{"id":3184,"date":"2009-03-05T12:02:06","date_gmt":"2009-03-05T12:02:06","guid":{"rendered":"https:\/\/neos-music.com\/?post_type=product&#038;p=3184"},"modified":"2023-01-09T17:25:08","modified_gmt":"2023-01-09T17:25:08","slug":"johannes-brahms-liebeslieder-walzer","status":"publish","type":"product","link":"https:\/\/neos-music.com\/en_us\/product\/johannes-brahms-liebeslieder-walzer\/","title":{"rendered":"Johannes Brahms: Liebeslieder &#038; Walzer"},"content":{"rendered":"<p>Infotext:<\/p>\n<table border=\"0\" width=\"100%\" rules=\"none\" cellspacing=\"0\" cellpadding=\"0\">\n<tbody>\n<tr>\n<td class=\"bigcontent2\">\n<div id=\"infotext\">\n<p><b>Fl\u00fcchtige Walzer als \u203adauerhafte Musik\u2039<\/b><\/p>\n<p>\u00bbLeider nicht von mir\u00ab schrieb Johannes Brahms einmal unter die Anfangstakte des Walzers An der sch\u00f6nen blauen Donau, und zahlreich sind die Zeugnisse von Brahms\u2019 Bewunderung des Walzerk\u00f6nigs Johann Strau\u00df und der gegenseitigen Wertsch\u00e4tzung. Der Walzer war nicht nur pr\u00e4gnantes Idiom der Habsburger k.u.k.-Hauptstadt Wien im 19. Jahrhundert, sondern ist bis heute geradezu deren Wahrzeichen.<\/p>\n<p>F\u00fcr den ab 1863 zunehmend enger an Wien gebundenen Brahms bedeutete die Komposition von Walzern neben der Hommage an die neue Wahlheimat auch einen Prozess musikalischer Assimilation. Der ber\u00fchmte Wiener Musikkritiker und Brahms-Apologet Eduard Hanslick beschreibt dies 1866 in der \u203aAllgemeinen Musikalischen Zeitung\u2039, wobei er sich auf die ihm gewidmeten Walzer op. 39 f\u00fcr Klavier zu vier H\u00e4nden bezieht:<\/p>\n<p>\u00bbBrahms und Walzer: die beiden Worte sehen einander auf dem zierlichen Titelblatte f\u00f6rmlich erstaunt an. Der ernste schweigsame Brahms, der echte J\u00fcnger Schumanns, norddeutsch, protestantisch und unweltlich wie dieser schreibt Walzer? Ein Wort l\u00f6st uns das R\u00e4tsel, es hei\u00dft: Wien. Auch die Walzer von Brahms sind eine Frucht seines Wiener Aufenthalts, und wahrlich von s\u00fc\u00dfester Art. Nicht umsonst hat dieser seinen Organismus Jahr und Tag der leichten, wohligen Luft \u00d6sterreichs ausgesetzt \u2013 seine Walzer wissen nachtr\u00e4glich davon zu erz\u00e4hlen.<\/p>\n<p>Fern von Wien m\u00fcssen ihm doch die Strau\u00dfschen Walzer und Schuberts L\u00e4ndler, unsere Gstanzel und Jodler [\u2026] nachgeklungen haben, dazu die h\u00fcbschen M\u00e4dchen, der feurige Wein, die waldgr\u00fcnen H\u00f6hen und was sonst noch. Wer Anteil nimmt an der Entwicklung dieses echten und tiefen [\u2026] Talentes, der wird die Walzer als gl\u00fcckliches Zeichen einer verj\u00fcngten und erfrischten Empf\u00e4nglichkeit begr\u00fc\u00dfen [\u2026]. Welch reizende, liebensw\u00fcrdige Kl\u00e4nge! Wirkliche Tanzmusik wird nat\u00fcrlich niemand erwarten: Walzer-Melodie und Rhythmus sind in k\u00fcnstlerisch freier Form behandelt und durch vornehmen Ausdruck gleichsam nobilisiert.\u00ab<\/p>\n<p>In der \u00dcberh\u00f6hung der ephemeren T\u00e4nze zur Kunstform entsprechen die Walzer op. 39 \u2013 wie auch die beiden Serien der Liebeslieder-Walzer \u2013 in besonderer Weise Brahms\u2019 Ideal von \u203adauerhafter Musik\u2039. Die Walzer op. 39 sind 1865 komponiert, die beiden Serien der Liebeslieder-Walzer als op. 52 (1868\/69) und op. 65 (1874\/75) entstanden. Die Vokalausf\u00fchrung der Liebeslieder-Walzer nimmt die traditionelle Form von Gesangs-Walzern auf, die sich seinerzeit gr\u00f6\u00dfter Beliebtheit erfreuten; auch Johann Strau\u00df\u2019 An der sch\u00f6nen blauen Donau beispielsweise bezieht sich im Titel auf den urspr\u00fcnglich zugrundeliegenden M\u00e4nnerchor.<\/p>\n<p>Die Neuen Liebeslieder-Walzer sind hingegen weniger volkst\u00fcmliche Wechselges\u00e4nge als vielmehr \u00fcberwiegend einstimmige Kunstlieder; auch ist der Walzer-Charakter als musikalischer Grundschlag jedes Liedes viel weniger handgreiflich, ist sublimiert und aufgel\u00f6st in einem kunstvollen Klaviersatz. Der Pianist Brahms ist hier, mit seinem ureigensten Instrument, auch handwerklich ganz bei sich und gestaltet den Klavierpart als zur\u00fcckgenommen-diskrete, dabei v\u00f6llig autonome kammermusikalische Miniaturen.<\/p>\n<p>Die von Brahms zur Vertonung ausgew\u00e4hlten Texte beider Serien der Liebeslieder-Walzer stammen aus der 1855 erschienenen Sammlung Polydora \u2013 ein weltpoetisches Liederbuch von Georg Friedrich Daumer. Er war ein Lyriker und Erz\u00e4hler von orientalisch beeinflusster Formkunst, die jedoch \u2013 anders als bei seinem Zeitgenossen Friedrich R\u00fcckert \u2013 nicht wissenschaftlich fundiert war. Daumer hatte denn auch die in Polydora gesammelten Gedichte als \u00dcbersetzungen russischer, polnischer und ungarischer Volkslyrik ausgegeben, jedoch erwiesen sie sich sp\u00e4ter als seine eigenen Sch\u00f6pfungen. Das letzte Lied von opus 65 stammt \u2013 als demonstrativer Abschluss der beiden Walzerserien \u2013 nicht von Daumer, sondern von Johann Wolfgang von Goethe: Zum Schlu\u00df hat Brahms diese Anrufung der Musen in den letzten Zeilen von dessen Gedicht Alexis und Dora \u00fcberschrieben.<\/p>\n<p>Die hier vorgelegte Interpretation entspricht in besonderer Weise Brahms\u2019 Anspruch einer kompositorischen Synthese von musikalischem Volkston und satztechnischer Kunstfertigkeit. Dirigent, S\u00e4nger und Pianisten haben eine Authentizit\u00e4t des Musizierens erarbeitet, die sich insbesondere in der deklamatorischen Phrasierung und Artikulation der Walzer \u00e4u\u00dfert: Deren melodische Geste wird unterstrichen durch Beschleunigen und Abbremsen, die innere Gestalt ist durch sinnf\u00e4lliges Abphrasieren strukturiert und aller liedertafelhaften Leierei entkleidet. Dieser \u203aKlangrede\u2039 entspricht das volumin\u00f6se und zugleich durchsichtige Timbre des historischen Erard-Fl\u00fcgels, gefertigt im Jahre 1839 und eines der zahlreichen spielfertigen historischen Tasteninstrumente aus dem Pianoatelier des WDR.<\/p>\n<p>Mit all diesen Komponenten l\u00f6st die vorliegende Ausf\u00fchrung Brahms\u2019 Anspruch von \u203adauerhafter Musik\u2039 bezwingend ein; diese einzigartig geschlossene Darstellung beglaubigt Brahms\u2019 kleinformatige Walzer als Charakterst\u00fccke, erhebt sie zu manchmal sogar abgr\u00fcndigen Seelenbildern.<\/p>\n<p>Michael Schwalb<\/p>\n<\/div>\n<\/td>\n<td><\/td>\n<\/tr>\n<\/tbody>\n<\/table>\n<p>Programm:<\/p>\n<table border=\"0\" width=\"100%\" rules=\"none\" cellspacing=\"0\" cellpadding=\"0\">\n<tbody>\n<tr>\n<td class=\"bigcontent2\">\n<div id=\"tracks\">\n<p><b>Liebeslieder<\/b>\u00a0op. 52 (1868\/69) 22:49<br \/>\n18 waltzes for chorus and piano four hands<br \/>\nTexts by Georg Friedrich Daumer<\/p>\n<p>[01]\u00a0<b>No. 1 \u2013 Rede, M\u00e4dchen, allzu liebes<\/b>\u00a001:18<br \/>\n[02]\u00a0<b>No. 2 \u2013 Am Gesteine rauscht die Flut<\/b>\u00a000:56<br \/>\n[03]\u00a0<b>No. 3 \u2013 O die Frauen<\/b>\u00a000:57<br \/>\n[04]\u00a0<b>No. 4 \u2013 Wie des Abends sch\u00f6ne R\u00f6te<\/b>\u00a000:48<br \/>\n[05]\u00a0<b>No. 5 \u2013 Die gr\u00fcne Hopfenranke<\/b>\u00a001:30<br \/>\n[06]\u00a0<b>No. 6 \u2013 Ein kleiner, h\u00fcbscher Vogel<\/b>\u00a002:30<br \/>\n<span id=\"flash1\"><\/span><\/p>\n<p>[07]\u00a0<b>No. 7 \u2013 Wohl sch\u00f6n bewandt war es<\/b>\u00a001:20<br \/>\n[08]\u00a0<b>No. 8 \u2013 Wenn so lind dein Auge mir<\/b>\u00a001:33<br \/>\n[09]\u00a0<b>No. 9 \u2013 Am Donaustrande<\/b>\u00a001:55<br \/>\n[10]\u00a0<b>No. 10 \u2013 O wie sanft die Quelle<\/b>\u00a001:10<br \/>\n[11]\u00a0<b>No. 11 \u2013 Nein, es ist nicht auszukommen<\/b>\u00a001:08<br \/>\n[12]\u00a0<b>No. 12 \u2013 Schlosser auf, und mache Schl\u00f6sser 00<\/b>:49<br \/>\n[13]\u00a0<b>No. 13 \u2013 V\u00f6gelein durchrauscht die Luft<\/b>\u00a000:52<br \/>\n[14]\u00a0<b>No. 14 \u2013 Sieh, wie ist die Welle klar<\/b>\u00a000:53<br \/>\n[15]\u00a0<b>No. 15 \u2013 Nachtigall, sie singt so sch\u00f6n<\/b>\u00a001:06<br \/>\n[16]\u00a0<b>No. 16 \u2013 Ein dunkeler Schacht ist Liebe<\/b>\u00a001:04<br \/>\n[17]\u00a0<b>No. 17 \u2013 Nicht wandle, mein Licht<\/b>\u00a002:04<br \/>\n<span id=\"flash2\"><\/span><\/p>\n<p>[18]\u00a0<b>No. 18 \u2013 Es bebet das Gestr\u00e4uche<\/b>\u00a000:56<\/p>\n<p>[19-34]\u00a0<b>Walzer<\/b>\u00a0op. 39 (1865) 21:48<br \/>\n16 waltzes for piano four hands<br \/>\n<span id=\"flash3\"><\/span><\/p>\n<p><b>Neue Liebeslieder<\/b>\u00a0op. 65 (1874\/75) 18:56<br \/>\n15 waltzes for chorus and piano four hands<br \/>\nTexts by Georg Friedrich Daumer (Nos. 1\u201314)<br \/>\nand Johann Wolfgang von Goethe (No. 15)<\/p>\n<p>[35]\u00a0<b>No. 1 \u2013 Verzicht, o Herz, auf Rettung<\/b>\u00a000:50<br \/>\n[36]\u00a0<b>No. 2 \u2013 Finstere Schatten der Nacht<\/b>\u00a001:30<br \/>\n<span id=\"flash4\"><\/span><\/p>\n<p>[37]\u00a0<b>No. 3 \u2013 An jeder Hand die Finger<\/b>\u00a001:09<br \/>\n[38]\u00a0<b>No. 4 \u2013 Ihr schwarzen Augen<\/b>\u00a000:47<br \/>\n[39]\u00a0<b>No. 5 \u2013 Wahre, wahre deinen Sohn<\/b>\u00a001:11<br \/>\n[40]\u00a0<b>No. 6 \u2013 Rosen steckt mir an die Mutter<\/b>\u00a000:50<br \/>\n[41]\u00a0<b>No. 7 \u2013 Vom Gebirge Well\u2019 auf Well\u2019<\/b>\u00a001:21<br \/>\n[42]\u00a0<b>No. 8 \u2013 Weiche Gr\u00e4ser im Revier<\/b>\u00a001:14<br \/>\n[43]\u00a0<b>No. 9 \u2013 Nagen am Herzen f\u00fchl ich<\/b>\u00a001:20<br \/>\n[44]\u00a0<b>No. 10 \u2013 Ich kose s\u00fc\u00df mit der und der<\/b>\u00a001:08<br \/>\n[45]\u00a0<b>No. 11 \u2013 Alles, alles in den Wind<\/b>\u00a000:47<br \/>\n[46]\u00a0<b>No. 12 \u2013 Schwarzer Wald, dein Schatten<\/b>\u00a001:40<br \/>\n<span id=\"flash5\"><\/span><\/p>\n<p>[47]\u00a0<b>No. 13 \u2013 Nein, Geliebter, setze dich<\/b>\u00a001:26<br \/>\n[48]\u00a0<b>No. 14 \u2013 Flammenauge, dunkles Haar<\/b>\u00a001:46<br \/>\n[49]\u00a0<b>No. 15 \u2013 Zum Schlu\u00df<\/b>\u00a001:57<\/p>\n<p>total time 63:48<\/p>\n<p><a class=\"arcoma_glossarylink\" href=\"https:\/\/neos-music.com\/output.php?content=Kuenstler\/GrauSchumacher_Piano_Duo.php&amp;treplace=english%2Cgerman\" target=\"_self\" rel=\"noopener\">GrauSchumacher Piano Duo<\/a><br \/>\n<a class=\"arcoma_glossarylink\" href=\"https:\/\/neos-music.com\/output.php?content=Kuenstler\/WDR_Rundfunkchor_Koeln.php&amp;treplace=english%2Cgerman\" target=\"_self\" rel=\"noopener\">WDR Rundfunkchor K\u00f6ln<\/a><br \/>\n<a class=\"arcoma_glossarylink\" href=\"https:\/\/neos-music.com\/output.php?content=Kuenstler\/Rupert_Huber.php&amp;treplace=english%2Cgerman\" target=\"_self\" rel=\"noopener\">Rupert Huber<\/a>, conductor<\/p>\n<\/div>\n<\/td>\n<td><\/td>\n<\/tr>\n<\/tbody>\n<\/table>\n<p><a title=\"ZIP-Archiv document, 3,9 MB\" href=\"https:\/\/neos-music.com\/downloads\/album-infos\/NEOS_30804.zip\" target=\"_blank\" rel=\"noopener\">Infopaket f\u00fcr Presse und Vertriebe\u00a0\u00bb<\/a><br \/>\n(ZIP-Archiv, 3,9 MB)<\/p>\n","protected":false},"excerpt":{"rendered":"<p>Infotext: Fl\u00fcchtige Walzer als \u203adauerhafte Musik\u2039 \u00bbLeider nicht von mir\u00ab schrieb Johannes Brahms einmal unter die Anfangstakte des Walzers An der sch\u00f6nen blauen Donau, und zahlreich sind die Zeugnisse von Brahms\u2019 Bewunderung des Walzerk\u00f6nigs Johann Strau\u00df und der gegenseitigen Wertsch\u00e4tzung. Der Walzer war nicht nur pr\u00e4gnantes Idiom der Habsburger k.u.k.-Hauptstadt Wien im 19. Jahrhundert, sondern [&hellip;]<\/p>\n","protected":false},"featured_media":3185,"template":"","meta":{"site-sidebar-layout":"default","site-content-layout":"default","ast-site-content-layout":"default","site-content-style":"default","site-sidebar-style":"default","ast-global-header-display":"","ast-banner-title-visibility":"","ast-main-header-display":"","ast-hfb-above-header-display":"","ast-hfb-below-header-display":"","ast-hfb-mobile-header-display":"","site-post-title":"","ast-breadcrumbs-content":"","ast-featured-img":"","footer-sml-layout":"","theme-transparent-header-meta":"default","adv-header-id-meta":"","stick-header-meta":"","header-above-stick-meta":"","header-main-stick-meta":"","header-below-stick-meta":"","astra-migrate-meta-layouts":"default","ast-page-background-enabled":"default","ast-page-background-meta":{"desktop":{"background-color":"","background-image":"","background-repeat":"repeat","background-position":"center center","background-size":"auto","background-attachment":"scroll","background-type":"","background-media":"","overlay-type":"","overlay-color":"","overlay-opacity":"","overlay-gradient":""},"tablet":{"background-color":"","background-image":"","background-repeat":"repeat","background-position":"center center","background-size":"auto","background-attachment":"scroll","background-type":"","background-media":"","overlay-type":"","overlay-color":"","overlay-opacity":"","overlay-gradient":""},"mobile":{"background-color":"","background-image":"","background-repeat":"repeat","background-position":"center center","background-size":"auto","background-attachment":"scroll","background-type":"","background-media":"","overlay-type":"","overlay-color":"","overlay-opacity":"","overlay-gradient":""}},"ast-content-background-meta":{"desktop":{"background-color":"var(--ast-global-color-5)","background-image":"","background-repeat":"repeat","background-position":"center center","background-size":"auto","background-attachment":"scroll","background-type":"","background-media":"","overlay-type":"","overlay-color":"","overlay-opacity":"","overlay-gradient":""},"tablet":{"background-color":"var(--ast-global-color-5)","background-image":"","background-repeat":"repeat","background-position":"center center","background-size":"auto","background-attachment":"scroll","background-type":"","background-media":"","overlay-type":"","overlay-color":"","overlay-opacity":"","overlay-gradient":""},"mobile":{"background-color":"var(--ast-global-color-5)","background-image":"","background-repeat":"repeat","background-position":"center center","background-size":"auto","background-attachment":"scroll","background-type":"","background-media":"","overlay-type":"","overlay-color":"","overlay-opacity":"","overlay-gradient":""}}},"product_brand":[],"product_cat":[25,882],"product_tag":[],"class_list":{"0":"post-3184","1":"product","2":"type-product","3":"status-publish","4":"has-post-thumbnail","6":"product_cat-klassische-musik","7":"product_cat-klavier","8":"pa_artikelnummer-neos-30804","9":"pa_brand-neos-music","10":"pa_ean-727","11":"desktop-align-left","12":"tablet-align-left","13":"mobile-align-left","15":"first","16":"outofstock","17":"taxable","18":"shipping-taxable","19":"purchasable","20":"product-type-simple"},"yoast_head":"<!-- This site is optimized with the Yoast SEO plugin v27.3 - https:\/\/yoast.com\/product\/yoast-seo-wordpress\/ -->\n<title>Johannes Brahms: Liebeslieder &amp; Walzer - NEOS Music<\/title>\n<meta name=\"robots\" content=\"index, follow, max-snippet:-1, max-image-preview:large, max-video-preview:-1\" \/>\n<link rel=\"canonical\" href=\"https:\/\/neos-music.com\/en_us\/product\/johannes-brahms-liebeslieder-walzer\/\" \/>\n<meta property=\"og:locale\" content=\"en_US\" \/>\n<meta property=\"og:type\" content=\"article\" \/>\n<meta property=\"og:title\" content=\"Johannes Brahms: Liebeslieder &amp; Walzer - NEOS Music\" \/>\n<meta property=\"og:description\" content=\"Infotext: Fl\u00fcchtige Walzer als \u203adauerhafte Musik\u2039 \u00bbLeider nicht von mir\u00ab schrieb Johannes Brahms einmal unter die Anfangstakte des Walzers An der sch\u00f6nen blauen Donau, und zahlreich sind die Zeugnisse von Brahms\u2019 Bewunderung des Walzerk\u00f6nigs Johann Strau\u00df und der gegenseitigen Wertsch\u00e4tzung. Der Walzer war nicht nur pr\u00e4gnantes Idiom der Habsburger k.u.k.-Hauptstadt Wien im 19. Jahrhundert, sondern [&hellip;]\" \/>\n<meta property=\"og:url\" content=\"https:\/\/neos-music.com\/en_us\/product\/johannes-brahms-liebeslieder-walzer\/\" \/>\n<meta property=\"og:site_name\" content=\"NEOS Music\" \/>\n<meta property=\"article:modified_time\" content=\"2023-01-09T17:25:08+00:00\" \/>\n<meta property=\"og:image\" content=\"https:\/\/neos-music.com\/wp-content\/uploads\/2022\/11\/NEOS_30804_Brahms_Liebeslieder_Walzer.jpeg\" \/>\n\t<meta property=\"og:image:width\" content=\"1649\" \/>\n\t<meta property=\"og:image:height\" content=\"1482\" \/>\n\t<meta property=\"og:image:type\" content=\"image\/jpeg\" \/>\n<meta name=\"twitter:card\" content=\"summary_large_image\" \/>\n<meta name=\"twitter:label1\" content=\"Est. reading time\" \/>\n\t<meta name=\"twitter:data1\" content=\"5 minutes\" \/>\n<script type=\"application\/ld+json\" class=\"yoast-schema-graph\">{\"@context\":\"https:\\\/\\\/schema.org\",\"@graph\":[{\"@type\":\"WebPage\",\"@id\":\"https:\\\/\\\/neos-music.com\\\/product\\\/johannes-brahms-liebeslieder-walzer\\\/\",\"url\":\"https:\\\/\\\/neos-music.com\\\/product\\\/johannes-brahms-liebeslieder-walzer\\\/\",\"name\":\"Johannes Brahms: Liebeslieder & Walzer - NEOS Music\",\"isPartOf\":{\"@id\":\"https:\\\/\\\/neos-music.com\\\/#website\"},\"primaryImageOfPage\":{\"@id\":\"https:\\\/\\\/neos-music.com\\\/product\\\/johannes-brahms-liebeslieder-walzer\\\/#primaryimage\"},\"image\":{\"@id\":\"https:\\\/\\\/neos-music.com\\\/product\\\/johannes-brahms-liebeslieder-walzer\\\/#primaryimage\"},\"thumbnailUrl\":\"https:\\\/\\\/i0.wp.com\\\/neos-music.com\\\/wp-content\\\/uploads\\\/2022\\\/11\\\/NEOS_30804_Brahms_Liebeslieder_Walzer.jpeg?fit=1649%2C1482&ssl=1\",\"datePublished\":\"2009-03-05T12:02:06+00:00\",\"dateModified\":\"2023-01-09T17:25:08+00:00\",\"breadcrumb\":{\"@id\":\"https:\\\/\\\/neos-music.com\\\/product\\\/johannes-brahms-liebeslieder-walzer\\\/#breadcrumb\"},\"inLanguage\":\"en-US\",\"potentialAction\":[{\"@type\":\"ReadAction\",\"target\":[\"https:\\\/\\\/neos-music.com\\\/product\\\/johannes-brahms-liebeslieder-walzer\\\/\"]}]},{\"@type\":\"ImageObject\",\"inLanguage\":\"en-US\",\"@id\":\"https:\\\/\\\/neos-music.com\\\/product\\\/johannes-brahms-liebeslieder-walzer\\\/#primaryimage\",\"url\":\"https:\\\/\\\/i0.wp.com\\\/neos-music.com\\\/wp-content\\\/uploads\\\/2022\\\/11\\\/NEOS_30804_Brahms_Liebeslieder_Walzer.jpeg?fit=1649%2C1482&ssl=1\",\"contentUrl\":\"https:\\\/\\\/i0.wp.com\\\/neos-music.com\\\/wp-content\\\/uploads\\\/2022\\\/11\\\/NEOS_30804_Brahms_Liebeslieder_Walzer.jpeg?fit=1649%2C1482&ssl=1\",\"width\":1649,\"height\":1482},{\"@type\":\"BreadcrumbList\",\"@id\":\"https:\\\/\\\/neos-music.com\\\/product\\\/johannes-brahms-liebeslieder-walzer\\\/#breadcrumb\",\"itemListElement\":[{\"@type\":\"ListItem\",\"position\":1,\"name\":\"Startseite\",\"item\":\"https:\\\/\\\/neos-music.com\\\/\"},{\"@type\":\"ListItem\",\"position\":2,\"name\":\"Produkte\",\"item\":\"https:\\\/\\\/neos-music.com\\\/shop__trashed\\\/\"},{\"@type\":\"ListItem\",\"position\":3,\"name\":\"Johannes Brahms: Liebeslieder &#038; Walzer\"}]},{\"@type\":\"WebSite\",\"@id\":\"https:\\\/\\\/neos-music.com\\\/#website\",\"url\":\"https:\\\/\\\/neos-music.com\\\/\",\"name\":\"NEOS Music\",\"description\":\"Dein Online Shop f\u00fcr zeitgen\u00f6ssische Musik, Jazz und Classics!\",\"publisher\":{\"@id\":\"https:\\\/\\\/neos-music.com\\\/#organization\"},\"potentialAction\":[{\"@type\":\"SearchAction\",\"target\":{\"@type\":\"EntryPoint\",\"urlTemplate\":\"https:\\\/\\\/neos-music.com\\\/?s={search_term_string}\"},\"query-input\":{\"@type\":\"PropertyValueSpecification\",\"valueRequired\":true,\"valueName\":\"search_term_string\"}}],\"inLanguage\":\"en-US\"},{\"@type\":\"Organization\",\"@id\":\"https:\\\/\\\/neos-music.com\\\/#organization\",\"name\":\"NEOS Music\",\"url\":\"https:\\\/\\\/neos-music.com\\\/\",\"logo\":{\"@type\":\"ImageObject\",\"inLanguage\":\"en-US\",\"@id\":\"https:\\\/\\\/neos-music.com\\\/#\\\/schema\\\/logo\\\/image\\\/\",\"url\":\"https:\\\/\\\/i0.wp.com\\\/neos-music.com\\\/wp-content\\\/uploads\\\/2025\\\/08\\\/NEOS-Logo-weiss.png?fit=800%2C203&ssl=1\",\"contentUrl\":\"https:\\\/\\\/i0.wp.com\\\/neos-music.com\\\/wp-content\\\/uploads\\\/2025\\\/08\\\/NEOS-Logo-weiss.png?fit=800%2C203&ssl=1\",\"width\":800,\"height\":203,\"caption\":\"NEOS Music\"},\"image\":{\"@id\":\"https:\\\/\\\/neos-music.com\\\/#\\\/schema\\\/logo\\\/image\\\/\"}}]}<\/script>\n<!-- \/ Yoast SEO plugin. -->","yoast_head_json":{"title":"Johannes Brahms: Liebeslieder & Walzer - NEOS Music","robots":{"index":"index","follow":"follow","max-snippet":"max-snippet:-1","max-image-preview":"max-image-preview:large","max-video-preview":"max-video-preview:-1"},"canonical":"https:\/\/neos-music.com\/en_us\/product\/johannes-brahms-liebeslieder-walzer\/","og_locale":"en_US","og_type":"article","og_title":"Johannes Brahms: Liebeslieder & Walzer - NEOS Music","og_description":"Infotext: Fl\u00fcchtige Walzer als \u203adauerhafte Musik\u2039 \u00bbLeider nicht von mir\u00ab schrieb Johannes Brahms einmal unter die Anfangstakte des Walzers An der sch\u00f6nen blauen Donau, und zahlreich sind die Zeugnisse von Brahms\u2019 Bewunderung des Walzerk\u00f6nigs Johann Strau\u00df und der gegenseitigen Wertsch\u00e4tzung. Der Walzer war nicht nur pr\u00e4gnantes Idiom der Habsburger k.u.k.-Hauptstadt Wien im 19. Jahrhundert, sondern [&hellip;]","og_url":"https:\/\/neos-music.com\/en_us\/product\/johannes-brahms-liebeslieder-walzer\/","og_site_name":"NEOS Music","article_modified_time":"2023-01-09T17:25:08+00:00","og_image":[{"width":1649,"height":1482,"url":"https:\/\/neos-music.com\/wp-content\/uploads\/2022\/11\/NEOS_30804_Brahms_Liebeslieder_Walzer.jpeg","type":"image\/jpeg"}],"twitter_card":"summary_large_image","twitter_misc":{"Est. reading time":"5 minutes"},"schema":{"@context":"https:\/\/schema.org","@graph":[{"@type":"WebPage","@id":"https:\/\/neos-music.com\/product\/johannes-brahms-liebeslieder-walzer\/","url":"https:\/\/neos-music.com\/product\/johannes-brahms-liebeslieder-walzer\/","name":"Johannes Brahms: Liebeslieder & Walzer - NEOS Music","isPartOf":{"@id":"https:\/\/neos-music.com\/#website"},"primaryImageOfPage":{"@id":"https:\/\/neos-music.com\/product\/johannes-brahms-liebeslieder-walzer\/#primaryimage"},"image":{"@id":"https:\/\/neos-music.com\/product\/johannes-brahms-liebeslieder-walzer\/#primaryimage"},"thumbnailUrl":"https:\/\/i0.wp.com\/neos-music.com\/wp-content\/uploads\/2022\/11\/NEOS_30804_Brahms_Liebeslieder_Walzer.jpeg?fit=1649%2C1482&ssl=1","datePublished":"2009-03-05T12:02:06+00:00","dateModified":"2023-01-09T17:25:08+00:00","breadcrumb":{"@id":"https:\/\/neos-music.com\/product\/johannes-brahms-liebeslieder-walzer\/#breadcrumb"},"inLanguage":"en-US","potentialAction":[{"@type":"ReadAction","target":["https:\/\/neos-music.com\/product\/johannes-brahms-liebeslieder-walzer\/"]}]},{"@type":"ImageObject","inLanguage":"en-US","@id":"https:\/\/neos-music.com\/product\/johannes-brahms-liebeslieder-walzer\/#primaryimage","url":"https:\/\/i0.wp.com\/neos-music.com\/wp-content\/uploads\/2022\/11\/NEOS_30804_Brahms_Liebeslieder_Walzer.jpeg?fit=1649%2C1482&ssl=1","contentUrl":"https:\/\/i0.wp.com\/neos-music.com\/wp-content\/uploads\/2022\/11\/NEOS_30804_Brahms_Liebeslieder_Walzer.jpeg?fit=1649%2C1482&ssl=1","width":1649,"height":1482},{"@type":"BreadcrumbList","@id":"https:\/\/neos-music.com\/product\/johannes-brahms-liebeslieder-walzer\/#breadcrumb","itemListElement":[{"@type":"ListItem","position":1,"name":"Startseite","item":"https:\/\/neos-music.com\/"},{"@type":"ListItem","position":2,"name":"Produkte","item":"https:\/\/neos-music.com\/shop__trashed\/"},{"@type":"ListItem","position":3,"name":"Johannes Brahms: Liebeslieder &#038; Walzer"}]},{"@type":"WebSite","@id":"https:\/\/neos-music.com\/#website","url":"https:\/\/neos-music.com\/","name":"NEOS Music","description":"Dein Online Shop f\u00fcr zeitgen\u00f6ssische Musik, Jazz und Classics!","publisher":{"@id":"https:\/\/neos-music.com\/#organization"},"potentialAction":[{"@type":"SearchAction","target":{"@type":"EntryPoint","urlTemplate":"https:\/\/neos-music.com\/?s={search_term_string}"},"query-input":{"@type":"PropertyValueSpecification","valueRequired":true,"valueName":"search_term_string"}}],"inLanguage":"en-US"},{"@type":"Organization","@id":"https:\/\/neos-music.com\/#organization","name":"NEOS Music","url":"https:\/\/neos-music.com\/","logo":{"@type":"ImageObject","inLanguage":"en-US","@id":"https:\/\/neos-music.com\/#\/schema\/logo\/image\/","url":"https:\/\/i0.wp.com\/neos-music.com\/wp-content\/uploads\/2025\/08\/NEOS-Logo-weiss.png?fit=800%2C203&ssl=1","contentUrl":"https:\/\/i0.wp.com\/neos-music.com\/wp-content\/uploads\/2025\/08\/NEOS-Logo-weiss.png?fit=800%2C203&ssl=1","width":800,"height":203,"caption":"NEOS Music"},"image":{"@id":"https:\/\/neos-music.com\/#\/schema\/logo\/image\/"}}]}},"jetpack_sharing_enabled":true,"_links":{"self":[{"href":"https:\/\/neos-music.com\/en_us\/wp-json\/wp\/v2\/product\/3184","targetHints":{"allow":["GET"]}}],"collection":[{"href":"https:\/\/neos-music.com\/en_us\/wp-json\/wp\/v2\/product"}],"about":[{"href":"https:\/\/neos-music.com\/en_us\/wp-json\/wp\/v2\/types\/product"}],"version-history":[{"count":0,"href":"https:\/\/neos-music.com\/en_us\/wp-json\/wp\/v2\/product\/3184\/revisions"}],"wp:featuredmedia":[{"embeddable":true,"href":"https:\/\/neos-music.com\/en_us\/wp-json\/wp\/v2\/media\/3185"}],"wp:attachment":[{"href":"https:\/\/neos-music.com\/en_us\/wp-json\/wp\/v2\/media?parent=3184"}],"wp:term":[{"taxonomy":"product_brand","embeddable":true,"href":"https:\/\/neos-music.com\/en_us\/wp-json\/wp\/v2\/product_brand?post=3184"},{"taxonomy":"product_cat","embeddable":true,"href":"https:\/\/neos-music.com\/en_us\/wp-json\/wp\/v2\/product_cat?post=3184"},{"taxonomy":"product_tag","embeddable":true,"href":"https:\/\/neos-music.com\/en_us\/wp-json\/wp\/v2\/product_tag?post=3184"}],"curies":[{"name":"wp","href":"https:\/\/api.w.org\/{rel}","templated":true}]}}