{"id":3194,"date":"2008-11-12T12:45:43","date_gmt":"2008-11-12T12:45:43","guid":{"rendered":"https:\/\/neos-music.com\/?post_type=product&#038;p=3194"},"modified":"2023-05-25T10:17:53","modified_gmt":"2023-05-25T10:17:53","slug":"anonymous-weihnachts-matutin-christmas-matins","status":"publish","type":"product","link":"https:\/\/neos-music.com\/en_us\/product\/anonymous-weihnachts-matutin-christmas-matins\/","title":{"rendered":"Anonymous: Weihnachts-Matutin &#8211; Christmas Matins"},"content":{"rendered":"<p>Infotext:<\/p>\n<p>NEOS wartet zu Weihnachten 2008 mit einer absoluten Besonderheit auf:<br \/>\neine neu entdeckte Weihnachtsmesse aus dem 15. Jahrhundert!<\/p>\n<p>Rupert Huber, Leiter des WDR Rundfunkchors K\u00f6ln, suchte nach einem Programm f\u00fcr das Weihnachtskonzert 2007. Eine befreundete Musikerin machte ihn auf ein altes Buch aufmerksam, das sie von ihrem Vater geschenkt bekommen hatte. Wie sich herausstellte, handelt es sich dabei um eine Antiphonale aus dem fr\u00fchen 15. Jahrhundert mit Gregorianischen Ges\u00e4ngen.<\/p>\n<p>Das Buch ist aus Pergament, handgeschrieben und in gutem Zustand \u2013 von eindeutig benediktinischem Ursprung. Nicht genug damit: Es enth\u00e4lt eine fast komplette Sammlung der Ges\u00e4nge der Weihnachts-Matutin (weihnachtliche liturgische Stundenges\u00e4nge, Christmette, Weihnachtsmesse) und stammt \u00fcberdies mit gro\u00dfer Wahrscheinlichkeit aus dem Benediktinerkloster von Gro\u00df Sankt Martin in K\u00f6ln, jener Kirche also, in der die im Buch notierte Matutin der Weihnachtsnacht dann auch am 21. Dezember 2007 aufgef\u00fchrt wurde.<\/p>\n<p>Programm:<\/p>\n<table border=\"0\" width=\"100%\" rules=\"none\" cellspacing=\"0\" cellpadding=\"0\">\n<tbody>\n<tr>\n<td class=\"bigcontent2\">\n<div id=\"tracks\">\n<p><b>Matines de No\u00ebl<br \/>\n<\/b>Chants gr\u00e9goriens de la veill\u00e9e de No\u00ebl<\/p>\n<p><b>CD 1<\/b><\/p>\n<p>[01] Er\u00f6ffnungsrufe 02:59<br \/>\n<span id=\"flash1\"><\/span><\/p>\n<p>[02] Invitatorium\u00a0 07:57<br \/>\n[03] Hymnus\u00a0 03:12<\/p>\n<p>1. Nokturn<br \/>\n[04] 1. Antiphon\u00a0 03:55<br \/>\n[05] 2. Antiphon\u00a0 03:59<br \/>\n[06] 3. Antiphon\u00a0 04:36<br \/>\n<span id=\"flash2\"><\/span><\/p>\n<p>[07] 4. Antiphon\u00a0 03:34<br \/>\n[08] 5. Antiphon\u00a0 04:55<br \/>\n[09] 6. Antiphon\u00a0 04:29<br \/>\n[10] 1. Lesung\u00a0 03:36<br \/>\n[11] 1. Responsorium 04:01<br \/>\n[12] 2. Lesung\u00a0 01:45<br \/>\n[13] 2. Responsorium 03:31<br \/>\n[14] 3. Lesung\u00a0 03:14<br \/>\n[15] 3. Responsorium 02:17<br \/>\n[16] 4. Lesung\u00a0 04:53<br \/>\n[17] 4. Responsorium 05:28<br \/>\n<span id=\"flash3\"><\/span><\/p>\n<p>total time:\u00a068:25<\/p>\n<p><b>CD 2<\/b><\/p>\n<p>2. Nokturn<br \/>\n[01] 7. Antiphon\u00a0 02:29<br \/>\n[02] 8. Antiphon\u00a0 10:57<br \/>\n[03] 9. Antiphon\u00a0 03:46<br \/>\n<span id=\"flash4\"><\/span><\/p>\n<p>[04] 10. Antiphon\u00a0 03:02<br \/>\n[05] 11. Antiphon\u00a0 02:52<br \/>\n[06] 12. Antiphon\u00a0 04:07<br \/>\n[07] 5. Lesung\u00a0 02:46<br \/>\n[08] 5. Responsorium 02:23<br \/>\n[09] 6. Lesung\u00a0 01:16<br \/>\n[10] 6. Responsorium 01:43<br \/>\n[11] 7. Lesung\u00a0 02:44<br \/>\n[12] 7. Responsorium 02:28<br \/>\n[13] 8. Lesung\u00a0 02:38<br \/>\n[14] 8. Responsorium 03:34<br \/>\n<span id=\"flash5\"><\/span><\/p>\n<p>total time:\u00a046:46<\/p>\n<p><b>CD 3<\/b><\/p>\n<p>3. Nokturn<br \/>\n[01]\u00a013. Antiphon\u00a0 09:10<br \/>\n<span id=\"flash6\"><\/span><br \/>\n[02] 9. Lesung\u00a0 02:16<br \/>\n[03]\u00a09. Responsorium 01:57<br \/>\n[04] 10. Lesung\u00a0 03:41<br \/>\n[05] 10. Responsorium 02:26<br \/>\n[06] 11. Lesung\u00a0 02:28<br \/>\n[07] 11. Responsorium 02:09<br \/>\n[08] 12. Lesung\u00a0 04:03<br \/>\n[09] 12. Responsorium 03:17<br \/>\n<span id=\"flash7\"><\/span><\/p>\n<p>[10] Hymnus \u203aTe Deum\u2039 15:12<\/p>\n<p>total time:\u00a046:42<\/p>\n<p>Pater Hermann-Josef Burbach, officiant<\/p>\n<p>Cantors and lectors:<br \/>\nBenita Borbonus, soprano<br \/>\nEva Budde, soprano<br \/>\nCarola G\u00fcnther, alto<br \/>\nRegine R\u00f6ttger, alto<br \/>\nMarkus Francke, tenor<br \/>\nHein Heidb\u00fcchel, tenor<br \/>\nGuido Kaiser, bass<br \/>\nHarald Martini, bass<\/p>\n<p><a class=\"arcoma_glossarylink\" href=\"https:\/\/neos-music.com\/output.php?content=Kuenstler\/WDR_Rundfunkchor_Koeln.php&amp;treplace=english%2Cgerman\" target=\"_self\" rel=\"noopener\">WDR Rundfunkchor K\u00f6ln<\/a><br \/>\n<a class=\"arcoma_glossarylink\" href=\"https:\/\/neos-music.com\/output.php?content=Kuenstler\/Rupert_Huber.php&amp;treplace=english%2Cgerman\" target=\"_self\" rel=\"noopener\">Rupert Huber<\/a>, conductor<\/p>\n<\/div>\n<\/td>\n<td><\/td>\n<\/tr>\n<\/tbody>\n<\/table>\n<p>Pressestimmen:<\/p>\n<p><b><img data-recalc-dims=\"1\" decoding=\"async\" src=\"https:\/\/i0.wp.com\/neos-music.com\/images\/news\/Wiener_Zeitung_logo.png?ssl=1\" \/><br \/>\n<\/b>24.12.2008<\/p>\n<p><b>Gregorianische Weihnachten<br \/>\nGregorianischer Choral<\/b><\/p>\n<p>(eb) Gregorianische Chor\u00e4le sind derzeit wieder einmal en vogue. Geradezu \u00fcberw\u00e4ltigend ist die Aufnahme einer Weihnachts-Matutin mit dem WDR Rundfunkchor K\u00f6ln unter Leitung von Rupert Huber.<\/p>\n<p>Zumeist sind es wenig bekannte oder j\u00fcngst aufgefundene Melodien. Und sie werden mit so viel Geschick auf die Stimmen verteilt, dass der Eindruck von Spannung und Entspannung entsteht. Also keine Meditation, in die man sich hineinfallen l\u00e4sst, sondern Gregorianischer Choral zum Zuh\u00f6ren f\u00fcr den wachen Verstand. Fulminant!<\/p>\n<p>&nbsp;<\/p>\n<p><b>Kleine Zeitung<\/b>, Graz<br \/>\n21.12.2008<\/p>\n<p><img data-recalc-dims=\"1\" decoding=\"async\" src=\"https:\/\/i0.wp.com\/neos-music.com\/images\/news\/30806-08_Kleine%20Zeitung.jpg?ssl=1\" \/><\/p>\n<p><a title=\"ZIP-Archiv document, 2,3 MB\" href=\"https:\/\/neos-music.com\/downloads\/album-infos\/NEOS_30806-08.zip\" target=\"_blank\" rel=\"noopener\">Infopaket f\u00fcr Presse und Vertriebe\u00a0\u00bb<\/a><br \/>\n(ZIP-Archiv, 2,3 MB)<\/p>\n","protected":false},"excerpt":{"rendered":"<p>Infotext: NEOS wartet zu Weihnachten 2008 mit einer absoluten Besonderheit auf: eine neu entdeckte Weihnachtsmesse aus dem 15. Jahrhundert! Rupert Huber, Leiter des WDR Rundfunkchors K\u00f6ln, suchte nach einem Programm f\u00fcr das Weihnachtskonzert 2007. Eine befreundete Musikerin machte ihn auf ein altes Buch aufmerksam, das sie von ihrem Vater geschenkt bekommen hatte. Wie sich herausstellte, [&hellip;]<\/p>\n","protected":false},"featured_media":3195,"template":"","meta":{"site-sidebar-layout":"default","site-content-layout":"default","ast-site-content-layout":"default","site-content-style":"default","site-sidebar-style":"default","ast-global-header-display":"","ast-banner-title-visibility":"","ast-main-header-display":"","ast-hfb-above-header-display":"","ast-hfb-below-header-display":"","ast-hfb-mobile-header-display":"","site-post-title":"","ast-breadcrumbs-content":"","ast-featured-img":"","footer-sml-layout":"","theme-transparent-header-meta":"default","adv-header-id-meta":"","stick-header-meta":"","header-above-stick-meta":"","header-main-stick-meta":"","header-below-stick-meta":"","astra-migrate-meta-layouts":"default","ast-page-background-enabled":"default","ast-page-background-meta":{"desktop":{"background-color":"","background-image":"","background-repeat":"repeat","background-position":"center center","background-size":"auto","background-attachment":"scroll","background-type":"","background-media":"","overlay-type":"","overlay-color":"","overlay-opacity":"","overlay-gradient":""},"tablet":{"background-color":"","background-image":"","background-repeat":"repeat","background-position":"center center","background-size":"auto","background-attachment":"scroll","background-type":"","background-media":"","overlay-type":"","overlay-color":"","overlay-opacity":"","overlay-gradient":""},"mobile":{"background-color":"","background-image":"","background-repeat":"repeat","background-position":"center center","background-size":"auto","background-attachment":"scroll","background-type":"","background-media":"","overlay-type":"","overlay-color":"","overlay-opacity":"","overlay-gradient":""}},"ast-content-background-meta":{"desktop":{"background-color":"var(--ast-global-color-5)","background-image":"","background-repeat":"repeat","background-position":"center center","background-size":"auto","background-attachment":"scroll","background-type":"","background-media":"","overlay-type":"","overlay-color":"","overlay-opacity":"","overlay-gradient":""},"tablet":{"background-color":"var(--ast-global-color-5)","background-image":"","background-repeat":"repeat","background-position":"center center","background-size":"auto","background-attachment":"scroll","background-type":"","background-media":"","overlay-type":"","overlay-color":"","overlay-opacity":"","overlay-gradient":""},"mobile":{"background-color":"var(--ast-global-color-5)","background-image":"","background-repeat":"repeat","background-position":"center center","background-size":"auto","background-attachment":"scroll","background-type":"","background-media":"","overlay-type":"","overlay-color":"","overlay-opacity":"","overlay-gradient":""}}},"product_brand":[],"product_cat":[25],"product_tag":[],"class_list":{"0":"post-3194","1":"product","2":"type-product","3":"status-publish","4":"has-post-thumbnail","6":"product_cat-klassische-musik","7":"pa_artikelnummer-neos-30806-08","8":"pa_brand-neos-music","9":"pa_ean-736","10":"desktop-align-left","11":"tablet-align-left","12":"mobile-align-left","14":"first","15":"instock","16":"taxable","17":"shipping-taxable","18":"purchasable","19":"product-type-simple"},"yoast_head":"<!-- This site is optimized with the Yoast SEO plugin v27.3 - https:\/\/yoast.com\/product\/yoast-seo-wordpress\/ -->\n<title>Anonymous: Weihnachts-Matutin - Christmas Matins - NEOS Music<\/title>\n<meta name=\"robots\" content=\"index, follow, max-snippet:-1, max-image-preview:large, max-video-preview:-1\" \/>\n<link rel=\"canonical\" href=\"https:\/\/neos-music.com\/en_us\/product\/anonymous-weihnachts-matutin-christmas-matins\/\" \/>\n<meta property=\"og:locale\" content=\"en_US\" \/>\n<meta property=\"og:type\" content=\"article\" \/>\n<meta property=\"og:title\" content=\"Anonymous: Weihnachts-Matutin - Christmas Matins - NEOS Music\" \/>\n<meta property=\"og:description\" content=\"Infotext: NEOS wartet zu Weihnachten 2008 mit einer absoluten Besonderheit auf: eine neu entdeckte Weihnachtsmesse aus dem 15. Jahrhundert! Rupert Huber, Leiter des WDR Rundfunkchors K\u00f6ln, suchte nach einem Programm f\u00fcr das Weihnachtskonzert 2007. Eine befreundete Musikerin machte ihn auf ein altes Buch aufmerksam, das sie von ihrem Vater geschenkt bekommen hatte. Wie sich herausstellte, [&hellip;]\" \/>\n<meta property=\"og:url\" content=\"https:\/\/neos-music.com\/en_us\/product\/anonymous-weihnachts-matutin-christmas-matins\/\" \/>\n<meta property=\"og:site_name\" content=\"NEOS Music\" \/>\n<meta property=\"article:modified_time\" content=\"2023-05-25T10:17:53+00:00\" \/>\n<meta property=\"og:image\" content=\"https:\/\/neos-music.com\/wp-content\/uploads\/2022\/11\/NEOS_30806-08_Christmas_Matins.jpeg\" \/>\n\t<meta property=\"og:image:width\" content=\"1648\" \/>\n\t<meta property=\"og:image:height\" content=\"1483\" \/>\n\t<meta property=\"og:image:type\" content=\"image\/jpeg\" \/>\n<meta name=\"twitter:card\" content=\"summary_large_image\" \/>\n<meta name=\"twitter:label1\" content=\"Est. reading time\" \/>\n\t<meta name=\"twitter:data1\" content=\"2 minutes\" \/>\n<script type=\"application\/ld+json\" class=\"yoast-schema-graph\">{\"@context\":\"https:\\\/\\\/schema.org\",\"@graph\":[{\"@type\":\"WebPage\",\"@id\":\"https:\\\/\\\/neos-music.com\\\/product\\\/anonymous-weihnachts-matutin-christmas-matins\\\/\",\"url\":\"https:\\\/\\\/neos-music.com\\\/product\\\/anonymous-weihnachts-matutin-christmas-matins\\\/\",\"name\":\"Anonymous: Weihnachts-Matutin - Christmas Matins - NEOS Music\",\"isPartOf\":{\"@id\":\"https:\\\/\\\/neos-music.com\\\/#website\"},\"primaryImageOfPage\":{\"@id\":\"https:\\\/\\\/neos-music.com\\\/product\\\/anonymous-weihnachts-matutin-christmas-matins\\\/#primaryimage\"},\"image\":{\"@id\":\"https:\\\/\\\/neos-music.com\\\/product\\\/anonymous-weihnachts-matutin-christmas-matins\\\/#primaryimage\"},\"thumbnailUrl\":\"https:\\\/\\\/i0.wp.com\\\/neos-music.com\\\/wp-content\\\/uploads\\\/2022\\\/11\\\/NEOS_30806-08_Christmas_Matins.jpeg?fit=1648%2C1483&ssl=1\",\"datePublished\":\"2008-11-12T12:45:43+00:00\",\"dateModified\":\"2023-05-25T10:17:53+00:00\",\"breadcrumb\":{\"@id\":\"https:\\\/\\\/neos-music.com\\\/product\\\/anonymous-weihnachts-matutin-christmas-matins\\\/#breadcrumb\"},\"inLanguage\":\"en-US\",\"potentialAction\":[{\"@type\":\"ReadAction\",\"target\":[\"https:\\\/\\\/neos-music.com\\\/product\\\/anonymous-weihnachts-matutin-christmas-matins\\\/\"]}]},{\"@type\":\"ImageObject\",\"inLanguage\":\"en-US\",\"@id\":\"https:\\\/\\\/neos-music.com\\\/product\\\/anonymous-weihnachts-matutin-christmas-matins\\\/#primaryimage\",\"url\":\"https:\\\/\\\/i0.wp.com\\\/neos-music.com\\\/wp-content\\\/uploads\\\/2022\\\/11\\\/NEOS_30806-08_Christmas_Matins.jpeg?fit=1648%2C1483&ssl=1\",\"contentUrl\":\"https:\\\/\\\/i0.wp.com\\\/neos-music.com\\\/wp-content\\\/uploads\\\/2022\\\/11\\\/NEOS_30806-08_Christmas_Matins.jpeg?fit=1648%2C1483&ssl=1\",\"width\":1648,\"height\":1483},{\"@type\":\"BreadcrumbList\",\"@id\":\"https:\\\/\\\/neos-music.com\\\/product\\\/anonymous-weihnachts-matutin-christmas-matins\\\/#breadcrumb\",\"itemListElement\":[{\"@type\":\"ListItem\",\"position\":1,\"name\":\"Startseite\",\"item\":\"https:\\\/\\\/neos-music.com\\\/\"},{\"@type\":\"ListItem\",\"position\":2,\"name\":\"Produkte\",\"item\":\"https:\\\/\\\/neos-music.com\\\/shop__trashed\\\/\"},{\"@type\":\"ListItem\",\"position\":3,\"name\":\"Anonymous: Weihnachts-Matutin &#8211; Christmas Matins\"}]},{\"@type\":\"WebSite\",\"@id\":\"https:\\\/\\\/neos-music.com\\\/#website\",\"url\":\"https:\\\/\\\/neos-music.com\\\/\",\"name\":\"NEOS Music\",\"description\":\"Dein Online Shop f\u00fcr zeitgen\u00f6ssische Musik, Jazz und Classics!\",\"publisher\":{\"@id\":\"https:\\\/\\\/neos-music.com\\\/#organization\"},\"potentialAction\":[{\"@type\":\"SearchAction\",\"target\":{\"@type\":\"EntryPoint\",\"urlTemplate\":\"https:\\\/\\\/neos-music.com\\\/?s={search_term_string}\"},\"query-input\":{\"@type\":\"PropertyValueSpecification\",\"valueRequired\":true,\"valueName\":\"search_term_string\"}}],\"inLanguage\":\"en-US\"},{\"@type\":\"Organization\",\"@id\":\"https:\\\/\\\/neos-music.com\\\/#organization\",\"name\":\"NEOS Music\",\"url\":\"https:\\\/\\\/neos-music.com\\\/\",\"logo\":{\"@type\":\"ImageObject\",\"inLanguage\":\"en-US\",\"@id\":\"https:\\\/\\\/neos-music.com\\\/#\\\/schema\\\/logo\\\/image\\\/\",\"url\":\"https:\\\/\\\/i0.wp.com\\\/neos-music.com\\\/wp-content\\\/uploads\\\/2025\\\/08\\\/NEOS-Logo-weiss.png?fit=800%2C203&ssl=1\",\"contentUrl\":\"https:\\\/\\\/i0.wp.com\\\/neos-music.com\\\/wp-content\\\/uploads\\\/2025\\\/08\\\/NEOS-Logo-weiss.png?fit=800%2C203&ssl=1\",\"width\":800,\"height\":203,\"caption\":\"NEOS Music\"},\"image\":{\"@id\":\"https:\\\/\\\/neos-music.com\\\/#\\\/schema\\\/logo\\\/image\\\/\"}}]}<\/script>\n<!-- \/ Yoast SEO plugin. -->","yoast_head_json":{"title":"Anonymous: Weihnachts-Matutin - Christmas Matins - NEOS Music","robots":{"index":"index","follow":"follow","max-snippet":"max-snippet:-1","max-image-preview":"max-image-preview:large","max-video-preview":"max-video-preview:-1"},"canonical":"https:\/\/neos-music.com\/en_us\/product\/anonymous-weihnachts-matutin-christmas-matins\/","og_locale":"en_US","og_type":"article","og_title":"Anonymous: Weihnachts-Matutin - Christmas Matins - NEOS Music","og_description":"Infotext: NEOS wartet zu Weihnachten 2008 mit einer absoluten Besonderheit auf: eine neu entdeckte Weihnachtsmesse aus dem 15. Jahrhundert! Rupert Huber, Leiter des WDR Rundfunkchors K\u00f6ln, suchte nach einem Programm f\u00fcr das Weihnachtskonzert 2007. Eine befreundete Musikerin machte ihn auf ein altes Buch aufmerksam, das sie von ihrem Vater geschenkt bekommen hatte. Wie sich herausstellte, [&hellip;]","og_url":"https:\/\/neos-music.com\/en_us\/product\/anonymous-weihnachts-matutin-christmas-matins\/","og_site_name":"NEOS Music","article_modified_time":"2023-05-25T10:17:53+00:00","og_image":[{"width":1648,"height":1483,"url":"https:\/\/neos-music.com\/wp-content\/uploads\/2022\/11\/NEOS_30806-08_Christmas_Matins.jpeg","type":"image\/jpeg"}],"twitter_card":"summary_large_image","twitter_misc":{"Est. reading time":"2 minutes"},"schema":{"@context":"https:\/\/schema.org","@graph":[{"@type":"WebPage","@id":"https:\/\/neos-music.com\/product\/anonymous-weihnachts-matutin-christmas-matins\/","url":"https:\/\/neos-music.com\/product\/anonymous-weihnachts-matutin-christmas-matins\/","name":"Anonymous: Weihnachts-Matutin - Christmas Matins - NEOS Music","isPartOf":{"@id":"https:\/\/neos-music.com\/#website"},"primaryImageOfPage":{"@id":"https:\/\/neos-music.com\/product\/anonymous-weihnachts-matutin-christmas-matins\/#primaryimage"},"image":{"@id":"https:\/\/neos-music.com\/product\/anonymous-weihnachts-matutin-christmas-matins\/#primaryimage"},"thumbnailUrl":"https:\/\/i0.wp.com\/neos-music.com\/wp-content\/uploads\/2022\/11\/NEOS_30806-08_Christmas_Matins.jpeg?fit=1648%2C1483&ssl=1","datePublished":"2008-11-12T12:45:43+00:00","dateModified":"2023-05-25T10:17:53+00:00","breadcrumb":{"@id":"https:\/\/neos-music.com\/product\/anonymous-weihnachts-matutin-christmas-matins\/#breadcrumb"},"inLanguage":"en-US","potentialAction":[{"@type":"ReadAction","target":["https:\/\/neos-music.com\/product\/anonymous-weihnachts-matutin-christmas-matins\/"]}]},{"@type":"ImageObject","inLanguage":"en-US","@id":"https:\/\/neos-music.com\/product\/anonymous-weihnachts-matutin-christmas-matins\/#primaryimage","url":"https:\/\/i0.wp.com\/neos-music.com\/wp-content\/uploads\/2022\/11\/NEOS_30806-08_Christmas_Matins.jpeg?fit=1648%2C1483&ssl=1","contentUrl":"https:\/\/i0.wp.com\/neos-music.com\/wp-content\/uploads\/2022\/11\/NEOS_30806-08_Christmas_Matins.jpeg?fit=1648%2C1483&ssl=1","width":1648,"height":1483},{"@type":"BreadcrumbList","@id":"https:\/\/neos-music.com\/product\/anonymous-weihnachts-matutin-christmas-matins\/#breadcrumb","itemListElement":[{"@type":"ListItem","position":1,"name":"Startseite","item":"https:\/\/neos-music.com\/"},{"@type":"ListItem","position":2,"name":"Produkte","item":"https:\/\/neos-music.com\/shop__trashed\/"},{"@type":"ListItem","position":3,"name":"Anonymous: Weihnachts-Matutin &#8211; Christmas Matins"}]},{"@type":"WebSite","@id":"https:\/\/neos-music.com\/#website","url":"https:\/\/neos-music.com\/","name":"NEOS Music","description":"Dein Online Shop f\u00fcr zeitgen\u00f6ssische Musik, Jazz und Classics!","publisher":{"@id":"https:\/\/neos-music.com\/#organization"},"potentialAction":[{"@type":"SearchAction","target":{"@type":"EntryPoint","urlTemplate":"https:\/\/neos-music.com\/?s={search_term_string}"},"query-input":{"@type":"PropertyValueSpecification","valueRequired":true,"valueName":"search_term_string"}}],"inLanguage":"en-US"},{"@type":"Organization","@id":"https:\/\/neos-music.com\/#organization","name":"NEOS Music","url":"https:\/\/neos-music.com\/","logo":{"@type":"ImageObject","inLanguage":"en-US","@id":"https:\/\/neos-music.com\/#\/schema\/logo\/image\/","url":"https:\/\/i0.wp.com\/neos-music.com\/wp-content\/uploads\/2025\/08\/NEOS-Logo-weiss.png?fit=800%2C203&ssl=1","contentUrl":"https:\/\/i0.wp.com\/neos-music.com\/wp-content\/uploads\/2025\/08\/NEOS-Logo-weiss.png?fit=800%2C203&ssl=1","width":800,"height":203,"caption":"NEOS Music"},"image":{"@id":"https:\/\/neos-music.com\/#\/schema\/logo\/image\/"}}]}},"jetpack_sharing_enabled":true,"_links":{"self":[{"href":"https:\/\/neos-music.com\/en_us\/wp-json\/wp\/v2\/product\/3194","targetHints":{"allow":["GET"]}}],"collection":[{"href":"https:\/\/neos-music.com\/en_us\/wp-json\/wp\/v2\/product"}],"about":[{"href":"https:\/\/neos-music.com\/en_us\/wp-json\/wp\/v2\/types\/product"}],"version-history":[{"count":0,"href":"https:\/\/neos-music.com\/en_us\/wp-json\/wp\/v2\/product\/3194\/revisions"}],"wp:featuredmedia":[{"embeddable":true,"href":"https:\/\/neos-music.com\/en_us\/wp-json\/wp\/v2\/media\/3195"}],"wp:attachment":[{"href":"https:\/\/neos-music.com\/en_us\/wp-json\/wp\/v2\/media?parent=3194"}],"wp:term":[{"taxonomy":"product_brand","embeddable":true,"href":"https:\/\/neos-music.com\/en_us\/wp-json\/wp\/v2\/product_brand?post=3194"},{"taxonomy":"product_cat","embeddable":true,"href":"https:\/\/neos-music.com\/en_us\/wp-json\/wp\/v2\/product_cat?post=3194"},{"taxonomy":"product_tag","embeddable":true,"href":"https:\/\/neos-music.com\/en_us\/wp-json\/wp\/v2\/product_tag?post=3194"}],"curies":[{"name":"wp","href":"https:\/\/api.w.org\/{rel}","templated":true}]}}