{"id":3196,"date":"2008-10-15T12:47:50","date_gmt":"2008-10-15T12:47:50","guid":{"rendered":"https:\/\/neos-music.com\/?post_type=product&#038;p=3196"},"modified":"2022-11-20T12:49:27","modified_gmt":"2022-11-20T12:49:27","slug":"elliott-sharp-bernhard-lang-donaueschinger-musiktage-2007-nowjazz-war-zones","status":"publish","type":"product","link":"https:\/\/neos-music.com\/en_us\/product\/elliott-sharp-bernhard-lang-donaueschinger-musiktage-2007-nowjazz-war-zones\/","title":{"rendered":"Elliott Sharp, Bernhard Lang: Donaueschinger Musiktage 2007 &#8211; NOWJazz &#8211; War Zones"},"content":{"rendered":"<p>Infotext:<\/p>\n<table border=\"0\" width=\"100%\" rules=\"none\" cellspacing=\"0\" cellpadding=\"0\">\n<tbody>\n<tr>\n<td class=\"bigcontent2\">\n<div id=\"infotext\">\n<p><b>SZENARIEN DER ANGST<\/b><br \/>\n\u203aWar Zones\u2039 \u2013 ein Projekt von Elliott Sharp und Bernhard Lang bei den<br \/>\nDonaueschinger Musiktagen 2007<\/p>\n<p>Es liegt D\u00fcsteres in der Luft. Zweifellos hat die verheerende Politik der USA unter George W. Bush zu einer Eskalierung der gegenw\u00e4rtigen Weltsituation gef\u00fchrt. Der ungerechtfertigt angezettelte Irak-Krieg lie\u00df die ohnehin schon tiefen Gr\u00e4ben zwischen den westlichen Industrienationen und der Dritten Welt noch un\u00fcberbr\u00fcckbarer werden.<\/p>\n<p>Und die Strategie des offenen Kampfs gegen die vermeintliche \u203aAchse des B\u00f6sen\u2039 erwies sich als gef\u00e4hrlicher Bumerang, der aufgebrachte Muslime in eine Art permanenten Guerillakrieg gegen die westliche Welt treten lie\u00df, der sie dort trifft, wo sie sich am verwundbarsten zeigt: an den kommunikativen Schnittstellen des Kapitals.<\/p>\n<p>Diese Eskalation der Gewalt, die Teile Europas und der USA immer wieder in unvorhersehbare \u203aKriegszonen\u2039 verwandelt, einer Nation oder gar der Politik eines einzelnen Mannes anzulasten, griffe freilich viel zu kurz: Es sind vielmehr die sich unaufhaltsam ausbreitenden Mechanismen und inh\u00e4renten Widerspr\u00fcche des Kapitalismus, die die Schere zwischen den Industriel\u00e4ndern und der Dritten Welt t\u00e4glich breiter werden lassen und dadurch zum geheimen Motor jenes religi\u00f6sen Fanatismus werden, in dem die Gewaltt\u00e4ter eine Art g\u00f6ttliche Legitimation zu erhalten glauben.<\/p>\n<p>Gewaltbereitschaft macht sich aber nicht nur bei Vertretern der zunehmend \u00e4rmer werdenden L\u00e4nder breit, sondern auch bei jenen der reichen Industrienationen. Hier ist es eine meist jugendliche Stadtguerilla, die ihren Frustrationen in immer brutaleren und irrational fremdenfeindlichen Aktionen Luft macht. Dass der \u203aIndustrialismus die Seelen versachlicht\u2039, hatten Max Horkheimer und Theodor W. Adorno bereits in den 1940er Jahren in ihrer\u00a0<i>Dialektik der Aufkl\u00e4rung<\/i>\u00a0konstatiert. Nun ist dieser Prozess offenbar so weit fortgeschritten, dass sich im blinden Hass selbst unmittelbare Nachbarn oder Kommilitonen in Schulen zu entseelten Dingen reduzieren lassen, die wahllos abgeknallt werden k\u00f6nnen.<\/p>\n<p>Auf solch bedrohliche Entwicklungen reagiert die Kunst. Freilich nicht, indem sie sich offen politisiert und somit derselben Werkzeuge der Herrschaft bedient wie die M\u00e4chtigen. Sondern indem sie versucht, strukturelle Momente des Herrschaftsdenkens zu reflektieren und \u2013 in welch mittelbarer Form auch immer \u2013 in ihren Werken zu verarbeiten. Auf solch seismographische Weise begegnen auch die beiden im Auftrag der Donaueschinger Musiktage 2007 entstandenen Werke dieser CD den politischen Entwicklungen der Gegenwart.<\/p>\n<p>Weshalb\u00a0<i>Ripples From The Bang<\/i>\u00a0von Elliott Sharp, dem aus New York stammenden Komponisten, Gitarristen, E-Bassisten und Bassklarinettisten, und\u00a0<i>Paranoia<\/i>\u00a0von Bernhard Lang, dem aus \u00d6sterreich stammenden Komponisten und Keyboarder, bei der Donaueschinger NOWJazz Session unter dem \u00dcbertitel\u00a0<i>War Zones<\/i>\u00a0zur Urauff\u00fchrung gelangt waren.<\/p>\n<p>Freilich verwahren sich sowohl Sharp als auch Lang dagegen, ihre St\u00fccke als unmittelbare politische Manifeste zu verstehen. W\u00fcrde Kunst zum Pamphlet, dann verl\u00f6re sie jene Autonomie, die sie dazu bef\u00e4higt, legitime Kritik am Bestehenden zu \u00fcben. Deshalb versuchte Elliott Sharp auch, die Probleme von einer weit fundamentaleren Ebene aus zu betrachten. Seine\u00a0<i>Ripples From The Bang<\/i>\u00a0\u2013 was im Deutschen etwa \u203aSchallwellen des Urknalls\u2039 bedeutet \u2013 lassen sich als Reflexionen \u00fcber das Kausalit\u00e4tsprinzip verstehen.<\/p>\n<p>Warum, so fragen sich Sharp und seine Textdichterin LaTasha N. Nevada Diggs, resultiert aus einer Kette in sich logischer kausaler Verkn\u00fcpfungen dann doch wieder eine unvorhersehbare Wirkung? Warum l\u00e4sst sich \u2013 dar\u00fcber hinaus \u2013 ein und dieselbe Abfolge von Ursachen und Wirkungen auf ganz verschiedene Weise deuten, je nachdem aus welcher Perspektive und mit welchem Wissensstand man sie betrachtet?<\/p>\n<p>Gefragt ist folglich eine Vielzahl verschiedener Perspektiven, die schon Adam Smith im 18. Jahrhundert mit seinem Empathieprinzip gefordert hatte. Elliott Sharp macht sich kompositorisch diese Perspektivwechsel zunutze, indem er auskomponierte Teile und vorbereitete elektronische Soundfiles mit freien improvisatorischen Passagen in seinem breitfl\u00e4chig angelegten St\u00fcck einander abwechseln l\u00e4sst.<\/p>\n<p>Bernhard Lang wiederum kn\u00fcpft an die politischen Implikationen seines 2007 in Schwetzingen uraufgef\u00fchrten Musiktheaters\u00a0<i>Der Alte vom Berge<\/i>\u00a0an, das die Mentalit\u00e4t von zu Killern gedrillten Kindern umkreist. Auch er n\u00e4hert sich der Thematik mittelbar, indem er die in\u00a0<i>Paranoia<\/i>\u00a0verwendeten, 1954 zum Sturz der demokratisch gew\u00e4hlten Regierung Guatemalas ausgearbeiteten \u203aCIA-Protokolle \u00fcber politische Morde\u2039 von stichwortartigen Resultaten einer Internet-Recherche und von Schlagworten aus Inhaltsverzeichnissen der Zeitschrift \u203aParanoia\u2039 umranken l\u00e4sst, die von den beiden Rappern \u00fcberdies nur in Ausz\u00fcgen improvisatorisch eingesetzt werden.<\/p>\n<p>Wie das St\u00fcck Elliott Sharps operiert\u00a0<i>Paranoia<\/i>\u00a0mit kompositorischen Modulen, aus denen Improvisationen herausentwickelt werden. Das Loop-Szenario, das nicht nur Philip Jeck an den Turntables, sondern auch die sechs Instrumentalisten spielten, signalisiert in seiner Struktur jene \u203aWiederkehr des Gleichen\u2039, die schon Friedrich Nietzsche als fatales Signum der von Herrschaft bestimmten Menschheitsgeschichte bezeichnet hatte. Und in den kontrapunktierenden Stimmen der beiden Rapper spiegelt sich \u2013 transformiert ins Poetische \u2013 wohl auch jene Paranoia der Angst, die hinter der Fassade wohlhabender B\u00fcrgerlichkeit unsere Zivilisation zu zerrei\u00dfen droht.<\/p>\n<p>Reinhard Kager<\/p>\n<p>&nbsp;<\/p>\n<p><b>BERNHARD LANG \u00dcBER \u203aPARANOIA\u2039<\/b><\/p>\n<p><i>Paranoia<\/i>\u00a0ist eine Sequenz von acht semi-improvisatorischen Bl\u00f6cken, die aus den Skizzen zum III. Akt des Musiktheaters Der\u00a0<i>Alte vom Berge<\/i>\u00a0extrahiert und weiterentwickelt wurde. Drei Textgruppen liegen zugrunde:<\/p>\n<p>\u2013 \u203aJustifications\u2039, ein Cut-up aus einer Internet-Recherche \u00fcber Paranoia als politische Funktion.<br \/>\n\u2013 Die \u203aCIA Protocols Of Political Assassination\u2039, eine Sammlung von verschiedenen Strategien f\u00fcr politische Morde.<br \/>\n\u2013 Die Inhaltsangaben des amerikanischen Magazins \u203aParanoia\u2039.<\/p>\n<p>Die Improvisationen basieren auf gescratchten Loops und \u203aDamage Beats\u2039, die Referenzen zum Turntablismus von Phil Jeck und zu den Filmen von Martin Arnold herstellen sowie zu meiner Kompositionsserie<i>\u00a0Differenz\/Wiederholung<\/i>. Die beiden Stimmen liegen kontrapunktisch als improvisierte Rap-Poesie \u00fcber dem Loop-Szenario.<\/p>\n<p>Das St\u00fcck wurde durch das Buch\u00a0<i>Conspiracy Nation: The Politics Of Paranoia In Postwar America<\/i>\u00a0(hrsg. von Peter Knight) angeregt: Paranoia als neues Lebensgef\u00fchl, Paranoia als politisches Instrument.<\/p>\n<p>&nbsp;<\/p>\n<p><b>ELLIOTT SHARP \u00dcBER \u203aRIPPLES FROM THE BANG\u2039<\/b><\/p>\n<p><i>Ripples From The Bang<\/i>\u00a0ist eine Reihe von Reflexionen \u00fcber Kausalit\u00e4t. Wie wir eine Kette von Ereignissen wahrnehmen, ist immer extrem pers\u00f6nlich gef\u00e4rbt und variiert stark, was mitunter abh\u00e4ngig von Faktoren ist, die jenseits unserer individuellen Sichtweise liegen. Diese Ereignisse k\u00f6nnen Privatreisen, Kriegszust\u00e4nde oder auch verheerende Katastrophen von kosmischen Ausma\u00dfen sein.<\/p>\n<p>Die Partitur, welche die Musikerinnen und Musiker auf diesen \u203aSchallwellen des Urknalls\u2039 surfen l\u00e4sst, beinhaltet durchkomponierte Teile, algorithmische Strategien, graphische Anweisungen, vorbereitete elektronische Soundfiles und Improvisationen.<\/p>\n<\/div>\n<\/td>\n<td><\/td>\n<\/tr>\n<\/tbody>\n<\/table>\n<p>Programm:<\/p>\n<p><b>Donaueschinger Musiktage 2007<br \/>\nSWR2 NOWJazz<br \/>\nWAR ZONES<\/b><\/p>\n<p><b>Elliott Sharp<\/b>\u00a0(*1951)<br \/>\n[01] 23:54\u00a0<b>Ripples From The Bang<\/b>\u00a0(2007)<br \/>\n<span id=\"flash1\"><\/span><\/p>\n<p>World Premiere\u00a0&#8211; Work commissioned by SWR<\/p>\n<p><b>Bernhard Lang<\/b>\u00a0(*1957)<br \/>\n[02] 39:48\u00a0<b>Paranoia<\/b>\u00a0(2007)<br \/>\n<span id=\"flash2\"><\/span><\/p>\n<p>World Premiere\u00a0&#8211; Work commissioned by SWR<\/p>\n<p>total time 63:46<\/p>\n<p>LaTasha N. Nevada Diggs, text &amp; vocalist<br \/>\nmixmastertodd, vocalist<br \/>\nPhilip Jeck, turntables<br \/>\nHans Koch, reeds<br \/>\nBernhard Lang, keyboard\/electronics<br \/>\nElliott Sharp, guitar\/electric bass\/electronics<br \/>\nFredy Studer, drums\/percussion<\/p>\n<p>Pressestimmen:<\/p>\n<p><img data-recalc-dims=\"1\" decoding=\"async\" src=\"https:\/\/i0.wp.com\/neos-music.com\/images\/news\/Diverdi-Logo013.jpg?ssl=1\" \/><br \/>\n2\/2009<\/p>\n<p><img data-recalc-dims=\"1\" decoding=\"async\" src=\"https:\/\/i0.wp.com\/neos-music.com\/images\/news\/10824_Diverdi_0902.jpg?ssl=1\" \/><\/p>\n<p><img data-recalc-dims=\"1\" decoding=\"async\" src=\"https:\/\/i0.wp.com\/neos-music.com\/images\/news\/logo_zeit.gif?ssl=1\" \/><br \/>\n11.12.2008<\/p>\n<p><img data-recalc-dims=\"1\" decoding=\"async\" src=\"https:\/\/i0.wp.com\/neos-music.com\/images\/news\/40808_Zeit_081211.jpg?ssl=1\" \/><\/p>\n","protected":false},"excerpt":{"rendered":"<p>Infotext: SZENARIEN DER ANGST \u203aWar Zones\u2039 \u2013 ein Projekt von Elliott Sharp und Bernhard Lang bei den Donaueschinger Musiktagen 2007 Es liegt D\u00fcsteres in der Luft. Zweifellos hat die verheerende Politik der USA unter George W. Bush zu einer Eskalierung der gegenw\u00e4rtigen Weltsituation gef\u00fchrt. Der ungerechtfertigt angezettelte Irak-Krieg lie\u00df die ohnehin schon tiefen Gr\u00e4ben zwischen [&hellip;]<\/p>\n","protected":false},"featured_media":3197,"template":"","meta":{"site-sidebar-layout":"default","site-content-layout":"default","ast-site-content-layout":"default","site-content-style":"default","site-sidebar-style":"default","ast-global-header-display":"","ast-banner-title-visibility":"","ast-main-header-display":"","ast-hfb-above-header-display":"","ast-hfb-below-header-display":"","ast-hfb-mobile-header-display":"","site-post-title":"","ast-breadcrumbs-content":"","ast-featured-img":"","footer-sml-layout":"","theme-transparent-header-meta":"default","adv-header-id-meta":"","stick-header-meta":"","header-above-stick-meta":"","header-main-stick-meta":"","header-below-stick-meta":"","astra-migrate-meta-layouts":"default","ast-page-background-enabled":"default","ast-page-background-meta":{"desktop":{"background-color":"","background-image":"","background-repeat":"repeat","background-position":"center center","background-size":"auto","background-attachment":"scroll","background-type":"","background-media":"","overlay-type":"","overlay-color":"","overlay-opacity":"","overlay-gradient":""},"tablet":{"background-color":"","background-image":"","background-repeat":"repeat","background-position":"center center","background-size":"auto","background-attachment":"scroll","background-type":"","background-media":"","overlay-type":"","overlay-color":"","overlay-opacity":"","overlay-gradient":""},"mobile":{"background-color":"","background-image":"","background-repeat":"repeat","background-position":"center center","background-size":"auto","background-attachment":"scroll","background-type":"","background-media":"","overlay-type":"","overlay-color":"","overlay-opacity":"","overlay-gradient":""}},"ast-content-background-meta":{"desktop":{"background-color":"var(--ast-global-color-5)","background-image":"","background-repeat":"repeat","background-position":"center center","background-size":"auto","background-attachment":"scroll","background-type":"","background-media":"","overlay-type":"","overlay-color":"","overlay-opacity":"","overlay-gradient":""},"tablet":{"background-color":"var(--ast-global-color-5)","background-image":"","background-repeat":"repeat","background-position":"center center","background-size":"auto","background-attachment":"scroll","background-type":"","background-media":"","overlay-type":"","overlay-color":"","overlay-opacity":"","overlay-gradient":""},"mobile":{"background-color":"var(--ast-global-color-5)","background-image":"","background-repeat":"repeat","background-position":"center center","background-size":"auto","background-attachment":"scroll","background-type":"","background-media":"","overlay-type":"","overlay-color":"","overlay-opacity":"","overlay-gradient":""}}},"product_brand":[],"product_cat":[27],"product_tag":[],"class_list":{"0":"post-3196","1":"product","2":"type-product","3":"status-publish","4":"has-post-thumbnail","6":"product_cat-jazz","7":"pa_artikelnummer-neos-40808","8":"pa_brand-neos-music","9":"pa_ean-738","10":"desktop-align-left","11":"tablet-align-left","12":"mobile-align-left","14":"first","15":"instock","16":"taxable","17":"shipping-taxable","18":"purchasable","19":"product-type-simple"},"yoast_head":"<!-- This site is optimized with the Yoast SEO plugin v27.3 - https:\/\/yoast.com\/product\/yoast-seo-wordpress\/ -->\n<title>Elliott Sharp, Bernhard Lang: Donaueschinger Musiktage 2007 - NOWJazz - War Zones - NEOS Music<\/title>\n<meta name=\"robots\" content=\"index, follow, max-snippet:-1, max-image-preview:large, max-video-preview:-1\" \/>\n<link rel=\"canonical\" href=\"https:\/\/neos-music.com\/en_us\/product\/elliott-sharp-bernhard-lang-donaueschinger-musiktage-2007-nowjazz-war-zones\/\" \/>\n<meta property=\"og:locale\" content=\"en_US\" \/>\n<meta property=\"og:type\" content=\"article\" \/>\n<meta property=\"og:title\" content=\"Elliott Sharp, Bernhard Lang: Donaueschinger Musiktage 2007 - NOWJazz - War Zones - NEOS Music\" \/>\n<meta property=\"og:description\" content=\"Infotext: SZENARIEN DER ANGST \u203aWar Zones\u2039 \u2013 ein Projekt von Elliott Sharp und Bernhard Lang bei den Donaueschinger Musiktagen 2007 Es liegt D\u00fcsteres in der Luft. Zweifellos hat die verheerende Politik der USA unter George W. Bush zu einer Eskalierung der gegenw\u00e4rtigen Weltsituation gef\u00fchrt. Der ungerechtfertigt angezettelte Irak-Krieg lie\u00df die ohnehin schon tiefen Gr\u00e4ben zwischen [&hellip;]\" \/>\n<meta property=\"og:url\" content=\"https:\/\/neos-music.com\/en_us\/product\/elliott-sharp-bernhard-lang-donaueschinger-musiktage-2007-nowjazz-war-zones\/\" \/>\n<meta property=\"og:site_name\" content=\"NEOS Music\" \/>\n<meta property=\"article:modified_time\" content=\"2022-11-20T12:49:27+00:00\" \/>\n<meta property=\"og:image\" content=\"https:\/\/neos-music.com\/wp-content\/uploads\/2022\/11\/NEOS_40808_DMT_2007_Jazz.jpeg\" \/>\n\t<meta property=\"og:image:width\" content=\"1648\" \/>\n\t<meta property=\"og:image:height\" content=\"1480\" \/>\n\t<meta property=\"og:image:type\" content=\"image\/jpeg\" \/>\n<meta name=\"twitter:card\" content=\"summary_large_image\" \/>\n<meta name=\"twitter:label1\" content=\"Est. reading time\" \/>\n\t<meta name=\"twitter:data1\" content=\"5 minutes\" \/>\n<script type=\"application\/ld+json\" class=\"yoast-schema-graph\">{\"@context\":\"https:\\\/\\\/schema.org\",\"@graph\":[{\"@type\":\"WebPage\",\"@id\":\"https:\\\/\\\/neos-music.com\\\/product\\\/elliott-sharp-bernhard-lang-donaueschinger-musiktage-2007-nowjazz-war-zones\\\/\",\"url\":\"https:\\\/\\\/neos-music.com\\\/product\\\/elliott-sharp-bernhard-lang-donaueschinger-musiktage-2007-nowjazz-war-zones\\\/\",\"name\":\"Elliott Sharp, Bernhard Lang: Donaueschinger Musiktage 2007 - NOWJazz - War Zones - NEOS Music\",\"isPartOf\":{\"@id\":\"https:\\\/\\\/neos-music.com\\\/#website\"},\"primaryImageOfPage\":{\"@id\":\"https:\\\/\\\/neos-music.com\\\/product\\\/elliott-sharp-bernhard-lang-donaueschinger-musiktage-2007-nowjazz-war-zones\\\/#primaryimage\"},\"image\":{\"@id\":\"https:\\\/\\\/neos-music.com\\\/product\\\/elliott-sharp-bernhard-lang-donaueschinger-musiktage-2007-nowjazz-war-zones\\\/#primaryimage\"},\"thumbnailUrl\":\"https:\\\/\\\/i0.wp.com\\\/neos-music.com\\\/wp-content\\\/uploads\\\/2022\\\/11\\\/NEOS_40808_DMT_2007_Jazz.jpeg?fit=1648%2C1480&ssl=1\",\"datePublished\":\"2008-10-15T12:47:50+00:00\",\"dateModified\":\"2022-11-20T12:49:27+00:00\",\"breadcrumb\":{\"@id\":\"https:\\\/\\\/neos-music.com\\\/product\\\/elliott-sharp-bernhard-lang-donaueschinger-musiktage-2007-nowjazz-war-zones\\\/#breadcrumb\"},\"inLanguage\":\"en-US\",\"potentialAction\":[{\"@type\":\"ReadAction\",\"target\":[\"https:\\\/\\\/neos-music.com\\\/product\\\/elliott-sharp-bernhard-lang-donaueschinger-musiktage-2007-nowjazz-war-zones\\\/\"]}]},{\"@type\":\"ImageObject\",\"inLanguage\":\"en-US\",\"@id\":\"https:\\\/\\\/neos-music.com\\\/product\\\/elliott-sharp-bernhard-lang-donaueschinger-musiktage-2007-nowjazz-war-zones\\\/#primaryimage\",\"url\":\"https:\\\/\\\/i0.wp.com\\\/neos-music.com\\\/wp-content\\\/uploads\\\/2022\\\/11\\\/NEOS_40808_DMT_2007_Jazz.jpeg?fit=1648%2C1480&ssl=1\",\"contentUrl\":\"https:\\\/\\\/i0.wp.com\\\/neos-music.com\\\/wp-content\\\/uploads\\\/2022\\\/11\\\/NEOS_40808_DMT_2007_Jazz.jpeg?fit=1648%2C1480&ssl=1\",\"width\":1648,\"height\":1480},{\"@type\":\"BreadcrumbList\",\"@id\":\"https:\\\/\\\/neos-music.com\\\/product\\\/elliott-sharp-bernhard-lang-donaueschinger-musiktage-2007-nowjazz-war-zones\\\/#breadcrumb\",\"itemListElement\":[{\"@type\":\"ListItem\",\"position\":1,\"name\":\"Startseite\",\"item\":\"https:\\\/\\\/neos-music.com\\\/\"},{\"@type\":\"ListItem\",\"position\":2,\"name\":\"Produkte\",\"item\":\"https:\\\/\\\/neos-music.com\\\/shop__trashed\\\/\"},{\"@type\":\"ListItem\",\"position\":3,\"name\":\"Elliott Sharp, Bernhard Lang: Donaueschinger Musiktage 2007 &#8211; NOWJazz &#8211; War Zones\"}]},{\"@type\":\"WebSite\",\"@id\":\"https:\\\/\\\/neos-music.com\\\/#website\",\"url\":\"https:\\\/\\\/neos-music.com\\\/\",\"name\":\"NEOS Music\",\"description\":\"Dein Online Shop f\u00fcr zeitgen\u00f6ssische Musik, Jazz und Classics!\",\"publisher\":{\"@id\":\"https:\\\/\\\/neos-music.com\\\/#organization\"},\"potentialAction\":[{\"@type\":\"SearchAction\",\"target\":{\"@type\":\"EntryPoint\",\"urlTemplate\":\"https:\\\/\\\/neos-music.com\\\/?s={search_term_string}\"},\"query-input\":{\"@type\":\"PropertyValueSpecification\",\"valueRequired\":true,\"valueName\":\"search_term_string\"}}],\"inLanguage\":\"en-US\"},{\"@type\":\"Organization\",\"@id\":\"https:\\\/\\\/neos-music.com\\\/#organization\",\"name\":\"NEOS Music\",\"url\":\"https:\\\/\\\/neos-music.com\\\/\",\"logo\":{\"@type\":\"ImageObject\",\"inLanguage\":\"en-US\",\"@id\":\"https:\\\/\\\/neos-music.com\\\/#\\\/schema\\\/logo\\\/image\\\/\",\"url\":\"https:\\\/\\\/i0.wp.com\\\/neos-music.com\\\/wp-content\\\/uploads\\\/2025\\\/08\\\/NEOS-Logo-weiss.png?fit=800%2C203&ssl=1\",\"contentUrl\":\"https:\\\/\\\/i0.wp.com\\\/neos-music.com\\\/wp-content\\\/uploads\\\/2025\\\/08\\\/NEOS-Logo-weiss.png?fit=800%2C203&ssl=1\",\"width\":800,\"height\":203,\"caption\":\"NEOS Music\"},\"image\":{\"@id\":\"https:\\\/\\\/neos-music.com\\\/#\\\/schema\\\/logo\\\/image\\\/\"}}]}<\/script>\n<!-- \/ Yoast SEO plugin. -->","yoast_head_json":{"title":"Elliott Sharp, Bernhard Lang: Donaueschinger Musiktage 2007 - NOWJazz - War Zones - NEOS Music","robots":{"index":"index","follow":"follow","max-snippet":"max-snippet:-1","max-image-preview":"max-image-preview:large","max-video-preview":"max-video-preview:-1"},"canonical":"https:\/\/neos-music.com\/en_us\/product\/elliott-sharp-bernhard-lang-donaueschinger-musiktage-2007-nowjazz-war-zones\/","og_locale":"en_US","og_type":"article","og_title":"Elliott Sharp, Bernhard Lang: Donaueschinger Musiktage 2007 - NOWJazz - War Zones - NEOS Music","og_description":"Infotext: SZENARIEN DER ANGST \u203aWar Zones\u2039 \u2013 ein Projekt von Elliott Sharp und Bernhard Lang bei den Donaueschinger Musiktagen 2007 Es liegt D\u00fcsteres in der Luft. Zweifellos hat die verheerende Politik der USA unter George W. Bush zu einer Eskalierung der gegenw\u00e4rtigen Weltsituation gef\u00fchrt. Der ungerechtfertigt angezettelte Irak-Krieg lie\u00df die ohnehin schon tiefen Gr\u00e4ben zwischen [&hellip;]","og_url":"https:\/\/neos-music.com\/en_us\/product\/elliott-sharp-bernhard-lang-donaueschinger-musiktage-2007-nowjazz-war-zones\/","og_site_name":"NEOS Music","article_modified_time":"2022-11-20T12:49:27+00:00","og_image":[{"width":1648,"height":1480,"url":"https:\/\/neos-music.com\/wp-content\/uploads\/2022\/11\/NEOS_40808_DMT_2007_Jazz.jpeg","type":"image\/jpeg"}],"twitter_card":"summary_large_image","twitter_misc":{"Est. reading time":"5 minutes"},"schema":{"@context":"https:\/\/schema.org","@graph":[{"@type":"WebPage","@id":"https:\/\/neos-music.com\/product\/elliott-sharp-bernhard-lang-donaueschinger-musiktage-2007-nowjazz-war-zones\/","url":"https:\/\/neos-music.com\/product\/elliott-sharp-bernhard-lang-donaueschinger-musiktage-2007-nowjazz-war-zones\/","name":"Elliott Sharp, Bernhard Lang: Donaueschinger Musiktage 2007 - NOWJazz - War Zones - NEOS Music","isPartOf":{"@id":"https:\/\/neos-music.com\/#website"},"primaryImageOfPage":{"@id":"https:\/\/neos-music.com\/product\/elliott-sharp-bernhard-lang-donaueschinger-musiktage-2007-nowjazz-war-zones\/#primaryimage"},"image":{"@id":"https:\/\/neos-music.com\/product\/elliott-sharp-bernhard-lang-donaueschinger-musiktage-2007-nowjazz-war-zones\/#primaryimage"},"thumbnailUrl":"https:\/\/i0.wp.com\/neos-music.com\/wp-content\/uploads\/2022\/11\/NEOS_40808_DMT_2007_Jazz.jpeg?fit=1648%2C1480&ssl=1","datePublished":"2008-10-15T12:47:50+00:00","dateModified":"2022-11-20T12:49:27+00:00","breadcrumb":{"@id":"https:\/\/neos-music.com\/product\/elliott-sharp-bernhard-lang-donaueschinger-musiktage-2007-nowjazz-war-zones\/#breadcrumb"},"inLanguage":"en-US","potentialAction":[{"@type":"ReadAction","target":["https:\/\/neos-music.com\/product\/elliott-sharp-bernhard-lang-donaueschinger-musiktage-2007-nowjazz-war-zones\/"]}]},{"@type":"ImageObject","inLanguage":"en-US","@id":"https:\/\/neos-music.com\/product\/elliott-sharp-bernhard-lang-donaueschinger-musiktage-2007-nowjazz-war-zones\/#primaryimage","url":"https:\/\/i0.wp.com\/neos-music.com\/wp-content\/uploads\/2022\/11\/NEOS_40808_DMT_2007_Jazz.jpeg?fit=1648%2C1480&ssl=1","contentUrl":"https:\/\/i0.wp.com\/neos-music.com\/wp-content\/uploads\/2022\/11\/NEOS_40808_DMT_2007_Jazz.jpeg?fit=1648%2C1480&ssl=1","width":1648,"height":1480},{"@type":"BreadcrumbList","@id":"https:\/\/neos-music.com\/product\/elliott-sharp-bernhard-lang-donaueschinger-musiktage-2007-nowjazz-war-zones\/#breadcrumb","itemListElement":[{"@type":"ListItem","position":1,"name":"Startseite","item":"https:\/\/neos-music.com\/"},{"@type":"ListItem","position":2,"name":"Produkte","item":"https:\/\/neos-music.com\/shop__trashed\/"},{"@type":"ListItem","position":3,"name":"Elliott Sharp, Bernhard Lang: Donaueschinger Musiktage 2007 &#8211; NOWJazz &#8211; War Zones"}]},{"@type":"WebSite","@id":"https:\/\/neos-music.com\/#website","url":"https:\/\/neos-music.com\/","name":"NEOS Music","description":"Dein Online Shop f\u00fcr zeitgen\u00f6ssische Musik, Jazz und Classics!","publisher":{"@id":"https:\/\/neos-music.com\/#organization"},"potentialAction":[{"@type":"SearchAction","target":{"@type":"EntryPoint","urlTemplate":"https:\/\/neos-music.com\/?s={search_term_string}"},"query-input":{"@type":"PropertyValueSpecification","valueRequired":true,"valueName":"search_term_string"}}],"inLanguage":"en-US"},{"@type":"Organization","@id":"https:\/\/neos-music.com\/#organization","name":"NEOS Music","url":"https:\/\/neos-music.com\/","logo":{"@type":"ImageObject","inLanguage":"en-US","@id":"https:\/\/neos-music.com\/#\/schema\/logo\/image\/","url":"https:\/\/i0.wp.com\/neos-music.com\/wp-content\/uploads\/2025\/08\/NEOS-Logo-weiss.png?fit=800%2C203&ssl=1","contentUrl":"https:\/\/i0.wp.com\/neos-music.com\/wp-content\/uploads\/2025\/08\/NEOS-Logo-weiss.png?fit=800%2C203&ssl=1","width":800,"height":203,"caption":"NEOS Music"},"image":{"@id":"https:\/\/neos-music.com\/#\/schema\/logo\/image\/"}}]}},"jetpack_sharing_enabled":true,"_links":{"self":[{"href":"https:\/\/neos-music.com\/en_us\/wp-json\/wp\/v2\/product\/3196","targetHints":{"allow":["GET"]}}],"collection":[{"href":"https:\/\/neos-music.com\/en_us\/wp-json\/wp\/v2\/product"}],"about":[{"href":"https:\/\/neos-music.com\/en_us\/wp-json\/wp\/v2\/types\/product"}],"version-history":[{"count":0,"href":"https:\/\/neos-music.com\/en_us\/wp-json\/wp\/v2\/product\/3196\/revisions"}],"wp:featuredmedia":[{"embeddable":true,"href":"https:\/\/neos-music.com\/en_us\/wp-json\/wp\/v2\/media\/3197"}],"wp:attachment":[{"href":"https:\/\/neos-music.com\/en_us\/wp-json\/wp\/v2\/media?parent=3196"}],"wp:term":[{"taxonomy":"product_brand","embeddable":true,"href":"https:\/\/neos-music.com\/en_us\/wp-json\/wp\/v2\/product_brand?post=3196"},{"taxonomy":"product_cat","embeddable":true,"href":"https:\/\/neos-music.com\/en_us\/wp-json\/wp\/v2\/product_cat?post=3196"},{"taxonomy":"product_tag","embeddable":true,"href":"https:\/\/neos-music.com\/en_us\/wp-json\/wp\/v2\/product_tag?post=3196"}],"curies":[{"name":"wp","href":"https:\/\/api.w.org\/{rel}","templated":true}]}}