{"id":3204,"date":"2008-10-10T12:55:37","date_gmt":"2008-10-10T12:55:37","guid":{"rendered":"https:\/\/neos-music.com\/?post_type=product&#038;p=3204"},"modified":"2022-11-20T12:57:17","modified_gmt":"2022-11-20T12:57:17","slug":"thomas-hummel-aus-trachila","status":"publish","type":"product","link":"https:\/\/neos-music.com\/en_us\/product\/thomas-hummel-aus-trachila\/","title":{"rendered":"Thomas Hummel: Aus Trachila"},"content":{"rendered":"<p>Infotext:<\/p>\n<table border=\"0\" width=\"100%\" rules=\"none\" cellspacing=\"0\" cellpadding=\"0\">\n<tbody>\n<tr>\n<td class=\"bigcontent2\">\n<div id=\"infotext\">\n<p><b>MUSIK UND TEXT IN UNGEW\u00d6HNLICHER LIAISON<br \/>\n<\/b>&#8222;Aus Trachila&#8220; von Thomas Hummel<\/p>\n<p>Die Verstehensproblematik ist in der neueren Kunstwissenschaft zum Gegenstand verschiedener Diskurse geworden, die bis zu Theorien des Nichtverstehens oder der Unlesbarkeit reichen. Die Musik als abstrakteste aller K\u00fcnste trug immer schon ein erhebliches Ma\u00df an Unbestimmtheit mit sich. Heute haben sich, nicht zuletzt dank der Forschungen in den Bereichen Klang- und Sprachsynthese, die etablierten M\u00f6glichkeiten einer Liaison von Literatur mit Musik erweitert.<\/p>\n<p>Sie reichen von der konventionellen Textvertonung bis hin zu unterschiedlichsten Deutlichkeitsgraden eines Mitschwingens von Worten in Musik. Texte k\u00f6nnen akustisch unh\u00f6rbar und doch in ihrer Semantik pr\u00e4sent sein. Und dieser Extremfall kann hei\u00dfen, dass alle \u00fcblichen Modalit\u00e4ten der Verst\u00e4ndigung unterlaufen werden, um damit eine neue Intensit\u00e4t der Wahrnehmung zu erschlie\u00dfen.<\/p>\n<p>Dies alles bezeichnet ebenso die Ausgangssituation f\u00fcr eine Besch\u00e4ftigung mit dem 2003\u20132006 entstandenen Werk\u00a0<i>Aus Trachila<\/i>\u00a0von Thomas Hummel wie die Tatsache, dass der Komponist schon h\u00e4ufiger auf originelle Weise nach neuen Verkn\u00fcpfungen zwischen Sprache und Musik gesucht hat. Diese Tendenz seines Schaffens kulminierte erstmals im Orchesterwerk\u00a0<i>Nicanor<\/i>\u00a0(1996\/97), in dem er bestimmte Worte mit Hilfe eines von ihm selbst entwickelten Verfahrens in Instrumentalkl\u00e4nge \u00fcbersetzt, fern abseits althergebrachter Formen von Programmmusik, also weit \u00fcber assoziative Klangmalerei hinaus.<\/p>\n<p>War es in\u00a0<i>Nicanor<\/i>\u00a0der ber\u00fchmte Roman\u00a0<i>Der Herbst des Patriarchen<\/i>\u00a0von Gabriel Garc\u00eda M\u00e1rquez, von dem Hummel seinen Ausgang nahm, so bezieht sich\u00a0<i>Aus Trachila<\/i>\u00a0nun auf zwei unterschiedliche und zeitlich weit auseinanderliegende literarische Werke: einerseits auf die bedr\u00fcckenden Lieder der Trauer des Ovid, andererseits auf den h\u00f6chst erfolgreichen, oft als typisch postmodern bezeichneten Roman\u00a0<i>Die letzte Welt<\/i>\u00a0des \u00f6sterreichischen Autors Christoph Ransmayr aus dem Jahre 1988.<\/p>\n<p>Ein entscheidender Impuls f\u00fcr Hummels Verkn\u00fcpfung dieser Elemente liegt darin, dass Ransmayrs virtuos zwischen antiker Welt und Gegenwart changierendes Erz\u00e4hlwerk gerade von dem Dichter Ovid und seinen\u00a0<i>Metamorphosen<\/i>\u00a0handelt, eines der meistgelesenen epischen Werke der Antike. In jenem Abschnitt, von dem sich Hummel inspirieren lie\u00df, begibt sich Ovids r\u00f6mischer Freund Cotta auf die Suche nach dem Dichter, von dem es hei\u00dft, er habe in einer Einsiedelei namens &#8222;Trachila&#8220; Zuflucht genommen. Thomas Hummel nimmt dieses Element der erwartungsvollen Suche auf. Er reflektiert es mit der Faktur seiner Komposition und spricht selbst davon, dass sich die Reise Cottas ebenso wie sein eigenes St\u00fcck\u00a0<i>Aus Trachila<\/i>\u00a0als verschlungener Pfad durch Zeiten und Kulturen und deren Sprachen\u00ab entpuppt.<\/p>\n<p>Diesen Hinweis aufgreifend, kann man zun\u00e4chst die Tendenz zur gleichsam prismatischen Brechung und kunstvollen Verschleierung hervorheben. Die Idee der best\u00e4ndigen Verwandlung, \u00e4sthetischer Kern von Ovids Metamorphosen-Konzept und schon seit Goethes Zeiten immer wieder anregend f\u00fcr K\u00fcnstler aller Sparten, wird von Thomas Hummel in diesem Werk ebenfalls aufgegriffen.<\/p>\n<p>Sie manifestiert sich gleicherma\u00dfen als ein Moment der Spannungserzeugung wie der \u00e4sthetischen Offenheit \u2013 letzteres im Sinne einer permanenten Suchbewegung, die beim H\u00f6ren des Werkes auf h\u00f6chst suggestive Weise erfahrbar ist. Fremdheit ist dabei eines der\u00a0 Themen dieses St\u00fcckes. Es schlie\u00dft in besonderem Ma\u00dfe die Artikulation von Sprache ein, die zwischen klaren Distinktionen und Transformationen in Kl\u00e4nge wechselt und damit best\u00e4ndig die Frage aufwirft, was Wahrnehmung von Sprache \u00fcberhaupt hei\u00dft.<\/p>\n<p>Aber es kann auch auf den virtuosen Umgang mit Klangfarben bezogen werden, dabei stehen die gewohnten Klangfarben von Instrumenten gleichberechtigt neben ungew\u00f6hnlichen und verzerrten Spielweisen. Sprache und Musik n\u00e4hern sich auf faszinierende Weise bereits im ersten der vier S\u00e4tze dieser Komposition, wenn der Sprecher den Ovid-Text so zu artikulieren hat, dass er sich den Klangfarben des Orchester an\u00e4hnelt. Erst in weiteren S\u00e4tzen wird der Text deutlich semantisch erfahrbar.<\/p>\n<p>Thomas Hummel ist durch seine Ausbildung und seine langj\u00e4hrige T\u00e4tigkeit als Musikinformatiker in strengem wissenschaftlichen Denken geschult. Und er vermag dieses Denken immer wieder f\u00fcr sein Komponieren produktiv zu machen. Dies wirkt sich in\u00a0<i>Aus Trachila<\/i>\u00a0wie in einigen anderen neueren Werken besonders in der bewussten Kalkulation der Aufmerksamkeit des H\u00f6rens beim Umgang mit Text und Musik aus. Ausgehend von Forschungen zur \u00e4sthetischen Wahrnehmung und insbesondere zu den Unterschieden zwischen visueller und akustischer Wahrnehmung kommt Hummels Musik zu verbl\u00fcffenden Klang-Verkn\u00fcpfungen, die mit der M\u00f6glichkeit des vergleichenden Erinnerns ebenso wie mit dem &#8222;Wandern&#8220; der Aufmerksamkeit spielt \u2013 und gerade auf solchen Wegen eine besondere musikalische Intensit\u00e4t entfaltet.<\/p>\n<p>J\u00f6rn-Peter Hiekel<\/p>\n<p>&nbsp;<\/p>\n<p><b>THOMAS HUMMEL: ZUM AUFNAHMETECHNISCHEN VERFAHREN<\/b><\/p>\n<p>Die Produktion von\u00a0<i>Aus Trachila<\/i>\u00a0ist ein aufnahmetechnisches Experiment, das in diesem Umfang wahrscheinlich erstmals durchgef\u00fchrt wurde. Es ist ein Versuch \u00fcber die hyperrealistische Wiedergabe eines Werkes. Bei dem hier angewendeten Verfahren wird jeder Part des Orchesters nach Dirigat getrennt eingespielt, musikalisch angepasst und verr\u00e4umlicht. Eigens entwickelte Programme helfen bei der Einspielung und bei der manuellen Platzierung aller Teile und machen die enorme Komplexit\u00e4t der Aufgabe beherrschbar. Mit dieser Innovation l\u00e4sst sich eine hohe Pr\u00e4zision und Transparenz der Interpretation erzielen. In der Surround-Fassung der Aufnahme befindet sich der H\u00f6rer virtuell mitten im Orchester. Die Produktion ist dem Cellisten Claudius von Wrochem zugeeignet, der das Projekt ermutigend und erm\u00f6glichend begleitet hat.<\/p>\n<\/div>\n<\/td>\n<td><\/td>\n<\/tr>\n<\/tbody>\n<\/table>\n<p>Programm:<\/p>\n<p>[01-04] 59:14\u00a0<b>Aus Trachila<br \/>\n<\/b><span id=\"flash1\"><\/span><\/p>\n<p>A hyper-realistic recording<br \/>\nfor speaker and ensemble<\/p>\n<p><b>Christoph Ogiermann<\/b>, voice artist<br \/>\n<b>Holst-Sinfonietta<\/b><\/p>\n<p>Pressestimmen:<\/p>\n<p><img data-recalc-dims=\"1\" decoding=\"async\" src=\"https:\/\/i0.wp.com\/neos-music.com\/images\/news\/logo_fanfare.jpg?ssl=1\" \/><br \/>\n11\/12.2009<\/p>\n<p>Hummel describes Aus Trachila, subtitled \u201cSearching for the Missing Ovid,\u201d as \u201can experiment in recording technique.\u201d By this, he means he has tried to achieve what he calls a \u201chyper-realistic\u201d recording of a piece of music. Each instrument of the ensemble is recorded separately with the conductor, then musically adapted and \u201cspacialized.\u201d Computer software developed specifically for this process is employed. Presented in surround sound, the effect is to place the listener amidst the orchestra. Perhaps unsurprisingly, the piece was three years in the making (2003\u201306). Following on from his 1996\u201397 piece, Nicanor, Hummel experiments in Aus Trachila with the relationship between speech and music, translating certain words into the sounds of instruments. For Nicanor, Hummel took as his point of departure the novel The Autumn of the Patriarch (Gabriel Garcia M\u00e1rquez), whereas here his influences were Songs of Dolour (Ovid) and the postmodern novel Die letzte Welt by Christoph Ransmayr. The link between the two is that Ransmayr\u2019s novel moves between present and ancient times, referring to Ovid\u2019s Metamorphoses in the process. Cotta goes in search of Ovid and finds him in a hermitage called Trachila, hence the title of Hummel\u2019s piece. It is the element of search that specifically inspired Hummel.<\/p>\n<p>Christoph Ogiermann is referred to as a \u201cvoice artist.\u201d The texts themselves can only be heard in any sort of clear way in the second, third, and fourth movements. When they do come into focus, the effect can be shattering. In the first movement, though, the voice artist becomes a member of the ensemble. Given that Hummel has embarked on research in aesthetic perception, it is no surprise that such manipulations of timbre and, indeed, expectations of role, form a central part of his thinking. The resultant sonorities can be surprising and, at times, downright disturbing. Altered sounds can take on an otherworldly aspect, somewhat akin to Stockhausen\u2019s sonic explorations.<\/p>\n<p>The work is actually scored for speakers, 18 musicians, playback, and video, although obviously the video element is absent here. The result is stimulating, fresh, and uncompromising music recorded in state-of-the-art sound. A complete list of Hummel\u2019s works can be found at his informative Web site,\u00a0<a href=\"https:\/\/neos-music.com\/output.php?template=german-album-details.php&amp;content=Alben\/10804.php#\">www.thomashummel.net\/<\/a>, where one can also download a PDF of his complex article, \u201cSimulation of Human Voice Timbre by Orchestration of Acoustic Music Instruments.\u201d<\/p>\n<p>Colin Clarke<\/p>\n<p><img data-recalc-dims=\"1\" decoding=\"async\" src=\"https:\/\/i0.wp.com\/neos-music.com\/images\/news\/Diverdi-Logo013.jpg?ssl=1\" \/><br \/>\n09\/09<\/p>\n<p><img data-recalc-dims=\"1\" decoding=\"async\" src=\"https:\/\/i0.wp.com\/neos-music.com\/images\/news\/10804_hummel.jpg?ssl=1\" \/><\/p>\n","protected":false},"excerpt":{"rendered":"<p>Infotext: MUSIK UND TEXT IN UNGEW\u00d6HNLICHER LIAISON &#8222;Aus Trachila&#8220; von Thomas Hummel Die Verstehensproblematik ist in der neueren Kunstwissenschaft zum Gegenstand verschiedener Diskurse geworden, die bis zu Theorien des Nichtverstehens oder der Unlesbarkeit reichen. Die Musik als abstrakteste aller K\u00fcnste trug immer schon ein erhebliches Ma\u00df an Unbestimmtheit mit sich. Heute haben sich, nicht zuletzt [&hellip;]<\/p>\n","protected":false},"featured_media":3205,"template":"","meta":{"site-sidebar-layout":"default","site-content-layout":"default","ast-site-content-layout":"default","site-content-style":"default","site-sidebar-style":"default","ast-global-header-display":"","ast-banner-title-visibility":"","ast-main-header-display":"","ast-hfb-above-header-display":"","ast-hfb-below-header-display":"","ast-hfb-mobile-header-display":"","site-post-title":"","ast-breadcrumbs-content":"","ast-featured-img":"","footer-sml-layout":"","theme-transparent-header-meta":"default","adv-header-id-meta":"","stick-header-meta":"","header-above-stick-meta":"","header-main-stick-meta":"","header-below-stick-meta":"","astra-migrate-meta-layouts":"default","ast-page-background-enabled":"default","ast-page-background-meta":{"desktop":{"background-color":"","background-image":"","background-repeat":"repeat","background-position":"center center","background-size":"auto","background-attachment":"scroll","background-type":"","background-media":"","overlay-type":"","overlay-color":"","overlay-opacity":"","overlay-gradient":""},"tablet":{"background-color":"","background-image":"","background-repeat":"repeat","background-position":"center center","background-size":"auto","background-attachment":"scroll","background-type":"","background-media":"","overlay-type":"","overlay-color":"","overlay-opacity":"","overlay-gradient":""},"mobile":{"background-color":"","background-image":"","background-repeat":"repeat","background-position":"center center","background-size":"auto","background-attachment":"scroll","background-type":"","background-media":"","overlay-type":"","overlay-color":"","overlay-opacity":"","overlay-gradient":""}},"ast-content-background-meta":{"desktop":{"background-color":"var(--ast-global-color-5)","background-image":"","background-repeat":"repeat","background-position":"center center","background-size":"auto","background-attachment":"scroll","background-type":"","background-media":"","overlay-type":"","overlay-color":"","overlay-opacity":"","overlay-gradient":""},"tablet":{"background-color":"var(--ast-global-color-5)","background-image":"","background-repeat":"repeat","background-position":"center center","background-size":"auto","background-attachment":"scroll","background-type":"","background-media":"","overlay-type":"","overlay-color":"","overlay-opacity":"","overlay-gradient":""},"mobile":{"background-color":"var(--ast-global-color-5)","background-image":"","background-repeat":"repeat","background-position":"center center","background-size":"auto","background-attachment":"scroll","background-type":"","background-media":"","overlay-type":"","overlay-color":"","overlay-opacity":"","overlay-gradient":""}}},"product_brand":[],"product_cat":[26],"product_tag":[],"class_list":{"0":"post-3204","1":"product","2":"type-product","3":"status-publish","4":"has-post-thumbnail","6":"product_cat-zeitgenossische-musik","7":"pa_artikelnummer-neos-10804","8":"pa_brand-neos-music","9":"pa_ean-746","10":"desktop-align-left","11":"tablet-align-left","12":"mobile-align-left","14":"first","15":"instock","16":"taxable","17":"shipping-taxable","18":"purchasable","19":"product-type-simple"},"yoast_head":"<!-- This site is optimized with the Yoast SEO plugin v27.3 - https:\/\/yoast.com\/product\/yoast-seo-wordpress\/ -->\n<title>Thomas Hummel: Aus Trachila - NEOS Music<\/title>\n<meta name=\"robots\" content=\"index, follow, max-snippet:-1, max-image-preview:large, max-video-preview:-1\" \/>\n<link rel=\"canonical\" href=\"https:\/\/neos-music.com\/en_us\/product\/thomas-hummel-aus-trachila\/\" \/>\n<meta property=\"og:locale\" content=\"en_US\" \/>\n<meta property=\"og:type\" content=\"article\" \/>\n<meta property=\"og:title\" content=\"Thomas Hummel: Aus Trachila - NEOS Music\" \/>\n<meta property=\"og:description\" content=\"Infotext: MUSIK UND TEXT IN UNGEW\u00d6HNLICHER LIAISON &#8222;Aus Trachila&#8220; von Thomas Hummel Die Verstehensproblematik ist in der neueren Kunstwissenschaft zum Gegenstand verschiedener Diskurse geworden, die bis zu Theorien des Nichtverstehens oder der Unlesbarkeit reichen. Die Musik als abstrakteste aller K\u00fcnste trug immer schon ein erhebliches Ma\u00df an Unbestimmtheit mit sich. Heute haben sich, nicht zuletzt [&hellip;]\" \/>\n<meta property=\"og:url\" content=\"https:\/\/neos-music.com\/en_us\/product\/thomas-hummel-aus-trachila\/\" \/>\n<meta property=\"og:site_name\" content=\"NEOS Music\" \/>\n<meta property=\"article:modified_time\" content=\"2022-11-20T12:57:17+00:00\" \/>\n<meta property=\"og:image\" content=\"https:\/\/neos-music.com\/wp-content\/uploads\/2022\/11\/NEOS_10804_Hummel_Trachila.jpeg\" \/>\n\t<meta property=\"og:image:width\" content=\"1648\" \/>\n\t<meta property=\"og:image:height\" content=\"1483\" \/>\n\t<meta property=\"og:image:type\" content=\"image\/jpeg\" \/>\n<meta name=\"twitter:card\" content=\"summary_large_image\" \/>\n<meta name=\"twitter:label1\" content=\"Est. reading time\" \/>\n\t<meta name=\"twitter:data1\" content=\"6 minutes\" \/>\n<script type=\"application\/ld+json\" class=\"yoast-schema-graph\">{\"@context\":\"https:\\\/\\\/schema.org\",\"@graph\":[{\"@type\":\"WebPage\",\"@id\":\"https:\\\/\\\/neos-music.com\\\/product\\\/thomas-hummel-aus-trachila\\\/\",\"url\":\"https:\\\/\\\/neos-music.com\\\/product\\\/thomas-hummel-aus-trachila\\\/\",\"name\":\"Thomas Hummel: Aus Trachila - NEOS Music\",\"isPartOf\":{\"@id\":\"https:\\\/\\\/neos-music.com\\\/#website\"},\"primaryImageOfPage\":{\"@id\":\"https:\\\/\\\/neos-music.com\\\/product\\\/thomas-hummel-aus-trachila\\\/#primaryimage\"},\"image\":{\"@id\":\"https:\\\/\\\/neos-music.com\\\/product\\\/thomas-hummel-aus-trachila\\\/#primaryimage\"},\"thumbnailUrl\":\"https:\\\/\\\/i0.wp.com\\\/neos-music.com\\\/wp-content\\\/uploads\\\/2022\\\/11\\\/NEOS_10804_Hummel_Trachila.jpeg?fit=1648%2C1483&ssl=1\",\"datePublished\":\"2008-10-10T12:55:37+00:00\",\"dateModified\":\"2022-11-20T12:57:17+00:00\",\"breadcrumb\":{\"@id\":\"https:\\\/\\\/neos-music.com\\\/product\\\/thomas-hummel-aus-trachila\\\/#breadcrumb\"},\"inLanguage\":\"en-US\",\"potentialAction\":[{\"@type\":\"ReadAction\",\"target\":[\"https:\\\/\\\/neos-music.com\\\/product\\\/thomas-hummel-aus-trachila\\\/\"]}]},{\"@type\":\"ImageObject\",\"inLanguage\":\"en-US\",\"@id\":\"https:\\\/\\\/neos-music.com\\\/product\\\/thomas-hummel-aus-trachila\\\/#primaryimage\",\"url\":\"https:\\\/\\\/i0.wp.com\\\/neos-music.com\\\/wp-content\\\/uploads\\\/2022\\\/11\\\/NEOS_10804_Hummel_Trachila.jpeg?fit=1648%2C1483&ssl=1\",\"contentUrl\":\"https:\\\/\\\/i0.wp.com\\\/neos-music.com\\\/wp-content\\\/uploads\\\/2022\\\/11\\\/NEOS_10804_Hummel_Trachila.jpeg?fit=1648%2C1483&ssl=1\",\"width\":1648,\"height\":1483},{\"@type\":\"BreadcrumbList\",\"@id\":\"https:\\\/\\\/neos-music.com\\\/product\\\/thomas-hummel-aus-trachila\\\/#breadcrumb\",\"itemListElement\":[{\"@type\":\"ListItem\",\"position\":1,\"name\":\"Startseite\",\"item\":\"https:\\\/\\\/neos-music.com\\\/\"},{\"@type\":\"ListItem\",\"position\":2,\"name\":\"Produkte\",\"item\":\"https:\\\/\\\/neos-music.com\\\/shop__trashed\\\/\"},{\"@type\":\"ListItem\",\"position\":3,\"name\":\"Thomas Hummel: Aus Trachila\"}]},{\"@type\":\"WebSite\",\"@id\":\"https:\\\/\\\/neos-music.com\\\/#website\",\"url\":\"https:\\\/\\\/neos-music.com\\\/\",\"name\":\"NEOS Music\",\"description\":\"Dein Online Shop f\u00fcr zeitgen\u00f6ssische Musik, Jazz und Classics!\",\"publisher\":{\"@id\":\"https:\\\/\\\/neos-music.com\\\/#organization\"},\"potentialAction\":[{\"@type\":\"SearchAction\",\"target\":{\"@type\":\"EntryPoint\",\"urlTemplate\":\"https:\\\/\\\/neos-music.com\\\/?s={search_term_string}\"},\"query-input\":{\"@type\":\"PropertyValueSpecification\",\"valueRequired\":true,\"valueName\":\"search_term_string\"}}],\"inLanguage\":\"en-US\"},{\"@type\":\"Organization\",\"@id\":\"https:\\\/\\\/neos-music.com\\\/#organization\",\"name\":\"NEOS Music\",\"url\":\"https:\\\/\\\/neos-music.com\\\/\",\"logo\":{\"@type\":\"ImageObject\",\"inLanguage\":\"en-US\",\"@id\":\"https:\\\/\\\/neos-music.com\\\/#\\\/schema\\\/logo\\\/image\\\/\",\"url\":\"https:\\\/\\\/i0.wp.com\\\/neos-music.com\\\/wp-content\\\/uploads\\\/2025\\\/08\\\/NEOS-Logo-weiss.png?fit=800%2C203&ssl=1\",\"contentUrl\":\"https:\\\/\\\/i0.wp.com\\\/neos-music.com\\\/wp-content\\\/uploads\\\/2025\\\/08\\\/NEOS-Logo-weiss.png?fit=800%2C203&ssl=1\",\"width\":800,\"height\":203,\"caption\":\"NEOS Music\"},\"image\":{\"@id\":\"https:\\\/\\\/neos-music.com\\\/#\\\/schema\\\/logo\\\/image\\\/\"}}]}<\/script>\n<!-- \/ Yoast SEO plugin. -->","yoast_head_json":{"title":"Thomas Hummel: Aus Trachila - NEOS Music","robots":{"index":"index","follow":"follow","max-snippet":"max-snippet:-1","max-image-preview":"max-image-preview:large","max-video-preview":"max-video-preview:-1"},"canonical":"https:\/\/neos-music.com\/en_us\/product\/thomas-hummel-aus-trachila\/","og_locale":"en_US","og_type":"article","og_title":"Thomas Hummel: Aus Trachila - NEOS Music","og_description":"Infotext: MUSIK UND TEXT IN UNGEW\u00d6HNLICHER LIAISON &#8222;Aus Trachila&#8220; von Thomas Hummel Die Verstehensproblematik ist in der neueren Kunstwissenschaft zum Gegenstand verschiedener Diskurse geworden, die bis zu Theorien des Nichtverstehens oder der Unlesbarkeit reichen. Die Musik als abstrakteste aller K\u00fcnste trug immer schon ein erhebliches Ma\u00df an Unbestimmtheit mit sich. Heute haben sich, nicht zuletzt [&hellip;]","og_url":"https:\/\/neos-music.com\/en_us\/product\/thomas-hummel-aus-trachila\/","og_site_name":"NEOS Music","article_modified_time":"2022-11-20T12:57:17+00:00","og_image":[{"width":1648,"height":1483,"url":"https:\/\/neos-music.com\/wp-content\/uploads\/2022\/11\/NEOS_10804_Hummel_Trachila.jpeg","type":"image\/jpeg"}],"twitter_card":"summary_large_image","twitter_misc":{"Est. reading time":"6 minutes"},"schema":{"@context":"https:\/\/schema.org","@graph":[{"@type":"WebPage","@id":"https:\/\/neos-music.com\/product\/thomas-hummel-aus-trachila\/","url":"https:\/\/neos-music.com\/product\/thomas-hummel-aus-trachila\/","name":"Thomas Hummel: Aus Trachila - NEOS Music","isPartOf":{"@id":"https:\/\/neos-music.com\/#website"},"primaryImageOfPage":{"@id":"https:\/\/neos-music.com\/product\/thomas-hummel-aus-trachila\/#primaryimage"},"image":{"@id":"https:\/\/neos-music.com\/product\/thomas-hummel-aus-trachila\/#primaryimage"},"thumbnailUrl":"https:\/\/i0.wp.com\/neos-music.com\/wp-content\/uploads\/2022\/11\/NEOS_10804_Hummel_Trachila.jpeg?fit=1648%2C1483&ssl=1","datePublished":"2008-10-10T12:55:37+00:00","dateModified":"2022-11-20T12:57:17+00:00","breadcrumb":{"@id":"https:\/\/neos-music.com\/product\/thomas-hummel-aus-trachila\/#breadcrumb"},"inLanguage":"en-US","potentialAction":[{"@type":"ReadAction","target":["https:\/\/neos-music.com\/product\/thomas-hummel-aus-trachila\/"]}]},{"@type":"ImageObject","inLanguage":"en-US","@id":"https:\/\/neos-music.com\/product\/thomas-hummel-aus-trachila\/#primaryimage","url":"https:\/\/i0.wp.com\/neos-music.com\/wp-content\/uploads\/2022\/11\/NEOS_10804_Hummel_Trachila.jpeg?fit=1648%2C1483&ssl=1","contentUrl":"https:\/\/i0.wp.com\/neos-music.com\/wp-content\/uploads\/2022\/11\/NEOS_10804_Hummel_Trachila.jpeg?fit=1648%2C1483&ssl=1","width":1648,"height":1483},{"@type":"BreadcrumbList","@id":"https:\/\/neos-music.com\/product\/thomas-hummel-aus-trachila\/#breadcrumb","itemListElement":[{"@type":"ListItem","position":1,"name":"Startseite","item":"https:\/\/neos-music.com\/"},{"@type":"ListItem","position":2,"name":"Produkte","item":"https:\/\/neos-music.com\/shop__trashed\/"},{"@type":"ListItem","position":3,"name":"Thomas Hummel: Aus Trachila"}]},{"@type":"WebSite","@id":"https:\/\/neos-music.com\/#website","url":"https:\/\/neos-music.com\/","name":"NEOS Music","description":"Dein Online Shop f\u00fcr zeitgen\u00f6ssische Musik, Jazz und Classics!","publisher":{"@id":"https:\/\/neos-music.com\/#organization"},"potentialAction":[{"@type":"SearchAction","target":{"@type":"EntryPoint","urlTemplate":"https:\/\/neos-music.com\/?s={search_term_string}"},"query-input":{"@type":"PropertyValueSpecification","valueRequired":true,"valueName":"search_term_string"}}],"inLanguage":"en-US"},{"@type":"Organization","@id":"https:\/\/neos-music.com\/#organization","name":"NEOS Music","url":"https:\/\/neos-music.com\/","logo":{"@type":"ImageObject","inLanguage":"en-US","@id":"https:\/\/neos-music.com\/#\/schema\/logo\/image\/","url":"https:\/\/i0.wp.com\/neos-music.com\/wp-content\/uploads\/2025\/08\/NEOS-Logo-weiss.png?fit=800%2C203&ssl=1","contentUrl":"https:\/\/i0.wp.com\/neos-music.com\/wp-content\/uploads\/2025\/08\/NEOS-Logo-weiss.png?fit=800%2C203&ssl=1","width":800,"height":203,"caption":"NEOS Music"},"image":{"@id":"https:\/\/neos-music.com\/#\/schema\/logo\/image\/"}}]}},"jetpack_sharing_enabled":true,"_links":{"self":[{"href":"https:\/\/neos-music.com\/en_us\/wp-json\/wp\/v2\/product\/3204","targetHints":{"allow":["GET"]}}],"collection":[{"href":"https:\/\/neos-music.com\/en_us\/wp-json\/wp\/v2\/product"}],"about":[{"href":"https:\/\/neos-music.com\/en_us\/wp-json\/wp\/v2\/types\/product"}],"version-history":[{"count":0,"href":"https:\/\/neos-music.com\/en_us\/wp-json\/wp\/v2\/product\/3204\/revisions"}],"wp:featuredmedia":[{"embeddable":true,"href":"https:\/\/neos-music.com\/en_us\/wp-json\/wp\/v2\/media\/3205"}],"wp:attachment":[{"href":"https:\/\/neos-music.com\/en_us\/wp-json\/wp\/v2\/media?parent=3204"}],"wp:term":[{"taxonomy":"product_brand","embeddable":true,"href":"https:\/\/neos-music.com\/en_us\/wp-json\/wp\/v2\/product_brand?post=3204"},{"taxonomy":"product_cat","embeddable":true,"href":"https:\/\/neos-music.com\/en_us\/wp-json\/wp\/v2\/product_cat?post=3204"},{"taxonomy":"product_tag","embeddable":true,"href":"https:\/\/neos-music.com\/en_us\/wp-json\/wp\/v2\/product_tag?post=3204"}],"curies":[{"name":"wp","href":"https:\/\/api.w.org\/{rel}","templated":true}]}}