{"id":3220,"date":"2008-09-15T13:33:27","date_gmt":"2008-09-15T13:33:27","guid":{"rendered":"https:\/\/neos-music.com\/?post_type=product&#038;p=3220"},"modified":"2022-11-20T13:34:51","modified_gmt":"2022-11-20T13:34:51","slug":"les-emeudroides-les-emeudroides","status":"publish","type":"product","link":"https:\/\/neos-music.com\/en_us\/product\/les-emeudroides-les-emeudroides\/","title":{"rendered":"Les Emeudro\u00efdes: Les Emeudro\u00efdes"},"content":{"rendered":"<p>Programm:<\/p>\n<p>[01] 01:35\u00a0<b>Perplexe 1<\/b>\u00a0(R. Monteiro)<br \/>\n[02] 10:28\u00a0<b>L\u2019Homme chaussure<\/b>\u00a0(J. R\u00fchl)<br \/>\n<span id=\"flash1\"><\/span><\/p>\n<p>[03] 01:35\u00a0<b>Perplexe 2<\/b>\u00a0(C. Canonne)<br \/>\n[04] 06:22\u00a0<b>Herr Da\u00efra<\/b>\u00a0(N. Nageotte)<br \/>\n[05] 01:35\u00a0<b>Perplexe 3<\/b>\u00a0(J. R\u00fchl)<br \/>\n[06] 14:49\u00a0<b>Squirrel 27<\/b>\u00a0(C. Canonne)<br \/>\n<span id=\"flash2\"><\/span><\/p>\n<p>[07] 01:35\u00a0<b>Perplexe 4<\/b>\u00a0(N. Nageotte)<br \/>\n[08] 07:37\u00a0<b>Villeuses Volutes<\/b>\u00a0(R. Monteiro)<br \/>\n[09] 01:35\u00a0<b>Perplexe 5<\/b>\u00a0(J. Bruy\u00e8re)<br \/>\n[10] 07:40\u00a0<b>Excusez\u2013moi Thomas F.<\/b>\u00a0(J. R\u00fchl)<br \/>\n<span id=\"flash3\"><\/span><\/p>\n<p><b>total time 55:30<\/b><\/p>\n<p><b>J\u00e9r\u00e9my Bruy\u00e8re<\/b>, contrabass and electric bass<br \/>\n<b>Cl\u00e9ment Canonne<\/b>, piano and synthesizer<br \/>\n<b>Rom\u00e9o Monteiro<\/b>, drums and percussion<br \/>\n<b>Nicolas Nageotte<\/b>, saxophones and zurna<br \/>\n<b>Joris R\u00fchl<\/b>, clarinet and bass clarinet<\/p>\n<p>Recording Engineer: Ananda Cherer<br \/>\nRecorded at L\u2019Artsc\u00e8ne Studio, Bourgoin-Jallieu, France, 14\u201316 October 2007<br \/>\nMixed and mastered by Ananda Cherer &amp; Les Emeudro\u00efdes in January 2008<\/p>\n<p>Les Emeudro\u00efdes wish to thank Heiner Goebbels, Jens Joneleit, Ananda, Giessen\u2019s Ten and Petit Pierre<\/p>\n","protected":false},"excerpt":{"rendered":"<p>Programm: [01] 01:35\u00a0Perplexe 1\u00a0(R. Monteiro) [02] 10:28\u00a0L\u2019Homme chaussure\u00a0(J. R\u00fchl) [03] 01:35\u00a0Perplexe 2\u00a0(C. Canonne) [04] 06:22\u00a0Herr Da\u00efra\u00a0(N. Nageotte) [05] 01:35\u00a0Perplexe 3\u00a0(J. R\u00fchl) [06] 14:49\u00a0Squirrel 27\u00a0(C. Canonne) [07] 01:35\u00a0Perplexe 4\u00a0(N. Nageotte) [08] 07:37\u00a0Villeuses Volutes\u00a0(R. Monteiro) [09] 01:35\u00a0Perplexe 5\u00a0(J. Bruy\u00e8re) [10] 07:40\u00a0Excusez\u2013moi Thomas F.\u00a0(J. R\u00fchl) total time 55:30 J\u00e9r\u00e9my Bruy\u00e8re, contrabass and electric bass Cl\u00e9ment Canonne, piano and [&hellip;]<\/p>\n","protected":false},"featured_media":3221,"template":"","meta":{"site-sidebar-layout":"default","site-content-layout":"default","ast-site-content-layout":"default","site-content-style":"default","site-sidebar-style":"default","ast-global-header-display":"","ast-banner-title-visibility":"","ast-main-header-display":"","ast-hfb-above-header-display":"","ast-hfb-below-header-display":"","ast-hfb-mobile-header-display":"","site-post-title":"","ast-breadcrumbs-content":"","ast-featured-img":"","footer-sml-layout":"","theme-transparent-header-meta":"default","adv-header-id-meta":"","stick-header-meta":"","header-above-stick-meta":"","header-main-stick-meta":"","header-below-stick-meta":"","astra-migrate-meta-layouts":"default","ast-page-background-enabled":"default","ast-page-background-meta":{"desktop":{"background-color":"","background-image":"","background-repeat":"repeat","background-position":"center center","background-size":"auto","background-attachment":"scroll","background-type":"","background-media":"","overlay-type":"","overlay-color":"","overlay-opacity":"","overlay-gradient":""},"tablet":{"background-color":"","background-image":"","background-repeat":"repeat","background-position":"center center","background-size":"auto","background-attachment":"scroll","background-type":"","background-media":"","overlay-type":"","overlay-color":"","overlay-opacity":"","overlay-gradient":""},"mobile":{"background-color":"","background-image":"","background-repeat":"repeat","background-position":"center center","background-size":"auto","background-attachment":"scroll","background-type":"","background-media":"","overlay-type":"","overlay-color":"","overlay-opacity":"","overlay-gradient":""}},"ast-content-background-meta":{"desktop":{"background-color":"var(--ast-global-color-5)","background-image":"","background-repeat":"repeat","background-position":"center center","background-size":"auto","background-attachment":"scroll","background-type":"","background-media":"","overlay-type":"","overlay-color":"","overlay-opacity":"","overlay-gradient":""},"tablet":{"background-color":"var(--ast-global-color-5)","background-image":"","background-repeat":"repeat","background-position":"center center","background-size":"auto","background-attachment":"scroll","background-type":"","background-media":"","overlay-type":"","overlay-color":"","overlay-opacity":"","overlay-gradient":""},"mobile":{"background-color":"var(--ast-global-color-5)","background-image":"","background-repeat":"repeat","background-position":"center center","background-size":"auto","background-attachment":"scroll","background-type":"","background-media":"","overlay-type":"","overlay-color":"","overlay-opacity":"","overlay-gradient":""}}},"product_brand":[],"product_cat":[27],"product_tag":[],"class_list":{"0":"post-3220","1":"product","2":"type-product","3":"status-publish","4":"has-post-thumbnail","6":"product_cat-jazz","7":"pa_artikelnummer-neos-40805","8":"pa_brand-neos-music","9":"pa_ean-762","10":"desktop-align-left","11":"tablet-align-left","12":"mobile-align-left","14":"first","15":"instock","16":"taxable","17":"shipping-taxable","18":"purchasable","19":"product-type-simple"},"yoast_head":"<!-- This site is optimized with the Yoast SEO plugin v27.4 - https:\/\/yoast.com\/product\/yoast-seo-wordpress\/ -->\n<title>Les Emeudro\u00efdes: Les Emeudro\u00efdes - NEOS Music<\/title>\n<meta name=\"robots\" content=\"index, follow, max-snippet:-1, max-image-preview:large, max-video-preview:-1\" \/>\n<link rel=\"canonical\" href=\"https:\/\/neos-music.com\/en_us\/product\/les-emeudroides-les-emeudroides\/\" \/>\n<meta property=\"og:locale\" content=\"en_US\" \/>\n<meta property=\"og:type\" content=\"article\" \/>\n<meta property=\"og:title\" content=\"Les Emeudro\u00efdes: Les Emeudro\u00efdes - NEOS Music\" \/>\n<meta property=\"og:description\" content=\"Programm: [01] 01:35\u00a0Perplexe 1\u00a0(R. Monteiro) [02] 10:28\u00a0L\u2019Homme chaussure\u00a0(J. R\u00fchl) [03] 01:35\u00a0Perplexe 2\u00a0(C. Canonne) [04] 06:22\u00a0Herr Da\u00efra\u00a0(N. Nageotte) [05] 01:35\u00a0Perplexe 3\u00a0(J. R\u00fchl) [06] 14:49\u00a0Squirrel 27\u00a0(C. Canonne) [07] 01:35\u00a0Perplexe 4\u00a0(N. Nageotte) [08] 07:37\u00a0Villeuses Volutes\u00a0(R. Monteiro) [09] 01:35\u00a0Perplexe 5\u00a0(J. Bruy\u00e8re) [10] 07:40\u00a0Excusez\u2013moi Thomas F.\u00a0(J. R\u00fchl) total time 55:30 J\u00e9r\u00e9my Bruy\u00e8re, contrabass and electric bass Cl\u00e9ment Canonne, piano and [&hellip;]\" \/>\n<meta property=\"og:url\" content=\"https:\/\/neos-music.com\/en_us\/product\/les-emeudroides-les-emeudroides\/\" \/>\n<meta property=\"og:site_name\" content=\"NEOS Music\" \/>\n<meta property=\"article:modified_time\" content=\"2022-11-20T13:34:51+00:00\" \/>\n<meta property=\"og:image\" content=\"https:\/\/neos-music.com\/wp-content\/uploads\/2022\/11\/NEOS_40805_Emeudrides.jpeg\" \/>\n\t<meta property=\"og:image:width\" content=\"1646\" \/>\n\t<meta property=\"og:image:height\" content=\"1480\" \/>\n\t<meta property=\"og:image:type\" content=\"image\/jpeg\" \/>\n<meta name=\"twitter:card\" content=\"summary_large_image\" \/>\n<meta name=\"twitter:label1\" content=\"Est. reading time\" \/>\n\t<meta name=\"twitter:data1\" content=\"1 minute\" \/>\n<script type=\"application\/ld+json\" class=\"yoast-schema-graph\">{\"@context\":\"https:\\\/\\\/schema.org\",\"@graph\":[{\"@type\":\"WebPage\",\"@id\":\"https:\\\/\\\/neos-music.com\\\/product\\\/les-emeudroides-les-emeudroides\\\/\",\"url\":\"https:\\\/\\\/neos-music.com\\\/product\\\/les-emeudroides-les-emeudroides\\\/\",\"name\":\"Les Emeudro\u00efdes: Les Emeudro\u00efdes - NEOS Music\",\"isPartOf\":{\"@id\":\"https:\\\/\\\/neos-music.com\\\/#website\"},\"primaryImageOfPage\":{\"@id\":\"https:\\\/\\\/neos-music.com\\\/product\\\/les-emeudroides-les-emeudroides\\\/#primaryimage\"},\"image\":{\"@id\":\"https:\\\/\\\/neos-music.com\\\/product\\\/les-emeudroides-les-emeudroides\\\/#primaryimage\"},\"thumbnailUrl\":\"https:\\\/\\\/i0.wp.com\\\/neos-music.com\\\/wp-content\\\/uploads\\\/2022\\\/11\\\/NEOS_40805_Emeudrides.jpeg?fit=1646%2C1480&ssl=1\",\"datePublished\":\"2008-09-15T13:33:27+00:00\",\"dateModified\":\"2022-11-20T13:34:51+00:00\",\"breadcrumb\":{\"@id\":\"https:\\\/\\\/neos-music.com\\\/product\\\/les-emeudroides-les-emeudroides\\\/#breadcrumb\"},\"inLanguage\":\"en-US\",\"potentialAction\":[{\"@type\":\"ReadAction\",\"target\":[\"https:\\\/\\\/neos-music.com\\\/product\\\/les-emeudroides-les-emeudroides\\\/\"]}]},{\"@type\":\"ImageObject\",\"inLanguage\":\"en-US\",\"@id\":\"https:\\\/\\\/neos-music.com\\\/product\\\/les-emeudroides-les-emeudroides\\\/#primaryimage\",\"url\":\"https:\\\/\\\/i0.wp.com\\\/neos-music.com\\\/wp-content\\\/uploads\\\/2022\\\/11\\\/NEOS_40805_Emeudrides.jpeg?fit=1646%2C1480&ssl=1\",\"contentUrl\":\"https:\\\/\\\/i0.wp.com\\\/neos-music.com\\\/wp-content\\\/uploads\\\/2022\\\/11\\\/NEOS_40805_Emeudrides.jpeg?fit=1646%2C1480&ssl=1\",\"width\":1646,\"height\":1480},{\"@type\":\"BreadcrumbList\",\"@id\":\"https:\\\/\\\/neos-music.com\\\/product\\\/les-emeudroides-les-emeudroides\\\/#breadcrumb\",\"itemListElement\":[{\"@type\":\"ListItem\",\"position\":1,\"name\":\"Startseite\",\"item\":\"https:\\\/\\\/neos-music.com\\\/\"},{\"@type\":\"ListItem\",\"position\":2,\"name\":\"Produkte\",\"item\":\"https:\\\/\\\/neos-music.com\\\/shop__trashed\\\/\"},{\"@type\":\"ListItem\",\"position\":3,\"name\":\"Les Emeudro\u00efdes: Les Emeudro\u00efdes\"}]},{\"@type\":\"WebSite\",\"@id\":\"https:\\\/\\\/neos-music.com\\\/#website\",\"url\":\"https:\\\/\\\/neos-music.com\\\/\",\"name\":\"NEOS Music\",\"description\":\"Dein Online Shop f\u00fcr zeitgen\u00f6ssische Musik, Jazz und Classics!\",\"publisher\":{\"@id\":\"https:\\\/\\\/neos-music.com\\\/#organization\"},\"potentialAction\":[{\"@type\":\"SearchAction\",\"target\":{\"@type\":\"EntryPoint\",\"urlTemplate\":\"https:\\\/\\\/neos-music.com\\\/?s={search_term_string}\"},\"query-input\":{\"@type\":\"PropertyValueSpecification\",\"valueRequired\":true,\"valueName\":\"search_term_string\"}}],\"inLanguage\":\"en-US\"},{\"@type\":\"Organization\",\"@id\":\"https:\\\/\\\/neos-music.com\\\/#organization\",\"name\":\"NEOS Music\",\"url\":\"https:\\\/\\\/neos-music.com\\\/\",\"logo\":{\"@type\":\"ImageObject\",\"inLanguage\":\"en-US\",\"@id\":\"https:\\\/\\\/neos-music.com\\\/#\\\/schema\\\/logo\\\/image\\\/\",\"url\":\"https:\\\/\\\/i0.wp.com\\\/neos-music.com\\\/wp-content\\\/uploads\\\/2025\\\/08\\\/NEOS-Logo-weiss.png?fit=800%2C203&ssl=1\",\"contentUrl\":\"https:\\\/\\\/i0.wp.com\\\/neos-music.com\\\/wp-content\\\/uploads\\\/2025\\\/08\\\/NEOS-Logo-weiss.png?fit=800%2C203&ssl=1\",\"width\":800,\"height\":203,\"caption\":\"NEOS Music\"},\"image\":{\"@id\":\"https:\\\/\\\/neos-music.com\\\/#\\\/schema\\\/logo\\\/image\\\/\"}}]}<\/script>\n<!-- \/ Yoast SEO plugin. -->","yoast_head_json":{"title":"Les Emeudro\u00efdes: Les Emeudro\u00efdes - NEOS Music","robots":{"index":"index","follow":"follow","max-snippet":"max-snippet:-1","max-image-preview":"max-image-preview:large","max-video-preview":"max-video-preview:-1"},"canonical":"https:\/\/neos-music.com\/en_us\/product\/les-emeudroides-les-emeudroides\/","og_locale":"en_US","og_type":"article","og_title":"Les Emeudro\u00efdes: Les Emeudro\u00efdes - NEOS Music","og_description":"Programm: [01] 01:35\u00a0Perplexe 1\u00a0(R. Monteiro) [02] 10:28\u00a0L\u2019Homme chaussure\u00a0(J. R\u00fchl) [03] 01:35\u00a0Perplexe 2\u00a0(C. Canonne) [04] 06:22\u00a0Herr Da\u00efra\u00a0(N. Nageotte) [05] 01:35\u00a0Perplexe 3\u00a0(J. R\u00fchl) [06] 14:49\u00a0Squirrel 27\u00a0(C. Canonne) [07] 01:35\u00a0Perplexe 4\u00a0(N. Nageotte) [08] 07:37\u00a0Villeuses Volutes\u00a0(R. Monteiro) [09] 01:35\u00a0Perplexe 5\u00a0(J. Bruy\u00e8re) [10] 07:40\u00a0Excusez\u2013moi Thomas F.\u00a0(J. R\u00fchl) total time 55:30 J\u00e9r\u00e9my Bruy\u00e8re, contrabass and electric bass Cl\u00e9ment Canonne, piano and [&hellip;]","og_url":"https:\/\/neos-music.com\/en_us\/product\/les-emeudroides-les-emeudroides\/","og_site_name":"NEOS Music","article_modified_time":"2022-11-20T13:34:51+00:00","og_image":[{"width":1646,"height":1480,"url":"https:\/\/neos-music.com\/wp-content\/uploads\/2022\/11\/NEOS_40805_Emeudrides.jpeg","type":"image\/jpeg"}],"twitter_card":"summary_large_image","twitter_misc":{"Est. reading time":"1 minute"},"schema":{"@context":"https:\/\/schema.org","@graph":[{"@type":"WebPage","@id":"https:\/\/neos-music.com\/product\/les-emeudroides-les-emeudroides\/","url":"https:\/\/neos-music.com\/product\/les-emeudroides-les-emeudroides\/","name":"Les Emeudro\u00efdes: Les Emeudro\u00efdes - NEOS Music","isPartOf":{"@id":"https:\/\/neos-music.com\/#website"},"primaryImageOfPage":{"@id":"https:\/\/neos-music.com\/product\/les-emeudroides-les-emeudroides\/#primaryimage"},"image":{"@id":"https:\/\/neos-music.com\/product\/les-emeudroides-les-emeudroides\/#primaryimage"},"thumbnailUrl":"https:\/\/i0.wp.com\/neos-music.com\/wp-content\/uploads\/2022\/11\/NEOS_40805_Emeudrides.jpeg?fit=1646%2C1480&ssl=1","datePublished":"2008-09-15T13:33:27+00:00","dateModified":"2022-11-20T13:34:51+00:00","breadcrumb":{"@id":"https:\/\/neos-music.com\/product\/les-emeudroides-les-emeudroides\/#breadcrumb"},"inLanguage":"en-US","potentialAction":[{"@type":"ReadAction","target":["https:\/\/neos-music.com\/product\/les-emeudroides-les-emeudroides\/"]}]},{"@type":"ImageObject","inLanguage":"en-US","@id":"https:\/\/neos-music.com\/product\/les-emeudroides-les-emeudroides\/#primaryimage","url":"https:\/\/i0.wp.com\/neos-music.com\/wp-content\/uploads\/2022\/11\/NEOS_40805_Emeudrides.jpeg?fit=1646%2C1480&ssl=1","contentUrl":"https:\/\/i0.wp.com\/neos-music.com\/wp-content\/uploads\/2022\/11\/NEOS_40805_Emeudrides.jpeg?fit=1646%2C1480&ssl=1","width":1646,"height":1480},{"@type":"BreadcrumbList","@id":"https:\/\/neos-music.com\/product\/les-emeudroides-les-emeudroides\/#breadcrumb","itemListElement":[{"@type":"ListItem","position":1,"name":"Startseite","item":"https:\/\/neos-music.com\/"},{"@type":"ListItem","position":2,"name":"Produkte","item":"https:\/\/neos-music.com\/shop__trashed\/"},{"@type":"ListItem","position":3,"name":"Les Emeudro\u00efdes: Les Emeudro\u00efdes"}]},{"@type":"WebSite","@id":"https:\/\/neos-music.com\/#website","url":"https:\/\/neos-music.com\/","name":"NEOS Music","description":"Dein Online Shop f\u00fcr zeitgen\u00f6ssische Musik, Jazz und Classics!","publisher":{"@id":"https:\/\/neos-music.com\/#organization"},"potentialAction":[{"@type":"SearchAction","target":{"@type":"EntryPoint","urlTemplate":"https:\/\/neos-music.com\/?s={search_term_string}"},"query-input":{"@type":"PropertyValueSpecification","valueRequired":true,"valueName":"search_term_string"}}],"inLanguage":"en-US"},{"@type":"Organization","@id":"https:\/\/neos-music.com\/#organization","name":"NEOS Music","url":"https:\/\/neos-music.com\/","logo":{"@type":"ImageObject","inLanguage":"en-US","@id":"https:\/\/neos-music.com\/#\/schema\/logo\/image\/","url":"https:\/\/i0.wp.com\/neos-music.com\/wp-content\/uploads\/2025\/08\/NEOS-Logo-weiss.png?fit=800%2C203&ssl=1","contentUrl":"https:\/\/i0.wp.com\/neos-music.com\/wp-content\/uploads\/2025\/08\/NEOS-Logo-weiss.png?fit=800%2C203&ssl=1","width":800,"height":203,"caption":"NEOS Music"},"image":{"@id":"https:\/\/neos-music.com\/#\/schema\/logo\/image\/"}}]}},"jetpack_sharing_enabled":true,"_links":{"self":[{"href":"https:\/\/neos-music.com\/en_us\/wp-json\/wp\/v2\/product\/3220","targetHints":{"allow":["GET"]}}],"collection":[{"href":"https:\/\/neos-music.com\/en_us\/wp-json\/wp\/v2\/product"}],"about":[{"href":"https:\/\/neos-music.com\/en_us\/wp-json\/wp\/v2\/types\/product"}],"version-history":[{"count":0,"href":"https:\/\/neos-music.com\/en_us\/wp-json\/wp\/v2\/product\/3220\/revisions"}],"wp:featuredmedia":[{"embeddable":true,"href":"https:\/\/neos-music.com\/en_us\/wp-json\/wp\/v2\/media\/3221"}],"wp:attachment":[{"href":"https:\/\/neos-music.com\/en_us\/wp-json\/wp\/v2\/media?parent=3220"}],"wp:term":[{"taxonomy":"product_brand","embeddable":true,"href":"https:\/\/neos-music.com\/en_us\/wp-json\/wp\/v2\/product_brand?post=3220"},{"taxonomy":"product_cat","embeddable":true,"href":"https:\/\/neos-music.com\/en_us\/wp-json\/wp\/v2\/product_cat?post=3220"},{"taxonomy":"product_tag","embeddable":true,"href":"https:\/\/neos-music.com\/en_us\/wp-json\/wp\/v2\/product_tag?post=3220"}],"curies":[{"name":"wp","href":"https:\/\/api.w.org\/{rel}","templated":true}]}}