{"id":3236,"date":"2008-05-20T14:02:55","date_gmt":"2008-05-20T14:02:55","guid":{"rendered":"https:\/\/neos-music.com\/?post_type=product&#038;p=3236"},"modified":"2023-05-25T09:36:04","modified_gmt":"2023-05-25T09:36:04","slug":"wolfgang-rihm-piano-pieces","status":"publish","type":"product","link":"https:\/\/neos-music.com\/en_us\/product\/wolfgang-rihm-piano-pieces\/","title":{"rendered":"Wolfgang Rihm: Piano Pieces"},"content":{"rendered":"<p>Infotext:<\/p>\n<table border=\"0\" width=\"100%\" rules=\"none\" cellspacing=\"0\" cellpadding=\"0\">\n<tbody>\n<tr>\n<td class=\"bigcontent2\">\n<div id=\"infotext\">\n<p><b>DAS KLAVIERWERK VON WOLFGANG RIHM<\/b><\/p>\n<p>Mein erster Kontakt mit der Klaviermusik Wolfgang Rihms ergab sich relativ sp\u00e4t. Vor ungef\u00e4hr acht Jahren h\u00f6rte ich in einem Konzert das Klavierst\u00fcck 5 \u203aTombeau\u2039. Ich war spontan hingerissen von der dunklen Wucht dieser Musik. Wie ein Aufschrei, ein finsteres Aufbegehren, mit drei Ausrufungszeichen danach &#8230; Die starke architektonische Konzeption des Werks mit den zwei Rahmenteilen, die \u2013 jeder auf ganz eigene Art \u2013 wie zwei Ruhepole den himmelst\u00fcrmenden Mittelteil festzuhalten versuchen, hat sich mir damals eher unbewusst mitgeteilt.<\/p>\n<p>Ganz unmittelbar jedoch war die Wirkung, die vom Kontrast des ersten \u203abis zum Verklingen\u2039 gehaltenen C und den darauf folgenden Eruptionen ausging. Eindrucksvoll wirkten auch die abschlie\u00dfenden C-Oktaven, ein trotziges Beharren bei angehaltener Luft nach Minuten ungebremster frenetischer Besessenheit, die den Pianisten an den Rand der Ersch\u00f6pfung bringen.<\/p>\n<p>Ohne den Versuch einer Katalogisierung des Rihm\u2018schen \u0152uvres vorzunehmen, will ich im Folgenden einige Aspekte n\u00e4her beleuchten, die mich bei Rihm ganz besonders faszinieren. Der erste Aspekt ist ein sehr offensichtlicher: die ungeheure kinetische Energie, die sich beim Spielen dieser Musik entl\u00e4dt. Sie entsteht aus der Geste, sie geht ganz in der Geste auf. Vielleicht sogar noch extremer als im Klavierst\u00fcck 5 ist das Klavierst\u00fcck 7 B\u00fchne einer bis zur Gereiztheit aufgeladenen Gestik. Hier wird eine einzige kurze Figur wie in einem Strudel ihrer eigenen Magnetkraft ausgesetzt.<\/p>\n<p>Die Akzente verschieben sich, der Takt l\u00f6st sich auf, bis in wahnwitzigen Trillerketten ein Ufer herbeigesungen werden soll. Es kommt in Sicht \u2013 und schwindet wieder. Kurz vor Schluss triumphiert die Musik in Es-Dur. Ein hart erk\u00e4mpfter Triumph! Das Es-Dur ist wie ein Anschreien gegen die durchlittenen Wogen des Wahns. Zum Schluss ersteht eine Schattenwelt, \u203acome una aria\u2039, wortkarg und ekstatisch-starr, bevor die Musik ihren fr\u00fcheren Gestus wieder aufnimmt und in den Orkus herabst\u00fcrzt.<\/p>\n<p>Diese zweite Wirklichkeit, die Welt der Schatten und der Stille, ist die bei Rihm weit weniger offensichtliche, aber dennoch das Gegenbild der offensiven Energetik seiner Musik, das ihr r\u00e4umliche Tiefe verleiht. Schon im\u00a0 Klavierst\u00fcck 7 vollzieht sich die Musik weitgehend auf zwei dynamischen Ebenen, die durch die kurze Sechzehntel im dreifachen sforzato und die direkt darauf folgende punktierte Achtel im dreifachen piano vorgegeben sind. In der Nachstudie werden indirekte Klangwirkungen noch eindrucksvoller ausgenutzt, am deutlichsten durch die Nachkl\u00e4nge stumm gedr\u00fcckter, im mittleren Pedal gehaltenen T\u00f6ne, aber auch durch rhetorische Pausen und einem Innehalten des Gesangs. Die Passagen, in denen eigentlich nichts passiert, werden hier zum entscheidenden Ausdrucksmoment.<\/p>\n<p>Am Klavierst\u00fcck 4 fasziniert mich seine Poesie, ganz im romantischen Sinn. Obwohl das Werk formal noch dem Strukturalismus der fr\u00fchen Klavierst\u00fccke anh\u00e4ngt, wird hier eine Melodik zelebriert, die stellenweise an Chopin erinnert. F\u00fcr mich war dieses St\u00fcck eine der gro\u00dfen Entdeckungen der letzten Jahre! \u00c4hnlich verh\u00e4lt es sich mit Zwei kleine Schwingungen, zwei sehr viel sp\u00e4ter entstandenen kurzen St\u00fccken, slow und calmo betitelt. In beiden Miniaturen wird auf kleinstem Raum gr\u00f6\u00dfte lyrische Dichte erreicht. Eine Traum-Musik, die frei von jeder Schwere ist und nur der Poesie verpflichtet bleibt.<\/p>\n<p>Assoziations- und Zitattechniken sind bei Rihm wesentliche, immer wiederkehrende Mittel der \u00e4sthetischen Reflexion. Wilhelm Killmayer hat eindrucksvoll gezeigt, wie im Klavierst\u00fcck 6 \u203aBagatellen\u2039, \u00e4hnlich wie in bestimmten Gedichten H\u00f6lderlins ein Kreisen um bestimmte Lautbilder\/Klangbilder zur Grundlage neuer Entwicklungen gemacht wird. Der Untertitel Bagatellen ist deswegen so treffend, weil er an Beethoven erinnert, der sich in seinen sp\u00e4ten Bagatellen genau dieses Verfahren zu eigen gemacht hat.<\/p>\n<p>In der Mitte dieses St\u00fcckes wird der Anfang des letzten Klavierst\u00fcckes aus Opus 118 von Brahms zitiert. Der Brahmsliebewalzer erweist diesem Komponisten nicht nur im Titel Ehre. Er sp\u00fcrt \u2013 \u00bbnicht schnell, eher schwer, oft dumpf, nie heiter, vielleicht verdrossen, s\u00e4uerlich, aber ernst\u00ab \u2013 mit jeder Faser dem verblichenen Andenken des gro\u00dfen Romantikers nach, ohne dass dies je vollkommen gelingen kann. Der L\u00e4ndler ist ganz dem Geiste Schuberts verpflichtet, er vergeht, wie er begonnen hat \u2013 unerl\u00f6st.<\/p>\n<p>Viele der sp\u00e4teren St\u00fccke Rihms sind Dedikationen: Auf einem anderen Blatt ist Pierre Boulez zu dessen 75sten Geburtstag gewidmet; in Zwiesprache werden f\u00fcnf engen Freunden, die der Komponist im Entstehungsjahr verlor, posthume Denkm\u00e4ler gesetzt; Wortlos ist zum 60sten Geburtstag von Peter Sloterdijk entstanden. Dieses letzte Werk ist als \u203aLied ohne Worte\u2039 mit einem eigenen System f\u00fcr eine Gesangsstimme geschrieben, die jedoch nie einsetzt. Rihm schrieb mir dazu: \u00bbZwei musikalische Momente, zwischen Wien und Paris \u2013 1820 und 1905 \u2013 wie hinter Glas zu spielen.\u00ab<\/p>\n<p>Die beiden fr\u00fchen Klavierst\u00fccke 1 und 2, beide noch ganz altmodisch mit Opuszahlen versehen, sind in einer Zeit entstanden, in der Struktur und Ordnung oberstes Gebot waren. Ich liebe beide Werke sehr, weil beide ihre kaprizi\u00f6se, freiheitliche Natur, die sich gegen jede Doktrin str\u00e4ubt, kaum verhehlen k\u00f6nnen. Mit den ersten beiden Klavierst\u00fccken beginnt nun diese Sammlung, die sich \u00fcber insgesamt 38 Jahre im Schaffen von Wolfgang Rihm erstreckt und innerhalb von fast zweieinhalb Stunden die verschiedensten Facetten des Rihm\u2018schen Kosmos zeigt. Nicht enthalten sind kleinere Kompositionen vor 1970 sowie\u00a0 2 Linien, ein \u203awork in progress\u2039, das, wie Rihm schreibt, \u00bbunabgeschlossen \u2013 unabschlie\u00dfbar\u00ab gedacht ist.<\/p>\n<p>Markus Bellheim<\/p>\n<\/div>\n<\/td>\n<td><\/td>\n<\/tr>\n<\/tbody>\n<\/table>\n<p>Programm:<\/p>\n<table border=\"0\" width=\"100%\" rules=\"none\" cellspacing=\"0\" cellpadding=\"0\">\n<tbody>\n<tr>\n<td class=\"bigcontent2\">\n<div id=\"tracks\">\n<p><b>CD 1<\/b><\/p>\n<p>[01] 13:07\u00a0<b>Klavierst\u00fcck Nr. 1 op. 8a<\/b>\u00a0(1970)<br \/>\n<span id=\"flash1\"><\/span><\/p>\n<p>14:35\u00a0<b>Klavierst\u00fcck Nr. 2 op. 8b<\/b>\u00a0(1971)<br \/>\n[02] 06:02\u00a0I.<br \/>\n[03] 00:12 II.<br \/>\n[04] 05:16 III.<br \/>\n[05] 03:04 IV.<\/p>\n<p>14:32\u00a0<b>Klavierst\u00fcck Nr. 4<\/b>\u00a0(1974)<br \/>\n[06] 01:50\u00a0I. poco rit. \u2013 sehr langsam<br \/>\n[07] 01:16 II. ruhig, keine Temposchwankung, fast starr<br \/>\n[08] 01:49 III. m\u00e4\u00dfig schnell, sehr frei<br \/>\n[09] 01:09 IV. etwas schnell<br \/>\n[10] 01:30 poco rit. \u2013 sehr langsam<br \/>\n[11] 01:37 Var. 1<br \/>\n[12] 03:35 Var. 2<br \/>\n<span id=\"flash2\"><\/span><br \/>\n[13]\u00a001:46<\/p>\n<p>09:58\u00a0<b>Klavierst\u00fcck Nr. 5 \u203aTombeau\u2039<\/b>\u00a0(1975)<br \/>\n[14] 01:55 I.<br \/>\n[15] 05:25 II. Ciacona<br \/>\n<span id=\"flash3\"><\/span><br \/>\n[16] 02:38 III. Quasi Corale<\/p>\n<p>[17] 14:33\u00a0<b>Klavierst\u00fcck Nr. 6 \u203aBagatellen\u2039<\/b>\u00a0(1977\/78)<br \/>\n<span id=\"flash4\"><\/span><\/p>\n<p>[18] 08:23\u00a0<b>L\u00e4ndler<\/b>\u00a0(1979)<br \/>\n<span id=\"flash5\"><\/span><\/p>\n<p><b>Gesamtzeit: 75:59<\/b><\/p>\n<p>&nbsp;<\/p>\n<p><b>CD 2<\/b><\/p>\n<p>[01] 09:20\u00a0<b>Klavierst\u00fcck Nr. 7<\/b>\u00a0(1980)<br \/>\n<span id=\"flash6\"><\/span><br \/>\n[02] 03:16\u00a0<b>Brahmsliebewalzer<\/b>\u00a0(1985)<br \/>\n<span id=\"flash7\"><\/span><br \/>\n[03] 26:03\u00a0<b>Nachstudie<\/b>\u00a0(1992\/94)<br \/>\n<span id=\"flash8\"><\/span><\/p>\n<p>16:46\u00a0<b>Zwiesprache<\/b>\u00a0(1999)\u00a0 16:46<br \/>\n[04]\u00a003:16 A. Schlee in memoriam<br \/>\n[05] 03:57 P. Sacher in memoriam<br \/>\n[06] 03:26 H. Klotz in memoriam<br \/>\n[07] 03:58 H. H. Eggebrecht in memoriam<br \/>\n<span id=\"flash9\"><\/span><br \/>\n[08] 02:10 H. Wiesler in memoriam<\/p>\n<p>[09] 02:53\u00a0<b>Auf einem anderen Blatt<\/b>\u00a0(2000)<br \/>\n<span id=\"flash10\"><\/span><\/p>\n<p>03:50\u00a0<b>Zwei kleine Schwingungen<\/b>\u00a0(2004\/05)<br \/>\n[10] 01:50 slow<br \/>\n[11] 02:00 calmo<br \/>\n<span id=\"flash11\"><\/span><\/p>\n<p>05:24\u00a0<b>Wortlos<\/b>\u00a0(2007)<br \/>\n[12] 03:06 langsam<br \/>\n<span id=\"flash12\"><\/span><br \/>\n[13] 02:18 noch langsamer<\/p>\n<p><b>Gesamtzeit:\u00a068:37<\/b><\/p>\n<p><b><a class=\"arcoma_glossarylink\" href=\"https:\/\/neos-music.com\/output.php?content=Kuenstler\/Markus_Bellheim.php&amp;treplace=english%2Cgerman\" target=\"_self\" rel=\"noopener\">Markus Bellheim<\/a>, Klavier<\/b><\/p>\n<\/div>\n<\/td>\n<td><\/td>\n<\/tr>\n<\/tbody>\n<\/table>\n<p>Pressestimmen:<\/p>\n<p><img data-recalc-dims=\"1\" decoding=\"async\" src=\"https:\/\/i0.wp.com\/neos-music.com\/images\/news\/Musik%26Theater.jpg?ssl=1\" \/><\/p>\n<p><img data-recalc-dims=\"1\" decoding=\"async\" src=\"https:\/\/i0.wp.com\/neos-music.com\/images\/news\/10717-18_Musik%26Theater2.jpg?ssl=1\" \/><\/p>\n<p>&nbsp;<\/p>\n<p><img data-recalc-dims=\"1\" decoding=\"async\" src=\"https:\/\/i0.wp.com\/neos-music.com\/images\/news\/piano_news_logo.gif?ssl=1\" \/><br \/>\n1\/2009<\/p>\n<p><img data-recalc-dims=\"1\" decoding=\"async\" src=\"https:\/\/i0.wp.com\/neos-music.com\/images\/news\/10717_PianoNews_0109.jpg?ssl=1\" \/><\/p>\n<p>&nbsp;<\/p>\n<p><img data-recalc-dims=\"1\" decoding=\"async\" src=\"https:\/\/i0.wp.com\/neos-music.com\/images\/news\/logo_zeit.gif?ssl=1\" \/><br \/>\n11.12.2008<\/p>\n<p><b>DIE ZEIT &#8211; Mitarbeiter empfehlen CDs, DVDs und Musikb\u00fccher<\/b><\/p>\n<p><b>Frank Hilberg: Zu einem repr\u00e4sentativen B\u00fcndel geschn\u00fcrt<\/b><\/p>\n<p><b>Wolfgang Rihm: Piano Pieces<br \/>\n<\/b>Markus Bellheim<br \/>\nNEOS 10717\/18<\/p>\n<p>Gro\u00dfe Brocken, kleine Schmanerl. Das Gesamtwerk von Rihm bietet enorme Vielfalt und bleibt doch immer wieder &#8211; Rihm.<\/p>\n<p>&nbsp;<\/p>\n<p><b>Applaus 11\/2008<\/b><\/p>\n<p><b><img data-recalc-dims=\"1\" decoding=\"async\" src=\"https:\/\/i0.wp.com\/neos-music.com\/images\/news\/10717-18_Applaus_1108.jpg?ssl=1\" \/><\/b><\/p>\n<p><b>Diverdi 11\/2008<\/b><\/p>\n<p><img data-recalc-dims=\"1\" decoding=\"async\" src=\"https:\/\/i0.wp.com\/neos-music.com\/images\/news\/10717-18_Diverdi_1108.jpg?ssl=1\" \/><\/p>\n<p><a title=\"ZIP-Archiv document, 3,7 MB\" href=\"https:\/\/neos-music.com\/downloads\/album-infos\/NEOS_10717-18.zip\" target=\"_blank\" rel=\"noopener\">Infopaket f\u00fcr Presse und Vertriebe\u00a0\u00bb<\/a><br \/>\n(ZIP-Archiv, 3,7 MB)<\/p>\n","protected":false},"excerpt":{"rendered":"<p>Infotext: DAS KLAVIERWERK VON WOLFGANG RIHM Mein erster Kontakt mit der Klaviermusik Wolfgang Rihms ergab sich relativ sp\u00e4t. Vor ungef\u00e4hr acht Jahren h\u00f6rte ich in einem Konzert das Klavierst\u00fcck 5 \u203aTombeau\u2039. Ich war spontan hingerissen von der dunklen Wucht dieser Musik. Wie ein Aufschrei, ein finsteres Aufbegehren, mit drei Ausrufungszeichen danach &#8230; Die starke architektonische [&hellip;]<\/p>\n","protected":false},"featured_media":3237,"template":"","meta":{"site-sidebar-layout":"default","site-content-layout":"default","ast-site-content-layout":"default","site-content-style":"default","site-sidebar-style":"default","ast-global-header-display":"","ast-banner-title-visibility":"","ast-main-header-display":"","ast-hfb-above-header-display":"","ast-hfb-below-header-display":"","ast-hfb-mobile-header-display":"","site-post-title":"","ast-breadcrumbs-content":"","ast-featured-img":"","footer-sml-layout":"","theme-transparent-header-meta":"default","adv-header-id-meta":"","stick-header-meta":"","header-above-stick-meta":"","header-main-stick-meta":"","header-below-stick-meta":"","astra-migrate-meta-layouts":"default","ast-page-background-enabled":"default","ast-page-background-meta":{"desktop":{"background-color":"","background-image":"","background-repeat":"repeat","background-position":"center center","background-size":"auto","background-attachment":"scroll","background-type":"","background-media":"","overlay-type":"","overlay-color":"","overlay-opacity":"","overlay-gradient":""},"tablet":{"background-color":"","background-image":"","background-repeat":"repeat","background-position":"center center","background-size":"auto","background-attachment":"scroll","background-type":"","background-media":"","overlay-type":"","overlay-color":"","overlay-opacity":"","overlay-gradient":""},"mobile":{"background-color":"","background-image":"","background-repeat":"repeat","background-position":"center center","background-size":"auto","background-attachment":"scroll","background-type":"","background-media":"","overlay-type":"","overlay-color":"","overlay-opacity":"","overlay-gradient":""}},"ast-content-background-meta":{"desktop":{"background-color":"var(--ast-global-color-5)","background-image":"","background-repeat":"repeat","background-position":"center center","background-size":"auto","background-attachment":"scroll","background-type":"","background-media":"","overlay-type":"","overlay-color":"","overlay-opacity":"","overlay-gradient":""},"tablet":{"background-color":"var(--ast-global-color-5)","background-image":"","background-repeat":"repeat","background-position":"center center","background-size":"auto","background-attachment":"scroll","background-type":"","background-media":"","overlay-type":"","overlay-color":"","overlay-opacity":"","overlay-gradient":""},"mobile":{"background-color":"var(--ast-global-color-5)","background-image":"","background-repeat":"repeat","background-position":"center center","background-size":"auto","background-attachment":"scroll","background-type":"","background-media":"","overlay-type":"","overlay-color":"","overlay-opacity":"","overlay-gradient":""}}},"product_brand":[],"product_cat":[882,26],"product_tag":[],"class_list":{"0":"post-3236","1":"product","2":"type-product","3":"status-publish","4":"has-post-thumbnail","6":"product_cat-klavier","7":"product_cat-zeitgenossische-musik","8":"pa_artikelnummer-neos-10717-18","9":"pa_brand-neos-music","10":"pa_ean-778","11":"desktop-align-left","12":"tablet-align-left","13":"mobile-align-left","15":"first","16":"instock","17":"taxable","18":"shipping-taxable","19":"purchasable","20":"product-type-simple"},"yoast_head":"<!-- This site is optimized with the Yoast SEO plugin v27.4 - https:\/\/yoast.com\/product\/yoast-seo-wordpress\/ -->\n<title>Wolfgang Rihm: Piano Pieces - NEOS Music<\/title>\n<meta name=\"robots\" content=\"index, follow, max-snippet:-1, max-image-preview:large, max-video-preview:-1\" \/>\n<link rel=\"canonical\" href=\"https:\/\/neos-music.com\/en_us\/product\/wolfgang-rihm-piano-pieces\/\" \/>\n<meta property=\"og:locale\" content=\"en_US\" \/>\n<meta property=\"og:type\" content=\"article\" \/>\n<meta property=\"og:title\" content=\"Wolfgang Rihm: Piano Pieces - NEOS Music\" \/>\n<meta property=\"og:description\" content=\"Infotext: DAS KLAVIERWERK VON WOLFGANG RIHM Mein erster Kontakt mit der Klaviermusik Wolfgang Rihms ergab sich relativ sp\u00e4t. Vor ungef\u00e4hr acht Jahren h\u00f6rte ich in einem Konzert das Klavierst\u00fcck 5 \u203aTombeau\u2039. Ich war spontan hingerissen von der dunklen Wucht dieser Musik. Wie ein Aufschrei, ein finsteres Aufbegehren, mit drei Ausrufungszeichen danach &#8230; Die starke architektonische [&hellip;]\" \/>\n<meta property=\"og:url\" content=\"https:\/\/neos-music.com\/en_us\/product\/wolfgang-rihm-piano-pieces\/\" \/>\n<meta property=\"og:site_name\" content=\"NEOS Music\" \/>\n<meta property=\"article:modified_time\" content=\"2023-05-25T09:36:04+00:00\" \/>\n<meta property=\"og:image\" content=\"https:\/\/neos-music.com\/wp-content\/uploads\/2022\/11\/NEOS_10717_Rihm_Piano_Pieces.jpeg\" \/>\n\t<meta property=\"og:image:width\" content=\"1648\" \/>\n\t<meta property=\"og:image:height\" content=\"1483\" \/>\n\t<meta property=\"og:image:type\" content=\"image\/jpeg\" \/>\n<meta name=\"twitter:card\" content=\"summary_large_image\" \/>\n<meta name=\"twitter:label1\" content=\"Est. reading time\" \/>\n\t<meta name=\"twitter:data1\" content=\"5 minutes\" \/>\n<script type=\"application\/ld+json\" class=\"yoast-schema-graph\">{\"@context\":\"https:\\\/\\\/schema.org\",\"@graph\":[{\"@type\":\"WebPage\",\"@id\":\"https:\\\/\\\/neos-music.com\\\/product\\\/wolfgang-rihm-piano-pieces\\\/\",\"url\":\"https:\\\/\\\/neos-music.com\\\/product\\\/wolfgang-rihm-piano-pieces\\\/\",\"name\":\"Wolfgang Rihm: Piano Pieces - NEOS Music\",\"isPartOf\":{\"@id\":\"https:\\\/\\\/neos-music.com\\\/#website\"},\"primaryImageOfPage\":{\"@id\":\"https:\\\/\\\/neos-music.com\\\/product\\\/wolfgang-rihm-piano-pieces\\\/#primaryimage\"},\"image\":{\"@id\":\"https:\\\/\\\/neos-music.com\\\/product\\\/wolfgang-rihm-piano-pieces\\\/#primaryimage\"},\"thumbnailUrl\":\"https:\\\/\\\/i0.wp.com\\\/neos-music.com\\\/wp-content\\\/uploads\\\/2022\\\/11\\\/NEOS_10717_Rihm_Piano_Pieces.jpeg?fit=1648%2C1483&ssl=1\",\"datePublished\":\"2008-05-20T14:02:55+00:00\",\"dateModified\":\"2023-05-25T09:36:04+00:00\",\"breadcrumb\":{\"@id\":\"https:\\\/\\\/neos-music.com\\\/product\\\/wolfgang-rihm-piano-pieces\\\/#breadcrumb\"},\"inLanguage\":\"en-US\",\"potentialAction\":[{\"@type\":\"ReadAction\",\"target\":[\"https:\\\/\\\/neos-music.com\\\/product\\\/wolfgang-rihm-piano-pieces\\\/\"]}]},{\"@type\":\"ImageObject\",\"inLanguage\":\"en-US\",\"@id\":\"https:\\\/\\\/neos-music.com\\\/product\\\/wolfgang-rihm-piano-pieces\\\/#primaryimage\",\"url\":\"https:\\\/\\\/i0.wp.com\\\/neos-music.com\\\/wp-content\\\/uploads\\\/2022\\\/11\\\/NEOS_10717_Rihm_Piano_Pieces.jpeg?fit=1648%2C1483&ssl=1\",\"contentUrl\":\"https:\\\/\\\/i0.wp.com\\\/neos-music.com\\\/wp-content\\\/uploads\\\/2022\\\/11\\\/NEOS_10717_Rihm_Piano_Pieces.jpeg?fit=1648%2C1483&ssl=1\",\"width\":1648,\"height\":1483},{\"@type\":\"BreadcrumbList\",\"@id\":\"https:\\\/\\\/neos-music.com\\\/product\\\/wolfgang-rihm-piano-pieces\\\/#breadcrumb\",\"itemListElement\":[{\"@type\":\"ListItem\",\"position\":1,\"name\":\"Startseite\",\"item\":\"https:\\\/\\\/neos-music.com\\\/\"},{\"@type\":\"ListItem\",\"position\":2,\"name\":\"Produkte\",\"item\":\"https:\\\/\\\/neos-music.com\\\/shop__trashed\\\/\"},{\"@type\":\"ListItem\",\"position\":3,\"name\":\"Wolfgang Rihm: Piano Pieces\"}]},{\"@type\":\"WebSite\",\"@id\":\"https:\\\/\\\/neos-music.com\\\/#website\",\"url\":\"https:\\\/\\\/neos-music.com\\\/\",\"name\":\"NEOS Music\",\"description\":\"Dein Online Shop f\u00fcr zeitgen\u00f6ssische Musik, Jazz und Classics!\",\"publisher\":{\"@id\":\"https:\\\/\\\/neos-music.com\\\/#organization\"},\"potentialAction\":[{\"@type\":\"SearchAction\",\"target\":{\"@type\":\"EntryPoint\",\"urlTemplate\":\"https:\\\/\\\/neos-music.com\\\/?s={search_term_string}\"},\"query-input\":{\"@type\":\"PropertyValueSpecification\",\"valueRequired\":true,\"valueName\":\"search_term_string\"}}],\"inLanguage\":\"en-US\"},{\"@type\":\"Organization\",\"@id\":\"https:\\\/\\\/neos-music.com\\\/#organization\",\"name\":\"NEOS Music\",\"url\":\"https:\\\/\\\/neos-music.com\\\/\",\"logo\":{\"@type\":\"ImageObject\",\"inLanguage\":\"en-US\",\"@id\":\"https:\\\/\\\/neos-music.com\\\/#\\\/schema\\\/logo\\\/image\\\/\",\"url\":\"https:\\\/\\\/i0.wp.com\\\/neos-music.com\\\/wp-content\\\/uploads\\\/2025\\\/08\\\/NEOS-Logo-weiss.png?fit=800%2C203&ssl=1\",\"contentUrl\":\"https:\\\/\\\/i0.wp.com\\\/neos-music.com\\\/wp-content\\\/uploads\\\/2025\\\/08\\\/NEOS-Logo-weiss.png?fit=800%2C203&ssl=1\",\"width\":800,\"height\":203,\"caption\":\"NEOS Music\"},\"image\":{\"@id\":\"https:\\\/\\\/neos-music.com\\\/#\\\/schema\\\/logo\\\/image\\\/\"}}]}<\/script>\n<!-- \/ Yoast SEO plugin. -->","yoast_head_json":{"title":"Wolfgang Rihm: Piano Pieces - NEOS Music","robots":{"index":"index","follow":"follow","max-snippet":"max-snippet:-1","max-image-preview":"max-image-preview:large","max-video-preview":"max-video-preview:-1"},"canonical":"https:\/\/neos-music.com\/en_us\/product\/wolfgang-rihm-piano-pieces\/","og_locale":"en_US","og_type":"article","og_title":"Wolfgang Rihm: Piano Pieces - NEOS Music","og_description":"Infotext: DAS KLAVIERWERK VON WOLFGANG RIHM Mein erster Kontakt mit der Klaviermusik Wolfgang Rihms ergab sich relativ sp\u00e4t. Vor ungef\u00e4hr acht Jahren h\u00f6rte ich in einem Konzert das Klavierst\u00fcck 5 \u203aTombeau\u2039. Ich war spontan hingerissen von der dunklen Wucht dieser Musik. Wie ein Aufschrei, ein finsteres Aufbegehren, mit drei Ausrufungszeichen danach &#8230; Die starke architektonische [&hellip;]","og_url":"https:\/\/neos-music.com\/en_us\/product\/wolfgang-rihm-piano-pieces\/","og_site_name":"NEOS Music","article_modified_time":"2023-05-25T09:36:04+00:00","og_image":[{"width":1648,"height":1483,"url":"https:\/\/neos-music.com\/wp-content\/uploads\/2022\/11\/NEOS_10717_Rihm_Piano_Pieces.jpeg","type":"image\/jpeg"}],"twitter_card":"summary_large_image","twitter_misc":{"Est. reading time":"5 minutes"},"schema":{"@context":"https:\/\/schema.org","@graph":[{"@type":"WebPage","@id":"https:\/\/neos-music.com\/product\/wolfgang-rihm-piano-pieces\/","url":"https:\/\/neos-music.com\/product\/wolfgang-rihm-piano-pieces\/","name":"Wolfgang Rihm: Piano Pieces - NEOS Music","isPartOf":{"@id":"https:\/\/neos-music.com\/#website"},"primaryImageOfPage":{"@id":"https:\/\/neos-music.com\/product\/wolfgang-rihm-piano-pieces\/#primaryimage"},"image":{"@id":"https:\/\/neos-music.com\/product\/wolfgang-rihm-piano-pieces\/#primaryimage"},"thumbnailUrl":"https:\/\/i0.wp.com\/neos-music.com\/wp-content\/uploads\/2022\/11\/NEOS_10717_Rihm_Piano_Pieces.jpeg?fit=1648%2C1483&ssl=1","datePublished":"2008-05-20T14:02:55+00:00","dateModified":"2023-05-25T09:36:04+00:00","breadcrumb":{"@id":"https:\/\/neos-music.com\/product\/wolfgang-rihm-piano-pieces\/#breadcrumb"},"inLanguage":"en-US","potentialAction":[{"@type":"ReadAction","target":["https:\/\/neos-music.com\/product\/wolfgang-rihm-piano-pieces\/"]}]},{"@type":"ImageObject","inLanguage":"en-US","@id":"https:\/\/neos-music.com\/product\/wolfgang-rihm-piano-pieces\/#primaryimage","url":"https:\/\/i0.wp.com\/neos-music.com\/wp-content\/uploads\/2022\/11\/NEOS_10717_Rihm_Piano_Pieces.jpeg?fit=1648%2C1483&ssl=1","contentUrl":"https:\/\/i0.wp.com\/neos-music.com\/wp-content\/uploads\/2022\/11\/NEOS_10717_Rihm_Piano_Pieces.jpeg?fit=1648%2C1483&ssl=1","width":1648,"height":1483},{"@type":"BreadcrumbList","@id":"https:\/\/neos-music.com\/product\/wolfgang-rihm-piano-pieces\/#breadcrumb","itemListElement":[{"@type":"ListItem","position":1,"name":"Startseite","item":"https:\/\/neos-music.com\/"},{"@type":"ListItem","position":2,"name":"Produkte","item":"https:\/\/neos-music.com\/shop__trashed\/"},{"@type":"ListItem","position":3,"name":"Wolfgang Rihm: Piano Pieces"}]},{"@type":"WebSite","@id":"https:\/\/neos-music.com\/#website","url":"https:\/\/neos-music.com\/","name":"NEOS Music","description":"Dein Online Shop f\u00fcr zeitgen\u00f6ssische Musik, Jazz und Classics!","publisher":{"@id":"https:\/\/neos-music.com\/#organization"},"potentialAction":[{"@type":"SearchAction","target":{"@type":"EntryPoint","urlTemplate":"https:\/\/neos-music.com\/?s={search_term_string}"},"query-input":{"@type":"PropertyValueSpecification","valueRequired":true,"valueName":"search_term_string"}}],"inLanguage":"en-US"},{"@type":"Organization","@id":"https:\/\/neos-music.com\/#organization","name":"NEOS Music","url":"https:\/\/neos-music.com\/","logo":{"@type":"ImageObject","inLanguage":"en-US","@id":"https:\/\/neos-music.com\/#\/schema\/logo\/image\/","url":"https:\/\/i0.wp.com\/neos-music.com\/wp-content\/uploads\/2025\/08\/NEOS-Logo-weiss.png?fit=800%2C203&ssl=1","contentUrl":"https:\/\/i0.wp.com\/neos-music.com\/wp-content\/uploads\/2025\/08\/NEOS-Logo-weiss.png?fit=800%2C203&ssl=1","width":800,"height":203,"caption":"NEOS Music"},"image":{"@id":"https:\/\/neos-music.com\/#\/schema\/logo\/image\/"}}]}},"jetpack_sharing_enabled":true,"_links":{"self":[{"href":"https:\/\/neos-music.com\/en_us\/wp-json\/wp\/v2\/product\/3236","targetHints":{"allow":["GET"]}}],"collection":[{"href":"https:\/\/neos-music.com\/en_us\/wp-json\/wp\/v2\/product"}],"about":[{"href":"https:\/\/neos-music.com\/en_us\/wp-json\/wp\/v2\/types\/product"}],"version-history":[{"count":0,"href":"https:\/\/neos-music.com\/en_us\/wp-json\/wp\/v2\/product\/3236\/revisions"}],"wp:featuredmedia":[{"embeddable":true,"href":"https:\/\/neos-music.com\/en_us\/wp-json\/wp\/v2\/media\/3237"}],"wp:attachment":[{"href":"https:\/\/neos-music.com\/en_us\/wp-json\/wp\/v2\/media?parent=3236"}],"wp:term":[{"taxonomy":"product_brand","embeddable":true,"href":"https:\/\/neos-music.com\/en_us\/wp-json\/wp\/v2\/product_brand?post=3236"},{"taxonomy":"product_cat","embeddable":true,"href":"https:\/\/neos-music.com\/en_us\/wp-json\/wp\/v2\/product_cat?post=3236"},{"taxonomy":"product_tag","embeddable":true,"href":"https:\/\/neos-music.com\/en_us\/wp-json\/wp\/v2\/product_tag?post=3236"}],"curies":[{"name":"wp","href":"https:\/\/api.w.org\/{rel}","templated":true}]}}