{"id":3242,"date":"2008-04-08T14:12:35","date_gmt":"2008-04-08T14:12:35","guid":{"rendered":"https:\/\/neos-music.com\/?post_type=product&#038;p=3242"},"modified":"2022-11-20T14:13:59","modified_gmt":"2022-11-20T14:13:59","slug":"giacinto-scelsi-musica-viva-vol-17","status":"publish","type":"product","link":"https:\/\/neos-music.com\/en_us\/product\/giacinto-scelsi-musica-viva-vol-17\/","title":{"rendered":"Giacinto Scelsi: musica viva vol.17"},"content":{"rendered":"<p>Infotext:<\/p>\n<p>Volume 17 der MUSICA VIVA-Reihe,\u00a0 die NEOS in exklusiver Zusammenarbeit mit dem Bayerischen Rundfunksinfonieorchester erarbeitet: Vier schwergewichtige Werke des italienischen Komponisten-Sonderlings aus La Spezia, die bisher im Katalog nicht in ausreichender Qualit\u00e4t vertreten sind.<\/p>\n<p>Scelsi \u2013 er starb am 9. August 1988 in Rom &#8211; kann man nach wie vor als Entdeckung feiern: In Italien immer noch eher unbeachtet \u2013 in Salzburg 2008 als \u201eKontinent\u201c innerhalb der Festspiele hervorgehoben \u2013 in Deutschland von Anfang an und zunehmend st\u00e4rker als tiefgr\u00fcndige Komponistenpers\u00f6nlichkeit gesch\u00e4tzt. Es ist viel gemunkelt worden um die Echtheit und Identit\u00e4t seiner Werke und ihres Sch\u00f6pfers selbst.<\/p>\n<p>Tatsache ist, dass die hier vorgestellten St\u00fccke starken Eindruck machen und eine eigent\u00fcmliche Sogwirkung entwickeln. Vielleicht sollte man als H\u00f6rer mit Hymnos beginnen, einem Lobgesang von nur einer L\u00e4nge von zw\u00f6lf Minuten \u2013 einem der grandiosesten Einzels\u00e4tze aus der Feder Scelsis!<\/p>\n<p>Programm:<\/p>\n<table border=\"0\" width=\"100%\" rules=\"none\" cellspacing=\"0\" cellpadding=\"0\">\n<tbody>\n<tr>\n<td class=\"bigcontent2\">\n<div id=\"tracks\">\n<p><b>Chukrum<\/b>\u00a0(1963) f\u00fcr gro\u00dfes Streichorchester<br \/>\n[01] 05:12<b>\u00a0<\/b>I<br \/>\n<span id=\"flash1\"><\/span><\/p>\n<p>[02]\u00a003:18 II<br \/>\n[03] 02:24 III<br \/>\n[04]\u00a004:49 IV<\/p>\n<p><b>Quattro Pezzi<\/b>\u00a0(1959) f\u00fcr Orchester<br \/>\n[05] 02:50 I<br \/>\n[06]\u00a005:06 II<br \/>\n<span id=\"flash2\"><\/span><\/p>\n<p>[07]\u00a004:48 III<br \/>\n[08]\u00a004:57 IV<\/p>\n<p>[09] 13:30\u00a0<b>Natura renovatur<\/b>\u00a0(1967) f\u00fcr elf Streicher<br \/>\n<span id=\"flash3\"><\/span><\/p>\n<p>[10]\u00a012:05\u00a0<b>Hymnos<\/b>\u00a0(1963) f\u00fcr Orgel und zwei Orchestergruppen<br \/>\n<span id=\"flash4\"><\/span><\/p>\n<p><b>gesamt: 60:01<\/b><\/p>\n<p><b><\/b><\/p>\n<p><b>Elisabeth Zawadke, Orgel<br \/>\nSymphonieorchester des Bayerischen Rundfunks<br \/>\n<a class=\"arcoma_glossarylink\" href=\"https:\/\/neos-music.com\/output.php?content=Kuenstler\/Peter_Rundel.php&amp;treplace=english%2Cgerman\" target=\"_self\" rel=\"noopener\">Peter Rundel<\/a>, Dirigent<br \/>\nHans Zender, Dirigent<\/b><\/p>\n<\/div>\n<\/td>\n<td><\/td>\n<\/tr>\n<\/tbody>\n<\/table>\n<p>Pressestimmen:<\/p>\n<table border=\"0\" width=\"100%\" rules=\"none\" cellspacing=\"0\" cellpadding=\"0\">\n<tbody>\n<tr>\n<td class=\"bigcontent2\">\n<div id=\"press\">\n<p>Scherzo 12\/2008<\/p>\n<p><img data-recalc-dims=\"1\" decoding=\"async\" src=\"https:\/\/i0.wp.com\/neos-music.com\/images\/news\/10722_Scherzo_1208.jpg?ssl=1\" \/><\/p>\n<p>&nbsp;<\/p>\n<p><img data-recalc-dims=\"1\" decoding=\"async\" src=\"https:\/\/i0.wp.com\/neos-music.com\/images\/news\/klassikcom.gif?ssl=1\" \/><br \/>\n16.11.2008<\/p>\n<p><b>In den Klang hineinlauschen<\/b><\/p>\n<p>Interpretation:\u00a0<img data-recalc-dims=\"1\" decoding=\"async\" src=\"https:\/\/i0.wp.com\/neos-music.com\/images\/news\/stars5.gif?ssl=1\" \/><br \/>\nKlangqualit\u00e4t:\u00a0<img data-recalc-dims=\"1\" decoding=\"async\" src=\"https:\/\/i0.wp.com\/neos-music.com\/images\/news\/stars5.gif?ssl=1\" \/><br \/>\nRepertoirewert:\u00a0<img data-recalc-dims=\"1\" decoding=\"async\" src=\"https:\/\/i0.wp.com\/neos-music.com\/images\/news\/stars4.gif?ssl=1\" \/><br \/>\nBooklet:\u00a0<img data-recalc-dims=\"1\" decoding=\"async\" src=\"https:\/\/i0.wp.com\/neos-music.com\/images\/news\/stars3.gif?ssl=1\" \/><\/p>\n<p>Es ist schon h\u00e4ufig erz\u00e4hlt worden und geh\u00f6rt mittlerweile zu den gro\u00dfen Erz\u00e4hlungen der neueren Musikgeschichte: dass der Italiener Giacinto Scelsi (1905-1988), als er Ende der 1950er-Jahre nach krisenhaften Zusammenbr\u00fcchen und nach Hinwendung zu ostasiatischer Philosophie ein musikalisches Ausdruckskonzept entwickelte, das aus der Konzentration auf den einzelnen Ton resultierte. Wie man diesen \u201aUrsprungsmythos\u2019 und den Umstand, dass Scelsi seine Werke durch Titelgebung und Kommentare h\u00e4ufig mit dem Nimbus des Enigmatischen versah, auch deuten mag: Tatsache ist, dass er mit den entsprechenden Kompositionen der Entwicklung um etliche Jahrzehnte vorauseilte. Unbemerkt und unber\u00fchrt von Str\u00f6mungen und Schulen entwickelte er eine Konzeption, die sich andernorts erst w\u00e4hrend der Achtziger- und Neunzigerjahre herauskristallisierte und dem Schaffen des Italieners daher gegen Ende von dessen Leben zu immenser Aufmerksamkeit verhalf.<\/p>\n<p>Scelsi fasst den Ton als Klang auf, als Summe von Obert\u00f6nen, so dass sich seine Musik aus dem Zusammenwirken von Dynamik, Rhythmik und unterschiedlichen Obertonverh\u00e4ltnissen (im Sinne von Klangfarben) generiert. Was sonst bei der Tonproduktion blo\u00df mitschwingt, wird in Scelsis Werken nach au\u00dfen gekehrt und bestimmt daher die Erscheinungsweise der Musik. Dies hat auch bedeutsame Konsequenzen f\u00fcr den Zeitverlauf einer Komposition, denn das genaue Fokussieren auf bestimmte Eigenschaften von Kl\u00e4ngen erfordert Zeit, ist nicht mit einem gerichteten Entwicklungsprozess zu fassen, sondern entfaltet sich auf Grundlage jener Bedingungen, die jeweils als Ausgangspunkt eines Werkes gew\u00e4hlt wurden.<\/p>\n<p>Anhand der hier eingespielten Kompositionen l\u00e4sst sich vor allem nachvollziehen, was an Scelsis Musik so aufregend ist: Bei der ersten Ber\u00fchrung bietet sie dem H\u00f6rer keinerlei Anhaltspunkte, ist nicht \u00fcber affektive oder stilistische Muster aus anderer Musik zu fassen, sondern erfordert einen regelrecht intuitiven Zugang \u00fcber die Wahrnehmung des Klangs und seiner st\u00e4ndigen Ver\u00e4nderungen. Am besten ist es, die vorliegende CD des Labels NEOS aus der Reihe \u201aMusica viva\u2019 einfach nur auf sich wirken zu lassen: zu h\u00f6ren, wie sich die Musik von den Einzelt\u00f6nen wegbewegt, wie sie die einmal gesetzte Zentralt\u00f6nigkeit allm\u00e4hlich einf\u00e4rbt, durch mikrointervallische Abstufungen einen Raum \u00f6ffnet, der sich als harmonische Tiefenstruktur empfinden l\u00e4sst, die dann immer anders ausgeleuchtet wird, dabei jeweils andere Farbwerte in den Vordergrund stellend.<br \/>\nVier Werke f\u00fcr unterschiedliche Orchesterbesetzungen erklingen hier, gespielt vom Symphonieorchester des Bayerischen Rundfunks unter Leitung von Peter Rundel und Hans Zender. Insbesondere Zenders Interpretationen merkt man die lange und tiefgehende Besch\u00e4ftigung mit der Klangwelt des Italieners an. Gerade die \u201aQuattro pezzi (su una nota sola)\u2019 (1959), die zu den fr\u00fchesten Kompositionen geh\u00f6ren, in denen der Komponist seine neue Klangvorstellung umgesetzt hat, zeichnen sich durch eine feine, dynamisch sehr differenzierte Umsetzung aus. Das vierteilige \u201aChukrum\u2019 f\u00fcr gro\u00dfes Streichorchester (1963) \u2013 als einziges Werk unter der Leitung von Peter Rundel eingespielt \u2013 fesselt mit vielfach gestaffelten Streicherklangfarben und gleichsam irisierenden Farbstr\u00e4ngen, mit denen Scelsi die harmonischen R\u00e4ume gestaltet. Die Komposition \u201aNatura renovatur\u2019 f\u00fcr elf Streicher (1967) zeigt dar\u00fcber hinaus, wie der Komponist in der Beschr\u00e4nkung auf eine kleinere Streicherbesetzung gar noch sublimere Wirkungen erzeugt.<\/p>\n<p>Faszinierend ist schlie\u00dflich auch die klangliche Entgegensetzung von Orgel (gespielt von Elisabeth Zawadke) und Orchestergruppen im \u201aHymnos\u2019 (1963), der mit gewaltigen Klangsteigerungen und kraftvollen Massierungen, aber auch mit feinen, fast z\u00e4rtlichen Passagen aufwartet: Hier bewegen sich die Kl\u00e4nge im Raum und treten aufgrund der zweich\u00f6rigen Anlage miteinander in Wechselwirkung. F\u00fcr H\u00f6rer, die sich mit Scelsis Komponieren vertraut machen m\u00f6chten, bietet die CD insgesamt einen sehr guten Einstieg. Auch wenn man ber\u00fccksichtigt, dass einzelne Kompositionen schon im Rahmen anderer Produktionen zu h\u00f6ren waren, ist hier aufgrund der \u00fcberlegten Werkauswahl ein vielschichtiges Portr\u00e4t des Orchesterkomponisten Scelsi gegl\u00fcckt. Die exzellente Klangqualit\u00e4t und die Leistungen des Orchesters, das in diesen Live-Mitschnitten besonders spannungsvoll und erstaunlich souver\u00e4n wirkt, machen die Produktion zu einem rundum gelungenen Erlebnis.<\/p>\n<p>Dr. Stefan Drees<\/p>\n<\/div>\n<\/td>\n<td><\/td>\n<\/tr>\n<\/tbody>\n<\/table>\n<p>&nbsp;<\/p>\n","protected":false},"excerpt":{"rendered":"<p>Infotext: Volume 17 der MUSICA VIVA-Reihe,\u00a0 die NEOS in exklusiver Zusammenarbeit mit dem Bayerischen Rundfunksinfonieorchester erarbeitet: Vier schwergewichtige Werke des italienischen Komponisten-Sonderlings aus La Spezia, die bisher im Katalog nicht in ausreichender Qualit\u00e4t vertreten sind. Scelsi \u2013 er starb am 9. August 1988 in Rom &#8211; kann man nach wie vor als Entdeckung feiern: In [&hellip;]<\/p>\n","protected":false},"featured_media":3243,"template":"","meta":{"site-sidebar-layout":"default","site-content-layout":"default","ast-site-content-layout":"default","site-content-style":"default","site-sidebar-style":"default","ast-global-header-display":"","ast-banner-title-visibility":"","ast-main-header-display":"","ast-hfb-above-header-display":"","ast-hfb-below-header-display":"","ast-hfb-mobile-header-display":"","site-post-title":"","ast-breadcrumbs-content":"","ast-featured-img":"","footer-sml-layout":"","theme-transparent-header-meta":"default","adv-header-id-meta":"","stick-header-meta":"","header-above-stick-meta":"","header-main-stick-meta":"","header-below-stick-meta":"","astra-migrate-meta-layouts":"default","ast-page-background-enabled":"default","ast-page-background-meta":{"desktop":{"background-color":"","background-image":"","background-repeat":"repeat","background-position":"center center","background-size":"auto","background-attachment":"scroll","background-type":"","background-media":"","overlay-type":"","overlay-color":"","overlay-opacity":"","overlay-gradient":""},"tablet":{"background-color":"","background-image":"","background-repeat":"repeat","background-position":"center center","background-size":"auto","background-attachment":"scroll","background-type":"","background-media":"","overlay-type":"","overlay-color":"","overlay-opacity":"","overlay-gradient":""},"mobile":{"background-color":"","background-image":"","background-repeat":"repeat","background-position":"center center","background-size":"auto","background-attachment":"scroll","background-type":"","background-media":"","overlay-type":"","overlay-color":"","overlay-opacity":"","overlay-gradient":""}},"ast-content-background-meta":{"desktop":{"background-color":"var(--ast-global-color-5)","background-image":"","background-repeat":"repeat","background-position":"center center","background-size":"auto","background-attachment":"scroll","background-type":"","background-media":"","overlay-type":"","overlay-color":"","overlay-opacity":"","overlay-gradient":""},"tablet":{"background-color":"var(--ast-global-color-5)","background-image":"","background-repeat":"repeat","background-position":"center center","background-size":"auto","background-attachment":"scroll","background-type":"","background-media":"","overlay-type":"","overlay-color":"","overlay-opacity":"","overlay-gradient":""},"mobile":{"background-color":"var(--ast-global-color-5)","background-image":"","background-repeat":"repeat","background-position":"center center","background-size":"auto","background-attachment":"scroll","background-type":"","background-media":"","overlay-type":"","overlay-color":"","overlay-opacity":"","overlay-gradient":""}}},"product_brand":[],"product_cat":[26],"product_tag":[],"class_list":{"0":"post-3242","1":"product","2":"type-product","3":"status-publish","4":"has-post-thumbnail","6":"product_cat-zeitgenossische-musik","7":"pa_artikelnummer-neos-10722","8":"pa_brand-neos-music","9":"pa_ean-784","10":"desktop-align-left","11":"tablet-align-left","12":"mobile-align-left","14":"first","15":"instock","16":"taxable","17":"shipping-taxable","18":"purchasable","19":"product-type-simple"},"yoast_head":"<!-- This site is optimized with the Yoast SEO plugin v27.3 - https:\/\/yoast.com\/product\/yoast-seo-wordpress\/ -->\n<title>Giacinto Scelsi: musica viva vol.17 - NEOS Music<\/title>\n<meta name=\"robots\" content=\"index, follow, max-snippet:-1, max-image-preview:large, max-video-preview:-1\" \/>\n<link rel=\"canonical\" href=\"https:\/\/neos-music.com\/en_us\/product\/giacinto-scelsi-musica-viva-vol-17\/\" \/>\n<meta property=\"og:locale\" content=\"en_US\" \/>\n<meta property=\"og:type\" content=\"article\" \/>\n<meta property=\"og:title\" content=\"Giacinto Scelsi: musica viva vol.17 - NEOS Music\" \/>\n<meta property=\"og:description\" content=\"Infotext: Volume 17 der MUSICA VIVA-Reihe,\u00a0 die NEOS in exklusiver Zusammenarbeit mit dem Bayerischen Rundfunksinfonieorchester erarbeitet: Vier schwergewichtige Werke des italienischen Komponisten-Sonderlings aus La Spezia, die bisher im Katalog nicht in ausreichender Qualit\u00e4t vertreten sind. Scelsi \u2013 er starb am 9. August 1988 in Rom &#8211; kann man nach wie vor als Entdeckung feiern: In [&hellip;]\" \/>\n<meta property=\"og:url\" content=\"https:\/\/neos-music.com\/en_us\/product\/giacinto-scelsi-musica-viva-vol-17\/\" \/>\n<meta property=\"og:site_name\" content=\"NEOS Music\" \/>\n<meta property=\"article:modified_time\" content=\"2022-11-20T14:13:59+00:00\" \/>\n<meta property=\"og:image\" content=\"https:\/\/neos-music.com\/wp-content\/uploads\/2022\/11\/NEOS_10722_Scelsi_mv17.jpeg\" \/>\n\t<meta property=\"og:image:width\" content=\"1648\" \/>\n\t<meta property=\"og:image:height\" content=\"1481\" \/>\n\t<meta property=\"og:image:type\" content=\"image\/jpeg\" \/>\n<meta name=\"twitter:card\" content=\"summary_large_image\" \/>\n<meta name=\"twitter:label1\" content=\"Est. reading time\" \/>\n\t<meta name=\"twitter:data1\" content=\"4 minutes\" \/>\n<script type=\"application\/ld+json\" class=\"yoast-schema-graph\">{\"@context\":\"https:\\\/\\\/schema.org\",\"@graph\":[{\"@type\":\"WebPage\",\"@id\":\"https:\\\/\\\/neos-music.com\\\/product\\\/giacinto-scelsi-musica-viva-vol-17\\\/\",\"url\":\"https:\\\/\\\/neos-music.com\\\/product\\\/giacinto-scelsi-musica-viva-vol-17\\\/\",\"name\":\"Giacinto Scelsi: musica viva vol.17 - NEOS Music\",\"isPartOf\":{\"@id\":\"https:\\\/\\\/neos-music.com\\\/#website\"},\"primaryImageOfPage\":{\"@id\":\"https:\\\/\\\/neos-music.com\\\/product\\\/giacinto-scelsi-musica-viva-vol-17\\\/#primaryimage\"},\"image\":{\"@id\":\"https:\\\/\\\/neos-music.com\\\/product\\\/giacinto-scelsi-musica-viva-vol-17\\\/#primaryimage\"},\"thumbnailUrl\":\"https:\\\/\\\/i0.wp.com\\\/neos-music.com\\\/wp-content\\\/uploads\\\/2022\\\/11\\\/NEOS_10722_Scelsi_mv17.jpeg?fit=1648%2C1481&ssl=1\",\"datePublished\":\"2008-04-08T14:12:35+00:00\",\"dateModified\":\"2022-11-20T14:13:59+00:00\",\"breadcrumb\":{\"@id\":\"https:\\\/\\\/neos-music.com\\\/product\\\/giacinto-scelsi-musica-viva-vol-17\\\/#breadcrumb\"},\"inLanguage\":\"en-US\",\"potentialAction\":[{\"@type\":\"ReadAction\",\"target\":[\"https:\\\/\\\/neos-music.com\\\/product\\\/giacinto-scelsi-musica-viva-vol-17\\\/\"]}]},{\"@type\":\"ImageObject\",\"inLanguage\":\"en-US\",\"@id\":\"https:\\\/\\\/neos-music.com\\\/product\\\/giacinto-scelsi-musica-viva-vol-17\\\/#primaryimage\",\"url\":\"https:\\\/\\\/i0.wp.com\\\/neos-music.com\\\/wp-content\\\/uploads\\\/2022\\\/11\\\/NEOS_10722_Scelsi_mv17.jpeg?fit=1648%2C1481&ssl=1\",\"contentUrl\":\"https:\\\/\\\/i0.wp.com\\\/neos-music.com\\\/wp-content\\\/uploads\\\/2022\\\/11\\\/NEOS_10722_Scelsi_mv17.jpeg?fit=1648%2C1481&ssl=1\",\"width\":1648,\"height\":1481},{\"@type\":\"BreadcrumbList\",\"@id\":\"https:\\\/\\\/neos-music.com\\\/product\\\/giacinto-scelsi-musica-viva-vol-17\\\/#breadcrumb\",\"itemListElement\":[{\"@type\":\"ListItem\",\"position\":1,\"name\":\"Startseite\",\"item\":\"https:\\\/\\\/neos-music.com\\\/\"},{\"@type\":\"ListItem\",\"position\":2,\"name\":\"Produkte\",\"item\":\"https:\\\/\\\/neos-music.com\\\/shop__trashed\\\/\"},{\"@type\":\"ListItem\",\"position\":3,\"name\":\"Giacinto Scelsi: musica viva vol.17\"}]},{\"@type\":\"WebSite\",\"@id\":\"https:\\\/\\\/neos-music.com\\\/#website\",\"url\":\"https:\\\/\\\/neos-music.com\\\/\",\"name\":\"NEOS Music\",\"description\":\"Dein Online Shop f\u00fcr zeitgen\u00f6ssische Musik, Jazz und Classics!\",\"publisher\":{\"@id\":\"https:\\\/\\\/neos-music.com\\\/#organization\"},\"potentialAction\":[{\"@type\":\"SearchAction\",\"target\":{\"@type\":\"EntryPoint\",\"urlTemplate\":\"https:\\\/\\\/neos-music.com\\\/?s={search_term_string}\"},\"query-input\":{\"@type\":\"PropertyValueSpecification\",\"valueRequired\":true,\"valueName\":\"search_term_string\"}}],\"inLanguage\":\"en-US\"},{\"@type\":\"Organization\",\"@id\":\"https:\\\/\\\/neos-music.com\\\/#organization\",\"name\":\"NEOS Music\",\"url\":\"https:\\\/\\\/neos-music.com\\\/\",\"logo\":{\"@type\":\"ImageObject\",\"inLanguage\":\"en-US\",\"@id\":\"https:\\\/\\\/neos-music.com\\\/#\\\/schema\\\/logo\\\/image\\\/\",\"url\":\"https:\\\/\\\/i0.wp.com\\\/neos-music.com\\\/wp-content\\\/uploads\\\/2025\\\/08\\\/NEOS-Logo-weiss.png?fit=800%2C203&ssl=1\",\"contentUrl\":\"https:\\\/\\\/i0.wp.com\\\/neos-music.com\\\/wp-content\\\/uploads\\\/2025\\\/08\\\/NEOS-Logo-weiss.png?fit=800%2C203&ssl=1\",\"width\":800,\"height\":203,\"caption\":\"NEOS Music\"},\"image\":{\"@id\":\"https:\\\/\\\/neos-music.com\\\/#\\\/schema\\\/logo\\\/image\\\/\"}}]}<\/script>\n<!-- \/ Yoast SEO plugin. -->","yoast_head_json":{"title":"Giacinto Scelsi: musica viva vol.17 - NEOS Music","robots":{"index":"index","follow":"follow","max-snippet":"max-snippet:-1","max-image-preview":"max-image-preview:large","max-video-preview":"max-video-preview:-1"},"canonical":"https:\/\/neos-music.com\/en_us\/product\/giacinto-scelsi-musica-viva-vol-17\/","og_locale":"en_US","og_type":"article","og_title":"Giacinto Scelsi: musica viva vol.17 - NEOS Music","og_description":"Infotext: Volume 17 der MUSICA VIVA-Reihe,\u00a0 die NEOS in exklusiver Zusammenarbeit mit dem Bayerischen Rundfunksinfonieorchester erarbeitet: Vier schwergewichtige Werke des italienischen Komponisten-Sonderlings aus La Spezia, die bisher im Katalog nicht in ausreichender Qualit\u00e4t vertreten sind. Scelsi \u2013 er starb am 9. August 1988 in Rom &#8211; kann man nach wie vor als Entdeckung feiern: In [&hellip;]","og_url":"https:\/\/neos-music.com\/en_us\/product\/giacinto-scelsi-musica-viva-vol-17\/","og_site_name":"NEOS Music","article_modified_time":"2022-11-20T14:13:59+00:00","og_image":[{"width":1648,"height":1481,"url":"https:\/\/neos-music.com\/wp-content\/uploads\/2022\/11\/NEOS_10722_Scelsi_mv17.jpeg","type":"image\/jpeg"}],"twitter_card":"summary_large_image","twitter_misc":{"Est. reading time":"4 minutes"},"schema":{"@context":"https:\/\/schema.org","@graph":[{"@type":"WebPage","@id":"https:\/\/neos-music.com\/product\/giacinto-scelsi-musica-viva-vol-17\/","url":"https:\/\/neos-music.com\/product\/giacinto-scelsi-musica-viva-vol-17\/","name":"Giacinto Scelsi: musica viva vol.17 - NEOS Music","isPartOf":{"@id":"https:\/\/neos-music.com\/#website"},"primaryImageOfPage":{"@id":"https:\/\/neos-music.com\/product\/giacinto-scelsi-musica-viva-vol-17\/#primaryimage"},"image":{"@id":"https:\/\/neos-music.com\/product\/giacinto-scelsi-musica-viva-vol-17\/#primaryimage"},"thumbnailUrl":"https:\/\/i0.wp.com\/neos-music.com\/wp-content\/uploads\/2022\/11\/NEOS_10722_Scelsi_mv17.jpeg?fit=1648%2C1481&ssl=1","datePublished":"2008-04-08T14:12:35+00:00","dateModified":"2022-11-20T14:13:59+00:00","breadcrumb":{"@id":"https:\/\/neos-music.com\/product\/giacinto-scelsi-musica-viva-vol-17\/#breadcrumb"},"inLanguage":"en-US","potentialAction":[{"@type":"ReadAction","target":["https:\/\/neos-music.com\/product\/giacinto-scelsi-musica-viva-vol-17\/"]}]},{"@type":"ImageObject","inLanguage":"en-US","@id":"https:\/\/neos-music.com\/product\/giacinto-scelsi-musica-viva-vol-17\/#primaryimage","url":"https:\/\/i0.wp.com\/neos-music.com\/wp-content\/uploads\/2022\/11\/NEOS_10722_Scelsi_mv17.jpeg?fit=1648%2C1481&ssl=1","contentUrl":"https:\/\/i0.wp.com\/neos-music.com\/wp-content\/uploads\/2022\/11\/NEOS_10722_Scelsi_mv17.jpeg?fit=1648%2C1481&ssl=1","width":1648,"height":1481},{"@type":"BreadcrumbList","@id":"https:\/\/neos-music.com\/product\/giacinto-scelsi-musica-viva-vol-17\/#breadcrumb","itemListElement":[{"@type":"ListItem","position":1,"name":"Startseite","item":"https:\/\/neos-music.com\/"},{"@type":"ListItem","position":2,"name":"Produkte","item":"https:\/\/neos-music.com\/shop__trashed\/"},{"@type":"ListItem","position":3,"name":"Giacinto Scelsi: musica viva vol.17"}]},{"@type":"WebSite","@id":"https:\/\/neos-music.com\/#website","url":"https:\/\/neos-music.com\/","name":"NEOS Music","description":"Dein Online Shop f\u00fcr zeitgen\u00f6ssische Musik, Jazz und Classics!","publisher":{"@id":"https:\/\/neos-music.com\/#organization"},"potentialAction":[{"@type":"SearchAction","target":{"@type":"EntryPoint","urlTemplate":"https:\/\/neos-music.com\/?s={search_term_string}"},"query-input":{"@type":"PropertyValueSpecification","valueRequired":true,"valueName":"search_term_string"}}],"inLanguage":"en-US"},{"@type":"Organization","@id":"https:\/\/neos-music.com\/#organization","name":"NEOS Music","url":"https:\/\/neos-music.com\/","logo":{"@type":"ImageObject","inLanguage":"en-US","@id":"https:\/\/neos-music.com\/#\/schema\/logo\/image\/","url":"https:\/\/i0.wp.com\/neos-music.com\/wp-content\/uploads\/2025\/08\/NEOS-Logo-weiss.png?fit=800%2C203&ssl=1","contentUrl":"https:\/\/i0.wp.com\/neos-music.com\/wp-content\/uploads\/2025\/08\/NEOS-Logo-weiss.png?fit=800%2C203&ssl=1","width":800,"height":203,"caption":"NEOS Music"},"image":{"@id":"https:\/\/neos-music.com\/#\/schema\/logo\/image\/"}}]}},"jetpack_sharing_enabled":true,"_links":{"self":[{"href":"https:\/\/neos-music.com\/en_us\/wp-json\/wp\/v2\/product\/3242","targetHints":{"allow":["GET"]}}],"collection":[{"href":"https:\/\/neos-music.com\/en_us\/wp-json\/wp\/v2\/product"}],"about":[{"href":"https:\/\/neos-music.com\/en_us\/wp-json\/wp\/v2\/types\/product"}],"version-history":[{"count":0,"href":"https:\/\/neos-music.com\/en_us\/wp-json\/wp\/v2\/product\/3242\/revisions"}],"wp:featuredmedia":[{"embeddable":true,"href":"https:\/\/neos-music.com\/en_us\/wp-json\/wp\/v2\/media\/3243"}],"wp:attachment":[{"href":"https:\/\/neos-music.com\/en_us\/wp-json\/wp\/v2\/media?parent=3242"}],"wp:term":[{"taxonomy":"product_brand","embeddable":true,"href":"https:\/\/neos-music.com\/en_us\/wp-json\/wp\/v2\/product_brand?post=3242"},{"taxonomy":"product_cat","embeddable":true,"href":"https:\/\/neos-music.com\/en_us\/wp-json\/wp\/v2\/product_cat?post=3242"},{"taxonomy":"product_tag","embeddable":true,"href":"https:\/\/neos-music.com\/en_us\/wp-json\/wp\/v2\/product_tag?post=3242"}],"curies":[{"name":"wp","href":"https:\/\/api.w.org\/{rel}","templated":true}]}}