{"id":3246,"date":"2008-02-01T14:15:41","date_gmt":"2008-02-01T14:15:41","guid":{"rendered":"https:\/\/neos-music.com\/?post_type=product&#038;p=3246"},"modified":"2023-01-09T17:28:11","modified_gmt":"2023-01-09T17:28:11","slug":"dan-dediu-piano-pieces","status":"publish","type":"product","link":"https:\/\/neos-music.com\/en_us\/product\/dan-dediu-piano-pieces\/","title":{"rendered":"Dan Dediu: Piano Pieces"},"content":{"rendered":"<p>Infotext:<\/p>\n<table border=\"0\" width=\"100%\" rules=\"none\" cellspacing=\"0\" cellpadding=\"0\">\n<tbody>\n<tr>\n<td class=\"bigcontent2\">\n<div id=\"infotext\">\n<p>KARNEVAL DER INSEKTEN<br \/>\nDan Dediu spielt Klaviermusik von Dan Dediu<\/p>\n<p>Dan Dediu wurde 1967 in Braila\/Rum\u00e4nien geboren, in einer Stadt, \u00fcber die nichts zu berichten ist. Mit dreizehn Jahren kommt er in die rum\u00e4nische Hauptstadt, ans Bukarester Musikgymnasium. Es ist Winter und die Heizung ist mal wieder ausgefallen &#8211; die Mangeljahre haben schon begonnen.<\/p>\n<p>Im eiskalten K\u00e4mmerchen setzt sich Dan Dediu ans Klavier und erfindet eine akustische Gegenwelt zur Lebenswirklichkeit unter dem Regime, das mit dem Namen des Diktators Ceaucescu verbunden bleibt. Der Raum f\u00fcllt sich mit Kl\u00e4ngen, die der junge Pianist dem Repertoire der so genannten klassischen Musik entnimmt: Aus ihnen fantasiert er &#8211; bis heute &#8211; ein Reich der Illusion: eine \u00bbpostneoklassizistische\u00ab Welt farbiger Tr\u00e4ume.<\/p>\n<p>In ihnen verflechten sich Vergangenheit und Gegenwart zu einem der Zeit enthobenen magisch-utopischen Ort, der auch von Schatten weiblicher Figuren der Weltliteratur belebt wird. In seinem Zyklus Idyllen und Guerrillen stehen sich zwei Prinzipien gegen\u00fcber. Die lyrischen Huldigungen an Inventionen von Cervantes, Goethe oder Shakespeare werden mit einer Rubato-Melodik in diatonischer Diktion gezeichnet.<\/p>\n<p>Als antagonistisches Pendant erfindet Dan Dediu ein komplement\u00e4res Genre: \u00bbGuerrillen\u00ab &#8211; Streitst\u00fccke, die im tempo giusto chromatische Visionen der Geisterwesen enth\u00fcllen.<\/p>\n<p>Die Postmoderne ist in Rum\u00e4nien ein bew\u00e4hrtes Kulturgut. Schon George Enescu jonglierte gleichzeitig in mehreren Stilen, ohne diesen ein hierarchisches Gef\u00e4lle zu geben. Dan Dediu setzt diese Haltung &#8211; nun schon als Tradition &#8211; fort. Aber er ist kein musikalischer Altphilologe.<\/p>\n<p>Er schreibt keine Inventarlisten klassischer musikalischer Gesten, sondern kombiniert sie mit scharfer Geistesgabe und durchsetzt sie mit fremden Zutaten. Wie im Klavierzyklus L\u00e9vantiques. Sei es, dass in B\u00eates nostalgiques ein Passacaglia-Thema in der linken Hand auf eine seltsam verformte, pseudobarocke Melodie in der rechten Hand trifft, die im Diskurs \u00fcber das Ger\u00e4usch klatschender H\u00e4nde ausgel\u00f6scht wird.<\/p>\n<p>Oder wie in Le vent du Transylvanie mit seinen Wasserfall- und Vulkangesten aus Debussys Le vent dans la plaine: eine geheime Filigranmelodik, alles filtriert und gemixt durch imagin\u00e4re, jazzy Akkordpakete &#8211; ein fernes Echo auf Griegs Klavierkonzert.<\/p>\n<p>Robuster geht es auch, wie in Rock&#8217;n&#8217;roll des bogomiles. Oder hypnotisch wie in Les barricades myst\u00e9rieuses &#8211; reloaded, in der mit einer Figur aus Fran\u00e7ois Couperins homonymem St\u00fcck Spinnf\u00e4den gleich ein subtiles Netz gewebt wird.<\/p>\n<p>Als Dan Dediu seine musikalische Sprache profiliert, ist Rum\u00e4nien schon auf dem Weg zu einer offenen, demokratisch orientierten Gesellschaft. Gleichzeitig sind noch einige Institutionen aktiv, die in realsozialistischer Zeit &#8211; in oft widerspr\u00fcchlichen Situationen &#8211; die Entstehung zeitgen\u00f6ssischer Kunstmusik animiert haben.<\/p>\n<p>Vor allem der Komponistenverband und der Rum\u00e4nische Rundfunk mit seinen Klangk\u00f6rpern. So kann sich Dan Dediu schon fr\u00fch sinfonisch erproben und ein ganz unverkrampftes Verh\u00e4ltnis zur gro\u00dfen Form entwickeln. Eine Haltung, die er in seiner Vierten Klaviersonate auf die Tastatur \u00fcbertr\u00e4gt.<\/p>\n<p>Dan Dediu hat eine Obsession f\u00fcr Form und Harmonie. Seine Leidenschaft f\u00fchrt ihn in ein dialektisches Labyrinth: im Gro\u00dfen intelligent kalkuliert, im Detail mit ornamentalen Irrwegen und fixen Ideen dekoriert. Sein opulentes Werk ist eine eigenwillige Blendung von gro\u00dfer Sonatenform und Variationszyklus. Aber das Thema ist komplex und die Variationen reflektieren jeweils einen Aspekt des Themas. Alles gruppiert um ein zentrales Trio ardente, das den zwei korrespondierenden Satzgruppen &#8211; Fuge, Capriccio, Arie, Capriccio, Menuett &#8211; als Achse dient.<\/p>\n<p>Dan Dediu spielt mit Virtuosit\u00e4t, mit Lust am pianistisch Reizvollen. Er liebt den Witz, Komik und Ironie, auch Absurdes und Groteskes. In seiner Musik wird Rum\u00e4nien zu einer Idylle: Auf einer imagin\u00e4ren pastoralen Wiese vollf\u00fchrt die linke Hand mit ballistischer Genauigkeit auf dem Klavier zwei charakteristische Gesten eines Insekts &#8211; Sprung und Flirren: The Grasshopper. Eine musikalische Insektenkunde.<\/p>\n<p>Thomas Beimel<\/p>\n<\/div>\n<\/td>\n<td><\/td>\n<\/tr>\n<\/tbody>\n<\/table>\n<p>Programm:<\/p>\n<table border=\"0\" width=\"100%\" rules=\"none\" cellspacing=\"0\" cellpadding=\"0\">\n<tbody>\n<tr>\n<td class=\"bigcontent2\">\n<div id=\"tracks\">\n<p>15:34\u00a0<b>Idyllen und Guerrillen<\/b>\u00a0op. 76 (1998)<br \/>\nf\u00fcr vier H\u00e4nde<br \/>\n<span id=\"flash1\"><\/span><br \/>\n[01] Idylle: f\u00fcr Dulcin\u00e9e<br \/>\n[02] Guerrilla 1<br \/>\n[03] Idylle: f\u00fcr Beatrice<br \/>\n[04] Guerrilla 2<br \/>\n[05] Idylle: f\u00fcr Ophelia<br \/>\n[06] Idylle: f\u00fcr Gretchen<\/p>\n<p>[07] 06:42\u00a0<b>The Grasshopper<\/b>\u00a0op. 112 (2006)<br \/>\nf\u00fcr die linke Hand\u00a0(und\u2026)<br \/>\n<span id=\"flash2\"><\/span><\/p>\n<p>Aus dem Zyklus\u00a0<b>L\u00e9vantiques<\/b>\u00a0op. 64 (1997)<br \/>\n<span id=\"flash3\"><\/span><br \/>\n[08] 05:27 B\u00eates nostalgiques<br \/>\n[09] 02:23 Le vent du Transylvanie<br \/>\n[10] 01:19 Rock&#8217;n roll des bogomiles<\/p>\n<p>23:39\u00a0<b>Sonata No. 4<\/b>\u00a0op. 60 (1996)<br \/>\n<span id=\"flash4\"><\/span><br \/>\n[11] Fantasia (Tema)<br \/>\n[12] Fuga ferocissima (Var. I)<br \/>\n[13] Aria dolorosa (Var. II)<br \/>\n[14] Capriccio (C)Roma(n)tico (Var. III)<br \/>\n[15] Menuetto mutante \u2013 Trio ardente \u2013\u00a0Menuetto sdrucciolevole (Var. IV)<br \/>\n[16] Capriccio tridimensionale (Var. V)<br \/>\n[17] Aria guerriera (Var. VI)<br \/>\n[18] La Follia interrotta di una Fuga delicatissima (Var. VII)<br \/>\n[19] Fantasia enigmatica (Var. VIII)<\/p>\n<p>[20] 03:45\u00a0<b>Les barricades myst\u00e9rieuses \u2013 reloaded<\/b>\u00a0(2006)<br \/>\n<span id=\"flash5\"><\/span><\/p>\n<p><b>Gesamtzeit:\u00a059:14<\/b><\/p>\n<p><a class=\"arcoma_glossarylink\" href=\"https:\/\/neos-music.com\/output.php?content=Kuenstler\/Dan_Dediu.php&amp;treplace=english%2Cgerman\" target=\"_self\" rel=\"noopener\">Dan Dediu<\/a>, Klavier<br \/>\n<a class=\"arcoma_glossarylink\" href=\"https:\/\/neos-music.com\/output.php?content=Kuenstler\/Valentina_Sandu-Dediu.php&amp;treplace=english%2Cgerman\" target=\"_self\" rel=\"noopener\">Valentina Sandu-Dediu<\/a>, Klavier(01\u201306)<\/p>\n<\/div>\n<\/td>\n<td><\/td>\n<\/tr>\n<\/tbody>\n<\/table>\n<p>Pressestimmen:<\/p>\n<table border=\"0\" width=\"100%\" rules=\"none\" cellspacing=\"0\" cellpadding=\"0\">\n<tbody>\n<tr>\n<td class=\"bigcontent2\">\n<div id=\"press\">\n<p><img data-recalc-dims=\"1\" decoding=\"async\" src=\"https:\/\/i0.wp.com\/neos-music.com\/images\/news\/logo_scherzo2.jpg?ssl=1\" \/><br \/>\n09.2008<\/p>\n<p><img data-recalc-dims=\"1\" decoding=\"async\" src=\"https:\/\/i0.wp.com\/neos-music.com\/images\/news\/10713_scherzo_0908.jpg?ssl=1\" \/><\/p>\n<\/div>\n<\/td>\n<td><\/td>\n<\/tr>\n<\/tbody>\n<\/table>\n<p><a title=\"ZIP-Archiv document, 2,7 MB\" href=\"https:\/\/neos-music.com\/downloads\/album-infos\/NEOS_10713.zip\" target=\"_blank\" rel=\"noopener\">Infopaket f\u00fcr Presse und Vertriebe\u00a0\u00bb<\/a><br \/>\n(ZIP-Archiv, 2,7 MB)<\/p>\n","protected":false},"excerpt":{"rendered":"<p>Infotext: KARNEVAL DER INSEKTEN Dan Dediu spielt Klaviermusik von Dan Dediu Dan Dediu wurde 1967 in Braila\/Rum\u00e4nien geboren, in einer Stadt, \u00fcber die nichts zu berichten ist. Mit dreizehn Jahren kommt er in die rum\u00e4nische Hauptstadt, ans Bukarester Musikgymnasium. Es ist Winter und die Heizung ist mal wieder ausgefallen &#8211; die Mangeljahre haben schon begonnen. [&hellip;]<\/p>\n","protected":false},"featured_media":3247,"template":"","meta":{"site-sidebar-layout":"default","site-content-layout":"default","ast-site-content-layout":"default","site-content-style":"default","site-sidebar-style":"default","ast-global-header-display":"","ast-banner-title-visibility":"","ast-main-header-display":"","ast-hfb-above-header-display":"","ast-hfb-below-header-display":"","ast-hfb-mobile-header-display":"","site-post-title":"","ast-breadcrumbs-content":"","ast-featured-img":"","footer-sml-layout":"","theme-transparent-header-meta":"default","adv-header-id-meta":"","stick-header-meta":"","header-above-stick-meta":"","header-main-stick-meta":"","header-below-stick-meta":"","astra-migrate-meta-layouts":"default","ast-page-background-enabled":"default","ast-page-background-meta":{"desktop":{"background-color":"","background-image":"","background-repeat":"repeat","background-position":"center center","background-size":"auto","background-attachment":"scroll","background-type":"","background-media":"","overlay-type":"","overlay-color":"","overlay-opacity":"","overlay-gradient":""},"tablet":{"background-color":"","background-image":"","background-repeat":"repeat","background-position":"center center","background-size":"auto","background-attachment":"scroll","background-type":"","background-media":"","overlay-type":"","overlay-color":"","overlay-opacity":"","overlay-gradient":""},"mobile":{"background-color":"","background-image":"","background-repeat":"repeat","background-position":"center center","background-size":"auto","background-attachment":"scroll","background-type":"","background-media":"","overlay-type":"","overlay-color":"","overlay-opacity":"","overlay-gradient":""}},"ast-content-background-meta":{"desktop":{"background-color":"var(--ast-global-color-5)","background-image":"","background-repeat":"repeat","background-position":"center center","background-size":"auto","background-attachment":"scroll","background-type":"","background-media":"","overlay-type":"","overlay-color":"","overlay-opacity":"","overlay-gradient":""},"tablet":{"background-color":"var(--ast-global-color-5)","background-image":"","background-repeat":"repeat","background-position":"center center","background-size":"auto","background-attachment":"scroll","background-type":"","background-media":"","overlay-type":"","overlay-color":"","overlay-opacity":"","overlay-gradient":""},"mobile":{"background-color":"var(--ast-global-color-5)","background-image":"","background-repeat":"repeat","background-position":"center center","background-size":"auto","background-attachment":"scroll","background-type":"","background-media":"","overlay-type":"","overlay-color":"","overlay-opacity":"","overlay-gradient":""}}},"product_brand":[],"product_cat":[882,26],"product_tag":[],"class_list":{"0":"post-3246","1":"product","2":"type-product","3":"status-publish","4":"has-post-thumbnail","6":"product_cat-klavier","7":"product_cat-zeitgenossische-musik","8":"pa_artikelnummer-neos-10713","9":"pa_brand-neos-music","10":"pa_ean-788","11":"desktop-align-left","12":"tablet-align-left","13":"mobile-align-left","15":"first","16":"instock","17":"taxable","18":"shipping-taxable","19":"purchasable","20":"product-type-simple"},"yoast_head":"<!-- This site is optimized with the Yoast SEO plugin v27.4 - https:\/\/yoast.com\/product\/yoast-seo-wordpress\/ -->\n<title>Dan Dediu: Piano Pieces - NEOS Music<\/title>\n<meta name=\"robots\" content=\"index, follow, max-snippet:-1, max-image-preview:large, max-video-preview:-1\" \/>\n<link rel=\"canonical\" href=\"https:\/\/neos-music.com\/en_us\/product\/dan-dediu-piano-pieces\/\" \/>\n<meta property=\"og:locale\" content=\"en_US\" \/>\n<meta property=\"og:type\" content=\"article\" \/>\n<meta property=\"og:title\" content=\"Dan Dediu: Piano Pieces - NEOS Music\" \/>\n<meta property=\"og:description\" content=\"Infotext: KARNEVAL DER INSEKTEN Dan Dediu spielt Klaviermusik von Dan Dediu Dan Dediu wurde 1967 in Braila\/Rum\u00e4nien geboren, in einer Stadt, \u00fcber die nichts zu berichten ist. Mit dreizehn Jahren kommt er in die rum\u00e4nische Hauptstadt, ans Bukarester Musikgymnasium. Es ist Winter und die Heizung ist mal wieder ausgefallen &#8211; die Mangeljahre haben schon begonnen. [&hellip;]\" \/>\n<meta property=\"og:url\" content=\"https:\/\/neos-music.com\/en_us\/product\/dan-dediu-piano-pieces\/\" \/>\n<meta property=\"og:site_name\" content=\"NEOS Music\" \/>\n<meta property=\"article:modified_time\" content=\"2023-01-09T17:28:11+00:00\" \/>\n<meta property=\"og:image\" content=\"https:\/\/neos-music.com\/wp-content\/uploads\/2022\/11\/NEOS_10713_Dan_Dediu_Piano_Pieces.jpeg\" \/>\n\t<meta property=\"og:image:width\" content=\"1648\" \/>\n\t<meta property=\"og:image:height\" content=\"1483\" \/>\n\t<meta property=\"og:image:type\" content=\"image\/jpeg\" \/>\n<meta name=\"twitter:card\" content=\"summary_large_image\" \/>\n<meta name=\"twitter:label1\" content=\"Est. reading time\" \/>\n\t<meta name=\"twitter:data1\" content=\"4 minutes\" \/>\n<script type=\"application\/ld+json\" class=\"yoast-schema-graph\">{\"@context\":\"https:\\\/\\\/schema.org\",\"@graph\":[{\"@type\":\"WebPage\",\"@id\":\"https:\\\/\\\/neos-music.com\\\/product\\\/dan-dediu-piano-pieces\\\/\",\"url\":\"https:\\\/\\\/neos-music.com\\\/product\\\/dan-dediu-piano-pieces\\\/\",\"name\":\"Dan Dediu: Piano Pieces - NEOS Music\",\"isPartOf\":{\"@id\":\"https:\\\/\\\/neos-music.com\\\/#website\"},\"primaryImageOfPage\":{\"@id\":\"https:\\\/\\\/neos-music.com\\\/product\\\/dan-dediu-piano-pieces\\\/#primaryimage\"},\"image\":{\"@id\":\"https:\\\/\\\/neos-music.com\\\/product\\\/dan-dediu-piano-pieces\\\/#primaryimage\"},\"thumbnailUrl\":\"https:\\\/\\\/i0.wp.com\\\/neos-music.com\\\/wp-content\\\/uploads\\\/2022\\\/11\\\/NEOS_10713_Dan_Dediu_Piano_Pieces.jpeg?fit=1648%2C1483&ssl=1\",\"datePublished\":\"2008-02-01T14:15:41+00:00\",\"dateModified\":\"2023-01-09T17:28:11+00:00\",\"breadcrumb\":{\"@id\":\"https:\\\/\\\/neos-music.com\\\/product\\\/dan-dediu-piano-pieces\\\/#breadcrumb\"},\"inLanguage\":\"en-US\",\"potentialAction\":[{\"@type\":\"ReadAction\",\"target\":[\"https:\\\/\\\/neos-music.com\\\/product\\\/dan-dediu-piano-pieces\\\/\"]}]},{\"@type\":\"ImageObject\",\"inLanguage\":\"en-US\",\"@id\":\"https:\\\/\\\/neos-music.com\\\/product\\\/dan-dediu-piano-pieces\\\/#primaryimage\",\"url\":\"https:\\\/\\\/i0.wp.com\\\/neos-music.com\\\/wp-content\\\/uploads\\\/2022\\\/11\\\/NEOS_10713_Dan_Dediu_Piano_Pieces.jpeg?fit=1648%2C1483&ssl=1\",\"contentUrl\":\"https:\\\/\\\/i0.wp.com\\\/neos-music.com\\\/wp-content\\\/uploads\\\/2022\\\/11\\\/NEOS_10713_Dan_Dediu_Piano_Pieces.jpeg?fit=1648%2C1483&ssl=1\",\"width\":1648,\"height\":1483},{\"@type\":\"BreadcrumbList\",\"@id\":\"https:\\\/\\\/neos-music.com\\\/product\\\/dan-dediu-piano-pieces\\\/#breadcrumb\",\"itemListElement\":[{\"@type\":\"ListItem\",\"position\":1,\"name\":\"Startseite\",\"item\":\"https:\\\/\\\/neos-music.com\\\/\"},{\"@type\":\"ListItem\",\"position\":2,\"name\":\"Produkte\",\"item\":\"https:\\\/\\\/neos-music.com\\\/shop__trashed\\\/\"},{\"@type\":\"ListItem\",\"position\":3,\"name\":\"Dan Dediu: Piano Pieces\"}]},{\"@type\":\"WebSite\",\"@id\":\"https:\\\/\\\/neos-music.com\\\/#website\",\"url\":\"https:\\\/\\\/neos-music.com\\\/\",\"name\":\"NEOS Music\",\"description\":\"Dein Online Shop f\u00fcr zeitgen\u00f6ssische Musik, Jazz und Classics!\",\"publisher\":{\"@id\":\"https:\\\/\\\/neos-music.com\\\/#organization\"},\"potentialAction\":[{\"@type\":\"SearchAction\",\"target\":{\"@type\":\"EntryPoint\",\"urlTemplate\":\"https:\\\/\\\/neos-music.com\\\/?s={search_term_string}\"},\"query-input\":{\"@type\":\"PropertyValueSpecification\",\"valueRequired\":true,\"valueName\":\"search_term_string\"}}],\"inLanguage\":\"en-US\"},{\"@type\":\"Organization\",\"@id\":\"https:\\\/\\\/neos-music.com\\\/#organization\",\"name\":\"NEOS Music\",\"url\":\"https:\\\/\\\/neos-music.com\\\/\",\"logo\":{\"@type\":\"ImageObject\",\"inLanguage\":\"en-US\",\"@id\":\"https:\\\/\\\/neos-music.com\\\/#\\\/schema\\\/logo\\\/image\\\/\",\"url\":\"https:\\\/\\\/i0.wp.com\\\/neos-music.com\\\/wp-content\\\/uploads\\\/2025\\\/08\\\/NEOS-Logo-weiss.png?fit=800%2C203&ssl=1\",\"contentUrl\":\"https:\\\/\\\/i0.wp.com\\\/neos-music.com\\\/wp-content\\\/uploads\\\/2025\\\/08\\\/NEOS-Logo-weiss.png?fit=800%2C203&ssl=1\",\"width\":800,\"height\":203,\"caption\":\"NEOS Music\"},\"image\":{\"@id\":\"https:\\\/\\\/neos-music.com\\\/#\\\/schema\\\/logo\\\/image\\\/\"}}]}<\/script>\n<!-- \/ Yoast SEO plugin. -->","yoast_head_json":{"title":"Dan Dediu: Piano Pieces - NEOS Music","robots":{"index":"index","follow":"follow","max-snippet":"max-snippet:-1","max-image-preview":"max-image-preview:large","max-video-preview":"max-video-preview:-1"},"canonical":"https:\/\/neos-music.com\/en_us\/product\/dan-dediu-piano-pieces\/","og_locale":"en_US","og_type":"article","og_title":"Dan Dediu: Piano Pieces - NEOS Music","og_description":"Infotext: KARNEVAL DER INSEKTEN Dan Dediu spielt Klaviermusik von Dan Dediu Dan Dediu wurde 1967 in Braila\/Rum\u00e4nien geboren, in einer Stadt, \u00fcber die nichts zu berichten ist. Mit dreizehn Jahren kommt er in die rum\u00e4nische Hauptstadt, ans Bukarester Musikgymnasium. Es ist Winter und die Heizung ist mal wieder ausgefallen &#8211; die Mangeljahre haben schon begonnen. [&hellip;]","og_url":"https:\/\/neos-music.com\/en_us\/product\/dan-dediu-piano-pieces\/","og_site_name":"NEOS Music","article_modified_time":"2023-01-09T17:28:11+00:00","og_image":[{"width":1648,"height":1483,"url":"https:\/\/neos-music.com\/wp-content\/uploads\/2022\/11\/NEOS_10713_Dan_Dediu_Piano_Pieces.jpeg","type":"image\/jpeg"}],"twitter_card":"summary_large_image","twitter_misc":{"Est. reading time":"4 minutes"},"schema":{"@context":"https:\/\/schema.org","@graph":[{"@type":"WebPage","@id":"https:\/\/neos-music.com\/product\/dan-dediu-piano-pieces\/","url":"https:\/\/neos-music.com\/product\/dan-dediu-piano-pieces\/","name":"Dan Dediu: Piano Pieces - NEOS Music","isPartOf":{"@id":"https:\/\/neos-music.com\/#website"},"primaryImageOfPage":{"@id":"https:\/\/neos-music.com\/product\/dan-dediu-piano-pieces\/#primaryimage"},"image":{"@id":"https:\/\/neos-music.com\/product\/dan-dediu-piano-pieces\/#primaryimage"},"thumbnailUrl":"https:\/\/i0.wp.com\/neos-music.com\/wp-content\/uploads\/2022\/11\/NEOS_10713_Dan_Dediu_Piano_Pieces.jpeg?fit=1648%2C1483&ssl=1","datePublished":"2008-02-01T14:15:41+00:00","dateModified":"2023-01-09T17:28:11+00:00","breadcrumb":{"@id":"https:\/\/neos-music.com\/product\/dan-dediu-piano-pieces\/#breadcrumb"},"inLanguage":"en-US","potentialAction":[{"@type":"ReadAction","target":["https:\/\/neos-music.com\/product\/dan-dediu-piano-pieces\/"]}]},{"@type":"ImageObject","inLanguage":"en-US","@id":"https:\/\/neos-music.com\/product\/dan-dediu-piano-pieces\/#primaryimage","url":"https:\/\/i0.wp.com\/neos-music.com\/wp-content\/uploads\/2022\/11\/NEOS_10713_Dan_Dediu_Piano_Pieces.jpeg?fit=1648%2C1483&ssl=1","contentUrl":"https:\/\/i0.wp.com\/neos-music.com\/wp-content\/uploads\/2022\/11\/NEOS_10713_Dan_Dediu_Piano_Pieces.jpeg?fit=1648%2C1483&ssl=1","width":1648,"height":1483},{"@type":"BreadcrumbList","@id":"https:\/\/neos-music.com\/product\/dan-dediu-piano-pieces\/#breadcrumb","itemListElement":[{"@type":"ListItem","position":1,"name":"Startseite","item":"https:\/\/neos-music.com\/"},{"@type":"ListItem","position":2,"name":"Produkte","item":"https:\/\/neos-music.com\/shop__trashed\/"},{"@type":"ListItem","position":3,"name":"Dan Dediu: Piano Pieces"}]},{"@type":"WebSite","@id":"https:\/\/neos-music.com\/#website","url":"https:\/\/neos-music.com\/","name":"NEOS Music","description":"Dein Online Shop f\u00fcr zeitgen\u00f6ssische Musik, Jazz und Classics!","publisher":{"@id":"https:\/\/neos-music.com\/#organization"},"potentialAction":[{"@type":"SearchAction","target":{"@type":"EntryPoint","urlTemplate":"https:\/\/neos-music.com\/?s={search_term_string}"},"query-input":{"@type":"PropertyValueSpecification","valueRequired":true,"valueName":"search_term_string"}}],"inLanguage":"en-US"},{"@type":"Organization","@id":"https:\/\/neos-music.com\/#organization","name":"NEOS Music","url":"https:\/\/neos-music.com\/","logo":{"@type":"ImageObject","inLanguage":"en-US","@id":"https:\/\/neos-music.com\/#\/schema\/logo\/image\/","url":"https:\/\/i0.wp.com\/neos-music.com\/wp-content\/uploads\/2025\/08\/NEOS-Logo-weiss.png?fit=800%2C203&ssl=1","contentUrl":"https:\/\/i0.wp.com\/neos-music.com\/wp-content\/uploads\/2025\/08\/NEOS-Logo-weiss.png?fit=800%2C203&ssl=1","width":800,"height":203,"caption":"NEOS Music"},"image":{"@id":"https:\/\/neos-music.com\/#\/schema\/logo\/image\/"}}]}},"jetpack_sharing_enabled":true,"_links":{"self":[{"href":"https:\/\/neos-music.com\/en_us\/wp-json\/wp\/v2\/product\/3246","targetHints":{"allow":["GET"]}}],"collection":[{"href":"https:\/\/neos-music.com\/en_us\/wp-json\/wp\/v2\/product"}],"about":[{"href":"https:\/\/neos-music.com\/en_us\/wp-json\/wp\/v2\/types\/product"}],"version-history":[{"count":0,"href":"https:\/\/neos-music.com\/en_us\/wp-json\/wp\/v2\/product\/3246\/revisions"}],"wp:featuredmedia":[{"embeddable":true,"href":"https:\/\/neos-music.com\/en_us\/wp-json\/wp\/v2\/media\/3247"}],"wp:attachment":[{"href":"https:\/\/neos-music.com\/en_us\/wp-json\/wp\/v2\/media?parent=3246"}],"wp:term":[{"taxonomy":"product_brand","embeddable":true,"href":"https:\/\/neos-music.com\/en_us\/wp-json\/wp\/v2\/product_brand?post=3246"},{"taxonomy":"product_cat","embeddable":true,"href":"https:\/\/neos-music.com\/en_us\/wp-json\/wp\/v2\/product_cat?post=3246"},{"taxonomy":"product_tag","embeddable":true,"href":"https:\/\/neos-music.com\/en_us\/wp-json\/wp\/v2\/product_tag?post=3246"}],"curies":[{"name":"wp","href":"https:\/\/api.w.org\/{rel}","templated":true}]}}